{"id":400,"date":"2023-01-01T14:39:19","date_gmt":"2023-01-01T14:39:19","guid":{"rendered":"https:\/\/centro-cee.com\/web\/?post_type=product&#038;p=400"},"modified":"2026-03-13T12:26:03","modified_gmt":"2026-03-13T12:26:03","slug":"auxiliar-en-enfermeria-online","status":"publish","type":"product","link":"https:\/\/centro-cee.com\/web\/producto\/auxiliar-en-enfermeria-online\/","title":{"rendered":"Auxiliar en Enfermer\u00eda"},"content":{"rendered":"<p><a href=\"https:\/\/centro-cee.com\/web\/formaciones\/\">Atr\u00e1s<\/a><\/p>\n<p>Toda esta informaci\u00f3n en el curso de auxiliar de enfermer\u00eda se realiza 100% online en nuestro campus online de formaci\u00f3n.<\/p>\n<p>Las tutorias se realizan directamente desde el campus de estudio con la opci\u00f3n de mensajer\u00eda a profesores. Las tutorias son \u201ca demanda\u201d, cuando necesites soporte nos lo pides.<\/p>\n<p>Los t\u00edtulos de Centro CEE est\u00e1n autenticados por la firma de notario que valida contenidos y autenticidad a nivel internacional. Nuestra organizaci\u00f3n pertenece a la Asociaci\u00f3n Espa\u00f1ola de Calidad, organizaci\u00f3n Espa\u00f1ola de referencia para la calidad\u00a0en la formaci\u00f3n de auxiliar de enfermer\u00eda. La certificaci\u00f3n se puede apostillar por la Haya para cualquier pa\u00eds firmante del convenio de la Haya.<\/p>\n<p>Se puede pagar a plazos.<\/p>\n<p>Carga horaria de la formaci\u00f3n: 350h<\/p>\n<p>&nbsp;<\/p>\n<h2>Temario de el curso de auxiliar de enfermer\u00eda online<\/h2>\n<hr \/>\n<p><strong>1. TIPOS DE CENTROS SANITARIOS EN EL SISTEMA SANITARIO ESPA\u00d1OL<\/strong><strong>\u00a0<\/strong><\/p>\n<ol>\n<li>Niveles de intervenci\u00f3n en el Sistema Nacional de Salud<\/li>\n<li>&#8211; Atenci\u00f3n primaria<\/li>\n<li>&#8211; Atenci\u00f3n secundaria o especializada<\/li>\n<li>\u2026<\/li>\n<\/ol>\n<p><strong>2. ORGANIZACI\u00d3N FUNCIONAL Y ORG\u00c1NICA DE LOS CENTROS SANITARIOS<\/strong><strong>\u00a0<\/strong><\/p>\n<ol>\n<li>\u00d3rganos de direcci\u00f3n de un hospital<\/li>\n<li>\u00d3rganos de direcci\u00f3n de un centro de salud<\/li>\n<\/ol>\n<p><strong>3. TIPOS DE DOCUMENTOS EN EL \u00c1MBITO SANITARIO<\/strong><strong>\u00a0<\/strong><\/p>\n<ol>\n<li>Documentaci\u00f3n sanitaria<\/li>\n<li>&#8211; La historia cl\u00ednica<\/li>\n<li>&#8211; Documentaci\u00f3n<\/li>\n<\/ol>\n<p><strong>4. V\u00cdAS DE ATENCI\u00d3N SANITARIA AL PACIENTE<\/strong><strong>\u00a0<\/strong><\/p>\n<ol>\n<li>La petici\u00f3n de citas<\/li>\n<li>Consulta sin cita previa<\/li>\n<li>Visita domiciliaria<\/li>\n<li>\u2026<\/li>\n<\/ol>\n<p><strong>5. ARCHIVO DE LA DOCUMENTACI\u00d3N<\/strong><strong>\u00a0<\/strong><\/p>\n<ol>\n<li>M\u00e9todos de archivo<\/li>\n<\/ol>\n<p><strong>6. GESTI\u00d3N DEL PERSONAL EN UNA UNIDAD\/ SERVICIO<\/strong><strong>\u00a0<\/strong><\/p>\n<ol>\n<li>Gesti\u00f3n del personal sanitario<\/li>\n<\/ol>\n<p><strong>7. GESTI\u00d3N DE LOS RECURSOS MATERIALES<\/strong><strong>\u00a0<\/strong><\/p>\n<ol>\n<li>Gesti\u00f3n de stocks<\/li>\n<\/ol>\n<p><strong>8. ORGANIZACI\u00d3N DEL ALMAC\u00c9N<\/strong><strong>\u00a0<\/strong><\/p>\n<ol>\n<li>Colocaci\u00f3n del material en el almac\u00e9n<\/li>\n<\/ol>\n<ol start=\"2\">\n<li>Normas de seguridad e higiene en el almac\u00e9n<\/li>\n<\/ol>\n<p><strong>9. FORMULACI\u00d3N DE PEDIDOS<\/strong><strong>\u00a0<\/strong><\/p>\n<ol>\n<li>Realizaci\u00f3n de pedidos<\/li>\n<li>M\u00d3DULO 2. COMUNICACI\u00d3N Y ATENCI\u00d3N AL PACIENTE EN ENFERMER\u00cdA<\/li>\n<\/ol>\n<p><strong>10. LA COMUNICACI\u00d3N INTERPERSONAL EN EL CONTEXTO SANITARIO<\/strong><strong>\u00a0<\/strong><\/p>\n<ol>\n<li>Niveles, principios y funciones de la comunicaci\u00f3n interpersonal<\/li>\n<li>Clases de comunicaci\u00f3n interpersonal<\/li>\n<li>Problemas psicol\u00f3gicos de la comunicaci\u00f3n entre el profesional sanitario y el paciente<\/li>\n<li>\u2026<\/li>\n<\/ol>\n<p><strong>11. LA COMUNICACI\u00d3N ORAL EN EL CONTEXTO SANITARIO<\/strong><strong>\u00a0<\/strong><\/p>\n<ol>\n<li>Las actitudes necesarias para el di\u00e1logo entre profesional-paciente<\/li>\n<li>Claves para la comprensi\u00f3n de la informaci\u00f3n sanitaria<\/li>\n<\/ol>\n<p><strong>12. LA IMPORTANCIA DEL LENGUAJE CORPORAL EN EL \u00c1MBITO DE LA SANIDAD<\/strong><strong>\u00a0<\/strong><\/p>\n<ol>\n<li>La importancia de una buena observaci\u00f3n para una comunicaci\u00f3n adecuada<\/li>\n<li>&#8211; Objetivos de la observaci\u00f3n aplicada a los cuidados enfermeros<\/li>\n<li>&#8211; Tipos de observaci\u00f3n<\/li>\n<\/ol>\n<p><strong>13. ATENCI\u00d3N AL PACIENTE EN ENFERMER\u00cdA<\/strong><strong>\u00a0<\/strong><\/p>\n<ol>\n<li>Consideraciones generales a tener en cuenta por el Auxiliar de Enfermer\u00eda<\/li>\n<li>Actividades de enfermer\u00eda relacionadas con el ingreso y egreso del paciente<\/li>\n<li>&#8211; Ingreso del paciente<\/li>\n<li>&#8211; Egreso del paciente<\/li>\n<li>\u2026<\/li>\n<\/ol>\n<p><strong>14. LOS CUIDADOS DE ENFERMER\u00cdA EN LAS NECESIDADES B\u00c1SICAS DEL SER HUMANO<\/strong><strong>\u00a0<\/strong><\/p>\n<ol>\n<li>Las necesidades b\u00e1sicas humanas en el trabajo de enfermer\u00eda<\/li>\n<li>&#8211; Jerarqu\u00eda de las necesidades de A.<\/li>\n<\/ol>\n<p><strong>15. EL PLAN DE CUIDADOS INTEGRAL DE ENFERMER\u00cdA<\/strong><strong>\u00a0<\/strong><\/p>\n<ol>\n<li>El Proceso de Atenci\u00f3n de Enfermer\u00eda (PAE)<\/li>\n<\/ol>\n<p><strong>16. PREVENCI\u00d3N Y CONTROL DE LAS ENFERMEDADES INFECCIOSAS HOSPITALARIAS<\/strong><strong>\u00a0<\/strong><\/p>\n<ol>\n<li>Medidas para disminuir el riesgo de transmisi\u00f3n de infecciones<\/li>\n<li>&#8211; Lavado de manos<\/li>\n<li>&#8211; Aislamiento<\/li>\n<\/ol>\n<p><strong>17. PROCEDIMIENTO DE GESTI\u00d3N DE LOS RESIDUOS SANITARIOS<\/strong><strong>\u00a0<\/strong><\/p>\n<ol>\n<li>Gesti\u00f3n de residuos sanitarios<\/li>\n<li>Recogida intracentro de los residuos sanitarios<\/li>\n<li>Transporte y almacenamiento de residuos sanitarios<\/li>\n<li>\u2026<\/li>\n<\/ol>\n<p><strong>18. RECOMENDACIONES GENERALES SOBRE ETIQUETADO DE PRODUCTOS QU\u00cdMICOS<\/strong><strong>\u00a0<\/strong><\/p>\n<ol>\n<li>Recomendaciones generales sobre etiquetado de productos qu\u00edmicos<\/li>\n<\/ol>\n<p><strong>19. HIGIENE DEL MEDIO HOSPITALARIO Y LIMPIEZA DEL MATERIAL<\/strong><strong>\u00a0<\/strong><\/p>\n<ol>\n<li>Principios b\u00e1sicos de limpieza<\/li>\n<li>Material desechable y material no desechable<\/li>\n<li>Desinfecci\u00f3n en el medio sanitario<\/li>\n<li>&#8211; Los Clasificaci\u00f3n y normas de uso<\/li>\n<li>\u2026<\/li>\n<\/ol>\n<p><strong>20. LA HABITACI\u00d3N DE LA PERSONA ENFERMA<\/strong><strong>\u00a0<\/strong><\/p>\n<ol>\n<li>Mobiliario y accesorios de la habitaci\u00f3n hospitalaria<\/li>\n<li>La cama hospitalaria<\/li>\n<\/ol>\n<p><strong>21. LA PIEL COMO \u00d3RGANO PROTECTOR ENTE LAS INFECCIONES<\/strong><strong>\u00a0<\/strong><\/p>\n<ol>\n<li>Las Funciones de la piel<\/li>\n<\/ol>\n<p><strong>22. CUIDADOS POST-MORTEM<\/strong><strong>\u00a0<\/strong><\/p>\n<ol>\n<li>Muerte cl\u00ednica<\/li>\n<li>&#8211; Paro respiratorio<\/li>\n<li>&#8211; Paro cardiovascular<\/li>\n<li>&#8211; Cese de la actividad cerebral<\/li>\n<li>Procedimiento para la preparaci\u00f3n del cad\u00e1ver<\/li>\n<li>\u2026<\/li>\n<\/ol>\n<p><strong>23. CUIDADOS DE ENFERMER\u00cdA EN PERSONAS CON PROBLEMAS GASTROINTESTINALES<\/strong><strong>\u00a0<\/strong><\/p>\n<ol>\n<li>Anatom\u00eda del aparato digestivo<\/li>\n<li>&#8211; Cavidad bucal<\/li>\n<li>&#8211; Faringe<\/li>\n<li>&#8211; Es\u00f3fago<\/li>\n<li>&#8211; Est\u00f3mago<\/li>\n<li>\u2026<\/li>\n<\/ol>\n<p><strong>24. T\u00c9CNICAS DE SOPORTE NUTRICIONAL<\/strong><strong>\u00a0<\/strong><\/p>\n<ol>\n<li>Sondas para administraci\u00f3n de la nutrici\u00f3n enteral<\/li>\n<li>&#8211; Tipos de sondas<\/li>\n<li>&#8211; T\u00e9cnica de inserci\u00f3n de una sonda nasoent\u00e9rica<\/li>\n<li>&#8211; Cuidados del paciente con sonda nasoent\u00e9rica<\/li>\n<li>&#8211; Sondas de gastro-enterostom\u00eda o quir\u00fargicas<\/li>\n<li>\u2026<\/li>\n<\/ol>\n<p><strong>25. RECOGIDA Y AN\u00c1LISIS DE PRODUCTOS BIOL\u00d3GICOS<\/strong><strong>\u00a0<\/strong><\/p>\n<ol>\n<li>Normas generales de actuaci\u00f3n respecto a muestras de productos biol\u00f3gicos para analizar<\/li>\n<li>&#8211; Normas generales de seguridad en la recogida y manipulaci\u00f3n de muestras<\/li>\n<li>&#8211; Normas generales de conservaci\u00f3n y transporte de las muestras<\/li>\n<\/ol>\n<p><strong>26. PROCEDIMIENTOS DE OBTENCI\u00d3N DE MUESTRAS DE PRODUCTOS BIOL\u00d3GICOS<\/strong><strong>\u00a0<\/strong><\/p>\n<ol>\n<li>Muestras de orina<\/li>\n<li>&#8211; Recogida de muestra de orina para an\u00e1lisis rutinario<\/li>\n<li>&#8211; Medidas especiales de conservaci\u00f3n y transporte<\/li>\n<li>&#8211; Recogida de muestra de orina para urocultivo<\/li>\n<li>&#8211; Medidas especiales de conservaci\u00f3n y transporte<\/li>\n<li>&#8211; Recogida de muestra orina en un tiempo determinado<\/li>\n<li>&#8211; Medidas especiales de conservaci\u00f3n y transporte<\/li>\n<li>Muestras de sangre<\/li>\n<li>&#8211; Obtenci\u00f3n de muestra de sangre capilar<\/li>\n<li>&#8211; Medidas especiales de conservaci\u00f3n y transporte<\/li>\n<li>\u2026<\/li>\n<\/ol>\n<p><strong>27. FUNCIONAMIENTO DE LOS DRENAJES<\/strong><strong>\u00a0<\/strong><\/p>\n<ol>\n<li>Tipos de drenajes<\/li>\n<li>Cuidados de enfermer\u00eda en el paciente con drenaje<\/li>\n<li>Retirada del drenaje<\/li>\n<\/ol>\n<p><strong>28. APLICACI\u00d3N DE LAS T\u00c9CNICAS Y CUIDADOS DE ENFERMER\u00cdA<\/strong><strong>\u00a0<\/strong><\/p>\n<ol>\n<li>Constantes vitales<\/li>\n<li>&#8211; La temperatura corporal<\/li>\n<li>&#8211; Tratamiento de la fiebre<\/li>\n<li>&#8211; Medici\u00f3n de la temperatura corporal<\/li>\n<li>\u2026<\/li>\n<\/ol>\n<p><strong>29. ADMINISTRACI\u00d3N Y SUMINISTRO DE MEDICAMENTOS POR EL PERSONAL SANITARIO<\/strong><strong>\u00a0<\/strong><\/p>\n<ol>\n<li>Farmacocin\u00e9tica<\/li>\n<li>Efectos adversos de los medicamentos<\/li>\n<li>Presentaci\u00f3n, preparaci\u00f3n y administraci\u00f3n de medicamentos<\/li>\n<li>\u2026.<\/li>\n<\/ol>\n<p>&nbsp;<\/p>\n<p><a href=\"https:\/\/www.centro-cee.com\/temarios_web\/c_cee224pdf\">Descargar Temario<\/a><\/p>\n<p>&nbsp;<\/p>\n<p>&nbsp;<\/p>\n<hr \/>\n<p>&nbsp;<\/p>\n","protected":false},"excerpt":{"rendered":"<p><a href=\"https:\/\/centro-cee.com\/web\/formaciones\/\">Atr\u00e1s<\/a><\/p>\n<p>Un auxiliar de enfermer\u00eda es un miembro del personal de atenci\u00f3n m\u00e9dica que trabaja bajo la supervisi\u00f3n directa de un enfermero registrado (RN) o enfermero practicante (NP).<\/p>\n<p>El auxiliar de enfermer\u00eda es responsable de proporcionar cuidado b\u00e1sico a los pacientes, incluyendo ayudar con la higiene, la alimentaci\u00f3n y la medicaci\u00f3n.<\/p>\n<p>Tambi\u00e9n puede ayudar a los enfermeros registrados con procedimientos m\u00e9dicos y de laboratorio y puede ser responsable de la monitorizaci\u00f3n de los signos vitales y el estado general de los pacientes.<\/p>\n","protected":false},"featured_media":402,"comment_status":"closed","ping_status":"closed","template":"","meta":[],"product_brand":[],"product_cat":[2046,34],"product_tag":[1528,1529,1524,1526,1408,1525,1523,1527,1465,1347],"class_list":{"0":"post-400","1":"product","2":"type-product","3":"status-publish","4":"has-post-thumbnail","6":"product_cat-cursos-salud","7":"product_cat-tecnicos","8":"product_tag-anatomia-y-fisiologia","9":"product_tag-apoyo-emocional-al-paciente","10":"product_tag-certificacion-en-auxiliar-de-enfermeria","11":"product_tag-cuidados-basicos-de-enfermeria","12":"product_tag-curso-de-auxiliar-de-enfermeria","13":"product_tag-curso-online-de-enfermeria","14":"product_tag-formacion-en-cuidados-de-salud","15":"product_tag-gestion-de-la-salud-en-hospitales","16":"product_tag-intervencion-en-situaciones-criticas","17":"product_tag-tecnicas-de-atencion-al-paciente","19":"first","20":"instock","21":"sale","22":"shipping-taxable","23":"purchasable","24":"product-type-simple"},"yoast_head":"<!-- This site is optimized with the Yoast SEO plugin v27.4 - https:\/\/yoast.com\/product\/yoast-seo-wordpress\/ -->\n<title>Curso de auxiliar de enfermer\u00eda online Centro CEE<\/title>\n<meta name=\"description\" content=\"\u00a1Especial\u00edzate con el curso de auxiliar de enfermer\u00eda con nuestro curso online! Aprende t\u00e9cnicas avanzadas y consigue tu t\u00edtulo! \u00a1Inscr\u00edbete hoy!\" \/>\n<meta name=\"robots\" content=\"index, follow, max-snippet:-1, max-image-preview:large, max-video-preview:-1\" \/>\n<link rel=\"canonical\" href=\"https:\/\/centro-cee.com\/web\/producto\/auxiliar-en-enfermeria-online\/\" \/>\n<meta property=\"og:locale\" content=\"es_ES\" \/>\n<meta property=\"og:type\" content=\"article\" \/>\n<meta property=\"og:title\" content=\"Curso de auxiliar de enfermer\u00eda online Centro CEE\" \/>\n<meta property=\"og:description\" content=\"\u00a1Especial\u00edzate con el curso de auxiliar de enfermer\u00eda con nuestro curso online! Aprende t\u00e9cnicas avanzadas y consigue tu t\u00edtulo! \u00a1Inscr\u00edbete hoy!\" \/>\n<meta property=\"og:url\" content=\"https:\/\/centro-cee.com\/web\/producto\/auxiliar-en-enfermeria-online\/\" \/>\n<meta property=\"og:site_name\" content=\"CEE Centro Europeo E-learning - Cursos online\" \/>\n<meta property=\"article:modified_time\" content=\"2026-03-13T12:26:03+00:00\" \/>\n<meta property=\"og:image\" content=\"https:\/\/centro-cee.com\/web\/wp-content\/uploads\/2023\/01\/ENFERMERA.jpg\" \/>\n\t<meta property=\"og:image:width\" content=\"640\" \/>\n\t<meta property=\"og:image:height\" content=\"427\" \/>\n\t<meta property=\"og:image:type\" content=\"image\/jpeg\" \/>\n<meta name=\"twitter:card\" content=\"summary_large_image\" \/>\n<meta name=\"twitter:label1\" content=\"Tiempo de lectura\" \/>\n\t<meta name=\"twitter:data1\" content=\"4 minutos\" \/>\n<script type=\"application\/ld+json\" class=\"yoast-schema-graph\">{\"@context\":\"https:\\\/\\\/schema.org\",\"@graph\":[{\"@type\":\"WebPage\",\"@id\":\"https:\\\/\\\/centro-cee.com\\\/web\\\/producto\\\/auxiliar-en-enfermeria-online\\\/\",\"url\":\"https:\\\/\\\/centro-cee.com\\\/web\\\/producto\\\/auxiliar-en-enfermeria-online\\\/\",\"name\":\"Curso de auxiliar de enfermer\u00eda online Centro CEE\",\"isPartOf\":{\"@id\":\"https:\\\/\\\/centro-cee.com\\\/web\\\/#website\"},\"primaryImageOfPage\":{\"@id\":\"https:\\\/\\\/centro-cee.com\\\/web\\\/producto\\\/auxiliar-en-enfermeria-online\\\/#primaryimage\"},\"image\":{\"@id\":\"https:\\\/\\\/centro-cee.com\\\/web\\\/producto\\\/auxiliar-en-enfermeria-online\\\/#primaryimage\"},\"thumbnailUrl\":\"https:\\\/\\\/centro-cee.com\\\/web\\\/wp-content\\\/uploads\\\/2023\\\/01\\\/ENFERMERA.jpg\",\"datePublished\":\"2023-01-01T14:39:19+00:00\",\"dateModified\":\"2026-03-13T12:26:03+00:00\",\"description\":\"\u00a1Especial\u00edzate con el curso de auxiliar de enfermer\u00eda con nuestro curso online! Aprende t\u00e9cnicas avanzadas y consigue tu t\u00edtulo! \u00a1Inscr\u00edbete hoy!\",\"breadcrumb\":{\"@id\":\"https:\\\/\\\/centro-cee.com\\\/web\\\/producto\\\/auxiliar-en-enfermeria-online\\\/#breadcrumb\"},\"inLanguage\":\"es\",\"potentialAction\":[{\"@type\":\"ReadAction\",\"target\":[\"https:\\\/\\\/centro-cee.com\\\/web\\\/producto\\\/auxiliar-en-enfermeria-online\\\/\"]}]},{\"@type\":\"ImageObject\",\"inLanguage\":\"es\",\"@id\":\"https:\\\/\\\/centro-cee.com\\\/web\\\/producto\\\/auxiliar-en-enfermeria-online\\\/#primaryimage\",\"url\":\"https:\\\/\\\/centro-cee.com\\\/web\\\/wp-content\\\/uploads\\\/2023\\\/01\\\/ENFERMERA.jpg\",\"contentUrl\":\"https:\\\/\\\/centro-cee.com\\\/web\\\/wp-content\\\/uploads\\\/2023\\\/01\\\/ENFERMERA.jpg\",\"width\":640,\"height\":427,\"caption\":\"Profesional del campo trabajando en la formaci\u00f3n de auxiliar de enfermer\u00eda\"},{\"@type\":\"BreadcrumbList\",\"@id\":\"https:\\\/\\\/centro-cee.com\\\/web\\\/producto\\\/auxiliar-en-enfermeria-online\\\/#breadcrumb\",\"itemListElement\":[{\"@type\":\"ListItem\",\"position\":1,\"name\":\"Portada\",\"item\":\"https:\\\/\\\/centro-cee.com\\\/web\\\/\"},{\"@type\":\"ListItem\",\"position\":2,\"name\":\"Auxiliar en Enfermer\u00eda\"}]},{\"@type\":\"WebSite\",\"@id\":\"https:\\\/\\\/centro-cee.com\\\/web\\\/#website\",\"url\":\"https:\\\/\\\/centro-cee.com\\\/web\\\/\",\"name\":\"Centro Europeo E-learning\",\"description\":\"CEE Formaci\u00f3n Online\",\"publisher\":{\"@id\":\"https:\\\/\\\/centro-cee.com\\\/web\\\/#organization\"},\"alternateName\":\"Centro Online de Formaci\u00f3n\",\"potentialAction\":[{\"@type\":\"SearchAction\",\"target\":{\"@type\":\"EntryPoint\",\"urlTemplate\":\"https:\\\/\\\/centro-cee.com\\\/web\\\/?s={search_term_string}\"},\"query-input\":{\"@type\":\"PropertyValueSpecification\",\"valueRequired\":true,\"valueName\":\"search_term_string\"}}],\"inLanguage\":\"es\"},{\"@type\":\"Organization\",\"@id\":\"https:\\\/\\\/centro-cee.com\\\/web\\\/#organization\",\"name\":\"Centro Europeo E-learning CEE\",\"url\":\"https:\\\/\\\/centro-cee.com\\\/web\\\/\",\"logo\":{\"@type\":\"ImageObject\",\"inLanguage\":\"es\",\"@id\":\"https:\\\/\\\/centro-cee.com\\\/web\\\/#\\\/schema\\\/logo\\\/image\\\/\",\"url\":\"https:\\\/\\\/centro-cee.com\\\/web\\\/wp-content\\\/uploads\\\/2022\\\/12\\\/cropped-logo_educa.png\",\"contentUrl\":\"https:\\\/\\\/centro-cee.com\\\/web\\\/wp-content\\\/uploads\\\/2022\\\/12\\\/cropped-logo_educa.png\",\"width\":157,\"height\":63,\"caption\":\"Centro Europeo E-learning CEE\"},\"image\":{\"@id\":\"https:\\\/\\\/centro-cee.com\\\/web\\\/#\\\/schema\\\/logo\\\/image\\\/\"},\"sameAs\":[\"https:\\\/\\\/www.instagram.com\\\/centroeuropeo_cee\"]}]}<\/script>\n<!-- \/ Yoast SEO plugin. -->","yoast_head_json":{"title":"Curso de auxiliar de enfermer\u00eda online Centro CEE","description":"\u00a1Especial\u00edzate con el curso de auxiliar de enfermer\u00eda con nuestro curso online! Aprende t\u00e9cnicas avanzadas y consigue tu t\u00edtulo! \u00a1Inscr\u00edbete hoy!","robots":{"index":"index","follow":"follow","max-snippet":"max-snippet:-1","max-image-preview":"max-image-preview:large","max-video-preview":"max-video-preview:-1"},"canonical":"https:\/\/centro-cee.com\/web\/producto\/auxiliar-en-enfermeria-online\/","og_locale":"es_ES","og_type":"article","og_title":"Curso de auxiliar de enfermer\u00eda online Centro CEE","og_description":"\u00a1Especial\u00edzate con el curso de auxiliar de enfermer\u00eda con nuestro curso online! Aprende t\u00e9cnicas avanzadas y consigue tu t\u00edtulo! \u00a1Inscr\u00edbete hoy!","og_url":"https:\/\/centro-cee.com\/web\/producto\/auxiliar-en-enfermeria-online\/","og_site_name":"CEE Centro Europeo E-learning - Cursos online","article_modified_time":"2026-03-13T12:26:03+00:00","og_image":[{"width":640,"height":427,"url":"https:\/\/centro-cee.com\/web\/wp-content\/uploads\/2023\/01\/ENFERMERA.jpg","type":"image\/jpeg"}],"twitter_card":"summary_large_image","twitter_misc":{"Tiempo de lectura":"4 minutos"},"schema":{"@context":"https:\/\/schema.org","@graph":[{"@type":"WebPage","@id":"https:\/\/centro-cee.com\/web\/producto\/auxiliar-en-enfermeria-online\/","url":"https:\/\/centro-cee.com\/web\/producto\/auxiliar-en-enfermeria-online\/","name":"Curso de auxiliar de enfermer\u00eda online Centro CEE","isPartOf":{"@id":"https:\/\/centro-cee.com\/web\/#website"},"primaryImageOfPage":{"@id":"https:\/\/centro-cee.com\/web\/producto\/auxiliar-en-enfermeria-online\/#primaryimage"},"image":{"@id":"https:\/\/centro-cee.com\/web\/producto\/auxiliar-en-enfermeria-online\/#primaryimage"},"thumbnailUrl":"https:\/\/centro-cee.com\/web\/wp-content\/uploads\/2023\/01\/ENFERMERA.jpg","datePublished":"2023-01-01T14:39:19+00:00","dateModified":"2026-03-13T12:26:03+00:00","description":"\u00a1Especial\u00edzate con el curso de auxiliar de enfermer\u00eda con nuestro curso online! Aprende t\u00e9cnicas avanzadas y consigue tu t\u00edtulo! \u00a1Inscr\u00edbete hoy!","breadcrumb":{"@id":"https:\/\/centro-cee.com\/web\/producto\/auxiliar-en-enfermeria-online\/#breadcrumb"},"inLanguage":"es","potentialAction":[{"@type":"ReadAction","target":["https:\/\/centro-cee.com\/web\/producto\/auxiliar-en-enfermeria-online\/"]}]},{"@type":"ImageObject","inLanguage":"es","@id":"https:\/\/centro-cee.com\/web\/producto\/auxiliar-en-enfermeria-online\/#primaryimage","url":"https:\/\/centro-cee.com\/web\/wp-content\/uploads\/2023\/01\/ENFERMERA.jpg","contentUrl":"https:\/\/centro-cee.com\/web\/wp-content\/uploads\/2023\/01\/ENFERMERA.jpg","width":640,"height":427,"caption":"Profesional del campo trabajando en la formaci\u00f3n de auxiliar de enfermer\u00eda"},{"@type":"BreadcrumbList","@id":"https:\/\/centro-cee.com\/web\/producto\/auxiliar-en-enfermeria-online\/#breadcrumb","itemListElement":[{"@type":"ListItem","position":1,"name":"Portada","item":"https:\/\/centro-cee.com\/web\/"},{"@type":"ListItem","position":2,"name":"Auxiliar en Enfermer\u00eda"}]},{"@type":"WebSite","@id":"https:\/\/centro-cee.com\/web\/#website","url":"https:\/\/centro-cee.com\/web\/","name":"Centro Europeo E-learning","description":"CEE Formaci\u00f3n Online","publisher":{"@id":"https:\/\/centro-cee.com\/web\/#organization"},"alternateName":"Centro Online de Formaci\u00f3n","potentialAction":[{"@type":"SearchAction","target":{"@type":"EntryPoint","urlTemplate":"https:\/\/centro-cee.com\/web\/?s={search_term_string}"},"query-input":{"@type":"PropertyValueSpecification","valueRequired":true,"valueName":"search_term_string"}}],"inLanguage":"es"},{"@type":"Organization","@id":"https:\/\/centro-cee.com\/web\/#organization","name":"Centro Europeo E-learning CEE","url":"https:\/\/centro-cee.com\/web\/","logo":{"@type":"ImageObject","inLanguage":"es","@id":"https:\/\/centro-cee.com\/web\/#\/schema\/logo\/image\/","url":"https:\/\/centro-cee.com\/web\/wp-content\/uploads\/2022\/12\/cropped-logo_educa.png","contentUrl":"https:\/\/centro-cee.com\/web\/wp-content\/uploads\/2022\/12\/cropped-logo_educa.png","width":157,"height":63,"caption":"Centro Europeo E-learning CEE"},"image":{"@id":"https:\/\/centro-cee.com\/web\/#\/schema\/logo\/image\/"},"sameAs":["https:\/\/www.instagram.com\/centroeuropeo_cee"]}]}},"_links":{"self":[{"href":"https:\/\/centro-cee.com\/web\/wp-json\/wp\/v2\/product\/400","targetHints":{"allow":["GET"]}}],"collection":[{"href":"https:\/\/centro-cee.com\/web\/wp-json\/wp\/v2\/product"}],"about":[{"href":"https:\/\/centro-cee.com\/web\/wp-json\/wp\/v2\/types\/product"}],"replies":[{"embeddable":true,"href":"https:\/\/centro-cee.com\/web\/wp-json\/wp\/v2\/comments?post=400"}],"wp:featuredmedia":[{"embeddable":true,"href":"https:\/\/centro-cee.com\/web\/wp-json\/wp\/v2\/media\/402"}],"wp:attachment":[{"href":"https:\/\/centro-cee.com\/web\/wp-json\/wp\/v2\/media?parent=400"}],"wp:term":[{"taxonomy":"product_brand","embeddable":true,"href":"https:\/\/centro-cee.com\/web\/wp-json\/wp\/v2\/product_brand?post=400"},{"taxonomy":"product_cat","embeddable":true,"href":"https:\/\/centro-cee.com\/web\/wp-json\/wp\/v2\/product_cat?post=400"},{"taxonomy":"product_tag","embeddable":true,"href":"https:\/\/centro-cee.com\/web\/wp-json\/wp\/v2\/product_tag?post=400"}],"curies":[{"name":"wp","href":"https:\/\/api.w.org\/{rel}","templated":true}]}}