{"id":394,"date":"2023-01-01T15:15:16","date_gmt":"2023-01-01T15:15:16","guid":{"rendered":"https:\/\/centro-cee.com\/web\/?post_type=product&#038;p=394"},"modified":"2026-03-13T12:28:02","modified_gmt":"2026-03-13T12:28:02","slug":"profesional-en-tanatopraxia-y-tanatoestetica","status":"publish","type":"product","link":"https:\/\/centro-cee.com\/web\/producto\/profesional-en-tanatopraxia-y-tanatoestetica\/","title":{"rendered":"Profesional en Tanatopraxia y Tanatoest\u00e9tica"},"content":{"rendered":"<p><a href=\"https:\/\/centro-cee.com\/web\/formaciones\/\">Atr\u00e1s<\/a><\/p>\n<p>Toda esta formaci\u00f3n en las t\u00e9cnicas avanzadas de Tanatopraxia y Tanatoest\u00e9tica se realiza 100% online en nuestro campus online de formaci\u00f3n.<\/p>\n<p>Las tutorias se realizan directamente desde el campus de estudio con la opci\u00f3n de mensajer\u00eda a profesores. Las tutorias son \u201ca demanda\u201d, cuando necesites soporte nos lo pides.<\/p>\n<p>Los t\u00edtulos de Centro CEE est\u00e1n autenticados por la firma de notario que valida contenidos y autenticidad a nivel internacional. Nuestra organizaci\u00f3n pertenece a la Asociaci\u00f3n Espa\u00f1ola de Calidad, organizaci\u00f3n Espa\u00f1ola de referencia para la calidad en la formaci\u00f3n. La certificaci\u00f3n se puede apostillar por la Haya para cualquier pa\u00eds firmante del convenio de la Haya.<\/p>\n<p>Se puede pagar a plazos.<\/p>\n<p>Carga horaria de la formaci\u00f3n: 350h<\/p>\n<p>&nbsp;<\/p>\n<h2>Temario sobre las t\u00e9cnicas avanzadas de Tanatopraxia y Tanatoest\u00e9tica<\/h2>\n<hr \/>\n<p><strong>TANATOPRAXIA Y TANATOEST\u00c9TICA<\/strong><\/p>\n<p><strong>TEMA 1. INTRODUCCI\u00d3N A LA TANATOPRAXIA Y TANATOEST\u00c9TICA<\/strong><\/p>\n<p style=\"padding-left: 40px;\">1. Introducci\u00f3n<br \/>\n2. Historia del embalsamamiento<br \/>\n3. \u2026<\/p>\n<p><strong>TEMA 2. ALTERACIONES POSTMORTEM<\/strong><\/p>\n<p style=\"padding-left: 40px;\">1. Fen\u00f3menos Cadav\u00e9ricos<br \/>\n2. Fen\u00f3menos Conservadores<\/p>\n<p><strong>TEMA 3. NOCIONES B\u00c1SICAS DE ANATOM\u00cdA Y FISIOLOG\u00cdA<\/strong><\/p>\n<p style=\"padding-left: 40px;\">1. El Sistema \u00d3seo<br \/>\n2. El Sistema Muscular<br \/>\n3. El Sistema Nervioso<br \/>\n4. \u2026<\/p>\n<p><strong>TEMA 4. LA PR\u00c1CTICA DE LA TANATOPRAXIA<\/strong><\/p>\n<p style=\"padding-left: 40px;\">1. Pasos previos<br \/>\n2. T\u00e9cnicas de conservaci\u00f3n<br \/>\n3. Productos y f\u00f3rmulas<br \/>\n4. ..<\/p>\n<p><strong>TEMA 5. LAS SUTURAS<\/strong><\/p>\n<p style=\"padding-left: 40px;\">1. Introducci\u00f3n<br \/>\n2. T\u00e9cnicas de anudado<br \/>\n3. Suturas quir\u00fargicas<\/p>\n<p><strong>TEMA 6. PRESENTACI\u00d3N DEL CAD\u00c1VER<\/strong><\/p>\n<p style=\"padding-left: 40px;\">1. Recogida y recepci\u00f3n del cad\u00e1ver<br \/>\n2. Colocaci\u00f3n del cad\u00e1ver<br \/>\n3. Trabajo con el cad\u00e1ver<br \/>\n4. Hidrataci\u00f3n de tejidos, masajes y eliminaci\u00f3n de livideces<br \/>\n5. \u2026.<\/p>\n<p><strong>TEMA 7. MAQUILLAJE FUNERARIO Y MODELAJE COSMETOL\u00d3GICO<\/strong><\/p>\n<p style=\"padding-left: 40px;\">1. El color y sus atributos<br \/>\n2. Teor\u00eda del color<br \/>\n3. El c\u00edrculo crom\u00e1tico y sus familias<br \/>\n4. Centros de inter\u00e9s est\u00e9tico del rostro<br \/>\n5. \u2026.<\/p>\n<p><strong>TEMA 8. EXPOSICI\u00d3N DEL CAD\u00c1VER<\/strong><\/p>\n<p style=\"padding-left: 40px;\">1. Enferetrado del cad\u00e1ver<br \/>\n2. Condiciones de exposici\u00f3n ambientales<br \/>\n3. Condiciones no ambientales del cad\u00e1ver<br \/>\n4. \u2026<\/p>\n<p><strong>TEMA 9. PREVENCI\u00d3N DE RIESGOS LABORALES<\/strong><\/p>\n<p style=\"padding-left: 40px;\">1. Conceptos b\u00e1sicos en prevenci\u00f3n de Riesgos Laborales<br \/>\n2. Los riesgos profesionales<br \/>\n3. Riesgos laborales en el campo espec\u00edfico de la tanatopraxia y tanatoest\u00e9tica<\/p>\n<p><strong>TEMA 10. BIOSEGURIDAD<\/strong><\/p>\n<p style=\"padding-left: 40px;\">1. Los microorganismos<br \/>\n2. Enfermedades contagiosas<br \/>\n3. Principios de la Bioseguridad<br \/>\n4. Normas de bioseguridad<br \/>\n5. \u2026.<\/p>\n<p><strong>TEMA 11. LA PSICOLOG\u00cdA EN EL SECTOR FUNERARIO<\/strong><\/p>\n<p style=\"padding-left: 40px;\">1. Introducci\u00f3n<br \/>\n2. El apoyo psicol\u00f3gico dentro del sector funerario<br \/>\n3. La motivaci\u00f3n<br \/>\n4. \u2026<\/p>\n<p><strong>TEMA 12. GESTI\u00d3N FUNERARIA<\/strong><\/p>\n<p style=\"padding-left: 40px;\">1. Documentaci\u00f3n funeraria<br \/>\n2. C\u00f3digo deontol\u00f3gico y \u00e9tico del tanatoest\u00e9tico<\/p>\n<p><strong>3. M\u00d3DULO II. ANEXO COMPLEMENTARIO TANATOEST\u00c9TICA<\/strong><\/p>\n<p style=\"padding-left: 40px;\">4. C\u00f3mo calcular el tiempo aproximado del fallecimiento<br \/>\n5. Todo sobre salas de autopsia<br \/>\n6. Protocolos y ritos funerarios<br \/>\n7. Ecofunerales<br \/>\n8. \u2026.<\/p>\n<p>&nbsp;<\/p>\n<p><a href=\"https:\/\/www.centro-cee.com\/temarios_web\/c_cee053.pdf\">Descargar Temario<\/a><\/p>\n<p>&nbsp;<\/p>\n<p>&nbsp;<\/p>\n<hr \/>\n<p>&nbsp;<\/p>\n","protected":false},"excerpt":{"rendered":"<p><a href=\"https:\/\/centro-cee.com\/web\/formaciones\/\">Atr\u00e1s<\/a><\/p>\n<p>Desarrolla todo tu potencial y sea un experto en el \u00e1mbito con las competencias para ser Profesional en Tanatopraxia y Tanatoest\u00e9tica &amp; Gesti\u00f3n del estr\u00e9s, donde podr\u00e1s f\u00f3rmate y especial\u00edzate en todos los aspectos relacionados con la tanatopraxia, con contenidos actualizados.<\/p>\n<p>Los conocimientos del curso te van a permitir desarrollar tareas en el \u00e1mbito de la tanatoest\u00e9tica, ya que podr\u00e1 introducirte en el embalsamamiento, las alteraciones Postmortem, as\u00ed como las nociones b\u00e1sicas de anatom\u00eda y fisiolog\u00eda.<\/p>\n","protected":false},"featured_media":395,"comment_status":"closed","ping_status":"closed","template":"","meta":[],"product_brand":[],"product_cat":[2046,34],"product_tag":[1516,612,1517,1519,1515,1521,1520,1522,1514,1518],"class_list":{"0":"post-394","1":"product","2":"type-product","3":"status-publish","4":"has-post-thumbnail","6":"product_cat-cursos-salud","7":"product_cat-tecnicos","8":"product_tag-certificacion-en-tanatopraxia","9":"product_tag-curso-de-tanatopraxia","10":"product_tag-curso-online-de-tanatoestetica","11":"product_tag-estetica-funeraria","12":"product_tag-formacion-en-cuidados-post-mortem","13":"product_tag-manejo-de-herramientas-y-productos","14":"product_tag-normativa-y-etica-en-tanatopraxia","15":"product_tag-preparacion-estetica-para-funerales","16":"product_tag-tanatoestetica","17":"product_tag-tecnicas-de-conservacion-de-cadaveres","19":"first","20":"instock","21":"sale","22":"shipping-taxable","23":"purchasable","24":"product-type-simple"},"yoast_head":"<!-- This site is optimized with the Yoast SEO plugin v27.4 - https:\/\/yoast.com\/product\/yoast-seo-wordpress\/ -->\n<title>T\u00e9cnicas avanzadas de Tanatopraxia y Tanatoest\u00e9tica<\/title>\n<meta name=\"description\" content=\"\u00a1Mejora tus habilidades en t\u00e9cnicas avanzadas de Tanatopraxia y Tanatoest\u00e9tica con nuestro curso online! Aprende y convi\u00e9rtete en un experto en el campo!\" \/>\n<meta name=\"robots\" content=\"index, follow, max-snippet:-1, max-image-preview:large, max-video-preview:-1\" \/>\n<link rel=\"canonical\" href=\"https:\/\/centro-cee.com\/web\/producto\/profesional-en-tanatopraxia-y-tanatoestetica\/\" \/>\n<meta property=\"og:locale\" content=\"es_ES\" \/>\n<meta property=\"og:type\" content=\"article\" \/>\n<meta property=\"og:title\" content=\"T\u00e9cnicas avanzadas de Tanatopraxia y Tanatoest\u00e9tica\" \/>\n<meta property=\"og:description\" content=\"\u00a1Mejora tus habilidades en t\u00e9cnicas avanzadas de Tanatopraxia y Tanatoest\u00e9tica con nuestro curso online! Aprende y convi\u00e9rtete en un experto en el campo!\" \/>\n<meta property=\"og:url\" content=\"https:\/\/centro-cee.com\/web\/producto\/profesional-en-tanatopraxia-y-tanatoestetica\/\" \/>\n<meta property=\"og:site_name\" content=\"CEE Centro Europeo E-learning - Cursos online\" \/>\n<meta property=\"article:modified_time\" content=\"2026-03-13T12:28:02+00:00\" \/>\n<meta property=\"og:image\" content=\"https:\/\/centro-cee.com\/web\/wp-content\/uploads\/2023\/01\/cee053.jpg\" \/>\n\t<meta property=\"og:image:width\" content=\"600\" \/>\n\t<meta property=\"og:image:height\" content=\"400\" \/>\n\t<meta property=\"og:image:type\" content=\"image\/jpeg\" \/>\n<meta name=\"twitter:card\" content=\"summary_large_image\" \/>\n<meta name=\"twitter:label1\" content=\"Tiempo de lectura\" \/>\n\t<meta name=\"twitter:data1\" content=\"2 minutos\" \/>\n<script type=\"application\/ld+json\" class=\"yoast-schema-graph\">{\"@context\":\"https:\\\/\\\/schema.org\",\"@graph\":[{\"@type\":\"WebPage\",\"@id\":\"https:\\\/\\\/centro-cee.com\\\/web\\\/producto\\\/profesional-en-tanatopraxia-y-tanatoestetica\\\/\",\"url\":\"https:\\\/\\\/centro-cee.com\\\/web\\\/producto\\\/profesional-en-tanatopraxia-y-tanatoestetica\\\/\",\"name\":\"T\u00e9cnicas avanzadas de Tanatopraxia y Tanatoest\u00e9tica\",\"isPartOf\":{\"@id\":\"https:\\\/\\\/centro-cee.com\\\/web\\\/#website\"},\"primaryImageOfPage\":{\"@id\":\"https:\\\/\\\/centro-cee.com\\\/web\\\/producto\\\/profesional-en-tanatopraxia-y-tanatoestetica\\\/#primaryimage\"},\"image\":{\"@id\":\"https:\\\/\\\/centro-cee.com\\\/web\\\/producto\\\/profesional-en-tanatopraxia-y-tanatoestetica\\\/#primaryimage\"},\"thumbnailUrl\":\"https:\\\/\\\/centro-cee.com\\\/web\\\/wp-content\\\/uploads\\\/2023\\\/01\\\/cee053.jpg\",\"datePublished\":\"2023-01-01T15:15:16+00:00\",\"dateModified\":\"2026-03-13T12:28:02+00:00\",\"description\":\"\u00a1Mejora tus habilidades en t\u00e9cnicas avanzadas de Tanatopraxia y Tanatoest\u00e9tica con nuestro curso online! Aprende y convi\u00e9rtete en un experto en el campo!\",\"breadcrumb\":{\"@id\":\"https:\\\/\\\/centro-cee.com\\\/web\\\/producto\\\/profesional-en-tanatopraxia-y-tanatoestetica\\\/#breadcrumb\"},\"inLanguage\":\"es\",\"potentialAction\":[{\"@type\":\"ReadAction\",\"target\":[\"https:\\\/\\\/centro-cee.com\\\/web\\\/producto\\\/profesional-en-tanatopraxia-y-tanatoestetica\\\/\"]}]},{\"@type\":\"ImageObject\",\"inLanguage\":\"es\",\"@id\":\"https:\\\/\\\/centro-cee.com\\\/web\\\/producto\\\/profesional-en-tanatopraxia-y-tanatoestetica\\\/#primaryimage\",\"url\":\"https:\\\/\\\/centro-cee.com\\\/web\\\/wp-content\\\/uploads\\\/2023\\\/01\\\/cee053.jpg\",\"contentUrl\":\"https:\\\/\\\/centro-cee.com\\\/web\\\/wp-content\\\/uploads\\\/2023\\\/01\\\/cee053.jpg\",\"width\":600,\"height\":400,\"caption\":\"Profesional del campo trabajando en t\u00e9cnicas avanzadas de tanatopraxia y tanatoest\u00e9tica\"},{\"@type\":\"BreadcrumbList\",\"@id\":\"https:\\\/\\\/centro-cee.com\\\/web\\\/producto\\\/profesional-en-tanatopraxia-y-tanatoestetica\\\/#breadcrumb\",\"itemListElement\":[{\"@type\":\"ListItem\",\"position\":1,\"name\":\"Portada\",\"item\":\"https:\\\/\\\/centro-cee.com\\\/web\\\/\"},{\"@type\":\"ListItem\",\"position\":2,\"name\":\"Profesional en Tanatopraxia y Tanatoest\u00e9tica\"}]},{\"@type\":\"WebSite\",\"@id\":\"https:\\\/\\\/centro-cee.com\\\/web\\\/#website\",\"url\":\"https:\\\/\\\/centro-cee.com\\\/web\\\/\",\"name\":\"Centro Europeo E-learning\",\"description\":\"CEE Formaci\u00f3n Online\",\"publisher\":{\"@id\":\"https:\\\/\\\/centro-cee.com\\\/web\\\/#organization\"},\"alternateName\":\"Centro Online de Formaci\u00f3n\",\"potentialAction\":[{\"@type\":\"SearchAction\",\"target\":{\"@type\":\"EntryPoint\",\"urlTemplate\":\"https:\\\/\\\/centro-cee.com\\\/web\\\/?s={search_term_string}\"},\"query-input\":{\"@type\":\"PropertyValueSpecification\",\"valueRequired\":true,\"valueName\":\"search_term_string\"}}],\"inLanguage\":\"es\"},{\"@type\":\"Organization\",\"@id\":\"https:\\\/\\\/centro-cee.com\\\/web\\\/#organization\",\"name\":\"Centro Europeo E-learning CEE\",\"url\":\"https:\\\/\\\/centro-cee.com\\\/web\\\/\",\"logo\":{\"@type\":\"ImageObject\",\"inLanguage\":\"es\",\"@id\":\"https:\\\/\\\/centro-cee.com\\\/web\\\/#\\\/schema\\\/logo\\\/image\\\/\",\"url\":\"https:\\\/\\\/centro-cee.com\\\/web\\\/wp-content\\\/uploads\\\/2022\\\/12\\\/cropped-logo_educa.png\",\"contentUrl\":\"https:\\\/\\\/centro-cee.com\\\/web\\\/wp-content\\\/uploads\\\/2022\\\/12\\\/cropped-logo_educa.png\",\"width\":157,\"height\":63,\"caption\":\"Centro Europeo E-learning CEE\"},\"image\":{\"@id\":\"https:\\\/\\\/centro-cee.com\\\/web\\\/#\\\/schema\\\/logo\\\/image\\\/\"},\"sameAs\":[\"https:\\\/\\\/www.instagram.com\\\/centroeuropeo_cee\"]}]}<\/script>\n<!-- \/ Yoast SEO plugin. -->","yoast_head_json":{"title":"T\u00e9cnicas avanzadas de Tanatopraxia y Tanatoest\u00e9tica","description":"\u00a1Mejora tus habilidades en t\u00e9cnicas avanzadas de Tanatopraxia y Tanatoest\u00e9tica con nuestro curso online! Aprende y convi\u00e9rtete en un experto en el campo!","robots":{"index":"index","follow":"follow","max-snippet":"max-snippet:-1","max-image-preview":"max-image-preview:large","max-video-preview":"max-video-preview:-1"},"canonical":"https:\/\/centro-cee.com\/web\/producto\/profesional-en-tanatopraxia-y-tanatoestetica\/","og_locale":"es_ES","og_type":"article","og_title":"T\u00e9cnicas avanzadas de Tanatopraxia y Tanatoest\u00e9tica","og_description":"\u00a1Mejora tus habilidades en t\u00e9cnicas avanzadas de Tanatopraxia y Tanatoest\u00e9tica con nuestro curso online! Aprende y convi\u00e9rtete en un experto en el campo!","og_url":"https:\/\/centro-cee.com\/web\/producto\/profesional-en-tanatopraxia-y-tanatoestetica\/","og_site_name":"CEE Centro Europeo E-learning - Cursos online","article_modified_time":"2026-03-13T12:28:02+00:00","og_image":[{"width":600,"height":400,"url":"https:\/\/centro-cee.com\/web\/wp-content\/uploads\/2023\/01\/cee053.jpg","type":"image\/jpeg"}],"twitter_card":"summary_large_image","twitter_misc":{"Tiempo de lectura":"2 minutos"},"schema":{"@context":"https:\/\/schema.org","@graph":[{"@type":"WebPage","@id":"https:\/\/centro-cee.com\/web\/producto\/profesional-en-tanatopraxia-y-tanatoestetica\/","url":"https:\/\/centro-cee.com\/web\/producto\/profesional-en-tanatopraxia-y-tanatoestetica\/","name":"T\u00e9cnicas avanzadas de Tanatopraxia y Tanatoest\u00e9tica","isPartOf":{"@id":"https:\/\/centro-cee.com\/web\/#website"},"primaryImageOfPage":{"@id":"https:\/\/centro-cee.com\/web\/producto\/profesional-en-tanatopraxia-y-tanatoestetica\/#primaryimage"},"image":{"@id":"https:\/\/centro-cee.com\/web\/producto\/profesional-en-tanatopraxia-y-tanatoestetica\/#primaryimage"},"thumbnailUrl":"https:\/\/centro-cee.com\/web\/wp-content\/uploads\/2023\/01\/cee053.jpg","datePublished":"2023-01-01T15:15:16+00:00","dateModified":"2026-03-13T12:28:02+00:00","description":"\u00a1Mejora tus habilidades en t\u00e9cnicas avanzadas de Tanatopraxia y Tanatoest\u00e9tica con nuestro curso online! Aprende y convi\u00e9rtete en un experto en el campo!","breadcrumb":{"@id":"https:\/\/centro-cee.com\/web\/producto\/profesional-en-tanatopraxia-y-tanatoestetica\/#breadcrumb"},"inLanguage":"es","potentialAction":[{"@type":"ReadAction","target":["https:\/\/centro-cee.com\/web\/producto\/profesional-en-tanatopraxia-y-tanatoestetica\/"]}]},{"@type":"ImageObject","inLanguage":"es","@id":"https:\/\/centro-cee.com\/web\/producto\/profesional-en-tanatopraxia-y-tanatoestetica\/#primaryimage","url":"https:\/\/centro-cee.com\/web\/wp-content\/uploads\/2023\/01\/cee053.jpg","contentUrl":"https:\/\/centro-cee.com\/web\/wp-content\/uploads\/2023\/01\/cee053.jpg","width":600,"height":400,"caption":"Profesional del campo trabajando en t\u00e9cnicas avanzadas de tanatopraxia y tanatoest\u00e9tica"},{"@type":"BreadcrumbList","@id":"https:\/\/centro-cee.com\/web\/producto\/profesional-en-tanatopraxia-y-tanatoestetica\/#breadcrumb","itemListElement":[{"@type":"ListItem","position":1,"name":"Portada","item":"https:\/\/centro-cee.com\/web\/"},{"@type":"ListItem","position":2,"name":"Profesional en Tanatopraxia y Tanatoest\u00e9tica"}]},{"@type":"WebSite","@id":"https:\/\/centro-cee.com\/web\/#website","url":"https:\/\/centro-cee.com\/web\/","name":"Centro Europeo E-learning","description":"CEE Formaci\u00f3n Online","publisher":{"@id":"https:\/\/centro-cee.com\/web\/#organization"},"alternateName":"Centro Online de Formaci\u00f3n","potentialAction":[{"@type":"SearchAction","target":{"@type":"EntryPoint","urlTemplate":"https:\/\/centro-cee.com\/web\/?s={search_term_string}"},"query-input":{"@type":"PropertyValueSpecification","valueRequired":true,"valueName":"search_term_string"}}],"inLanguage":"es"},{"@type":"Organization","@id":"https:\/\/centro-cee.com\/web\/#organization","name":"Centro Europeo E-learning CEE","url":"https:\/\/centro-cee.com\/web\/","logo":{"@type":"ImageObject","inLanguage":"es","@id":"https:\/\/centro-cee.com\/web\/#\/schema\/logo\/image\/","url":"https:\/\/centro-cee.com\/web\/wp-content\/uploads\/2022\/12\/cropped-logo_educa.png","contentUrl":"https:\/\/centro-cee.com\/web\/wp-content\/uploads\/2022\/12\/cropped-logo_educa.png","width":157,"height":63,"caption":"Centro Europeo E-learning CEE"},"image":{"@id":"https:\/\/centro-cee.com\/web\/#\/schema\/logo\/image\/"},"sameAs":["https:\/\/www.instagram.com\/centroeuropeo_cee"]}]}},"_links":{"self":[{"href":"https:\/\/centro-cee.com\/web\/wp-json\/wp\/v2\/product\/394","targetHints":{"allow":["GET"]}}],"collection":[{"href":"https:\/\/centro-cee.com\/web\/wp-json\/wp\/v2\/product"}],"about":[{"href":"https:\/\/centro-cee.com\/web\/wp-json\/wp\/v2\/types\/product"}],"replies":[{"embeddable":true,"href":"https:\/\/centro-cee.com\/web\/wp-json\/wp\/v2\/comments?post=394"}],"wp:featuredmedia":[{"embeddable":true,"href":"https:\/\/centro-cee.com\/web\/wp-json\/wp\/v2\/media\/395"}],"wp:attachment":[{"href":"https:\/\/centro-cee.com\/web\/wp-json\/wp\/v2\/media?parent=394"}],"wp:term":[{"taxonomy":"product_brand","embeddable":true,"href":"https:\/\/centro-cee.com\/web\/wp-json\/wp\/v2\/product_brand?post=394"},{"taxonomy":"product_cat","embeddable":true,"href":"https:\/\/centro-cee.com\/web\/wp-json\/wp\/v2\/product_cat?post=394"},{"taxonomy":"product_tag","embeddable":true,"href":"https:\/\/centro-cee.com\/web\/wp-json\/wp\/v2\/product_tag?post=394"}],"curies":[{"name":"wp","href":"https:\/\/api.w.org\/{rel}","templated":true}]}}