{"id":368,"date":"2023-01-13T12:04:10","date_gmt":"2023-01-13T12:04:10","guid":{"rendered":"https:\/\/centro-cee.com\/web\/?post_type=product&#038;p=368"},"modified":"2026-03-13T16:42:28","modified_gmt":"2026-03-13T16:42:28","slug":"master-en-coaching-inteligencia-emocional-y-pnl","status":"publish","type":"product","link":"https:\/\/centro-cee.com\/web\/producto\/master-en-coaching-inteligencia-emocional-y-pnl\/","title":{"rendered":"M\u00e1ster en Coaching, Inteligencia Emocional y PNL"},"content":{"rendered":"<hr \/>\n<p><a href=\"https:\/\/centro-cee.com\/web\/formaciones\/\">Atr\u00e1s<\/a><\/p>\n<p>M\u00e1ster en Coaching, Inteligencia Emocional y PNL<\/p>\n<p>Toda esta formaci\u00f3n se realiza 100% online en nuestro campus online de formaci\u00f3n.<\/p>\n<p>Las tutorias se realizan directamente desde el campus de estudio con la opci\u00f3n de mensajer\u00eda a profesores\u00a0 y son \u201ca demanda\u201d, cuando necesites soporte nos lo pides.<\/p>\n<p>Adem\u00e1s los t\u00edtulos de Centro CEE est\u00e1n autenticados por la firma de notario que valida contenidos y autenticidad a nivel internacional.<\/p>\n<p>Nuestra organizaci\u00f3n pertenece a la Asociaci\u00f3n Espa\u00f1ola de Calidad, organizaci\u00f3n Espa\u00f1ola de referencia para la calidad en la formaci\u00f3n.<\/p>\n<p>La certificaci\u00f3n se puede apostillar por la Haya para cualquier pa\u00eds firmante del convenio.<\/p>\n<p>Se puede pagar a plazos.<\/p>\n<p>Carga horaria de la formaci\u00f3n: 500h<\/p>\n<p>&nbsp;<\/p>\n<h2>Temario<\/h2>\n<hr \/>\n<p><strong>\u00bfQU\u00c9 ES EL COACHING?\u00a0<\/strong><\/p>\n<ol>\n<li>El cambio, la crisis y la construcci\u00f3n de la identidad<\/li>\n<li>Concepto de coaching<\/li>\n<li>Etimolog\u00eda del coaching<\/li>\n<li>\u2026<\/li>\n<\/ol>\n<p><strong>IMPORTANCIA DEL COACHING\u00a0<\/strong><\/p>\n<ol>\n<li>\u00bfPor qu\u00e9 es importante el coaching?<\/li>\n<li>Principios y valores<\/li>\n<li>Tipos de coaching<\/li>\n<li>..<\/li>\n<\/ol>\n<p><strong>ASPECTOS FUNDAMENTALES DEL COACHING I\u00a0<\/strong><\/p>\n<ol>\n<li>Introducci\u00f3n: los elementos claves para el \u00e9xito<\/li>\n<li>Motivaci\u00f3n<\/li>\n<li>..<\/li>\n<\/ol>\n<p><strong>ASPECTOS FUNDAMENTALES DEL COACHING II\u00a0<\/strong><\/p>\n<ol>\n<li>Responsabilidad y compromiso<\/li>\n<li>Acci\u00f3n<\/li>\n<li>Creatividad<\/li>\n<li>\u2026<\/li>\n<\/ol>\n<p><strong>\u00c9TICA Y COACHING\u00a0<\/strong><\/p>\n<ol>\n<li>Liderazgo, poder y \u00e9tica<\/li>\n<li>Confidencialidad del Proceso<\/li>\n<li>\u00c9tica y Deontolog\u00eda del coach<\/li>\n<li>\u2026<\/li>\n<\/ol>\n<p><strong>COACHING, CAMBIO Y APRENDIZAJE\u00a0<\/strong><\/p>\n<ol>\n<li>La superaci\u00f3n de los bloqueos<\/li>\n<li>El deseo de avanzar<\/li>\n<li>Coaching y aprendizaje<\/li>\n<li>\u2026<\/li>\n<\/ol>\n<p><strong>EL PROCESO DE COACHING: ASPECTOS GENERALES\u00a0<\/strong><\/p>\n<ol>\n<li>Coaching \u00bfherramienta o proceso?<\/li>\n<li>Motivaci\u00f3n en el proceso<\/li>\n<li>\u2026<\/li>\n<\/ol>\n<p><strong>HABILIDADES RELACIONADAS CON EL PROCESO\u00a0<\/strong><\/p>\n<ol>\n<li>Introducci\u00f3n<\/li>\n<li>Escucha<\/li>\n<li>Empat\u00eda<\/li>\n<li>\u2026<\/li>\n<\/ol>\n<p><strong>FASES EN EL PROCESO DE COACHING\u00a0<\/strong><\/p>\n<ol>\n<li>Primera fase: establecer la relaci\u00f3n de coaching<\/li>\n<li>Segunda fase: planificaci\u00f3n de la acci\u00f3n<\/li>\n<li>\u2026<\/li>\n<\/ol>\n<p><strong>EVALUACI\u00d3N I\u00a0<\/strong><\/p>\n<ol>\n<li>\u00bfPor qu\u00e9 es necesaria la evaluaci\u00f3n?<\/li>\n<li>Beneficios de los programas de evaluaci\u00f3n de coaching<\/li>\n<li>Factores que pueden interferir en la evaluaci\u00f3n<\/li>\n<li>\u2026<\/li>\n<\/ol>\n<p><strong>EVALUACI\u00d3N II\u00a0<\/strong><\/p>\n<ol>\n<li>El final de la evaluaci\u00f3n<\/li>\n<li>Evaluaci\u00f3n externa<\/li>\n<li>Sesiones de evaluaci\u00f3n continua<\/li>\n<li>\u2026<\/li>\n<\/ol>\n<p><strong>EL COACH\u00a0<\/strong><\/p>\n<ol>\n<li>La figura del coach<\/li>\n<li>Tipos de coach<\/li>\n<li>Papel del coach en el proceso de coaching ejecutivo<\/li>\n<\/ol>\n<p><strong>COMPETENCIAS DEL COACH\u00a0<\/strong><\/p>\n<ol>\n<li>Competencias clave y actuaci\u00f3n del coach<\/li>\n<li>Las caracter\u00edsticas del coach efectivo para el desarrollo de competencias<\/li>\n<li>Dos competencias clave para el desarrollo de una empresa liberadora<\/li>\n<\/ol>\n<p><strong>LA PREPARACI\u00d3N DE UN BUEN COACH\u00a0<\/strong><\/p>\n<ol>\n<li>Preparaci\u00f3n t\u00e9cnica: formaci\u00f3n y experiencia empresarial<\/li>\n<li>Errores m\u00e1s comunes del coach<\/li>\n<li>Capacitaci\u00f3n para conducir las sesiones de coaching<\/li>\n<\/ol>\n<p><strong>LA FIGURA DEL COACHEE\u00a0<\/strong><\/p>\n<ol>\n<li>La figura del coachee<\/li>\n<li>Caracter\u00edsticas del destinatario del coaching<\/li>\n<li>La capacidad para recibir el coaching<\/li>\n<li>\u2026<\/li>\n<\/ol>\n<p><strong>USTED ES SU MEJOR COACH\u00a0<\/strong><\/p>\n<ol>\n<li>El coaching y las met\u00e1foras<\/li>\n<li>Interiorizaci\u00f3n<\/li>\n<li>Comportamientos limitantes<\/li>\n<\/ol>\n<p><strong>LAS CREENCIAS<\/strong><\/p>\n<p><strong>\u00a0<\/strong>Creencias y creencias limitantes<\/p>\n<ol>\n<li>Coaching y creencias autolimitadoras<\/li>\n<li>Teor\u00edas de reestructuraci\u00f3n cognitiva<\/li>\n<li>\u2026<\/li>\n<\/ol>\n<p><strong>LAS EMOCIONES<\/strong><\/p>\n<p><strong>\u00a0<\/strong>Introducci\u00f3n: \u00bfqu\u00e9 es una emoci\u00f3n?<\/p>\n<ol>\n<li>Emociones y coaching<\/li>\n<li>Trabajar con emociones limitantes<\/li>\n<\/ol>\n<p><strong>EL PROCESO DE CAMBIO<\/strong><\/p>\n<ol>\n<li>\u00bfD\u00f3nde estoy?<\/li>\n<li>Cambio y coaching<\/li>\n<li>\u2026<\/li>\n<\/ol>\n<p><strong>C\u00d3MO SUPERAR LA RESISTENCIA I<\/strong><\/p>\n<p><strong>\u00a0<\/strong>Dificultades con el proceso de coaching<\/p>\n<ol>\n<li>\u00bfQu\u00e9 es la resistencia?<\/li>\n<li>La resistencia del coach<\/li>\n<li>\u2026<\/li>\n<\/ol>\n<p><strong>C\u00d3MO SUPERAR LA RESISTENCIA II<\/strong><\/p>\n<p><strong>\u00a0<\/strong>T\u00e9cnicas para afrontar la resistencia<\/p>\n<ol>\n<li>Causas de resistencia al cambio en las organizaciones<\/li>\n<li>\u00bfQu\u00e9 factores ayudan o impulsan al cambio?<\/li>\n<li>\u2026<\/li>\n<\/ol>\n<p><strong>EL DI\u00c1LOGO<\/strong><\/p>\n<p><strong>\u00a0<\/strong>Los or\u00edgenes del di\u00e1logo: la comunicaci\u00f3n<\/p>\n<ol>\n<li>El di\u00e1logo<\/li>\n<li>Tipos de di\u00e1logos: el di\u00e1logo abierto<\/li>\n<li>\u2026<\/li>\n<\/ol>\n<p><strong>LA ESCUCHA<\/strong><\/p>\n<ol>\n<li>La escucha activa<\/li>\n<li>T\u00e9cnicas de escucha<\/li>\n<li>\u2026<\/li>\n<\/ol>\n<p><strong>LA FORMULACI\u00d3N DE PREGUNTAS DURANTE LA COMUNICACI\u00d3N<\/strong><\/p>\n<ol>\n<li>Re-encuadre<\/li>\n<li>Retroalimentaci\u00f3n<\/li>\n<li>\u2026<\/li>\n<\/ol>\n<p><strong>COACHING E INTELIGENCIA EMOCIONAL<\/strong><\/p>\n<ol>\n<li>Componentes de la inteligencia emocional<\/li>\n<li>Habilidades de inteligencia Emocional<\/li>\n<li>\u2026<\/li>\n<\/ol>\n<p><strong>COACHING Y PNL I<\/strong><\/p>\n<ol>\n<li>Principios de PNL<\/li>\n<li>PNL y sistemas representacionales<\/li>\n<li>\u2026<\/li>\n<\/ol>\n<p><strong>INTRODUCCI\u00d3N A LAS T\u00c9CNICAS DE COACHING\u00a0<\/strong><\/p>\n<ol>\n<li>T\u00e9cnicas en coaching: transformar lo negativo en positivo<\/li>\n<li>Las din\u00e1micas: definici\u00f3n<\/li>\n<li>\u00bfPara qu\u00e9 se utilizan las t\u00e9cnicas grupales y para qu\u00e9 no?<\/li>\n<li>\u2026<\/li>\n<\/ol>\n<p><strong>T\u00c9CNICAS PERSONALES\u00a0<\/strong><\/p>\n<ol>\n<li>Definici\u00f3n<\/li>\n<li>T\u00e9cnicas individuales<\/li>\n<li>T\u00e9cnicas de entrevista<\/li>\n<li>\u2026<\/li>\n<\/ol>\n<p><strong>NIVELES DE APOYO Y HERRAMIENTAS\u00a0<\/strong><\/p>\n<ol>\n<li>Los niveles de apoyo<\/li>\n<li>Herramientas de los niveles<\/li>\n<\/ol>\n<p><strong>T\u00c9CNICAS ESTRUCTURALES\u00a0<\/strong><\/p>\n<ol>\n<li>Definici\u00f3n<\/li>\n<li>M\u00e9todo GROW TM<\/li>\n<li>M\u00e9todo ACHIEVE TM<\/li>\n<li>\u2026<\/li>\n<\/ol>\n<p><strong>SISTEMAS DE APRENDIZAJE\u00a0<\/strong><\/p>\n<ol>\n<li>Definici\u00f3n<\/li>\n<li>Modelado<\/li>\n<li>Andamiaje<\/li>\n<li>\u2026<\/li>\n<\/ol>\n<p><strong>T\u00c9CNICAS EXPLORATORIAS\u00a0<\/strong><\/p>\n<ol>\n<li>Definici\u00f3n<\/li>\n<li>Rueda de la vida<\/li>\n<li>Escala de valores<\/li>\n<li>&#8230;<\/li>\n<\/ol>\n<ol>\n<li><\/li>\n<\/ol>\n<p><strong>DIN\u00c1MICAS DE GRUPO\u00a0<\/strong><\/p>\n<ol>\n<li>Definici\u00f3n y clasificaci\u00f3n<\/li>\n<li>T\u00e9cnicas de grupo grande<\/li>\n<li>Grupo mediano<\/li>\n<li>\u2026<\/li>\n<\/ol>\n<p>&nbsp;<\/p>\n<p><a href=\"https:\/\/www.centro-cee.com\/temarios_web\/c_cee010.pdf\" target=\"_blank\" rel=\"noopener\">Descargar Temario<\/a><\/p>\n<p>&nbsp;<\/p>\n<p>&nbsp;<\/p>\n<hr \/>\n<p>&nbsp;<\/p>\n","protected":false},"excerpt":{"rendered":"<p><a href=\"https:\/\/centro-cee.com\/web\/formaciones\/\">Atr\u00e1s<\/a><\/p>\n<p>Coaching en inteligencia emocional se refiere al proceso de guiar a una persona para que pueda desarrollar y mejorar su inteligencia emocional, es decir, su capacidad para reconocer, comprender y manejar sus propias emociones, as\u00ed como las de los dem\u00e1s.<\/p>\n<p>El coach trabaja con la persona para ayudarla a identificar sus fortalezas y debilidades emocionales, a desarrollar habilidades para manejar situaciones dif\u00edciles y a alcanzar sus metas personales y profesionales.<\/p>\n<p>Es un proceso de aprendizaje y desarrollo personal que busca mejorar la calidad de vida de las personas.<\/p>\n","protected":false},"featured_media":370,"comment_status":"closed","ping_status":"closed","template":"","meta":[],"product_brand":[],"product_cat":[2048,17],"product_tag":[1044,1501,1502,1503,1500,60,908,1504,1499,426],"class_list":{"0":"post-368","1":"product","2":"type-product","3":"status-publish","4":"has-post-thumbnail","6":"product_cat-cursos-online-psicologia","7":"product_cat-master","8":"product_tag-certificacion-en-pnl","9":"product_tag-curso-online-de-coaching-e-inteligencia-emocional","10":"product_tag-desarrollo-de-habilidades-emocionales","11":"product_tag-estrategias-de-comunicacion-efectiva","12":"product_tag-formacion-en-coaching-personal-y-profesional","13":"product_tag-inteligencia-emocional","14":"product_tag-master-en-coaching","15":"product_tag-motivacion-y-liderazgo","16":"product_tag-programacion-neurolinguistica-pnl","17":"product_tag-tecnicas-de-coaching","19":"first","20":"instock","21":"sale","22":"shipping-taxable","23":"purchasable","24":"product-type-simple"},"yoast_head":"<!-- This site is optimized with the Yoast SEO plugin v27.4 - https:\/\/yoast.com\/product\/yoast-seo-wordpress\/ -->\n<title>M\u00e1ster en Coaching, Inteligencia Emocional y PNL - Centro CEE<\/title>\n<meta name=\"description\" content=\"M\u00e1ster en coaching y PNL de Centro CEE. Formaci\u00f3n muy completa. Aprendizaje y desarrollo personal para mejorar la calidad de vida de las personas.\" \/>\n<meta name=\"robots\" content=\"index, follow, max-snippet:-1, max-image-preview:large, max-video-preview:-1\" \/>\n<link rel=\"canonical\" href=\"https:\/\/centro-cee.com\/web\/producto\/master-en-coaching-inteligencia-emocional-y-pnl\/\" \/>\n<meta property=\"og:locale\" content=\"es_ES\" \/>\n<meta property=\"og:type\" content=\"article\" \/>\n<meta property=\"og:title\" content=\"M\u00e1ster en Coaching, Inteligencia Emocional y PNL - Centro CEE\" \/>\n<meta property=\"og:description\" content=\"M\u00e1ster en coaching y PNL de Centro CEE. Formaci\u00f3n muy completa. Aprendizaje y desarrollo personal para mejorar la calidad de vida de las personas.\" \/>\n<meta property=\"og:url\" content=\"https:\/\/centro-cee.com\/web\/producto\/master-en-coaching-inteligencia-emocional-y-pnl\/\" \/>\n<meta property=\"og:site_name\" content=\"CEE Centro Europeo E-learning - Cursos online\" \/>\n<meta property=\"article:modified_time\" content=\"2026-03-13T16:42:28+00:00\" \/>\n<meta property=\"og:image\" content=\"https:\/\/centro-cee.com\/web\/wp-content\/uploads\/2023\/01\/s_coaching.png\" \/>\n\t<meta property=\"og:image:width\" content=\"400\" \/>\n\t<meta property=\"og:image:height\" content=\"242\" \/>\n\t<meta property=\"og:image:type\" content=\"image\/png\" \/>\n<meta name=\"twitter:card\" content=\"summary_large_image\" \/>\n<meta name=\"twitter:label1\" content=\"Tiempo de lectura\" \/>\n\t<meta name=\"twitter:data1\" content=\"3 minutos\" \/>\n<script type=\"application\/ld+json\" class=\"yoast-schema-graph\">{\"@context\":\"https:\\\/\\\/schema.org\",\"@graph\":[{\"@type\":\"WebPage\",\"@id\":\"https:\\\/\\\/centro-cee.com\\\/web\\\/producto\\\/master-en-coaching-inteligencia-emocional-y-pnl\\\/\",\"url\":\"https:\\\/\\\/centro-cee.com\\\/web\\\/producto\\\/master-en-coaching-inteligencia-emocional-y-pnl\\\/\",\"name\":\"M\u00e1ster en Coaching, Inteligencia Emocional y PNL - Centro CEE\",\"isPartOf\":{\"@id\":\"https:\\\/\\\/centro-cee.com\\\/web\\\/#website\"},\"primaryImageOfPage\":{\"@id\":\"https:\\\/\\\/centro-cee.com\\\/web\\\/producto\\\/master-en-coaching-inteligencia-emocional-y-pnl\\\/#primaryimage\"},\"image\":{\"@id\":\"https:\\\/\\\/centro-cee.com\\\/web\\\/producto\\\/master-en-coaching-inteligencia-emocional-y-pnl\\\/#primaryimage\"},\"thumbnailUrl\":\"https:\\\/\\\/centro-cee.com\\\/web\\\/wp-content\\\/uploads\\\/2023\\\/01\\\/s_coaching.png\",\"datePublished\":\"2023-01-13T12:04:10+00:00\",\"dateModified\":\"2026-03-13T16:42:28+00:00\",\"description\":\"M\u00e1ster en coaching y PNL de Centro CEE. Formaci\u00f3n muy completa. Aprendizaje y desarrollo personal para mejorar la calidad de vida de las personas.\",\"breadcrumb\":{\"@id\":\"https:\\\/\\\/centro-cee.com\\\/web\\\/producto\\\/master-en-coaching-inteligencia-emocional-y-pnl\\\/#breadcrumb\"},\"inLanguage\":\"es\",\"potentialAction\":[{\"@type\":\"ReadAction\",\"target\":[\"https:\\\/\\\/centro-cee.com\\\/web\\\/producto\\\/master-en-coaching-inteligencia-emocional-y-pnl\\\/\"]}]},{\"@type\":\"ImageObject\",\"inLanguage\":\"es\",\"@id\":\"https:\\\/\\\/centro-cee.com\\\/web\\\/producto\\\/master-en-coaching-inteligencia-emocional-y-pnl\\\/#primaryimage\",\"url\":\"https:\\\/\\\/centro-cee.com\\\/web\\\/wp-content\\\/uploads\\\/2023\\\/01\\\/s_coaching.png\",\"contentUrl\":\"https:\\\/\\\/centro-cee.com\\\/web\\\/wp-content\\\/uploads\\\/2023\\\/01\\\/s_coaching.png\",\"width\":400,\"height\":242},{\"@type\":\"BreadcrumbList\",\"@id\":\"https:\\\/\\\/centro-cee.com\\\/web\\\/producto\\\/master-en-coaching-inteligencia-emocional-y-pnl\\\/#breadcrumb\",\"itemListElement\":[{\"@type\":\"ListItem\",\"position\":1,\"name\":\"Portada\",\"item\":\"https:\\\/\\\/centro-cee.com\\\/web\\\/\"},{\"@type\":\"ListItem\",\"position\":2,\"name\":\"M\u00e1ster en Coaching, Inteligencia Emocional y PNL\"}]},{\"@type\":\"WebSite\",\"@id\":\"https:\\\/\\\/centro-cee.com\\\/web\\\/#website\",\"url\":\"https:\\\/\\\/centro-cee.com\\\/web\\\/\",\"name\":\"Centro Europeo E-learning\",\"description\":\"CEE Formaci\u00f3n Online\",\"publisher\":{\"@id\":\"https:\\\/\\\/centro-cee.com\\\/web\\\/#organization\"},\"alternateName\":\"Centro Online de Formaci\u00f3n\",\"potentialAction\":[{\"@type\":\"SearchAction\",\"target\":{\"@type\":\"EntryPoint\",\"urlTemplate\":\"https:\\\/\\\/centro-cee.com\\\/web\\\/?s={search_term_string}\"},\"query-input\":{\"@type\":\"PropertyValueSpecification\",\"valueRequired\":true,\"valueName\":\"search_term_string\"}}],\"inLanguage\":\"es\"},{\"@type\":\"Organization\",\"@id\":\"https:\\\/\\\/centro-cee.com\\\/web\\\/#organization\",\"name\":\"Centro Europeo E-learning CEE\",\"url\":\"https:\\\/\\\/centro-cee.com\\\/web\\\/\",\"logo\":{\"@type\":\"ImageObject\",\"inLanguage\":\"es\",\"@id\":\"https:\\\/\\\/centro-cee.com\\\/web\\\/#\\\/schema\\\/logo\\\/image\\\/\",\"url\":\"https:\\\/\\\/centro-cee.com\\\/web\\\/wp-content\\\/uploads\\\/2022\\\/12\\\/cropped-logo_educa.png\",\"contentUrl\":\"https:\\\/\\\/centro-cee.com\\\/web\\\/wp-content\\\/uploads\\\/2022\\\/12\\\/cropped-logo_educa.png\",\"width\":157,\"height\":63,\"caption\":\"Centro Europeo E-learning CEE\"},\"image\":{\"@id\":\"https:\\\/\\\/centro-cee.com\\\/web\\\/#\\\/schema\\\/logo\\\/image\\\/\"},\"sameAs\":[\"https:\\\/\\\/www.instagram.com\\\/centroeuropeo_cee\"]}]}<\/script>\n<!-- \/ Yoast SEO plugin. -->","yoast_head_json":{"title":"M\u00e1ster en Coaching, Inteligencia Emocional y PNL - Centro CEE","description":"M\u00e1ster en coaching y PNL de Centro CEE. Formaci\u00f3n muy completa. Aprendizaje y desarrollo personal para mejorar la calidad de vida de las personas.","robots":{"index":"index","follow":"follow","max-snippet":"max-snippet:-1","max-image-preview":"max-image-preview:large","max-video-preview":"max-video-preview:-1"},"canonical":"https:\/\/centro-cee.com\/web\/producto\/master-en-coaching-inteligencia-emocional-y-pnl\/","og_locale":"es_ES","og_type":"article","og_title":"M\u00e1ster en Coaching, Inteligencia Emocional y PNL - Centro CEE","og_description":"M\u00e1ster en coaching y PNL de Centro CEE. Formaci\u00f3n muy completa. Aprendizaje y desarrollo personal para mejorar la calidad de vida de las personas.","og_url":"https:\/\/centro-cee.com\/web\/producto\/master-en-coaching-inteligencia-emocional-y-pnl\/","og_site_name":"CEE Centro Europeo E-learning - Cursos online","article_modified_time":"2026-03-13T16:42:28+00:00","og_image":[{"width":400,"height":242,"url":"https:\/\/centro-cee.com\/web\/wp-content\/uploads\/2023\/01\/s_coaching.png","type":"image\/png"}],"twitter_card":"summary_large_image","twitter_misc":{"Tiempo de lectura":"3 minutos"},"schema":{"@context":"https:\/\/schema.org","@graph":[{"@type":"WebPage","@id":"https:\/\/centro-cee.com\/web\/producto\/master-en-coaching-inteligencia-emocional-y-pnl\/","url":"https:\/\/centro-cee.com\/web\/producto\/master-en-coaching-inteligencia-emocional-y-pnl\/","name":"M\u00e1ster en Coaching, Inteligencia Emocional y PNL - Centro CEE","isPartOf":{"@id":"https:\/\/centro-cee.com\/web\/#website"},"primaryImageOfPage":{"@id":"https:\/\/centro-cee.com\/web\/producto\/master-en-coaching-inteligencia-emocional-y-pnl\/#primaryimage"},"image":{"@id":"https:\/\/centro-cee.com\/web\/producto\/master-en-coaching-inteligencia-emocional-y-pnl\/#primaryimage"},"thumbnailUrl":"https:\/\/centro-cee.com\/web\/wp-content\/uploads\/2023\/01\/s_coaching.png","datePublished":"2023-01-13T12:04:10+00:00","dateModified":"2026-03-13T16:42:28+00:00","description":"M\u00e1ster en coaching y PNL de Centro CEE. Formaci\u00f3n muy completa. Aprendizaje y desarrollo personal para mejorar la calidad de vida de las personas.","breadcrumb":{"@id":"https:\/\/centro-cee.com\/web\/producto\/master-en-coaching-inteligencia-emocional-y-pnl\/#breadcrumb"},"inLanguage":"es","potentialAction":[{"@type":"ReadAction","target":["https:\/\/centro-cee.com\/web\/producto\/master-en-coaching-inteligencia-emocional-y-pnl\/"]}]},{"@type":"ImageObject","inLanguage":"es","@id":"https:\/\/centro-cee.com\/web\/producto\/master-en-coaching-inteligencia-emocional-y-pnl\/#primaryimage","url":"https:\/\/centro-cee.com\/web\/wp-content\/uploads\/2023\/01\/s_coaching.png","contentUrl":"https:\/\/centro-cee.com\/web\/wp-content\/uploads\/2023\/01\/s_coaching.png","width":400,"height":242},{"@type":"BreadcrumbList","@id":"https:\/\/centro-cee.com\/web\/producto\/master-en-coaching-inteligencia-emocional-y-pnl\/#breadcrumb","itemListElement":[{"@type":"ListItem","position":1,"name":"Portada","item":"https:\/\/centro-cee.com\/web\/"},{"@type":"ListItem","position":2,"name":"M\u00e1ster en Coaching, Inteligencia Emocional y PNL"}]},{"@type":"WebSite","@id":"https:\/\/centro-cee.com\/web\/#website","url":"https:\/\/centro-cee.com\/web\/","name":"Centro Europeo E-learning","description":"CEE Formaci\u00f3n Online","publisher":{"@id":"https:\/\/centro-cee.com\/web\/#organization"},"alternateName":"Centro Online de Formaci\u00f3n","potentialAction":[{"@type":"SearchAction","target":{"@type":"EntryPoint","urlTemplate":"https:\/\/centro-cee.com\/web\/?s={search_term_string}"},"query-input":{"@type":"PropertyValueSpecification","valueRequired":true,"valueName":"search_term_string"}}],"inLanguage":"es"},{"@type":"Organization","@id":"https:\/\/centro-cee.com\/web\/#organization","name":"Centro Europeo E-learning CEE","url":"https:\/\/centro-cee.com\/web\/","logo":{"@type":"ImageObject","inLanguage":"es","@id":"https:\/\/centro-cee.com\/web\/#\/schema\/logo\/image\/","url":"https:\/\/centro-cee.com\/web\/wp-content\/uploads\/2022\/12\/cropped-logo_educa.png","contentUrl":"https:\/\/centro-cee.com\/web\/wp-content\/uploads\/2022\/12\/cropped-logo_educa.png","width":157,"height":63,"caption":"Centro Europeo E-learning CEE"},"image":{"@id":"https:\/\/centro-cee.com\/web\/#\/schema\/logo\/image\/"},"sameAs":["https:\/\/www.instagram.com\/centroeuropeo_cee"]}]}},"_links":{"self":[{"href":"https:\/\/centro-cee.com\/web\/wp-json\/wp\/v2\/product\/368","targetHints":{"allow":["GET"]}}],"collection":[{"href":"https:\/\/centro-cee.com\/web\/wp-json\/wp\/v2\/product"}],"about":[{"href":"https:\/\/centro-cee.com\/web\/wp-json\/wp\/v2\/types\/product"}],"replies":[{"embeddable":true,"href":"https:\/\/centro-cee.com\/web\/wp-json\/wp\/v2\/comments?post=368"}],"wp:featuredmedia":[{"embeddable":true,"href":"https:\/\/centro-cee.com\/web\/wp-json\/wp\/v2\/media\/370"}],"wp:attachment":[{"href":"https:\/\/centro-cee.com\/web\/wp-json\/wp\/v2\/media?parent=368"}],"wp:term":[{"taxonomy":"product_brand","embeddable":true,"href":"https:\/\/centro-cee.com\/web\/wp-json\/wp\/v2\/product_brand?post=368"},{"taxonomy":"product_cat","embeddable":true,"href":"https:\/\/centro-cee.com\/web\/wp-json\/wp\/v2\/product_cat?post=368"},{"taxonomy":"product_tag","embeddable":true,"href":"https:\/\/centro-cee.com\/web\/wp-json\/wp\/v2\/product_tag?post=368"}],"curies":[{"name":"wp","href":"https:\/\/api.w.org\/{rel}","templated":true}]}}