{"id":325,"date":"2023-01-01T00:00:41","date_gmt":"2023-01-01T00:00:41","guid":{"rendered":"https:\/\/centro-cee.com\/web\/?post_type=product&#038;p=325"},"modified":"2026-03-13T12:26:15","modified_gmt":"2026-03-13T12:26:15","slug":"tecnico-auxiliar-de-farmacia-y-parafarmacia","status":"publish","type":"product","link":"https:\/\/centro-cee.com\/web\/producto\/tecnico-auxiliar-de-farmacia-y-parafarmacia\/","title":{"rendered":"T\u00e9cnico Auxiliar de Farmacia y Parafarmacia"},"content":{"rendered":"<hr \/>\n<p><a href=\"https:\/\/centro-cee.com\/web\/formaciones\/\">Atr\u00e1s<\/a><\/p>\n<p><strong>T\u00e9cnico Auxiliar de Farmacia y Parafarmacia<\/strong><\/p>\n<p>Toda esta formaci\u00f3n se realiza 100% online en nuestro campus online de formaci\u00f3n.<\/p>\n<p>Las tutorias se realizan directamente desde el campus de estudio con la opci\u00f3n de mensajer\u00eda a profesores. Las tutorias son \u00aba demanda\u00bb, cuando necesites soporte nos lo pides.<\/p>\n<p>Los t\u00edtulos de Centro CEE est\u00e1n autenticados por la firma de notario que valida contenidos y autenticidad a nivel internacional. Nuestra organizaci\u00f3n pertenece a la Asociaci\u00f3n Espa\u00f1ola de Calidad, organizaci\u00f3n Espa\u00f1ola de referencia para la calidad en la formaci\u00f3n de T\u00e9cnico Auxiliar de Farmacia y Parafarmacia. La certificaci\u00f3n se puede apostillar por la Haya para cualquier pa\u00eds firmante del convenio de la Haya.<\/p>\n<p>Se puede pagar a plazos.<\/p>\n<p>Carga horaria de la formaci\u00f3n: 600h<\/p>\n<p>&nbsp;<\/p>\n<h2>Temario<\/h2>\n<hr \/>\n<p><strong>T\u00c9CNICO AUXILIAR DE FARMACIA<\/strong><br \/>\nTEMA 1. LA OFICINA DE FARMACIA<br \/>\n1. \u00bfQu\u00e9 es la Oficina de Farmacia?<br \/>\n2. Funciones de la Oficina de Farmacia<br \/>\n3. Evoluci\u00f3n hist\u00f3rica de la Oficina de Farmacia<br \/>\n4. \u2026<br \/>\nTEMA 2. EL LABORATORIO GAL\u00c9NICO<br \/>\n1. Conceptos generales y caracter\u00edsticas de los locales de laboratorio<br \/>\n2. Utillaje m\u00ednimo en el laboratorio gal\u00e9nico<br \/>\n3. ..<br \/>\nTEMA 3. EL MANTENIMIENTO DE LOS MEDICAMENTOS<br \/>\n1. Cadena de fr\u00edo de las vacunas<br \/>\n2. Elementos materiales de la cadena fija<br \/>\n3. Elementos materiales de la cadena m\u00f3vil<br \/>\n4. \u2026<br \/>\nTEMA 4. LA DISPENSACI\u00d3N DE LOS MEDICAMENTOS EN LA OFICINA DE FARMACIA<br \/>\n1. Introducci\u00f3n a la dispensaci\u00f3n de medicamentos<br \/>\n2. Dispensaci\u00f3n de medicamentos sin receta m\u00e9dica<br \/>\n3. Dispensaci\u00f3n de medicamentos con receta m\u00e9dica<br \/>\n4. \u2026<br \/>\nTEMA 5. LEGISLACI\u00d3N FARMAC\u00c9UTICA B\u00c1SICA<br \/>\n1. Introducci\u00f3n<br \/>\n2. Ley 14\/1986, de 25 de abril, General de Sanidad<br \/>\n3. Ley 25\/1990, de 20 de diciembre, del Medicamento<br \/>\n4. Ley 16\/1997, de 25 de abril, de Regulaci\u00f3n de Servicios de las Oficinas de Farmacia<br \/>\n5. Ley de 30 de diciembre de 1997, de medidas fiscales, administrativas y del orden social<br \/>\n6. Real Decreto Ley 4\/2010, de 26 de Marzo de racionalizaci\u00f3n del gasto farmac\u00e9utico<br \/>\n7. \u2026<br \/>\nTEMA 6. NOCIONES GENERALES DE FARMACOLOG\u00cdA<br \/>\n1. Farmacodinamia general<br \/>\n2. Dosificaci\u00f3n de los f\u00e1rmacos<br \/>\n3. Bases moleculares de la acci\u00f3n de los f\u00e1rmacos<br \/>\n4. ..<br \/>\nTEMA 7. FORMAS FARMAC\u00c9UTICAS<br \/>\n1. Formas farmac\u00e9uticas l\u00edquidas<br \/>\n2. Formas farmac\u00e9uticas s\u00f3lidas<br \/>\n3. \u2026<br \/>\nTEMA 8. SISTEMA NERVIOSO Y APARATO LOCOMOTOR<br \/>\n1. El sistema nervioso<br \/>\n2. Los psicof\u00e1rmacos<br \/>\n3. El aparato locomotor<br \/>\n4. \u2026<br \/>\nTEMA 9. SISTEMA CIRCULATORIO Y APARATO RESPIRATORIO<br \/>\n1. El sistema circulatorio<br \/>\n2. Enfermedades del coraz\u00f3n (cardiopat\u00edas)<br \/>\n3. El aparato respiratorio<br \/>\n4. ..<br \/>\nTEMA 10. APARATO DIGESTIVO Y SISTEMA ENDOCRINO<br \/>\n1. El aparato digestivo<br \/>\n2. Principales enfermedades del aparato digestivo<br \/>\n3. Tratamiento y farmacolog\u00eda de las principales enfermedades del aparato digestivo<br \/>\n4. \u2026<br \/>\nTEMA 11. DERMATOL\u00d3GICOS, ANTIMIC\u00d3TICOS Y ANTIPARASITARIOS<br \/>\n1. La piel<br \/>\n2. Principales patolog\u00edas y f\u00e1rmacos dermatol\u00f3gicos<br \/>\n3. Los antif\u00fangicos o antimic\u00f3ticos<br \/>\n4. Los antiparasitarios<br \/>\nTEMA 12. ANTIBI\u00d3TICOS<br \/>\n1. Microorganismos como agentes de enfermedad<br \/>\n2. Los antibi\u00f3ticos y su clasificaci\u00f3n<br \/>\n3. Lact\u00e1micos<br \/>\n4. ..<br \/>\nTEMA 13. OPERACIONES B\u00c1SICAS EN EL LABORATORIO DE FARMACIA<br \/>\n1. Sistema internacional de unidades<br \/>\n2. Medici\u00f3n del peso de cuerpos<br \/>\n3. ..<br \/>\nTEMA 14. APARATOS E INSTRUMENTOS DEL LABORATORIO GAL\u00c9NICO<br \/>\n1. Instrumentos de aplicaci\u00f3n com\u00fan<br \/>\n2. Material de uso constante en la oficina de farmacia<br \/>\n3. Recipientes auxiliares en la medici\u00f3n de l\u00edquidos<br \/>\nTEMA 15. DIVISI\u00d3N DE LAS OPERACIONES FARMAC\u00c9UTICAS<br \/>\n1. Introducci\u00f3n<br \/>\n2. Operaciones de naturaleza f\u00edsica<br \/>\n3. \u2026<br \/>\nTEMA 16. T\u00c9CNICAS DE DESINFECCI\u00d3N Y ESTERILIZACI\u00d3N<br \/>\n1. C\u00f3mo act\u00faan los agentes f\u00edsicos y qu\u00edmicos sobre los g\u00e9rmenes<br \/>\n2. Clasificaci\u00f3n de los antis\u00e9pticos<br \/>\n3. Clasificaci\u00f3n de los m\u00e9todos de descontaminaci\u00f3n<br \/>\nTEMA 17. AN\u00c1LISIS DE AGUAS<br \/>\n1. El agua<br \/>\n2. La legislaci\u00f3n acerca del agua potable<br \/>\n3. Aguas de recreo y de consumo p\u00fablico<br \/>\n4. \u2026<br \/>\nTEMA 18. AN\u00c1LISIS CL\u00cdNICOS<br \/>\n1. An\u00e1lisis de las muestras biol\u00f3gicas<br \/>\n2. El hemograma y las muestras sangu\u00edneas<br \/>\n3. Las muestras sangu\u00edneas para su uso en bioqu\u00edmica<br \/>\n4. Muestras de orina<br \/>\n5. \u2026<br \/>\n<strong>PARTE 2. T\u00c9CNICO AUXILIAR DE PARAFARMACIA<\/strong><br \/>\nTEMA 19. FARMACIA ALTERNATIVA: HOMEOPAT\u00cdA, FITOTERAPIA Y PARAFARMACIA<br \/>\n1. \u00bfQu\u00e9 es la Homeopat\u00eda?<br \/>\n2. Principios b\u00e1sicos de la homeopat\u00eda<br \/>\n3. Origen de los medicamentos homeop\u00e1ticos<br \/>\n4. Preparaci\u00f3n de las diluciones<br \/>\n5. Receta homeop\u00e1tica<br \/>\n6. Algunos tratamiento en homeopat\u00eda<br \/>\n7. \u2026<br \/>\nTEMA 20. INTRODUCCI\u00d3N A LA FITOTERAPIA<br \/>\n1. Definici\u00f3n de conceptos<br \/>\n2. Evoluci\u00f3n hist\u00f3rica de la Fitoterapia<br \/>\n3. Conceptos b\u00e1sicos actuales en Fitoterapia<br \/>\n4. \u2026<br \/>\nTEMA 21. CONSTITUYENTES DE LAS PLANTAS MEDICINALES<br \/>\n1. Principios activos<br \/>\n2. Partes de las plantas medicinales que se pueden utilizar<br \/>\n3. Clasificaci\u00f3n de las plantas medicinales<br \/>\nTEMA 22. ADMINISTRACI\u00d3N DE LAS PLANTAS MEDICINALES<br \/>\n1. Cultivo, recolecci\u00f3n y conservaci\u00f3n de las plantas medicinales<br \/>\n2. T\u00e9cnicas de preparaci\u00f3n de las plantas medicinales<br \/>\n3. Dosificaci\u00f3n de las plantas medicinales<br \/>\n4. \u2026<br \/>\nTEMA 23. PLANTAS MEDICINALES M\u00c1S UTILIZADAS (I)<br \/>\n1. Introducci\u00f3n<br \/>\n2. Plantas medicinales de la letra A a la letra F<br \/>\nTEMA 24. PLANTAS MEDICINALES M\u00c1S UTILIZADAS (II)<br \/>\n1. Introducci\u00f3n<br \/>\n2. Plantas medicinales de la letra G a la letra Z<br \/>\nTEMA 25. DERMOFARMACIA Y COSM\u00c9TICA<br \/>\n1. La piel<br \/>\n2. Componentes de un cosm\u00e9tico<br \/>\n3. Hidrataci\u00f3n cut\u00e1nea y sustancias hidratantes<br \/>\n4. Tratamientos corporales<br \/>\n5. \u2026<br \/>\nTEMA 26. \u00d3PTICA<br \/>\n1. El aparato visual<br \/>\n2. La visi\u00f3n<br \/>\n3. Lentes usadas para la correcci\u00f3n<br \/>\n4. \u2026<\/p>\n<p><strong>T\u00e9cnico Auxiliar de Farmacia y Parafarmacia<\/strong><\/p>\n<p><a href=\"https:\/\/www.centro-cee.com\/temarios_web\/c_cee021.pdf\" target=\"_blank\" rel=\"noopener\">Descarga Temario<\/a><\/p>\n<p>&nbsp;<\/p>\n<p>&nbsp;<\/p>\n<hr \/>\n<p>&nbsp;<\/p>\n","protected":false},"excerpt":{"rendered":"<p><a href=\"https:\/\/centro-cee.com\/web\/formaciones\/\">Atr\u00e1s<\/a><\/p>\n<p>La industria farmac\u00e9utica ha sido siempre un sector potencial en la econom\u00eda y un sector que, por sus caracter\u00edsticas, demanda todo el tiempo a distintos profesionales de variados niveles.<\/p>\n<p>Con este curso de t\u00e9cnico, aprender\u00e1s lo relacionado con las oficinas de farmacia, medicamentos, legislaci\u00f3n, caracter\u00edsticas de cada parte del cuerpo para determinar f\u00e1rmacos, antibi\u00f3ticos, entre otras cuestiones.<\/p>\n","protected":false},"featured_media":326,"comment_status":"closed","ping_status":"closed","template":"","meta":[],"product_brand":[],"product_cat":[2046,34],"product_tag":[1542,1548,1540,1543,1546,1541,1545,1549,1547,1544],"class_list":{"0":"post-325","1":"product","2":"type-product","3":"status-publish","4":"has-post-thumbnail","6":"product_cat-cursos-salud","7":"product_cat-tecnicos","8":"product_tag-certificacion-en-farmacia","9":"product_tag-cuidados-de-la-salud-y-bienestar","10":"product_tag-curso-de-tecnico-auxiliar-de-farmacia","11":"product_tag-curso-online-de-farmacia-y-parafarmacia","12":"product_tag-dispensacion-de-medicamentos","13":"product_tag-formacion-en-parafarmacia","14":"product_tag-gestion-de-productos-farmaceuticos","15":"product_tag-intervencion-en-farmacoterapia","16":"product_tag-normativa-y-legislacion-farmaceutica","17":"product_tag-tecnicas-de-atencion-al-cliente-en-farmacia","19":"first","20":"instock","21":"sale","22":"shipping-taxable","23":"purchasable","24":"product-type-simple"},"yoast_head":"<!-- This site is optimized with the Yoast SEO plugin v27.5 - https:\/\/yoast.com\/product\/yoast-seo-wordpress\/ -->\n<title>T\u00e9cnico Auxiliar de Farmacia y Parafarmacia<\/title>\n<meta name=\"description\" content=\"Formaci\u00f3n especializada como T\u00e9cnico Auxiliar de Farmacia y Parafarmacia. Aprende las habilidades para asistir a los farmac\u00e9uticos y a los pacientes.\" \/>\n<meta name=\"robots\" content=\"index, follow, max-snippet:-1, max-image-preview:large, max-video-preview:-1\" \/>\n<link rel=\"canonical\" href=\"https:\/\/centro-cee.com\/web\/producto\/tecnico-auxiliar-de-farmacia-y-parafarmacia\/\" \/>\n<meta property=\"og:locale\" content=\"es_ES\" \/>\n<meta property=\"og:type\" content=\"article\" \/>\n<meta property=\"og:title\" content=\"T\u00e9cnico Auxiliar de Farmacia y Parafarmacia\" \/>\n<meta property=\"og:description\" content=\"Formaci\u00f3n especializada como T\u00e9cnico Auxiliar de Farmacia y Parafarmacia. Aprende las habilidades para asistir a los farmac\u00e9uticos y a los pacientes.\" \/>\n<meta property=\"og:url\" content=\"https:\/\/centro-cee.com\/web\/producto\/tecnico-auxiliar-de-farmacia-y-parafarmacia\/\" \/>\n<meta property=\"og:site_name\" content=\"CEE Centro Europeo E-learning - Cursos online\" \/>\n<meta property=\"article:modified_time\" content=\"2026-03-13T12:26:15+00:00\" \/>\n<meta property=\"og:image\" content=\"https:\/\/centro-cee.com\/web\/wp-content\/uploads\/2023\/01\/cee020.jpg\" \/>\n\t<meta property=\"og:image:width\" content=\"1280\" \/>\n\t<meta property=\"og:image:height\" content=\"853\" \/>\n\t<meta property=\"og:image:type\" content=\"image\/jpeg\" \/>\n<meta name=\"twitter:card\" content=\"summary_large_image\" \/>\n<meta name=\"twitter:label1\" content=\"Tiempo de lectura\" \/>\n\t<meta name=\"twitter:data1\" content=\"4 minutos\" \/>\n<script type=\"application\/ld+json\" class=\"yoast-schema-graph\">{\"@context\":\"https:\\\/\\\/schema.org\",\"@graph\":[{\"@type\":\"WebPage\",\"@id\":\"https:\\\/\\\/centro-cee.com\\\/web\\\/producto\\\/tecnico-auxiliar-de-farmacia-y-parafarmacia\\\/\",\"url\":\"https:\\\/\\\/centro-cee.com\\\/web\\\/producto\\\/tecnico-auxiliar-de-farmacia-y-parafarmacia\\\/\",\"name\":\"T\u00e9cnico Auxiliar de Farmacia y Parafarmacia\",\"isPartOf\":{\"@id\":\"https:\\\/\\\/centro-cee.com\\\/web\\\/#website\"},\"primaryImageOfPage\":{\"@id\":\"https:\\\/\\\/centro-cee.com\\\/web\\\/producto\\\/tecnico-auxiliar-de-farmacia-y-parafarmacia\\\/#primaryimage\"},\"image\":{\"@id\":\"https:\\\/\\\/centro-cee.com\\\/web\\\/producto\\\/tecnico-auxiliar-de-farmacia-y-parafarmacia\\\/#primaryimage\"},\"thumbnailUrl\":\"https:\\\/\\\/centro-cee.com\\\/web\\\/wp-content\\\/uploads\\\/2023\\\/01\\\/cee020.jpg\",\"datePublished\":\"2023-01-01T00:00:41+00:00\",\"dateModified\":\"2026-03-13T12:26:15+00:00\",\"description\":\"Formaci\u00f3n especializada como T\u00e9cnico Auxiliar de Farmacia y Parafarmacia. Aprende las habilidades para asistir a los farmac\u00e9uticos y a los pacientes.\",\"breadcrumb\":{\"@id\":\"https:\\\/\\\/centro-cee.com\\\/web\\\/producto\\\/tecnico-auxiliar-de-farmacia-y-parafarmacia\\\/#breadcrumb\"},\"inLanguage\":\"es\",\"potentialAction\":[{\"@type\":\"ReadAction\",\"target\":[\"https:\\\/\\\/centro-cee.com\\\/web\\\/producto\\\/tecnico-auxiliar-de-farmacia-y-parafarmacia\\\/\"]}]},{\"@type\":\"ImageObject\",\"inLanguage\":\"es\",\"@id\":\"https:\\\/\\\/centro-cee.com\\\/web\\\/producto\\\/tecnico-auxiliar-de-farmacia-y-parafarmacia\\\/#primaryimage\",\"url\":\"https:\\\/\\\/centro-cee.com\\\/web\\\/wp-content\\\/uploads\\\/2023\\\/01\\\/cee020.jpg\",\"contentUrl\":\"https:\\\/\\\/centro-cee.com\\\/web\\\/wp-content\\\/uploads\\\/2023\\\/01\\\/cee020.jpg\",\"width\":1280,\"height\":853},{\"@type\":\"BreadcrumbList\",\"@id\":\"https:\\\/\\\/centro-cee.com\\\/web\\\/producto\\\/tecnico-auxiliar-de-farmacia-y-parafarmacia\\\/#breadcrumb\",\"itemListElement\":[{\"@type\":\"ListItem\",\"position\":1,\"name\":\"Portada\",\"item\":\"https:\\\/\\\/centro-cee.com\\\/web\\\/\"},{\"@type\":\"ListItem\",\"position\":2,\"name\":\"T\u00e9cnico Auxiliar de Farmacia y Parafarmacia\"}]},{\"@type\":\"WebSite\",\"@id\":\"https:\\\/\\\/centro-cee.com\\\/web\\\/#website\",\"url\":\"https:\\\/\\\/centro-cee.com\\\/web\\\/\",\"name\":\"Centro Europeo E-learning\",\"description\":\"CEE Formaci\u00f3n Online\",\"publisher\":{\"@id\":\"https:\\\/\\\/centro-cee.com\\\/web\\\/#organization\"},\"alternateName\":\"Centro Online de Formaci\u00f3n\",\"potentialAction\":[{\"@type\":\"SearchAction\",\"target\":{\"@type\":\"EntryPoint\",\"urlTemplate\":\"https:\\\/\\\/centro-cee.com\\\/web\\\/?s={search_term_string}\"},\"query-input\":{\"@type\":\"PropertyValueSpecification\",\"valueRequired\":true,\"valueName\":\"search_term_string\"}}],\"inLanguage\":\"es\"},{\"@type\":\"Organization\",\"@id\":\"https:\\\/\\\/centro-cee.com\\\/web\\\/#organization\",\"name\":\"Centro Europeo E-learning CEE\",\"url\":\"https:\\\/\\\/centro-cee.com\\\/web\\\/\",\"logo\":{\"@type\":\"ImageObject\",\"inLanguage\":\"es\",\"@id\":\"https:\\\/\\\/centro-cee.com\\\/web\\\/#\\\/schema\\\/logo\\\/image\\\/\",\"url\":\"https:\\\/\\\/centro-cee.com\\\/web\\\/wp-content\\\/uploads\\\/2022\\\/12\\\/cropped-logo_educa.png\",\"contentUrl\":\"https:\\\/\\\/centro-cee.com\\\/web\\\/wp-content\\\/uploads\\\/2022\\\/12\\\/cropped-logo_educa.png\",\"width\":157,\"height\":63,\"caption\":\"Centro Europeo E-learning CEE\"},\"image\":{\"@id\":\"https:\\\/\\\/centro-cee.com\\\/web\\\/#\\\/schema\\\/logo\\\/image\\\/\"},\"sameAs\":[\"https:\\\/\\\/www.instagram.com\\\/centroeuropeo_cee\"]}]}<\/script>\n<!-- \/ Yoast SEO plugin. -->","yoast_head_json":{"title":"T\u00e9cnico Auxiliar de Farmacia y Parafarmacia","description":"Formaci\u00f3n especializada como T\u00e9cnico Auxiliar de Farmacia y Parafarmacia. Aprende las habilidades para asistir a los farmac\u00e9uticos y a los pacientes.","robots":{"index":"index","follow":"follow","max-snippet":"max-snippet:-1","max-image-preview":"max-image-preview:large","max-video-preview":"max-video-preview:-1"},"canonical":"https:\/\/centro-cee.com\/web\/producto\/tecnico-auxiliar-de-farmacia-y-parafarmacia\/","og_locale":"es_ES","og_type":"article","og_title":"T\u00e9cnico Auxiliar de Farmacia y Parafarmacia","og_description":"Formaci\u00f3n especializada como T\u00e9cnico Auxiliar de Farmacia y Parafarmacia. Aprende las habilidades para asistir a los farmac\u00e9uticos y a los pacientes.","og_url":"https:\/\/centro-cee.com\/web\/producto\/tecnico-auxiliar-de-farmacia-y-parafarmacia\/","og_site_name":"CEE Centro Europeo E-learning - Cursos online","article_modified_time":"2026-03-13T12:26:15+00:00","og_image":[{"width":1280,"height":853,"url":"https:\/\/centro-cee.com\/web\/wp-content\/uploads\/2023\/01\/cee020.jpg","type":"image\/jpeg"}],"twitter_card":"summary_large_image","twitter_misc":{"Tiempo de lectura":"4 minutos"},"schema":{"@context":"https:\/\/schema.org","@graph":[{"@type":"WebPage","@id":"https:\/\/centro-cee.com\/web\/producto\/tecnico-auxiliar-de-farmacia-y-parafarmacia\/","url":"https:\/\/centro-cee.com\/web\/producto\/tecnico-auxiliar-de-farmacia-y-parafarmacia\/","name":"T\u00e9cnico Auxiliar de Farmacia y Parafarmacia","isPartOf":{"@id":"https:\/\/centro-cee.com\/web\/#website"},"primaryImageOfPage":{"@id":"https:\/\/centro-cee.com\/web\/producto\/tecnico-auxiliar-de-farmacia-y-parafarmacia\/#primaryimage"},"image":{"@id":"https:\/\/centro-cee.com\/web\/producto\/tecnico-auxiliar-de-farmacia-y-parafarmacia\/#primaryimage"},"thumbnailUrl":"https:\/\/centro-cee.com\/web\/wp-content\/uploads\/2023\/01\/cee020.jpg","datePublished":"2023-01-01T00:00:41+00:00","dateModified":"2026-03-13T12:26:15+00:00","description":"Formaci\u00f3n especializada como T\u00e9cnico Auxiliar de Farmacia y Parafarmacia. Aprende las habilidades para asistir a los farmac\u00e9uticos y a los pacientes.","breadcrumb":{"@id":"https:\/\/centro-cee.com\/web\/producto\/tecnico-auxiliar-de-farmacia-y-parafarmacia\/#breadcrumb"},"inLanguage":"es","potentialAction":[{"@type":"ReadAction","target":["https:\/\/centro-cee.com\/web\/producto\/tecnico-auxiliar-de-farmacia-y-parafarmacia\/"]}]},{"@type":"ImageObject","inLanguage":"es","@id":"https:\/\/centro-cee.com\/web\/producto\/tecnico-auxiliar-de-farmacia-y-parafarmacia\/#primaryimage","url":"https:\/\/centro-cee.com\/web\/wp-content\/uploads\/2023\/01\/cee020.jpg","contentUrl":"https:\/\/centro-cee.com\/web\/wp-content\/uploads\/2023\/01\/cee020.jpg","width":1280,"height":853},{"@type":"BreadcrumbList","@id":"https:\/\/centro-cee.com\/web\/producto\/tecnico-auxiliar-de-farmacia-y-parafarmacia\/#breadcrumb","itemListElement":[{"@type":"ListItem","position":1,"name":"Portada","item":"https:\/\/centro-cee.com\/web\/"},{"@type":"ListItem","position":2,"name":"T\u00e9cnico Auxiliar de Farmacia y Parafarmacia"}]},{"@type":"WebSite","@id":"https:\/\/centro-cee.com\/web\/#website","url":"https:\/\/centro-cee.com\/web\/","name":"Centro Europeo E-learning","description":"CEE Formaci\u00f3n Online","publisher":{"@id":"https:\/\/centro-cee.com\/web\/#organization"},"alternateName":"Centro Online de Formaci\u00f3n","potentialAction":[{"@type":"SearchAction","target":{"@type":"EntryPoint","urlTemplate":"https:\/\/centro-cee.com\/web\/?s={search_term_string}"},"query-input":{"@type":"PropertyValueSpecification","valueRequired":true,"valueName":"search_term_string"}}],"inLanguage":"es"},{"@type":"Organization","@id":"https:\/\/centro-cee.com\/web\/#organization","name":"Centro Europeo E-learning CEE","url":"https:\/\/centro-cee.com\/web\/","logo":{"@type":"ImageObject","inLanguage":"es","@id":"https:\/\/centro-cee.com\/web\/#\/schema\/logo\/image\/","url":"https:\/\/centro-cee.com\/web\/wp-content\/uploads\/2022\/12\/cropped-logo_educa.png","contentUrl":"https:\/\/centro-cee.com\/web\/wp-content\/uploads\/2022\/12\/cropped-logo_educa.png","width":157,"height":63,"caption":"Centro Europeo E-learning CEE"},"image":{"@id":"https:\/\/centro-cee.com\/web\/#\/schema\/logo\/image\/"},"sameAs":["https:\/\/www.instagram.com\/centroeuropeo_cee"]}]}},"_links":{"self":[{"href":"https:\/\/centro-cee.com\/web\/wp-json\/wp\/v2\/product\/325","targetHints":{"allow":["GET"]}}],"collection":[{"href":"https:\/\/centro-cee.com\/web\/wp-json\/wp\/v2\/product"}],"about":[{"href":"https:\/\/centro-cee.com\/web\/wp-json\/wp\/v2\/types\/product"}],"replies":[{"embeddable":true,"href":"https:\/\/centro-cee.com\/web\/wp-json\/wp\/v2\/comments?post=325"}],"wp:featuredmedia":[{"embeddable":true,"href":"https:\/\/centro-cee.com\/web\/wp-json\/wp\/v2\/media\/326"}],"wp:attachment":[{"href":"https:\/\/centro-cee.com\/web\/wp-json\/wp\/v2\/media?parent=325"}],"wp:term":[{"taxonomy":"product_brand","embeddable":true,"href":"https:\/\/centro-cee.com\/web\/wp-json\/wp\/v2\/product_brand?post=325"},{"taxonomy":"product_cat","embeddable":true,"href":"https:\/\/centro-cee.com\/web\/wp-json\/wp\/v2\/product_cat?post=325"},{"taxonomy":"product_tag","embeddable":true,"href":"https:\/\/centro-cee.com\/web\/wp-json\/wp\/v2\/product_tag?post=325"}],"curies":[{"name":"wp","href":"https:\/\/api.w.org\/{rel}","templated":true}]}}