{"id":2582,"date":"2026-01-23T14:24:11","date_gmt":"2026-01-23T14:24:11","guid":{"rendered":"https:\/\/centro-cee.com\/web\/?post_type=product&#038;p=2582"},"modified":"2026-01-23T14:31:05","modified_gmt":"2026-01-23T14:31:05","slug":"especialista-en-apiterapia","status":"publish","type":"product","link":"https:\/\/centro-cee.com\/web\/producto\/especialista-en-apiterapia\/","title":{"rendered":"ESPECIALISTA EN APITERAPIA"},"content":{"rendered":"<hr \/>\n<p><a href=\"https:\/\/centro-cee.com\/web\/formaciones\/\">Atr\u00e1s<\/a><\/p>\n<h4>Especialista en Apiterapia<\/h4>\n<p>Toda esta formaci\u00f3n se realiza 100% online en nuestro campus online de formaci\u00f3n.<\/p>\n<p>Las tutorias se realizan directamente desde el campus de estudio con la opci\u00f3n de mensajer\u00eda a profesores. Las tutorias son \u00aba demanda\u00bb, cuando necesites soporte nos lo pides.<\/p>\n<p>Los t\u00edtulos de Centro CEE est\u00e1n autenticados por la firma de notario que valida contenidos y autenticidad a nivel internacional. Nuestra organizaci\u00f3n pertenece a la Asociaci\u00f3n Espa\u00f1ola de Calidad, organizaci\u00f3n Espa\u00f1ola de referencia para la calidad en la formaci\u00f3n. La certificaci\u00f3n se puede apostillar por la Haya para cualquier pa\u00eds firmante del convenio de la Haya.<\/p>\n<p>Se puede pagar a plazos.<\/p>\n<p>Carga horaria de la formaci\u00f3n: 300h<\/p>\n<p>&nbsp;<\/p>\n<h2>Temario Especialista en Apiterapia<\/h2>\n<hr \/>\n<div id=\"idTab1\" class=\"rte\">\n<div>\n<h4 class=\"tituloTema\">UNIDAD 1. INTRODUCCI\u00d3N A LA APITERAPIA<\/h4>\n<ol>\n<li>Concepto de medicina alternativa<\/li>\n<li>&#8211; Terapias Complementarias y Alternativas (TACs)<\/li>\n<li>La apiterapia<\/li>\n<li>&#8211; Desarrollo de la apiterapia<\/li>\n<li>&#8211; Tratamiento con apiterapia<\/li>\n<\/ol>\n<h4 class=\"tituloTema\">UNIDAD 2. EL VENENO DE LA ABEJA<\/h4>\n<ol>\n<li>Las abejas<\/li>\n<li>La apitoxina<\/li>\n<li>&#8211; Composici\u00f3n<\/li>\n<li>&#8211; Acci\u00f3n fisiol\u00f3gica de los componentes<\/li>\n<li>Extracci\u00f3n de la apitoxina<\/li>\n<\/ol>\n<h4 class=\"tituloTema\">UNIDAD 3. TRATAMIENTO DE ENFERMEDADES CON APITERAPIA<\/h4>\n<ol>\n<li>Eficacia de la apiterapia<\/li>\n<li>Valor terap\u00e9utico de la apiterapia<\/li>\n<li>&#8211; Artritis<\/li>\n<li>&#8211; C\u00e1ncer<\/li>\n<li>&#8211; Afecciones del sistema nervioso<\/li>\n<\/ol>\n<h4 class=\"tituloTema\">UNIDAD 4. INDICACIONES Y CONTRAINDICACIONES DE LA APITERAPIA<\/h4>\n<ol>\n<li>Indicaciones de la apiterapia<\/li>\n<li>&#8211; Procedimiento de aplicaci\u00f3n<\/li>\n<li>Contraindicaciones de la apiterapia<\/li>\n<li>&#8211; S\u00edndrome del envenenamiento y manifestaciones de hipersensibilidad<\/li>\n<\/ol>\n<h4 class=\"tituloTema\">UNIDAD 5. SHOCK ANAFIL\u00c1CTICO. S\u00cdNTOMAS Y PROTOCOLOS DE ACTUACI\u00d3N<\/h4>\n<ol>\n<li>La anafilaxia<\/li>\n<li>&#8211; Manejo de la anafilaxia<\/li>\n<li>El shock<\/li>\n<li>&#8211; Fases del proceso de shock<\/li>\n<li>&#8211; S\u00edntomas manifiestos del shock<\/li>\n<li>El shock anafil\u00e1ctico<\/li>\n<\/ol>\n<h4 class=\"tituloTema\">UNIDAD 6. RECOLECCI\u00d3N DE CUADROS Y EXTRACCI\u00d3N DE MIEL<\/h4>\n<ol>\n<li>Evaluaci\u00f3n de la cantidad de reservas de miel que necesita una colonia<\/li>\n<li>Selecci\u00f3n de los cuadros de miel apropiados<\/li>\n<li>T\u00e9cnicas y aparataje usados en el desabejado<\/li>\n<li>M\u00e9todos y condiciones en el transporte de cuadros<\/li>\n<li>T\u00e9cnicas empleadas en la extracci\u00f3n de miel<\/li>\n<li>&#8211; Desoperculaci\u00f3n<\/li>\n<li>&#8211; Centrifugaci\u00f3n<\/li>\n<li>Modelos de plantas de extracci\u00f3n<\/li>\n<li>&#8211; Extracci\u00f3n en sala m\u00f3vil<\/li>\n<li>&#8211; Extracci\u00f3n en sala fija<\/li>\n<li>T\u00e9cnicas de aplicaci\u00f3n<\/li>\n<\/ol>\n<h4 class=\"tituloTema\">UNIDAD 7. OBTENCI\u00d3N DE POLEN<\/h4>\n<ol>\n<li>Preparaci\u00f3n de la colonia para la producci\u00f3n de polen<\/li>\n<li>&#8211; Colonia de abejas<\/li>\n<li>Producci\u00f3n y obtenci\u00f3n del polen<\/li>\n<li>&#8211; Criterios de calidad del polen<\/li>\n<li>&#8211; Polilla de la cera<\/li>\n<li>&#8211; La trazabilidad<\/li>\n<li>Acondicionamiento del polen<\/li>\n<li>&#8211; Conservaci\u00f3n<\/li>\n<li>&#8211; Secado<\/li>\n<li>&#8211; Envasado<\/li>\n<li>Medios necesarios para la recolecci\u00f3n y extracci\u00f3n del polen<\/li>\n<li>&#8211; Cazapolen<\/li>\n<\/ol>\n<h4 class=\"tituloTema\">UNIDAD 8. OBTENCI\u00d3N DE PROP\u00d3LEOS Y VENENO<\/h4>\n<ol>\n<li>Preparaci\u00f3n de la colmena para la producci\u00f3n de prop\u00f3leos y veneno<\/li>\n<li>Producci\u00f3n y obtenci\u00f3n de veneno y prop\u00f3leos<\/li>\n<li>M\u00e9todos de extracci\u00f3n del veneno<\/li>\n<li>&#8211; Operaci\u00f3n de la extracci\u00f3n<\/li>\n<li>M\u00e9todos de extracci\u00f3n de prop\u00f3leos<\/li>\n<li>&#8211; Raspado de prop\u00f3leos<\/li>\n<li>&#8211; Colocaci\u00f3n de las rejillas<\/li>\n<li>Acondicionamiento y almacenamiento de prop\u00f3leos y veneno<\/li>\n<li>&#8211; Acondicionamiento y almacenamiento de prop\u00f3leos<\/li>\n<li>&#8211; Acondicionamiento y almacenamiento de veneno<\/li>\n<li>Equipos, m\u00e1quinas y herramientas utilizadas en la recolecci\u00f3n y extracci\u00f3n<\/li>\n<li>&#8211; Rejillas<\/li>\n<li>&#8211; Estimuladores el\u00e9ctricos<\/li>\n<\/ol>\n<h4 class=\"tituloTema\">UNIDAD 9. OBTENCI\u00d3N DE CERA<\/h4>\n<ol>\n<li>Criterios en la renovaci\u00f3n de cera en las colonias<\/li>\n<li>&#8211; Color de la cera<\/li>\n<li>&#8211; Fortaleza de la colonia<\/li>\n<li>&#8211; Di\u00e1metro de la celdilla<\/li>\n<li>&#8211; Vida \u00fatil del panal<\/li>\n<li>&#8211; Tipos de panal<\/li>\n<li>Producci\u00f3n, obtenci\u00f3n y acondicionamiento de cera<\/li>\n<li>Medios, equipos, m\u00e1quinas y herramientas<\/li>\n<li>&#8211; Calderas<\/li>\n<li>&#8211; Cerificadores<\/li>\n<li>&#8211; Laminadoras\/estampadoras de cera<\/li>\n<li>&#8211; Centrifugadora de op\u00e9rculos<\/li>\n<li>&#8211; Prensa y moldes<\/li>\n<\/ol>\n<h4 class=\"tituloTema\">UNIDAD 10. OBTENCI\u00d3N DE JALEA REAL<\/h4>\n<ol>\n<li>Preparaci\u00f3n de la colonia para su producci\u00f3n<\/li>\n<li>M\u00e9todos y aparataje utilizados en la producci\u00f3n<\/li>\n<li>Criterios de calidad y conservaci\u00f3n de la jalea real<\/li>\n<li>&#8211; Control de calidad<\/li>\n<li>&#8211; Conservaci\u00f3n de la jalea real<\/li>\n<li>Medios utilizados en la producci\u00f3n de jalea real<\/li>\n<li>&#8211; Cucharillas<\/li>\n<li>&#8211; Pipetas<\/li>\n<li>&#8211; C\u00fapulas para cr\u00eda de reinas<\/li>\n<li>&#8211; Extractores de jalea real<\/li>\n<\/ol>\n<\/div>\n<\/div>\n<h5><\/h5>\n<p data-start=\"1260\" data-end=\"1638\">\n<hr data-start=\"1640\" data-end=\"1643\" \/>\n<h4 data-start=\"1645\" data-end=\"1681\"><strong data-start=\"1648\" data-end=\"1681\">HABILIDADES QUE DESARROLLAR\u00c1S<\/strong><\/h4>\n<p data-start=\"1683\" data-end=\"1868\"><strong data-start=\"1683\" data-end=\"1727\">Comprensi\u00f3n terap\u00e9utica de la apiterapia<\/strong><br data-start=\"1727\" data-end=\"1730\" \/>Desarrollar\u00e1s la capacidad de comprender y aplicar la apiterapia como terapia complementaria, valorando su eficacia, beneficios y riesgos.<\/p>\n<p data-start=\"1870\" data-end=\"2052\"><strong data-start=\"1870\" data-end=\"1925\">Identificaci\u00f3n de indicaciones y contraindicaciones<\/strong><br data-start=\"1925\" data-end=\"1928\" \/>Aprender\u00e1s a reconocer cu\u00e1ndo la apiterapia es adecuada y cu\u00e1ndo est\u00e1 contraindicada, priorizando la seguridad del paciente.<\/p>\n<p data-start=\"2054\" data-end=\"2213\"><strong data-start=\"2054\" data-end=\"2092\">Manejo de protocolos de emergencia<\/strong><br data-start=\"2092\" data-end=\"2095\" \/>Adquirir\u00e1s habilidades para identificar y actuar ante reacciones al\u00e9rgicas graves y situaciones de shock anafil\u00e1ctico.<\/p>\n<p data-start=\"2215\" data-end=\"2416\"><strong data-start=\"2215\" data-end=\"2261\">T\u00e9cnicas de extracci\u00f3n ap\u00edcola profesional<\/strong><br data-start=\"2261\" data-end=\"2264\" \/>Ser\u00e1s capaz de aplicar correctamente los m\u00e9todos de obtenci\u00f3n de miel, polen, prop\u00f3leos, cera, veneno y jalea real, utilizando el equipamiento adecuado.<\/p>\n<p data-start=\"2418\" data-end=\"2600\"><strong data-start=\"2418\" data-end=\"2477\">Control de calidad y trazabilidad de productos ap\u00edcolas<\/strong><br data-start=\"2477\" data-end=\"2480\" \/>Desarrollar\u00e1s criterios para garantizar la calidad, conservaci\u00f3n y correcta manipulaci\u00f3n de los productos de la colmena.<\/p>\n<p data-start=\"2602\" data-end=\"2781\"><strong data-start=\"2602\" data-end=\"2654\">Integraci\u00f3n de pr\u00e1cticas ap\u00edcolas y terap\u00e9uticas<\/strong><br data-start=\"2654\" data-end=\"2657\" \/>Aprender\u00e1s a combinar conocimientos t\u00e9cnicos de apicultura con aplicaciones terap\u00e9uticas de forma responsable y profesional.<\/p>\n<hr data-start=\"2783\" data-end=\"2786\" \/>\n<h4 data-start=\"2788\" data-end=\"2816\"><strong data-start=\"2791\" data-end=\"2816\">SALIDAS PROFESIONALES<\/strong><\/h4>\n<ul>\n<li data-start=\"2818\" data-end=\"3161\">T\u00e9cnico en apiterapia<\/li>\n<li data-start=\"2818\" data-end=\"3161\">Especialista en terapias naturales y complementarias<\/li>\n<li data-start=\"2818\" data-end=\"3161\">Productor y manipulador de productos ap\u00edcolas<\/li>\n<li data-start=\"2818\" data-end=\"3161\">Colaborador en centros de medicina alternativa<\/li>\n<li data-start=\"2818\" data-end=\"3161\">Asesor en uso terap\u00e9utico de productos de la colmena<\/li>\n<li data-start=\"2818\" data-end=\"3161\">Apicultor especializado en productos con valor terap\u00e9utico<\/li>\n<li data-start=\"2818\" data-end=\"3161\">Apoyo t\u00e9cnico en herbolarios y centros naturistas<\/li>\n<\/ul>\n<p>&nbsp;<\/p>\n<p>&nbsp;<\/p>\n<h4>Especialista en Apiterapia<\/h4>\n<hr \/>\n<p>&nbsp;<\/p>\n","protected":false},"excerpt":{"rendered":"<p><a href=\"https:\/\/centro-cee.com\/web\/formaciones\/\">Atr\u00e1s<\/a><\/p>\n<p data-start=\"940\" data-end=\"1258\">Aprender\u00e1s los fundamentos de la apiterapia dentro del contexto de las terapias complementarias, comprendiendo el papel del veneno de abeja, su composici\u00f3n y efectos fisiol\u00f3gicos. Conocer\u00e1s las indicaciones terap\u00e9uticas de la apiterapia en distintas patolog\u00edas, as\u00ed como sus limitaciones y contraindicaciones cl\u00ednicas.<\/p>\n<p data-start=\"1260\" data-end=\"1638\">Te formar\u00e1s en la prevenci\u00f3n y actuaci\u00f3n ante reacciones adversas, especialmente en el manejo del shock anafil\u00e1ctico. Adem\u00e1s, adquirir\u00e1s conocimientos t\u00e9cnicos para la recolecci\u00f3n y extracci\u00f3n de miel, polen, prop\u00f3leos, cera, veneno y jalea real, incluyendo el uso de equipos, m\u00e9todos de extracci\u00f3n, acondicionamiento, conservaci\u00f3n y control de calidad de cada producto ap\u00edcola.<\/p>\n","protected":false},"featured_media":2584,"comment_status":"closed","ping_status":"closed","template":"","meta":[],"product_brand":[],"product_cat":[34],"product_tag":[],"class_list":{"0":"post-2582","1":"product","2":"type-product","3":"status-publish","4":"has-post-thumbnail","6":"product_cat-tecnicos","8":"first","9":"instock","10":"sale","11":"virtual","12":"purchasable","13":"product-type-simple"},"yoast_head":"<!-- This site is optimized with the Yoast SEO plugin v27.5 - https:\/\/yoast.com\/product\/yoast-seo-wordpress\/ -->\n<title>ESPECIALISTA EN APITERAPIA - CEE Centro Europeo E-learning - Cursos online<\/title>\n<meta name=\"description\" content=\"especializada en apiterapia y aprovechamiento terap\u00e9utico de los productos de la colmena, integrando conocimientos de medicina alternativa. Centro CEE\" \/>\n<meta name=\"robots\" content=\"index, follow, max-snippet:-1, max-image-preview:large, max-video-preview:-1\" \/>\n<link rel=\"canonical\" href=\"https:\/\/centro-cee.com\/web\/producto\/especialista-en-apiterapia\/\" \/>\n<meta property=\"og:locale\" content=\"es_ES\" \/>\n<meta property=\"og:type\" content=\"article\" \/>\n<meta property=\"og:title\" content=\"ESPECIALISTA EN APITERAPIA - CEE Centro Europeo E-learning - Cursos online\" \/>\n<meta property=\"og:description\" content=\"especializada en apiterapia y aprovechamiento terap\u00e9utico de los productos de la colmena, integrando conocimientos de medicina alternativa. Centro CEE\" \/>\n<meta property=\"og:url\" content=\"https:\/\/centro-cee.com\/web\/producto\/especialista-en-apiterapia\/\" \/>\n<meta property=\"og:site_name\" content=\"CEE Centro Europeo E-learning - Cursos online\" \/>\n<meta property=\"article:modified_time\" content=\"2026-01-23T14:31:05+00:00\" \/>\n<meta property=\"og:image\" content=\"https:\/\/centro-cee.com\/web\/wp-content\/uploads\/2026\/01\/Apiterapia1.png\" \/>\n\t<meta property=\"og:image:width\" content=\"676\" \/>\n\t<meta property=\"og:image:height\" content=\"489\" \/>\n\t<meta property=\"og:image:type\" content=\"image\/png\" \/>\n<meta name=\"twitter:card\" content=\"summary_large_image\" \/>\n<meta name=\"twitter:label1\" content=\"Tiempo de lectura\" \/>\n\t<meta name=\"twitter:data1\" content=\"4 minutos\" \/>\n<script type=\"application\/ld+json\" class=\"yoast-schema-graph\">{\"@context\":\"https:\\\/\\\/schema.org\",\"@graph\":[{\"@type\":\"WebPage\",\"@id\":\"https:\\\/\\\/centro-cee.com\\\/web\\\/producto\\\/especialista-en-apiterapia\\\/\",\"url\":\"https:\\\/\\\/centro-cee.com\\\/web\\\/producto\\\/especialista-en-apiterapia\\\/\",\"name\":\"ESPECIALISTA EN APITERAPIA - CEE Centro Europeo E-learning - Cursos online\",\"isPartOf\":{\"@id\":\"https:\\\/\\\/centro-cee.com\\\/web\\\/#website\"},\"primaryImageOfPage\":{\"@id\":\"https:\\\/\\\/centro-cee.com\\\/web\\\/producto\\\/especialista-en-apiterapia\\\/#primaryimage\"},\"image\":{\"@id\":\"https:\\\/\\\/centro-cee.com\\\/web\\\/producto\\\/especialista-en-apiterapia\\\/#primaryimage\"},\"thumbnailUrl\":\"https:\\\/\\\/centro-cee.com\\\/web\\\/wp-content\\\/uploads\\\/2026\\\/01\\\/Apiterapia1.png\",\"datePublished\":\"2026-01-23T14:24:11+00:00\",\"dateModified\":\"2026-01-23T14:31:05+00:00\",\"description\":\"especializada en apiterapia y aprovechamiento terap\u00e9utico de los productos de la colmena, integrando conocimientos de medicina alternativa. Centro CEE\",\"breadcrumb\":{\"@id\":\"https:\\\/\\\/centro-cee.com\\\/web\\\/producto\\\/especialista-en-apiterapia\\\/#breadcrumb\"},\"inLanguage\":\"es\",\"potentialAction\":[{\"@type\":\"ReadAction\",\"target\":[\"https:\\\/\\\/centro-cee.com\\\/web\\\/producto\\\/especialista-en-apiterapia\\\/\"]}]},{\"@type\":\"ImageObject\",\"inLanguage\":\"es\",\"@id\":\"https:\\\/\\\/centro-cee.com\\\/web\\\/producto\\\/especialista-en-apiterapia\\\/#primaryimage\",\"url\":\"https:\\\/\\\/centro-cee.com\\\/web\\\/wp-content\\\/uploads\\\/2026\\\/01\\\/Apiterapia1.png\",\"contentUrl\":\"https:\\\/\\\/centro-cee.com\\\/web\\\/wp-content\\\/uploads\\\/2026\\\/01\\\/Apiterapia1.png\",\"width\":676,\"height\":489,\"caption\":\"Apiterapia\"},{\"@type\":\"BreadcrumbList\",\"@id\":\"https:\\\/\\\/centro-cee.com\\\/web\\\/producto\\\/especialista-en-apiterapia\\\/#breadcrumb\",\"itemListElement\":[{\"@type\":\"ListItem\",\"position\":1,\"name\":\"Portada\",\"item\":\"https:\\\/\\\/centro-cee.com\\\/web\\\/\"},{\"@type\":\"ListItem\",\"position\":2,\"name\":\"ESPECIALISTA EN APITERAPIA\"}]},{\"@type\":\"WebSite\",\"@id\":\"https:\\\/\\\/centro-cee.com\\\/web\\\/#website\",\"url\":\"https:\\\/\\\/centro-cee.com\\\/web\\\/\",\"name\":\"Centro Europeo E-learning\",\"description\":\"CEE Formaci\u00f3n Online\",\"publisher\":{\"@id\":\"https:\\\/\\\/centro-cee.com\\\/web\\\/#organization\"},\"alternateName\":\"Centro Online de Formaci\u00f3n\",\"potentialAction\":[{\"@type\":\"SearchAction\",\"target\":{\"@type\":\"EntryPoint\",\"urlTemplate\":\"https:\\\/\\\/centro-cee.com\\\/web\\\/?s={search_term_string}\"},\"query-input\":{\"@type\":\"PropertyValueSpecification\",\"valueRequired\":true,\"valueName\":\"search_term_string\"}}],\"inLanguage\":\"es\"},{\"@type\":\"Organization\",\"@id\":\"https:\\\/\\\/centro-cee.com\\\/web\\\/#organization\",\"name\":\"Centro Europeo E-learning CEE\",\"url\":\"https:\\\/\\\/centro-cee.com\\\/web\\\/\",\"logo\":{\"@type\":\"ImageObject\",\"inLanguage\":\"es\",\"@id\":\"https:\\\/\\\/centro-cee.com\\\/web\\\/#\\\/schema\\\/logo\\\/image\\\/\",\"url\":\"https:\\\/\\\/centro-cee.com\\\/web\\\/wp-content\\\/uploads\\\/2022\\\/12\\\/cropped-logo_educa.png\",\"contentUrl\":\"https:\\\/\\\/centro-cee.com\\\/web\\\/wp-content\\\/uploads\\\/2022\\\/12\\\/cropped-logo_educa.png\",\"width\":157,\"height\":63,\"caption\":\"Centro Europeo E-learning CEE\"},\"image\":{\"@id\":\"https:\\\/\\\/centro-cee.com\\\/web\\\/#\\\/schema\\\/logo\\\/image\\\/\"},\"sameAs\":[\"https:\\\/\\\/www.instagram.com\\\/centroeuropeo_cee\"]}]}<\/script>\n<!-- \/ Yoast SEO plugin. -->","yoast_head_json":{"title":"ESPECIALISTA EN APITERAPIA - CEE Centro Europeo E-learning - Cursos online","description":"especializada en apiterapia y aprovechamiento terap\u00e9utico de los productos de la colmena, integrando conocimientos de medicina alternativa. Centro CEE","robots":{"index":"index","follow":"follow","max-snippet":"max-snippet:-1","max-image-preview":"max-image-preview:large","max-video-preview":"max-video-preview:-1"},"canonical":"https:\/\/centro-cee.com\/web\/producto\/especialista-en-apiterapia\/","og_locale":"es_ES","og_type":"article","og_title":"ESPECIALISTA EN APITERAPIA - CEE Centro Europeo E-learning - Cursos online","og_description":"especializada en apiterapia y aprovechamiento terap\u00e9utico de los productos de la colmena, integrando conocimientos de medicina alternativa. Centro CEE","og_url":"https:\/\/centro-cee.com\/web\/producto\/especialista-en-apiterapia\/","og_site_name":"CEE Centro Europeo E-learning - Cursos online","article_modified_time":"2026-01-23T14:31:05+00:00","og_image":[{"width":676,"height":489,"url":"https:\/\/centro-cee.com\/web\/wp-content\/uploads\/2026\/01\/Apiterapia1.png","type":"image\/png"}],"twitter_card":"summary_large_image","twitter_misc":{"Tiempo de lectura":"4 minutos"},"schema":{"@context":"https:\/\/schema.org","@graph":[{"@type":"WebPage","@id":"https:\/\/centro-cee.com\/web\/producto\/especialista-en-apiterapia\/","url":"https:\/\/centro-cee.com\/web\/producto\/especialista-en-apiterapia\/","name":"ESPECIALISTA EN APITERAPIA - CEE Centro Europeo E-learning - Cursos online","isPartOf":{"@id":"https:\/\/centro-cee.com\/web\/#website"},"primaryImageOfPage":{"@id":"https:\/\/centro-cee.com\/web\/producto\/especialista-en-apiterapia\/#primaryimage"},"image":{"@id":"https:\/\/centro-cee.com\/web\/producto\/especialista-en-apiterapia\/#primaryimage"},"thumbnailUrl":"https:\/\/centro-cee.com\/web\/wp-content\/uploads\/2026\/01\/Apiterapia1.png","datePublished":"2026-01-23T14:24:11+00:00","dateModified":"2026-01-23T14:31:05+00:00","description":"especializada en apiterapia y aprovechamiento terap\u00e9utico de los productos de la colmena, integrando conocimientos de medicina alternativa. Centro CEE","breadcrumb":{"@id":"https:\/\/centro-cee.com\/web\/producto\/especialista-en-apiterapia\/#breadcrumb"},"inLanguage":"es","potentialAction":[{"@type":"ReadAction","target":["https:\/\/centro-cee.com\/web\/producto\/especialista-en-apiterapia\/"]}]},{"@type":"ImageObject","inLanguage":"es","@id":"https:\/\/centro-cee.com\/web\/producto\/especialista-en-apiterapia\/#primaryimage","url":"https:\/\/centro-cee.com\/web\/wp-content\/uploads\/2026\/01\/Apiterapia1.png","contentUrl":"https:\/\/centro-cee.com\/web\/wp-content\/uploads\/2026\/01\/Apiterapia1.png","width":676,"height":489,"caption":"Apiterapia"},{"@type":"BreadcrumbList","@id":"https:\/\/centro-cee.com\/web\/producto\/especialista-en-apiterapia\/#breadcrumb","itemListElement":[{"@type":"ListItem","position":1,"name":"Portada","item":"https:\/\/centro-cee.com\/web\/"},{"@type":"ListItem","position":2,"name":"ESPECIALISTA EN APITERAPIA"}]},{"@type":"WebSite","@id":"https:\/\/centro-cee.com\/web\/#website","url":"https:\/\/centro-cee.com\/web\/","name":"Centro Europeo E-learning","description":"CEE Formaci\u00f3n Online","publisher":{"@id":"https:\/\/centro-cee.com\/web\/#organization"},"alternateName":"Centro Online de Formaci\u00f3n","potentialAction":[{"@type":"SearchAction","target":{"@type":"EntryPoint","urlTemplate":"https:\/\/centro-cee.com\/web\/?s={search_term_string}"},"query-input":{"@type":"PropertyValueSpecification","valueRequired":true,"valueName":"search_term_string"}}],"inLanguage":"es"},{"@type":"Organization","@id":"https:\/\/centro-cee.com\/web\/#organization","name":"Centro Europeo E-learning CEE","url":"https:\/\/centro-cee.com\/web\/","logo":{"@type":"ImageObject","inLanguage":"es","@id":"https:\/\/centro-cee.com\/web\/#\/schema\/logo\/image\/","url":"https:\/\/centro-cee.com\/web\/wp-content\/uploads\/2022\/12\/cropped-logo_educa.png","contentUrl":"https:\/\/centro-cee.com\/web\/wp-content\/uploads\/2022\/12\/cropped-logo_educa.png","width":157,"height":63,"caption":"Centro Europeo E-learning CEE"},"image":{"@id":"https:\/\/centro-cee.com\/web\/#\/schema\/logo\/image\/"},"sameAs":["https:\/\/www.instagram.com\/centroeuropeo_cee"]}]}},"_links":{"self":[{"href":"https:\/\/centro-cee.com\/web\/wp-json\/wp\/v2\/product\/2582","targetHints":{"allow":["GET"]}}],"collection":[{"href":"https:\/\/centro-cee.com\/web\/wp-json\/wp\/v2\/product"}],"about":[{"href":"https:\/\/centro-cee.com\/web\/wp-json\/wp\/v2\/types\/product"}],"replies":[{"embeddable":true,"href":"https:\/\/centro-cee.com\/web\/wp-json\/wp\/v2\/comments?post=2582"}],"wp:featuredmedia":[{"embeddable":true,"href":"https:\/\/centro-cee.com\/web\/wp-json\/wp\/v2\/media\/2584"}],"wp:attachment":[{"href":"https:\/\/centro-cee.com\/web\/wp-json\/wp\/v2\/media?parent=2582"}],"wp:term":[{"taxonomy":"product_brand","embeddable":true,"href":"https:\/\/centro-cee.com\/web\/wp-json\/wp\/v2\/product_brand?post=2582"},{"taxonomy":"product_cat","embeddable":true,"href":"https:\/\/centro-cee.com\/web\/wp-json\/wp\/v2\/product_cat?post=2582"},{"taxonomy":"product_tag","embeddable":true,"href":"https:\/\/centro-cee.com\/web\/wp-json\/wp\/v2\/product_tag?post=2582"}],"curies":[{"name":"wp","href":"https:\/\/api.w.org\/{rel}","templated":true}]}}