{"id":2545,"date":"2025-11-28T14:48:45","date_gmt":"2025-11-28T14:48:45","guid":{"rendered":"https:\/\/centro-cee.com\/web\/producto\/experta-en-orientacion-sexual-e-identidad-de-genero\/"},"modified":"2026-01-22T14:42:50","modified_gmt":"2026-01-22T14:42:50","slug":"experta-en-orientacion-sexual-e-identidad-de-genero","status":"publish","type":"product","link":"https:\/\/centro-cee.com\/web\/producto\/experta-en-orientacion-sexual-e-identidad-de-genero\/","title":{"rendered":"EXPERTA EN ORIENTACI\u00d3N SEXUAL E IDENTIDAD DE G\u00c9NERO"},"content":{"rendered":"<hr \/>\n<p><a href=\"https:\/\/centro-cee.com\/web\/formaciones\/\">Atr\u00e1s<\/a><\/p>\n<p><strong>Experta en Orientaci\u00f3n Sexual e Identidad de G\u00e9nero<\/strong><\/p>\n<p>Toda esta formaci\u00f3n se realiza 100% online en nuestro campus online de formaci\u00f3n.<\/p>\n<p>Las tutorias se realizan directamente desde el campus de estudio con la opci\u00f3n de mensajer\u00eda a profesores. Las tutorias son \u00aba demanda\u00bb, cuando necesites soporte nos lo pides.<\/p>\n<p>Los t\u00edtulos de Centro CEE est\u00e1n autenticados por la firma de notario que valida contenidos y autenticidad a nivel internacional. Nuestra organizaci\u00f3n pertenece a la Asociaci\u00f3n Espa\u00f1ola de Calidad, organizaci\u00f3n Espa\u00f1ola de referencia para la calidad en la formaci\u00f3n. La certificaci\u00f3n se puede apostillar por la Haya para cualquier pa\u00eds firmante del convenio de la Haya.<\/p>\n<p>Se puede pagar a plazos.<\/p>\n<p>Carga horaria de la formaci\u00f3n: 300h<\/p>\n<h2>Temario Experta en Orientaci\u00f3n Sexual e Identidad de G\u00e9nero<\/h2>\n<hr \/>\n<p>6. La importancia de la diversidad sexual<br \/>\n7. &#8211; Diferentes conceptos de la identidad de g\u00e9nero<br \/>\n8. &#8211; Diferentes conceptos de la orientaci\u00f3n sexual<br \/>\n9. Sexo y g\u00e9nero<br \/>\n10. Roles y estereotipos de g\u00e9nero<br \/>\n11. Machismo y Misoginia VS Hembrismo y Misandria<br \/>\n12. Feminismo<br \/>\n13. Masculinismo o nueva masculinidad<br \/>\n14. Movimiento transg\u00e9nero y feminismo<br \/>\n15. Bisexualidad<br \/>\nUNIDAD DID\u00c1CTICA 2. TEOR\u00cdA QUEER<br \/>\n1. Teor\u00eda Queer<br \/>\n2. &#8211; Adjetivo Queer: significado y repercusiones<br \/>\n3. Judith Butler como principal autora<br \/>\n4. G\u00e9nero en disputa. Feminismo y la subversi\u00f3n de la identidad<br \/>\n5. &#8211; Cuerpos que importan. El l\u00edmite discursivo del sexo<br \/>\n6. Julia Kristeva y su teor\u00eda semi\u00f3tica<br \/>\n7. Michel Foucault y la discontinuidad sexual<br \/>\n8. Heterosexualidad, heteronormatividad y heteropatriarcado<br \/>\n9. Concepto de \u201cg\u00e9nero\u201d<br \/>\n10. Identidad Queer: autodesignaci\u00f3n de la identidad<br \/>\nUNIDAD DID\u00c1CTICA 3. ASPECTOS JUR\u00cdDICOS ANTE LA DIVERSIDAD DE<br \/>\nG\u00c9NERO<br \/>\n1. Las Pol\u00edticas P\u00fablicas y las sociedades igualitarias<br \/>\n2. Las Naciones Unidas y los derechos en diversidad de g\u00e9nero<br \/>\n3. &#8211; Obligaciones de los estados con respecto a la protecci\u00f3n de los derechos<br \/>\nhumanos en diversidad de g\u00e9nero<br \/>\n4. Situaci\u00f3n actual de la legislaci\u00f3n sobre derechos LGBT en el mundo<br \/>\n5. Legislaci\u00f3n LGTB estatal y auton\u00f3mica<br \/>\n6. &#8211; Legislaci\u00f3n a nivel estatal<br \/>\n7. &#8211; Legislaci\u00f3n auton\u00f3mica<br \/>\n8. Delitos de odio en homofobia, transfobia y bifobia<br \/>\n9. &#8211; \u00bfC\u00f3mo identificar que se trata de un delito de odio?<br \/>\n10. &#8211; Delitos del c\u00f3digo penal que pueden ser delito de odio<br \/>\n11. &#8211; Diferencia entre delito de odio e incidencia. Incidencias denunciables<br \/>\n12. &#8211; Formas de denuncia<br \/>\nUNIDAD DID\u00c1CTICA 4. DIVERSIDAD DE G\u00c9NERO EN LA INFANCIA Y<br \/>\nADOLESCENCIA<br \/>\n1. La diversidad sexual en la infancia<br \/>\n2. El desarrollo de la identidad de g\u00e9nero en los ni\u00f1os<br \/>\n3. &#8211; Actuaci\u00f3n de los padres<br \/>\n4. &#8211; Expresi\u00f3n de la identidad de g\u00e9nero en los ni\u00f1os<br \/>\n5. Identidad de g\u00e9nero en la adolescencia<br \/>\n6. Desarrollo de la identidad durante la adolescencia<br \/>\n7. &#8211; Teor\u00eda de la identidad durante la adolescencia<br \/>\nUNIDAD DID\u00c1CTICA 5.TEOR\u00cdA DE CONJUNTOS DIFUSOS DE<br \/>\nSEXOG\u00c9NERO<br \/>\n1. Fundamento de la teor\u00eda<br \/>\n2. Fundamentos matem\u00e1ticos<br \/>\n3. Fundamentos biol\u00f3gicos<br \/>\n4. Conjuntos difusos de sexog\u00e9nero<br \/>\n5. \u00c9tica racional e intertransexualidad<br \/>\n6. &#8211; Intertransexualidad<br \/>\n7. &#8211; Intersexualidad<br \/>\n8. &#8211; Sexo y genitales en la intersexualidad<br \/>\nUNIDAD DID\u00c1CTICA 6. FAMILIAS HOMOPARENTALES<br \/>\n1. Tipos de familia<br \/>\n2. Nuevas familias<br \/>\n3. Valores dentro del sistema familiar<br \/>\n4. &#8211; La educaci\u00f3n de los valores en la familia<br \/>\n5. &#8211; La familia y los sistemas integradores de la personalidad<br \/>\n6. &#8211; Los valores en las familias monoparentales<br \/>\n7. Formas de acceso a la maternidad o paternidad<br \/>\n8. &#8211; El g\u00e9nero, el sexo y la orientaci\u00f3n sexual.<br \/>\n9. Las familias homosexuales<br \/>\n10. &#8211; Familia, maternidad y homosexualidad<br \/>\n11. La familia homoparental en la realidad y la diversidad familiar actual<\/p>\n<p><strong>Experta en Orientaci\u00f3n Sexual e Identidad de G\u00e9nero<\/strong><\/p>\n<hr \/>\n<p>&nbsp;<\/p>\n","protected":false},"excerpt":{"rendered":"<p><a href=\"https:\/\/centro-cee.com\/web\/formaciones\/\">Atr\u00e1s<\/a><\/p>\n<p>Esta formaci\u00f3n curso ofrece una formaci\u00f3n integral para comprender y abordar la diversidad<br \/>\nsexual y de g\u00e9nero. Dirigido a profesionales y personas interesadas en fomentar la inclusi\u00f3n,<br \/>\neste curso online combina conceptos te\u00f3ricos con herramientas pr\u00e1cticas para generar un<br \/>\nimpacto positivo en tu comunidad.<\/p>\n<p>Adquiere las competencias necesarias para identificar,<br \/>\nrespetar y acompa\u00f1ar diversas realidades desde una perspectiva inclusiva y respetuosa, con el<br \/>\napoyo de expertos en el campo. Prep\u00e1rate para ser un agente de cambio en la construcci\u00f3n de<br \/>\nuna sociedad m\u00e1s justa y consciente.<\/p>\n","protected":false},"featured_media":2574,"comment_status":"closed","ping_status":"closed","template":"","meta":[],"product_brand":[],"product_cat":[34],"product_tag":[],"class_list":{"0":"post-2545","1":"product","2":"type-product","3":"status-publish","4":"has-post-thumbnail","6":"product_cat-tecnicos","8":"first","9":"instock","10":"sale","11":"shipping-taxable","12":"purchasable","13":"product-type-simple"},"yoast_head":"<!-- This site is optimized with the Yoast SEO plugin v27.4 - https:\/\/yoast.com\/product\/yoast-seo-wordpress\/ -->\n<title>EXPERTA EN ORIENTACI\u00d3N SEXUAL E IDENTIDAD DE G\u00c9NERO - CEE Centro Europeo E-learning - Cursos online<\/title>\n<meta name=\"description\" content=\"Prep\u00e1rate para ser un agente de cambio en la construcci\u00f3n deuna sociedad m\u00e1s justa y consciente. Formaci\u00f3n Centro Europeo E-learning CEE\" \/>\n<meta name=\"robots\" content=\"index, follow, max-snippet:-1, max-image-preview:large, max-video-preview:-1\" \/>\n<link rel=\"canonical\" href=\"https:\/\/centro-cee.com\/web\/producto\/experta-en-orientacion-sexual-e-identidad-de-genero\/\" \/>\n<meta property=\"og:locale\" content=\"es_ES\" \/>\n<meta property=\"og:type\" content=\"article\" \/>\n<meta property=\"og:title\" content=\"EXPERTA EN ORIENTACI\u00d3N SEXUAL E IDENTIDAD DE G\u00c9NERO - CEE Centro Europeo E-learning - Cursos online\" \/>\n<meta property=\"og:description\" content=\"Prep\u00e1rate para ser un agente de cambio en la construcci\u00f3n deuna sociedad m\u00e1s justa y consciente. Formaci\u00f3n Centro Europeo E-learning CEE\" \/>\n<meta property=\"og:url\" content=\"https:\/\/centro-cee.com\/web\/producto\/experta-en-orientacion-sexual-e-identidad-de-genero\/\" \/>\n<meta property=\"og:site_name\" content=\"CEE Centro Europeo E-learning - Cursos online\" \/>\n<meta property=\"article:modified_time\" content=\"2026-01-22T14:42:50+00:00\" \/>\n<meta property=\"og:image\" content=\"https:\/\/centro-cee.com\/web\/wp-content\/uploads\/2025\/11\/27953220_sex_education6-scaled.jpg\" \/>\n\t<meta property=\"og:image:width\" content=\"2560\" \/>\n\t<meta property=\"og:image:height\" content=\"2416\" \/>\n\t<meta property=\"og:image:type\" content=\"image\/jpeg\" \/>\n<meta name=\"twitter:card\" content=\"summary_large_image\" \/>\n<meta name=\"twitter:label1\" content=\"Tiempo de lectura\" \/>\n\t<meta name=\"twitter:data1\" content=\"3 minutos\" \/>\n<script type=\"application\/ld+json\" class=\"yoast-schema-graph\">{\"@context\":\"https:\\\/\\\/schema.org\",\"@graph\":[{\"@type\":\"WebPage\",\"@id\":\"https:\\\/\\\/centro-cee.com\\\/web\\\/producto\\\/experta-en-orientacion-sexual-e-identidad-de-genero\\\/\",\"url\":\"https:\\\/\\\/centro-cee.com\\\/web\\\/producto\\\/experta-en-orientacion-sexual-e-identidad-de-genero\\\/\",\"name\":\"EXPERTA EN ORIENTACI\u00d3N SEXUAL E IDENTIDAD DE G\u00c9NERO - CEE Centro Europeo E-learning - Cursos online\",\"isPartOf\":{\"@id\":\"https:\\\/\\\/centro-cee.com\\\/web\\\/#website\"},\"primaryImageOfPage\":{\"@id\":\"https:\\\/\\\/centro-cee.com\\\/web\\\/producto\\\/experta-en-orientacion-sexual-e-identidad-de-genero\\\/#primaryimage\"},\"image\":{\"@id\":\"https:\\\/\\\/centro-cee.com\\\/web\\\/producto\\\/experta-en-orientacion-sexual-e-identidad-de-genero\\\/#primaryimage\"},\"thumbnailUrl\":\"https:\\\/\\\/centro-cee.com\\\/web\\\/wp-content\\\/uploads\\\/2025\\\/11\\\/27953220_sex_education6-scaled.jpg\",\"datePublished\":\"2025-11-28T14:48:45+00:00\",\"dateModified\":\"2026-01-22T14:42:50+00:00\",\"description\":\"Prep\u00e1rate para ser un agente de cambio en la construcci\u00f3n deuna sociedad m\u00e1s justa y consciente. Formaci\u00f3n Centro Europeo E-learning CEE\",\"breadcrumb\":{\"@id\":\"https:\\\/\\\/centro-cee.com\\\/web\\\/producto\\\/experta-en-orientacion-sexual-e-identidad-de-genero\\\/#breadcrumb\"},\"inLanguage\":\"es\",\"potentialAction\":[{\"@type\":\"ReadAction\",\"target\":[\"https:\\\/\\\/centro-cee.com\\\/web\\\/producto\\\/experta-en-orientacion-sexual-e-identidad-de-genero\\\/\"]}]},{\"@type\":\"ImageObject\",\"inLanguage\":\"es\",\"@id\":\"https:\\\/\\\/centro-cee.com\\\/web\\\/producto\\\/experta-en-orientacion-sexual-e-identidad-de-genero\\\/#primaryimage\",\"url\":\"https:\\\/\\\/centro-cee.com\\\/web\\\/wp-content\\\/uploads\\\/2025\\\/11\\\/27953220_sex_education6-scaled.jpg\",\"contentUrl\":\"https:\\\/\\\/centro-cee.com\\\/web\\\/wp-content\\\/uploads\\\/2025\\\/11\\\/27953220_sex_education6-scaled.jpg\",\"width\":2560,\"height\":2416,\"caption\":\"Sexual education concept. Sexual health lesson for young people. Contraception and reproduction system. Puberty development. Isolated vector illustration\"},{\"@type\":\"BreadcrumbList\",\"@id\":\"https:\\\/\\\/centro-cee.com\\\/web\\\/producto\\\/experta-en-orientacion-sexual-e-identidad-de-genero\\\/#breadcrumb\",\"itemListElement\":[{\"@type\":\"ListItem\",\"position\":1,\"name\":\"Portada\",\"item\":\"https:\\\/\\\/centro-cee.com\\\/web\\\/\"},{\"@type\":\"ListItem\",\"position\":2,\"name\":\"EXPERTA EN ORIENTACI\u00d3N SEXUAL E IDENTIDAD DE G\u00c9NERO\"}]},{\"@type\":\"WebSite\",\"@id\":\"https:\\\/\\\/centro-cee.com\\\/web\\\/#website\",\"url\":\"https:\\\/\\\/centro-cee.com\\\/web\\\/\",\"name\":\"Centro Europeo E-learning\",\"description\":\"CEE Formaci\u00f3n Online\",\"publisher\":{\"@id\":\"https:\\\/\\\/centro-cee.com\\\/web\\\/#organization\"},\"alternateName\":\"Centro Online de Formaci\u00f3n\",\"potentialAction\":[{\"@type\":\"SearchAction\",\"target\":{\"@type\":\"EntryPoint\",\"urlTemplate\":\"https:\\\/\\\/centro-cee.com\\\/web\\\/?s={search_term_string}\"},\"query-input\":{\"@type\":\"PropertyValueSpecification\",\"valueRequired\":true,\"valueName\":\"search_term_string\"}}],\"inLanguage\":\"es\"},{\"@type\":\"Organization\",\"@id\":\"https:\\\/\\\/centro-cee.com\\\/web\\\/#organization\",\"name\":\"Centro Europeo E-learning CEE\",\"url\":\"https:\\\/\\\/centro-cee.com\\\/web\\\/\",\"logo\":{\"@type\":\"ImageObject\",\"inLanguage\":\"es\",\"@id\":\"https:\\\/\\\/centro-cee.com\\\/web\\\/#\\\/schema\\\/logo\\\/image\\\/\",\"url\":\"https:\\\/\\\/centro-cee.com\\\/web\\\/wp-content\\\/uploads\\\/2022\\\/12\\\/cropped-logo_educa.png\",\"contentUrl\":\"https:\\\/\\\/centro-cee.com\\\/web\\\/wp-content\\\/uploads\\\/2022\\\/12\\\/cropped-logo_educa.png\",\"width\":157,\"height\":63,\"caption\":\"Centro Europeo E-learning CEE\"},\"image\":{\"@id\":\"https:\\\/\\\/centro-cee.com\\\/web\\\/#\\\/schema\\\/logo\\\/image\\\/\"},\"sameAs\":[\"https:\\\/\\\/www.instagram.com\\\/centroeuropeo_cee\"]}]}<\/script>\n<!-- \/ Yoast SEO plugin. -->","yoast_head_json":{"title":"EXPERTA EN ORIENTACI\u00d3N SEXUAL E IDENTIDAD DE G\u00c9NERO - CEE Centro Europeo E-learning - Cursos online","description":"Prep\u00e1rate para ser un agente de cambio en la construcci\u00f3n deuna sociedad m\u00e1s justa y consciente. Formaci\u00f3n Centro Europeo E-learning CEE","robots":{"index":"index","follow":"follow","max-snippet":"max-snippet:-1","max-image-preview":"max-image-preview:large","max-video-preview":"max-video-preview:-1"},"canonical":"https:\/\/centro-cee.com\/web\/producto\/experta-en-orientacion-sexual-e-identidad-de-genero\/","og_locale":"es_ES","og_type":"article","og_title":"EXPERTA EN ORIENTACI\u00d3N SEXUAL E IDENTIDAD DE G\u00c9NERO - CEE Centro Europeo E-learning - Cursos online","og_description":"Prep\u00e1rate para ser un agente de cambio en la construcci\u00f3n deuna sociedad m\u00e1s justa y consciente. Formaci\u00f3n Centro Europeo E-learning CEE","og_url":"https:\/\/centro-cee.com\/web\/producto\/experta-en-orientacion-sexual-e-identidad-de-genero\/","og_site_name":"CEE Centro Europeo E-learning - Cursos online","article_modified_time":"2026-01-22T14:42:50+00:00","og_image":[{"width":2560,"height":2416,"url":"https:\/\/centro-cee.com\/web\/wp-content\/uploads\/2025\/11\/27953220_sex_education6-scaled.jpg","type":"image\/jpeg"}],"twitter_card":"summary_large_image","twitter_misc":{"Tiempo de lectura":"3 minutos"},"schema":{"@context":"https:\/\/schema.org","@graph":[{"@type":"WebPage","@id":"https:\/\/centro-cee.com\/web\/producto\/experta-en-orientacion-sexual-e-identidad-de-genero\/","url":"https:\/\/centro-cee.com\/web\/producto\/experta-en-orientacion-sexual-e-identidad-de-genero\/","name":"EXPERTA EN ORIENTACI\u00d3N SEXUAL E IDENTIDAD DE G\u00c9NERO - CEE Centro Europeo E-learning - Cursos online","isPartOf":{"@id":"https:\/\/centro-cee.com\/web\/#website"},"primaryImageOfPage":{"@id":"https:\/\/centro-cee.com\/web\/producto\/experta-en-orientacion-sexual-e-identidad-de-genero\/#primaryimage"},"image":{"@id":"https:\/\/centro-cee.com\/web\/producto\/experta-en-orientacion-sexual-e-identidad-de-genero\/#primaryimage"},"thumbnailUrl":"https:\/\/centro-cee.com\/web\/wp-content\/uploads\/2025\/11\/27953220_sex_education6-scaled.jpg","datePublished":"2025-11-28T14:48:45+00:00","dateModified":"2026-01-22T14:42:50+00:00","description":"Prep\u00e1rate para ser un agente de cambio en la construcci\u00f3n deuna sociedad m\u00e1s justa y consciente. Formaci\u00f3n Centro Europeo E-learning CEE","breadcrumb":{"@id":"https:\/\/centro-cee.com\/web\/producto\/experta-en-orientacion-sexual-e-identidad-de-genero\/#breadcrumb"},"inLanguage":"es","potentialAction":[{"@type":"ReadAction","target":["https:\/\/centro-cee.com\/web\/producto\/experta-en-orientacion-sexual-e-identidad-de-genero\/"]}]},{"@type":"ImageObject","inLanguage":"es","@id":"https:\/\/centro-cee.com\/web\/producto\/experta-en-orientacion-sexual-e-identidad-de-genero\/#primaryimage","url":"https:\/\/centro-cee.com\/web\/wp-content\/uploads\/2025\/11\/27953220_sex_education6-scaled.jpg","contentUrl":"https:\/\/centro-cee.com\/web\/wp-content\/uploads\/2025\/11\/27953220_sex_education6-scaled.jpg","width":2560,"height":2416,"caption":"Sexual education concept. Sexual health lesson for young people. Contraception and reproduction system. Puberty development. Isolated vector illustration"},{"@type":"BreadcrumbList","@id":"https:\/\/centro-cee.com\/web\/producto\/experta-en-orientacion-sexual-e-identidad-de-genero\/#breadcrumb","itemListElement":[{"@type":"ListItem","position":1,"name":"Portada","item":"https:\/\/centro-cee.com\/web\/"},{"@type":"ListItem","position":2,"name":"EXPERTA EN ORIENTACI\u00d3N SEXUAL E IDENTIDAD DE G\u00c9NERO"}]},{"@type":"WebSite","@id":"https:\/\/centro-cee.com\/web\/#website","url":"https:\/\/centro-cee.com\/web\/","name":"Centro Europeo E-learning","description":"CEE Formaci\u00f3n Online","publisher":{"@id":"https:\/\/centro-cee.com\/web\/#organization"},"alternateName":"Centro Online de Formaci\u00f3n","potentialAction":[{"@type":"SearchAction","target":{"@type":"EntryPoint","urlTemplate":"https:\/\/centro-cee.com\/web\/?s={search_term_string}"},"query-input":{"@type":"PropertyValueSpecification","valueRequired":true,"valueName":"search_term_string"}}],"inLanguage":"es"},{"@type":"Organization","@id":"https:\/\/centro-cee.com\/web\/#organization","name":"Centro Europeo E-learning CEE","url":"https:\/\/centro-cee.com\/web\/","logo":{"@type":"ImageObject","inLanguage":"es","@id":"https:\/\/centro-cee.com\/web\/#\/schema\/logo\/image\/","url":"https:\/\/centro-cee.com\/web\/wp-content\/uploads\/2022\/12\/cropped-logo_educa.png","contentUrl":"https:\/\/centro-cee.com\/web\/wp-content\/uploads\/2022\/12\/cropped-logo_educa.png","width":157,"height":63,"caption":"Centro Europeo E-learning CEE"},"image":{"@id":"https:\/\/centro-cee.com\/web\/#\/schema\/logo\/image\/"},"sameAs":["https:\/\/www.instagram.com\/centroeuropeo_cee"]}]}},"_links":{"self":[{"href":"https:\/\/centro-cee.com\/web\/wp-json\/wp\/v2\/product\/2545","targetHints":{"allow":["GET"]}}],"collection":[{"href":"https:\/\/centro-cee.com\/web\/wp-json\/wp\/v2\/product"}],"about":[{"href":"https:\/\/centro-cee.com\/web\/wp-json\/wp\/v2\/types\/product"}],"replies":[{"embeddable":true,"href":"https:\/\/centro-cee.com\/web\/wp-json\/wp\/v2\/comments?post=2545"}],"wp:featuredmedia":[{"embeddable":true,"href":"https:\/\/centro-cee.com\/web\/wp-json\/wp\/v2\/media\/2574"}],"wp:attachment":[{"href":"https:\/\/centro-cee.com\/web\/wp-json\/wp\/v2\/media?parent=2545"}],"wp:term":[{"taxonomy":"product_brand","embeddable":true,"href":"https:\/\/centro-cee.com\/web\/wp-json\/wp\/v2\/product_brand?post=2545"},{"taxonomy":"product_cat","embeddable":true,"href":"https:\/\/centro-cee.com\/web\/wp-json\/wp\/v2\/product_cat?post=2545"},{"taxonomy":"product_tag","embeddable":true,"href":"https:\/\/centro-cee.com\/web\/wp-json\/wp\/v2\/product_tag?post=2545"}],"curies":[{"name":"wp","href":"https:\/\/api.w.org\/{rel}","templated":true}]}}