{"id":2543,"date":"2025-11-28T14:48:44","date_gmt":"2025-11-28T14:48:44","guid":{"rendered":"https:\/\/centro-cee.com\/web\/producto\/reparacion-de-pintura-y-carroceria-de-vehiculos\/"},"modified":"2026-03-13T17:11:45","modified_gmt":"2026-03-13T17:11:45","slug":"reparacion-de-pintura-y-carroceria-de-vehiculos","status":"publish","type":"product","link":"https:\/\/centro-cee.com\/web\/producto\/reparacion-de-pintura-y-carroceria-de-vehiculos\/","title":{"rendered":"REPARACI\u00d3N DE PINTURA Y CARROCER\u00cdA DE VEH\u00cdCULOS"},"content":{"rendered":"<hr \/>\n<p><a href=\"https:\/\/centro-cee.com\/web\/formaciones\/\">Atr\u00e1s<\/a><\/p>\n<p><strong>REPARACI\u00d3N DE PINTURA Y CARROCER\u00cdA DE VEH\u00cdCULOS<\/strong><\/p>\n<p>Toda esta formaci\u00f3n se realiza 100% online en nuestro campus online de formaci\u00f3n.<\/p>\n<p>Las tutor\u00edas se realizan directamente desde el campus de estudio con la opci\u00f3n de mensajer\u00eda a profesores. Las tutor\u00edas son \u00aba demanda\u00bb, cuando necesites soporte nos lo pides.<\/p>\n<p>Los t\u00edtulos de Centro CEE est\u00e1n autenticados por la firma de notario que valida contenidos y autenticidad a nivel internacional. Nuestra organizaci\u00f3n pertenece a la Asociaci\u00f3n Espa\u00f1ola de Calidad, organizaci\u00f3n Espa\u00f1ola de referencia para la calidad en la formaci\u00f3n. La certificaci\u00f3n se puede apostillar por la Haya para cualquier pa\u00eds firmante del convenio de la Haya.<\/p>\n<p>Se puede pagar a plazos.<\/p>\n<p>Carga horaria de la formaci\u00f3n: 300h<\/p>\n<h2>Temario <strong>Reparaci\u00f3n de pintura y carrocer\u00eda de veh\u00edculos<\/strong><\/h2>\n<hr \/>\n<p>1. PINTURAS DE REPARACI\u00d3N.<br \/>\n1. Composici\u00f3n:<br \/>\n2. Pigmentos:<br \/>\n3. &#8211; anticorrosivos<br \/>\n4. &#8211; cubrientes<br \/>\n5. &#8211; de acci\u00f3n espec\u00edfica: aluminio, mica\u2026<br \/>\n6. &#8211; cargas o extendedores<br \/>\n7. * Veh\u00edculo fijo, resinas o ligantes de secado:<br \/>\n8. &#8211; por evaporaci\u00f3n<br \/>\n9. &#8211; por oxidaci\u00f3n<br \/>\n10. &#8211; por temperatura<br \/>\n11. &#8211; por reacci\u00f3n qu\u00edmica<br \/>\n12. * Veh\u00edculo vol\u00e1til:<br \/>\n13. &#8211; disolventes<br \/>\n14. &#8211; diluyentes<br \/>\n15. * Endurecedores y catalizadores<br \/>\n16. * Secantes<br \/>\n17. * Aditivos<br \/>\n18. * Pinturas de fondo o preparaci\u00f3n, masillas, imprimaciones:<br \/>\n19. * Aparejos.<br \/>\n20. Pinturas de acabado:<br \/>\n21. &#8211; Monocapa colores s\u00f3lidos.<br \/>\n22. &#8211; Bicapa colores s\u00f3lidos y metalizados.<br \/>\n23. &#8211; Tricapas colores perlados y de efecto.<\/p>\n<p>UNIDAD DID\u00c1CTICA 2. HERRAMIENTAS Y EQUIPOS DE PINTADO.<br \/>\n1. Equipos de generaci\u00f3n, distribuci\u00f3n, regulaci\u00f3n y purificaci\u00f3n de aire<br \/>\ncomprimido.<br \/>\n2. Equipos de aplicaci\u00f3n:<br \/>\n3. * Pistolas convencionales de succi\u00f3n o gravedad.<br \/>\n4. * Pistolas de alta tasa de transferencia: HVL o h\u00edbridas.<br \/>\n5. Equipos de secado.<br \/>\n6. * Por convecci\u00f3n de aire caliente<br \/>\n7. * Por IR de onda corta o media<br \/>\n8. * Por UV<br \/>\n9. Equipos auxiliares utilizados en la zona de pintura.<\/p>\n<p>UNIDAD DID\u00c1CTICA 3. PRODUCTOS Y PROCESOS PARA EL<br \/>\nENMASCARADO EN EL EMBELLECIMIENTO DE SUPERFICIES.<br \/>\n1. Productos:<br \/>\n2. &#8211; Papel de enmascarado.<br \/>\n3. * Film de enmascarar, transparente autofijador y para el secado con IR.<br \/>\n4. * Fundas pl\u00e1sticas.<br \/>\n5. * Mantas de enmascarar.<br \/>\n6. * Cubreruedas.<br \/>\n7. * Cintas adhesivas de uso general, de perfilar y para molduras:<br \/>\n8. Burlete de enmascarar.<br \/>\n9. Cord\u00f3n piramidal.<br \/>\ninfo@centro-cee.com<br \/>\nasesora@centro-cee.com<br \/>\n10. \u00datil coloca junquillo.<br \/>\n11. M\u00e1scara l\u00edquida.<br \/>\n12. Procesos:<br \/>\n13. &#8211; Pintado de veh\u00edculos completos.<br \/>\n14. * Enmascarado de cristales y lunas.<br \/>\n15. * Enmascarado de molduras y tiradores.<br \/>\n16. * Protecci\u00f3n de ruedas.<br \/>\n17. * Protecci\u00f3n interiores:<br \/>\n18. ** hueco motor.<br \/>\n19. ** hueco maletero.<br \/>\n20. ** interiores de puertas.<br \/>\n21. -Pintado parcial de veh\u00edculos.<br \/>\n22. *Delimitaci\u00f3n de zona a reparar.<br \/>\n23. *Protecci\u00f3n del resto del veh\u00edculo.<br \/>\n24. -Pintado de interiores.<br \/>\n25. *Protecci\u00f3n de:<br \/>\n26. ** de instalaciones el\u00e9ctricas.<br \/>\n27. ** de elementos electromec\u00e1nicos.<br \/>\n28. ** de tapizados y guarnecidos.<\/p>\n<p>UNIDAD DID\u00c1CTICA 4. COLORIMETR\u00cdA.<br \/>\n1. Principios elementales de colorimetr\u00eda:<br \/>\n2. &#8211; Daltonismo.<br \/>\n3. &#8211; Luz y color.<br \/>\n4. &#8211; Mezcla aditiva, mezcla sustractiva.<br \/>\n5. Metamerismo.<br \/>\n6. El color en la carrocer\u00eda.<br \/>\n7. &#8211; Monocapa s\u00f3lidos.<br \/>\n8. &#8211; Bicapa s\u00f3lidos y metalizados.<br \/>\n9. &#8211; Tricapas perlados.<br \/>\n10. &#8211; De efecto.<br \/>\n11. Orientaciones pr\u00e1cticas para la mezcla e igualaci\u00f3n de colores.<br \/>\n12. C\u00f3digos de colores.<br \/>\nTEMA 2. REPARACI\u00d3N DE CARROCER\u00cdA<\/p>\n<p>UNIDAD DID\u00c1CTICA 1. CONCEPTOS DE M\u00c9TODOS Y T\u00c9CNICAS EN LA<br \/>\nREPARACI\u00d3N DE CARROCER\u00cdA.<br \/>\n1. M\u00e9todo de reparaci\u00f3n carrocer\u00eda de deformaciones en parte:<br \/>\n2. &#8211; Delantera.<br \/>\n3. &#8211; Central.<br \/>\n4. &#8211; Trasera.<br \/>\n5. T\u00e9cnica de colocaci\u00f3n de tiros y contratiros en parte:<br \/>\n6. &#8211; Delantera.<br \/>\n7. &#8211; Central.<br \/>\n8. &#8211; Trasera.<\/p>\n<p>UNIDAD DID\u00c1CTICA 2. T\u00c9CNICAS EMPLEADAS EN LA REALIZACI\u00d3N<br \/>\nDE TIROS.<br \/>\n1. Colocaci\u00f3n de:<br \/>\n2. &#8211; Eslinga de seguridad en tiros y contratiros.<br \/>\n3. &#8211; Tirantes para evitar descuadramientos en huecos de puertas.<br \/>\n4. &#8211; Mordazas, en tiros en parte central.<br \/>\n5. &#8211; Gato hidr\u00e1ulico en tiros en parte central.<br \/>\n6. &#8211; Gato hidr\u00e1ulico en rombo en parte trasera.<br \/>\n7. &#8211; Gato hidr\u00e1ulico para realizar tiro combinado.<br \/>\n8. &#8211; Procedimientos a seguir con puertas y lunas.<br \/>\n9. &#8211; Regulaci\u00f3n de alturas en torres y escuadras.<\/p>\n<p>UNIDAD DID\u00c1CTICA 3. HERRAMIENTAS Y \u00daTILES UTILIZADOS EN LA<br \/>\nREPARACI\u00d3N EN BANCADA.<br \/>\n1. Torre de tiro.<br \/>\n2. Escuadra de tiro tipo \u00abL\u00bb.<br \/>\n3. Gato hidr\u00e1ulico.<br \/>\n4. Bancadas con torres integradas.<br \/>\n5. Sistemas hidr\u00e1ulicos de presi\u00f3n.<br \/>\n6. Cadenas homologadas por el fabricante.<br \/>\n7. Mordazas de estiraje.<br \/>\n8. Pinza para tracci\u00f3n.<br \/>\n9. Pinza de tijera autoamordazante.<br \/>\n10. Media luna.<br \/>\n11. Accesorio de tracci\u00f3n manual para las torretas Mcpherson.<br \/>\n12. Ganchos universales de tracci\u00f3n.<br \/>\n13. Tirantes para evitar descuadramientos.<br \/>\n14. Polea de reenv\u00edo.<br \/>\n15. Eslingas de seguridad.<\/p>\n<p>UNIDAD DID\u00c1CTICA 4. T\u00c9CNICAS DE CONTROL DE LA ESTRUCTURA<br \/>\nSOMETIDA A ESTIRAJE.<br \/>\n1. Procedimientos de ubicaci\u00f3n de puntos a controlar.<br \/>\n2. Verificaci\u00f3n de:<br \/>\n3. &#8211; Cotas en zonas adyacentes.<br \/>\n4. &#8211; Cotas con mec\u00e1nica montada y desmontada.<br \/>\n5. &#8211; Cotas en elementos estructurales.<br \/>\n6. Medici\u00f3n de habit\u00e1culos.<br \/>\n7. Comprobaci\u00f3n de cotas mediante elementos amovibles.<br \/>\n8. Colocaci\u00f3n de contratiros con \u00fatiles de medici\u00f3n.<br \/>\n9. Control en veh\u00edculos asim\u00e9tricos.<\/p>\n<p>&nbsp;<\/p>\n<hr \/>\n<p data-start=\"842\" data-end=\"863\"><strong data-start=\"845\" data-end=\"863\">QU\u00c9 APRENDER\u00c1S<\/strong><\/p>\n<p data-start=\"865\" data-end=\"1246\">Aprender\u00e1s a identificar y utilizar correctamente los distintos tipos de pinturas de reparaci\u00f3n, desde fondos, imprimaciones y aparejos hasta acabados monocapa, bicapa y tricapa. Conocer\u00e1s en profundidad los equipos de aplicaci\u00f3n, secado y purificaci\u00f3n del aire, as\u00ed como los productos y procesos de enmascarado necesarios para el pintado completo, parcial e interior de veh\u00edculos.<\/p>\n<p data-start=\"1248\" data-end=\"1630\">Te formar\u00e1s en principios de colorimetr\u00eda aplicada a la carrocer\u00eda, mezcla e igualaci\u00f3n de colores y uso de c\u00f3digos crom\u00e1ticos. Adem\u00e1s, adquirir\u00e1s conocimientos t\u00e9cnicos sobre m\u00e9todos y t\u00e9cnicas de reparaci\u00f3n de carrocer\u00edas deformadas, utilizaci\u00f3n de bancadas, tiros y contratiros, herramientas espec\u00edficas y procedimientos de control y medici\u00f3n de estructuras sometidas a estiraje.<\/p>\n<hr data-start=\"1632\" data-end=\"1635\" \/>\n<p data-start=\"1637\" data-end=\"1673\"><strong data-start=\"1640\" data-end=\"1673\">HABILIDADES QUE DESARROLLAR\u00c1S<\/strong><\/p>\n<p data-start=\"1675\" data-end=\"1889\"><strong data-start=\"1675\" data-end=\"1726\">Preparaci\u00f3n y aplicaci\u00f3n de sistemas de pintura<\/strong><br data-start=\"1726\" data-end=\"1729\" \/>Ser\u00e1s capaz de preparar superficies, seleccionar el sistema de pintura adecuado y aplicar acabados profesionales con diferentes tecnolog\u00edas y m\u00e9todos de secado.<\/p>\n<p data-start=\"1891\" data-end=\"2090\"><strong data-start=\"1891\" data-end=\"1938\">Manejo de equipos y herramientas de pintado<\/strong><br data-start=\"1938\" data-end=\"1941\" \/>Desarrollar\u00e1s destreza en el uso de pistolas, equipos de aire comprimido, sistemas de secado y herramientas auxiliares propias de la zona de pintura.<\/p>\n<p data-start=\"2092\" data-end=\"2285\"><strong data-start=\"2092\" data-end=\"2131\">T\u00e9cnicas de enmascarado profesional<\/strong><br data-start=\"2131\" data-end=\"2134\" \/>Aprender\u00e1s a proteger correctamente zonas sensibles del veh\u00edculo mediante productos y procesos espec\u00edficos para garantizar acabados limpios y precisos.<\/p>\n<p data-start=\"2287\" data-end=\"2469\"><strong data-start=\"2287\" data-end=\"2321\">Igualaci\u00f3n y control del color<\/strong><br data-start=\"2321\" data-end=\"2324\" \/>Adquirir\u00e1s la capacidad de interpretar la colorimetr\u00eda aplicada a la automoci\u00f3n, mezclar colores y corregir efectos visuales como el metamerismo.<\/p>\n<p data-start=\"2471\" data-end=\"2670\"><strong data-start=\"2471\" data-end=\"2512\">Reparaci\u00f3n estructural de carrocer\u00edas<\/strong><br data-start=\"2512\" data-end=\"2515\" \/>Ser\u00e1s capaz de aplicar m\u00e9todos de reparaci\u00f3n en partes delanteras, centrales y traseras del veh\u00edculo, utilizando tiros, contratiros y sistemas hidr\u00e1ulicos.<\/p>\n<p data-start=\"2672\" data-end=\"2861\"><strong data-start=\"2672\" data-end=\"2713\">Control y verificaci\u00f3n de estructuras<\/strong><br data-start=\"2713\" data-end=\"2716\" \/>Desarrollar\u00e1s habilidades para medir, comprobar y corregir cotas estructurales, asegurando la correcta geometr\u00eda del veh\u00edculo tras la reparaci\u00f3n.<\/p>\n<hr data-start=\"2863\" data-end=\"2866\" \/>\n<p data-start=\"2868\" data-end=\"2896\"><strong data-start=\"2871\" data-end=\"2896\">SALIDAS PROFESIONALES<\/strong><\/p>\n<ul>\n<li data-start=\"2898\" data-end=\"3252\">Pintor de veh\u00edculos en talleres de automoci\u00f3n<\/li>\n<li data-start=\"2898\" data-end=\"3252\">Chapista especializado en reparaci\u00f3n de carrocer\u00edas<\/li>\n<li data-start=\"2898\" data-end=\"3252\">T\u00e9cnico en reparaci\u00f3n estructural en bancada<\/li>\n<li data-start=\"2898\" data-end=\"3252\">Especialista en embellecimiento y acabado de superficies<\/li>\n<li data-start=\"2898\" data-end=\"3252\">Operario de talleres de chapa y pintura<\/li>\n<li data-start=\"2898\" data-end=\"3252\">T\u00e9cnico en colorimetr\u00eda y acabados de automoci\u00f3n<\/li>\n<li data-start=\"2898\" data-end=\"3252\">Profesional en mantenimiento y reparaci\u00f3n de flotas<\/li>\n<\/ul>\n","protected":false},"excerpt":{"rendered":"<p data-start=\"88\" data-end=\"493\">Esta formaci\u00f3n est\u00e1 orientada a la <strong data-start=\"123\" data-end=\"207\">especializaci\u00f3n t\u00e9cnica en el pintado y la reparaci\u00f3n estructural de carrocer\u00edas<\/strong>, abordando de forma integral los materiales, procesos, herramientas y m\u00e9todos empleados en talleres profesionales de automoci\u00f3n. El curso combina conocimientos de pintura de veh\u00edculos, colorimetr\u00eda y enmascarado con t\u00e9cnicas avanzadas de reparaci\u00f3n en bancada y control de estructuras.<\/p>\n<p data-start=\"495\" data-end=\"835\">A lo largo del programa, el alumno adquiere una visi\u00f3n pr\u00e1ctica y t\u00e9cnica del <strong data-start=\"573\" data-end=\"607\">embellecimiento de superficies<\/strong>, la correcta preparaci\u00f3n de soportes, la aplicaci\u00f3n de distintos sistemas de pintura y la reparaci\u00f3n de deformaciones en carrocer\u00eda, garantizando acabados de calidad y seguridad estructural conforme a los est\u00e1ndares del sector.<\/p>\n","protected":false},"featured_media":2588,"comment_status":"closed","ping_status":"closed","template":"","meta":[],"product_brand":[],"product_cat":[2053,34],"product_tag":[],"class_list":{"0":"post-2543","1":"product","2":"type-product","3":"status-publish","4":"has-post-thumbnail","6":"product_cat-cursos-online-mecanica","7":"product_cat-tecnicos","9":"first","10":"instock","11":"sale","12":"shipping-taxable","13":"purchasable","14":"product-type-simple"},"yoast_head":"<!-- This site is optimized with the Yoast SEO plugin v27.5 - https:\/\/yoast.com\/product\/yoast-seo-wordpress\/ -->\n<title>REPARACI\u00d3N DE PINTURA Y CARROCER\u00cdA DE VEH\u00cdCULOS - CEE Centro Europeo E-learning - Cursos online<\/title>\n<meta name=\"description\" content=\"Reparaci\u00f3n de pintura y carrocer\u00eda de veh\u00edculos, formaci\u00f3n orientada a la t\u00e9cnica en el pintado y la reparaci\u00f3n estructural de carrocer\u00edas. Centro CEE\" \/>\n<meta name=\"robots\" content=\"index, follow, max-snippet:-1, max-image-preview:large, max-video-preview:-1\" \/>\n<link rel=\"canonical\" href=\"https:\/\/centro-cee.com\/web\/producto\/reparacion-de-pintura-y-carroceria-de-vehiculos\/\" \/>\n<meta property=\"og:locale\" content=\"es_ES\" \/>\n<meta property=\"og:type\" content=\"article\" \/>\n<meta property=\"og:title\" content=\"REPARACI\u00d3N DE PINTURA Y CARROCER\u00cdA DE VEH\u00cdCULOS - CEE Centro Europeo E-learning - Cursos online\" \/>\n<meta property=\"og:description\" content=\"Reparaci\u00f3n de pintura y carrocer\u00eda de veh\u00edculos, formaci\u00f3n orientada a la t\u00e9cnica en el pintado y la reparaci\u00f3n estructural de carrocer\u00edas. Centro CEE\" \/>\n<meta property=\"og:url\" content=\"https:\/\/centro-cee.com\/web\/producto\/reparacion-de-pintura-y-carroceria-de-vehiculos\/\" \/>\n<meta property=\"og:site_name\" content=\"CEE Centro Europeo E-learning - Cursos online\" \/>\n<meta property=\"article:modified_time\" content=\"2026-03-13T17:11:45+00:00\" \/>\n<meta property=\"og:image\" content=\"https:\/\/centro-cee.com\/web\/wp-content\/uploads\/2025\/11\/Carroceria-.jpg\" \/>\n\t<meta property=\"og:image:width\" content=\"1024\" \/>\n\t<meta property=\"og:image:height\" content=\"683\" \/>\n\t<meta property=\"og:image:type\" content=\"image\/jpeg\" \/>\n<meta name=\"twitter:card\" content=\"summary_large_image\" \/>\n<meta name=\"twitter:label1\" content=\"Tiempo de lectura\" \/>\n\t<meta name=\"twitter:data1\" content=\"6 minutos\" \/>\n<script type=\"application\/ld+json\" class=\"yoast-schema-graph\">{\"@context\":\"https:\\\/\\\/schema.org\",\"@graph\":[{\"@type\":\"WebPage\",\"@id\":\"https:\\\/\\\/centro-cee.com\\\/web\\\/producto\\\/reparacion-de-pintura-y-carroceria-de-vehiculos\\\/\",\"url\":\"https:\\\/\\\/centro-cee.com\\\/web\\\/producto\\\/reparacion-de-pintura-y-carroceria-de-vehiculos\\\/\",\"name\":\"REPARACI\u00d3N DE PINTURA Y CARROCER\u00cdA DE VEH\u00cdCULOS - CEE Centro Europeo E-learning - Cursos online\",\"isPartOf\":{\"@id\":\"https:\\\/\\\/centro-cee.com\\\/web\\\/#website\"},\"primaryImageOfPage\":{\"@id\":\"https:\\\/\\\/centro-cee.com\\\/web\\\/producto\\\/reparacion-de-pintura-y-carroceria-de-vehiculos\\\/#primaryimage\"},\"image\":{\"@id\":\"https:\\\/\\\/centro-cee.com\\\/web\\\/producto\\\/reparacion-de-pintura-y-carroceria-de-vehiculos\\\/#primaryimage\"},\"thumbnailUrl\":\"https:\\\/\\\/centro-cee.com\\\/web\\\/wp-content\\\/uploads\\\/2025\\\/11\\\/Carroceria-.jpg\",\"datePublished\":\"2025-11-28T14:48:44+00:00\",\"dateModified\":\"2026-03-13T17:11:45+00:00\",\"description\":\"Reparaci\u00f3n de pintura y carrocer\u00eda de veh\u00edculos, formaci\u00f3n orientada a la t\u00e9cnica en el pintado y la reparaci\u00f3n estructural de carrocer\u00edas. Centro CEE\",\"breadcrumb\":{\"@id\":\"https:\\\/\\\/centro-cee.com\\\/web\\\/producto\\\/reparacion-de-pintura-y-carroceria-de-vehiculos\\\/#breadcrumb\"},\"inLanguage\":\"es\",\"potentialAction\":[{\"@type\":\"ReadAction\",\"target\":[\"https:\\\/\\\/centro-cee.com\\\/web\\\/producto\\\/reparacion-de-pintura-y-carroceria-de-vehiculos\\\/\"]}]},{\"@type\":\"ImageObject\",\"inLanguage\":\"es\",\"@id\":\"https:\\\/\\\/centro-cee.com\\\/web\\\/producto\\\/reparacion-de-pintura-y-carroceria-de-vehiculos\\\/#primaryimage\",\"url\":\"https:\\\/\\\/centro-cee.com\\\/web\\\/wp-content\\\/uploads\\\/2025\\\/11\\\/Carroceria-.jpg\",\"contentUrl\":\"https:\\\/\\\/centro-cee.com\\\/web\\\/wp-content\\\/uploads\\\/2025\\\/11\\\/Carroceria-.jpg\",\"width\":1024,\"height\":683,\"caption\":\"Carroceria-\"},{\"@type\":\"BreadcrumbList\",\"@id\":\"https:\\\/\\\/centro-cee.com\\\/web\\\/producto\\\/reparacion-de-pintura-y-carroceria-de-vehiculos\\\/#breadcrumb\",\"itemListElement\":[{\"@type\":\"ListItem\",\"position\":1,\"name\":\"Portada\",\"item\":\"https:\\\/\\\/centro-cee.com\\\/web\\\/\"},{\"@type\":\"ListItem\",\"position\":2,\"name\":\"REPARACI\u00d3N DE PINTURA Y CARROCER\u00cdA DE VEH\u00cdCULOS\"}]},{\"@type\":\"WebSite\",\"@id\":\"https:\\\/\\\/centro-cee.com\\\/web\\\/#website\",\"url\":\"https:\\\/\\\/centro-cee.com\\\/web\\\/\",\"name\":\"Centro Europeo E-learning\",\"description\":\"CEE Formaci\u00f3n Online\",\"publisher\":{\"@id\":\"https:\\\/\\\/centro-cee.com\\\/web\\\/#organization\"},\"alternateName\":\"Centro Online de Formaci\u00f3n\",\"potentialAction\":[{\"@type\":\"SearchAction\",\"target\":{\"@type\":\"EntryPoint\",\"urlTemplate\":\"https:\\\/\\\/centro-cee.com\\\/web\\\/?s={search_term_string}\"},\"query-input\":{\"@type\":\"PropertyValueSpecification\",\"valueRequired\":true,\"valueName\":\"search_term_string\"}}],\"inLanguage\":\"es\"},{\"@type\":\"Organization\",\"@id\":\"https:\\\/\\\/centro-cee.com\\\/web\\\/#organization\",\"name\":\"Centro Europeo E-learning CEE\",\"url\":\"https:\\\/\\\/centro-cee.com\\\/web\\\/\",\"logo\":{\"@type\":\"ImageObject\",\"inLanguage\":\"es\",\"@id\":\"https:\\\/\\\/centro-cee.com\\\/web\\\/#\\\/schema\\\/logo\\\/image\\\/\",\"url\":\"https:\\\/\\\/centro-cee.com\\\/web\\\/wp-content\\\/uploads\\\/2022\\\/12\\\/cropped-logo_educa.png\",\"contentUrl\":\"https:\\\/\\\/centro-cee.com\\\/web\\\/wp-content\\\/uploads\\\/2022\\\/12\\\/cropped-logo_educa.png\",\"width\":157,\"height\":63,\"caption\":\"Centro Europeo E-learning CEE\"},\"image\":{\"@id\":\"https:\\\/\\\/centro-cee.com\\\/web\\\/#\\\/schema\\\/logo\\\/image\\\/\"},\"sameAs\":[\"https:\\\/\\\/www.instagram.com\\\/centroeuropeo_cee\"]}]}<\/script>\n<!-- \/ Yoast SEO plugin. -->","yoast_head_json":{"title":"REPARACI\u00d3N DE PINTURA Y CARROCER\u00cdA DE VEH\u00cdCULOS - CEE Centro Europeo E-learning - Cursos online","description":"Reparaci\u00f3n de pintura y carrocer\u00eda de veh\u00edculos, formaci\u00f3n orientada a la t\u00e9cnica en el pintado y la reparaci\u00f3n estructural de carrocer\u00edas. Centro CEE","robots":{"index":"index","follow":"follow","max-snippet":"max-snippet:-1","max-image-preview":"max-image-preview:large","max-video-preview":"max-video-preview:-1"},"canonical":"https:\/\/centro-cee.com\/web\/producto\/reparacion-de-pintura-y-carroceria-de-vehiculos\/","og_locale":"es_ES","og_type":"article","og_title":"REPARACI\u00d3N DE PINTURA Y CARROCER\u00cdA DE VEH\u00cdCULOS - CEE Centro Europeo E-learning - Cursos online","og_description":"Reparaci\u00f3n de pintura y carrocer\u00eda de veh\u00edculos, formaci\u00f3n orientada a la t\u00e9cnica en el pintado y la reparaci\u00f3n estructural de carrocer\u00edas. Centro CEE","og_url":"https:\/\/centro-cee.com\/web\/producto\/reparacion-de-pintura-y-carroceria-de-vehiculos\/","og_site_name":"CEE Centro Europeo E-learning - Cursos online","article_modified_time":"2026-03-13T17:11:45+00:00","og_image":[{"width":1024,"height":683,"url":"https:\/\/centro-cee.com\/web\/wp-content\/uploads\/2025\/11\/Carroceria-.jpg","type":"image\/jpeg"}],"twitter_card":"summary_large_image","twitter_misc":{"Tiempo de lectura":"6 minutos"},"schema":{"@context":"https:\/\/schema.org","@graph":[{"@type":"WebPage","@id":"https:\/\/centro-cee.com\/web\/producto\/reparacion-de-pintura-y-carroceria-de-vehiculos\/","url":"https:\/\/centro-cee.com\/web\/producto\/reparacion-de-pintura-y-carroceria-de-vehiculos\/","name":"REPARACI\u00d3N DE PINTURA Y CARROCER\u00cdA DE VEH\u00cdCULOS - CEE Centro Europeo E-learning - Cursos online","isPartOf":{"@id":"https:\/\/centro-cee.com\/web\/#website"},"primaryImageOfPage":{"@id":"https:\/\/centro-cee.com\/web\/producto\/reparacion-de-pintura-y-carroceria-de-vehiculos\/#primaryimage"},"image":{"@id":"https:\/\/centro-cee.com\/web\/producto\/reparacion-de-pintura-y-carroceria-de-vehiculos\/#primaryimage"},"thumbnailUrl":"https:\/\/centro-cee.com\/web\/wp-content\/uploads\/2025\/11\/Carroceria-.jpg","datePublished":"2025-11-28T14:48:44+00:00","dateModified":"2026-03-13T17:11:45+00:00","description":"Reparaci\u00f3n de pintura y carrocer\u00eda de veh\u00edculos, formaci\u00f3n orientada a la t\u00e9cnica en el pintado y la reparaci\u00f3n estructural de carrocer\u00edas. Centro CEE","breadcrumb":{"@id":"https:\/\/centro-cee.com\/web\/producto\/reparacion-de-pintura-y-carroceria-de-vehiculos\/#breadcrumb"},"inLanguage":"es","potentialAction":[{"@type":"ReadAction","target":["https:\/\/centro-cee.com\/web\/producto\/reparacion-de-pintura-y-carroceria-de-vehiculos\/"]}]},{"@type":"ImageObject","inLanguage":"es","@id":"https:\/\/centro-cee.com\/web\/producto\/reparacion-de-pintura-y-carroceria-de-vehiculos\/#primaryimage","url":"https:\/\/centro-cee.com\/web\/wp-content\/uploads\/2025\/11\/Carroceria-.jpg","contentUrl":"https:\/\/centro-cee.com\/web\/wp-content\/uploads\/2025\/11\/Carroceria-.jpg","width":1024,"height":683,"caption":"Carroceria-"},{"@type":"BreadcrumbList","@id":"https:\/\/centro-cee.com\/web\/producto\/reparacion-de-pintura-y-carroceria-de-vehiculos\/#breadcrumb","itemListElement":[{"@type":"ListItem","position":1,"name":"Portada","item":"https:\/\/centro-cee.com\/web\/"},{"@type":"ListItem","position":2,"name":"REPARACI\u00d3N DE PINTURA Y CARROCER\u00cdA DE VEH\u00cdCULOS"}]},{"@type":"WebSite","@id":"https:\/\/centro-cee.com\/web\/#website","url":"https:\/\/centro-cee.com\/web\/","name":"Centro Europeo E-learning","description":"CEE Formaci\u00f3n Online","publisher":{"@id":"https:\/\/centro-cee.com\/web\/#organization"},"alternateName":"Centro Online de Formaci\u00f3n","potentialAction":[{"@type":"SearchAction","target":{"@type":"EntryPoint","urlTemplate":"https:\/\/centro-cee.com\/web\/?s={search_term_string}"},"query-input":{"@type":"PropertyValueSpecification","valueRequired":true,"valueName":"search_term_string"}}],"inLanguage":"es"},{"@type":"Organization","@id":"https:\/\/centro-cee.com\/web\/#organization","name":"Centro Europeo E-learning CEE","url":"https:\/\/centro-cee.com\/web\/","logo":{"@type":"ImageObject","inLanguage":"es","@id":"https:\/\/centro-cee.com\/web\/#\/schema\/logo\/image\/","url":"https:\/\/centro-cee.com\/web\/wp-content\/uploads\/2022\/12\/cropped-logo_educa.png","contentUrl":"https:\/\/centro-cee.com\/web\/wp-content\/uploads\/2022\/12\/cropped-logo_educa.png","width":157,"height":63,"caption":"Centro Europeo E-learning CEE"},"image":{"@id":"https:\/\/centro-cee.com\/web\/#\/schema\/logo\/image\/"},"sameAs":["https:\/\/www.instagram.com\/centroeuropeo_cee"]}]}},"_links":{"self":[{"href":"https:\/\/centro-cee.com\/web\/wp-json\/wp\/v2\/product\/2543","targetHints":{"allow":["GET"]}}],"collection":[{"href":"https:\/\/centro-cee.com\/web\/wp-json\/wp\/v2\/product"}],"about":[{"href":"https:\/\/centro-cee.com\/web\/wp-json\/wp\/v2\/types\/product"}],"replies":[{"embeddable":true,"href":"https:\/\/centro-cee.com\/web\/wp-json\/wp\/v2\/comments?post=2543"}],"wp:featuredmedia":[{"embeddable":true,"href":"https:\/\/centro-cee.com\/web\/wp-json\/wp\/v2\/media\/2588"}],"wp:attachment":[{"href":"https:\/\/centro-cee.com\/web\/wp-json\/wp\/v2\/media?parent=2543"}],"wp:term":[{"taxonomy":"product_brand","embeddable":true,"href":"https:\/\/centro-cee.com\/web\/wp-json\/wp\/v2\/product_brand?post=2543"},{"taxonomy":"product_cat","embeddable":true,"href":"https:\/\/centro-cee.com\/web\/wp-json\/wp\/v2\/product_cat?post=2543"},{"taxonomy":"product_tag","embeddable":true,"href":"https:\/\/centro-cee.com\/web\/wp-json\/wp\/v2\/product_tag?post=2543"}],"curies":[{"name":"wp","href":"https:\/\/api.w.org\/{rel}","templated":true}]}}