{"id":2534,"date":"2025-11-28T14:48:42","date_gmt":"2025-11-28T14:48:42","guid":{"rendered":"https:\/\/centro-cee.com\/web\/producto\/presoterapia\/"},"modified":"2026-03-13T12:24:27","modified_gmt":"2026-03-13T12:24:27","slug":"presoterapia","status":"publish","type":"product","link":"https:\/\/centro-cee.com\/web\/producto\/presoterapia\/","title":{"rendered":"Curso de Presoterapia"},"content":{"rendered":"<hr \/>\n<p><a href=\"https:\/\/centro-cee.com\/web\/formaciones\/\">Atr\u00e1s<\/a><\/p>\n<p><strong>Curso de Presoterapia<\/strong><\/p>\n<p>Toda esta formaci\u00f3n se realiza 100% online en nuestro campus online de formaci\u00f3n.<\/p>\n<p>Las tutorias se realizan directamente desde el campus de estudio con la opci\u00f3n de mensajer\u00eda a profesores. Las tutorias son \u00aba demanda\u00bb, cuando necesites soporte nos lo pides.<\/p>\n<p>Los t\u00edtulos de Centro CEE est\u00e1n autenticados por la firma de notario que valida contenidos y autenticidad a nivel internacional. Nuestra organizaci\u00f3n pertenece a la Asociaci\u00f3n Espa\u00f1ola de Calidad, organizaci\u00f3n Espa\u00f1ola de referencia para la calidad en la formaci\u00f3n. La certificaci\u00f3n se puede apostillar por la Haya para cualquier pa\u00eds firmante del convenio de la Haya.<\/p>\n<p>Se puede pagar a plazos.<\/p>\n<p>Carga horaria de la formaci\u00f3n: 250h<\/p>\n<p>&nbsp;<\/p>\n<h2>Temario <strong>Curso de Presoterapia<\/strong><\/h2>\n<hr \/>\n<p>UNIDAD 1. INTRODUCCI\u00d3N A LA PRESOTERAPIA<\/p>\n<p style=\"padding-left: 40px;\">1. Origen de la presoterapia<br \/>\n2. &#8211; \u00bfC\u00f3mo funciona la presoterapia?<br \/>\n3. &#8211; \u00bfEn qu\u00e9 consiste una sesi\u00f3n de presoterapia?<br \/>\n4. Presoterapia y el sistema linf\u00e1tico<br \/>\n5. Presoterapia y deporte<br \/>\n6. Introducci\u00f3n al sistema linf\u00e1tico<\/p>\n<p>UNIDAD 2. EL SISTEMA CIRCULATORIO Y EL SISTEMA LINF\u00c1TICO<\/p>\n<p style=\"padding-left: 40px;\">1. Anatom\u00eda del sistema circulatorio<br \/>\n2. &#8211; El coraz\u00f3n<br \/>\n3. &#8211; Vasos sangu\u00edneos<br \/>\n4. Fisiolog\u00eda cardiaca<br \/>\n5. Sistema linf\u00e1tico<br \/>\n6. Composici\u00f3n del sistema linf\u00e1tico<br \/>\n7. &#8211; La linfa<br \/>\n8. &#8211; Los capilares linf\u00e1ticos<br \/>\n9. &#8211; Los vasos linf\u00e1ticos<br \/>\n10. &#8211; Los ganglios linf\u00e1ticos<br \/>\n11. Tejidos y \u00f3rganos linf\u00e1ticos<br \/>\n12. &#8211; Bazo<br \/>\n13. &#8211; Timo<br \/>\n14. &#8211; M\u00e9dula \u00f3sea<br \/>\n15. &#8211; Am\u00edgdala<\/p>\n<p>UNIDAD 3. APLICACIONES DE LA PRESOTERAPIA<\/p>\n<p style=\"padding-left: 40px;\">1. Introducci\u00f3n a las aplicaciones de la presoterapia<br \/>\n2. Mejorar la circulaci\u00f3n sangu\u00ednea<br \/>\n3. Drenaje linf\u00e1tico<br \/>\n4. Tratar la celulitis<br \/>\n5. Eliminar varices<br \/>\n6. Aliviar piernas cansadas<br \/>\n7. Tratar retenci\u00f3n de l\u00edquidos<br \/>\n8. Embarazo<\/p>\n<p>UNIDAD 4. TIPOS DE PRESOTERAPIA<\/p>\n<p style=\"padding-left: 40px;\">1. Presoterapia con vendajes<br \/>\n2. Presoterapia aplicada con mangas compresivas<br \/>\n3. Presoterapia aplicada con botas de elastocompresi\u00f3n y presoterapia neum\u00e1tica<br \/>\n4. Ventosas<\/p>\n<p>UNIDAD 5. BENEFICIOS Y CONTRAINDICACIONES DE LA PRESOTERAPIA<\/p>\n<p style=\"padding-left: 40px;\">1. Beneficios de la presoterapia<br \/>\n2. Contraindicaciones de la presoterapia<br \/>\n3. Beneficios y contraindicaciones de la presoterapia en mujeres embarazadas<\/p>\n<p>UNIDAD 6. APLICACIONES DE LA PRESOTERAPIA JUNTO CON OTROS SISTEMAS<\/p>\n<p style=\"padding-left: 40px;\">1. Ultrasonidos<br \/>\n2. LPG<br \/>\n3. Electroterapia<br \/>\n4. Mesoterapia<\/p>\n<p>UNIDAD 7. CAVITACI\u00d3N<\/p>\n<p style=\"padding-left: 40px;\">1. Introducci\u00f3n a la cavitaci\u00f3n<br \/>\n2. Efectos fisiol\u00f3gicos de la cavitaci\u00f3n<br \/>\n3. Tipos de cavitaci\u00f3n<br \/>\n4. Modo de uso de la cavitaci\u00f3n<br \/>\n5. Riesgos de la cavitaci\u00f3n<\/p>\n<p>UNIDAD 8. RADIOFRECUENCIA<\/p>\n<p style=\"padding-left: 40px;\">1. Introducci\u00f3n a la radiofrecuencia<br \/>\n2. &#8211; La radiofrecuencia y sus principales efectos<br \/>\n3. &#8211; Caracter\u00edsticas del tratamiento<br \/>\n4. Aplicaciones de la radiofrecuencia en fisioterapia<br \/>\n5. &#8211; Efectos fisiol\u00f3gicos y beneficios<br \/>\n6. Aplicaciones de la radiofrecuencia en est\u00e9tica<br \/>\n7. Contraindicaciones y posibles efectos secundarios<\/p>\n<p>UNIDAD 9. LA COMUNICACI\u00d3N CON EL PACIENTE<\/p>\n<p style=\"padding-left: 40px;\">1. Introducci\u00f3n a la comunicaci\u00f3n<br \/>\n2. Las actitudes para el di\u00e1logo entre el profesional sanitario y el paciente<br \/>\n3. Claves para la comprensi\u00f3n de la informaci\u00f3n sanitaria<br \/>\n4. Problemas psicol\u00f3gicos de la comunicaci\u00f3n entre el profesional sanitario y el<br \/>\npaciente<br \/>\n5. \u00bfQu\u00e9 es la comunicaci\u00f3n no verbal?<br \/>\n6. Componentes de la comunicaci\u00f3n no verbal<br \/>\n7. &#8211; Expresiones faciales<br \/>\n8. &#8211; Postura corporal<br \/>\n9. &#8211; La prox\u00e9mica<br \/>\n10. &#8211; La kinesia<br \/>\n11. &#8211; El para-lenguaje<br \/>\n12. &#8211; Nuestra imagen<br \/>\n13. El lenguaje corporal<br \/>\n14. &#8211; El contexto de los comunicadores en urgencias<br \/>\n15. &#8211; La comunicaci\u00f3n no verbal en la valoraci\u00f3n del paciente<br \/>\n16. &#8211; Comunicaci\u00f3n t\u00e1ctil<br \/>\n17. &#8211; Indicadores no verbales del estado de \u00e1nimo<\/p>\n<p>UNIDAD 10. HABILIDADES SOCIALES<\/p>\n<p style=\"padding-left: 40px;\">1. Aspectos introductorios<br \/>\n2. Asertividad<br \/>\n3. Empat\u00eda<br \/>\n4. &#8211; Fases de la empat\u00eda<br \/>\n5. &#8211; Efectos de la empat\u00eda<br \/>\n6. &#8211; Dificultades de la empat\u00eda<br \/>\n7. Negociaci\u00f3n<br \/>\n8. T\u00e9cnicas de comunicaci\u00f3n y relaci\u00f3n grupal<br \/>\n9. Composici\u00f3n de equipos<br \/>\n10. &#8211; Causas por las que puede fracasar un equipo<br \/>\n11. &#8211; Eficacia de los equipos<br \/>\n12. Din\u00e1mica de grupos<\/p>\n","protected":false},"excerpt":{"rendered":"<p><a href=\"https:\/\/centro-cee.com\/web\/formaciones\/\">Atr\u00e1s<\/a><\/p>\n<p>Aprender\u00e1s los principios fundamentales de la presoterapia, su origen, funcionamiento y aplicaci\u00f3n pr\u00e1ctica en sesiones profesionales. Conocer\u00e1s en profundidad el sistema circulatorio y linf\u00e1tico, entendiendo c\u00f3mo influyen estos sistemas en la salud, la est\u00e9tica y la recuperaci\u00f3n f\u00edsica.<\/p>\n<p>Dominar\u00e1s las diferentes aplicaciones de la presoterapia para mejorar la circulaci\u00f3n, favorecer el drenaje linf\u00e1tico, tratar la celulitis, aliviar la retenci\u00f3n de l\u00edquidos y apoyar procesos deportivos y situaciones espec\u00edficas como el embarazo.<\/p>\n<p>Adem\u00e1s, adquirir\u00e1s conocimientos sobre los distintos tipos de presoterapia, sus beneficios, contraindicaciones y su integraci\u00f3n con tecnolog\u00edas como cavitaci\u00f3n, radiofrecuencia, electroterapia y mesoterapia, junto con t\u00e9cnicas eficaces de comunicaci\u00f3n y relaci\u00f3n con el paciente<\/p>\n","protected":false},"featured_media":2578,"comment_status":"closed","ping_status":"closed","template":"","meta":[],"product_brand":[],"product_cat":[2046,34],"product_tag":[],"class_list":{"0":"post-2534","1":"product","2":"type-product","3":"status-publish","4":"has-post-thumbnail","6":"product_cat-cursos-salud","7":"product_cat-tecnicos","9":"first","10":"instock","11":"sale","12":"shipping-taxable","13":"purchasable","14":"product-type-simple"},"yoast_head":"<!-- This site is optimized with the Yoast SEO plugin v27.4 - https:\/\/yoast.com\/product\/yoast-seo-wordpress\/ -->\n<title>Curso de Presoterapia - CEE Centro Europeo E-learning - Cursos online<\/title>\n<meta name=\"description\" content=\"Formaci\u00f3n en presoterapia y en las principales t\u00e9cnicas utilizadas en el \u00e1mbito de la est\u00e9tica, la fisioterapia y el bienestar, cursa en Centro CEE\" \/>\n<meta name=\"robots\" content=\"index, follow, max-snippet:-1, max-image-preview:large, max-video-preview:-1\" \/>\n<link rel=\"canonical\" href=\"https:\/\/centro-cee.com\/web\/producto\/presoterapia\/\" \/>\n<meta property=\"og:locale\" content=\"es_ES\" \/>\n<meta property=\"og:type\" content=\"article\" \/>\n<meta property=\"og:title\" content=\"Curso de Presoterapia - CEE Centro Europeo E-learning - Cursos online\" \/>\n<meta property=\"og:description\" content=\"Formaci\u00f3n en presoterapia y en las principales t\u00e9cnicas utilizadas en el \u00e1mbito de la est\u00e9tica, la fisioterapia y el bienestar, cursa en Centro CEE\" \/>\n<meta property=\"og:url\" content=\"https:\/\/centro-cee.com\/web\/producto\/presoterapia\/\" \/>\n<meta property=\"og:site_name\" content=\"CEE Centro Europeo E-learning - Cursos online\" \/>\n<meta property=\"article:modified_time\" content=\"2026-03-13T12:24:27+00:00\" \/>\n<meta property=\"og:image\" content=\"https:\/\/centro-cee.com\/web\/wp-content\/uploads\/2025\/11\/presoterapia.jpg\" \/>\n\t<meta property=\"og:image:width\" content=\"759\" \/>\n\t<meta property=\"og:image:height\" content=\"558\" \/>\n\t<meta property=\"og:image:type\" content=\"image\/jpeg\" \/>\n<meta name=\"twitter:card\" content=\"summary_large_image\" \/>\n<meta name=\"twitter:label1\" content=\"Tiempo de lectura\" \/>\n\t<meta name=\"twitter:data1\" content=\"3 minutos\" \/>\n<script type=\"application\/ld+json\" class=\"yoast-schema-graph\">{\"@context\":\"https:\\\/\\\/schema.org\",\"@graph\":[{\"@type\":\"WebPage\",\"@id\":\"https:\\\/\\\/centro-cee.com\\\/web\\\/producto\\\/presoterapia\\\/\",\"url\":\"https:\\\/\\\/centro-cee.com\\\/web\\\/producto\\\/presoterapia\\\/\",\"name\":\"Curso de Presoterapia - CEE Centro Europeo E-learning - Cursos online\",\"isPartOf\":{\"@id\":\"https:\\\/\\\/centro-cee.com\\\/web\\\/#website\"},\"primaryImageOfPage\":{\"@id\":\"https:\\\/\\\/centro-cee.com\\\/web\\\/producto\\\/presoterapia\\\/#primaryimage\"},\"image\":{\"@id\":\"https:\\\/\\\/centro-cee.com\\\/web\\\/producto\\\/presoterapia\\\/#primaryimage\"},\"thumbnailUrl\":\"https:\\\/\\\/centro-cee.com\\\/web\\\/wp-content\\\/uploads\\\/2025\\\/11\\\/presoterapia.jpg\",\"datePublished\":\"2025-11-28T14:48:42+00:00\",\"dateModified\":\"2026-03-13T12:24:27+00:00\",\"description\":\"Formaci\u00f3n en presoterapia y en las principales t\u00e9cnicas utilizadas en el \u00e1mbito de la est\u00e9tica, la fisioterapia y el bienestar, cursa en Centro CEE\",\"breadcrumb\":{\"@id\":\"https:\\\/\\\/centro-cee.com\\\/web\\\/producto\\\/presoterapia\\\/#breadcrumb\"},\"inLanguage\":\"es\",\"potentialAction\":[{\"@type\":\"ReadAction\",\"target\":[\"https:\\\/\\\/centro-cee.com\\\/web\\\/producto\\\/presoterapia\\\/\"]}]},{\"@type\":\"ImageObject\",\"inLanguage\":\"es\",\"@id\":\"https:\\\/\\\/centro-cee.com\\\/web\\\/producto\\\/presoterapia\\\/#primaryimage\",\"url\":\"https:\\\/\\\/centro-cee.com\\\/web\\\/wp-content\\\/uploads\\\/2025\\\/11\\\/presoterapia.jpg\",\"contentUrl\":\"https:\\\/\\\/centro-cee.com\\\/web\\\/wp-content\\\/uploads\\\/2025\\\/11\\\/presoterapia.jpg\",\"width\":759,\"height\":558,\"caption\":\"presoterapia\"},{\"@type\":\"BreadcrumbList\",\"@id\":\"https:\\\/\\\/centro-cee.com\\\/web\\\/producto\\\/presoterapia\\\/#breadcrumb\",\"itemListElement\":[{\"@type\":\"ListItem\",\"position\":1,\"name\":\"Portada\",\"item\":\"https:\\\/\\\/centro-cee.com\\\/web\\\/\"},{\"@type\":\"ListItem\",\"position\":2,\"name\":\"Curso de Presoterapia\"}]},{\"@type\":\"WebSite\",\"@id\":\"https:\\\/\\\/centro-cee.com\\\/web\\\/#website\",\"url\":\"https:\\\/\\\/centro-cee.com\\\/web\\\/\",\"name\":\"Centro Europeo E-learning\",\"description\":\"CEE Formaci\u00f3n Online\",\"publisher\":{\"@id\":\"https:\\\/\\\/centro-cee.com\\\/web\\\/#organization\"},\"alternateName\":\"Centro Online de Formaci\u00f3n\",\"potentialAction\":[{\"@type\":\"SearchAction\",\"target\":{\"@type\":\"EntryPoint\",\"urlTemplate\":\"https:\\\/\\\/centro-cee.com\\\/web\\\/?s={search_term_string}\"},\"query-input\":{\"@type\":\"PropertyValueSpecification\",\"valueRequired\":true,\"valueName\":\"search_term_string\"}}],\"inLanguage\":\"es\"},{\"@type\":\"Organization\",\"@id\":\"https:\\\/\\\/centro-cee.com\\\/web\\\/#organization\",\"name\":\"Centro Europeo E-learning CEE\",\"url\":\"https:\\\/\\\/centro-cee.com\\\/web\\\/\",\"logo\":{\"@type\":\"ImageObject\",\"inLanguage\":\"es\",\"@id\":\"https:\\\/\\\/centro-cee.com\\\/web\\\/#\\\/schema\\\/logo\\\/image\\\/\",\"url\":\"https:\\\/\\\/centro-cee.com\\\/web\\\/wp-content\\\/uploads\\\/2022\\\/12\\\/cropped-logo_educa.png\",\"contentUrl\":\"https:\\\/\\\/centro-cee.com\\\/web\\\/wp-content\\\/uploads\\\/2022\\\/12\\\/cropped-logo_educa.png\",\"width\":157,\"height\":63,\"caption\":\"Centro Europeo E-learning CEE\"},\"image\":{\"@id\":\"https:\\\/\\\/centro-cee.com\\\/web\\\/#\\\/schema\\\/logo\\\/image\\\/\"},\"sameAs\":[\"https:\\\/\\\/www.instagram.com\\\/centroeuropeo_cee\"]}]}<\/script>\n<!-- \/ Yoast SEO plugin. -->","yoast_head_json":{"title":"Curso de Presoterapia - CEE Centro Europeo E-learning - Cursos online","description":"Formaci\u00f3n en presoterapia y en las principales t\u00e9cnicas utilizadas en el \u00e1mbito de la est\u00e9tica, la fisioterapia y el bienestar, cursa en Centro CEE","robots":{"index":"index","follow":"follow","max-snippet":"max-snippet:-1","max-image-preview":"max-image-preview:large","max-video-preview":"max-video-preview:-1"},"canonical":"https:\/\/centro-cee.com\/web\/producto\/presoterapia\/","og_locale":"es_ES","og_type":"article","og_title":"Curso de Presoterapia - CEE Centro Europeo E-learning - Cursos online","og_description":"Formaci\u00f3n en presoterapia y en las principales t\u00e9cnicas utilizadas en el \u00e1mbito de la est\u00e9tica, la fisioterapia y el bienestar, cursa en Centro CEE","og_url":"https:\/\/centro-cee.com\/web\/producto\/presoterapia\/","og_site_name":"CEE Centro Europeo E-learning - Cursos online","article_modified_time":"2026-03-13T12:24:27+00:00","og_image":[{"width":759,"height":558,"url":"https:\/\/centro-cee.com\/web\/wp-content\/uploads\/2025\/11\/presoterapia.jpg","type":"image\/jpeg"}],"twitter_card":"summary_large_image","twitter_misc":{"Tiempo de lectura":"3 minutos"},"schema":{"@context":"https:\/\/schema.org","@graph":[{"@type":"WebPage","@id":"https:\/\/centro-cee.com\/web\/producto\/presoterapia\/","url":"https:\/\/centro-cee.com\/web\/producto\/presoterapia\/","name":"Curso de Presoterapia - CEE Centro Europeo E-learning - Cursos online","isPartOf":{"@id":"https:\/\/centro-cee.com\/web\/#website"},"primaryImageOfPage":{"@id":"https:\/\/centro-cee.com\/web\/producto\/presoterapia\/#primaryimage"},"image":{"@id":"https:\/\/centro-cee.com\/web\/producto\/presoterapia\/#primaryimage"},"thumbnailUrl":"https:\/\/centro-cee.com\/web\/wp-content\/uploads\/2025\/11\/presoterapia.jpg","datePublished":"2025-11-28T14:48:42+00:00","dateModified":"2026-03-13T12:24:27+00:00","description":"Formaci\u00f3n en presoterapia y en las principales t\u00e9cnicas utilizadas en el \u00e1mbito de la est\u00e9tica, la fisioterapia y el bienestar, cursa en Centro CEE","breadcrumb":{"@id":"https:\/\/centro-cee.com\/web\/producto\/presoterapia\/#breadcrumb"},"inLanguage":"es","potentialAction":[{"@type":"ReadAction","target":["https:\/\/centro-cee.com\/web\/producto\/presoterapia\/"]}]},{"@type":"ImageObject","inLanguage":"es","@id":"https:\/\/centro-cee.com\/web\/producto\/presoterapia\/#primaryimage","url":"https:\/\/centro-cee.com\/web\/wp-content\/uploads\/2025\/11\/presoterapia.jpg","contentUrl":"https:\/\/centro-cee.com\/web\/wp-content\/uploads\/2025\/11\/presoterapia.jpg","width":759,"height":558,"caption":"presoterapia"},{"@type":"BreadcrumbList","@id":"https:\/\/centro-cee.com\/web\/producto\/presoterapia\/#breadcrumb","itemListElement":[{"@type":"ListItem","position":1,"name":"Portada","item":"https:\/\/centro-cee.com\/web\/"},{"@type":"ListItem","position":2,"name":"Curso de Presoterapia"}]},{"@type":"WebSite","@id":"https:\/\/centro-cee.com\/web\/#website","url":"https:\/\/centro-cee.com\/web\/","name":"Centro Europeo E-learning","description":"CEE Formaci\u00f3n Online","publisher":{"@id":"https:\/\/centro-cee.com\/web\/#organization"},"alternateName":"Centro Online de Formaci\u00f3n","potentialAction":[{"@type":"SearchAction","target":{"@type":"EntryPoint","urlTemplate":"https:\/\/centro-cee.com\/web\/?s={search_term_string}"},"query-input":{"@type":"PropertyValueSpecification","valueRequired":true,"valueName":"search_term_string"}}],"inLanguage":"es"},{"@type":"Organization","@id":"https:\/\/centro-cee.com\/web\/#organization","name":"Centro Europeo E-learning CEE","url":"https:\/\/centro-cee.com\/web\/","logo":{"@type":"ImageObject","inLanguage":"es","@id":"https:\/\/centro-cee.com\/web\/#\/schema\/logo\/image\/","url":"https:\/\/centro-cee.com\/web\/wp-content\/uploads\/2022\/12\/cropped-logo_educa.png","contentUrl":"https:\/\/centro-cee.com\/web\/wp-content\/uploads\/2022\/12\/cropped-logo_educa.png","width":157,"height":63,"caption":"Centro Europeo E-learning CEE"},"image":{"@id":"https:\/\/centro-cee.com\/web\/#\/schema\/logo\/image\/"},"sameAs":["https:\/\/www.instagram.com\/centroeuropeo_cee"]}]}},"_links":{"self":[{"href":"https:\/\/centro-cee.com\/web\/wp-json\/wp\/v2\/product\/2534","targetHints":{"allow":["GET"]}}],"collection":[{"href":"https:\/\/centro-cee.com\/web\/wp-json\/wp\/v2\/product"}],"about":[{"href":"https:\/\/centro-cee.com\/web\/wp-json\/wp\/v2\/types\/product"}],"replies":[{"embeddable":true,"href":"https:\/\/centro-cee.com\/web\/wp-json\/wp\/v2\/comments?post=2534"}],"wp:featuredmedia":[{"embeddable":true,"href":"https:\/\/centro-cee.com\/web\/wp-json\/wp\/v2\/media\/2578"}],"wp:attachment":[{"href":"https:\/\/centro-cee.com\/web\/wp-json\/wp\/v2\/media?parent=2534"}],"wp:term":[{"taxonomy":"product_brand","embeddable":true,"href":"https:\/\/centro-cee.com\/web\/wp-json\/wp\/v2\/product_brand?post=2534"},{"taxonomy":"product_cat","embeddable":true,"href":"https:\/\/centro-cee.com\/web\/wp-json\/wp\/v2\/product_cat?post=2534"},{"taxonomy":"product_tag","embeddable":true,"href":"https:\/\/centro-cee.com\/web\/wp-json\/wp\/v2\/product_tag?post=2534"}],"curies":[{"name":"wp","href":"https:\/\/api.w.org\/{rel}","templated":true}]}}