{"id":250,"date":"2022-12-30T13:36:11","date_gmt":"2022-12-30T13:36:11","guid":{"rendered":"https:\/\/centro-cee.com\/web\/?post_type=product&#038;p=250"},"modified":"2026-03-13T16:35:11","modified_gmt":"2026-03-13T16:35:11","slug":"personal-trainer-coaching","status":"publish","type":"product","link":"https:\/\/centro-cee.com\/web\/producto\/personal-trainer-coaching\/","title":{"rendered":"Triple M\u00e1ster Personal Trainer, Coaching Deportivo y Nutrici\u00f3n"},"content":{"rendered":"<p><a href=\"https:\/\/centro-cee.com\/web\/formaciones\/\">Atr\u00e1s<\/a><\/p>\n<p><strong>Triple M\u00e1ster Personal Trainer, Coaching Deportivo y Nutrici\u00f3n<\/strong><\/p>\n<p>Toda esta formaci\u00f3n se realiza 100% online en nuestro campus online de formaci\u00f3n.<\/p>\n<p>Las tutorias se realizan directamente desde el campus de estudio con la opci\u00f3n de mensajer\u00eda a profesores. Las tutorias son \u201ca demanda\u201d, cuando necesites soporte nos lo pides.<\/p>\n<p>Los t\u00edtulos de Centro CEE est\u00e1n autenticados por la firma de notario que valida contenidos y autenticidad a nivel internacional. Nuestra organizaci\u00f3n pertenece a la Asociaci\u00f3n Espa\u00f1ola de Calidad, organizaci\u00f3n Espa\u00f1ola de referencia para la calidad en la formaci\u00f3n. La certificaci\u00f3n se puede apostillar por la Haya para cualquier pa\u00eds firmante del convenio de la Haya.<\/p>\n<p>Se puede pagar a plazos.<\/p>\n<p>Carga horaria de la formaci\u00f3n: 650h<\/p>\n<p>&nbsp;<\/p>\n<h2>Temario Triple M\u00e1ster Personal Trainer, Coaching Deportivo y Nutrici\u00f3n<\/h2>\n<hr \/>\n<p>Este es el curso ideal para formarte, reciclarte y especializarte en esta especialidad cada vez m\u00e1s demandada en la sociedad &#8216;healthy life&#8217;. Al finalizarlo, podr\u00e1s asumir de forma integral las tareas de entrenador profesional, dominando las tres \u00e1reas fundamentales como son t\u00e9cnicas de personal trainer, coaching y nutrici\u00f3n.<\/p>\n<p>Especializate en,<\/p>\n<ol>\n<li>Aprender a dise\u00f1ar planes de entrenamiento personalizados: Un entrenador personal puede ayudar a sus clientes a alcanzar sus metas de acondicionamiento f\u00edsico, ya sea para mejorar la salud general, para aumentar la fuerza o para perder peso.<\/li>\n<li>Adquirir conocimientos sobre anatom\u00eda y fisiolog\u00eda: Un curso de entrenador personal puede proporcionar una base s\u00f3lida en estas \u00e1reas, lo que puede ayudar a los entrenadores a comprender c\u00f3mo funciona el cuerpo humano y c\u00f3mo pueden afectar los ejercicios y la dieta a la salud y el rendimiento f\u00edsico.<\/li>\n<li>Mejorar las habilidades de comunicaci\u00f3n y motivaci\u00f3n: Un entrenador personal debe ser capaz de comunicarse efectivamente con sus clientes y motivarlos a alcanzar sus objetivos. Un curso de entrenador personal puede proporcionar herramientas para hacerlo de manera efectiva.<\/li>\n<li>Tener la oportunidad de trabajar en una variedad de entornos: Los entrenadores personales pueden trabajar en gimnasios, centros deportivos, en el hogar o incluso en l\u00ednea. Un curso de entrenador personal puede preparar a los estudiantes para trabajar en cualquiera de estos entornos.<\/li>\n<li>Desarrollar una carrera interesante y gratificante: Muchas personas encuentran satisfacci\u00f3n en ayudar a otros a mejorar su salud y bienestar a trav\u00e9s del ejercicio y la nutrici\u00f3n adecuada. Si te gusta el acondicionamiento f\u00edsico y quieres ayudar a los dem\u00e1s a alcanzar sus metas de acondicionamiento, una carrera como entrenador personal puede ser muy gratificante.<\/li>\n<\/ol>\n<p>&nbsp;<\/p>\n<p><strong>Tema1:\u00a0 ENTRENADOR PERSONAL<\/strong><\/p>\n<ol>\n<li>Evoluci\u00f3n hist\u00f3rica: diferentes usos del deporte<\/li>\n<li>La figura del entrenador personal<\/li>\n<li>Sistema \u00f3seo<\/li>\n<li>Fisiolog\u00eda muscular<\/li>\n<li>Sistemas energ\u00e9ticos<\/li>\n<li>Metabolismo en fisiolog\u00eda del ejercicio<\/li>\n<li>&#8230;<\/li>\n<\/ol>\n<p>&nbsp;<\/p>\n<p><strong>Tema 2:\u00a0 Coaching Deportivo<\/strong><\/p>\n<ol>\n<li>\u00bfQu\u00e9 es el coaching?<\/li>\n<li>Importancia del coaching<\/li>\n<li>Aspectos fundamentales del coaching (i)<\/li>\n<li>Aspectos fundamentales del coaching (ii)<\/li>\n<li>\u00c9tica y coaching<\/li>\n<li>Coaching, cambio y aprendizaje<\/li>\n<li>El proceso de coaching: aspectos generales<\/li>\n<li>Habilidades relacionadas con el proceso<\/li>\n<li>Fases en el proceso de coaching<\/li>\n<li>Tema 10. Evaluaci\u00f3n (i)<\/li>\n<li>Evaluaci\u00f3n (ii)<\/li>\n<li>El coach<\/li>\n<li>Competencias del coach<\/li>\n<li>La preparaci\u00f3n de un buen coach<\/li>\n<li>La figura del coachee<\/li>\n<li>Coaching y deporte<\/li>\n<li>Valores del deporte<\/li>\n<li>&#8230;.<\/li>\n<\/ol>\n<h3><strong>\u00a0<\/strong><\/h3>\n<p><strong>Tema 3: Nutrici\u00f3n y Diet\u00e9tica<\/strong><\/p>\n<ol>\n<li>Conceptos y definiciones<\/li>\n<li>Clasificaci\u00f3n de alimentos y nutrientes. Gu\u00edas alimentarias<\/li>\n<li>El sistema digestivo<\/li>\n<li>Necesidades nutricionales<\/li>\n<li>Hidratos de carbono<\/li>\n<li>L\u00edpidos<\/li>\n<li>Prote\u00ednas<\/li>\n<li>Vitaminas<\/li>\n<li>Minerales<\/li>\n<li>Importancia nutricional del agua<\/li>\n<li>Valor nutritivo y composici\u00f3n de los alimentos (i)<\/li>\n<li>Valor nutritivo y composici\u00f3n de los alimentos (ii)<\/li>\n<li>Manipulaci\u00f3n de los alimentos<\/li>\n<li>Tratamiento culinario de los alimentos<\/li>\n<li>Conservaci\u00f3n de los alimentos<\/li>\n<li>Tca y bdn, ingestas recomendadas y etiquetado de alimentos<\/li>\n<li>&#8230;<\/li>\n<\/ol>\n<p>&nbsp;<\/p>\n<p>&nbsp;<\/p>\n<p><strong>Triple M\u00e1ster Personal Trainer, Coaching Deportivo y Nutrici\u00f3n<\/strong><\/p>\n<p><a href=\"https:\/\/www.centro-cee.com\/temarios_web\/c_cee015.pdf\" target=\"_blank\" rel=\"noopener\">Descargar Temario<\/a><\/p>\n<hr \/>\n<p>&nbsp;<\/p>\n","protected":false},"excerpt":{"rendered":"<p><a href=\"https:\/\/centro-cee.com\/web\/formaciones\/\">Atr\u00e1s<\/a><\/p>\n<p>Haz de ti el mejor entrenador profesional posible. Con el \u201cDoble M\u00e1ster en Personal Trainer y Coaching Deportivo + Master en Nutrici\u00f3n y Diet\u00e9tica\u201d podr\u00e1s conseguir los conocimientos y aptitudes que se necesitan para desarrollar esta labor. Este programa lo encontrar\u00e1s ubicado en el cat\u00e1logo de formaci\u00f3n que imparte nuestro Centro Europeo E-learning.<\/p>\n<p>Esta formaci\u00f3n se hace desde casa, es decir, de manera online, por lo que no tendr\u00e1s que dejar de lado ninguna de tus actividades.<\/p>\n<p>&nbsp;<\/p>\n","protected":false},"featured_media":251,"comment_status":"closed","ping_status":"closed","template":"","meta":[],"product_brand":[],"product_cat":[2047,1798,17],"product_tag":[1561,206,1562,1564,1560,1566,205,1565,1563,1559],"class_list":{"0":"post-250","1":"product","2":"type-product","3":"status-publish","4":"has-post-thumbnail","6":"product_cat-cursos-online-deporte","7":"product_cat-cursos-fef","8":"product_cat-master","9":"product_tag-certificacion-en-coaching-deportivo","10":"product_tag-coaching-deportivo","11":"product_tag-curso-online-de-nutricion-y-fitness","12":"product_tag-estrategias-de-motivacion-deportiva","13":"product_tag-formacion-en-entrenamiento-personal","14":"product_tag-mejora-del-rendimiento-fisico","15":"product_tag-nutricion-deportiva","16":"product_tag-planificacion-de-dietas-para-deportistas","17":"product_tag-tecnicas-de-entrenamiento-personalizado","18":"product_tag-triple-master-en-personal-trainer","20":"first","21":"instock","22":"sale","23":"shipping-taxable","24":"purchasable","25":"product-type-simple"},"yoast_head":"<!-- This site is optimized with the Yoast SEO plugin v27.5 - https:\/\/yoast.com\/product\/yoast-seo-wordpress\/ -->\n<title>Triple M\u00e1ster Personal Trainer Coaching Deportivo y Nutrici\u00f3n<\/title>\n<meta name=\"description\" content=\"Transforma tu carrera en el campo del entrenamiento f\u00edsico con nuestro Triple M\u00e1ster en Personal Trainer, Coaching Deportivo y Nutrici\u00f3n.\" \/>\n<meta name=\"robots\" content=\"index, follow, max-snippet:-1, max-image-preview:large, max-video-preview:-1\" \/>\n<link rel=\"canonical\" href=\"https:\/\/centro-cee.com\/web\/producto\/personal-trainer-coaching\/\" \/>\n<meta property=\"og:locale\" content=\"es_ES\" \/>\n<meta property=\"og:type\" content=\"article\" \/>\n<meta property=\"og:title\" content=\"Triple M\u00e1ster Personal Trainer Coaching Deportivo y Nutrici\u00f3n\" \/>\n<meta property=\"og:description\" content=\"Transforma tu carrera en el campo del entrenamiento f\u00edsico con nuestro Triple M\u00e1ster en Personal Trainer, Coaching Deportivo y Nutrici\u00f3n.\" \/>\n<meta property=\"og:url\" content=\"https:\/\/centro-cee.com\/web\/producto\/personal-trainer-coaching\/\" \/>\n<meta property=\"og:site_name\" content=\"CEE Centro Europeo E-learning - Cursos online\" \/>\n<meta property=\"article:modified_time\" content=\"2026-03-13T16:35:11+00:00\" \/>\n<meta property=\"og:image\" content=\"https:\/\/centro-cee.com\/web\/wp-content\/uploads\/2022\/12\/cee015b.jpg\" \/>\n\t<meta property=\"og:image:width\" content=\"1280\" \/>\n\t<meta property=\"og:image:height\" content=\"853\" \/>\n\t<meta property=\"og:image:type\" content=\"image\/jpeg\" \/>\n<meta name=\"twitter:card\" content=\"summary_large_image\" \/>\n<meta name=\"twitter:label1\" content=\"Tiempo de lectura\" \/>\n\t<meta name=\"twitter:data1\" content=\"3 minutos\" \/>\n<script type=\"application\/ld+json\" class=\"yoast-schema-graph\">{\"@context\":\"https:\\\/\\\/schema.org\",\"@graph\":[{\"@type\":\"WebPage\",\"@id\":\"https:\\\/\\\/centro-cee.com\\\/web\\\/producto\\\/personal-trainer-coaching\\\/\",\"url\":\"https:\\\/\\\/centro-cee.com\\\/web\\\/producto\\\/personal-trainer-coaching\\\/\",\"name\":\"Triple M\u00e1ster Personal Trainer Coaching Deportivo y Nutrici\u00f3n\",\"isPartOf\":{\"@id\":\"https:\\\/\\\/centro-cee.com\\\/web\\\/#website\"},\"primaryImageOfPage\":{\"@id\":\"https:\\\/\\\/centro-cee.com\\\/web\\\/producto\\\/personal-trainer-coaching\\\/#primaryimage\"},\"image\":{\"@id\":\"https:\\\/\\\/centro-cee.com\\\/web\\\/producto\\\/personal-trainer-coaching\\\/#primaryimage\"},\"thumbnailUrl\":\"https:\\\/\\\/centro-cee.com\\\/web\\\/wp-content\\\/uploads\\\/2022\\\/12\\\/cee015b.jpg\",\"datePublished\":\"2022-12-30T13:36:11+00:00\",\"dateModified\":\"2026-03-13T16:35:11+00:00\",\"description\":\"Transforma tu carrera en el campo del entrenamiento f\u00edsico con nuestro Triple M\u00e1ster en Personal Trainer, Coaching Deportivo y Nutrici\u00f3n.\",\"breadcrumb\":{\"@id\":\"https:\\\/\\\/centro-cee.com\\\/web\\\/producto\\\/personal-trainer-coaching\\\/#breadcrumb\"},\"inLanguage\":\"es\",\"potentialAction\":[{\"@type\":\"ReadAction\",\"target\":[\"https:\\\/\\\/centro-cee.com\\\/web\\\/producto\\\/personal-trainer-coaching\\\/\"]}]},{\"@type\":\"ImageObject\",\"inLanguage\":\"es\",\"@id\":\"https:\\\/\\\/centro-cee.com\\\/web\\\/producto\\\/personal-trainer-coaching\\\/#primaryimage\",\"url\":\"https:\\\/\\\/centro-cee.com\\\/web\\\/wp-content\\\/uploads\\\/2022\\\/12\\\/cee015b.jpg\",\"contentUrl\":\"https:\\\/\\\/centro-cee.com\\\/web\\\/wp-content\\\/uploads\\\/2022\\\/12\\\/cee015b.jpg\",\"width\":1280,\"height\":853},{\"@type\":\"BreadcrumbList\",\"@id\":\"https:\\\/\\\/centro-cee.com\\\/web\\\/producto\\\/personal-trainer-coaching\\\/#breadcrumb\",\"itemListElement\":[{\"@type\":\"ListItem\",\"position\":1,\"name\":\"Portada\",\"item\":\"https:\\\/\\\/centro-cee.com\\\/web\\\/\"},{\"@type\":\"ListItem\",\"position\":2,\"name\":\"Triple M\u00e1ster Personal Trainer, Coaching Deportivo y Nutrici\u00f3n\"}]},{\"@type\":\"WebSite\",\"@id\":\"https:\\\/\\\/centro-cee.com\\\/web\\\/#website\",\"url\":\"https:\\\/\\\/centro-cee.com\\\/web\\\/\",\"name\":\"Centro Europeo E-learning\",\"description\":\"CEE Formaci\u00f3n Online\",\"publisher\":{\"@id\":\"https:\\\/\\\/centro-cee.com\\\/web\\\/#organization\"},\"alternateName\":\"Centro Online de Formaci\u00f3n\",\"potentialAction\":[{\"@type\":\"SearchAction\",\"target\":{\"@type\":\"EntryPoint\",\"urlTemplate\":\"https:\\\/\\\/centro-cee.com\\\/web\\\/?s={search_term_string}\"},\"query-input\":{\"@type\":\"PropertyValueSpecification\",\"valueRequired\":true,\"valueName\":\"search_term_string\"}}],\"inLanguage\":\"es\"},{\"@type\":\"Organization\",\"@id\":\"https:\\\/\\\/centro-cee.com\\\/web\\\/#organization\",\"name\":\"Centro Europeo E-learning CEE\",\"url\":\"https:\\\/\\\/centro-cee.com\\\/web\\\/\",\"logo\":{\"@type\":\"ImageObject\",\"inLanguage\":\"es\",\"@id\":\"https:\\\/\\\/centro-cee.com\\\/web\\\/#\\\/schema\\\/logo\\\/image\\\/\",\"url\":\"https:\\\/\\\/centro-cee.com\\\/web\\\/wp-content\\\/uploads\\\/2022\\\/12\\\/cropped-logo_educa.png\",\"contentUrl\":\"https:\\\/\\\/centro-cee.com\\\/web\\\/wp-content\\\/uploads\\\/2022\\\/12\\\/cropped-logo_educa.png\",\"width\":157,\"height\":63,\"caption\":\"Centro Europeo E-learning CEE\"},\"image\":{\"@id\":\"https:\\\/\\\/centro-cee.com\\\/web\\\/#\\\/schema\\\/logo\\\/image\\\/\"},\"sameAs\":[\"https:\\\/\\\/www.instagram.com\\\/centroeuropeo_cee\"]}]}<\/script>\n<!-- \/ Yoast SEO plugin. -->","yoast_head_json":{"title":"Triple M\u00e1ster Personal Trainer Coaching Deportivo y Nutrici\u00f3n","description":"Transforma tu carrera en el campo del entrenamiento f\u00edsico con nuestro Triple M\u00e1ster en Personal Trainer, Coaching Deportivo y Nutrici\u00f3n.","robots":{"index":"index","follow":"follow","max-snippet":"max-snippet:-1","max-image-preview":"max-image-preview:large","max-video-preview":"max-video-preview:-1"},"canonical":"https:\/\/centro-cee.com\/web\/producto\/personal-trainer-coaching\/","og_locale":"es_ES","og_type":"article","og_title":"Triple M\u00e1ster Personal Trainer Coaching Deportivo y Nutrici\u00f3n","og_description":"Transforma tu carrera en el campo del entrenamiento f\u00edsico con nuestro Triple M\u00e1ster en Personal Trainer, Coaching Deportivo y Nutrici\u00f3n.","og_url":"https:\/\/centro-cee.com\/web\/producto\/personal-trainer-coaching\/","og_site_name":"CEE Centro Europeo E-learning - Cursos online","article_modified_time":"2026-03-13T16:35:11+00:00","og_image":[{"width":1280,"height":853,"url":"https:\/\/centro-cee.com\/web\/wp-content\/uploads\/2022\/12\/cee015b.jpg","type":"image\/jpeg"}],"twitter_card":"summary_large_image","twitter_misc":{"Tiempo de lectura":"3 minutos"},"schema":{"@context":"https:\/\/schema.org","@graph":[{"@type":"WebPage","@id":"https:\/\/centro-cee.com\/web\/producto\/personal-trainer-coaching\/","url":"https:\/\/centro-cee.com\/web\/producto\/personal-trainer-coaching\/","name":"Triple M\u00e1ster Personal Trainer Coaching Deportivo y Nutrici\u00f3n","isPartOf":{"@id":"https:\/\/centro-cee.com\/web\/#website"},"primaryImageOfPage":{"@id":"https:\/\/centro-cee.com\/web\/producto\/personal-trainer-coaching\/#primaryimage"},"image":{"@id":"https:\/\/centro-cee.com\/web\/producto\/personal-trainer-coaching\/#primaryimage"},"thumbnailUrl":"https:\/\/centro-cee.com\/web\/wp-content\/uploads\/2022\/12\/cee015b.jpg","datePublished":"2022-12-30T13:36:11+00:00","dateModified":"2026-03-13T16:35:11+00:00","description":"Transforma tu carrera en el campo del entrenamiento f\u00edsico con nuestro Triple M\u00e1ster en Personal Trainer, Coaching Deportivo y Nutrici\u00f3n.","breadcrumb":{"@id":"https:\/\/centro-cee.com\/web\/producto\/personal-trainer-coaching\/#breadcrumb"},"inLanguage":"es","potentialAction":[{"@type":"ReadAction","target":["https:\/\/centro-cee.com\/web\/producto\/personal-trainer-coaching\/"]}]},{"@type":"ImageObject","inLanguage":"es","@id":"https:\/\/centro-cee.com\/web\/producto\/personal-trainer-coaching\/#primaryimage","url":"https:\/\/centro-cee.com\/web\/wp-content\/uploads\/2022\/12\/cee015b.jpg","contentUrl":"https:\/\/centro-cee.com\/web\/wp-content\/uploads\/2022\/12\/cee015b.jpg","width":1280,"height":853},{"@type":"BreadcrumbList","@id":"https:\/\/centro-cee.com\/web\/producto\/personal-trainer-coaching\/#breadcrumb","itemListElement":[{"@type":"ListItem","position":1,"name":"Portada","item":"https:\/\/centro-cee.com\/web\/"},{"@type":"ListItem","position":2,"name":"Triple M\u00e1ster Personal Trainer, Coaching Deportivo y Nutrici\u00f3n"}]},{"@type":"WebSite","@id":"https:\/\/centro-cee.com\/web\/#website","url":"https:\/\/centro-cee.com\/web\/","name":"Centro Europeo E-learning","description":"CEE Formaci\u00f3n Online","publisher":{"@id":"https:\/\/centro-cee.com\/web\/#organization"},"alternateName":"Centro Online de Formaci\u00f3n","potentialAction":[{"@type":"SearchAction","target":{"@type":"EntryPoint","urlTemplate":"https:\/\/centro-cee.com\/web\/?s={search_term_string}"},"query-input":{"@type":"PropertyValueSpecification","valueRequired":true,"valueName":"search_term_string"}}],"inLanguage":"es"},{"@type":"Organization","@id":"https:\/\/centro-cee.com\/web\/#organization","name":"Centro Europeo E-learning CEE","url":"https:\/\/centro-cee.com\/web\/","logo":{"@type":"ImageObject","inLanguage":"es","@id":"https:\/\/centro-cee.com\/web\/#\/schema\/logo\/image\/","url":"https:\/\/centro-cee.com\/web\/wp-content\/uploads\/2022\/12\/cropped-logo_educa.png","contentUrl":"https:\/\/centro-cee.com\/web\/wp-content\/uploads\/2022\/12\/cropped-logo_educa.png","width":157,"height":63,"caption":"Centro Europeo E-learning CEE"},"image":{"@id":"https:\/\/centro-cee.com\/web\/#\/schema\/logo\/image\/"},"sameAs":["https:\/\/www.instagram.com\/centroeuropeo_cee"]}]}},"_links":{"self":[{"href":"https:\/\/centro-cee.com\/web\/wp-json\/wp\/v2\/product\/250","targetHints":{"allow":["GET"]}}],"collection":[{"href":"https:\/\/centro-cee.com\/web\/wp-json\/wp\/v2\/product"}],"about":[{"href":"https:\/\/centro-cee.com\/web\/wp-json\/wp\/v2\/types\/product"}],"replies":[{"embeddable":true,"href":"https:\/\/centro-cee.com\/web\/wp-json\/wp\/v2\/comments?post=250"}],"wp:featuredmedia":[{"embeddable":true,"href":"https:\/\/centro-cee.com\/web\/wp-json\/wp\/v2\/media\/251"}],"wp:attachment":[{"href":"https:\/\/centro-cee.com\/web\/wp-json\/wp\/v2\/media?parent=250"}],"wp:term":[{"taxonomy":"product_brand","embeddable":true,"href":"https:\/\/centro-cee.com\/web\/wp-json\/wp\/v2\/product_brand?post=250"},{"taxonomy":"product_cat","embeddable":true,"href":"https:\/\/centro-cee.com\/web\/wp-json\/wp\/v2\/product_cat?post=250"},{"taxonomy":"product_tag","embeddable":true,"href":"https:\/\/centro-cee.com\/web\/wp-json\/wp\/v2\/product_tag?post=250"}],"curies":[{"name":"wp","href":"https:\/\/api.w.org\/{rel}","templated":true}]}}