{"id":2493,"date":"2025-11-28T14:48:35","date_gmt":"2025-11-28T14:48:35","guid":{"rendered":"https:\/\/centro-cee.com\/web\/producto\/direccion-y-gestion-de-equipos-comerciales\/"},"modified":"2026-01-26T13:30:42","modified_gmt":"2026-01-26T13:30:42","slug":"direccion-y-gestion-de-equipos-comerciales","status":"publish","type":"product","link":"https:\/\/centro-cee.com\/web\/producto\/direccion-y-gestion-de-equipos-comerciales\/","title":{"rendered":"DIRECCI\u00d3N Y GESTI\u00d3N DE EQUIPOS COMERCIALES"},"content":{"rendered":"<hr \/>\n<p><a href=\"https:\/\/centro-cee.com\/web\/formaciones\/\">Atr\u00e1s<\/a><\/p>\n<p><strong>Direcci\u00f3n y gesti\u00f3n de equipos comerciales<\/strong><\/p>\n<p>Toda esta formaci\u00f3n se realiza 100% online en nuestro campus online de formaci\u00f3n.<\/p>\n<p>Las tutorias se realizan directamente desde el campus de estudio con la opci\u00f3n de mensajer\u00eda a profesores. Las tutorias son \u00aba demanda\u00bb, cuando necesites soporte nos lo pides.<\/p>\n<p>Los t\u00edtulos de Centro CEE est\u00e1n autenticados por la firma de notario que valida contenidos y autenticidad a nivel internacional. Nuestra organizaci\u00f3n pertenece a la Asociaci\u00f3n Espa\u00f1ola de Calidad, organizaci\u00f3n Espa\u00f1ola de referencia para la calidad en la formaci\u00f3n. La certificaci\u00f3n se puede apostillar por la Haya para cualquier pa\u00eds firmante del convenio de la Haya.<\/p>\n<p>Se puede pagar a plazos.<\/p>\n<p>Carga horaria de la formaci\u00f3n: 300h<\/p>\n<p>&nbsp;<\/p>\n<h2>Temario <strong>Direcci\u00f3n y gesti\u00f3n de equipos comerciales<\/strong><\/h2>\n<hr \/>\n<p><strong>UNIDAD 1. LA NATURALEZA DEL EQUIPO DE VENTAS<\/strong><\/p>\n<p style=\"padding-left: 40px;\">1. El vendedor<br \/>\n2. Tipolog\u00eda de vendedores<br \/>\n3. Propiedades del buen vendedor<br \/>\n4. \u00c9xito en las ventas<br \/>\n5. Actividades del vendedor<br \/>\n6. Psicolog\u00eda aplicada a la venta<br \/>\n7. Recomendaciones para mejorar la comunicaci\u00f3n<br \/>\n8. Actitud y comunicaci\u00f3n no verbal<\/p>\n<p><strong>UNIDAD 2. EJECUCI\u00d3N DE LIDERAZGO EN EL EQUIPO COMERCIAL<\/strong><\/p>\n<p style=\"padding-left: 40px;\">1. Gesti\u00f3n vs liderazgo<br \/>\n2. El l\u00edder de equipos<br \/>\n3. Liderazgo desde la planificaci\u00f3n comercial<br \/>\n4. Liderazgo desde la negociaci\u00f3n con los clientes<br \/>\n5. Coaching de ventas<br \/>\n6. Modelos de gesti\u00f3n de equipos<\/p>\n<p><strong>UNIDAD 3. EQUIPOS COMERCIALES COMPETITIVOS<\/strong><\/p>\n<p style=\"padding-left: 40px;\">1. Selecci\u00f3n de personal<br \/>\n2. La heterogeneidad del grupo<br \/>\n3. Tipos de equipos<br \/>\n4. Cohesi\u00f3n y comunicaci\u00f3n en el equipo<br \/>\n5. Determinaci\u00f3n de roles dentro del equipo de ventas<\/p>\n<p><strong>UNIDAD 4. T\u00c9CNICAS PARA MOTIVAR AL EQUIPO DE VENTAS<\/strong><\/p>\n<p style=\"padding-left: 40px;\">1. Motivaci\u00f3n personal del equipo de ventas<br \/>\n2. Teor\u00edas de la motivaci\u00f3n<br \/>\n3. T\u00e9cnicas de motivaci\u00f3n<br \/>\n4. Satisfacci\u00f3n en el trabajo<br \/>\n5. Motivaciones econ\u00f3micas<br \/>\n6. Motivaci\u00f3n a largo plazo<\/p>\n<p><strong>UNIDAD 5. LA NEGOCIACI\u00d3N<\/strong><\/p>\n<p style=\"padding-left: 40px;\">1. Introducci\u00f3n a la negociaci\u00f3n<br \/>\n2. Los procesos de negociaci\u00f3n<br \/>\n3. Tipolog\u00eda de las negociaciones<br \/>\n4. Las conductas de los buenos negociadores<br \/>\n5. Fases de la negociaci\u00f3n<br \/>\n6. Estrategias de negociaci\u00f3n<br \/>\n7. T\u00e1cticas de negociaci\u00f3n<br \/>\n8. Elementos pr\u00e1cticos de negociaci\u00f3n<\/p>\n<p>UNIDAD 6. LA COMUNICACI\u00d3N EN LA VENTA<\/p>\n<p style=\"padding-left: 40px;\">1. Introducci\u00f3n<br \/>\n2. Defectos del emisor<br \/>\n3. Defectos del receptor<br \/>\n4. Leyes de la Comunicaci\u00f3n<br \/>\n5. Principios de la Comunicaci\u00f3n<br \/>\n6. El proceso de comunicaci\u00f3n<br \/>\n7. Mensajes que facilitan el di\u00e1logo<br \/>\n8. La retroalimentaci\u00f3n<br \/>\n9. Ruidos y barreras en la comunicaci\u00f3n<br \/>\n10. Superaci\u00f3n de las barreras en la comunicaci\u00f3n<br \/>\n11. La expresi\u00f3n oral en la venta<br \/>\n12. C\u00f3mo llevar a cabo la expresi\u00f3n oral en la venta<br \/>\n13. La expresi\u00f3n escrita en la venta<br \/>\n14. Las veinte sugerencias para la comunicaci\u00f3n escrita<br \/>\n15. La escucha en la venta<br \/>\n16. Como mejorar la capacidad de escuchar<br \/>\n17. Tipos de Preguntas<br \/>\n18. La comunicaci\u00f3n no verbal<br \/>\n19. Emitiendo se\u00f1ales, creando impresiones<br \/>\n20. Los principales componentes no verbales<br \/>\n21. La asertividad<br \/>\n22. Tipos de personas<\/p>\n<p><strong>UNIDAD 7. LOS CALL CENTERS<\/strong><\/p>\n<p style=\"padding-left: 40px;\">1. Factores de la comunicaci\u00f3n comercial<br \/>\n2. Procesos para mejorar la comunicaci\u00f3n<br \/>\n3. Comunicaci\u00f3n interna<br \/>\n4. Dispositivos de Informaci\u00f3n<br \/>\n5. Habilidades sociales y protocolo comercial<br \/>\n6. La comunicaci\u00f3n verbal<br \/>\n7. Comunicaci\u00f3n no verbal<br \/>\n8. La Comunicaci\u00f3n Escrita<br \/>\n9. T\u00e9cnicas y procesos de negociaci\u00f3n<br \/>\n10. Bases fundamentales de los procesos de negociaci\u00f3n<br \/>\n11. Las conductas de los buenos\/as negociadores\/as<br \/>\n12. Estrategias y t\u00e1cticas en la negociaci\u00f3n<br \/>\n13. Fases de la negociaci\u00f3n<br \/>\n14. Los Call Centers<\/p>\n<hr \/>\n<p>&nbsp;<\/p>\n<h4 data-start=\"1592\" data-end=\"1628\"><strong data-start=\"1595\" data-end=\"1628\">HABILIDADES QUE DESARROLLAR\u00c1S<\/strong><\/h4>\n<p data-start=\"1630\" data-end=\"1855\"><strong data-start=\"1630\" data-end=\"1663\">Comunicaci\u00f3n comercial eficaz<\/strong><br data-start=\"1663\" data-end=\"1666\" \/>Desarrollar\u00e1s la capacidad de transmitir mensajes claros y persuasivos, mejorar la escucha activa, gestionar la comunicaci\u00f3n verbal y no verbal y superar barreras comunicativas en la venta.<\/p>\n<p data-start=\"1857\" data-end=\"2053\"><strong data-start=\"1857\" data-end=\"1891\">Liderazgo de equipos de ventas<\/strong><br data-start=\"1891\" data-end=\"1894\" \/>Aprender\u00e1s a liderar equipos comerciales desde un enfoque estrat\u00e9gico, motivador y orientado a resultados, aplicando modelos de liderazgo y coaching de ventas.<\/p>\n<p data-start=\"2055\" data-end=\"2268\"><strong data-start=\"2055\" data-end=\"2101\">Motivaci\u00f3n y gesti\u00f3n del talento comercial<\/strong><br data-start=\"2101\" data-end=\"2104\" \/>Ser\u00e1s capaz de aplicar t\u00e9cnicas de motivaci\u00f3n personal y colectiva, dise\u00f1ar incentivos econ\u00f3micos y no econ\u00f3micos y fomentar el compromiso a largo plazo del equipo.<\/p>\n<p data-start=\"2270\" data-end=\"2439\"><strong data-start=\"2270\" data-end=\"2297\">Negociaci\u00f3n profesional<\/strong><br data-start=\"2297\" data-end=\"2300\" \/>Dominar\u00e1s las fases, estrategias y t\u00e1cticas de la negociaci\u00f3n, adaptando tu estilo a distintos tipos de clientes y situaciones comerciales.<\/p>\n<p data-start=\"2441\" data-end=\"2636\"><strong data-start=\"2441\" data-end=\"2488\">Gesti\u00f3n de equipos comerciales competitivos<\/strong><br data-start=\"2488\" data-end=\"2491\" \/>Adquirir\u00e1s habilidades para seleccionar personal, organizar equipos heterog\u00e9neos, definir roles y mejorar la cohesi\u00f3n y el rendimiento del grupo.<\/p>\n<p data-start=\"2638\" data-end=\"2834\"><strong data-start=\"2638\" data-end=\"2677\">Venta y negociaci\u00f3n en call centers<\/strong><br data-start=\"2677\" data-end=\"2680\" \/>Desarrollar\u00e1s competencias espec\u00edficas para la comunicaci\u00f3n, negociaci\u00f3n y gesti\u00f3n comercial en entornos de atenci\u00f3n telef\u00f3nica y canales no presenciales.<\/p>\n<hr data-start=\"2836\" data-end=\"2839\" \/>\n<h4 data-start=\"2841\" data-end=\"2869\"><strong data-start=\"2844\" data-end=\"2869\">SALIDAS PROFESIONALES<\/strong><\/h4>\n<ul>\n<li data-start=\"2871\" data-end=\"3116\">Jefe o responsable de equipo de ventas<\/li>\n<li data-start=\"2871\" data-end=\"3116\">Supervisor comercial<\/li>\n<li data-start=\"2871\" data-end=\"3116\">Coordinador de equipos comerciales<\/li>\n<li data-start=\"2871\" data-end=\"3116\">Responsable de call center<\/li>\n<li data-start=\"2871\" data-end=\"3116\">Ejecutivo de ventas senior<\/li>\n<li data-start=\"2871\" data-end=\"3116\">Consultor en gesti\u00f3n comercial<\/li>\n<li data-start=\"2871\" data-end=\"3116\">Formador en ventas y negociaci\u00f3n<\/li>\n<li data-start=\"2871\" data-end=\"3116\">Asesor comercial<\/li>\n<\/ul>\n<p>&nbsp;<\/p>\n<p>&nbsp;<\/p>\n<p><strong>Direcci\u00f3n y gesti\u00f3n de equipos comerciales<\/strong><\/p>\n<hr \/>\n<p>&nbsp;<\/p>\n","protected":false},"excerpt":{"rendered":"<p>Atr\u00e1s Direcci\u00f3n y gesti\u00f3n de equipos comerciales Toda esta formaci\u00f3n se realiza 100% online en nuestro campus online de formaci\u00f3n. Las tutorias se realizan directamente desde el campus de estudio con la opci\u00f3n de mensajer\u00eda a profesores. Las tutorias son \u00aba demanda\u00bb, cuando necesites soporte nos lo pides. Los t\u00edtulos de Centro CEE est\u00e1n autenticados [&hellip;]<\/p>\n","protected":false},"featured_media":2590,"comment_status":"closed","ping_status":"closed","template":"","meta":[],"product_brand":[],"product_cat":[34],"product_tag":[],"class_list":{"0":"post-2493","1":"product","2":"type-product","3":"status-publish","4":"has-post-thumbnail","6":"product_cat-tecnicos","8":"first","9":"instock","10":"sale","11":"shipping-taxable","12":"purchasable","13":"product-type-simple"},"yoast_head":"<!-- This site is optimized with the Yoast SEO plugin v27.4 - https:\/\/yoast.com\/product\/yoast-seo-wordpress\/ -->\n<title>DIRECCI\u00d3N Y GESTI\u00d3N DE EQUIPOS COMERCIALES - CEE Centro Europeo E-learning - Cursos online<\/title>\n<meta name=\"robots\" content=\"index, follow, max-snippet:-1, max-image-preview:large, max-video-preview:-1\" \/>\n<link rel=\"canonical\" href=\"https:\/\/centro-cee.com\/web\/producto\/direccion-y-gestion-de-equipos-comerciales\/\" \/>\n<meta property=\"og:locale\" content=\"es_ES\" \/>\n<meta property=\"og:type\" content=\"article\" \/>\n<meta property=\"og:title\" content=\"DIRECCI\u00d3N Y GESTI\u00d3N DE EQUIPOS COMERCIALES - CEE Centro Europeo E-learning - Cursos online\" \/>\n<meta property=\"og:description\" content=\"Atr\u00e1s Direcci\u00f3n y gesti\u00f3n de equipos comerciales Toda esta formaci\u00f3n se realiza 100% online en nuestro campus online de formaci\u00f3n. Las tutorias se realizan directamente desde el campus de estudio con la opci\u00f3n de mensajer\u00eda a profesores. Las tutorias son \u00aba demanda\u00bb, cuando necesites soporte nos lo pides. Los t\u00edtulos de Centro CEE est\u00e1n autenticados [&hellip;]\" \/>\n<meta property=\"og:url\" content=\"https:\/\/centro-cee.com\/web\/producto\/direccion-y-gestion-de-equipos-comerciales\/\" \/>\n<meta property=\"og:site_name\" content=\"CEE Centro Europeo E-learning - Cursos online\" \/>\n<meta property=\"article:modified_time\" content=\"2026-01-26T13:30:42+00:00\" \/>\n<meta property=\"og:image\" content=\"https:\/\/centro-cee.com\/web\/wp-content\/uploads\/2025\/11\/mujeres1.jpg\" \/>\n\t<meta property=\"og:image:width\" content=\"635\" \/>\n\t<meta property=\"og:image:height\" content=\"355\" \/>\n\t<meta property=\"og:image:type\" content=\"image\/jpeg\" \/>\n<meta name=\"twitter:card\" content=\"summary_large_image\" \/>\n<meta name=\"twitter:label1\" content=\"Tiempo de lectura\" \/>\n\t<meta name=\"twitter:data1\" content=\"4 minutos\" \/>\n<script type=\"application\/ld+json\" class=\"yoast-schema-graph\">{\"@context\":\"https:\\\/\\\/schema.org\",\"@graph\":[{\"@type\":\"WebPage\",\"@id\":\"https:\\\/\\\/centro-cee.com\\\/web\\\/producto\\\/direccion-y-gestion-de-equipos-comerciales\\\/\",\"url\":\"https:\\\/\\\/centro-cee.com\\\/web\\\/producto\\\/direccion-y-gestion-de-equipos-comerciales\\\/\",\"name\":\"DIRECCI\u00d3N Y GESTI\u00d3N DE EQUIPOS COMERCIALES - CEE Centro Europeo E-learning - Cursos online\",\"isPartOf\":{\"@id\":\"https:\\\/\\\/centro-cee.com\\\/web\\\/#website\"},\"primaryImageOfPage\":{\"@id\":\"https:\\\/\\\/centro-cee.com\\\/web\\\/producto\\\/direccion-y-gestion-de-equipos-comerciales\\\/#primaryimage\"},\"image\":{\"@id\":\"https:\\\/\\\/centro-cee.com\\\/web\\\/producto\\\/direccion-y-gestion-de-equipos-comerciales\\\/#primaryimage\"},\"thumbnailUrl\":\"https:\\\/\\\/centro-cee.com\\\/web\\\/wp-content\\\/uploads\\\/2025\\\/11\\\/mujeres1.jpg\",\"datePublished\":\"2025-11-28T14:48:35+00:00\",\"dateModified\":\"2026-01-26T13:30:42+00:00\",\"breadcrumb\":{\"@id\":\"https:\\\/\\\/centro-cee.com\\\/web\\\/producto\\\/direccion-y-gestion-de-equipos-comerciales\\\/#breadcrumb\"},\"inLanguage\":\"es\",\"potentialAction\":[{\"@type\":\"ReadAction\",\"target\":[\"https:\\\/\\\/centro-cee.com\\\/web\\\/producto\\\/direccion-y-gestion-de-equipos-comerciales\\\/\"]}]},{\"@type\":\"ImageObject\",\"inLanguage\":\"es\",\"@id\":\"https:\\\/\\\/centro-cee.com\\\/web\\\/producto\\\/direccion-y-gestion-de-equipos-comerciales\\\/#primaryimage\",\"url\":\"https:\\\/\\\/centro-cee.com\\\/web\\\/wp-content\\\/uploads\\\/2025\\\/11\\\/mujeres1.jpg\",\"contentUrl\":\"https:\\\/\\\/centro-cee.com\\\/web\\\/wp-content\\\/uploads\\\/2025\\\/11\\\/mujeres1.jpg\",\"width\":635,\"height\":355,\"caption\":\"Cute business woman with colleagues in discussion at the background\"},{\"@type\":\"BreadcrumbList\",\"@id\":\"https:\\\/\\\/centro-cee.com\\\/web\\\/producto\\\/direccion-y-gestion-de-equipos-comerciales\\\/#breadcrumb\",\"itemListElement\":[{\"@type\":\"ListItem\",\"position\":1,\"name\":\"Portada\",\"item\":\"https:\\\/\\\/centro-cee.com\\\/web\\\/\"},{\"@type\":\"ListItem\",\"position\":2,\"name\":\"DIRECCI\u00d3N Y GESTI\u00d3N DE EQUIPOS COMERCIALES\"}]},{\"@type\":\"WebSite\",\"@id\":\"https:\\\/\\\/centro-cee.com\\\/web\\\/#website\",\"url\":\"https:\\\/\\\/centro-cee.com\\\/web\\\/\",\"name\":\"Centro Europeo E-learning\",\"description\":\"CEE Formaci\u00f3n Online\",\"publisher\":{\"@id\":\"https:\\\/\\\/centro-cee.com\\\/web\\\/#organization\"},\"alternateName\":\"Centro Online de Formaci\u00f3n\",\"potentialAction\":[{\"@type\":\"SearchAction\",\"target\":{\"@type\":\"EntryPoint\",\"urlTemplate\":\"https:\\\/\\\/centro-cee.com\\\/web\\\/?s={search_term_string}\"},\"query-input\":{\"@type\":\"PropertyValueSpecification\",\"valueRequired\":true,\"valueName\":\"search_term_string\"}}],\"inLanguage\":\"es\"},{\"@type\":\"Organization\",\"@id\":\"https:\\\/\\\/centro-cee.com\\\/web\\\/#organization\",\"name\":\"Centro Europeo E-learning CEE\",\"url\":\"https:\\\/\\\/centro-cee.com\\\/web\\\/\",\"logo\":{\"@type\":\"ImageObject\",\"inLanguage\":\"es\",\"@id\":\"https:\\\/\\\/centro-cee.com\\\/web\\\/#\\\/schema\\\/logo\\\/image\\\/\",\"url\":\"https:\\\/\\\/centro-cee.com\\\/web\\\/wp-content\\\/uploads\\\/2022\\\/12\\\/cropped-logo_educa.png\",\"contentUrl\":\"https:\\\/\\\/centro-cee.com\\\/web\\\/wp-content\\\/uploads\\\/2022\\\/12\\\/cropped-logo_educa.png\",\"width\":157,\"height\":63,\"caption\":\"Centro Europeo E-learning CEE\"},\"image\":{\"@id\":\"https:\\\/\\\/centro-cee.com\\\/web\\\/#\\\/schema\\\/logo\\\/image\\\/\"},\"sameAs\":[\"https:\\\/\\\/www.instagram.com\\\/centroeuropeo_cee\"]}]}<\/script>\n<!-- \/ Yoast SEO plugin. -->","yoast_head_json":{"title":"DIRECCI\u00d3N Y GESTI\u00d3N DE EQUIPOS COMERCIALES - CEE Centro Europeo E-learning - Cursos online","robots":{"index":"index","follow":"follow","max-snippet":"max-snippet:-1","max-image-preview":"max-image-preview:large","max-video-preview":"max-video-preview:-1"},"canonical":"https:\/\/centro-cee.com\/web\/producto\/direccion-y-gestion-de-equipos-comerciales\/","og_locale":"es_ES","og_type":"article","og_title":"DIRECCI\u00d3N Y GESTI\u00d3N DE EQUIPOS COMERCIALES - CEE Centro Europeo E-learning - Cursos online","og_description":"Atr\u00e1s Direcci\u00f3n y gesti\u00f3n de equipos comerciales Toda esta formaci\u00f3n se realiza 100% online en nuestro campus online de formaci\u00f3n. Las tutorias se realizan directamente desde el campus de estudio con la opci\u00f3n de mensajer\u00eda a profesores. Las tutorias son \u00aba demanda\u00bb, cuando necesites soporte nos lo pides. Los t\u00edtulos de Centro CEE est\u00e1n autenticados [&hellip;]","og_url":"https:\/\/centro-cee.com\/web\/producto\/direccion-y-gestion-de-equipos-comerciales\/","og_site_name":"CEE Centro Europeo E-learning - Cursos online","article_modified_time":"2026-01-26T13:30:42+00:00","og_image":[{"width":635,"height":355,"url":"https:\/\/centro-cee.com\/web\/wp-content\/uploads\/2025\/11\/mujeres1.jpg","type":"image\/jpeg"}],"twitter_card":"summary_large_image","twitter_misc":{"Tiempo de lectura":"4 minutos"},"schema":{"@context":"https:\/\/schema.org","@graph":[{"@type":"WebPage","@id":"https:\/\/centro-cee.com\/web\/producto\/direccion-y-gestion-de-equipos-comerciales\/","url":"https:\/\/centro-cee.com\/web\/producto\/direccion-y-gestion-de-equipos-comerciales\/","name":"DIRECCI\u00d3N Y GESTI\u00d3N DE EQUIPOS COMERCIALES - CEE Centro Europeo E-learning - Cursos online","isPartOf":{"@id":"https:\/\/centro-cee.com\/web\/#website"},"primaryImageOfPage":{"@id":"https:\/\/centro-cee.com\/web\/producto\/direccion-y-gestion-de-equipos-comerciales\/#primaryimage"},"image":{"@id":"https:\/\/centro-cee.com\/web\/producto\/direccion-y-gestion-de-equipos-comerciales\/#primaryimage"},"thumbnailUrl":"https:\/\/centro-cee.com\/web\/wp-content\/uploads\/2025\/11\/mujeres1.jpg","datePublished":"2025-11-28T14:48:35+00:00","dateModified":"2026-01-26T13:30:42+00:00","breadcrumb":{"@id":"https:\/\/centro-cee.com\/web\/producto\/direccion-y-gestion-de-equipos-comerciales\/#breadcrumb"},"inLanguage":"es","potentialAction":[{"@type":"ReadAction","target":["https:\/\/centro-cee.com\/web\/producto\/direccion-y-gestion-de-equipos-comerciales\/"]}]},{"@type":"ImageObject","inLanguage":"es","@id":"https:\/\/centro-cee.com\/web\/producto\/direccion-y-gestion-de-equipos-comerciales\/#primaryimage","url":"https:\/\/centro-cee.com\/web\/wp-content\/uploads\/2025\/11\/mujeres1.jpg","contentUrl":"https:\/\/centro-cee.com\/web\/wp-content\/uploads\/2025\/11\/mujeres1.jpg","width":635,"height":355,"caption":"Cute business woman with colleagues in discussion at the background"},{"@type":"BreadcrumbList","@id":"https:\/\/centro-cee.com\/web\/producto\/direccion-y-gestion-de-equipos-comerciales\/#breadcrumb","itemListElement":[{"@type":"ListItem","position":1,"name":"Portada","item":"https:\/\/centro-cee.com\/web\/"},{"@type":"ListItem","position":2,"name":"DIRECCI\u00d3N Y GESTI\u00d3N DE EQUIPOS COMERCIALES"}]},{"@type":"WebSite","@id":"https:\/\/centro-cee.com\/web\/#website","url":"https:\/\/centro-cee.com\/web\/","name":"Centro Europeo E-learning","description":"CEE Formaci\u00f3n Online","publisher":{"@id":"https:\/\/centro-cee.com\/web\/#organization"},"alternateName":"Centro Online de Formaci\u00f3n","potentialAction":[{"@type":"SearchAction","target":{"@type":"EntryPoint","urlTemplate":"https:\/\/centro-cee.com\/web\/?s={search_term_string}"},"query-input":{"@type":"PropertyValueSpecification","valueRequired":true,"valueName":"search_term_string"}}],"inLanguage":"es"},{"@type":"Organization","@id":"https:\/\/centro-cee.com\/web\/#organization","name":"Centro Europeo E-learning CEE","url":"https:\/\/centro-cee.com\/web\/","logo":{"@type":"ImageObject","inLanguage":"es","@id":"https:\/\/centro-cee.com\/web\/#\/schema\/logo\/image\/","url":"https:\/\/centro-cee.com\/web\/wp-content\/uploads\/2022\/12\/cropped-logo_educa.png","contentUrl":"https:\/\/centro-cee.com\/web\/wp-content\/uploads\/2022\/12\/cropped-logo_educa.png","width":157,"height":63,"caption":"Centro Europeo E-learning CEE"},"image":{"@id":"https:\/\/centro-cee.com\/web\/#\/schema\/logo\/image\/"},"sameAs":["https:\/\/www.instagram.com\/centroeuropeo_cee"]}]}},"_links":{"self":[{"href":"https:\/\/centro-cee.com\/web\/wp-json\/wp\/v2\/product\/2493","targetHints":{"allow":["GET"]}}],"collection":[{"href":"https:\/\/centro-cee.com\/web\/wp-json\/wp\/v2\/product"}],"about":[{"href":"https:\/\/centro-cee.com\/web\/wp-json\/wp\/v2\/types\/product"}],"replies":[{"embeddable":true,"href":"https:\/\/centro-cee.com\/web\/wp-json\/wp\/v2\/comments?post=2493"}],"wp:featuredmedia":[{"embeddable":true,"href":"https:\/\/centro-cee.com\/web\/wp-json\/wp\/v2\/media\/2590"}],"wp:attachment":[{"href":"https:\/\/centro-cee.com\/web\/wp-json\/wp\/v2\/media?parent=2493"}],"wp:term":[{"taxonomy":"product_brand","embeddable":true,"href":"https:\/\/centro-cee.com\/web\/wp-json\/wp\/v2\/product_brand?post=2493"},{"taxonomy":"product_cat","embeddable":true,"href":"https:\/\/centro-cee.com\/web\/wp-json\/wp\/v2\/product_cat?post=2493"},{"taxonomy":"product_tag","embeddable":true,"href":"https:\/\/centro-cee.com\/web\/wp-json\/wp\/v2\/product_tag?post=2493"}],"curies":[{"name":"wp","href":"https:\/\/api.w.org\/{rel}","templated":true}]}}