{"id":2478,"date":"2025-11-28T14:48:32","date_gmt":"2025-11-28T14:48:32","guid":{"rendered":"https:\/\/centro-cee.com\/web\/producto\/tecnico-en-inteligencia-artificial\/"},"modified":"2026-01-23T14:19:47","modified_gmt":"2026-01-23T14:19:47","slug":"tecnico-en-inteligencia-artificial","status":"publish","type":"product","link":"https:\/\/centro-cee.com\/web\/producto\/tecnico-en-inteligencia-artificial\/","title":{"rendered":"T\u00c9CNICO EN INTELIGENCIA ARTIFICIAL"},"content":{"rendered":"<p><a href=\"https:\/\/centro-cee.com\/web\/formaciones\/\">Atr\u00e1s<\/a><\/p>\n<h4>T\u00e9cnico en Inteligencia Artificial<\/h4>\n<p>Toda esta formaci\u00f3n se realiza 100% online en nuestro campus online de formaci\u00f3n.<\/p>\n<p>Las tutorias se realizan directamente desde el campus de estudio con la opci\u00f3n de mensajer\u00eda a profesores. Las tutorias son \u00aba demanda\u00bb, cuando necesites soporte nos lo pides.<\/p>\n<p>Los t\u00edtulos de Centro CEE est\u00e1n autenticados por la firma de notario que valida contenidos y autenticidad a nivel internacional. Nuestra organizaci\u00f3n pertenece a la Asociaci\u00f3n Espa\u00f1ola de Calidad, organizaci\u00f3n Espa\u00f1ola de referencia para la calidad en la formaci\u00f3n. La certificaci\u00f3n se puede apostillar por la Haya para cualquier pa\u00eds firmante del convenio de la Haya.<\/p>\n<p>Se puede pagar a plazos.<\/p>\n<p>Carga horaria de la formaci\u00f3n: 300h<\/p>\n<p>&nbsp;<\/p>\n<h2>Temario T\u00e9cnico en Inteligencia Artificial<\/h2>\n<hr \/>\n<p>UNIDAD 1. INTRODUCCI\u00d3N A LA INTELIGENCIA ARTIFICIAL<\/p>\n<p style=\"padding-left: 40px;\">1. Introducci\u00f3n a la inteligencia<br \/>\n2. Inteligencia de los seres vivos<br \/>\n3. Inteligencia artificial<br \/>\n4. Dominios de aplicaci\u00f3n<br \/>\n5. Problemas tratados por la Inteligencia Artificial<\/p>\n<p>UNIDAD 2. EL TEST DE TURING<\/p>\n<p style=\"padding-left: 40px;\">1. \u00bfEn qu\u00e9 consiste el Test de Turing?<br \/>\n2. Debilidades u objeciones de la prueba<br \/>\n3. La habitaci\u00f3n china<br \/>\n4. La variante de Turing<br \/>\n5. Superaci\u00f3n del test de Turing<\/p>\n<p>UNIDAD 3. REDES NEURONALES<\/p>\n<p style=\"padding-left: 40px;\">1. \u00bfQu\u00e9 son las redes neuronales?<br \/>\n2. Ventajas de las redes neuronales<br \/>\n3. Modelo Neuronal<br \/>\n4. Arquitectura<br \/>\n5. Aplicaciones de las redes neuronales<br \/>\n6. Aprendizaje<\/p>\n<p>UNIDAD 4. SISTEMAS EXPERTOS<\/p>\n<p style=\"padding-left: 40px;\">1. Definici\u00f3n<br \/>\n2. Caracter\u00edsticas<br \/>\n3. Componentes de un sistema experto<br \/>\n4. Tipos de sistemas expertos<br \/>\n5. Campos de aplicaci\u00f3n<\/p>\n<p>UNIDAD 5. AGENTES INTELIGENTES<\/p>\n<p style=\"padding-left: 40px;\">1. Concepto de agente<br \/>\n2. Agente racional<br \/>\n3. Arquitecturas de agentes<br \/>\n4. Descentralizaci\u00f3n de los agentes<\/p>\n<p>UNIDAD 6. APLICACIONES DE LA INTELIGENCIA ARTIFICIAL<\/p>\n<p style=\"padding-left: 40px;\">1. Aplicaciones de los agentes inteligentes<br \/>\n2. Tecnolog\u00edas aplicadas de la Inteligencia Artificial<\/p>\n<p>&nbsp;<\/p>\n<h4>T\u00e9cnico en Inteligencia Artificial<\/h4>\n<hr \/>\n<p>&nbsp;<\/p>\n","protected":false},"excerpt":{"rendered":"<p><a href=\"https:\/\/centro-cee.com\/web\/formaciones\/\">Atr\u00e1s<\/a><\/p>\n<h4 data-start=\"1002\" data-end=\"1023\"><strong data-start=\"1005\" data-end=\"1023\">QU\u00c9 APRENDER\u00c1S<\/strong><\/h4>\n<p data-start=\"1025\" data-end=\"1345\">Aprender\u00e1s a diferenciar la inteligencia natural de la inteligencia artificial, comprendiendo los problemas que aborda la IA y sus principales \u00e1mbitos de aplicaci\u00f3n. Analizar\u00e1s en profundidad el Test de Turing, sus limitaciones y variantes, como base conceptual para entender la evaluaci\u00f3n de la inteligencia artificial.<\/p>\n<p data-start=\"1347\" data-end=\"1901\">Conocer\u00e1s el funcionamiento de las redes neuronales artificiales, sus modelos, arquitecturas y procesos de aprendizaje, as\u00ed como su papel central en el desarrollo de sistemas inteligentes modernos. Estudiar\u00e1s los sistemas expertos, sus componentes, tipolog\u00edas y campos de aplicaci\u00f3n, y profundizar\u00e1s en el concepto de agentes inteligentes, su racionalidad, arquitecturas y funcionamiento descentralizado. Finalmente, explorar\u00e1s las aplicaciones pr\u00e1cticas y tecnolog\u00edas actuales que hacen posible la implantaci\u00f3n de soluciones de IA en distintos sectores.<\/p>\n<hr data-start=\"1903\" data-end=\"1906\" \/>\n<h4 data-start=\"1908\" data-end=\"1944\"><strong data-start=\"1911\" data-end=\"1944\">HABILIDADES QUE DESARROLLAR\u00c1S<\/strong><\/h4>\n<p data-start=\"1946\" data-end=\"2155\"><strong data-start=\"1946\" data-end=\"2002\">Comprensi\u00f3n conceptual de la Inteligencia Artificial<\/strong><br data-start=\"2002\" data-end=\"2005\" \/>Desarrollar\u00e1s una base te\u00f3rica s\u00f3lida sobre qu\u00e9 es la inteligencia artificial, qu\u00e9 problemas aborda y c\u00f3mo se diferencia de la inteligencia biol\u00f3gica.<\/p>\n<p data-start=\"2157\" data-end=\"2368\"><strong data-start=\"2157\" data-end=\"2204\">An\u00e1lisis cr\u00edtico de modelos de inteligencia<\/strong><br data-start=\"2204\" data-end=\"2207\" \/>Adquirir\u00e1s la capacidad de evaluar enfoques cl\u00e1sicos y modernos de la IA, incluyendo debates filos\u00f3ficos y t\u00e9cnicos como el Test de Turing y la Habitaci\u00f3n China.<\/p>\n<p data-start=\"2370\" data-end=\"2558\"><strong data-start=\"2370\" data-end=\"2414\">Interpretaci\u00f3n y uso de redes neuronales<\/strong><br data-start=\"2414\" data-end=\"2417\" \/>Aprender\u00e1s a comprender la estructura, arquitectura y funcionamiento de las redes neuronales, as\u00ed como sus ventajas y aplicaciones pr\u00e1cticas.<\/p>\n<p data-start=\"2560\" data-end=\"2769\"><strong data-start=\"2560\" data-end=\"2602\">Dise\u00f1o conceptual de sistemas expertos<\/strong><br data-start=\"2602\" data-end=\"2605\" \/>Ser\u00e1s capaz de identificar los componentes clave de un sistema experto y comprender c\u00f3mo se aplican en la resoluci\u00f3n de problemas complejos basados en conocimiento.<\/p>\n<p data-start=\"2771\" data-end=\"2970\"><strong data-start=\"2771\" data-end=\"2833\">Comprensi\u00f3n de agentes inteligentes y sistemas multiagente<\/strong><br data-start=\"2833\" data-end=\"2836\" \/>Desarrollar\u00e1s la capacidad de analizar arquitecturas de agentes, su racionalidad, autonom\u00eda y funcionamiento en entornos distribuidos.<\/p>\n<p data-start=\"2972\" data-end=\"3174\"><strong data-start=\"2972\" data-end=\"3022\">Identificaci\u00f3n de aplicaciones reales de la IA<\/strong><br data-start=\"3022\" data-end=\"3025\" \/>Aprender\u00e1s a reconocer y contextualizar las principales aplicaciones y tecnolog\u00edas de la Inteligencia Artificial en distintos sectores profesionales.<\/p>\n<hr data-start=\"3176\" data-end=\"3179\" \/>\n<h4 data-start=\"3181\" data-end=\"3209\"><strong data-start=\"3184\" data-end=\"3209\">SALIDAS PROFESIONALES<\/strong><\/h4>\n<ul>\n<li data-start=\"3211\" data-end=\"3613\">T\u00e9cnico en proyectos de Inteligencia Artificial<\/li>\n<li data-start=\"3211\" data-end=\"3613\">Asistente en departamentos de innovaci\u00f3n tecnol\u00f3gica<\/li>\n<li data-start=\"3211\" data-end=\"3613\">Analista junior de sistemas inteligentes<\/li>\n<li data-start=\"3211\" data-end=\"3613\">Consultor en soluciones basadas en IA<\/li>\n<li data-start=\"3211\" data-end=\"3613\">Colaborador en proyectos de automatizaci\u00f3n y software inteligente<\/li>\n<li data-start=\"3211\" data-end=\"3613\">Apoyo t\u00e9cnico en desarrollo de sistemas expertos y agentes inteligentes<\/li>\n<li data-start=\"3211\" data-end=\"3613\">Perfil de base para especializaci\u00f3n en Machine Learning y Data Science<\/li>\n<\/ul>\n","protected":false},"featured_media":2077,"comment_status":"open","ping_status":"closed","template":"","meta":[],"product_brand":[],"product_cat":[34],"product_tag":[],"class_list":{"0":"post-2478","1":"product","2":"type-product","3":"status-publish","4":"has-post-thumbnail","6":"product_cat-tecnicos","8":"first","9":"instock","10":"sale","11":"shipping-taxable","12":"purchasable","13":"product-type-simple"},"yoast_head":"<!-- This site is optimized with the Yoast SEO plugin v27.4 - https:\/\/yoast.com\/product\/yoast-seo-wordpress\/ -->\n<title>T\u00c9CNICO EN INTELIGENCIA ARTIFICIAL - CEE Centro Europeo E-learning - Cursos online<\/title>\n<meta name=\"description\" content=\"T\u00e9cnico en Inteligencia Artificial, Analizar\u00e1s en profundidad el Test de Turing, sus limitaciones y variantes. Centro CEE\" \/>\n<meta name=\"robots\" content=\"index, follow, max-snippet:-1, max-image-preview:large, max-video-preview:-1\" \/>\n<link rel=\"canonical\" href=\"https:\/\/centro-cee.com\/web\/producto\/tecnico-en-inteligencia-artificial\/\" \/>\n<meta property=\"og:locale\" content=\"es_ES\" \/>\n<meta property=\"og:type\" content=\"article\" \/>\n<meta property=\"og:title\" content=\"T\u00c9CNICO EN INTELIGENCIA ARTIFICIAL - CEE Centro Europeo E-learning - Cursos online\" \/>\n<meta property=\"og:description\" content=\"T\u00e9cnico en Inteligencia Artificial, Analizar\u00e1s en profundidad el Test de Turing, sus limitaciones y variantes. Centro CEE\" \/>\n<meta property=\"og:url\" content=\"https:\/\/centro-cee.com\/web\/producto\/tecnico-en-inteligencia-artificial\/\" \/>\n<meta property=\"og:site_name\" content=\"CEE Centro Europeo E-learning - Cursos online\" \/>\n<meta property=\"article:modified_time\" content=\"2026-01-23T14:19:47+00:00\" \/>\n<meta property=\"og:image\" content=\"https:\/\/centro-cee.com\/web\/wp-content\/uploads\/2025\/10\/sora2.png\" \/>\n\t<meta property=\"og:image:width\" content=\"768\" \/>\n\t<meta property=\"og:image:height\" content=\"512\" \/>\n\t<meta property=\"og:image:type\" content=\"image\/png\" \/>\n<meta name=\"twitter:card\" content=\"summary_large_image\" \/>\n<meta name=\"twitter:label1\" content=\"Tiempo de lectura\" \/>\n\t<meta name=\"twitter:data1\" content=\"2 minutos\" \/>\n<script type=\"application\/ld+json\" class=\"yoast-schema-graph\">{\"@context\":\"https:\\\/\\\/schema.org\",\"@graph\":[{\"@type\":\"WebPage\",\"@id\":\"https:\\\/\\\/centro-cee.com\\\/web\\\/producto\\\/tecnico-en-inteligencia-artificial\\\/\",\"url\":\"https:\\\/\\\/centro-cee.com\\\/web\\\/producto\\\/tecnico-en-inteligencia-artificial\\\/\",\"name\":\"T\u00c9CNICO EN INTELIGENCIA ARTIFICIAL - CEE Centro Europeo E-learning - Cursos online\",\"isPartOf\":{\"@id\":\"https:\\\/\\\/centro-cee.com\\\/web\\\/#website\"},\"primaryImageOfPage\":{\"@id\":\"https:\\\/\\\/centro-cee.com\\\/web\\\/producto\\\/tecnico-en-inteligencia-artificial\\\/#primaryimage\"},\"image\":{\"@id\":\"https:\\\/\\\/centro-cee.com\\\/web\\\/producto\\\/tecnico-en-inteligencia-artificial\\\/#primaryimage\"},\"thumbnailUrl\":\"https:\\\/\\\/centro-cee.com\\\/web\\\/wp-content\\\/uploads\\\/2025\\\/10\\\/sora2.png\",\"datePublished\":\"2025-11-28T14:48:32+00:00\",\"dateModified\":\"2026-01-23T14:19:47+00:00\",\"description\":\"T\u00e9cnico en Inteligencia Artificial, Analizar\u00e1s en profundidad el Test de Turing, sus limitaciones y variantes. Centro CEE\",\"breadcrumb\":{\"@id\":\"https:\\\/\\\/centro-cee.com\\\/web\\\/producto\\\/tecnico-en-inteligencia-artificial\\\/#breadcrumb\"},\"inLanguage\":\"es\",\"potentialAction\":[{\"@type\":\"ReadAction\",\"target\":[\"https:\\\/\\\/centro-cee.com\\\/web\\\/producto\\\/tecnico-en-inteligencia-artificial\\\/\"]}]},{\"@type\":\"ImageObject\",\"inLanguage\":\"es\",\"@id\":\"https:\\\/\\\/centro-cee.com\\\/web\\\/producto\\\/tecnico-en-inteligencia-artificial\\\/#primaryimage\",\"url\":\"https:\\\/\\\/centro-cee.com\\\/web\\\/wp-content\\\/uploads\\\/2025\\\/10\\\/sora2.png\",\"contentUrl\":\"https:\\\/\\\/centro-cee.com\\\/web\\\/wp-content\\\/uploads\\\/2025\\\/10\\\/sora2.png\",\"width\":768,\"height\":512,\"caption\":\"Sora OpenAI\"},{\"@type\":\"BreadcrumbList\",\"@id\":\"https:\\\/\\\/centro-cee.com\\\/web\\\/producto\\\/tecnico-en-inteligencia-artificial\\\/#breadcrumb\",\"itemListElement\":[{\"@type\":\"ListItem\",\"position\":1,\"name\":\"Portada\",\"item\":\"https:\\\/\\\/centro-cee.com\\\/web\\\/\"},{\"@type\":\"ListItem\",\"position\":2,\"name\":\"T\u00c9CNICO EN INTELIGENCIA ARTIFICIAL\"}]},{\"@type\":\"WebSite\",\"@id\":\"https:\\\/\\\/centro-cee.com\\\/web\\\/#website\",\"url\":\"https:\\\/\\\/centro-cee.com\\\/web\\\/\",\"name\":\"Centro Europeo E-learning\",\"description\":\"CEE Formaci\u00f3n Online\",\"publisher\":{\"@id\":\"https:\\\/\\\/centro-cee.com\\\/web\\\/#organization\"},\"alternateName\":\"Centro Online de Formaci\u00f3n\",\"potentialAction\":[{\"@type\":\"SearchAction\",\"target\":{\"@type\":\"EntryPoint\",\"urlTemplate\":\"https:\\\/\\\/centro-cee.com\\\/web\\\/?s={search_term_string}\"},\"query-input\":{\"@type\":\"PropertyValueSpecification\",\"valueRequired\":true,\"valueName\":\"search_term_string\"}}],\"inLanguage\":\"es\"},{\"@type\":\"Organization\",\"@id\":\"https:\\\/\\\/centro-cee.com\\\/web\\\/#organization\",\"name\":\"Centro Europeo E-learning CEE\",\"url\":\"https:\\\/\\\/centro-cee.com\\\/web\\\/\",\"logo\":{\"@type\":\"ImageObject\",\"inLanguage\":\"es\",\"@id\":\"https:\\\/\\\/centro-cee.com\\\/web\\\/#\\\/schema\\\/logo\\\/image\\\/\",\"url\":\"https:\\\/\\\/centro-cee.com\\\/web\\\/wp-content\\\/uploads\\\/2022\\\/12\\\/cropped-logo_educa.png\",\"contentUrl\":\"https:\\\/\\\/centro-cee.com\\\/web\\\/wp-content\\\/uploads\\\/2022\\\/12\\\/cropped-logo_educa.png\",\"width\":157,\"height\":63,\"caption\":\"Centro Europeo E-learning CEE\"},\"image\":{\"@id\":\"https:\\\/\\\/centro-cee.com\\\/web\\\/#\\\/schema\\\/logo\\\/image\\\/\"},\"sameAs\":[\"https:\\\/\\\/www.instagram.com\\\/centroeuropeo_cee\"]}]}<\/script>\n<!-- \/ Yoast SEO plugin. -->","yoast_head_json":{"title":"T\u00c9CNICO EN INTELIGENCIA ARTIFICIAL - CEE Centro Europeo E-learning - Cursos online","description":"T\u00e9cnico en Inteligencia Artificial, Analizar\u00e1s en profundidad el Test de Turing, sus limitaciones y variantes. Centro CEE","robots":{"index":"index","follow":"follow","max-snippet":"max-snippet:-1","max-image-preview":"max-image-preview:large","max-video-preview":"max-video-preview:-1"},"canonical":"https:\/\/centro-cee.com\/web\/producto\/tecnico-en-inteligencia-artificial\/","og_locale":"es_ES","og_type":"article","og_title":"T\u00c9CNICO EN INTELIGENCIA ARTIFICIAL - CEE Centro Europeo E-learning - Cursos online","og_description":"T\u00e9cnico en Inteligencia Artificial, Analizar\u00e1s en profundidad el Test de Turing, sus limitaciones y variantes. Centro CEE","og_url":"https:\/\/centro-cee.com\/web\/producto\/tecnico-en-inteligencia-artificial\/","og_site_name":"CEE Centro Europeo E-learning - Cursos online","article_modified_time":"2026-01-23T14:19:47+00:00","og_image":[{"width":768,"height":512,"url":"https:\/\/centro-cee.com\/web\/wp-content\/uploads\/2025\/10\/sora2.png","type":"image\/png"}],"twitter_card":"summary_large_image","twitter_misc":{"Tiempo de lectura":"2 minutos"},"schema":{"@context":"https:\/\/schema.org","@graph":[{"@type":"WebPage","@id":"https:\/\/centro-cee.com\/web\/producto\/tecnico-en-inteligencia-artificial\/","url":"https:\/\/centro-cee.com\/web\/producto\/tecnico-en-inteligencia-artificial\/","name":"T\u00c9CNICO EN INTELIGENCIA ARTIFICIAL - CEE Centro Europeo E-learning - Cursos online","isPartOf":{"@id":"https:\/\/centro-cee.com\/web\/#website"},"primaryImageOfPage":{"@id":"https:\/\/centro-cee.com\/web\/producto\/tecnico-en-inteligencia-artificial\/#primaryimage"},"image":{"@id":"https:\/\/centro-cee.com\/web\/producto\/tecnico-en-inteligencia-artificial\/#primaryimage"},"thumbnailUrl":"https:\/\/centro-cee.com\/web\/wp-content\/uploads\/2025\/10\/sora2.png","datePublished":"2025-11-28T14:48:32+00:00","dateModified":"2026-01-23T14:19:47+00:00","description":"T\u00e9cnico en Inteligencia Artificial, Analizar\u00e1s en profundidad el Test de Turing, sus limitaciones y variantes. Centro CEE","breadcrumb":{"@id":"https:\/\/centro-cee.com\/web\/producto\/tecnico-en-inteligencia-artificial\/#breadcrumb"},"inLanguage":"es","potentialAction":[{"@type":"ReadAction","target":["https:\/\/centro-cee.com\/web\/producto\/tecnico-en-inteligencia-artificial\/"]}]},{"@type":"ImageObject","inLanguage":"es","@id":"https:\/\/centro-cee.com\/web\/producto\/tecnico-en-inteligencia-artificial\/#primaryimage","url":"https:\/\/centro-cee.com\/web\/wp-content\/uploads\/2025\/10\/sora2.png","contentUrl":"https:\/\/centro-cee.com\/web\/wp-content\/uploads\/2025\/10\/sora2.png","width":768,"height":512,"caption":"Sora OpenAI"},{"@type":"BreadcrumbList","@id":"https:\/\/centro-cee.com\/web\/producto\/tecnico-en-inteligencia-artificial\/#breadcrumb","itemListElement":[{"@type":"ListItem","position":1,"name":"Portada","item":"https:\/\/centro-cee.com\/web\/"},{"@type":"ListItem","position":2,"name":"T\u00c9CNICO EN INTELIGENCIA ARTIFICIAL"}]},{"@type":"WebSite","@id":"https:\/\/centro-cee.com\/web\/#website","url":"https:\/\/centro-cee.com\/web\/","name":"Centro Europeo E-learning","description":"CEE Formaci\u00f3n Online","publisher":{"@id":"https:\/\/centro-cee.com\/web\/#organization"},"alternateName":"Centro Online de Formaci\u00f3n","potentialAction":[{"@type":"SearchAction","target":{"@type":"EntryPoint","urlTemplate":"https:\/\/centro-cee.com\/web\/?s={search_term_string}"},"query-input":{"@type":"PropertyValueSpecification","valueRequired":true,"valueName":"search_term_string"}}],"inLanguage":"es"},{"@type":"Organization","@id":"https:\/\/centro-cee.com\/web\/#organization","name":"Centro Europeo E-learning CEE","url":"https:\/\/centro-cee.com\/web\/","logo":{"@type":"ImageObject","inLanguage":"es","@id":"https:\/\/centro-cee.com\/web\/#\/schema\/logo\/image\/","url":"https:\/\/centro-cee.com\/web\/wp-content\/uploads\/2022\/12\/cropped-logo_educa.png","contentUrl":"https:\/\/centro-cee.com\/web\/wp-content\/uploads\/2022\/12\/cropped-logo_educa.png","width":157,"height":63,"caption":"Centro Europeo E-learning CEE"},"image":{"@id":"https:\/\/centro-cee.com\/web\/#\/schema\/logo\/image\/"},"sameAs":["https:\/\/www.instagram.com\/centroeuropeo_cee"]}]}},"_links":{"self":[{"href":"https:\/\/centro-cee.com\/web\/wp-json\/wp\/v2\/product\/2478","targetHints":{"allow":["GET"]}}],"collection":[{"href":"https:\/\/centro-cee.com\/web\/wp-json\/wp\/v2\/product"}],"about":[{"href":"https:\/\/centro-cee.com\/web\/wp-json\/wp\/v2\/types\/product"}],"replies":[{"embeddable":true,"href":"https:\/\/centro-cee.com\/web\/wp-json\/wp\/v2\/comments?post=2478"}],"wp:featuredmedia":[{"embeddable":true,"href":"https:\/\/centro-cee.com\/web\/wp-json\/wp\/v2\/media\/2077"}],"wp:attachment":[{"href":"https:\/\/centro-cee.com\/web\/wp-json\/wp\/v2\/media?parent=2478"}],"wp:term":[{"taxonomy":"product_brand","embeddable":true,"href":"https:\/\/centro-cee.com\/web\/wp-json\/wp\/v2\/product_brand?post=2478"},{"taxonomy":"product_cat","embeddable":true,"href":"https:\/\/centro-cee.com\/web\/wp-json\/wp\/v2\/product_cat?post=2478"},{"taxonomy":"product_tag","embeddable":true,"href":"https:\/\/centro-cee.com\/web\/wp-json\/wp\/v2\/product_tag?post=2478"}],"curies":[{"name":"wp","href":"https:\/\/api.w.org\/{rel}","templated":true}]}}