{"id":22,"date":"2022-12-28T13:48:51","date_gmt":"2022-12-28T13:48:51","guid":{"rendered":"https:\/\/centro-cee.com\/web\/?post_type=product&#038;p=22"},"modified":"2026-03-13T12:26:40","modified_gmt":"2026-03-13T12:26:40","slug":"doble-master-en-medicina-estetica-y-tratamientos-faciales","status":"publish","type":"product","link":"https:\/\/centro-cee.com\/web\/producto\/doble-master-en-medicina-estetica-y-tratamientos-faciales\/","title":{"rendered":"Doble M\u00e1ster en Medicina Est\u00e9tica y Tratamientos Faciales"},"content":{"rendered":"<p><a href=\"https:\/\/centro-cee.com\/web\/formaciones\/\">Atr\u00e1s<\/a><\/p>\n<p><strong>Doble M\u00e1ster en Medicina Est\u00e9tica y Tratamientos Faciales<\/strong><\/p>\n<p>Toda esta formaci\u00f3n se realiza 100% online en nuestro campus online de formaci\u00f3n.<\/p>\n<p>Las tutorias se realizan directamente desde el campus de estudio con la opci\u00f3n de mensajer\u00eda a profesores. Las tutorias son \u201ca demanda\u201d, cuando necesites soporte nos lo pides.<\/p>\n<p>Los t\u00edtulos de Centro CEE est\u00e1n autenticados por la firma de notario que valida contenidos y autenticidad a nivel internacional. Nuestra organizaci\u00f3n pertenece a la Asociaci\u00f3n Espa\u00f1ola de Calidad, organizaci\u00f3n Espa\u00f1ola de referencia para la calidad en la formaci\u00f3n. La certificaci\u00f3n se puede apostillar por la Haya para cualquier pa\u00eds firmante del convenio de la Haya.<\/p>\n<p>Se puede pagar a plazos.<\/p>\n<p>Carga horaria de la formaci\u00f3n: 600h<\/p>\n<p>&nbsp;<\/p>\n<h2>Temario Doble M\u00e1ster en Medicina Est\u00e9tica y Tratamientos Faciales<\/h2>\n<hr \/>\n<p><em><strong>M\u00c1STER EN MEDICINA EST\u00c9TICA<\/strong><\/em><\/p>\n<p><strong>1. INTRODUCCI\u00d3N A LA MEDICINA EST\u00c9TICA<\/strong><\/p>\n<ol>\n<li>Medicina est\u00e9tica, origen e historia<\/li>\n<li>Encuadre normativo: Historia cl\u00ednica, Consentimiento informado<\/li>\n<li>Libro blanco de medicina est\u00e9tica<\/li>\n<li>\u2026.<\/li>\n<\/ol>\n<p><strong> BASES ANAT\u00d3MICAS EN MEDICINA EST\u00c9TICA<\/strong><\/p>\n<ol>\n<li>Estudio anat\u00f3mico y antropom\u00e9trico aplicado a la ME<\/li>\n<li>&#8211; Posici\u00f3n anat\u00f3mica<\/li>\n<li>&#8211; Conceptos clave: planimetr\u00eda, ejes del cuerpo, simetr\u00eda y ep\u00f3nimos<\/li>\n<li>&#8211; Tipos constitucionales del cuerpo humano<\/li>\n<li>&#8211; Clasificaci\u00f3n de la anatom\u00eda<\/li>\n<li>&#8211; Mediciones e \u00edndices antropom\u00e9tricos y de robustez<\/li>\n<li>Anatom\u00eda, histolog\u00eda y fisiolog\u00eda de la piel<\/li>\n<li>\u2026.<\/li>\n<\/ol>\n<p><strong> APARATOLOG\u00cdA Y SUS USOS EN LA MEDICINA EST\u00c9TICA<\/strong><\/p>\n<ol>\n<li>Aparatolog\u00eda<\/li>\n<li>&#8211; Aparatolog\u00eda m\u00e9dico-est\u00e9tica<\/li>\n<li>\u2026<\/li>\n<\/ol>\n<p><strong> FARMACOLOG\u00cdA UTILIZADA EN MEDICINA EST\u00c9TICA<\/strong><\/p>\n<ol>\n<li>Agencia espa\u00f1ola del medicamento, alertas farmac\u00e9uticas, registros sanitarios<\/li>\n<li>Legislaci\u00f3n relacionada con los medicamentos y productos autorizados en medicina est\u00e9tica<\/li>\n<li>\u2026<\/li>\n<\/ol>\n<p><strong> MEDICINA EST\u00c9TICA FACIAL AVANZADA<\/strong><\/p>\n<ol>\n<li>Rellenos o fillers, distintos tipos de rellenos usados en la actualidad. Criterios de uso. Clasificaci\u00f3n y caracter\u00edsticas f\u00edsicas de cada uno<\/li>\n<li>Sustancias empleadas en los rellenos faciales<\/li>\n<li>&#8211; T\u00e9cnicas de aplicaci\u00f3n de rellenos<\/li>\n<li>\u2026<\/li>\n<\/ol>\n<p><strong> MEDICINA EST\u00c9TICA CORPORAL<\/strong><\/p>\n<ol>\n<li>Celulitis, clasificaci\u00f3n, fisiopatolog\u00eda, diagn\u00f3stico, evaluaci\u00f3n y tratamiento<\/li>\n<li>Tratamiento del poceado celul\u00edtico. Subsici\u00f3n<\/li>\n<li>Estr\u00edas: estadios en relaci\u00f3n a los tratamientos y la combinaci\u00f3n de los mismos<\/li>\n<li>\u2026<\/li>\n<\/ol>\n<p><strong> PROBLEMAS DERMATOL\u00d3GICOS TRATABLES EN MEDICINA EST\u00c9TICA<\/strong><\/p>\n<ol>\n<li>Introducci\u00f3n a la dermatolog\u00eda est\u00e9tica y m\u00e9todos diagn\u00f3sticos en dermatolog\u00eda<\/li>\n<li>Tratamientos con l\u00e1ser y luz pulsada en Medicina Est\u00e9tica. Aplicaciones en Medicina Est\u00e9tica<\/li>\n<li>Dermofarmacia y Dermocosm\u00e9tica<\/li>\n<li>&#8211; Fotoprotecci\u00f3n solar<\/li>\n<li>&#8211; Tratamientos de correcci\u00f3n facial<\/li>\n<li>&#8211; Tratamiento del envejecimiento cut\u00e1neo<\/li>\n<li>&#8211; Reacciones de intolerancia cut\u00e1nea de los productos cosm\u00e9ticos<\/li>\n<li>Lesiones cut\u00e1neas de etiolog\u00eda infecciosa<\/li>\n<li>&#8211; Celulitis<\/li>\n<li>\u2026<\/li>\n<\/ol>\n<p><strong> REJUVENECIMIENTO CUT\u00c1NEO EN MEDICINA EST\u00c9TICA<\/strong><\/p>\n<ol>\n<li>Fotoenvejecimiento y envejecimiento cut\u00e1neo<\/li>\n<li>Rejuvenecimiento facial con radiofrecuencia. Indicaciones y contraindicaciones<\/li>\n<li>Resurfacing con CO2 y Erbio. Rejuvenecimiento no ablativo<\/li>\n<li>\u2026<\/li>\n<\/ol>\n<p><strong> OTRAS T\u00c9CNICAS Y TRATAMIENTOS APLICADOS EN MEDICINA EST\u00c9TICA<\/strong><\/p>\n<ol>\n<li>Blanqueamiento dental<\/li>\n<li>Electrodepilaci\u00f3n<\/li>\n<li>Electroexcisi\u00f3n<\/li>\n<li>Electrolip\u00f3lisis<\/li>\n<li>Electroterapia<\/li>\n<li>Fitoterapia<\/li>\n<li>\u2026<\/li>\n<\/ol>\n<p><strong> NUTRICI\u00d3N. TRATAMIENTO DEL PACIENTE OBESO<\/strong><\/p>\n<ol>\n<li>Metabolismo basal energ\u00e9tico<\/li>\n<li>&#8211; Medida<\/li>\n<li>&#8211; Factores que influyen en el metabolismo basal<\/li>\n<li>Evaluaci\u00f3n del Estado Nutricional<\/li>\n<li>Dietas y clasificaci\u00f3n de dietas<\/li>\n<li>&#8211; Dieta equilibrada<\/li>\n<li>&#8211; Dieta mediterr\u00e1nea<\/li>\n<li>\u2026<\/li>\n<\/ol>\n<p><strong> T\u00c9CNICAS ANEST\u00c9SICAS APLICADAS EN MEDICINA EST\u00c9TICA. T\u00c9CNICAS DE REANIMACI\u00d3N CARDIOPULMONAR B\u00c1SICA<\/strong><\/p>\n<ol>\n<li>Conceptos esenciales en la reanimaci\u00f3n cardiopulmonar<\/li>\n<li>&#8211; Cadena de supervivencia<\/li>\n<li>Soporte Vital B\u00e1sico (SVB)<\/li>\n<li>&#8211; Maniobras b\u00e1sicas de resucitaci\u00f3n cardiopulmonar<\/li>\n<li>&#8211; T\u00e9cnicas de soporte vital b\u00e1sico<\/li>\n<li>\u2026<\/li>\n<\/ol>\n<p><strong>\u00a0<\/strong><\/p>\n<p><em><strong>MEDICINA EST\u00c9TICA: TRATAMIENTOS FACIALES<\/strong><\/em><\/p>\n<p><strong> GENERALIDADES DE LA COSM\u00c9TICA FACIAL<\/strong><\/p>\n<ol>\n<li>Cosm\u00e9ticos faciales<\/li>\n<li>Tratamientos faciales<\/li>\n<\/ol>\n<p><strong> COSM\u00c9TICOS EMPLEADOS EN LAS T\u00c9CNICAS DE HIGIENE, HIDRATACI\u00d3N Y DEPILACI\u00d3N<\/strong><\/p>\n<ol>\n<li>Cosm\u00e9ticos de higiene e hidrataci\u00f3n facial y corporal<\/li>\n<li>Cosm\u00e9ticos exfoliantes<\/li>\n<li>Cosm\u00e9ticos hidratantes y tonificantes<\/li>\n<li>\u2026<\/li>\n<\/ol>\n<p><strong> RELLENOS O FILLLERS FACIALES<\/strong><\/p>\n<ol>\n<li>Introducci\u00f3n a los rellenos faciales<\/li>\n<li>Sustancias empleadas en los rellenos faciales<\/li>\n<li>\u2026<\/li>\n<\/ol>\n<p><strong> TOXINA BOTUL\u00cdNICA<\/strong><\/p>\n<ol>\n<li>Concepto de botox o toxina botul\u00ednica<\/li>\n<li>Anatom\u00eda de la musculatura facial<\/li>\n<li>\u2026<\/li>\n<\/ol>\n<p><strong> BIOPLASTIA<\/strong><\/p>\n<ol>\n<li>Introducci\u00f3n a la bioplastia<\/li>\n<li>Procedimiento de la bioplastia<\/li>\n<li>\u2026<\/li>\n<\/ol>\n<p><strong>HILOS DE SUSTENTACI\u00d3N<\/strong><\/p>\n<ol>\n<li>Introducci\u00f3n a los hilos tensores<\/li>\n<li>Hilos Tensores No Reabsorbibles<\/li>\n<li>\u2026<\/li>\n<\/ol>\n<p><strong> PEELINGS QU\u00cdMICOS<\/strong><\/p>\n<ol>\n<li>Conceptos b\u00e1sicos de los peelings qu\u00edmicos<\/li>\n<li>Tipos de peelings qu\u00edmicos<\/li>\n<li>Compuestos empleados en la realizaci\u00f3n de los peelings o exfoliaciones qu\u00edmicas<\/li>\n<li>\u2026<\/li>\n<\/ol>\n<p><strong> MESOTERAPIA Y ELECTROPORACI\u00d3N<\/strong><\/p>\n<ol>\n<li>Mesoterapia facial<\/li>\n<li>Mesoterapia en el envejecimiento cut\u00e1neo<\/li>\n<li>Tipos de mesoterapia cut\u00e1nea<\/li>\n<li>\u2026<\/li>\n<\/ol>\n<p><strong> REJUVENECIMIENTO FACIAL<\/strong><\/p>\n<ol>\n<li>Conceptos clave del envejecimiento de la piel<\/li>\n<li>Causas internas y externas del envejecimiento<\/li>\n<li>Fotoenvejecimiento y envejecimiento cut\u00e1neo<\/li>\n<li>\u2026<\/li>\n<\/ol>\n<p><strong> OTROS TRATAMIENTOS DE MEDICINA EST\u00c9TICA FACIAL<\/strong><\/p>\n<ol>\n<li>Rinomodelaci\u00f3n y Mentoplastia<\/li>\n<li>Carboxiterapia facial<\/li>\n<li>\u2026<\/li>\n<\/ol>\n<p><strong>Doble M\u00e1ster en Medicina Est\u00e9tica y Tratamientos Faciales<\/strong><\/p>\n<p><a href=\"https:\/\/www.centro-cee.com\/temarios_web\/c_cee051.pdf\" target=\"_blank\" rel=\"noopener\">Descargar Temario<\/a><\/p>\n<p>&nbsp;<\/p>\n<p>&nbsp;<\/p>\n<hr \/>\n<p>&nbsp;<\/p>\n","protected":false},"excerpt":{"rendered":"<p><a href=\"https:\/\/centro-cee.com\/web\/formaciones\/\">Atr\u00e1s<\/a><\/p>\n<p>Estudia desde tu casa el origen e historia de la medicina est\u00e9tica, las bases anat\u00f3micas que influyen en esta especializaci\u00f3n y la aparatolog\u00eda utilizada. Conoce la farmacolog\u00eda est\u00e9tica, las sustancias empleadas en los rellenos faciales, las t\u00e9cnicas de aplicaci\u00f3n y descubre el concepto de bioplastia. Profundiza en la medicina est\u00e9tica corporal, los problemas dermatol\u00f3gicos o el rejuvenecimiento cut\u00e1neo, entre muchas otras cuestiones.<\/p>\n<p>&nbsp;<\/p>\n<p>&nbsp;<\/p>\n","protected":false},"featured_media":23,"comment_status":"closed","ping_status":"closed","template":"","meta":[],"product_brand":[],"product_cat":[2046,17],"product_tag":[1576,1578,641,1574,1556,1575,1558,1577,1553,27],"class_list":{"0":"post-22","1":"product","2":"type-product","3":"status-publish","4":"has-post-thumbnail","6":"product_cat-cursos-salud","7":"product_cat-master","8":"product_tag-certificacion-en-tratamientos-faciales","9":"product_tag-cuidados-de-la-piel-y-cosmetologia","10":"product_tag-curso-online-de-medicina-estetica","11":"product_tag-doble-master-en-medicina-estetica","12":"product_tag-evaluacion-y-diagnostico-estetico","13":"product_tag-formacion-en-estetica-medica","14":"product_tag-normativa-y-etica-en-medicina-estetica","15":"product_tag-procedimientos-esteticos-no-invasivos","16":"product_tag-tecnicas-de-rejuvenecimiento-facial","17":"product_tag-tratamientos-faciales","19":"first","20":"instock","21":"sale","22":"downloadable","23":"virtual","24":"purchasable","25":"product-type-simple"},"yoast_head":"<!-- This site is optimized with the Yoast SEO plugin v27.4 - https:\/\/yoast.com\/product\/yoast-seo-wordpress\/ -->\n<title>M\u00e1ster Medicina Est\u00e9tica y Tratamientos Faciales<\/title>\n<meta name=\"description\" content=\"Perfecciona tus habilidades con nuestro M\u00e1ster en Medicina Est\u00e9tica y Tratamientos Faciales. Aprende t\u00e9cnicas avanzadas para ofrecer resultados efectivos.\" \/>\n<meta name=\"robots\" content=\"index, follow, max-snippet:-1, max-image-preview:large, max-video-preview:-1\" \/>\n<link rel=\"canonical\" href=\"https:\/\/centro-cee.com\/web\/producto\/doble-master-en-medicina-estetica-y-tratamientos-faciales\/\" \/>\n<meta property=\"og:locale\" content=\"es_ES\" \/>\n<meta property=\"og:type\" content=\"article\" \/>\n<meta property=\"og:title\" content=\"M\u00e1ster Medicina Est\u00e9tica y Tratamientos Faciales\" \/>\n<meta property=\"og:description\" content=\"Perfecciona tus habilidades con nuestro M\u00e1ster en Medicina Est\u00e9tica y Tratamientos Faciales. Aprende t\u00e9cnicas avanzadas para ofrecer resultados efectivos.\" \/>\n<meta property=\"og:url\" content=\"https:\/\/centro-cee.com\/web\/producto\/doble-master-en-medicina-estetica-y-tratamientos-faciales\/\" \/>\n<meta property=\"og:site_name\" content=\"CEE Centro Europeo E-learning - Cursos online\" \/>\n<meta property=\"article:modified_time\" content=\"2026-03-13T12:26:40+00:00\" \/>\n<meta property=\"og:image\" content=\"https:\/\/centro-cee.com\/web\/wp-content\/uploads\/2022\/12\/cee023b.jpg\" \/>\n\t<meta property=\"og:image:width\" content=\"800\" \/>\n\t<meta property=\"og:image:height\" content=\"509\" \/>\n\t<meta property=\"og:image:type\" content=\"image\/jpeg\" \/>\n<meta name=\"twitter:card\" content=\"summary_large_image\" \/>\n<meta name=\"twitter:label1\" content=\"Tiempo de lectura\" \/>\n\t<meta name=\"twitter:data1\" content=\"3 minutos\" \/>\n<script type=\"application\/ld+json\" class=\"yoast-schema-graph\">{\"@context\":\"https:\\\/\\\/schema.org\",\"@graph\":[{\"@type\":\"WebPage\",\"@id\":\"https:\\\/\\\/centro-cee.com\\\/web\\\/producto\\\/doble-master-en-medicina-estetica-y-tratamientos-faciales\\\/\",\"url\":\"https:\\\/\\\/centro-cee.com\\\/web\\\/producto\\\/doble-master-en-medicina-estetica-y-tratamientos-faciales\\\/\",\"name\":\"M\u00e1ster Medicina Est\u00e9tica y Tratamientos Faciales\",\"isPartOf\":{\"@id\":\"https:\\\/\\\/centro-cee.com\\\/web\\\/#website\"},\"primaryImageOfPage\":{\"@id\":\"https:\\\/\\\/centro-cee.com\\\/web\\\/producto\\\/doble-master-en-medicina-estetica-y-tratamientos-faciales\\\/#primaryimage\"},\"image\":{\"@id\":\"https:\\\/\\\/centro-cee.com\\\/web\\\/producto\\\/doble-master-en-medicina-estetica-y-tratamientos-faciales\\\/#primaryimage\"},\"thumbnailUrl\":\"https:\\\/\\\/centro-cee.com\\\/web\\\/wp-content\\\/uploads\\\/2022\\\/12\\\/cee023b.jpg\",\"datePublished\":\"2022-12-28T13:48:51+00:00\",\"dateModified\":\"2026-03-13T12:26:40+00:00\",\"description\":\"Perfecciona tus habilidades con nuestro M\u00e1ster en Medicina Est\u00e9tica y Tratamientos Faciales. Aprende t\u00e9cnicas avanzadas para ofrecer resultados efectivos.\",\"breadcrumb\":{\"@id\":\"https:\\\/\\\/centro-cee.com\\\/web\\\/producto\\\/doble-master-en-medicina-estetica-y-tratamientos-faciales\\\/#breadcrumb\"},\"inLanguage\":\"es\",\"potentialAction\":[{\"@type\":\"ReadAction\",\"target\":[\"https:\\\/\\\/centro-cee.com\\\/web\\\/producto\\\/doble-master-en-medicina-estetica-y-tratamientos-faciales\\\/\"]}]},{\"@type\":\"ImageObject\",\"inLanguage\":\"es\",\"@id\":\"https:\\\/\\\/centro-cee.com\\\/web\\\/producto\\\/doble-master-en-medicina-estetica-y-tratamientos-faciales\\\/#primaryimage\",\"url\":\"https:\\\/\\\/centro-cee.com\\\/web\\\/wp-content\\\/uploads\\\/2022\\\/12\\\/cee023b.jpg\",\"contentUrl\":\"https:\\\/\\\/centro-cee.com\\\/web\\\/wp-content\\\/uploads\\\/2022\\\/12\\\/cee023b.jpg\",\"width\":800,\"height\":509},{\"@type\":\"BreadcrumbList\",\"@id\":\"https:\\\/\\\/centro-cee.com\\\/web\\\/producto\\\/doble-master-en-medicina-estetica-y-tratamientos-faciales\\\/#breadcrumb\",\"itemListElement\":[{\"@type\":\"ListItem\",\"position\":1,\"name\":\"Portada\",\"item\":\"https:\\\/\\\/centro-cee.com\\\/web\\\/\"},{\"@type\":\"ListItem\",\"position\":2,\"name\":\"Doble M\u00e1ster en Medicina Est\u00e9tica y Tratamientos Faciales\"}]},{\"@type\":\"WebSite\",\"@id\":\"https:\\\/\\\/centro-cee.com\\\/web\\\/#website\",\"url\":\"https:\\\/\\\/centro-cee.com\\\/web\\\/\",\"name\":\"Centro Europeo E-learning\",\"description\":\"CEE Formaci\u00f3n Online\",\"publisher\":{\"@id\":\"https:\\\/\\\/centro-cee.com\\\/web\\\/#organization\"},\"alternateName\":\"Centro Online de Formaci\u00f3n\",\"potentialAction\":[{\"@type\":\"SearchAction\",\"target\":{\"@type\":\"EntryPoint\",\"urlTemplate\":\"https:\\\/\\\/centro-cee.com\\\/web\\\/?s={search_term_string}\"},\"query-input\":{\"@type\":\"PropertyValueSpecification\",\"valueRequired\":true,\"valueName\":\"search_term_string\"}}],\"inLanguage\":\"es\"},{\"@type\":\"Organization\",\"@id\":\"https:\\\/\\\/centro-cee.com\\\/web\\\/#organization\",\"name\":\"Centro Europeo E-learning CEE\",\"url\":\"https:\\\/\\\/centro-cee.com\\\/web\\\/\",\"logo\":{\"@type\":\"ImageObject\",\"inLanguage\":\"es\",\"@id\":\"https:\\\/\\\/centro-cee.com\\\/web\\\/#\\\/schema\\\/logo\\\/image\\\/\",\"url\":\"https:\\\/\\\/centro-cee.com\\\/web\\\/wp-content\\\/uploads\\\/2022\\\/12\\\/cropped-logo_educa.png\",\"contentUrl\":\"https:\\\/\\\/centro-cee.com\\\/web\\\/wp-content\\\/uploads\\\/2022\\\/12\\\/cropped-logo_educa.png\",\"width\":157,\"height\":63,\"caption\":\"Centro Europeo E-learning CEE\"},\"image\":{\"@id\":\"https:\\\/\\\/centro-cee.com\\\/web\\\/#\\\/schema\\\/logo\\\/image\\\/\"},\"sameAs\":[\"https:\\\/\\\/www.instagram.com\\\/centroeuropeo_cee\"]}]}<\/script>\n<!-- \/ Yoast SEO plugin. -->","yoast_head_json":{"title":"M\u00e1ster Medicina Est\u00e9tica y Tratamientos Faciales","description":"Perfecciona tus habilidades con nuestro M\u00e1ster en Medicina Est\u00e9tica y Tratamientos Faciales. Aprende t\u00e9cnicas avanzadas para ofrecer resultados efectivos.","robots":{"index":"index","follow":"follow","max-snippet":"max-snippet:-1","max-image-preview":"max-image-preview:large","max-video-preview":"max-video-preview:-1"},"canonical":"https:\/\/centro-cee.com\/web\/producto\/doble-master-en-medicina-estetica-y-tratamientos-faciales\/","og_locale":"es_ES","og_type":"article","og_title":"M\u00e1ster Medicina Est\u00e9tica y Tratamientos Faciales","og_description":"Perfecciona tus habilidades con nuestro M\u00e1ster en Medicina Est\u00e9tica y Tratamientos Faciales. Aprende t\u00e9cnicas avanzadas para ofrecer resultados efectivos.","og_url":"https:\/\/centro-cee.com\/web\/producto\/doble-master-en-medicina-estetica-y-tratamientos-faciales\/","og_site_name":"CEE Centro Europeo E-learning - Cursos online","article_modified_time":"2026-03-13T12:26:40+00:00","og_image":[{"width":800,"height":509,"url":"https:\/\/centro-cee.com\/web\/wp-content\/uploads\/2022\/12\/cee023b.jpg","type":"image\/jpeg"}],"twitter_card":"summary_large_image","twitter_misc":{"Tiempo de lectura":"3 minutos"},"schema":{"@context":"https:\/\/schema.org","@graph":[{"@type":"WebPage","@id":"https:\/\/centro-cee.com\/web\/producto\/doble-master-en-medicina-estetica-y-tratamientos-faciales\/","url":"https:\/\/centro-cee.com\/web\/producto\/doble-master-en-medicina-estetica-y-tratamientos-faciales\/","name":"M\u00e1ster Medicina Est\u00e9tica y Tratamientos Faciales","isPartOf":{"@id":"https:\/\/centro-cee.com\/web\/#website"},"primaryImageOfPage":{"@id":"https:\/\/centro-cee.com\/web\/producto\/doble-master-en-medicina-estetica-y-tratamientos-faciales\/#primaryimage"},"image":{"@id":"https:\/\/centro-cee.com\/web\/producto\/doble-master-en-medicina-estetica-y-tratamientos-faciales\/#primaryimage"},"thumbnailUrl":"https:\/\/centro-cee.com\/web\/wp-content\/uploads\/2022\/12\/cee023b.jpg","datePublished":"2022-12-28T13:48:51+00:00","dateModified":"2026-03-13T12:26:40+00:00","description":"Perfecciona tus habilidades con nuestro M\u00e1ster en Medicina Est\u00e9tica y Tratamientos Faciales. Aprende t\u00e9cnicas avanzadas para ofrecer resultados efectivos.","breadcrumb":{"@id":"https:\/\/centro-cee.com\/web\/producto\/doble-master-en-medicina-estetica-y-tratamientos-faciales\/#breadcrumb"},"inLanguage":"es","potentialAction":[{"@type":"ReadAction","target":["https:\/\/centro-cee.com\/web\/producto\/doble-master-en-medicina-estetica-y-tratamientos-faciales\/"]}]},{"@type":"ImageObject","inLanguage":"es","@id":"https:\/\/centro-cee.com\/web\/producto\/doble-master-en-medicina-estetica-y-tratamientos-faciales\/#primaryimage","url":"https:\/\/centro-cee.com\/web\/wp-content\/uploads\/2022\/12\/cee023b.jpg","contentUrl":"https:\/\/centro-cee.com\/web\/wp-content\/uploads\/2022\/12\/cee023b.jpg","width":800,"height":509},{"@type":"BreadcrumbList","@id":"https:\/\/centro-cee.com\/web\/producto\/doble-master-en-medicina-estetica-y-tratamientos-faciales\/#breadcrumb","itemListElement":[{"@type":"ListItem","position":1,"name":"Portada","item":"https:\/\/centro-cee.com\/web\/"},{"@type":"ListItem","position":2,"name":"Doble M\u00e1ster en Medicina Est\u00e9tica y Tratamientos Faciales"}]},{"@type":"WebSite","@id":"https:\/\/centro-cee.com\/web\/#website","url":"https:\/\/centro-cee.com\/web\/","name":"Centro Europeo E-learning","description":"CEE Formaci\u00f3n Online","publisher":{"@id":"https:\/\/centro-cee.com\/web\/#organization"},"alternateName":"Centro Online de Formaci\u00f3n","potentialAction":[{"@type":"SearchAction","target":{"@type":"EntryPoint","urlTemplate":"https:\/\/centro-cee.com\/web\/?s={search_term_string}"},"query-input":{"@type":"PropertyValueSpecification","valueRequired":true,"valueName":"search_term_string"}}],"inLanguage":"es"},{"@type":"Organization","@id":"https:\/\/centro-cee.com\/web\/#organization","name":"Centro Europeo E-learning CEE","url":"https:\/\/centro-cee.com\/web\/","logo":{"@type":"ImageObject","inLanguage":"es","@id":"https:\/\/centro-cee.com\/web\/#\/schema\/logo\/image\/","url":"https:\/\/centro-cee.com\/web\/wp-content\/uploads\/2022\/12\/cropped-logo_educa.png","contentUrl":"https:\/\/centro-cee.com\/web\/wp-content\/uploads\/2022\/12\/cropped-logo_educa.png","width":157,"height":63,"caption":"Centro Europeo E-learning CEE"},"image":{"@id":"https:\/\/centro-cee.com\/web\/#\/schema\/logo\/image\/"},"sameAs":["https:\/\/www.instagram.com\/centroeuropeo_cee"]}]}},"_links":{"self":[{"href":"https:\/\/centro-cee.com\/web\/wp-json\/wp\/v2\/product\/22","targetHints":{"allow":["GET"]}}],"collection":[{"href":"https:\/\/centro-cee.com\/web\/wp-json\/wp\/v2\/product"}],"about":[{"href":"https:\/\/centro-cee.com\/web\/wp-json\/wp\/v2\/types\/product"}],"replies":[{"embeddable":true,"href":"https:\/\/centro-cee.com\/web\/wp-json\/wp\/v2\/comments?post=22"}],"wp:featuredmedia":[{"embeddable":true,"href":"https:\/\/centro-cee.com\/web\/wp-json\/wp\/v2\/media\/23"}],"wp:attachment":[{"href":"https:\/\/centro-cee.com\/web\/wp-json\/wp\/v2\/media?parent=22"}],"wp:term":[{"taxonomy":"product_brand","embeddable":true,"href":"https:\/\/centro-cee.com\/web\/wp-json\/wp\/v2\/product_brand?post=22"},{"taxonomy":"product_cat","embeddable":true,"href":"https:\/\/centro-cee.com\/web\/wp-json\/wp\/v2\/product_cat?post=22"},{"taxonomy":"product_tag","embeddable":true,"href":"https:\/\/centro-cee.com\/web\/wp-json\/wp\/v2\/product_tag?post=22"}],"curies":[{"name":"wp","href":"https:\/\/api.w.org\/{rel}","templated":true}]}}