{"id":2002,"date":"2025-04-02T09:08:42","date_gmt":"2025-04-02T09:08:42","guid":{"rendered":"https:\/\/centro-cee.com\/web\/?post_type=product&#038;p=2002"},"modified":"2025-04-02T09:11:32","modified_gmt":"2025-04-02T09:11:32","slug":"especialista-en-domotica-y-edificios-inteligentes","status":"publish","type":"product","link":"https:\/\/centro-cee.com\/web\/producto\/especialista-en-domotica-y-edificios-inteligentes\/","title":{"rendered":"Especialista en Dom\u00f3tica y Edificios Inteligentes"},"content":{"rendered":"<p><a href=\"https:\/\/centro-cee.com\/web\/formaciones\/\">Atr\u00e1s<\/a><\/p>\n<p><em><strong>Especialista en Dom\u00f3tica y Edificios Inteligentes<\/strong><\/em><\/p>\n<p>Toda esta informaci\u00f3n se realiza 100% online en nuestro campus online de formaci\u00f3n.<\/p>\n<p>Las tutor\u00edas se realizan directamente desde el campus de estudio con la opci\u00f3n de mensajer\u00eda a profesores. Las tutor\u00edas son \u201ca demanda\u201d, cuando necesites soporte nos lo pides.<\/p>\n<p>Los t\u00edtulos de Centro CEE est\u00e1n autenticados por la firma de notario que valida contenidos y autenticidad a nivel internacional. Nuestra organizaci\u00f3n pertenece a la Asociaci\u00f3n Espa\u00f1ola de Calidad, organizaci\u00f3n Espa\u00f1ola de referencia para la calidad\u00a0en la formaci\u00f3n de auxiliar de enfermer\u00eda. La certificaci\u00f3n se puede apostillar por la Haya para cualquier pa\u00eds firmante del convenio de la Haya.<\/p>\n<p>Se puede pagar a plazos.<\/p>\n<p>Carga horaria de la formaci\u00f3n: 300h<\/p>\n<p>&nbsp;<\/p>\n<h2>Temario<\/h2>\n<hr \/>\n<p><strong>UNIDAD DID\u00c1CTICA 1. CONCEPTO Y CAMPOS DE APLICACI\u00d3N DE LA DOM\u00d3TICA<\/strong><\/p>\n<ol>\n<li>Edificios inteligentes y dom\u00f3tica.<\/li>\n<li>Introducci\u00f3n a la red dom\u00f3tica.<\/li>\n<li>&#8211; Ventajas de la automatizaci\u00f3n.<\/li>\n<li>Introducci\u00f3n de la dom\u00f3tica en los edificios nuevos.<\/li>\n<li>&#8211; Tipos de redes.<\/li>\n<li>&#8211; Fases del proyecto dom\u00f3tico.<\/li>\n<li>Dom\u00f3tica en edificios existentes.<\/li>\n<li>&#8211; Alternativas al sistema.<\/li>\n<li>Edificios inteligentes bioclim\u00e1ticos.<\/li>\n<li>Viviendas b\u00fanker.<\/li>\n<li>&#8211; Gesti\u00f3n de la seguridad en el hogar.<\/li>\n<li>&#8211; Centrales de alarma.<\/li>\n<\/ol>\n<p><strong>UNIDAD DID\u00c1CTICA 2. NORMATIVA Y NORMALIZACI\u00d3N<\/strong><\/p>\n<ol>\n<li>Introducci\u00f3n a la normalizaci\u00f3n.<\/li>\n<li>&#8211; Proceso de elaboraci\u00f3n de las normas.<\/li>\n<li>Organismos de normalizaci\u00f3n.<\/li>\n<li>&#8211; Nacionales.<\/li>\n<li>&#8211; Europeos.<\/li>\n<li>&#8211; Internacionales.<\/li>\n<li>Comit\u00e9s de normalizaci\u00f3n dom\u00f3tica.<\/li>\n<li>&#8211; CENELEC.<\/li>\n<li>&#8211; CEN.<\/li>\n<li>&#8211; ISO\/IEC.<\/li>\n<li>&#8211; AENOR.<\/li>\n<\/ol>\n<p><strong>UNIDAD DID\u00c1CTICA 3. ARQUITECTURA DE LAS INSTALACIONES<\/strong><\/p>\n<ol>\n<li>Los edificios inteligentes y sus redes.<\/li>\n<li>Clasificaci\u00f3n de los sistemas dom\u00f3ticos.<\/li>\n<li>&#8211; Tipolog\u00edas de un sistema.<\/li>\n<li>&#8211; Topolog\u00eda de un sistema.<\/li>\n<li>&#8211; Medios de transmisi\u00f3n.<\/li>\n<li>Fases de una instalaci\u00f3n.<\/li>\n<li>&#8211; Fase de pre-instalaci\u00f3n.<\/li>\n<li>&#8211; Fase de instalaci\u00f3n.<\/li>\n<li>&#8211; Puesta en marcha.<\/li>\n<li>&#8211; Fase de entrega.<\/li>\n<li>&#8211; Post-venta.<\/li>\n<\/ol>\n<p><strong>UNIDAD DID\u00c1CTICA 4. SOLUCIONES EN EL CAMPO DE LA SEGURIDAD<\/strong><\/p>\n<ol>\n<li>Montaje de instalaciones automatizadas con controladores b\u00e1sicos X-10.<\/li>\n<li>Instalaci\u00f3n y montaje de control de iluminaci\u00f3n.<\/li>\n<li>Instalaci\u00f3n y montaje de control de calefacci\u00f3n.<\/li>\n<li>Instalaci\u00f3n y montaje de control de persianas.<\/li>\n<li>Instalaci\u00f3n y montaje de control de riego.<\/li>\n<li>Instalaci\u00f3n y montaje de un sistema de seguridad: intrusi\u00f3n y alarmas.<\/li>\n<\/ol>\n<p><strong>UNIDAD DID\u00c1CTICA 5. LA DOM\u00d3TICA Y LAS COMUNICACIONES<\/strong><\/p>\n<ol>\n<li>La ICT en Espa\u00f1a.<\/li>\n<li>La ICT y la Dom\u00f3tica.<\/li>\n<li>Infraestructura del Hogar Digital (IHD).<\/li>\n<li>&#8211; El proyecto de IHD.<\/li>\n<\/ol>\n<p><strong>UNIDAD DID\u00c1CTICA 6. APLICACIONES Y EXPERIENCIAS EN INSTALACIONES DOM\u00d3TICAS DE VIVIENDAS Y PEQUE\u00d1OS ESTABLECIMIENTOS HOTELEROS<\/strong><\/p>\n<ol>\n<li>Viviendas dom\u00f3ticas de demostraci\u00f3n: introducci\u00f3n.<\/li>\n<li>&#8211; Ejemplos de viviendas dom\u00f3ticas.<\/li>\n<li>&#8211; Caracter\u00edsticas de las viviendas.<\/li>\n<li>&#8211; Equipamiento de las viviendas.<\/li>\n<li>Caracter\u00edsticas t\u00e9cnicas de las viviendas.<\/li>\n<li>&#8211; Vivienda dom\u00f3tica en Markina.<\/li>\n<li>&#8211; Vivienda dom\u00f3tica en Estella.<\/li>\n<li>&#8211; Vivienda dom\u00f3tica en Salamanca.<\/li>\n<li>&#8211; Vivienda dom\u00f3tica en C\u00e1ceres.<\/li>\n<li>&#8211; Vivienda dom\u00f3tica en Quart de Poblet.<\/li>\n<li>&#8211; Vivienda dom\u00f3tica en Parla.<\/li>\n<\/ol>\n<p><strong>UNIDAD DID\u00c1CTICA 7. SISTEMAS Y SERVICIOS DOM\u00d3TICOS: EVOLUCI\u00d3N Y FUTURO<\/strong><\/p>\n<ol>\n<li>El futuro de los sistemas dom\u00f3ticos.<\/li>\n<li>Eficiencia energ\u00e9tica.<\/li>\n<li>&#8211; Gesti\u00f3n de la producci\u00f3n y consumo el\u00e9ctrico.<\/li>\n<li>&#8211; Sistemas de iluminaci\u00f3n eficientes.<\/li>\n<li>Comunicaciones.<\/li>\n<li>&#8211; Comunicaciones inal\u00e1mbricas para uso dom\u00e9stico.<\/li>\n<li>La pasarela residencial.<\/li>\n<li>Inteligencia ambiental.<\/li>\n<li>Futuros escenarios.<\/li>\n<\/ol>\n<p>&nbsp;<\/p>\n<hr \/>\n<p><em><strong>Especialista en Dom\u00f3tica y Edificios Inteligentes<\/strong><\/em><\/p>\n","protected":false},"excerpt":{"rendered":"<p>\u00abConvi\u00e9rtete en Especialista en Dom\u00f3tica y Edificios Inteligentes con nuestro curso online. Aprende a dise\u00f1ar, instalar y gestionar sistemas automatizados para hogares y edificios, optimizando confort, seguridad y eficiencia energ\u00e9tica. \u00a1F\u00f3rmate a tu ritmo y expande tus oportunidades laborales!\u00bb<\/p>\n","protected":false},"featured_media":2004,"comment_status":"closed","ping_status":"closed","template":"","meta":[],"product_brand":[],"product_cat":[34],"product_tag":[2038,2036,2045,2037,2042,2040,2039,2043,2041,2044],"class_list":{"0":"post-2002","1":"product","2":"type-product","3":"status-publish","4":"has-post-thumbnail","6":"product_cat-tecnicos","7":"product_tag-automatizacion-de-edificios","8":"product_tag-curso-de-domotica","9":"product_tag-curso-online-de-domotica","10":"product_tag-edificios-inteligentes","11":"product_tag-eficiencia-energetica","12":"product_tag-especialista-en-domotica","13":"product_tag-formacion-en-domotica","14":"product_tag-seguridad-en-edificios","15":"product_tag-smart-homes","16":"product_tag-tecnologia-inteligente","18":"first","19":"instock","20":"sale","21":"shipping-taxable","22":"purchasable","23":"product-type-simple"},"yoast_head":"<!-- This site is optimized with the Yoast SEO plugin v27.5 - https:\/\/yoast.com\/product\/yoast-seo-wordpress\/ -->\n<title>Especialista en Dom\u00f3tica y Edificios Inteligentes - CEE Centro Europeo E-learning - Cursos online<\/title>\n<meta name=\"description\" content=\"Curso online de Especialista en Dom\u00f3tica y Edificios Inteligentes. Dise\u00f1a e implementar sistemas automatizados para mejorar la eficiencia en edificios.\" \/>\n<meta name=\"robots\" content=\"index, follow, max-snippet:-1, max-image-preview:large, max-video-preview:-1\" \/>\n<link rel=\"canonical\" href=\"https:\/\/centro-cee.com\/web\/producto\/especialista-en-domotica-y-edificios-inteligentes\/\" \/>\n<meta property=\"og:locale\" content=\"es_ES\" \/>\n<meta property=\"og:type\" content=\"article\" \/>\n<meta property=\"og:title\" content=\"Especialista en Dom\u00f3tica y Edificios Inteligentes - CEE Centro Europeo E-learning - Cursos online\" \/>\n<meta property=\"og:description\" content=\"Curso online de Especialista en Dom\u00f3tica y Edificios Inteligentes. Dise\u00f1a e implementar sistemas automatizados para mejorar la eficiencia en edificios.\" \/>\n<meta property=\"og:url\" content=\"https:\/\/centro-cee.com\/web\/producto\/especialista-en-domotica-y-edificios-inteligentes\/\" \/>\n<meta property=\"og:site_name\" content=\"CEE Centro Europeo E-learning - Cursos online\" \/>\n<meta property=\"article:modified_time\" content=\"2025-04-02T09:11:32+00:00\" \/>\n<meta property=\"og:image\" content=\"https:\/\/centro-cee.com\/web\/wp-content\/uploads\/2025\/04\/domo.jpg\" \/>\n\t<meta property=\"og:image:width\" content=\"640\" \/>\n\t<meta property=\"og:image:height\" content=\"480\" \/>\n\t<meta property=\"og:image:type\" content=\"image\/jpeg\" \/>\n<meta name=\"twitter:card\" content=\"summary_large_image\" \/>\n<meta name=\"twitter:label1\" content=\"Tiempo de lectura\" \/>\n\t<meta name=\"twitter:data1\" content=\"3 minutos\" \/>\n<script type=\"application\/ld+json\" class=\"yoast-schema-graph\">{\"@context\":\"https:\\\/\\\/schema.org\",\"@graph\":[{\"@type\":\"WebPage\",\"@id\":\"https:\\\/\\\/centro-cee.com\\\/web\\\/producto\\\/especialista-en-domotica-y-edificios-inteligentes\\\/\",\"url\":\"https:\\\/\\\/centro-cee.com\\\/web\\\/producto\\\/especialista-en-domotica-y-edificios-inteligentes\\\/\",\"name\":\"Especialista en Dom\u00f3tica y Edificios Inteligentes - CEE Centro Europeo E-learning - Cursos online\",\"isPartOf\":{\"@id\":\"https:\\\/\\\/centro-cee.com\\\/web\\\/#website\"},\"primaryImageOfPage\":{\"@id\":\"https:\\\/\\\/centro-cee.com\\\/web\\\/producto\\\/especialista-en-domotica-y-edificios-inteligentes\\\/#primaryimage\"},\"image\":{\"@id\":\"https:\\\/\\\/centro-cee.com\\\/web\\\/producto\\\/especialista-en-domotica-y-edificios-inteligentes\\\/#primaryimage\"},\"thumbnailUrl\":\"https:\\\/\\\/centro-cee.com\\\/web\\\/wp-content\\\/uploads\\\/2025\\\/04\\\/domo.jpg\",\"datePublished\":\"2025-04-02T09:08:42+00:00\",\"dateModified\":\"2025-04-02T09:11:32+00:00\",\"description\":\"Curso online de Especialista en Dom\u00f3tica y Edificios Inteligentes. Dise\u00f1a e implementar sistemas automatizados para mejorar la eficiencia en edificios.\",\"breadcrumb\":{\"@id\":\"https:\\\/\\\/centro-cee.com\\\/web\\\/producto\\\/especialista-en-domotica-y-edificios-inteligentes\\\/#breadcrumb\"},\"inLanguage\":\"es\",\"potentialAction\":[{\"@type\":\"ReadAction\",\"target\":[\"https:\\\/\\\/centro-cee.com\\\/web\\\/producto\\\/especialista-en-domotica-y-edificios-inteligentes\\\/\"]}]},{\"@type\":\"ImageObject\",\"inLanguage\":\"es\",\"@id\":\"https:\\\/\\\/centro-cee.com\\\/web\\\/producto\\\/especialista-en-domotica-y-edificios-inteligentes\\\/#primaryimage\",\"url\":\"https:\\\/\\\/centro-cee.com\\\/web\\\/wp-content\\\/uploads\\\/2025\\\/04\\\/domo.jpg\",\"contentUrl\":\"https:\\\/\\\/centro-cee.com\\\/web\\\/wp-content\\\/uploads\\\/2025\\\/04\\\/domo.jpg\",\"width\":640,\"height\":480,\"caption\":\"dom\u00f3tica\"},{\"@type\":\"BreadcrumbList\",\"@id\":\"https:\\\/\\\/centro-cee.com\\\/web\\\/producto\\\/especialista-en-domotica-y-edificios-inteligentes\\\/#breadcrumb\",\"itemListElement\":[{\"@type\":\"ListItem\",\"position\":1,\"name\":\"Portada\",\"item\":\"https:\\\/\\\/centro-cee.com\\\/web\\\/\"},{\"@type\":\"ListItem\",\"position\":2,\"name\":\"Especialista en Dom\u00f3tica y Edificios Inteligentes\"}]},{\"@type\":\"WebSite\",\"@id\":\"https:\\\/\\\/centro-cee.com\\\/web\\\/#website\",\"url\":\"https:\\\/\\\/centro-cee.com\\\/web\\\/\",\"name\":\"Centro Europeo E-learning\",\"description\":\"CEE Formaci\u00f3n Online\",\"publisher\":{\"@id\":\"https:\\\/\\\/centro-cee.com\\\/web\\\/#organization\"},\"alternateName\":\"Centro Online de Formaci\u00f3n\",\"potentialAction\":[{\"@type\":\"SearchAction\",\"target\":{\"@type\":\"EntryPoint\",\"urlTemplate\":\"https:\\\/\\\/centro-cee.com\\\/web\\\/?s={search_term_string}\"},\"query-input\":{\"@type\":\"PropertyValueSpecification\",\"valueRequired\":true,\"valueName\":\"search_term_string\"}}],\"inLanguage\":\"es\"},{\"@type\":\"Organization\",\"@id\":\"https:\\\/\\\/centro-cee.com\\\/web\\\/#organization\",\"name\":\"Centro Europeo E-learning CEE\",\"url\":\"https:\\\/\\\/centro-cee.com\\\/web\\\/\",\"logo\":{\"@type\":\"ImageObject\",\"inLanguage\":\"es\",\"@id\":\"https:\\\/\\\/centro-cee.com\\\/web\\\/#\\\/schema\\\/logo\\\/image\\\/\",\"url\":\"https:\\\/\\\/centro-cee.com\\\/web\\\/wp-content\\\/uploads\\\/2022\\\/12\\\/cropped-logo_educa.png\",\"contentUrl\":\"https:\\\/\\\/centro-cee.com\\\/web\\\/wp-content\\\/uploads\\\/2022\\\/12\\\/cropped-logo_educa.png\",\"width\":157,\"height\":63,\"caption\":\"Centro Europeo E-learning CEE\"},\"image\":{\"@id\":\"https:\\\/\\\/centro-cee.com\\\/web\\\/#\\\/schema\\\/logo\\\/image\\\/\"},\"sameAs\":[\"https:\\\/\\\/www.instagram.com\\\/centroeuropeo_cee\"]}]}<\/script>\n<!-- \/ Yoast SEO plugin. -->","yoast_head_json":{"title":"Especialista en Dom\u00f3tica y Edificios Inteligentes - CEE Centro Europeo E-learning - Cursos online","description":"Curso online de Especialista en Dom\u00f3tica y Edificios Inteligentes. Dise\u00f1a e implementar sistemas automatizados para mejorar la eficiencia en edificios.","robots":{"index":"index","follow":"follow","max-snippet":"max-snippet:-1","max-image-preview":"max-image-preview:large","max-video-preview":"max-video-preview:-1"},"canonical":"https:\/\/centro-cee.com\/web\/producto\/especialista-en-domotica-y-edificios-inteligentes\/","og_locale":"es_ES","og_type":"article","og_title":"Especialista en Dom\u00f3tica y Edificios Inteligentes - CEE Centro Europeo E-learning - Cursos online","og_description":"Curso online de Especialista en Dom\u00f3tica y Edificios Inteligentes. Dise\u00f1a e implementar sistemas automatizados para mejorar la eficiencia en edificios.","og_url":"https:\/\/centro-cee.com\/web\/producto\/especialista-en-domotica-y-edificios-inteligentes\/","og_site_name":"CEE Centro Europeo E-learning - Cursos online","article_modified_time":"2025-04-02T09:11:32+00:00","og_image":[{"width":640,"height":480,"url":"https:\/\/centro-cee.com\/web\/wp-content\/uploads\/2025\/04\/domo.jpg","type":"image\/jpeg"}],"twitter_card":"summary_large_image","twitter_misc":{"Tiempo de lectura":"3 minutos"},"schema":{"@context":"https:\/\/schema.org","@graph":[{"@type":"WebPage","@id":"https:\/\/centro-cee.com\/web\/producto\/especialista-en-domotica-y-edificios-inteligentes\/","url":"https:\/\/centro-cee.com\/web\/producto\/especialista-en-domotica-y-edificios-inteligentes\/","name":"Especialista en Dom\u00f3tica y Edificios Inteligentes - CEE Centro Europeo E-learning - Cursos online","isPartOf":{"@id":"https:\/\/centro-cee.com\/web\/#website"},"primaryImageOfPage":{"@id":"https:\/\/centro-cee.com\/web\/producto\/especialista-en-domotica-y-edificios-inteligentes\/#primaryimage"},"image":{"@id":"https:\/\/centro-cee.com\/web\/producto\/especialista-en-domotica-y-edificios-inteligentes\/#primaryimage"},"thumbnailUrl":"https:\/\/centro-cee.com\/web\/wp-content\/uploads\/2025\/04\/domo.jpg","datePublished":"2025-04-02T09:08:42+00:00","dateModified":"2025-04-02T09:11:32+00:00","description":"Curso online de Especialista en Dom\u00f3tica y Edificios Inteligentes. Dise\u00f1a e implementar sistemas automatizados para mejorar la eficiencia en edificios.","breadcrumb":{"@id":"https:\/\/centro-cee.com\/web\/producto\/especialista-en-domotica-y-edificios-inteligentes\/#breadcrumb"},"inLanguage":"es","potentialAction":[{"@type":"ReadAction","target":["https:\/\/centro-cee.com\/web\/producto\/especialista-en-domotica-y-edificios-inteligentes\/"]}]},{"@type":"ImageObject","inLanguage":"es","@id":"https:\/\/centro-cee.com\/web\/producto\/especialista-en-domotica-y-edificios-inteligentes\/#primaryimage","url":"https:\/\/centro-cee.com\/web\/wp-content\/uploads\/2025\/04\/domo.jpg","contentUrl":"https:\/\/centro-cee.com\/web\/wp-content\/uploads\/2025\/04\/domo.jpg","width":640,"height":480,"caption":"dom\u00f3tica"},{"@type":"BreadcrumbList","@id":"https:\/\/centro-cee.com\/web\/producto\/especialista-en-domotica-y-edificios-inteligentes\/#breadcrumb","itemListElement":[{"@type":"ListItem","position":1,"name":"Portada","item":"https:\/\/centro-cee.com\/web\/"},{"@type":"ListItem","position":2,"name":"Especialista en Dom\u00f3tica y Edificios Inteligentes"}]},{"@type":"WebSite","@id":"https:\/\/centro-cee.com\/web\/#website","url":"https:\/\/centro-cee.com\/web\/","name":"Centro Europeo E-learning","description":"CEE Formaci\u00f3n Online","publisher":{"@id":"https:\/\/centro-cee.com\/web\/#organization"},"alternateName":"Centro Online de Formaci\u00f3n","potentialAction":[{"@type":"SearchAction","target":{"@type":"EntryPoint","urlTemplate":"https:\/\/centro-cee.com\/web\/?s={search_term_string}"},"query-input":{"@type":"PropertyValueSpecification","valueRequired":true,"valueName":"search_term_string"}}],"inLanguage":"es"},{"@type":"Organization","@id":"https:\/\/centro-cee.com\/web\/#organization","name":"Centro Europeo E-learning CEE","url":"https:\/\/centro-cee.com\/web\/","logo":{"@type":"ImageObject","inLanguage":"es","@id":"https:\/\/centro-cee.com\/web\/#\/schema\/logo\/image\/","url":"https:\/\/centro-cee.com\/web\/wp-content\/uploads\/2022\/12\/cropped-logo_educa.png","contentUrl":"https:\/\/centro-cee.com\/web\/wp-content\/uploads\/2022\/12\/cropped-logo_educa.png","width":157,"height":63,"caption":"Centro Europeo E-learning CEE"},"image":{"@id":"https:\/\/centro-cee.com\/web\/#\/schema\/logo\/image\/"},"sameAs":["https:\/\/www.instagram.com\/centroeuropeo_cee"]}]}},"_links":{"self":[{"href":"https:\/\/centro-cee.com\/web\/wp-json\/wp\/v2\/product\/2002","targetHints":{"allow":["GET"]}}],"collection":[{"href":"https:\/\/centro-cee.com\/web\/wp-json\/wp\/v2\/product"}],"about":[{"href":"https:\/\/centro-cee.com\/web\/wp-json\/wp\/v2\/types\/product"}],"replies":[{"embeddable":true,"href":"https:\/\/centro-cee.com\/web\/wp-json\/wp\/v2\/comments?post=2002"}],"wp:featuredmedia":[{"embeddable":true,"href":"https:\/\/centro-cee.com\/web\/wp-json\/wp\/v2\/media\/2004"}],"wp:attachment":[{"href":"https:\/\/centro-cee.com\/web\/wp-json\/wp\/v2\/media?parent=2002"}],"wp:term":[{"taxonomy":"product_brand","embeddable":true,"href":"https:\/\/centro-cee.com\/web\/wp-json\/wp\/v2\/product_brand?post=2002"},{"taxonomy":"product_cat","embeddable":true,"href":"https:\/\/centro-cee.com\/web\/wp-json\/wp\/v2\/product_cat?post=2002"},{"taxonomy":"product_tag","embeddable":true,"href":"https:\/\/centro-cee.com\/web\/wp-json\/wp\/v2\/product_tag?post=2002"}],"curies":[{"name":"wp","href":"https:\/\/api.w.org\/{rel}","templated":true}]}}