{"id":1998,"date":"2025-03-27T12:14:52","date_gmt":"2025-03-27T12:14:52","guid":{"rendered":"https:\/\/centro-cee.com\/web\/?post_type=product&#038;p=1998"},"modified":"2025-03-27T12:16:23","modified_gmt":"2025-03-27T12:16:23","slug":"experto-en-elaboracion-de-cerveza","status":"publish","type":"product","link":"https:\/\/centro-cee.com\/web\/producto\/experto-en-elaboracion-de-cerveza\/","title":{"rendered":"Experto en elaboraci\u00f3n de Cerveza"},"content":{"rendered":"<p><a href=\"https:\/\/centro-cee.com\/web\/formaciones\/\">Atr\u00e1s<\/a><\/p>\n<p><em><strong>Experto en elaboraci\u00f3n de Cerveza<\/strong><\/em><\/p>\n<p>Toda esta informaci\u00f3n se realiza 100% online en nuestro campus online de formaci\u00f3n.<\/p>\n<p>Las tutor\u00edas se realizan directamente desde el campus de estudio con la opci\u00f3n de mensajer\u00eda a profesores. Las tutor\u00edas son \u201ca demanda\u201d, cuando necesites soporte nos lo pides.<\/p>\n<p>Los t\u00edtulos de Centro CEE est\u00e1n autenticados por la firma de notario que valida contenidos y autenticidad a nivel internacional. Nuestra organizaci\u00f3n pertenece a la Asociaci\u00f3n Espa\u00f1ola de Calidad, organizaci\u00f3n Espa\u00f1ola de referencia para la calidad\u00a0en la formaci\u00f3n de auxiliar de enfermer\u00eda. La certificaci\u00f3n se puede apostillar por la Haya para cualquier pa\u00eds firmante del convenio de la Haya.<\/p>\n<p>Se puede pagar a plazos.<\/p>\n<p>Carga horaria de la formaci\u00f3n: 600h<\/p>\n<p>&nbsp;<\/p>\n<h2>Temario<\/h2>\n<hr \/>\n<p><strong>UNIDAD DID\u00c1CTICA 1. LA CEBADA.<\/strong><\/p>\n<ol>\n<li>La cebada. Tipos y variedades de cebada malteables.<\/li>\n<li>Identificaci\u00f3n varietal, caracter\u00edsticas morfol\u00f3gicas del grano de cebada.<\/li>\n<li>Partes del grano, funciones de las mismas en la germinaci\u00f3n.<\/li>\n<li>Empleo de la cebada en la fabricaci\u00f3n de cerveza.<\/li>\n<li>Legislaci\u00f3n vigente.<\/li>\n<\/ol>\n<p><strong>UNIDAD DID\u00c1CTICA 2. LA MALTA.<\/strong><\/p>\n<ol>\n<li>Aspectos generales del malteado.<\/li>\n<li>Almacenamiento de la cebada.<\/li>\n<li>Selecci\u00f3n de cebada.<\/li>\n<li>Remojo.<\/li>\n<li>Germinaci\u00f3n de la cebada.<\/li>\n<li>Contenido proteico de la cebada. Funciones de las prote\u00ednas en el malteado.<\/li>\n<li>Almid\u00f3n, funciones y caracter\u00edsticas. Otros componentes de la cebada.<\/li>\n<li>Alteraciones que tienen lugar durante el almacenamiento de la cebada y la malta.<\/li>\n<li>Secado y tostado de la cebada.<\/li>\n<li>Funciones de la malta en la elaboraci\u00f3n de cerveza.<\/li>\n<li>Tipos de malta: pilsen, munich, viena, torrefactada y otras<\/li>\n<li>Extractos y otros derivados de la malta.<\/li>\n<\/ol>\n<p><strong>UNIDAD DID\u00c1CTICA 3. LA MALTER\u00cdA Y SUS INSTALACIONES.<\/strong><\/p>\n<ol>\n<li>Instalaciones de una malter\u00eda:<\/li>\n<li>&#8211; \u00c1rea de recepci\u00f3n y almacenamiento, silos de cebada, tinas de remojo, cajas de germinaci\u00f3n, secado y tostado, silos de malta.<\/li>\n<li>Servicios generales ( Suministro de agua, aire,vapor y energ\u00eda el\u00e9ctrica )<\/li>\n<li>Producci\u00f3n por lotes.<\/li>\n<li>C\u00e1lculo de las capacidades de los procesos.<\/li>\n<\/ol>\n<p><strong>UNIDAD DID\u00c1CTICA 4. LIMPIEZA DE INSTALACIONES Y EQUIPOS.<\/strong><\/p>\n<ol>\n<li>Concepto y niveles de limpieza. Limpieza f\u00edsica, qu\u00edmica, microbiol\u00f3gica.<\/li>\n<li>Procesos y productos utilizados en la higienizaci\u00f3n y limpieza de instalaciones.<\/li>\n<li>Concepto de desinfecci\u00f3n, esterilizaci\u00f3n, desinsectaci\u00f3n y desrodentizaci\u00f3n.<\/li>\n<li>&#8211; Fases de la higienizaci\u00f3n,secuencias b\u00e1sicas y sus funciones.<\/li>\n<li>&#8211; Soluciones de limpieza: propiedades, utilidad, incompatibilidades, medidas de seguridad.<\/li>\n<li>&#8211; Desinfecci\u00f3n y esterilizaci\u00f3n. Desinfectantes qu\u00edmicos, tratamientos t\u00e9rmicos.<\/li>\n<li>&#8211; Desinsectaci\u00f3n, insecticidas.<\/li>\n<li>&#8211; Desrodentizaci\u00f3n, rodenticidas.<\/li>\n<li>Sistemas y equipos utilizados en la higienizaci\u00f3n.<\/li>\n<li>Se\u00f1alizaci\u00f3n y aislamiento de \u00e1reas o equipos en operaciones de riesgo.<\/li>\n<li>M\u00d3DULO 2. MF0312_2 ELABORACI\u00d3N DE MOSTO<\/li>\n<\/ol>\n<p><strong>UNIDAD DID\u00c1CTICA 1. MOLIENDA, ADJUNTOS, DOSIFICACI\u00d3N Y EL AGUA EN LA ELABORACI\u00d3N DE CERVAZA<\/strong><\/p>\n<ol>\n<li>Recepci\u00f3n y almacenamiento de la materias primas.<\/li>\n<li>Adjuntos cerveceros s\u00f3lidos y l\u00edquidos.<\/li>\n<li>Molienda de la malta, tipos de molinos.<\/li>\n<li>An\u00e1lisis de molienda, Plansichter.<\/li>\n<li>Instalaciones de dosificaci\u00f3n de malta y crudos.<\/li>\n<li>El agua en la industria cervecera, caracter\u00edsticas ideales.<\/li>\n<li>Tratamiento del agua para uso cervecero.<\/li>\n<li>&#8211; Contaminaci\u00f3n qu\u00edmica del agua. Or\u00edgenes, causas y efectos en el proceso.<\/li>\n<li>&#8211; Contaminaci\u00f3n microbiol\u00f3gica del agua. Or\u00edgenes, causas y efectos en el<\/li>\n<li>proceso.<\/li>\n<\/ol>\n<p><strong>UNIDAD DID\u00c1CTICA 2. TRATAMIENTO DE MEZCLA Y ADJUNTOS, PROCESO DE MACERACI\u00d3N<\/strong><\/p>\n<ol>\n<li>Procesos enzim\u00e1ticos de la mezcla, la sacarificaci\u00f3n.<\/li>\n<li>M\u00e9todos de mezcla, infusi\u00f3n y decocci\u00f3n.<\/li>\n<li>Programaci\u00f3n de diagramas de mezcla, tiempo y temperaturas.<\/li>\n<li>Elaboraciones de alta densidad (HGB).<\/li>\n<\/ol>\n<p><strong>UNIDAD DID\u00c1CTICA 3. FILTRACI\u00d3N Y EBULLICI\u00d3N DEL MOSTO<\/strong><\/p>\n<ol>\n<li>Proceso de filtraci\u00f3n, m\u00e9todos ( cuba filtro, filtro prensa )<\/li>\n<li>Ebullici\u00f3n del mosto, par\u00e1metros del proceso.<\/li>\n<li>El l\u00fapulo: cultivo, tipos, funci\u00f3n y presentaciones<\/li>\n<li>Derivados del l\u00fapulo<\/li>\n<\/ol>\n<p><strong>UNIDAD DID\u00c1CTICA 4. CLARIFICACI\u00d3N Y ENFRIAMIENTO DEL MOSTO<\/strong><\/p>\n<ol>\n<li>Clarificaci\u00f3n del mosto, m\u00e9todos y funciones.<\/li>\n<li>Enfriamiento y aireaci\u00f3n del mosto.<\/li>\n<\/ol>\n<p><strong>UNIDAD DID\u00c1CTICA 5. NORMAS Y MEDIDAS SOBRE HIGIENE EN LA INDUSTRIA CERVECERA.<\/strong><\/p>\n<ol>\n<li>Normativa aplicable al sector.<\/li>\n<li>Integridad del producto, APPCC<\/li>\n<li>Medidas de higiene personal.<\/li>\n<li>&#8211; Durante el proceso<\/li>\n<li>&#8211; En el almacenamiento y transporte<\/li>\n<li>Requisitos de higiene y limpieza general de instalaciones y equipos.<\/li>\n<li>&#8211; Caracter\u00edsticas de los edificios, naves e instalaciones.<\/li>\n<li>&#8211; Caracter\u00edsticas de los detergentes y desinfectantes, tensi\u00f3n superficial.<\/li>\n<li>&#8211; Principales contaminantes.<\/li>\n<li>&#8211; Ventilaci\u00f3n, iluminaci\u00f3n, normativa aplicable.<\/li>\n<\/ol>\n<p><strong>UNIDAD DID\u00c1CTICA 6. SEGURIDAD EN LA INDUSTRIA CERVECERA.<\/strong><\/p>\n<ol>\n<li>Factores, situaciones de riesgo y normativa aplicable.<\/li>\n<li>Medidas de prevenci\u00f3n y protecci\u00f3n en las instalaciones y del personal<\/li>\n<li>&#8211; \u00c1reas de riesgo, se\u00f1ales y c\u00f3digos<\/li>\n<li>&#8211; Condiciones saludables de trabajo<\/li>\n<li>&#8211; Equipos de protecci\u00f3n individual ( EPI\u00b4s )<\/li>\n<li>&#8211; Manipulaci\u00f3n de productos peligrosos, precauciones.<\/li>\n<li>&#8211; Elementos de seguridad y protecci\u00f3n en el manejo de m\u00e1quinas.<\/li>\n<li>&#8211; Medidas de limpieza y orden del puesto de trabajo.<\/li>\n<li>Situaciones de emergencia:<\/li>\n<li>&#8211; Plan de evacuaci\u00f3n general.<\/li>\n<li>&#8211; Sistemas de detecci\u00f3n, actuaci\u00f3n ante alarmas.<\/li>\n<li>&#8211; Incendios: sistemas de detecci\u00f3n, equipos de extinci\u00f3n.<\/li>\n<li>&#8211; Escapes de agua, vapor, gases, qu\u00edmicos; actuaci\u00f3n.<\/li>\n<li>M\u00d3DULO 3. MF0313_2 FERMENTACI\u00d3N, MADURACI\u00d3N Y ACABADO DE LA CERVEZA<\/li>\n<\/ol>\n<p><strong>UNIDAD DID\u00c1CTICA 1. LEVADURAS. CEPAS DE USO INDUSTRIAL.<\/strong><\/p>\n<ol>\n<li>Estructura de la c\u00e9lula de levadura.<\/li>\n<li>Selecci\u00f3n de cepas de levaduras.<\/li>\n<li>Mantenimiento y propagaci\u00f3n de los cultivos de levadura.<\/li>\n<li>Metabolismo de la levadura.<\/li>\n<\/ol>\n<p><strong>UNIDAD DID\u00c1CTICA 2. CONTAMINANTES MICROBIOL\u00d3GICOS DEL MOSTO Y LA CERVEZA.<\/strong><\/p>\n<ol>\n<li>Contaminaciones m\u00e1s habituales:<\/li>\n<li>&#8211; Levaduras no deseables o salvajes.<\/li>\n<li>&#8211; Bacterias.<\/li>\n<li>Alteraciones producidas por bacterias.<\/li>\n<li>Determinaci\u00f3n de contaminantes; an\u00e1lisis microbiol\u00f3gicos.<\/li>\n<li>Normas de actuaci\u00f3n ante contaminaciones microbianas.<\/li>\n<\/ol>\n<p><strong>UNIDAD DID\u00c1CTICA 3. FERMENTACI\u00d3N DEL MOSTO. MADURACI\u00d3N Y GUARDA DE LA CERVEZA.<\/strong><\/p>\n<ol>\n<li>Transformaciones bioqu\u00edmicas de la fermentaci\u00f3n alcoh\u00f3lica.<\/li>\n<li>Productos de la fermentaci\u00f3n.<\/li>\n<li>Par\u00e1metros de control del proceso.<\/li>\n<li>Fermentaci\u00f3n en batch .<\/li>\n<li>Instalaciones del proceso.<\/li>\n<li>Recuperaci\u00f3n de CO2.<\/li>\n<li>Funciones de la guarda, maduraci\u00f3n organol\u00e9ptica.<\/li>\n<li>Estabilizaci\u00f3n coloidal.<\/li>\n<li>Coadyuvantes y aditivos tecnol\u00f3gicos.<\/li>\n<\/ol>\n<p><strong>UNIDAD DID\u00c1CTICA 4. FILTRACI\u00d3N Y ACONDICIONAMIENTO DE LA CERVEZA.<\/strong><\/p>\n<ol>\n<li>Fundamentos de la filtraci\u00f3n, funciones y tipos de filtros.<\/li>\n<li>Filtraci\u00f3n con diatomeas y con membranas.<\/li>\n<li>Centrifugaci\u00f3n o clarificaci\u00f3n.<\/li>\n<li>Par\u00e1metros de control del proceso.<\/li>\n<li>Coadyuvantes tecnol\u00f3gicos, PVPP.<\/li>\n<li>Carbonataci\u00f3n natural y forzada.<\/li>\n<\/ol>\n<p><strong>UNIDAD DID\u00c1CTICA 5. LA CERVEZA.<\/strong><\/p>\n<ol>\n<li>La composici\u00f3n y calidad de la cerveza.<\/li>\n<li>An\u00e1lisis organol\u00e9ptico de la cerveza.<\/li>\n<li>Tipos de cerveza: con alcohol, sin alcohol, tipo pilsen, tipo negra, tipo ecol\u00f3gico.<\/li>\n<\/ol>\n<p><strong>UNIDAD DID\u00c1CTICA 6. MEDIDAS DE SEGURIDAD Y PROTECCI\u00d3N MEDIOAMBIENTAL.<\/strong><\/p>\n<ol>\n<li>Subproductos de la industria cervecera.<\/li>\n<li>Ahorro y alternativas energ\u00e9ticas.<\/li>\n<li>Residuos s\u00f3lidos, emisiones atmosf\u00e9ricas y efluentes cerveceros.<\/li>\n<li>Otras t\u00e9cnicas de prevenci\u00f3n o protecci\u00f3n.<\/li>\n<li>Seguridad personal y de las instalaciones.<\/li>\n<li>M\u00d3DULO 4. MF0314_2 ENVASADO Y ACONDICIONAMIENTO DE BEBIDAS<\/li>\n<\/ol>\n<p><strong>UNIDAD DID\u00c1CTICA 1. ACONDICIONAMIENTO DE BEBIDAS PARA EL ENVASADO.<\/strong><\/p>\n<ol>\n<li>Alteraci\u00f3n de las bebidas.<\/li>\n<li>Tipos de alteraci\u00f3n y causas.<\/li>\n<li>Factores que intervienen en las alteraciones.<\/li>\n<li>Conservaci\u00f3n mediante calor.<\/li>\n<li>Sistemas de tratamiento t\u00e9rmico.<\/li>\n<li>Pasterizadores. Autoclaves.<\/li>\n<li>Intercambiadores t\u00e9rmicos.<\/li>\n<li>Sistemas de filtraci\u00f3n est\u00e9ril.<\/li>\n<li>Filtraci\u00f3n con membranas.<\/li>\n<li>Caracter\u00edsticas de los aditivos utilizados en la industria de bebidas.<\/li>\n<li>Sistemas de procesado as\u00e9ptico.<\/li>\n<\/ol>\n<p><strong>UNIDAD DID\u00c1CTICA 2. CARACTER\u00cdSTICAS DEL ENVASADO Y ETIQUETADO.<\/strong><\/p>\n<ol>\n<li>Tipos y caracter\u00edsticas de los materiales de envasado.<\/li>\n<li>Clases de materiales. Propiedades de los materiales. Calidades. Incompatibilidades. Cierres. Normativa.<\/li>\n<li>Clasificaci\u00f3n, formatos, denominaciones, utilidades, elementos de cerrado, su conservaci\u00f3n y almacenamiento.<\/li>\n<li>Formateado de envases \u00abin situ\u00bb: Materiales utilizados. Identificaci\u00f3n y calidades.<\/li>\n<li>Sistemas y equipos de conformado. Sistema de cerrado. Caracter\u00edsticas finales.<\/li>\n<li>Envases de vidrio. Normativa sobre embotellado.<\/li>\n<li>Tipos de vidrio. Tipos de botella. Sistemas, equipos y materiales de cierre o taponado.<\/li>\n<li>Tapones de corcho. Propiedades y caracter\u00edsticas.<\/li>\n<li>M\u00e1quinas taponadoras de corcho.<\/li>\n<li>Sistemas, equipos y materiales de capsulado.<\/li>\n<li>Envases met\u00e1licos: Metales utilizados.<\/li>\n<li>Propiedades de los recipientes y de los cierres. Recubrimientos.<\/li>\n<li>Envases de pl\u00e1stico: Materiales utilizados y propiedades. Sistemas de cierre.<\/li>\n<li>Etiquetas y otros auxiliares: Normativa sobre etiquetado: Informaci\u00f3n a incluir.<\/li>\n<li>Tipos de etiquetas. Ubicaci\u00f3n. Otras marcas, se\u00f1ales y c\u00f3digos.<\/li>\n<li>Productos adhesivos y otros auxiliares.<\/li>\n<\/ol>\n<p><strong>UNIDAD DID\u00c1CTICA 3. OPERACIONES DE ENVASADO.<\/strong><\/p>\n<ol>\n<li>Manipulaci\u00f3n y preparaci\u00f3n de envases.<\/li>\n<li>T\u00e9cnicas de manejo de envases.<\/li>\n<li>Niveles de llenado. Control volum\u00e9trico.<\/li>\n<li>M\u00e9todos de limpieza.<\/li>\n<li>Procedimientos de llenado.<\/li>\n<li>Llenado al vac\u00edo, llenado as\u00e9ptico, llenado isob\u00e1rico.<\/li>\n<li>Etiquetado: t\u00e9cnicas de colocaci\u00f3n y fijaci\u00f3n.<\/li>\n<li>Maquinaria utilizada en el envasado.<\/li>\n<li>Tipos b\u00e1sicos, composici\u00f3n y funcionamiento, elementos auxiliares.<\/li>\n<li>Manejo y regulaci\u00f3n.<\/li>\n<li>Mantenimiento de primer nivel.<\/li>\n<li>M\u00e1quinas manuales de envasado. Tipos y caracter\u00edsticas.<\/li>\n<li>M\u00e1quinas autom\u00e1ticas de envasado. Tipos y caracter\u00edsticas.<\/li>\n<li>L\u00edneas automatizadas integrales de envasado.<\/li>\n<\/ol>\n<p><strong>UNIDAD DID\u00c1CTICA 4. SEGURIDAD E HIGIENE EN EL ENVASADO.<\/strong><\/p>\n<ol>\n<li>Requisitos higi\u00e9nico-sanitarios de instalaciones, maquinaria y utillaje. Normativa.<\/li>\n<li>Las buenas pr\u00e1cticas higi\u00e9nicas.<\/li>\n<li>Las buenas pr\u00e1cticas de manipulaci\u00f3n durante el envasado de bebidas.<\/li>\n<li>Seguridad y salud laboral en la planta de envasado. Prevenci\u00f3n y protecci\u00f3n.<\/li>\n<li>Sistemas de control y vigilancia de la planta de envasado.<\/li>\n<\/ol>\n<p><strong>UNIDAD DID\u00c1CTICA 5. AUTOCONTROL DE CALIDAD EN EL ENVASADO.<\/strong><\/p>\n<ol>\n<li>Sistemas de autocontrol APPCC.<\/li>\n<li>Trazabilidad y seguridad alimentaria.<\/li>\n<li>Niveles de rechazo.<\/li>\n<li>Pruebas de materiales.<\/li>\n<li>Comprobaciones durante el proceso y al producto final.<\/li>\n<li>Controles de llenado, de cierre, otros controles al producto.<\/li>\n<\/ol>\n<p>&nbsp;<\/p>\n<p><em><strong>Experto en elaboraci\u00f3n de Cerveza<\/strong><\/em><\/p>\n<hr \/>\n","protected":false},"excerpt":{"rendered":"<p><a href=\"https:\/\/centro-cee.com\/web\/formaciones\/\">Atr\u00e1s<\/a><\/p>\n<p>\u00bfTe apasiona la cerveza artesanal? Este curso online te ense\u00f1a a elaborarla como un profesional. Descubre t\u00e9cnicas, recetas y secretos cerveceros desde casa, a tu ritmo. Incluye certificado, acceso ilimitado y soporte did\u00e1ctico. \u00a1Empieza hoy tu aventura cervecera!<\/p>\n","protected":false},"featured_media":1999,"comment_status":"closed","ping_status":"closed","template":"","meta":[],"product_brand":[],"product_cat":[34],"product_tag":[2028,2035,2027,2022,2029,2021,2034,2026,2031,2032,2023,2030,2024,2033,2025],"class_list":{"0":"post-1998","1":"product","2":"type-product","3":"status-publish","4":"has-post-thumbnail","6":"product_cat-tecnicos","7":"product_tag-aprender-a-hacer-cerveza","8":"product_tag-aprender-elaboracion-de-cerveza","9":"product_tag-curso-cerveceria-artesanal","10":"product_tag-curso-cerveza-artesanal","11":"product_tag-curso-cerveza-desde-casa","12":"product_tag-curso-elaboracion-de-cerveza","13":"product_tag-curso-elaboracion-de-cerveza-artesanal","14":"product_tag-curso-maestro-cervecero","15":"product_tag-curso-online-cerveza","16":"product_tag-elaboracion-de-cerveza-profesional","17":"product_tag-experto-en-cerveza","18":"product_tag-formacion-cervecera","19":"product_tag-formacion-cerveza-online","20":"product_tag-formacion-online-cerveza-artesanal","21":"product_tag-hacer-cerveza-artesanal","23":"first","24":"instock","25":"sale","26":"shipping-taxable","27":"purchasable","28":"product-type-simple"},"yoast_head":"<!-- This site is optimized with the Yoast SEO plugin v27.5 - https:\/\/yoast.com\/product\/yoast-seo-wordpress\/ -->\n<title>Experto en elaboraci\u00f3n de Cerveza<\/title>\n<meta name=\"description\" content=\"Aprende a elaborar tu propia cerveza desde cero con nuestro curso online para expertos. Teor\u00eda, pr\u00e1ctica y pasi\u00f3n cervecera en un solo programa formativo.\" \/>\n<meta name=\"robots\" content=\"index, follow, max-snippet:-1, max-image-preview:large, max-video-preview:-1\" \/>\n<link rel=\"canonical\" href=\"https:\/\/centro-cee.com\/web\/producto\/experto-en-elaboracion-de-cerveza\/\" \/>\n<meta property=\"og:locale\" content=\"es_ES\" \/>\n<meta property=\"og:type\" content=\"article\" \/>\n<meta property=\"og:title\" content=\"Experto en elaboraci\u00f3n de Cerveza\" \/>\n<meta property=\"og:description\" content=\"Aprende a elaborar tu propia cerveza desde cero con nuestro curso online para expertos. Teor\u00eda, pr\u00e1ctica y pasi\u00f3n cervecera en un solo programa formativo.\" \/>\n<meta property=\"og:url\" content=\"https:\/\/centro-cee.com\/web\/producto\/experto-en-elaboracion-de-cerveza\/\" \/>\n<meta property=\"og:site_name\" content=\"CEE Centro Europeo E-learning - Cursos online\" \/>\n<meta property=\"article:modified_time\" content=\"2025-03-27T12:16:23+00:00\" \/>\n<meta property=\"og:image\" content=\"https:\/\/centro-cee.com\/web\/wp-content\/uploads\/2025\/03\/beer-3749664_640.jpg\" \/>\n\t<meta property=\"og:image:width\" content=\"640\" \/>\n\t<meta property=\"og:image:height\" content=\"497\" \/>\n\t<meta property=\"og:image:type\" content=\"image\/jpeg\" \/>\n<meta name=\"twitter:card\" content=\"summary_large_image\" \/>\n<meta name=\"twitter:label1\" content=\"Tiempo de lectura\" \/>\n\t<meta name=\"twitter:data1\" content=\"7 minutos\" \/>\n<script type=\"application\/ld+json\" class=\"yoast-schema-graph\">{\"@context\":\"https:\\\/\\\/schema.org\",\"@graph\":[{\"@type\":\"WebPage\",\"@id\":\"https:\\\/\\\/centro-cee.com\\\/web\\\/producto\\\/experto-en-elaboracion-de-cerveza\\\/\",\"url\":\"https:\\\/\\\/centro-cee.com\\\/web\\\/producto\\\/experto-en-elaboracion-de-cerveza\\\/\",\"name\":\"Experto en elaboraci\u00f3n de Cerveza\",\"isPartOf\":{\"@id\":\"https:\\\/\\\/centro-cee.com\\\/web\\\/#website\"},\"primaryImageOfPage\":{\"@id\":\"https:\\\/\\\/centro-cee.com\\\/web\\\/producto\\\/experto-en-elaboracion-de-cerveza\\\/#primaryimage\"},\"image\":{\"@id\":\"https:\\\/\\\/centro-cee.com\\\/web\\\/producto\\\/experto-en-elaboracion-de-cerveza\\\/#primaryimage\"},\"thumbnailUrl\":\"https:\\\/\\\/centro-cee.com\\\/web\\\/wp-content\\\/uploads\\\/2025\\\/03\\\/beer-3749664_640.jpg\",\"datePublished\":\"2025-03-27T12:14:52+00:00\",\"dateModified\":\"2025-03-27T12:16:23+00:00\",\"description\":\"Aprende a elaborar tu propia cerveza desde cero con nuestro curso online para expertos. Teor\u00eda, pr\u00e1ctica y pasi\u00f3n cervecera en un solo programa formativo.\",\"breadcrumb\":{\"@id\":\"https:\\\/\\\/centro-cee.com\\\/web\\\/producto\\\/experto-en-elaboracion-de-cerveza\\\/#breadcrumb\"},\"inLanguage\":\"es\",\"potentialAction\":[{\"@type\":\"ReadAction\",\"target\":[\"https:\\\/\\\/centro-cee.com\\\/web\\\/producto\\\/experto-en-elaboracion-de-cerveza\\\/\"]}]},{\"@type\":\"ImageObject\",\"inLanguage\":\"es\",\"@id\":\"https:\\\/\\\/centro-cee.com\\\/web\\\/producto\\\/experto-en-elaboracion-de-cerveza\\\/#primaryimage\",\"url\":\"https:\\\/\\\/centro-cee.com\\\/web\\\/wp-content\\\/uploads\\\/2025\\\/03\\\/beer-3749664_640.jpg\",\"contentUrl\":\"https:\\\/\\\/centro-cee.com\\\/web\\\/wp-content\\\/uploads\\\/2025\\\/03\\\/beer-3749664_640.jpg\",\"width\":640,\"height\":497,\"caption\":\"cervezas\"},{\"@type\":\"BreadcrumbList\",\"@id\":\"https:\\\/\\\/centro-cee.com\\\/web\\\/producto\\\/experto-en-elaboracion-de-cerveza\\\/#breadcrumb\",\"itemListElement\":[{\"@type\":\"ListItem\",\"position\":1,\"name\":\"Portada\",\"item\":\"https:\\\/\\\/centro-cee.com\\\/web\\\/\"},{\"@type\":\"ListItem\",\"position\":2,\"name\":\"Experto en elaboraci\u00f3n de Cerveza\"}]},{\"@type\":\"WebSite\",\"@id\":\"https:\\\/\\\/centro-cee.com\\\/web\\\/#website\",\"url\":\"https:\\\/\\\/centro-cee.com\\\/web\\\/\",\"name\":\"Centro Europeo E-learning\",\"description\":\"CEE Formaci\u00f3n Online\",\"publisher\":{\"@id\":\"https:\\\/\\\/centro-cee.com\\\/web\\\/#organization\"},\"alternateName\":\"Centro Online de Formaci\u00f3n\",\"potentialAction\":[{\"@type\":\"SearchAction\",\"target\":{\"@type\":\"EntryPoint\",\"urlTemplate\":\"https:\\\/\\\/centro-cee.com\\\/web\\\/?s={search_term_string}\"},\"query-input\":{\"@type\":\"PropertyValueSpecification\",\"valueRequired\":true,\"valueName\":\"search_term_string\"}}],\"inLanguage\":\"es\"},{\"@type\":\"Organization\",\"@id\":\"https:\\\/\\\/centro-cee.com\\\/web\\\/#organization\",\"name\":\"Centro Europeo E-learning CEE\",\"url\":\"https:\\\/\\\/centro-cee.com\\\/web\\\/\",\"logo\":{\"@type\":\"ImageObject\",\"inLanguage\":\"es\",\"@id\":\"https:\\\/\\\/centro-cee.com\\\/web\\\/#\\\/schema\\\/logo\\\/image\\\/\",\"url\":\"https:\\\/\\\/centro-cee.com\\\/web\\\/wp-content\\\/uploads\\\/2022\\\/12\\\/cropped-logo_educa.png\",\"contentUrl\":\"https:\\\/\\\/centro-cee.com\\\/web\\\/wp-content\\\/uploads\\\/2022\\\/12\\\/cropped-logo_educa.png\",\"width\":157,\"height\":63,\"caption\":\"Centro Europeo E-learning CEE\"},\"image\":{\"@id\":\"https:\\\/\\\/centro-cee.com\\\/web\\\/#\\\/schema\\\/logo\\\/image\\\/\"},\"sameAs\":[\"https:\\\/\\\/www.instagram.com\\\/centroeuropeo_cee\"]}]}<\/script>\n<!-- \/ Yoast SEO plugin. -->","yoast_head_json":{"title":"Experto en elaboraci\u00f3n de Cerveza","description":"Aprende a elaborar tu propia cerveza desde cero con nuestro curso online para expertos. Teor\u00eda, pr\u00e1ctica y pasi\u00f3n cervecera en un solo programa formativo.","robots":{"index":"index","follow":"follow","max-snippet":"max-snippet:-1","max-image-preview":"max-image-preview:large","max-video-preview":"max-video-preview:-1"},"canonical":"https:\/\/centro-cee.com\/web\/producto\/experto-en-elaboracion-de-cerveza\/","og_locale":"es_ES","og_type":"article","og_title":"Experto en elaboraci\u00f3n de Cerveza","og_description":"Aprende a elaborar tu propia cerveza desde cero con nuestro curso online para expertos. Teor\u00eda, pr\u00e1ctica y pasi\u00f3n cervecera en un solo programa formativo.","og_url":"https:\/\/centro-cee.com\/web\/producto\/experto-en-elaboracion-de-cerveza\/","og_site_name":"CEE Centro Europeo E-learning - Cursos online","article_modified_time":"2025-03-27T12:16:23+00:00","og_image":[{"width":640,"height":497,"url":"https:\/\/centro-cee.com\/web\/wp-content\/uploads\/2025\/03\/beer-3749664_640.jpg","type":"image\/jpeg"}],"twitter_card":"summary_large_image","twitter_misc":{"Tiempo de lectura":"7 minutos"},"schema":{"@context":"https:\/\/schema.org","@graph":[{"@type":"WebPage","@id":"https:\/\/centro-cee.com\/web\/producto\/experto-en-elaboracion-de-cerveza\/","url":"https:\/\/centro-cee.com\/web\/producto\/experto-en-elaboracion-de-cerveza\/","name":"Experto en elaboraci\u00f3n de Cerveza","isPartOf":{"@id":"https:\/\/centro-cee.com\/web\/#website"},"primaryImageOfPage":{"@id":"https:\/\/centro-cee.com\/web\/producto\/experto-en-elaboracion-de-cerveza\/#primaryimage"},"image":{"@id":"https:\/\/centro-cee.com\/web\/producto\/experto-en-elaboracion-de-cerveza\/#primaryimage"},"thumbnailUrl":"https:\/\/centro-cee.com\/web\/wp-content\/uploads\/2025\/03\/beer-3749664_640.jpg","datePublished":"2025-03-27T12:14:52+00:00","dateModified":"2025-03-27T12:16:23+00:00","description":"Aprende a elaborar tu propia cerveza desde cero con nuestro curso online para expertos. Teor\u00eda, pr\u00e1ctica y pasi\u00f3n cervecera en un solo programa formativo.","breadcrumb":{"@id":"https:\/\/centro-cee.com\/web\/producto\/experto-en-elaboracion-de-cerveza\/#breadcrumb"},"inLanguage":"es","potentialAction":[{"@type":"ReadAction","target":["https:\/\/centro-cee.com\/web\/producto\/experto-en-elaboracion-de-cerveza\/"]}]},{"@type":"ImageObject","inLanguage":"es","@id":"https:\/\/centro-cee.com\/web\/producto\/experto-en-elaboracion-de-cerveza\/#primaryimage","url":"https:\/\/centro-cee.com\/web\/wp-content\/uploads\/2025\/03\/beer-3749664_640.jpg","contentUrl":"https:\/\/centro-cee.com\/web\/wp-content\/uploads\/2025\/03\/beer-3749664_640.jpg","width":640,"height":497,"caption":"cervezas"},{"@type":"BreadcrumbList","@id":"https:\/\/centro-cee.com\/web\/producto\/experto-en-elaboracion-de-cerveza\/#breadcrumb","itemListElement":[{"@type":"ListItem","position":1,"name":"Portada","item":"https:\/\/centro-cee.com\/web\/"},{"@type":"ListItem","position":2,"name":"Experto en elaboraci\u00f3n de Cerveza"}]},{"@type":"WebSite","@id":"https:\/\/centro-cee.com\/web\/#website","url":"https:\/\/centro-cee.com\/web\/","name":"Centro Europeo E-learning","description":"CEE Formaci\u00f3n Online","publisher":{"@id":"https:\/\/centro-cee.com\/web\/#organization"},"alternateName":"Centro Online de Formaci\u00f3n","potentialAction":[{"@type":"SearchAction","target":{"@type":"EntryPoint","urlTemplate":"https:\/\/centro-cee.com\/web\/?s={search_term_string}"},"query-input":{"@type":"PropertyValueSpecification","valueRequired":true,"valueName":"search_term_string"}}],"inLanguage":"es"},{"@type":"Organization","@id":"https:\/\/centro-cee.com\/web\/#organization","name":"Centro Europeo E-learning CEE","url":"https:\/\/centro-cee.com\/web\/","logo":{"@type":"ImageObject","inLanguage":"es","@id":"https:\/\/centro-cee.com\/web\/#\/schema\/logo\/image\/","url":"https:\/\/centro-cee.com\/web\/wp-content\/uploads\/2022\/12\/cropped-logo_educa.png","contentUrl":"https:\/\/centro-cee.com\/web\/wp-content\/uploads\/2022\/12\/cropped-logo_educa.png","width":157,"height":63,"caption":"Centro Europeo E-learning CEE"},"image":{"@id":"https:\/\/centro-cee.com\/web\/#\/schema\/logo\/image\/"},"sameAs":["https:\/\/www.instagram.com\/centroeuropeo_cee"]}]}},"_links":{"self":[{"href":"https:\/\/centro-cee.com\/web\/wp-json\/wp\/v2\/product\/1998","targetHints":{"allow":["GET"]}}],"collection":[{"href":"https:\/\/centro-cee.com\/web\/wp-json\/wp\/v2\/product"}],"about":[{"href":"https:\/\/centro-cee.com\/web\/wp-json\/wp\/v2\/types\/product"}],"replies":[{"embeddable":true,"href":"https:\/\/centro-cee.com\/web\/wp-json\/wp\/v2\/comments?post=1998"}],"wp:featuredmedia":[{"embeddable":true,"href":"https:\/\/centro-cee.com\/web\/wp-json\/wp\/v2\/media\/1999"}],"wp:attachment":[{"href":"https:\/\/centro-cee.com\/web\/wp-json\/wp\/v2\/media?parent=1998"}],"wp:term":[{"taxonomy":"product_brand","embeddable":true,"href":"https:\/\/centro-cee.com\/web\/wp-json\/wp\/v2\/product_brand?post=1998"},{"taxonomy":"product_cat","embeddable":true,"href":"https:\/\/centro-cee.com\/web\/wp-json\/wp\/v2\/product_cat?post=1998"},{"taxonomy":"product_tag","embeddable":true,"href":"https:\/\/centro-cee.com\/web\/wp-json\/wp\/v2\/product_tag?post=1998"}],"curies":[{"name":"wp","href":"https:\/\/api.w.org\/{rel}","templated":true}]}}