{"id":1950,"date":"2025-01-23T13:22:47","date_gmt":"2025-01-23T13:22:47","guid":{"rendered":"https:\/\/centro-cee.com\/web\/?post_type=product&#038;p=1950"},"modified":"2025-03-27T12:21:24","modified_gmt":"2025-03-27T12:21:24","slug":"experta-o-en-orientacion-sexual-e-identidad-de-genero","status":"publish","type":"product","link":"https:\/\/centro-cee.com\/web\/producto\/experta-o-en-orientacion-sexual-e-identidad-de-genero\/","title":{"rendered":"Experta\/o en Orientaci\u00f3n Sexual e Identidad de G\u00e9nero"},"content":{"rendered":"<p><a href=\"https:\/\/centro-cee.com\/web\/formaciones\/\">Atr\u00e1s<\/a><\/p>\n<p><em><strong>Experta\/o en Orientaci\u00f3n Sexual e Identidad de G\u00e9nero<\/strong><\/em><\/p>\n<p>Toda esta informaci\u00f3n se realiza 100% online en nuestro campus online de formaci\u00f3n.<\/p>\n<p>Las tutor\u00edas se realizan directamente desde el campus de estudio con la opci\u00f3n de mensajer\u00eda a profesores. Las tutorias son \u201ca demanda\u201d, cuando necesites soporte nos lo pides.<\/p>\n<p>Los t\u00edtulos de Centro CEE est\u00e1n autenticados por la firma de notario que valida contenidos y autenticidad a nivel internacional. Nuestra organizaci\u00f3n pertenece a la Asociaci\u00f3n Espa\u00f1ola de Calidad, organizaci\u00f3n Espa\u00f1ola de referencia para la calidad\u00a0en la formaci\u00f3n de auxiliar de enfermer\u00eda. La certificaci\u00f3n se puede apostillar por la Haya para cualquier pa\u00eds firmante del convenio de la Haya.<\/p>\n<p>Se puede pagar a plazos.<\/p>\n<p>Carga horaria de la formaci\u00f3n: 300h<\/p>\n<p>&nbsp;<\/p>\n<h2>Temario<\/h2>\n<hr \/>\n<p>UNIDAD DID\u00c1CTICA 1. ORIENTACI\u00d3N SEXUAL E IDENTIDAD DE G\u00c9NERO<\/p>\n<p>Desarrollo sexual de la persona<\/p>\n<p>Sexualidad y adolescencia<\/p>\n<p>Sexualidad adulta<\/p>\n<p>Sexualidad en la vejez<\/p>\n<p>Sexualidad y discapacidad<\/p>\n<p>La importancia de la diversidad sexual<\/p>\n<p>&#8211; Diferentes conceptos de la identidad de g\u00e9nero<\/p>\n<p>&#8211; Diferentes conceptos de la orientaci\u00f3n sexual<\/p>\n<p>Sexo y g\u00e9nero<\/p>\n<p>Roles y estereotipos de g\u00e9nero<\/p>\n<p>Machismo y Misoginia VS Hembrismo y Misandria<\/p>\n<p>Feminismo<\/p>\n<p>Masculinismo o nueva masculinidad<\/p>\n<p>Movimiento transg\u00e9nero y feminismo<\/p>\n<p>Bisexualidad<\/p>\n<p>UNIDAD DID\u00c1CTICA 2. TEOR\u00cdA QUEER<\/p>\n<p>Teor\u00eda Queer<\/p>\n<p>&#8211; Adjetivo Queer: significado y repercusiones<\/p>\n<p>Judith Butler como principal autora<\/p>\n<p>G\u00e9nero en disputa. Feminismo y la subversi\u00f3n de la identidad<\/p>\n<p>&#8211; Cuerpos que importan. El l\u00edmite discursivo del sexo<\/p>\n<p>Julia Kristeva y su teor\u00eda semi\u00f3tica<\/p>\n<p>Michel Foucault y la discontinuidad sexual<\/p>\n<p>Heterosexualidad, heteronormatividad y heteropatriarcado<\/p>\n<p>Concepto de \u201cg\u00e9nero\u201d<\/p>\n<p>Identidad Queer: autodesignaci\u00f3n de la identidad<\/p>\n<p>UNIDAD DID\u00c1CTICA 3. ASPECTOS JUR\u00cdDICOS ANTE LA DIVERSIDAD DE G\u00c9NERO<\/p>\n<p>Las Pol\u00edticas P\u00fablicas y las sociedades igualitarias<\/p>\n<p>Las Naciones Unidas y los derechos en diversidad de g\u00e9nero<\/p>\n<p>&#8211; Obligaciones de los estados con respecto a la protecci\u00f3n de los derechos humanos en diversidad de g\u00e9nero<\/p>\n<p>Situaci\u00f3n actual de la legislaci\u00f3n sobre derechos LGBT en el mundo<\/p>\n<p>Legislaci\u00f3n LGTB estatal y auton\u00f3mica<\/p>\n<p>&#8211; Legislaci\u00f3n a nivel estatal<\/p>\n<p>&#8211; Legislaci\u00f3n auton\u00f3mica<\/p>\n<p>Delitos de odio en homofobia, transfobia y bifobia<\/p>\n<p>&#8211; \u00bfC\u00f3mo identificar que se trata de un delito de odio?<\/p>\n<p>&#8211; Delitos del c\u00f3digo penal que pueden ser delito de odio<\/p>\n<p>&#8211; Diferencia entre delito de odio e incidencia. Incidencias denunciables<\/p>\n<p>&#8211; Formas de denuncia<\/p>\n<p>UNIDAD DID\u00c1CTICA 4. DIVERSIDAD DE G\u00c9NERO EN LA INFANCIA Y ADOLESCENCIA<\/p>\n<p>La diversidad sexual en la infancia<\/p>\n<p>El desarrollo de la identidad de g\u00e9nero en los ni\u00f1os<\/p>\n<p>&#8211; Actuaci\u00f3n de los padres<\/p>\n<p>&#8211; Expresi\u00f3n de la identidad de g\u00e9nero en los ni\u00f1os<\/p>\n<p>Identidad de g\u00e9nero en la adolescencia<\/p>\n<p>Desarrollo de la identidad durante la adolescencia<\/p>\n<p>&#8211; Teor\u00eda de la identidad durante la adolescencia<\/p>\n<p>UNIDAD DID\u00c1CTICA 5.TEOR\u00cdA DE CONJUNTOS DIFUSOS DE SEXOG\u00c9NERO<\/p>\n<p>Fundamento de la teor\u00eda<\/p>\n<p>Fundamentos matem\u00e1ticos<\/p>\n<p>Fundamentos biol\u00f3gicos<\/p>\n<p>Conjuntos difusos de sexog\u00e9nero<\/p>\n<p>\u00c9tica racional e intertransexualidad<\/p>\n<p>&#8211; Intertransexualidad<\/p>\n<p>&#8211; Intersexualidad<\/p>\n<p>&#8211; Sexo y genitales en la intersexualidad<\/p>\n<p>UNIDAD DID\u00c1CTICA 6. FAMILIAS HOMOPARENTALES<\/p>\n<p>Tipos de familia<\/p>\n<p>Nuevas familias<\/p>\n<p>Valores dentro del sistema familiar<\/p>\n<p>&#8211; La educaci\u00f3n de los valores en la familia<\/p>\n<p>&#8211; La familia y los sistemas integradores de la personalidad<\/p>\n<p>&#8211; Los valores en las familias monoparentales<\/p>\n<p>Formas de acceso a la maternidad o paternidad<\/p>\n<p>&#8211; El g\u00e9nero, el sexo y la orientaci\u00f3n sexual.<\/p>\n<p>Las familias homosexuales<\/p>\n<p>&#8211; Familia, maternidad y homosexualidad<\/p>\n<p>La familia homoparental en la realidad y la diversidad familiar actual<\/p>\n<p><em><strong>Experta\/o en Orientaci\u00f3n Sexual e Identidad de G\u00e9nero<\/strong><\/em><\/p>\n<hr \/>\n","protected":false},"excerpt":{"rendered":"<p><a href=\"https:\/\/centro-cee.com\/web\/formaciones\/\">Atr\u00e1s<\/a><\/p>\n<p>F\u00f3rmate como Experta\/o en Orientaci\u00f3n Sexual e Identidad de G\u00e9nero con esta formaci\u00f3n online integral. Aprende a comprender, acompa\u00f1ar y promover la diversidad desde un enfoque profesional, \u00e9tico y actualizado.<\/p>\n<p>Curso 100% online, con acceso flexible, certificado acreditativo y contenidos adaptados a contextos reales.<\/p>\n<p>Ideal para profesionales del \u00e1mbito educativo, social, sanitario y cualquier persona comprometida con la inclusi\u00f3n.<\/p>\n","protected":false},"featured_media":1951,"comment_status":"closed","ping_status":"closed","template":"","meta":[],"product_brand":[],"product_cat":[34],"product_tag":[1879,1881,1877,1874,1876,1875,1873,1880,1878,1872],"class_list":{"0":"post-1950","1":"product","2":"type-product","3":"status-publish","4":"has-post-thumbnail","6":"product_cat-tecnicos","7":"product_tag-asesoramiento-en-identidad-de-genero","8":"product_tag-capacitacion-en-diversidad","9":"product_tag-derechos-lgbtq","10":"product_tag-diversidad-lgbtq","11":"product_tag-educacion-sexual","12":"product_tag-formacion-en-genero","13":"product_tag-identidad-de-genero","14":"product_tag-igualdad-de-genero","15":"product_tag-inclusion-y-diversidad","16":"product_tag-orientacion-sexual","18":"first","19":"instock","20":"sale","21":"shipping-taxable","22":"purchasable","23":"product-type-simple"},"yoast_head":"<!-- This site is optimized with the Yoast SEO plugin v27.4 - https:\/\/yoast.com\/product\/yoast-seo-wordpress\/ -->\n<title>Experta\/o en Orientaci\u00f3n Sexual e Identidad de G\u00e9nero<\/title>\n<meta name=\"description\" content=\"Desarrolla tus habilidades y mejora tus conocimientos con nuestra formaci\u00f3n de Experta\/o en Orientaci\u00f3n Sexual e Identidad de G\u00e9nero\" \/>\n<meta name=\"robots\" content=\"index, follow, max-snippet:-1, max-image-preview:large, max-video-preview:-1\" \/>\n<link rel=\"canonical\" href=\"https:\/\/centro-cee.com\/web\/producto\/experta-o-en-orientacion-sexual-e-identidad-de-genero\/\" \/>\n<meta property=\"og:locale\" content=\"es_ES\" \/>\n<meta property=\"og:type\" content=\"article\" \/>\n<meta property=\"og:title\" content=\"Experta\/o en Orientaci\u00f3n Sexual e Identidad de G\u00e9nero\" \/>\n<meta property=\"og:description\" content=\"Desarrolla tus habilidades y mejora tus conocimientos con nuestra formaci\u00f3n de Experta\/o en Orientaci\u00f3n Sexual e Identidad de G\u00e9nero\" \/>\n<meta property=\"og:url\" content=\"https:\/\/centro-cee.com\/web\/producto\/experta-o-en-orientacion-sexual-e-identidad-de-genero\/\" \/>\n<meta property=\"og:site_name\" content=\"CEE Centro Europeo E-learning - Cursos online\" \/>\n<meta property=\"article:modified_time\" content=\"2025-03-27T12:21:24+00:00\" \/>\n<meta property=\"og:image\" content=\"https:\/\/centro-cee.com\/web\/wp-content\/uploads\/2025\/01\/diferencia-orientacion-sexual-identidad-genero.jpg\" \/>\n\t<meta property=\"og:image:width\" content=\"900\" \/>\n\t<meta property=\"og:image:height\" content=\"490\" \/>\n\t<meta property=\"og:image:type\" content=\"image\/jpeg\" \/>\n<meta name=\"twitter:card\" content=\"summary_large_image\" \/>\n<meta name=\"twitter:label1\" content=\"Tiempo de lectura\" \/>\n\t<meta name=\"twitter:data1\" content=\"3 minutos\" \/>\n<script type=\"application\/ld+json\" class=\"yoast-schema-graph\">{\"@context\":\"https:\\\/\\\/schema.org\",\"@graph\":[{\"@type\":\"WebPage\",\"@id\":\"https:\\\/\\\/centro-cee.com\\\/web\\\/producto\\\/experta-o-en-orientacion-sexual-e-identidad-de-genero\\\/\",\"url\":\"https:\\\/\\\/centro-cee.com\\\/web\\\/producto\\\/experta-o-en-orientacion-sexual-e-identidad-de-genero\\\/\",\"name\":\"Experta\\\/o en Orientaci\u00f3n Sexual e Identidad de G\u00e9nero\",\"isPartOf\":{\"@id\":\"https:\\\/\\\/centro-cee.com\\\/web\\\/#website\"},\"primaryImageOfPage\":{\"@id\":\"https:\\\/\\\/centro-cee.com\\\/web\\\/producto\\\/experta-o-en-orientacion-sexual-e-identidad-de-genero\\\/#primaryimage\"},\"image\":{\"@id\":\"https:\\\/\\\/centro-cee.com\\\/web\\\/producto\\\/experta-o-en-orientacion-sexual-e-identidad-de-genero\\\/#primaryimage\"},\"thumbnailUrl\":\"https:\\\/\\\/centro-cee.com\\\/web\\\/wp-content\\\/uploads\\\/2025\\\/01\\\/diferencia-orientacion-sexual-identidad-genero.jpg\",\"datePublished\":\"2025-01-23T13:22:47+00:00\",\"dateModified\":\"2025-03-27T12:21:24+00:00\",\"description\":\"Desarrolla tus habilidades y mejora tus conocimientos con nuestra formaci\u00f3n de Experta\\\/o en Orientaci\u00f3n Sexual e Identidad de G\u00e9nero\",\"breadcrumb\":{\"@id\":\"https:\\\/\\\/centro-cee.com\\\/web\\\/producto\\\/experta-o-en-orientacion-sexual-e-identidad-de-genero\\\/#breadcrumb\"},\"inLanguage\":\"es\",\"potentialAction\":[{\"@type\":\"ReadAction\",\"target\":[\"https:\\\/\\\/centro-cee.com\\\/web\\\/producto\\\/experta-o-en-orientacion-sexual-e-identidad-de-genero\\\/\"]}]},{\"@type\":\"ImageObject\",\"inLanguage\":\"es\",\"@id\":\"https:\\\/\\\/centro-cee.com\\\/web\\\/producto\\\/experta-o-en-orientacion-sexual-e-identidad-de-genero\\\/#primaryimage\",\"url\":\"https:\\\/\\\/centro-cee.com\\\/web\\\/wp-content\\\/uploads\\\/2025\\\/01\\\/diferencia-orientacion-sexual-identidad-genero.jpg\",\"contentUrl\":\"https:\\\/\\\/centro-cee.com\\\/web\\\/wp-content\\\/uploads\\\/2025\\\/01\\\/diferencia-orientacion-sexual-identidad-genero.jpg\",\"width\":900,\"height\":490,\"caption\":\"Experta\\\/o en Orientaci\u00f3n Sexual e Identidad de G\u00e9nero\"},{\"@type\":\"BreadcrumbList\",\"@id\":\"https:\\\/\\\/centro-cee.com\\\/web\\\/producto\\\/experta-o-en-orientacion-sexual-e-identidad-de-genero\\\/#breadcrumb\",\"itemListElement\":[{\"@type\":\"ListItem\",\"position\":1,\"name\":\"Portada\",\"item\":\"https:\\\/\\\/centro-cee.com\\\/web\\\/\"},{\"@type\":\"ListItem\",\"position\":2,\"name\":\"Experta\\\/o en Orientaci\u00f3n Sexual e Identidad de G\u00e9nero\"}]},{\"@type\":\"WebSite\",\"@id\":\"https:\\\/\\\/centro-cee.com\\\/web\\\/#website\",\"url\":\"https:\\\/\\\/centro-cee.com\\\/web\\\/\",\"name\":\"Centro Europeo E-learning\",\"description\":\"CEE Formaci\u00f3n Online\",\"publisher\":{\"@id\":\"https:\\\/\\\/centro-cee.com\\\/web\\\/#organization\"},\"alternateName\":\"Centro Online de Formaci\u00f3n\",\"potentialAction\":[{\"@type\":\"SearchAction\",\"target\":{\"@type\":\"EntryPoint\",\"urlTemplate\":\"https:\\\/\\\/centro-cee.com\\\/web\\\/?s={search_term_string}\"},\"query-input\":{\"@type\":\"PropertyValueSpecification\",\"valueRequired\":true,\"valueName\":\"search_term_string\"}}],\"inLanguage\":\"es\"},{\"@type\":\"Organization\",\"@id\":\"https:\\\/\\\/centro-cee.com\\\/web\\\/#organization\",\"name\":\"Centro Europeo E-learning CEE\",\"url\":\"https:\\\/\\\/centro-cee.com\\\/web\\\/\",\"logo\":{\"@type\":\"ImageObject\",\"inLanguage\":\"es\",\"@id\":\"https:\\\/\\\/centro-cee.com\\\/web\\\/#\\\/schema\\\/logo\\\/image\\\/\",\"url\":\"https:\\\/\\\/centro-cee.com\\\/web\\\/wp-content\\\/uploads\\\/2022\\\/12\\\/cropped-logo_educa.png\",\"contentUrl\":\"https:\\\/\\\/centro-cee.com\\\/web\\\/wp-content\\\/uploads\\\/2022\\\/12\\\/cropped-logo_educa.png\",\"width\":157,\"height\":63,\"caption\":\"Centro Europeo E-learning CEE\"},\"image\":{\"@id\":\"https:\\\/\\\/centro-cee.com\\\/web\\\/#\\\/schema\\\/logo\\\/image\\\/\"},\"sameAs\":[\"https:\\\/\\\/www.instagram.com\\\/centroeuropeo_cee\"]}]}<\/script>\n<!-- \/ Yoast SEO plugin. -->","yoast_head_json":{"title":"Experta\/o en Orientaci\u00f3n Sexual e Identidad de G\u00e9nero","description":"Desarrolla tus habilidades y mejora tus conocimientos con nuestra formaci\u00f3n de Experta\/o en Orientaci\u00f3n Sexual e Identidad de G\u00e9nero","robots":{"index":"index","follow":"follow","max-snippet":"max-snippet:-1","max-image-preview":"max-image-preview:large","max-video-preview":"max-video-preview:-1"},"canonical":"https:\/\/centro-cee.com\/web\/producto\/experta-o-en-orientacion-sexual-e-identidad-de-genero\/","og_locale":"es_ES","og_type":"article","og_title":"Experta\/o en Orientaci\u00f3n Sexual e Identidad de G\u00e9nero","og_description":"Desarrolla tus habilidades y mejora tus conocimientos con nuestra formaci\u00f3n de Experta\/o en Orientaci\u00f3n Sexual e Identidad de G\u00e9nero","og_url":"https:\/\/centro-cee.com\/web\/producto\/experta-o-en-orientacion-sexual-e-identidad-de-genero\/","og_site_name":"CEE Centro Europeo E-learning - Cursos online","article_modified_time":"2025-03-27T12:21:24+00:00","og_image":[{"width":900,"height":490,"url":"https:\/\/centro-cee.com\/web\/wp-content\/uploads\/2025\/01\/diferencia-orientacion-sexual-identidad-genero.jpg","type":"image\/jpeg"}],"twitter_card":"summary_large_image","twitter_misc":{"Tiempo de lectura":"3 minutos"},"schema":{"@context":"https:\/\/schema.org","@graph":[{"@type":"WebPage","@id":"https:\/\/centro-cee.com\/web\/producto\/experta-o-en-orientacion-sexual-e-identidad-de-genero\/","url":"https:\/\/centro-cee.com\/web\/producto\/experta-o-en-orientacion-sexual-e-identidad-de-genero\/","name":"Experta\/o en Orientaci\u00f3n Sexual e Identidad de G\u00e9nero","isPartOf":{"@id":"https:\/\/centro-cee.com\/web\/#website"},"primaryImageOfPage":{"@id":"https:\/\/centro-cee.com\/web\/producto\/experta-o-en-orientacion-sexual-e-identidad-de-genero\/#primaryimage"},"image":{"@id":"https:\/\/centro-cee.com\/web\/producto\/experta-o-en-orientacion-sexual-e-identidad-de-genero\/#primaryimage"},"thumbnailUrl":"https:\/\/centro-cee.com\/web\/wp-content\/uploads\/2025\/01\/diferencia-orientacion-sexual-identidad-genero.jpg","datePublished":"2025-01-23T13:22:47+00:00","dateModified":"2025-03-27T12:21:24+00:00","description":"Desarrolla tus habilidades y mejora tus conocimientos con nuestra formaci\u00f3n de Experta\/o en Orientaci\u00f3n Sexual e Identidad de G\u00e9nero","breadcrumb":{"@id":"https:\/\/centro-cee.com\/web\/producto\/experta-o-en-orientacion-sexual-e-identidad-de-genero\/#breadcrumb"},"inLanguage":"es","potentialAction":[{"@type":"ReadAction","target":["https:\/\/centro-cee.com\/web\/producto\/experta-o-en-orientacion-sexual-e-identidad-de-genero\/"]}]},{"@type":"ImageObject","inLanguage":"es","@id":"https:\/\/centro-cee.com\/web\/producto\/experta-o-en-orientacion-sexual-e-identidad-de-genero\/#primaryimage","url":"https:\/\/centro-cee.com\/web\/wp-content\/uploads\/2025\/01\/diferencia-orientacion-sexual-identidad-genero.jpg","contentUrl":"https:\/\/centro-cee.com\/web\/wp-content\/uploads\/2025\/01\/diferencia-orientacion-sexual-identidad-genero.jpg","width":900,"height":490,"caption":"Experta\/o en Orientaci\u00f3n Sexual e Identidad de G\u00e9nero"},{"@type":"BreadcrumbList","@id":"https:\/\/centro-cee.com\/web\/producto\/experta-o-en-orientacion-sexual-e-identidad-de-genero\/#breadcrumb","itemListElement":[{"@type":"ListItem","position":1,"name":"Portada","item":"https:\/\/centro-cee.com\/web\/"},{"@type":"ListItem","position":2,"name":"Experta\/o en Orientaci\u00f3n Sexual e Identidad de G\u00e9nero"}]},{"@type":"WebSite","@id":"https:\/\/centro-cee.com\/web\/#website","url":"https:\/\/centro-cee.com\/web\/","name":"Centro Europeo E-learning","description":"CEE Formaci\u00f3n Online","publisher":{"@id":"https:\/\/centro-cee.com\/web\/#organization"},"alternateName":"Centro Online de Formaci\u00f3n","potentialAction":[{"@type":"SearchAction","target":{"@type":"EntryPoint","urlTemplate":"https:\/\/centro-cee.com\/web\/?s={search_term_string}"},"query-input":{"@type":"PropertyValueSpecification","valueRequired":true,"valueName":"search_term_string"}}],"inLanguage":"es"},{"@type":"Organization","@id":"https:\/\/centro-cee.com\/web\/#organization","name":"Centro Europeo E-learning CEE","url":"https:\/\/centro-cee.com\/web\/","logo":{"@type":"ImageObject","inLanguage":"es","@id":"https:\/\/centro-cee.com\/web\/#\/schema\/logo\/image\/","url":"https:\/\/centro-cee.com\/web\/wp-content\/uploads\/2022\/12\/cropped-logo_educa.png","contentUrl":"https:\/\/centro-cee.com\/web\/wp-content\/uploads\/2022\/12\/cropped-logo_educa.png","width":157,"height":63,"caption":"Centro Europeo E-learning CEE"},"image":{"@id":"https:\/\/centro-cee.com\/web\/#\/schema\/logo\/image\/"},"sameAs":["https:\/\/www.instagram.com\/centroeuropeo_cee"]}]}},"_links":{"self":[{"href":"https:\/\/centro-cee.com\/web\/wp-json\/wp\/v2\/product\/1950","targetHints":{"allow":["GET"]}}],"collection":[{"href":"https:\/\/centro-cee.com\/web\/wp-json\/wp\/v2\/product"}],"about":[{"href":"https:\/\/centro-cee.com\/web\/wp-json\/wp\/v2\/types\/product"}],"replies":[{"embeddable":true,"href":"https:\/\/centro-cee.com\/web\/wp-json\/wp\/v2\/comments?post=1950"}],"wp:featuredmedia":[{"embeddable":true,"href":"https:\/\/centro-cee.com\/web\/wp-json\/wp\/v2\/media\/1951"}],"wp:attachment":[{"href":"https:\/\/centro-cee.com\/web\/wp-json\/wp\/v2\/media?parent=1950"}],"wp:term":[{"taxonomy":"product_brand","embeddable":true,"href":"https:\/\/centro-cee.com\/web\/wp-json\/wp\/v2\/product_brand?post=1950"},{"taxonomy":"product_cat","embeddable":true,"href":"https:\/\/centro-cee.com\/web\/wp-json\/wp\/v2\/product_cat?post=1950"},{"taxonomy":"product_tag","embeddable":true,"href":"https:\/\/centro-cee.com\/web\/wp-json\/wp\/v2\/product_tag?post=1950"}],"curies":[{"name":"wp","href":"https:\/\/api.w.org\/{rel}","templated":true}]}}