{"id":1948,"date":"2025-01-23T12:46:25","date_gmt":"2025-01-23T12:46:25","guid":{"rendered":"https:\/\/centro-cee.com\/web\/?post_type=product&#038;p=1948"},"modified":"2026-03-13T17:08:49","modified_gmt":"2026-03-13T17:08:49","slug":"master-en-trading-con-criptomonedas","status":"publish","type":"product","link":"https:\/\/centro-cee.com\/web\/producto\/master-en-trading-con-criptomonedas\/","title":{"rendered":"M\u00e1ster en Trading con Criptomonedas"},"content":{"rendered":"<p><a href=\"https:\/\/centro-cee.com\/web\/formaciones\/\">Atr\u00e1s<\/a><\/p>\n<p><em><strong>M\u00e1ster en Trading con Criptomonedas<\/strong><\/em><\/p>\n<p>Toda esta informaci\u00f3n se realiza 100% online en nuestro campus online de formaci\u00f3n.<\/p>\n<p>Las tutor\u00edas se realizan directamente desde el campus de estudio con la opci\u00f3n de mensajer\u00eda a profesores. Las tutorias son \u201ca demanda\u201d, cuando necesites soporte nos lo pides.<\/p>\n<p>Los t\u00edtulos de Centro CEE est\u00e1n autenticados por la firma de notario que valida contenidos y autenticidad a nivel internacional. Nuestra organizaci\u00f3n pertenece a la Asociaci\u00f3n Espa\u00f1ola de Calidad, organizaci\u00f3n Espa\u00f1ola de referencia para la calidad\u00a0en la formaci\u00f3n de auxiliar de enfermer\u00eda. La certificaci\u00f3n se puede apostillar por la Haya para cualquier pa\u00eds firmante del convenio de la Haya.<\/p>\n<p>Se puede pagar a plazos.<\/p>\n<p>Carga horaria de la formaci\u00f3n: 300h<\/p>\n<p>&nbsp;<\/p>\n<h2>Temario<\/h2>\n<hr \/>\n<p>UNIDAD DID\u00c1CTICA 1. TEOR\u00cdA B\u00c1SICA DE CRIPTOMONEDAS<\/p>\n<p>Introducci\u00f3n<\/p>\n<p>Caracter\u00edsticas y funcionamiento<\/p>\n<p>\u00bfQui\u00e9n controla las criptodivisas?<\/p>\n<p>Pros y Contras de la Desregulaci\u00f3n<\/p>\n<p>Blockchain<\/p>\n<p>Coyuntura econ\u00f3mica previa a la criptomoneda<\/p>\n<p>Regulaci\u00f3n Actual<\/p>\n<p>UNIDAD DID\u00c1CTICA 2. CRIPTOMONEDAS<\/p>\n<p>Ethereum<\/p>\n<p>Ether<\/p>\n<p>Bitcoin<\/p>\n<p>Otros<\/p>\n<p>Hyperledger<\/p>\n<p>Alastria<\/p>\n<p>UNIDAD DID\u00c1CTICA 3. MONITOREO DE CRIPTOMONEDA<\/p>\n<p>Introducci\u00f3n<\/p>\n<p>Herramientas de gr\u00e1ficos<\/p>\n<p>Tracking Trades o Rastreadores<\/p>\n<p>Herramientas para estudios de mercado<\/p>\n<p>Agregadores de noticias<\/p>\n<p>Exploradores de bloque<\/p>\n<p>Herramientas de miner\u00eda<\/p>\n<p>Estad\u00edsticas de la red<\/p>\n<p>Rastreador de transacciones<\/p>\n<p>Varios<\/p>\n<p>UNIDAD DID\u00c1CTICA 4. ALMACENAMIENTO DE CRIPTOMONEDAS<\/p>\n<p>Introducci\u00f3n<\/p>\n<p>Funcionamiento del Monedero<\/p>\n<p>Tipos de Monederos<\/p>\n<p>UNIDAD DID\u00c1CTICA 5. EXCHANGES: COMPRA, VENTA E INTERCAMBIO DE CRIPTOMONEDAS<\/p>\n<p>C\u00f3mo comprar, vender y operar criptomonedas<\/p>\n<p>Exchange<\/p>\n<p>Wallets<\/p>\n<p>Exchanges centralizadas<\/p>\n<p>Exchanges descentralizados<\/p>\n<p>Otros Echanges<\/p>\n<p>UNIDAD DID\u00c1CTICA 6. MINER\u00cdA DE CRIPTOMONEDAS<\/p>\n<p>\u00bfQu\u00e9 es la miner\u00eda de criptomonedas?<\/p>\n<p>Requisitos para la miner\u00eda de Criptomonedas<\/p>\n<p>Fases en la Miner\u00eda<\/p>\n<p>Tipos de Miner\u00eda existentes<\/p>\n<p>Proceso de minado y recompensas de las Criptomonedas<\/p>\n<p>UNIDAD DID\u00c1CTICA 7. TRADING: CONCEPTOS B\u00c1SICOS<\/p>\n<p>Br\u00f3ker vs Trader<\/p>\n<p>Niveles<\/p>\n<p>\u00d3rdenes<\/p>\n<p>An\u00e1lisis Gr\u00e1fico de Valores<\/p>\n<p>An\u00e1lisis T\u00e9cnico de Valores<\/p>\n<p>Psicotrading<\/p>\n<p>Scalping<\/p>\n<p>Etapas del mercado burs\u00e1til<\/p>\n<p>Brechas<\/p>\n<p>El soporte b\u00e1sico del mercado<\/p>\n<p>UNIDAD DID\u00c1CTICA 8. TRADING: INDICADORES T\u00c9CNICOS Y ESTRATEGIAS<\/p>\n<p>Figuras de continuaci\u00f3n de tendencia<\/p>\n<p>Figuras de Cambio de Tendencia<\/p>\n<p>Otras Figuras<\/p>\n<p>An\u00e1lisis de Patrones Chartistas<\/p>\n<p>UNIDAD DID\u00c1CTICA 9. INTRODUCCI\u00d3N A TRADINGVIEW<\/p>\n<p>Tradingview<\/p>\n<p>Registro en TradingView<\/p>\n<p>Utilizaci\u00f3n de TradingView<\/p>\n<p>UNIDAD DID\u00c1CTICA 10. ENTORNOS PRINCIPALES DE TRADINGVIEW<\/p>\n<p>Panel cotizaciones<\/p>\n<p>Indicadores t\u00e9cnicos<\/p>\n<p>Control, seguimiento y buscadores<\/p>\n<p>Otras Herramientas<\/p>\n<p><em><strong>M\u00e1ster en Trading con Criptomonedas<\/strong><\/em><\/p>\n<hr \/>\n","protected":false},"excerpt":{"rendered":"<p><a href=\"https:\/\/centro-cee.com\/web\/formaciones\/\">Atr\u00e1s<\/a><\/p>\n<p>Domina el mundo de las criptomonedas con este M\u00e1ster en Trading. Aprende estrategias avanzadas de inversi\u00f3n, an\u00e1lisis t\u00e9cnico, gesti\u00f3n del riesgo y herramientas de trading profesional. Formaci\u00f3n 100% online, con acceso ilimitado, certificado al finalizar y contenidos siempre actualizados.<\/p>\n<p>Ideal para quienes quieren operar con confianza en el mercado cripto, desde nivel intermedio hasta experto.<\/p>\n","protected":false},"featured_media":1949,"comment_status":"closed","ping_status":"closed","template":"","meta":[],"product_brand":[],"product_cat":[2050,17],"product_tag":[1862,1868,1871,1863,1869,1866,1867,1864,1870,1865],"class_list":{"0":"post-1948","1":"product","2":"type-product","3":"status-publish","4":"has-post-thumbnail","6":"product_cat-cursos-online-empresa","7":"product_cat-master","8":"product_tag-acoso-escolar","9":"product_tag-apoyo-psicologico-en-la-escuela","10":"product_tag-bienestar-emocional-en-la-educacion","11":"product_tag-bullying-y-educacion","12":"product_tag-estrategias-contra-el-bullying","13":"product_tag-experto-en-convivencia-escolar","14":"product_tag-formacion-en-manejo-del-estres","15":"product_tag-gestion-del-estres-en-el-aula","16":"product_tag-intervencion-en-conflictos-escolares","17":"product_tag-prevencion-del-acoso-escolar","19":"first","20":"instock","21":"sale","22":"shipping-taxable","23":"purchasable","24":"product-type-simple"},"yoast_head":"<!-- This site is optimized with the Yoast SEO plugin v27.5 - https:\/\/yoast.com\/product\/yoast-seo-wordpress\/ -->\n<title>M\u00e1ster en Trading con Criptomonedas<\/title>\n<meta name=\"description\" content=\"Desarrolla tus habilidades y mejora tus conocimientos con nuestra formaci\u00f3n de M\u00e1ster en Trading con Criptomonedas\" \/>\n<meta name=\"robots\" content=\"index, follow, max-snippet:-1, max-image-preview:large, max-video-preview:-1\" \/>\n<link rel=\"canonical\" href=\"https:\/\/centro-cee.com\/web\/producto\/master-en-trading-con-criptomonedas\/\" \/>\n<meta property=\"og:locale\" content=\"es_ES\" \/>\n<meta property=\"og:type\" content=\"article\" \/>\n<meta property=\"og:title\" content=\"M\u00e1ster en Trading con Criptomonedas\" \/>\n<meta property=\"og:description\" content=\"Desarrolla tus habilidades y mejora tus conocimientos con nuestra formaci\u00f3n de M\u00e1ster en Trading con Criptomonedas\" \/>\n<meta property=\"og:url\" content=\"https:\/\/centro-cee.com\/web\/producto\/master-en-trading-con-criptomonedas\/\" \/>\n<meta property=\"og:site_name\" content=\"CEE Centro Europeo E-learning - Cursos online\" \/>\n<meta property=\"article:modified_time\" content=\"2026-03-13T17:08:49+00:00\" \/>\n<meta property=\"og:image\" content=\"https:\/\/centro-cee.com\/web\/wp-content\/uploads\/2025\/01\/mejor-master-trading-criptomonedas.webp\" \/>\n\t<meta property=\"og:image:width\" content=\"1280\" \/>\n\t<meta property=\"og:image:height\" content=\"720\" \/>\n\t<meta property=\"og:image:type\" content=\"image\/webp\" \/>\n<meta name=\"twitter:card\" content=\"summary_large_image\" \/>\n<meta name=\"twitter:label1\" content=\"Tiempo de lectura\" \/>\n\t<meta name=\"twitter:data1\" content=\"2 minutos\" \/>\n<script type=\"application\/ld+json\" class=\"yoast-schema-graph\">{\"@context\":\"https:\\\/\\\/schema.org\",\"@graph\":[{\"@type\":\"WebPage\",\"@id\":\"https:\\\/\\\/centro-cee.com\\\/web\\\/producto\\\/master-en-trading-con-criptomonedas\\\/\",\"url\":\"https:\\\/\\\/centro-cee.com\\\/web\\\/producto\\\/master-en-trading-con-criptomonedas\\\/\",\"name\":\"M\u00e1ster en Trading con Criptomonedas\",\"isPartOf\":{\"@id\":\"https:\\\/\\\/centro-cee.com\\\/web\\\/#website\"},\"primaryImageOfPage\":{\"@id\":\"https:\\\/\\\/centro-cee.com\\\/web\\\/producto\\\/master-en-trading-con-criptomonedas\\\/#primaryimage\"},\"image\":{\"@id\":\"https:\\\/\\\/centro-cee.com\\\/web\\\/producto\\\/master-en-trading-con-criptomonedas\\\/#primaryimage\"},\"thumbnailUrl\":\"https:\\\/\\\/centro-cee.com\\\/web\\\/wp-content\\\/uploads\\\/2025\\\/01\\\/mejor-master-trading-criptomonedas.webp\",\"datePublished\":\"2025-01-23T12:46:25+00:00\",\"dateModified\":\"2026-03-13T17:08:49+00:00\",\"description\":\"Desarrolla tus habilidades y mejora tus conocimientos con nuestra formaci\u00f3n de M\u00e1ster en Trading con Criptomonedas\",\"breadcrumb\":{\"@id\":\"https:\\\/\\\/centro-cee.com\\\/web\\\/producto\\\/master-en-trading-con-criptomonedas\\\/#breadcrumb\"},\"inLanguage\":\"es\",\"potentialAction\":[{\"@type\":\"ReadAction\",\"target\":[\"https:\\\/\\\/centro-cee.com\\\/web\\\/producto\\\/master-en-trading-con-criptomonedas\\\/\"]}]},{\"@type\":\"ImageObject\",\"inLanguage\":\"es\",\"@id\":\"https:\\\/\\\/centro-cee.com\\\/web\\\/producto\\\/master-en-trading-con-criptomonedas\\\/#primaryimage\",\"url\":\"https:\\\/\\\/centro-cee.com\\\/web\\\/wp-content\\\/uploads\\\/2025\\\/01\\\/mejor-master-trading-criptomonedas.webp\",\"contentUrl\":\"https:\\\/\\\/centro-cee.com\\\/web\\\/wp-content\\\/uploads\\\/2025\\\/01\\\/mejor-master-trading-criptomonedas.webp\",\"width\":1280,\"height\":720,\"caption\":\"M\u00e1ster en Trading con Criptomonedas\"},{\"@type\":\"BreadcrumbList\",\"@id\":\"https:\\\/\\\/centro-cee.com\\\/web\\\/producto\\\/master-en-trading-con-criptomonedas\\\/#breadcrumb\",\"itemListElement\":[{\"@type\":\"ListItem\",\"position\":1,\"name\":\"Portada\",\"item\":\"https:\\\/\\\/centro-cee.com\\\/web\\\/\"},{\"@type\":\"ListItem\",\"position\":2,\"name\":\"M\u00e1ster en Trading con Criptomonedas\"}]},{\"@type\":\"WebSite\",\"@id\":\"https:\\\/\\\/centro-cee.com\\\/web\\\/#website\",\"url\":\"https:\\\/\\\/centro-cee.com\\\/web\\\/\",\"name\":\"Centro Europeo E-learning\",\"description\":\"CEE Formaci\u00f3n Online\",\"publisher\":{\"@id\":\"https:\\\/\\\/centro-cee.com\\\/web\\\/#organization\"},\"alternateName\":\"Centro Online de Formaci\u00f3n\",\"potentialAction\":[{\"@type\":\"SearchAction\",\"target\":{\"@type\":\"EntryPoint\",\"urlTemplate\":\"https:\\\/\\\/centro-cee.com\\\/web\\\/?s={search_term_string}\"},\"query-input\":{\"@type\":\"PropertyValueSpecification\",\"valueRequired\":true,\"valueName\":\"search_term_string\"}}],\"inLanguage\":\"es\"},{\"@type\":\"Organization\",\"@id\":\"https:\\\/\\\/centro-cee.com\\\/web\\\/#organization\",\"name\":\"Centro Europeo E-learning CEE\",\"url\":\"https:\\\/\\\/centro-cee.com\\\/web\\\/\",\"logo\":{\"@type\":\"ImageObject\",\"inLanguage\":\"es\",\"@id\":\"https:\\\/\\\/centro-cee.com\\\/web\\\/#\\\/schema\\\/logo\\\/image\\\/\",\"url\":\"https:\\\/\\\/centro-cee.com\\\/web\\\/wp-content\\\/uploads\\\/2022\\\/12\\\/cropped-logo_educa.png\",\"contentUrl\":\"https:\\\/\\\/centro-cee.com\\\/web\\\/wp-content\\\/uploads\\\/2022\\\/12\\\/cropped-logo_educa.png\",\"width\":157,\"height\":63,\"caption\":\"Centro Europeo E-learning CEE\"},\"image\":{\"@id\":\"https:\\\/\\\/centro-cee.com\\\/web\\\/#\\\/schema\\\/logo\\\/image\\\/\"},\"sameAs\":[\"https:\\\/\\\/www.instagram.com\\\/centroeuropeo_cee\"]}]}<\/script>\n<!-- \/ Yoast SEO plugin. -->","yoast_head_json":{"title":"M\u00e1ster en Trading con Criptomonedas","description":"Desarrolla tus habilidades y mejora tus conocimientos con nuestra formaci\u00f3n de M\u00e1ster en Trading con Criptomonedas","robots":{"index":"index","follow":"follow","max-snippet":"max-snippet:-1","max-image-preview":"max-image-preview:large","max-video-preview":"max-video-preview:-1"},"canonical":"https:\/\/centro-cee.com\/web\/producto\/master-en-trading-con-criptomonedas\/","og_locale":"es_ES","og_type":"article","og_title":"M\u00e1ster en Trading con Criptomonedas","og_description":"Desarrolla tus habilidades y mejora tus conocimientos con nuestra formaci\u00f3n de M\u00e1ster en Trading con Criptomonedas","og_url":"https:\/\/centro-cee.com\/web\/producto\/master-en-trading-con-criptomonedas\/","og_site_name":"CEE Centro Europeo E-learning - Cursos online","article_modified_time":"2026-03-13T17:08:49+00:00","og_image":[{"width":1280,"height":720,"url":"https:\/\/centro-cee.com\/web\/wp-content\/uploads\/2025\/01\/mejor-master-trading-criptomonedas.webp","type":"image\/webp"}],"twitter_card":"summary_large_image","twitter_misc":{"Tiempo de lectura":"2 minutos"},"schema":{"@context":"https:\/\/schema.org","@graph":[{"@type":"WebPage","@id":"https:\/\/centro-cee.com\/web\/producto\/master-en-trading-con-criptomonedas\/","url":"https:\/\/centro-cee.com\/web\/producto\/master-en-trading-con-criptomonedas\/","name":"M\u00e1ster en Trading con Criptomonedas","isPartOf":{"@id":"https:\/\/centro-cee.com\/web\/#website"},"primaryImageOfPage":{"@id":"https:\/\/centro-cee.com\/web\/producto\/master-en-trading-con-criptomonedas\/#primaryimage"},"image":{"@id":"https:\/\/centro-cee.com\/web\/producto\/master-en-trading-con-criptomonedas\/#primaryimage"},"thumbnailUrl":"https:\/\/centro-cee.com\/web\/wp-content\/uploads\/2025\/01\/mejor-master-trading-criptomonedas.webp","datePublished":"2025-01-23T12:46:25+00:00","dateModified":"2026-03-13T17:08:49+00:00","description":"Desarrolla tus habilidades y mejora tus conocimientos con nuestra formaci\u00f3n de M\u00e1ster en Trading con Criptomonedas","breadcrumb":{"@id":"https:\/\/centro-cee.com\/web\/producto\/master-en-trading-con-criptomonedas\/#breadcrumb"},"inLanguage":"es","potentialAction":[{"@type":"ReadAction","target":["https:\/\/centro-cee.com\/web\/producto\/master-en-trading-con-criptomonedas\/"]}]},{"@type":"ImageObject","inLanguage":"es","@id":"https:\/\/centro-cee.com\/web\/producto\/master-en-trading-con-criptomonedas\/#primaryimage","url":"https:\/\/centro-cee.com\/web\/wp-content\/uploads\/2025\/01\/mejor-master-trading-criptomonedas.webp","contentUrl":"https:\/\/centro-cee.com\/web\/wp-content\/uploads\/2025\/01\/mejor-master-trading-criptomonedas.webp","width":1280,"height":720,"caption":"M\u00e1ster en Trading con Criptomonedas"},{"@type":"BreadcrumbList","@id":"https:\/\/centro-cee.com\/web\/producto\/master-en-trading-con-criptomonedas\/#breadcrumb","itemListElement":[{"@type":"ListItem","position":1,"name":"Portada","item":"https:\/\/centro-cee.com\/web\/"},{"@type":"ListItem","position":2,"name":"M\u00e1ster en Trading con Criptomonedas"}]},{"@type":"WebSite","@id":"https:\/\/centro-cee.com\/web\/#website","url":"https:\/\/centro-cee.com\/web\/","name":"Centro Europeo E-learning","description":"CEE Formaci\u00f3n Online","publisher":{"@id":"https:\/\/centro-cee.com\/web\/#organization"},"alternateName":"Centro Online de Formaci\u00f3n","potentialAction":[{"@type":"SearchAction","target":{"@type":"EntryPoint","urlTemplate":"https:\/\/centro-cee.com\/web\/?s={search_term_string}"},"query-input":{"@type":"PropertyValueSpecification","valueRequired":true,"valueName":"search_term_string"}}],"inLanguage":"es"},{"@type":"Organization","@id":"https:\/\/centro-cee.com\/web\/#organization","name":"Centro Europeo E-learning CEE","url":"https:\/\/centro-cee.com\/web\/","logo":{"@type":"ImageObject","inLanguage":"es","@id":"https:\/\/centro-cee.com\/web\/#\/schema\/logo\/image\/","url":"https:\/\/centro-cee.com\/web\/wp-content\/uploads\/2022\/12\/cropped-logo_educa.png","contentUrl":"https:\/\/centro-cee.com\/web\/wp-content\/uploads\/2022\/12\/cropped-logo_educa.png","width":157,"height":63,"caption":"Centro Europeo E-learning CEE"},"image":{"@id":"https:\/\/centro-cee.com\/web\/#\/schema\/logo\/image\/"},"sameAs":["https:\/\/www.instagram.com\/centroeuropeo_cee"]}]}},"_links":{"self":[{"href":"https:\/\/centro-cee.com\/web\/wp-json\/wp\/v2\/product\/1948","targetHints":{"allow":["GET"]}}],"collection":[{"href":"https:\/\/centro-cee.com\/web\/wp-json\/wp\/v2\/product"}],"about":[{"href":"https:\/\/centro-cee.com\/web\/wp-json\/wp\/v2\/types\/product"}],"replies":[{"embeddable":true,"href":"https:\/\/centro-cee.com\/web\/wp-json\/wp\/v2\/comments?post=1948"}],"wp:featuredmedia":[{"embeddable":true,"href":"https:\/\/centro-cee.com\/web\/wp-json\/wp\/v2\/media\/1949"}],"wp:attachment":[{"href":"https:\/\/centro-cee.com\/web\/wp-json\/wp\/v2\/media?parent=1948"}],"wp:term":[{"taxonomy":"product_brand","embeddable":true,"href":"https:\/\/centro-cee.com\/web\/wp-json\/wp\/v2\/product_brand?post=1948"},{"taxonomy":"product_cat","embeddable":true,"href":"https:\/\/centro-cee.com\/web\/wp-json\/wp\/v2\/product_cat?post=1948"},{"taxonomy":"product_tag","embeddable":true,"href":"https:\/\/centro-cee.com\/web\/wp-json\/wp\/v2\/product_tag?post=1948"}],"curies":[{"name":"wp","href":"https:\/\/api.w.org\/{rel}","templated":true}]}}