{"id":1944,"date":"2025-01-23T12:39:02","date_gmt":"2025-01-23T12:39:02","guid":{"rendered":"https:\/\/centro-cee.com\/web\/?post_type=product&#038;p=1944"},"modified":"2026-03-13T17:06:30","modified_gmt":"2026-03-13T17:06:30","slug":"especialista-en-resonancia-magnetica-musculoesqueletica","status":"publish","type":"product","link":"https:\/\/centro-cee.com\/web\/producto\/especialista-en-resonancia-magnetica-musculoesqueletica\/","title":{"rendered":"Especialista en Resonancia Magn\u00e9tica Musculoesquel\u00e9tica"},"content":{"rendered":"<p><a href=\"https:\/\/centro-cee.com\/web\/formaciones\/\">Atr\u00e1s<\/a><\/p>\n<p><em><strong>Especialista en Resonancia Magn\u00e9tica Musculoesquel\u00e9tica<\/strong><\/em><\/p>\n<p>Toda esta informaci\u00f3n se realiza 100% online en nuestro campus online de formaci\u00f3n.<\/p>\n<p>Las tutor\u00edas se realizan directamente desde el campus de estudio con la opci\u00f3n de mensajer\u00eda a profesores. Las tutorias son \u201ca demanda\u201d, cuando necesites soporte nos lo pides.<\/p>\n<p>Los t\u00edtulos de Centro CEE est\u00e1n autenticados por la firma de notario que valida contenidos y autenticidad a nivel internacional. Nuestra organizaci\u00f3n pertenece a la Asociaci\u00f3n Espa\u00f1ola de Calidad, organizaci\u00f3n Espa\u00f1ola de referencia para la calidad\u00a0en la formaci\u00f3n de auxiliar de enfermer\u00eda. La certificaci\u00f3n se puede apostillar por la Haya para cualquier pa\u00eds firmante del convenio de la Haya.<\/p>\n<p>Se puede pagar a plazos.<\/p>\n<p>Carga horaria de la formaci\u00f3n: 350h<\/p>\n<p>&nbsp;<\/p>\n<h2>Temario<\/h2>\n<hr \/>\n<p>UNIDAD DID\u00c1CTICA 1. INTRODUCCI\u00d3N A LA RESONANCIA MAGN\u00c9TICA. PRINCIPIOS F\u00cdSICOS Y T\u00c9CNICOS<\/p>\n<p>Uso de la resonancia magn\u00e9tica<\/p>\n<p>Fisionom\u00eda de la resonancia magn\u00e9tica<\/p>\n<p>&#8211; Propiedades magn\u00e9ticas de los materiales<\/p>\n<p>Procedimientos t\u00e9cnicos de resonancia magn\u00e9tica<\/p>\n<p>UNIDAD DID\u00c1CTICA 2. PREPARACI\u00d3N DE LA EXPLORACI\u00d3N<\/p>\n<p>Interpretaci\u00f3n de la solicitud de la exploraci\u00f3n<\/p>\n<p>Contraindicaciones relativas y absolutas del proceso<\/p>\n<p>&#8211; Contraindicaciones absolutas<\/p>\n<p>&#8211; Contraindicaciones relativas<\/p>\n<p>UNIDAD DID\u00c1CTICA 3. ADMISI\u00d3N DE LOS MEDIOS DE CONTRASTE<\/p>\n<p>Mecanismos de contraste<\/p>\n<p>Tipos de contrastes en la imagen digital<\/p>\n<p>&#8211; Contrastes positivos en la imagen digital<\/p>\n<p>&#8211; Contrastes negativos en la imagen digital<\/p>\n<p>&#8211; Contrastes bif\u00e1sicos<\/p>\n<p>Factores de riesgo durante la aplicaci\u00f3n de contrastes paramagn\u00e9ticos<\/p>\n<p>UNIDAD DID\u00c1CTICA 4. RESONANCIA MAGN\u00c9TICA DE HOMBRE<\/p>\n<p>Resonancia magn\u00e9tica de pelvis masculina<\/p>\n<p>&#8211; Resonancia de la pelvis masculina<\/p>\n<p>&#8211; Resonancia en la zona de los test\u00edculos<\/p>\n<p>&#8211; Resonancia en la zona peneana<\/p>\n<p>Riesgos y beneficios de la resonancia magn\u00e9tica en la zona de la pelvis masculina<\/p>\n<p>UNIDAD DID\u00c1CTICA 5. RESONANCIA MAGN\u00c9TICA DE CODO<\/p>\n<p>Anatom\u00eda de la zona del codo<\/p>\n<p>Fracturas en la zona del brazo y el codo<\/p>\n<p>&#8211; Tipos de fracturas del brazo y codo<\/p>\n<p>Resonancia magn\u00e9tica en la zona del codo<\/p>\n<p>UNIDAD DID\u00c1CTICA 6. RESONANCIA MAGN\u00c9TICA DE MU\u00d1ECA<\/p>\n<p>Anatom\u00eda de la mu\u00f1eca<\/p>\n<p>Lesiones comunes en la zona de la mu\u00f1eca y la mano<\/p>\n<p>&#8211; Fractura de Colles<\/p>\n<p>&#8211; Esguince y luxaci\u00f3n de mu\u00f1eca<\/p>\n<p>&#8211; S\u00edndrome del t\u00fanel carpiano<\/p>\n<p>&#8211; Fractura de Bennett<\/p>\n<p>&#8211; Tendinitis de Quervain<\/p>\n<p>Resonancia magn\u00e9tica en la zona de la mu\u00f1eca<\/p>\n<p>UNIDAD DID\u00c1CTICA 7. RESONANCIA MAGN\u00c9TICA DE CADERA<\/p>\n<p>Anatom\u00eda de la zona de la cadera<\/p>\n<p>Lesiones en la zona de la cadera<\/p>\n<p>&#8211; Enfermedad Legg-Perthes-Calv\u00e9<\/p>\n<p>Resonancia magn\u00e9tica en la zona de la cadera<\/p>\n<p>UNIDAD DID\u00c1CTICA 8. RESONANCIA MAGN\u00c9TICA DE RODILLA<\/p>\n<p>Anatom\u00eda de la rodilla<\/p>\n<p>Lesiones en la zona de la rodilla<\/p>\n<p>Resonancia magn\u00e9tica en la zona de la rodilla<\/p>\n<p>UNIDAD DID\u00c1CTICA 9. RESONANCIA MAGN\u00c9TICA DE TOBILLO<\/p>\n<p>Anatom\u00eda del tobillo<\/p>\n<p>Lesiones en la zona del tobillo<\/p>\n<p>Resonancia magn\u00e9tica en la zona del tobillo<\/p>\n<p><em><strong>Especialista en Resonancia Magn\u00e9tica Musculoesquel\u00e9tica<\/strong><\/em><\/p>\n<hr \/>\n","protected":false},"excerpt":{"rendered":"<p><a href=\"https:\/\/centro-cee.com\/web\/formaciones\/\">Atr\u00e1s<\/a><\/p>\n<p>F\u00f3rmate como Especialista en Resonancia Magn\u00e9tica Musculoesquel\u00e9tica con esta formaci\u00f3n online avanzada. Aprende a interpretar im\u00e1genes con precisi\u00f3n, dominar protocolos espec\u00edficos y mejorar la calidad diagn\u00f3stica en el \u00e1mbito cl\u00ednico. Curso 100% online, con acceso flexible, certificado acreditativo y contenidos actualizados.<\/p>\n<p>Ideal para profesionales sanitarios que buscan especializaci\u00f3n en imagen m\u00e9dica.<\/p>\n","protected":false},"featured_media":1945,"comment_status":"closed","ping_status":"closed","template":"","meta":[],"product_brand":[],"product_cat":[2046,34],"product_tag":[1894,1901,1896,1897,1895,1892,1900,1893,1899,1898],"class_list":{"0":"post-1944","1":"product","2":"type-product","3":"status-publish","4":"has-post-thumbnail","6":"product_cat-cursos-salud","7":"product_cat-tecnicos","8":"product_tag-diagnostico-por-imagen","9":"product_tag-formacion-en-radiologia","10":"product_tag-imagen-medica","11":"product_tag-lesiones-musculoesqueleticas","12":"product_tag-radiologia","13":"product_tag-resonancia-magnetica","14":"product_tag-resonancia-magnetica-avanzada","15":"product_tag-rm-musculoesqueletica","16":"product_tag-salud-osea","17":"product_tag-tecnologia-medica","19":"first","20":"instock","21":"sale","22":"shipping-taxable","23":"purchasable","24":"product-type-simple"},"yoast_head":"<!-- This site is optimized with the Yoast SEO plugin v27.4 - https:\/\/yoast.com\/product\/yoast-seo-wordpress\/ -->\n<title>Especialista en Resonancia Magn\u00e9tica Musculoesquel\u00e9tica<\/title>\n<meta name=\"description\" content=\"Desarrolla tus habilidades y mejora tus conocimientos con nuestra formaci\u00f3n de Especialista en Resonancia Magn\u00e9tica Musculoesquel\u00e9tica\" \/>\n<meta name=\"robots\" content=\"index, follow, max-snippet:-1, max-image-preview:large, max-video-preview:-1\" \/>\n<link rel=\"canonical\" href=\"https:\/\/centro-cee.com\/web\/producto\/especialista-en-resonancia-magnetica-musculoesqueletica\/\" \/>\n<meta property=\"og:locale\" content=\"es_ES\" \/>\n<meta property=\"og:type\" content=\"article\" \/>\n<meta property=\"og:title\" content=\"Especialista en Resonancia Magn\u00e9tica Musculoesquel\u00e9tica\" \/>\n<meta property=\"og:description\" content=\"Desarrolla tus habilidades y mejora tus conocimientos con nuestra formaci\u00f3n de Especialista en Resonancia Magn\u00e9tica Musculoesquel\u00e9tica\" \/>\n<meta property=\"og:url\" content=\"https:\/\/centro-cee.com\/web\/producto\/especialista-en-resonancia-magnetica-musculoesqueletica\/\" \/>\n<meta property=\"og:site_name\" content=\"CEE Centro Europeo E-learning - Cursos online\" \/>\n<meta property=\"article:modified_time\" content=\"2026-03-13T17:06:30+00:00\" \/>\n<meta property=\"og:image\" content=\"https:\/\/centro-cee.com\/web\/wp-content\/uploads\/2022\/12\/cropped-logo_educa.png\" \/>\n\t<meta property=\"og:image:width\" content=\"157\" \/>\n\t<meta property=\"og:image:height\" content=\"63\" \/>\n\t<meta property=\"og:image:type\" content=\"image\/png\" \/>\n<meta name=\"twitter:card\" content=\"summary_large_image\" \/>\n<meta name=\"twitter:label1\" content=\"Tiempo de lectura\" \/>\n\t<meta name=\"twitter:data1\" content=\"3 minutos\" \/>\n<script type=\"application\/ld+json\" class=\"yoast-schema-graph\">{\"@context\":\"https:\\\/\\\/schema.org\",\"@graph\":[{\"@type\":\"WebPage\",\"@id\":\"https:\\\/\\\/centro-cee.com\\\/web\\\/producto\\\/especialista-en-resonancia-magnetica-musculoesqueletica\\\/\",\"url\":\"https:\\\/\\\/centro-cee.com\\\/web\\\/producto\\\/especialista-en-resonancia-magnetica-musculoesqueletica\\\/\",\"name\":\"Especialista en Resonancia Magn\u00e9tica Musculoesquel\u00e9tica\",\"isPartOf\":{\"@id\":\"https:\\\/\\\/centro-cee.com\\\/web\\\/#website\"},\"primaryImageOfPage\":{\"@id\":\"https:\\\/\\\/centro-cee.com\\\/web\\\/producto\\\/especialista-en-resonancia-magnetica-musculoesqueletica\\\/#primaryimage\"},\"image\":{\"@id\":\"https:\\\/\\\/centro-cee.com\\\/web\\\/producto\\\/especialista-en-resonancia-magnetica-musculoesqueletica\\\/#primaryimage\"},\"thumbnailUrl\":\"https:\\\/\\\/centro-cee.com\\\/web\\\/wp-content\\\/uploads\\\/2025\\\/01\\\/e20e057cc7eaea15fe47b217701a181f.avif\",\"datePublished\":\"2025-01-23T12:39:02+00:00\",\"dateModified\":\"2026-03-13T17:06:30+00:00\",\"description\":\"Desarrolla tus habilidades y mejora tus conocimientos con nuestra formaci\u00f3n de Especialista en Resonancia Magn\u00e9tica Musculoesquel\u00e9tica\",\"breadcrumb\":{\"@id\":\"https:\\\/\\\/centro-cee.com\\\/web\\\/producto\\\/especialista-en-resonancia-magnetica-musculoesqueletica\\\/#breadcrumb\"},\"inLanguage\":\"es\",\"potentialAction\":[{\"@type\":\"ReadAction\",\"target\":[\"https:\\\/\\\/centro-cee.com\\\/web\\\/producto\\\/especialista-en-resonancia-magnetica-musculoesqueletica\\\/\"]}]},{\"@type\":\"ImageObject\",\"inLanguage\":\"es\",\"@id\":\"https:\\\/\\\/centro-cee.com\\\/web\\\/producto\\\/especialista-en-resonancia-magnetica-musculoesqueletica\\\/#primaryimage\",\"url\":\"https:\\\/\\\/centro-cee.com\\\/web\\\/wp-content\\\/uploads\\\/2025\\\/01\\\/e20e057cc7eaea15fe47b217701a181f.avif\",\"contentUrl\":\"https:\\\/\\\/centro-cee.com\\\/web\\\/wp-content\\\/uploads\\\/2025\\\/01\\\/e20e057cc7eaea15fe47b217701a181f.avif\",\"width\":500,\"height\":400,\"caption\":\"Especialista en Resonancia Magn\u00e9tica Musculoesquel\u00e9tica\"},{\"@type\":\"BreadcrumbList\",\"@id\":\"https:\\\/\\\/centro-cee.com\\\/web\\\/producto\\\/especialista-en-resonancia-magnetica-musculoesqueletica\\\/#breadcrumb\",\"itemListElement\":[{\"@type\":\"ListItem\",\"position\":1,\"name\":\"Portada\",\"item\":\"https:\\\/\\\/centro-cee.com\\\/web\\\/\"},{\"@type\":\"ListItem\",\"position\":2,\"name\":\"Especialista en Resonancia Magn\u00e9tica Musculoesquel\u00e9tica\"}]},{\"@type\":\"WebSite\",\"@id\":\"https:\\\/\\\/centro-cee.com\\\/web\\\/#website\",\"url\":\"https:\\\/\\\/centro-cee.com\\\/web\\\/\",\"name\":\"Centro Europeo E-learning\",\"description\":\"CEE Formaci\u00f3n Online\",\"publisher\":{\"@id\":\"https:\\\/\\\/centro-cee.com\\\/web\\\/#organization\"},\"alternateName\":\"Centro Online de Formaci\u00f3n\",\"potentialAction\":[{\"@type\":\"SearchAction\",\"target\":{\"@type\":\"EntryPoint\",\"urlTemplate\":\"https:\\\/\\\/centro-cee.com\\\/web\\\/?s={search_term_string}\"},\"query-input\":{\"@type\":\"PropertyValueSpecification\",\"valueRequired\":true,\"valueName\":\"search_term_string\"}}],\"inLanguage\":\"es\"},{\"@type\":\"Organization\",\"@id\":\"https:\\\/\\\/centro-cee.com\\\/web\\\/#organization\",\"name\":\"Centro Europeo E-learning CEE\",\"url\":\"https:\\\/\\\/centro-cee.com\\\/web\\\/\",\"logo\":{\"@type\":\"ImageObject\",\"inLanguage\":\"es\",\"@id\":\"https:\\\/\\\/centro-cee.com\\\/web\\\/#\\\/schema\\\/logo\\\/image\\\/\",\"url\":\"https:\\\/\\\/centro-cee.com\\\/web\\\/wp-content\\\/uploads\\\/2022\\\/12\\\/cropped-logo_educa.png\",\"contentUrl\":\"https:\\\/\\\/centro-cee.com\\\/web\\\/wp-content\\\/uploads\\\/2022\\\/12\\\/cropped-logo_educa.png\",\"width\":157,\"height\":63,\"caption\":\"Centro Europeo E-learning CEE\"},\"image\":{\"@id\":\"https:\\\/\\\/centro-cee.com\\\/web\\\/#\\\/schema\\\/logo\\\/image\\\/\"},\"sameAs\":[\"https:\\\/\\\/www.instagram.com\\\/centroeuropeo_cee\"]}]}<\/script>\n<!-- \/ Yoast SEO plugin. -->","yoast_head_json":{"title":"Especialista en Resonancia Magn\u00e9tica Musculoesquel\u00e9tica","description":"Desarrolla tus habilidades y mejora tus conocimientos con nuestra formaci\u00f3n de Especialista en Resonancia Magn\u00e9tica Musculoesquel\u00e9tica","robots":{"index":"index","follow":"follow","max-snippet":"max-snippet:-1","max-image-preview":"max-image-preview:large","max-video-preview":"max-video-preview:-1"},"canonical":"https:\/\/centro-cee.com\/web\/producto\/especialista-en-resonancia-magnetica-musculoesqueletica\/","og_locale":"es_ES","og_type":"article","og_title":"Especialista en Resonancia Magn\u00e9tica Musculoesquel\u00e9tica","og_description":"Desarrolla tus habilidades y mejora tus conocimientos con nuestra formaci\u00f3n de Especialista en Resonancia Magn\u00e9tica Musculoesquel\u00e9tica","og_url":"https:\/\/centro-cee.com\/web\/producto\/especialista-en-resonancia-magnetica-musculoesqueletica\/","og_site_name":"CEE Centro Europeo E-learning - Cursos online","article_modified_time":"2026-03-13T17:06:30+00:00","og_image":[{"width":157,"height":63,"url":"https:\/\/centro-cee.com\/web\/wp-content\/uploads\/2022\/12\/cropped-logo_educa.png","type":"image\/png"}],"twitter_card":"summary_large_image","twitter_misc":{"Tiempo de lectura":"3 minutos"},"schema":{"@context":"https:\/\/schema.org","@graph":[{"@type":"WebPage","@id":"https:\/\/centro-cee.com\/web\/producto\/especialista-en-resonancia-magnetica-musculoesqueletica\/","url":"https:\/\/centro-cee.com\/web\/producto\/especialista-en-resonancia-magnetica-musculoesqueletica\/","name":"Especialista en Resonancia Magn\u00e9tica Musculoesquel\u00e9tica","isPartOf":{"@id":"https:\/\/centro-cee.com\/web\/#website"},"primaryImageOfPage":{"@id":"https:\/\/centro-cee.com\/web\/producto\/especialista-en-resonancia-magnetica-musculoesqueletica\/#primaryimage"},"image":{"@id":"https:\/\/centro-cee.com\/web\/producto\/especialista-en-resonancia-magnetica-musculoesqueletica\/#primaryimage"},"thumbnailUrl":"https:\/\/centro-cee.com\/web\/wp-content\/uploads\/2025\/01\/e20e057cc7eaea15fe47b217701a181f.avif","datePublished":"2025-01-23T12:39:02+00:00","dateModified":"2026-03-13T17:06:30+00:00","description":"Desarrolla tus habilidades y mejora tus conocimientos con nuestra formaci\u00f3n de Especialista en Resonancia Magn\u00e9tica Musculoesquel\u00e9tica","breadcrumb":{"@id":"https:\/\/centro-cee.com\/web\/producto\/especialista-en-resonancia-magnetica-musculoesqueletica\/#breadcrumb"},"inLanguage":"es","potentialAction":[{"@type":"ReadAction","target":["https:\/\/centro-cee.com\/web\/producto\/especialista-en-resonancia-magnetica-musculoesqueletica\/"]}]},{"@type":"ImageObject","inLanguage":"es","@id":"https:\/\/centro-cee.com\/web\/producto\/especialista-en-resonancia-magnetica-musculoesqueletica\/#primaryimage","url":"https:\/\/centro-cee.com\/web\/wp-content\/uploads\/2025\/01\/e20e057cc7eaea15fe47b217701a181f.avif","contentUrl":"https:\/\/centro-cee.com\/web\/wp-content\/uploads\/2025\/01\/e20e057cc7eaea15fe47b217701a181f.avif","width":500,"height":400,"caption":"Especialista en Resonancia Magn\u00e9tica Musculoesquel\u00e9tica"},{"@type":"BreadcrumbList","@id":"https:\/\/centro-cee.com\/web\/producto\/especialista-en-resonancia-magnetica-musculoesqueletica\/#breadcrumb","itemListElement":[{"@type":"ListItem","position":1,"name":"Portada","item":"https:\/\/centro-cee.com\/web\/"},{"@type":"ListItem","position":2,"name":"Especialista en Resonancia Magn\u00e9tica Musculoesquel\u00e9tica"}]},{"@type":"WebSite","@id":"https:\/\/centro-cee.com\/web\/#website","url":"https:\/\/centro-cee.com\/web\/","name":"Centro Europeo E-learning","description":"CEE Formaci\u00f3n Online","publisher":{"@id":"https:\/\/centro-cee.com\/web\/#organization"},"alternateName":"Centro Online de Formaci\u00f3n","potentialAction":[{"@type":"SearchAction","target":{"@type":"EntryPoint","urlTemplate":"https:\/\/centro-cee.com\/web\/?s={search_term_string}"},"query-input":{"@type":"PropertyValueSpecification","valueRequired":true,"valueName":"search_term_string"}}],"inLanguage":"es"},{"@type":"Organization","@id":"https:\/\/centro-cee.com\/web\/#organization","name":"Centro Europeo E-learning CEE","url":"https:\/\/centro-cee.com\/web\/","logo":{"@type":"ImageObject","inLanguage":"es","@id":"https:\/\/centro-cee.com\/web\/#\/schema\/logo\/image\/","url":"https:\/\/centro-cee.com\/web\/wp-content\/uploads\/2022\/12\/cropped-logo_educa.png","contentUrl":"https:\/\/centro-cee.com\/web\/wp-content\/uploads\/2022\/12\/cropped-logo_educa.png","width":157,"height":63,"caption":"Centro Europeo E-learning CEE"},"image":{"@id":"https:\/\/centro-cee.com\/web\/#\/schema\/logo\/image\/"},"sameAs":["https:\/\/www.instagram.com\/centroeuropeo_cee"]}]}},"_links":{"self":[{"href":"https:\/\/centro-cee.com\/web\/wp-json\/wp\/v2\/product\/1944","targetHints":{"allow":["GET"]}}],"collection":[{"href":"https:\/\/centro-cee.com\/web\/wp-json\/wp\/v2\/product"}],"about":[{"href":"https:\/\/centro-cee.com\/web\/wp-json\/wp\/v2\/types\/product"}],"replies":[{"embeddable":true,"href":"https:\/\/centro-cee.com\/web\/wp-json\/wp\/v2\/comments?post=1944"}],"wp:featuredmedia":[{"embeddable":true,"href":"https:\/\/centro-cee.com\/web\/wp-json\/wp\/v2\/media\/1945"}],"wp:attachment":[{"href":"https:\/\/centro-cee.com\/web\/wp-json\/wp\/v2\/media?parent=1944"}],"wp:term":[{"taxonomy":"product_brand","embeddable":true,"href":"https:\/\/centro-cee.com\/web\/wp-json\/wp\/v2\/product_brand?post=1944"},{"taxonomy":"product_cat","embeddable":true,"href":"https:\/\/centro-cee.com\/web\/wp-json\/wp\/v2\/product_cat?post=1944"},{"taxonomy":"product_tag","embeddable":true,"href":"https:\/\/centro-cee.com\/web\/wp-json\/wp\/v2\/product_tag?post=1944"}],"curies":[{"name":"wp","href":"https:\/\/api.w.org\/{rel}","templated":true}]}}