{"id":1942,"date":"2025-01-23T12:32:36","date_gmt":"2025-01-23T12:32:36","guid":{"rendered":"https:\/\/centro-cee.com\/web\/?post_type=product&#038;p=1942"},"modified":"2025-03-27T12:24:23","modified_gmt":"2025-03-27T12:24:23","slug":"experta-o-en-comunicacion-con-perspectiva-de-genero","status":"publish","type":"product","link":"https:\/\/centro-cee.com\/web\/producto\/experta-o-en-comunicacion-con-perspectiva-de-genero\/","title":{"rendered":"Experta\/o en Comunicaci\u00f3n con Perspectiva de G\u00e9nero"},"content":{"rendered":"<p><a href=\"https:\/\/centro-cee.com\/web\/formaciones\/\">Atr\u00e1s<\/a><\/p>\n<p><em><strong>Experta\/o en Comunicaci\u00f3n con Perspectiva de G\u00e9nero<\/strong><\/em><\/p>\n<p>Toda esta informaci\u00f3n se realiza 100% online en nuestro campus online de formaci\u00f3n.<\/p>\n<p>Las tutor\u00edas se realizan directamente desde el campus de estudio con la opci\u00f3n de mensajer\u00eda a profesores. Las tutorias son \u201ca demanda\u201d, cuando necesites soporte nos lo pides.<\/p>\n<p>Los t\u00edtulos de Centro CEE est\u00e1n autenticados por la firma de notario que valida contenidos y autenticidad a nivel internacional. Nuestra organizaci\u00f3n pertenece a la Asociaci\u00f3n Espa\u00f1ola de Calidad, organizaci\u00f3n Espa\u00f1ola de referencia para la calidad\u00a0en la formaci\u00f3n de auxiliar de enfermer\u00eda. La certificaci\u00f3n se puede apostillar por la Haya para cualquier pa\u00eds firmante del convenio de la Haya.<\/p>\n<p>Se puede pagar a plazos.<\/p>\n<p>Carga horaria de la formaci\u00f3n: 200h<\/p>\n<p>&nbsp;<\/p>\n<h2>Temario<\/h2>\n<hr \/>\n<p>M\u00d3DULO 1. COMUNICACI\u00d3N CON PERSPECTIVA DE G\u00c9NERO<\/p>\n<p>UNIDAD FORMATIVA 1. APLICACI\u00d3N DE CONCEPTOS B\u00c1SICOS DE LA TEOR\u00cdA DE G\u00c9NERO Y DEL LENGUAJE NO SEXISTA<\/p>\n<p>UNIDAD DID\u00c1CTICA 1. AN\u00c1LISIS DE LA INFORMACI\u00d3N DESDE LA PERSPECTIVA DE G\u00c9NERO.<\/p>\n<p>Caracterizaci\u00f3n del sistema patriarcal y la distribuci\u00f3n del poder.<\/p>\n<p>Aplicaci\u00f3n del g\u00e9nero como categor\u00eda de an\u00e1lisis o la perspectiva de g\u00e9nero:<\/p>\n<p>&#8211; Funcionamiento del sistema sexo-g\u00e9nero.<\/p>\n<p>&#8211; Definici\u00f3n de roles y estereotipos de g\u00e9nero.<\/p>\n<p>&#8211; Detecci\u00f3n, valoraci\u00f3n y denuncia de los estereotipos sexistas.<\/p>\n<p>Mecanismos de detecci\u00f3n de la igualdad formal frente a la igualdad real de mujeres y hombres.<\/p>\n<p>Identificaci\u00f3n de los distintos tipos de discriminaci\u00f3n producidos por raz\u00f3n de sexo:<\/p>\n<p>&#8211; Discriminaci\u00f3n directa.<\/p>\n<p>&#8211; Discriminaci\u00f3n indirecta.<\/p>\n<p>&#8211; Interseccionalidad o discriminaci\u00f3n m\u00faltiple.<\/p>\n<p>Mecanismos educativos y su contribuci\u00f3n en la construcci\u00f3n del g\u00e9nero:<\/p>\n<p>&#8211; Socializaci\u00f3n diferenciada de ni\u00f1os y ni\u00f1as.<\/p>\n<p>&#8211; Educaci\u00f3n mixta y coeducaci\u00f3n.<\/p>\n<p>Reconocimiento de las principales fuentes de informaci\u00f3n para realizar el diagnostico de partida de situaciones de discriminaci\u00f3n y de violencia contra las mujeres:<\/p>\n<p>&#8211; Identificaci\u00f3n de fuentes y datos existentes (primarios y secundarios).<\/p>\n<p>&#8211; Selecci\u00f3n de t\u00e9cnicas (cuantitativas y cualitativas).para recoger la informaci\u00f3n atendiendo al g\u00e9nero<\/p>\n<p>&#8211; Clasificaci\u00f3n de datos desagreg\u00e1ndolos por sexo.<\/p>\n<p>&#8211; Conocimiento y manejo de indicadores de g\u00e9nero.<\/p>\n<p>&#8211; An\u00e1lisis de impacto de g\u00e9nero.<\/p>\n<p>Establecimiento del c\u00f3digo deontol\u00f3gico la protecci\u00f3n de la confidencialidad y la ley de protecci\u00f3n de datos.<\/p>\n<p>UNIDAD DID\u00c1CTICA 2. IDENTIFICACI\u00d3N Y TRATAMIENTO DE IM\u00c1GENES Y UTILIZACI\u00d3N DE LENGUAJE NO SEXISTA.<\/p>\n<p>Reconocer la invisibilizaci\u00f3n de las mujeres y detectar la utilizaci\u00f3n de im\u00e1genes y lenguaje sexista.<\/p>\n<p>An\u00e1lisis del lenguaje y an\u00e1lisis de im\u00e1genes estereotipadas y su contribuci\u00f3n al pensamiento desde el enfoque de g\u00e9nero.<\/p>\n<p>El papel de los medios de comunicaci\u00f3n en la construcci\u00f3n del g\u00e9nero.<\/p>\n<p>Propuesta de alternativas que rompan con los estereotipos sexistas:<\/p>\n<p>&#8211; Manejo de estrategias para el uso de lenguaje no sexista.<\/p>\n<p>&#8211; Manejo de estrategias para el uso de im\u00e1genes no sexistas.<\/p>\n<p>UNIDAD DID\u00c1CTICA 3. ESPACIOS COTIDIANOS DE PARTICIPACI\u00d3N: IDENTIFICACI\u00d3N DE DESIGUALDADES E INTERVENCI\u00d3N TENIENDO EN CUENTA LA DIVERSIDAD DE LAS PERSONAS.<\/p>\n<p>Detecci\u00f3n de \u00e1mbitos y niveles de participaci\u00f3n y su vinculaci\u00f3n con el orden de g\u00e9nero establecido:<\/p>\n<p>&#8211; Participaci\u00f3n de las mujeres en el espacio p\u00fablico (econ\u00f3mico, laboral, asociativo, ocio y calidad de vida, entre otros).<\/p>\n<p>&#8211; Participaci\u00f3n de los hombres en el espacio dom\u00e9stico.<\/p>\n<p>Distinci\u00f3n entre espacio p\u00fablico, espacio dom\u00e9stico y espacio privado:<\/p>\n<p>&#8211; Conciliaci\u00f3n y corresponsabilidad.<\/p>\n<p>Utilizaci\u00f3n de los espacios formales y espacios informales por parte de mujeres y hombres.<\/p>\n<p>La representaci\u00f3n paritaria y el sistema de cuotas.<\/p>\n<p>Mecanismos de detecci\u00f3n y an\u00e1lisis de necesidades pr\u00e1cticas e intereses estrat\u00e9gicos de las mujeres y los hombres dentro del grupo.<\/p>\n<p>&#8211; Acceso y control de los recursos.<\/p>\n<p>&#8211; An\u00e1lisis de roles y tareas.<\/p>\n<p>Identificaci\u00f3n de la diversidad de las mujeres en el entorno de intervenci\u00f3n.<\/p>\n<p>Mecanismos de intervenci\u00f3n en el dise\u00f1o, implementaci\u00f3n, evaluaci\u00f3n y seguimiento de las actuaciones, en colaboraci\u00f3n y coordinaci\u00f3n con el equipo experto en igualdad efectiva de mujeres y hombres.<\/p>\n<p>UNIDAD DID\u00c1CTICA 4. PARTICIPACI\u00d3N DE LAS MUJERES A LO LARGO DE LA HISTORIA: PROCESOS DE EMPODERAMIENTO.<\/p>\n<p>Breve aproximaci\u00f3n a la historia de las mujeres y a la evoluci\u00f3n de los feminismos:<\/p>\n<p>&#8211; Principales confusiones en torno al t\u00e9rmino feminismo.<\/p>\n<p>Identificaci\u00f3n del \u201ctecho de cristal\u201d como manifestaci\u00f3n de desigualdad en el especio p\u00fablico.<\/p>\n<p>Procesos para el \u201cempoderamiento\u201d de las mujeres.<\/p>\n<p>Herramientas para promocionar la igualdad en colaboraci\u00f3n con el equipo experto en igualdad de mujeres y hombres:<\/p>\n<p>&#8211; Acciones positivas.<\/p>\n<p>&#8211; Mainstreaming de g\u00e9nero o transversalidad de g\u00e9nero.<\/p>\n<p>&#8211; La estrategia dual.<\/p>\n<p>&#8211; Presupuestos con perspectiva de g\u00e9nero.<\/p>\n<p>Manejo y utilizaci\u00f3n de recursos existentes en materia de igualdad de g\u00e9nero:<\/p>\n<p>&#8211; Localizaci\u00f3n del mapa de instituciones y principales agentes sociales en el contexto de intervenci\u00f3n.<\/p>\n<p>&#8211; Localizaci\u00f3n de los Organismos de Igualdad.<\/p>\n<p>&#8211; Localizaci\u00f3n, actualizaci\u00f3n y desarrollo de recursos espec\u00edficos para la promoci\u00f3n de la igualdad de mujeres y hombres, empoderamiento de las mujeres y en materia de violencia de g\u00e9nero.<\/p>\n<p>La utilizaci\u00f3n de las TIC para promover la igualdad y el trabajo cooperativo.<\/p>\n<p>UNIDAD DID\u00c1CTICA 5. ELEMENTOS ESTRUCTURALES PARA LA IGUALDAD EFECTIVA DE MUJERES Y HOMBRES EN EL \u00c1MBITO LABORAL.<\/p>\n<p>Aplicaci\u00f3n del concepto de divisi\u00f3n sexual del trabajo.<\/p>\n<p>Aplicaci\u00f3n de la definici\u00f3n de trabajo e identificaci\u00f3n de elementos diferenciales entre trabajo productivo y reproductivo.<\/p>\n<p>Proceso de consolidaci\u00f3n de las mujeres en el \u00e1mbito del empleo en Espa\u00f1a, recorrido hist\u00f3rico y referentes a nivel sindical, empresarial, y asociativo. Participaci\u00f3n y representaci\u00f3n en sus \u00f3rganos directivos.<\/p>\n<p>Identificaci\u00f3n de los colectivos de mujeres con especiales dificultades en el contexto de intervenci\u00f3n:<\/p>\n<p>&#8211; Sistemas de apoyo espec\u00edficos.<\/p>\n<p>Identificaci\u00f3n y manejo de normativa vigente en esta materia.<\/p>\n<p>Integraci\u00f3n de la perspectiva de g\u00e9nero en un proceso de acompa\u00f1amiento en la b\u00fasqueda de empleo.<\/p>\n<p>UNIDAD DID\u00c1CTICA 6. ELEMENTOS ESTRUCTURALES QUE DETERMINAN SITUACIONES DE VIOLENCIA DE G\u00c9NERO.<\/p>\n<p>Identificaci\u00f3n de las caracter\u00edsticas del sistema patriarcal que inciden en la violencia ejercida contra las mujeres.<\/p>\n<p>Caracterizaci\u00f3n de la violencia de g\u00e9nero:<\/p>\n<p>&#8211; Violencia machista.<\/p>\n<p>&#8211; Violencia dom\u00e9stica.<\/p>\n<p>&#8211; Tr\u00e1fico.<\/p>\n<p>&#8211; Trata.<\/p>\n<p>&#8211; Prostituci\u00f3n.<\/p>\n<p>&#8211; Acoso sexual y acoso por raz\u00f3n de sexo.<\/p>\n<p>&#8211; Violaci\u00f3n.<\/p>\n<p>&#8211; Mutilaci\u00f3n genital femenina.<\/p>\n<p>Reconocimiento de las principales consecuencias de la violencia de g\u00e9nero.<\/p>\n<p>UNIDAD FORMATIVA 2. PROCESOS DE COMUNICACI\u00d3N CON PERSPECTIVA DE G\u00c9NERO EN EL ENTORN DE INTERVENCI\u00d3N<\/p>\n<p>UNIDAD DID\u00c1CTICA 1. ESTABLECIMIENTO DE ESTRATEGIAS DE COMUNICACI\u00d3N Y COORDINACI\u00d3N CON EL EQUIPO DE INTERVENCI\u00d3N EN IGUALDAD Y OTROS AGENTES DEL ENTORNO.<\/p>\n<p>Tratamiento y transferencia de la informaci\u00f3n para favorecer la igualdad de mujeres y hombres.<\/p>\n<p>Manejo de estrategias de comunicaci\u00f3n interna, para la transferencia de la informaci\u00f3n dentro del equipo experto en igualdad efectiva de mujeres y hombres.<\/p>\n<p>Mecanismos de contraste de la informaci\u00f3n recabada.<\/p>\n<p>An\u00e1lisis de los tipos de mensajes bajo el enfoque de g\u00e9nero y utilizaci\u00f3n de estrategias de comunicaci\u00f3n para impulsar la igualdad.<\/p>\n<p>Manejo del concepto de comunicaci\u00f3n persuasiva para la promoci\u00f3n del cambio.<\/p>\n<p>UNIDAD DID\u00c1CTICA 2. ESTRATEGIAS COMUNICATIVAS PARA DAR RESPUESTA A LAS DEMANDAS DEL ENTORNO DESDE LA PERSPECTIVA DE G\u00c9NERO.<\/p>\n<p>Detecci\u00f3n y an\u00e1lisis de necesidades entre una poblaci\u00f3n determinada: la necesidad de informaci\u00f3n.<\/p>\n<p>Identificaci\u00f3n de la igualdad real como objetivo de la comunicaci\u00f3n.<\/p>\n<p>Definici\u00f3n de p\u00fablicos diana en base al objetivo de comunicaci\u00f3n planteado.<\/p>\n<p>Descripci\u00f3n y caracterizaci\u00f3n de las fuentes de comunicaci\u00f3n\/informaci\u00f3n clave existentes.<\/p>\n<p>Elaboraci\u00f3n de mensajes que rompan con la reproducci\u00f3n de estereotipos sexistas y favorezcan la visibilizaci\u00f3n del papel de las mujeres en el entorno de intervenci\u00f3n.<\/p>\n<p>Utilizaci\u00f3n de lenguaje incluyente y superaci\u00f3n del sexismo ling\u00fc\u00edstico.<\/p>\n<p>Descripci\u00f3n y caracterizaci\u00f3n de los soportes de comunicaci\u00f3n existentes (formales e informales).<\/p>\n<p>Descripci\u00f3n y caracterizaci\u00f3n de los canales de comunicaci\u00f3n existentes (formales e informales).<\/p>\n<p>Generaci\u00f3n de soportes de comunicaci\u00f3n en distintos formatos (bibliogr\u00e1ficos, audiovisuales, digitales, etc.)<\/p>\n<p>Identificaci\u00f3n del entorno tecnol\u00f3gico como nuevo escenario desde donde intervenir.<\/p>\n<p>UNIDAD DID\u00c1CTICA 3. ESTABLECIMIENTO DE ESTRATEGIAS DE COMUNICACI\u00d3N Y COORDINACI\u00d3N CON EL ENTORNO DE INTERVENCI\u00d3N Y DE ATENCI\u00d3N A LAS PERSONAS USUARIAS.<\/p>\n<p>Establecimiento de sistemas de registro de la informaci\u00f3n.<\/p>\n<p>Criterios para difundir informaci\u00f3n.<\/p>\n<p>Manejo de estrategias de comunicaci\u00f3n externa, para facilitar el contacto fluido y constante hacia y desde los diferentes agentes del entrono de intervenci\u00f3n: grupos y asociaciones de mujeres, personal t\u00e9cnico, agentes sociales, administraciones p\u00fablicas y ciudadan\u00eda en general.<\/p>\n<p>Establecimiento de procesos que faciliten la retroalimentaci\u00f3n de la comunicaci\u00f3n en el entorno de intervenci\u00f3n.<\/p>\n<p>Elaboraci\u00f3n de gu\u00edas y mapas de recursos.<\/p>\n<p>Estrategias para la clasificaci\u00f3n de la informaci\u00f3n y elaboraci\u00f3n de protocolos de atenci\u00f3n.<\/p>\n<p>Establecimiento y actualizaci\u00f3n peri\u00f3dica de canales para la atenci\u00f3n y derivaci\u00f3n a la poblaci\u00f3n.<\/p>\n<p><em><strong>Experta\/o en Comunicaci\u00f3n con Perspectiva de G\u00e9nero<\/strong><\/em><\/p>\n<hr \/>\n","protected":false},"excerpt":{"rendered":"<p><a href=\"https:\/\/centro-cee.com\/web\/formaciones\/\">Atr\u00e1s<\/a><\/p>\n<p>F\u00f3rmate como Experta\/o en Comunicaci\u00f3n con Perspectiva de G\u00e9nero con esta formaci\u00f3n online completa. Aprende a analizar, crear y transmitir mensajes inclusivos, equitativos y transformadores desde un enfoque \u00e9tico y profesional. Curso 100% online, con acceso flexible, certificado acreditativo y contenidos actualizados.<\/p>\n<p>Ideal para profesionales de la comunicaci\u00f3n, educaci\u00f3n, intervenci\u00f3n social y todas las personas comprometidas con la igualdad.<\/p>\n","protected":false},"featured_media":1943,"comment_status":"closed","ping_status":"closed","template":"","meta":[],"product_brand":[],"product_cat":[34],"product_tag":[1910,1902,1904,1908,1909,1907,1906,1880,1903,1905],"class_list":{"0":"post-1942","1":"product","2":"type-product","3":"status-publish","4":"has-post-thumbnail","6":"product_cat-tecnicos","7":"product_tag-analisis-de-genero-en-medios","8":"product_tag-comunicacion-con-perspectiva-de-genero","9":"product_tag-comunicacion-feminista","10":"product_tag-comunicacion-no-sexista","11":"product_tag-derechos-de-las-mujeres","12":"product_tag-diversidad-en-la-comunicacion","13":"product_tag-estereotipos-de-genero","14":"product_tag-igualdad-de-genero","15":"product_tag-lenguaje-inclusivo","16":"product_tag-medios-y-genero","18":"first","19":"instock","20":"sale","21":"shipping-taxable","22":"purchasable","23":"product-type-simple"},"yoast_head":"<!-- This site is optimized with the Yoast SEO plugin v27.5 - https:\/\/yoast.com\/product\/yoast-seo-wordpress\/ -->\n<title>Experta\/o en Comunicaci\u00f3n con Perspectiva de G\u00e9nero<\/title>\n<meta name=\"description\" content=\"Desarrolla tus habilidades y mejora tus conocimientos con nuestra formaci\u00f3n de Experta\/o en Comunicaci\u00f3n con Perspectiva de G\u00e9nero\" \/>\n<meta name=\"robots\" content=\"index, follow, max-snippet:-1, max-image-preview:large, max-video-preview:-1\" \/>\n<link rel=\"canonical\" href=\"https:\/\/centro-cee.com\/web\/producto\/experta-o-en-comunicacion-con-perspectiva-de-genero\/\" \/>\n<meta property=\"og:locale\" content=\"es_ES\" \/>\n<meta property=\"og:type\" content=\"article\" \/>\n<meta property=\"og:title\" content=\"Experta\/o en Comunicaci\u00f3n con Perspectiva de G\u00e9nero\" \/>\n<meta property=\"og:description\" content=\"Desarrolla tus habilidades y mejora tus conocimientos con nuestra formaci\u00f3n de Experta\/o en Comunicaci\u00f3n con Perspectiva de G\u00e9nero\" \/>\n<meta property=\"og:url\" content=\"https:\/\/centro-cee.com\/web\/producto\/experta-o-en-comunicacion-con-perspectiva-de-genero\/\" \/>\n<meta property=\"og:site_name\" content=\"CEE Centro Europeo E-learning - Cursos online\" \/>\n<meta property=\"article:modified_time\" content=\"2025-03-27T12:24:23+00:00\" \/>\n<meta property=\"og:image\" content=\"https:\/\/centro-cee.com\/web\/wp-content\/uploads\/2025\/01\/comunicacion-feminista.jpg\" \/>\n\t<meta property=\"og:image:width\" content=\"630\" \/>\n\t<meta property=\"og:image:height\" content=\"315\" \/>\n\t<meta property=\"og:image:type\" content=\"image\/jpeg\" \/>\n<meta name=\"twitter:card\" content=\"summary_large_image\" \/>\n<meta name=\"twitter:label1\" content=\"Tiempo de lectura\" \/>\n\t<meta name=\"twitter:data1\" content=\"7 minutos\" \/>\n<script type=\"application\/ld+json\" class=\"yoast-schema-graph\">{\"@context\":\"https:\\\/\\\/schema.org\",\"@graph\":[{\"@type\":\"WebPage\",\"@id\":\"https:\\\/\\\/centro-cee.com\\\/web\\\/producto\\\/experta-o-en-comunicacion-con-perspectiva-de-genero\\\/\",\"url\":\"https:\\\/\\\/centro-cee.com\\\/web\\\/producto\\\/experta-o-en-comunicacion-con-perspectiva-de-genero\\\/\",\"name\":\"Experta\\\/o en Comunicaci\u00f3n con Perspectiva de G\u00e9nero\",\"isPartOf\":{\"@id\":\"https:\\\/\\\/centro-cee.com\\\/web\\\/#website\"},\"primaryImageOfPage\":{\"@id\":\"https:\\\/\\\/centro-cee.com\\\/web\\\/producto\\\/experta-o-en-comunicacion-con-perspectiva-de-genero\\\/#primaryimage\"},\"image\":{\"@id\":\"https:\\\/\\\/centro-cee.com\\\/web\\\/producto\\\/experta-o-en-comunicacion-con-perspectiva-de-genero\\\/#primaryimage\"},\"thumbnailUrl\":\"https:\\\/\\\/centro-cee.com\\\/web\\\/wp-content\\\/uploads\\\/2025\\\/01\\\/comunicacion-feminista.jpg\",\"datePublished\":\"2025-01-23T12:32:36+00:00\",\"dateModified\":\"2025-03-27T12:24:23+00:00\",\"description\":\"Desarrolla tus habilidades y mejora tus conocimientos con nuestra formaci\u00f3n de Experta\\\/o en Comunicaci\u00f3n con Perspectiva de G\u00e9nero\",\"breadcrumb\":{\"@id\":\"https:\\\/\\\/centro-cee.com\\\/web\\\/producto\\\/experta-o-en-comunicacion-con-perspectiva-de-genero\\\/#breadcrumb\"},\"inLanguage\":\"es\",\"potentialAction\":[{\"@type\":\"ReadAction\",\"target\":[\"https:\\\/\\\/centro-cee.com\\\/web\\\/producto\\\/experta-o-en-comunicacion-con-perspectiva-de-genero\\\/\"]}]},{\"@type\":\"ImageObject\",\"inLanguage\":\"es\",\"@id\":\"https:\\\/\\\/centro-cee.com\\\/web\\\/producto\\\/experta-o-en-comunicacion-con-perspectiva-de-genero\\\/#primaryimage\",\"url\":\"https:\\\/\\\/centro-cee.com\\\/web\\\/wp-content\\\/uploads\\\/2025\\\/01\\\/comunicacion-feminista.jpg\",\"contentUrl\":\"https:\\\/\\\/centro-cee.com\\\/web\\\/wp-content\\\/uploads\\\/2025\\\/01\\\/comunicacion-feminista.jpg\",\"width\":630,\"height\":315,\"caption\":\"closeup of a young caucasian woman in the street showing a piece of paper with a symbol for gender equality drawn in it\"},{\"@type\":\"BreadcrumbList\",\"@id\":\"https:\\\/\\\/centro-cee.com\\\/web\\\/producto\\\/experta-o-en-comunicacion-con-perspectiva-de-genero\\\/#breadcrumb\",\"itemListElement\":[{\"@type\":\"ListItem\",\"position\":1,\"name\":\"Portada\",\"item\":\"https:\\\/\\\/centro-cee.com\\\/web\\\/\"},{\"@type\":\"ListItem\",\"position\":2,\"name\":\"Experta\\\/o en Comunicaci\u00f3n con Perspectiva de G\u00e9nero\"}]},{\"@type\":\"WebSite\",\"@id\":\"https:\\\/\\\/centro-cee.com\\\/web\\\/#website\",\"url\":\"https:\\\/\\\/centro-cee.com\\\/web\\\/\",\"name\":\"Centro Europeo E-learning\",\"description\":\"CEE Formaci\u00f3n Online\",\"publisher\":{\"@id\":\"https:\\\/\\\/centro-cee.com\\\/web\\\/#organization\"},\"alternateName\":\"Centro Online de Formaci\u00f3n\",\"potentialAction\":[{\"@type\":\"SearchAction\",\"target\":{\"@type\":\"EntryPoint\",\"urlTemplate\":\"https:\\\/\\\/centro-cee.com\\\/web\\\/?s={search_term_string}\"},\"query-input\":{\"@type\":\"PropertyValueSpecification\",\"valueRequired\":true,\"valueName\":\"search_term_string\"}}],\"inLanguage\":\"es\"},{\"@type\":\"Organization\",\"@id\":\"https:\\\/\\\/centro-cee.com\\\/web\\\/#organization\",\"name\":\"Centro Europeo E-learning CEE\",\"url\":\"https:\\\/\\\/centro-cee.com\\\/web\\\/\",\"logo\":{\"@type\":\"ImageObject\",\"inLanguage\":\"es\",\"@id\":\"https:\\\/\\\/centro-cee.com\\\/web\\\/#\\\/schema\\\/logo\\\/image\\\/\",\"url\":\"https:\\\/\\\/centro-cee.com\\\/web\\\/wp-content\\\/uploads\\\/2022\\\/12\\\/cropped-logo_educa.png\",\"contentUrl\":\"https:\\\/\\\/centro-cee.com\\\/web\\\/wp-content\\\/uploads\\\/2022\\\/12\\\/cropped-logo_educa.png\",\"width\":157,\"height\":63,\"caption\":\"Centro Europeo E-learning CEE\"},\"image\":{\"@id\":\"https:\\\/\\\/centro-cee.com\\\/web\\\/#\\\/schema\\\/logo\\\/image\\\/\"},\"sameAs\":[\"https:\\\/\\\/www.instagram.com\\\/centroeuropeo_cee\"]}]}<\/script>\n<!-- \/ Yoast SEO plugin. -->","yoast_head_json":{"title":"Experta\/o en Comunicaci\u00f3n con Perspectiva de G\u00e9nero","description":"Desarrolla tus habilidades y mejora tus conocimientos con nuestra formaci\u00f3n de Experta\/o en Comunicaci\u00f3n con Perspectiva de G\u00e9nero","robots":{"index":"index","follow":"follow","max-snippet":"max-snippet:-1","max-image-preview":"max-image-preview:large","max-video-preview":"max-video-preview:-1"},"canonical":"https:\/\/centro-cee.com\/web\/producto\/experta-o-en-comunicacion-con-perspectiva-de-genero\/","og_locale":"es_ES","og_type":"article","og_title":"Experta\/o en Comunicaci\u00f3n con Perspectiva de G\u00e9nero","og_description":"Desarrolla tus habilidades y mejora tus conocimientos con nuestra formaci\u00f3n de Experta\/o en Comunicaci\u00f3n con Perspectiva de G\u00e9nero","og_url":"https:\/\/centro-cee.com\/web\/producto\/experta-o-en-comunicacion-con-perspectiva-de-genero\/","og_site_name":"CEE Centro Europeo E-learning - Cursos online","article_modified_time":"2025-03-27T12:24:23+00:00","og_image":[{"width":630,"height":315,"url":"https:\/\/centro-cee.com\/web\/wp-content\/uploads\/2025\/01\/comunicacion-feminista.jpg","type":"image\/jpeg"}],"twitter_card":"summary_large_image","twitter_misc":{"Tiempo de lectura":"7 minutos"},"schema":{"@context":"https:\/\/schema.org","@graph":[{"@type":"WebPage","@id":"https:\/\/centro-cee.com\/web\/producto\/experta-o-en-comunicacion-con-perspectiva-de-genero\/","url":"https:\/\/centro-cee.com\/web\/producto\/experta-o-en-comunicacion-con-perspectiva-de-genero\/","name":"Experta\/o en Comunicaci\u00f3n con Perspectiva de G\u00e9nero","isPartOf":{"@id":"https:\/\/centro-cee.com\/web\/#website"},"primaryImageOfPage":{"@id":"https:\/\/centro-cee.com\/web\/producto\/experta-o-en-comunicacion-con-perspectiva-de-genero\/#primaryimage"},"image":{"@id":"https:\/\/centro-cee.com\/web\/producto\/experta-o-en-comunicacion-con-perspectiva-de-genero\/#primaryimage"},"thumbnailUrl":"https:\/\/centro-cee.com\/web\/wp-content\/uploads\/2025\/01\/comunicacion-feminista.jpg","datePublished":"2025-01-23T12:32:36+00:00","dateModified":"2025-03-27T12:24:23+00:00","description":"Desarrolla tus habilidades y mejora tus conocimientos con nuestra formaci\u00f3n de Experta\/o en Comunicaci\u00f3n con Perspectiva de G\u00e9nero","breadcrumb":{"@id":"https:\/\/centro-cee.com\/web\/producto\/experta-o-en-comunicacion-con-perspectiva-de-genero\/#breadcrumb"},"inLanguage":"es","potentialAction":[{"@type":"ReadAction","target":["https:\/\/centro-cee.com\/web\/producto\/experta-o-en-comunicacion-con-perspectiva-de-genero\/"]}]},{"@type":"ImageObject","inLanguage":"es","@id":"https:\/\/centro-cee.com\/web\/producto\/experta-o-en-comunicacion-con-perspectiva-de-genero\/#primaryimage","url":"https:\/\/centro-cee.com\/web\/wp-content\/uploads\/2025\/01\/comunicacion-feminista.jpg","contentUrl":"https:\/\/centro-cee.com\/web\/wp-content\/uploads\/2025\/01\/comunicacion-feminista.jpg","width":630,"height":315,"caption":"closeup of a young caucasian woman in the street showing a piece of paper with a symbol for gender equality drawn in it"},{"@type":"BreadcrumbList","@id":"https:\/\/centro-cee.com\/web\/producto\/experta-o-en-comunicacion-con-perspectiva-de-genero\/#breadcrumb","itemListElement":[{"@type":"ListItem","position":1,"name":"Portada","item":"https:\/\/centro-cee.com\/web\/"},{"@type":"ListItem","position":2,"name":"Experta\/o en Comunicaci\u00f3n con Perspectiva de G\u00e9nero"}]},{"@type":"WebSite","@id":"https:\/\/centro-cee.com\/web\/#website","url":"https:\/\/centro-cee.com\/web\/","name":"Centro Europeo E-learning","description":"CEE Formaci\u00f3n Online","publisher":{"@id":"https:\/\/centro-cee.com\/web\/#organization"},"alternateName":"Centro Online de Formaci\u00f3n","potentialAction":[{"@type":"SearchAction","target":{"@type":"EntryPoint","urlTemplate":"https:\/\/centro-cee.com\/web\/?s={search_term_string}"},"query-input":{"@type":"PropertyValueSpecification","valueRequired":true,"valueName":"search_term_string"}}],"inLanguage":"es"},{"@type":"Organization","@id":"https:\/\/centro-cee.com\/web\/#organization","name":"Centro Europeo E-learning CEE","url":"https:\/\/centro-cee.com\/web\/","logo":{"@type":"ImageObject","inLanguage":"es","@id":"https:\/\/centro-cee.com\/web\/#\/schema\/logo\/image\/","url":"https:\/\/centro-cee.com\/web\/wp-content\/uploads\/2022\/12\/cropped-logo_educa.png","contentUrl":"https:\/\/centro-cee.com\/web\/wp-content\/uploads\/2022\/12\/cropped-logo_educa.png","width":157,"height":63,"caption":"Centro Europeo E-learning CEE"},"image":{"@id":"https:\/\/centro-cee.com\/web\/#\/schema\/logo\/image\/"},"sameAs":["https:\/\/www.instagram.com\/centroeuropeo_cee"]}]}},"_links":{"self":[{"href":"https:\/\/centro-cee.com\/web\/wp-json\/wp\/v2\/product\/1942","targetHints":{"allow":["GET"]}}],"collection":[{"href":"https:\/\/centro-cee.com\/web\/wp-json\/wp\/v2\/product"}],"about":[{"href":"https:\/\/centro-cee.com\/web\/wp-json\/wp\/v2\/types\/product"}],"replies":[{"embeddable":true,"href":"https:\/\/centro-cee.com\/web\/wp-json\/wp\/v2\/comments?post=1942"}],"wp:featuredmedia":[{"embeddable":true,"href":"https:\/\/centro-cee.com\/web\/wp-json\/wp\/v2\/media\/1943"}],"wp:attachment":[{"href":"https:\/\/centro-cee.com\/web\/wp-json\/wp\/v2\/media?parent=1942"}],"wp:term":[{"taxonomy":"product_brand","embeddable":true,"href":"https:\/\/centro-cee.com\/web\/wp-json\/wp\/v2\/product_brand?post=1942"},{"taxonomy":"product_cat","embeddable":true,"href":"https:\/\/centro-cee.com\/web\/wp-json\/wp\/v2\/product_cat?post=1942"},{"taxonomy":"product_tag","embeddable":true,"href":"https:\/\/centro-cee.com\/web\/wp-json\/wp\/v2\/product_tag?post=1942"}],"curies":[{"name":"wp","href":"https:\/\/api.w.org\/{rel}","templated":true}]}}