{"id":1894,"date":"2024-12-17T13:35:56","date_gmt":"2024-12-17T13:35:56","guid":{"rendered":"https:\/\/centro-cee.com\/web\/?post_type=product&#038;p=1894"},"modified":"2025-03-27T12:26:40","modified_gmt":"2025-03-27T12:26:40","slug":"elaboracion-y-presentacion-de-postres","status":"publish","type":"product","link":"https:\/\/centro-cee.com\/web\/producto\/elaboracion-y-presentacion-de-postres\/","title":{"rendered":"Elaboraci\u00f3n y Presentaci\u00f3n de Postres"},"content":{"rendered":"<p><a href=\"https:\/\/centro-cee.com\/web\/formaciones\/\">Atr\u00e1s<\/a><\/p>\n<p><em><strong>Elaboraci\u00f3n y Presentaci\u00f3n de Postres<\/strong><\/em><\/p>\n<p>Toda esta informaci\u00f3n se realiza 100% online en nuestro campus online de formaci\u00f3n.<\/p>\n<p>Las tutor\u00edas se realizan directamente desde el campus de estudio con la opci\u00f3n de mensajer\u00eda a profesores. Las tutorias son \u201ca demanda\u201d, cuando necesites soporte nos lo pides.<\/p>\n<p>Los t\u00edtulos de Centro CEE est\u00e1n autenticados por la firma de notario que valida contenidos y autenticidad a nivel internacional. Nuestra organizaci\u00f3n pertenece a la Asociaci\u00f3n Espa\u00f1ola de Calidad, organizaci\u00f3n Espa\u00f1ola de referencia para la calidad\u00a0en la formaci\u00f3n de auxiliar de enfermer\u00eda. La certificaci\u00f3n se puede apostillar por la Haya para cualquier pa\u00eds firmante del convenio de la Haya.<\/p>\n<p>Se puede pagar a plazos.<\/p>\n<p>Carga horaria de la formaci\u00f3n: 150h<\/p>\n<p>&nbsp;<\/p>\n<h2>Temario<\/h2>\n<hr \/>\n<p>UNIDAD DID\u00c1CTICA 1. ORGANIZACI\u00d3N DE LAS TAREAS PARA LAS ELABORACIONES DE POSTRES EN RESTAURACI\u00d3N<br \/>\n1. Postres en restauraci\u00f3n. Descripci\u00f3n, caracterizaci\u00f3n, clasificaciones y aplicaciones.<br \/>\n2. Documentaci\u00f3n asociada a los procesos productivos de postres. Descripci\u00f3n e interpretaci\u00f3n.<br \/>\n3. Fases y caracterizaci\u00f3n de la producci\u00f3n de postres y del servicio de los mismos en restauraci\u00f3n.<br \/>\nUNIDAD DID\u00c1CTICA 2. ELABORACI\u00d3N DE POSTRES A BASE DE FRUTAS Y DE L\u00c1CTEOS Y HUEVOS<br \/>\n1. Postres a base de frutas. Descripci\u00f3n, an\u00e1lisis, tipos, caracter\u00edsticas, aplicaciones y conservaci\u00f3n.<br \/>\n2. Principales postres a base de frutas:<br \/>\n3. Macedonias o ensaladas de frutas.<br \/>\n4. Compotas, frutas cocidas en alm\u00edbar o similares y frutas asadas.<br \/>\n5. Tartas de frutas: pastel de manzana, fresas y otros.<br \/>\n6. Postres con nombre propio: Albaricoques Cond\u00e9, Platano flamb\u00e9 y otros.<br \/>\n7. Procedimientos de ejecuci\u00f3n de postres a base de frutas.<br \/>\n8. Aplicaci\u00f3n de normas de seguridad e higiene alimentar\u00eda, de prevenci\u00f3n de riesgos laborales y de protecci\u00f3n ambiental.<br \/>\n9. Postres a base de l\u00e1cteos. Descripci\u00f3n, an\u00e1lisis, caracter\u00edsticas, aplicaciones y conservaci\u00f3n caracter\u00edsticas generales.<br \/>\n10. Principales postres a base de l\u00e1cteos:<br \/>\n11. Arroz con leche y arroz emperatriz.<br \/>\n12. Flanes y pudding.<br \/>\n13. Natillas.<br \/>\n14. Crema catalana.<br \/>\n15. Souffl\u00e9 de crema.<br \/>\n16. Tortillas: Tortilla al ron, tortilla Alaska, tortilla souffl\u00e9.<br \/>\n17. Procedimientos de ejecuci\u00f3n de postres a base de l\u00e1cteos.<br \/>\n18. Aplicaci\u00f3n de normas de seguridad e higiene alimentar\u00eda, de prevenci\u00f3n de riesgos laborales y de protecci\u00f3n ambiental.<br \/>\nUNIDAD DID\u00c1CTICA 3. ELABORACI\u00d3N DE POSTES FRITOS O DE SART\u00c9N Y SEMIFR\u00cdOS<br \/>\n1. Postres fritos o de sart\u00e9n. Descripci\u00f3n, an\u00e1lisis, tipos, caracter\u00edsticas, aplicaciones y conservaci\u00f3n.<br \/>\n2. Principales postres fritos o de sart\u00e9n:<br \/>\n3. Procedimientos de ejecuci\u00f3n de postres fritos o de sart\u00e9n.<br \/>\n4. Aplicaci\u00f3n de normas de seguridad e higiene alimentar\u00eda, de prevenci\u00f3n de riesgos laborales y de protecci\u00f3n ambiental.<br \/>\n5. Semifr\u00edos. Descripci\u00f3n, aplicaciones y conservaci\u00f3n.<br \/>\n6. Principales tipos de semifr\u00edos:<br \/>\n7. Bavarois: de crema, frutas o licores.<br \/>\n8. Carlotas.<br \/>\n9. Espumas o mousses: Mouse de chocolate: base de crema inglesa o pasta bomba, Mouse de chocolate cruda o Mouse de frutas.<br \/>\n10. Tartas con base de Mouse.<br \/>\n11. Organizaci\u00f3n y secuenciaci\u00f3n de fases para la obtenci\u00f3n de semifr\u00edos.<br \/>\n12. Procedimientos de ejecuci\u00f3n para la obtenci\u00f3n de semifr\u00edos.<br \/>\n13. Aplicaciones de normas de seguridad e higiene alimentaria, de prevenci\u00f3n de riesgos laborales y de protecci\u00f3n ambiental.<br \/>\nUNIDAD DID\u00c1CTICA 4. LAS TARTAS<br \/>\n1. Las tartas. Descripci\u00f3n, an\u00e1lisis, caracter\u00edsticas, aplicaciones y conservaci\u00f3n caracter\u00edsticas generales.<br \/>\n2. Principales Tartas:<br \/>\n3. Tartas con crema de mantequilla: Tarta de moka, tarta de chocolate y otras.<br \/>\n4. Tartas de Yema.<br \/>\n5. Tartas con base de nata:<br \/>\n6. Tarta de Queso.<br \/>\n7. Brazos de gitano.<br \/>\n8. Tartas con nombre propio: Sacher, Opera, Santiago y otras.<br \/>\n9. Procedimientos de ejecuci\u00f3n de las tartas.<br \/>\n10. Aplicaci\u00f3n de normas de seguridad e higiene alimentar\u00eda, de prevenci\u00f3n de riesgos laborales y de protecci\u00f3n ambiental.<br \/>\nUNIDAD DID\u00c1CTICA 5. PRESENTACI\u00d3N DE POSTRES EMPLATADOS A PARTIR DE ELABORACIONES DE PASTELER\u00cdA Y REPOSTER\u00cdA<br \/>\n1. Decoraci\u00f3n y presentaci\u00f3n de postres emplatados. Normas y combinaciones b\u00e1sicas.<br \/>\n2. Experimentaci\u00f3n y evaluaci\u00f3n de posibles combinaciones.<br \/>\n3. Procedimientos de ejecuci\u00f3n de las decoraciones y acabados de productos de postres emplatados.<br \/>\n4. Aplicaci\u00f3n de normas de seguridad e higiene alimentar\u00eda, de prevenci\u00f3n de riesgos laborales y de protecci\u00f3n ambiental.<br \/>\nUNIDAD DID\u00c1CTICA 6. PARTICIPACI\u00d3N EN LA MEJORA DE LA CALIDAD EN PRODUCTOS DE HELADER\u00cdA<br \/>\n1. Aseguramiento de la calidad.<br \/>\n2. APYPCC (an\u00e1lisis de peligros y puntos de control cr\u00edticos).<br \/>\n3. Certificaci\u00f3n de los sistemas de calidad.<br \/>\n4. Actividades de prevenci\u00f3n y control de los insumos y procesos para tratar de evitar resultados defectuosos.<\/p>\n<p><em><strong>Elaboraci\u00f3n y Presentaci\u00f3n de Postres<\/strong><\/em><\/p>\n<hr \/>\n","protected":false},"excerpt":{"rendered":"<p><a href=\"https:\/\/centro-cee.com\/web\/formaciones\/\">Atr\u00e1s<\/a><\/p>\n<p>Aprende a elaborar y presentar postres irresistibles con este curso online completo. Domina t\u00e9cnicas de reposter\u00eda, decoraci\u00f3n, emplatado y combina creatividad con precisi\u00f3n para sorprender en cada preparaci\u00f3n. Formaci\u00f3n 100% online, con acceso flexible, certificado al finalizar y contenidos paso a paso.<\/p>\n<p>Ideal para aficionados, estudiantes de cocina y profesionales que quieran perfeccionar su arte dulce.<\/p>\n","protected":false},"featured_media":1895,"comment_status":"closed","ping_status":"closed","template":"","meta":[],"product_brand":[],"product_cat":[34],"product_tag":[1921,1925,1922,1927,1926,1919,1923,1928,1920,1924],"class_list":{"0":"post-1894","1":"product","2":"type-product","3":"status-publish","4":"has-post-thumbnail","6":"product_cat-tecnicos","7":"product_tag-cocina-dulce","8":"product_tag-decoracion-de-postres","9":"product_tag-elaboracion-de-postres","10":"product_tag-gastronomia-dulce","11":"product_tag-pasteleria-creativa","12":"product_tag-postres","13":"product_tag-presentacion-de-postres","14":"product_tag-recetas-de-postres","15":"product_tag-reposteria","16":"product_tag-tecnicas-de-reposteria","18":"first","19":"instock","20":"sale","21":"shipping-taxable","22":"purchasable","23":"product-type-simple"},"yoast_head":"<!-- This site is optimized with the Yoast SEO plugin v27.5 - https:\/\/yoast.com\/product\/yoast-seo-wordpress\/ -->\n<title>Elaboraci\u00f3n y Presentaci\u00f3n de Postres<\/title>\n<meta name=\"description\" content=\"Desarrolla tus habilidades y mejora tus conocimientos con nuestra formaci\u00f3n de Elaboraci\u00f3n y Presentaci\u00f3n de Postres\" \/>\n<meta name=\"robots\" content=\"index, follow, max-snippet:-1, max-image-preview:large, max-video-preview:-1\" \/>\n<link rel=\"canonical\" href=\"https:\/\/centro-cee.com\/web\/producto\/elaboracion-y-presentacion-de-postres\/\" \/>\n<meta property=\"og:locale\" content=\"es_ES\" \/>\n<meta property=\"og:type\" content=\"article\" \/>\n<meta property=\"og:title\" content=\"Elaboraci\u00f3n y Presentaci\u00f3n de Postres\" \/>\n<meta property=\"og:description\" content=\"Desarrolla tus habilidades y mejora tus conocimientos con nuestra formaci\u00f3n de Elaboraci\u00f3n y Presentaci\u00f3n de Postres\" \/>\n<meta property=\"og:url\" content=\"https:\/\/centro-cee.com\/web\/producto\/elaboracion-y-presentacion-de-postres\/\" \/>\n<meta property=\"og:site_name\" content=\"CEE Centro Europeo E-learning - Cursos online\" \/>\n<meta property=\"article:modified_time\" content=\"2025-03-27T12:26:40+00:00\" \/>\n<meta property=\"og:image\" content=\"https:\/\/centro-cee.com\/web\/wp-content\/uploads\/2024\/12\/unnsdfasamed.jpg\" \/>\n\t<meta property=\"og:image:width\" content=\"512\" \/>\n\t<meta property=\"og:image:height\" content=\"512\" \/>\n\t<meta property=\"og:image:type\" content=\"image\/jpeg\" \/>\n<meta name=\"twitter:card\" content=\"summary_large_image\" \/>\n<meta name=\"twitter:label1\" content=\"Tiempo de lectura\" \/>\n\t<meta name=\"twitter:data1\" content=\"4 minutos\" \/>\n<script type=\"application\/ld+json\" class=\"yoast-schema-graph\">{\"@context\":\"https:\\\/\\\/schema.org\",\"@graph\":[{\"@type\":\"WebPage\",\"@id\":\"https:\\\/\\\/centro-cee.com\\\/web\\\/producto\\\/elaboracion-y-presentacion-de-postres\\\/\",\"url\":\"https:\\\/\\\/centro-cee.com\\\/web\\\/producto\\\/elaboracion-y-presentacion-de-postres\\\/\",\"name\":\"Elaboraci\u00f3n y Presentaci\u00f3n de Postres\",\"isPartOf\":{\"@id\":\"https:\\\/\\\/centro-cee.com\\\/web\\\/#website\"},\"primaryImageOfPage\":{\"@id\":\"https:\\\/\\\/centro-cee.com\\\/web\\\/producto\\\/elaboracion-y-presentacion-de-postres\\\/#primaryimage\"},\"image\":{\"@id\":\"https:\\\/\\\/centro-cee.com\\\/web\\\/producto\\\/elaboracion-y-presentacion-de-postres\\\/#primaryimage\"},\"thumbnailUrl\":\"https:\\\/\\\/centro-cee.com\\\/web\\\/wp-content\\\/uploads\\\/2024\\\/12\\\/unnsdfasamed.jpg\",\"datePublished\":\"2024-12-17T13:35:56+00:00\",\"dateModified\":\"2025-03-27T12:26:40+00:00\",\"description\":\"Desarrolla tus habilidades y mejora tus conocimientos con nuestra formaci\u00f3n de Elaboraci\u00f3n y Presentaci\u00f3n de Postres\",\"breadcrumb\":{\"@id\":\"https:\\\/\\\/centro-cee.com\\\/web\\\/producto\\\/elaboracion-y-presentacion-de-postres\\\/#breadcrumb\"},\"inLanguage\":\"es\",\"potentialAction\":[{\"@type\":\"ReadAction\",\"target\":[\"https:\\\/\\\/centro-cee.com\\\/web\\\/producto\\\/elaboracion-y-presentacion-de-postres\\\/\"]}]},{\"@type\":\"ImageObject\",\"inLanguage\":\"es\",\"@id\":\"https:\\\/\\\/centro-cee.com\\\/web\\\/producto\\\/elaboracion-y-presentacion-de-postres\\\/#primaryimage\",\"url\":\"https:\\\/\\\/centro-cee.com\\\/web\\\/wp-content\\\/uploads\\\/2024\\\/12\\\/unnsdfasamed.jpg\",\"contentUrl\":\"https:\\\/\\\/centro-cee.com\\\/web\\\/wp-content\\\/uploads\\\/2024\\\/12\\\/unnsdfasamed.jpg\",\"width\":512,\"height\":512,\"caption\":\"Elaboraci\u00f3n y Presentaci\u00f3n de Postres\"},{\"@type\":\"BreadcrumbList\",\"@id\":\"https:\\\/\\\/centro-cee.com\\\/web\\\/producto\\\/elaboracion-y-presentacion-de-postres\\\/#breadcrumb\",\"itemListElement\":[{\"@type\":\"ListItem\",\"position\":1,\"name\":\"Portada\",\"item\":\"https:\\\/\\\/centro-cee.com\\\/web\\\/\"},{\"@type\":\"ListItem\",\"position\":2,\"name\":\"Elaboraci\u00f3n y Presentaci\u00f3n de Postres\"}]},{\"@type\":\"WebSite\",\"@id\":\"https:\\\/\\\/centro-cee.com\\\/web\\\/#website\",\"url\":\"https:\\\/\\\/centro-cee.com\\\/web\\\/\",\"name\":\"Centro Europeo E-learning\",\"description\":\"CEE Formaci\u00f3n Online\",\"publisher\":{\"@id\":\"https:\\\/\\\/centro-cee.com\\\/web\\\/#organization\"},\"alternateName\":\"Centro Online de Formaci\u00f3n\",\"potentialAction\":[{\"@type\":\"SearchAction\",\"target\":{\"@type\":\"EntryPoint\",\"urlTemplate\":\"https:\\\/\\\/centro-cee.com\\\/web\\\/?s={search_term_string}\"},\"query-input\":{\"@type\":\"PropertyValueSpecification\",\"valueRequired\":true,\"valueName\":\"search_term_string\"}}],\"inLanguage\":\"es\"},{\"@type\":\"Organization\",\"@id\":\"https:\\\/\\\/centro-cee.com\\\/web\\\/#organization\",\"name\":\"Centro Europeo E-learning CEE\",\"url\":\"https:\\\/\\\/centro-cee.com\\\/web\\\/\",\"logo\":{\"@type\":\"ImageObject\",\"inLanguage\":\"es\",\"@id\":\"https:\\\/\\\/centro-cee.com\\\/web\\\/#\\\/schema\\\/logo\\\/image\\\/\",\"url\":\"https:\\\/\\\/centro-cee.com\\\/web\\\/wp-content\\\/uploads\\\/2022\\\/12\\\/cropped-logo_educa.png\",\"contentUrl\":\"https:\\\/\\\/centro-cee.com\\\/web\\\/wp-content\\\/uploads\\\/2022\\\/12\\\/cropped-logo_educa.png\",\"width\":157,\"height\":63,\"caption\":\"Centro Europeo E-learning CEE\"},\"image\":{\"@id\":\"https:\\\/\\\/centro-cee.com\\\/web\\\/#\\\/schema\\\/logo\\\/image\\\/\"},\"sameAs\":[\"https:\\\/\\\/www.instagram.com\\\/centroeuropeo_cee\"]}]}<\/script>\n<!-- \/ Yoast SEO plugin. -->","yoast_head_json":{"title":"Elaboraci\u00f3n y Presentaci\u00f3n de Postres","description":"Desarrolla tus habilidades y mejora tus conocimientos con nuestra formaci\u00f3n de Elaboraci\u00f3n y Presentaci\u00f3n de Postres","robots":{"index":"index","follow":"follow","max-snippet":"max-snippet:-1","max-image-preview":"max-image-preview:large","max-video-preview":"max-video-preview:-1"},"canonical":"https:\/\/centro-cee.com\/web\/producto\/elaboracion-y-presentacion-de-postres\/","og_locale":"es_ES","og_type":"article","og_title":"Elaboraci\u00f3n y Presentaci\u00f3n de Postres","og_description":"Desarrolla tus habilidades y mejora tus conocimientos con nuestra formaci\u00f3n de Elaboraci\u00f3n y Presentaci\u00f3n de Postres","og_url":"https:\/\/centro-cee.com\/web\/producto\/elaboracion-y-presentacion-de-postres\/","og_site_name":"CEE Centro Europeo E-learning - Cursos online","article_modified_time":"2025-03-27T12:26:40+00:00","og_image":[{"width":512,"height":512,"url":"https:\/\/centro-cee.com\/web\/wp-content\/uploads\/2024\/12\/unnsdfasamed.jpg","type":"image\/jpeg"}],"twitter_card":"summary_large_image","twitter_misc":{"Tiempo de lectura":"4 minutos"},"schema":{"@context":"https:\/\/schema.org","@graph":[{"@type":"WebPage","@id":"https:\/\/centro-cee.com\/web\/producto\/elaboracion-y-presentacion-de-postres\/","url":"https:\/\/centro-cee.com\/web\/producto\/elaboracion-y-presentacion-de-postres\/","name":"Elaboraci\u00f3n y Presentaci\u00f3n de Postres","isPartOf":{"@id":"https:\/\/centro-cee.com\/web\/#website"},"primaryImageOfPage":{"@id":"https:\/\/centro-cee.com\/web\/producto\/elaboracion-y-presentacion-de-postres\/#primaryimage"},"image":{"@id":"https:\/\/centro-cee.com\/web\/producto\/elaboracion-y-presentacion-de-postres\/#primaryimage"},"thumbnailUrl":"https:\/\/centro-cee.com\/web\/wp-content\/uploads\/2024\/12\/unnsdfasamed.jpg","datePublished":"2024-12-17T13:35:56+00:00","dateModified":"2025-03-27T12:26:40+00:00","description":"Desarrolla tus habilidades y mejora tus conocimientos con nuestra formaci\u00f3n de Elaboraci\u00f3n y Presentaci\u00f3n de Postres","breadcrumb":{"@id":"https:\/\/centro-cee.com\/web\/producto\/elaboracion-y-presentacion-de-postres\/#breadcrumb"},"inLanguage":"es","potentialAction":[{"@type":"ReadAction","target":["https:\/\/centro-cee.com\/web\/producto\/elaboracion-y-presentacion-de-postres\/"]}]},{"@type":"ImageObject","inLanguage":"es","@id":"https:\/\/centro-cee.com\/web\/producto\/elaboracion-y-presentacion-de-postres\/#primaryimage","url":"https:\/\/centro-cee.com\/web\/wp-content\/uploads\/2024\/12\/unnsdfasamed.jpg","contentUrl":"https:\/\/centro-cee.com\/web\/wp-content\/uploads\/2024\/12\/unnsdfasamed.jpg","width":512,"height":512,"caption":"Elaboraci\u00f3n y Presentaci\u00f3n de Postres"},{"@type":"BreadcrumbList","@id":"https:\/\/centro-cee.com\/web\/producto\/elaboracion-y-presentacion-de-postres\/#breadcrumb","itemListElement":[{"@type":"ListItem","position":1,"name":"Portada","item":"https:\/\/centro-cee.com\/web\/"},{"@type":"ListItem","position":2,"name":"Elaboraci\u00f3n y Presentaci\u00f3n de Postres"}]},{"@type":"WebSite","@id":"https:\/\/centro-cee.com\/web\/#website","url":"https:\/\/centro-cee.com\/web\/","name":"Centro Europeo E-learning","description":"CEE Formaci\u00f3n Online","publisher":{"@id":"https:\/\/centro-cee.com\/web\/#organization"},"alternateName":"Centro Online de Formaci\u00f3n","potentialAction":[{"@type":"SearchAction","target":{"@type":"EntryPoint","urlTemplate":"https:\/\/centro-cee.com\/web\/?s={search_term_string}"},"query-input":{"@type":"PropertyValueSpecification","valueRequired":true,"valueName":"search_term_string"}}],"inLanguage":"es"},{"@type":"Organization","@id":"https:\/\/centro-cee.com\/web\/#organization","name":"Centro Europeo E-learning CEE","url":"https:\/\/centro-cee.com\/web\/","logo":{"@type":"ImageObject","inLanguage":"es","@id":"https:\/\/centro-cee.com\/web\/#\/schema\/logo\/image\/","url":"https:\/\/centro-cee.com\/web\/wp-content\/uploads\/2022\/12\/cropped-logo_educa.png","contentUrl":"https:\/\/centro-cee.com\/web\/wp-content\/uploads\/2022\/12\/cropped-logo_educa.png","width":157,"height":63,"caption":"Centro Europeo E-learning CEE"},"image":{"@id":"https:\/\/centro-cee.com\/web\/#\/schema\/logo\/image\/"},"sameAs":["https:\/\/www.instagram.com\/centroeuropeo_cee"]}]}},"_links":{"self":[{"href":"https:\/\/centro-cee.com\/web\/wp-json\/wp\/v2\/product\/1894","targetHints":{"allow":["GET"]}}],"collection":[{"href":"https:\/\/centro-cee.com\/web\/wp-json\/wp\/v2\/product"}],"about":[{"href":"https:\/\/centro-cee.com\/web\/wp-json\/wp\/v2\/types\/product"}],"replies":[{"embeddable":true,"href":"https:\/\/centro-cee.com\/web\/wp-json\/wp\/v2\/comments?post=1894"}],"wp:featuredmedia":[{"embeddable":true,"href":"https:\/\/centro-cee.com\/web\/wp-json\/wp\/v2\/media\/1895"}],"wp:attachment":[{"href":"https:\/\/centro-cee.com\/web\/wp-json\/wp\/v2\/media?parent=1894"}],"wp:term":[{"taxonomy":"product_brand","embeddable":true,"href":"https:\/\/centro-cee.com\/web\/wp-json\/wp\/v2\/product_brand?post=1894"},{"taxonomy":"product_cat","embeddable":true,"href":"https:\/\/centro-cee.com\/web\/wp-json\/wp\/v2\/product_cat?post=1894"},{"taxonomy":"product_tag","embeddable":true,"href":"https:\/\/centro-cee.com\/web\/wp-json\/wp\/v2\/product_tag?post=1894"}],"curies":[{"name":"wp","href":"https:\/\/api.w.org\/{rel}","templated":true}]}}