{"id":1891,"date":"2024-12-17T13:31:49","date_gmt":"2024-12-17T13:31:49","guid":{"rendered":"https:\/\/centro-cee.com\/web\/?post_type=product&#038;p=1891"},"modified":"2026-03-13T17:06:44","modified_gmt":"2026-03-13T17:06:44","slug":"tecnico-profesional-en-psicomotricidad","status":"publish","type":"product","link":"https:\/\/centro-cee.com\/web\/producto\/tecnico-profesional-en-psicomotricidad\/","title":{"rendered":"T\u00e9cnico Profesional en Psicomotricidad"},"content":{"rendered":"<p><a href=\"https:\/\/centro-cee.com\/web\/formaciones\/\">Atr\u00e1s<\/a><\/p>\n<p><em><strong>T\u00e9cnico Profesional en Psicomotricidad<\/strong><\/em><\/p>\n<p>Toda esta informaci\u00f3n se realiza 100% online en nuestro campus online de formaci\u00f3n.<\/p>\n<p>Las tutor\u00edas se realizan directamente desde el campus de estudio con la opci\u00f3n de mensajer\u00eda a profesores. Las tutorias son \u201ca demanda\u201d, cuando necesites soporte nos lo pides.<\/p>\n<p>Los t\u00edtulos de Centro CEE est\u00e1n autenticados por la firma de notario que valida contenidos y autenticidad a nivel internacional. Nuestra organizaci\u00f3n pertenece a la Asociaci\u00f3n Espa\u00f1ola de Calidad, organizaci\u00f3n Espa\u00f1ola de referencia para la calidad\u00a0en la formaci\u00f3n de auxiliar de enfermer\u00eda. La certificaci\u00f3n se puede apostillar por la Haya para cualquier pa\u00eds firmante del convenio de la Haya.<\/p>\n<p>Se puede pagar a plazos.<\/p>\n<p>Carga horaria de la formaci\u00f3n: 320h<\/p>\n<p>&nbsp;<\/p>\n<h2>Temario<\/h2>\n<hr \/>\n<p>1. M\u00d3DULO 1. PSICOMOTRICIDAD<br \/>\nUNIDAD DID\u00c1CTICA 1. CONCEPTOS GENERALES DE PSICOMOTRICIDAD<br \/>\n1. Psicomotricidad<br \/>\n2. Psicomotricidad y calidad de vida<br \/>\n3. \u00c1mbitos de intervenci\u00f3n<br \/>\n4. Psicomotricidad dirigida o vivenciada<br \/>\nUNIDAD DID\u00c1CTICA 2. \u00c1REA DE INTERVENCI\u00d3N PSICOMOTRIZ<br \/>\n1. Intervenci\u00f3n psicomotriz en sanidad<br \/>\n2. Intervenci\u00f3n psicomotriz en educaci\u00f3n<br \/>\n3. La vivencia psicomotriz<br \/>\nUNIDAD DID\u00c1CTICA 3. EL CUERPO<br \/>\n1. \u00bfQu\u00e9 es el cuerpo?<br \/>\n2. Filog\u00e9nesis del desarrollo del cuerpo<br \/>\nUNIDAD DID\u00c1CTICA 4. DESARROLLO PSICOMOTOR. ESQUEMA CORPORAL<br \/>\n1. Factores que determinan el desarrollo psicomotor<br \/>\n2. Desarrollo psicomotor desde el nacimiento<br \/>\n3. Reconocimiento y consecuci\u00f3n del esquema corporal<br \/>\n4. Desarrollo de la capacidad y utilizaci\u00f3n del esquema corporal<br \/>\n5. La motricidad gr\u00e1fica<br \/>\nUNIDAD DID\u00c1CTICA 5. BASES NEURO-F\u00cdSICO-BOLOG\u00d3GICAS DEL DESARROLLO Y DEL MOVIMIENTO<br \/>\n1. Fisiolog\u00eda del sistema \u00f3seo<br \/>\n2. Fisiolog\u00eda del m\u00fasculo esquel\u00e9tico<br \/>\n3. Fisiolog\u00eda del sistema digestivo<br \/>\n4. Fisiolog\u00eda del sistema respiratorio<br \/>\n5. Fisiolog\u00eda del sistema circulatorio<br \/>\n6. Organizaci\u00f3n funcional del sistema nervioso<br \/>\n7. Funciones sensoriales: sistema somatosensorial<br \/>\n8. Sentidos especiales: visi\u00f3n, gusto, olfato, audici\u00f3n y equilibrio<br \/>\nUNIDAD DID\u00c1CTICA 6. TRASTORNOS, ALTERACIONES Y PATOLOG\u00cdAS PSICOMOTRICES<br \/>\n1. Trastornos psicomotrices<br \/>\n2. Clasificaci\u00f3n de los transtornos psicomotores<br \/>\n3. Deficiencias mot\u00f3ricas<br \/>\n4. Clasificaci\u00f3n de las deficiencias mot\u00f3ricas<br \/>\n5. Alteraciones psicosom\u00e1ticas<br \/>\n6. Trastornos psicopatol\u00f3gicos<br \/>\n7. Alteraciones complementarias con una intenci\u00f3n psicomotriz<br \/>\nUNIDAD DID\u00c1CTICA 7. ORGANIZACI\u00d3N DE LA SALA DE PSICOMOTRICIDAD<br \/>\n1. Sala de psicomotricidad y sus caracter\u00edsticas<br \/>\n2. Organizaci\u00f3n de la sala de psicomotricidad<br \/>\n3. El t\u00e9cnico de la psicomotricidad<br \/>\n4. Los materiales de la sala de psicomotricidad<br \/>\nUNIDAD DID\u00c1CTICA 8. EL PSICOMOTRICISTA<br \/>\n1. La funci\u00f3n del psicomotricista<br \/>\n2. Estrategias de intervenci\u00f3n<br \/>\n3. Psicomotricista como miembro de un equipo<br \/>\n4. Deontolog\u00eda profesional<br \/>\nUNIDAD DID\u00c1CTICA 9. ACTIVIDADES Y JUEGOS EN PSICOMOTRICIDAD<br \/>\n1. Sesi\u00f3n de una intervenci\u00f3n psicomotriz<br \/>\n2. Estrategias y acciones b\u00e1sicas en intervenci\u00f3n psicomotriz<br \/>\n3. Actividades y juegos para trabajar aspectos espec\u00edficos en psicomotricidad<br \/>\n4. Movimiento libre y espont\u00e1neo. El juego y simbolizaciones a trav\u00e9s del juego libre.<br \/>\n5. B\u00fasqueda del placer y la expresividad sensoriomotriz a trav\u00e9s del movimiento y del juego<br \/>\n6. La psicomotricidad como medio de comunicaci\u00f3n con uno mismo y con los dem\u00e1s<br \/>\n7. Intervenci\u00f3n psicomotriz en trastornos psicomotrices y psicosom\u00e1ticos<br \/>\nUNIDAD DID\u00c1CTICA 10. EVALUACI\u00d3N PSICOMOTRIZ<br \/>\n1. La evaluaci\u00f3n psicomotriz<br \/>\n2. Objetivos de evaluaci\u00f3n psicomotriz<br \/>\n3. Medici\u00f3n y tipos de evaluaci\u00f3n psicomotriz<br \/>\n4. M\u00e9todos de evaluaci\u00f3n<br \/>\n5. La observaci\u00f3n como principal m\u00e9todo de evaluaci\u00f3n<br \/>\n6. Test para la evaluaci\u00f3n psicomotriz<\/p>\n<p><em><strong>T\u00e9cnico Profesional en Psicomotricidad<\/strong><\/em><\/p>\n<hr \/>\n","protected":false},"excerpt":{"rendered":"<p><a href=\"https:\/\/centro-cee.com\/web\/formaciones\/\">Atr\u00e1s<\/a><\/p>\n<p>F\u00f3rmate como T\u00e9cnico Profesional en Psicomotricidad y adquiere las competencias necesarias para intervenir en el desarrollo motor, emocional y cognitivo a trav\u00e9s del cuerpo y el movimiento. Curso 100% online, con acceso flexible, certificado acreditativo y enfoque pr\u00e1ctico.<\/p>\n<p>Ideal para profesionales de la educaci\u00f3n, la salud, la psicolog\u00eda y la atenci\u00f3n a la diversidad.<\/p>\n","protected":false},"featured_media":1892,"comment_status":"closed","ping_status":"closed","template":"","meta":[],"product_brand":[],"product_cat":[2052,2048,34],"product_tag":[1930,1931,1933,1937,1936,1934,1935,1929,1938,1932],"class_list":{"0":"post-1891","1":"product","2":"type-product","3":"status-publish","4":"has-post-thumbnail","6":"product_cat-cursos-educacion","7":"product_cat-cursos-online-psicologia","8":"product_cat-tecnicos","9":"product_tag-desarrollo-psicomotor","10":"product_tag-educacion-psicomotriz","11":"product_tag-estimulacion-temprana","12":"product_tag-habilidades-motoras","13":"product_tag-intervencion-psicomotriz","14":"product_tag-motricidad-infantil","15":"product_tag-neurodesarrollo","16":"product_tag-psicomotricidad","17":"product_tag-salud-y-movimiento","18":"product_tag-terapia-psicomotriz","20":"first","21":"instock","22":"sale","23":"shipping-taxable","24":"purchasable","25":"product-type-simple"},"yoast_head":"<!-- This site is optimized with the Yoast SEO plugin v27.4 - https:\/\/yoast.com\/product\/yoast-seo-wordpress\/ -->\n<title>T\u00e9cnico Profesional en Psicomotricidad<\/title>\n<meta name=\"description\" content=\"Desarrolla tus habilidades y mejora tus conocimientos con nuestra formaci\u00f3n de T\u00e9cnico Profesional en Psicomotricidad\" \/>\n<meta name=\"robots\" content=\"index, follow, max-snippet:-1, max-image-preview:large, max-video-preview:-1\" \/>\n<link rel=\"canonical\" href=\"https:\/\/centro-cee.com\/web\/producto\/tecnico-profesional-en-psicomotricidad\/\" \/>\n<meta property=\"og:locale\" content=\"es_ES\" \/>\n<meta property=\"og:type\" content=\"article\" \/>\n<meta property=\"og:title\" content=\"T\u00e9cnico Profesional en Psicomotricidad\" \/>\n<meta property=\"og:description\" content=\"Desarrolla tus habilidades y mejora tus conocimientos con nuestra formaci\u00f3n de T\u00e9cnico Profesional en Psicomotricidad\" \/>\n<meta property=\"og:url\" content=\"https:\/\/centro-cee.com\/web\/producto\/tecnico-profesional-en-psicomotricidad\/\" \/>\n<meta property=\"og:site_name\" content=\"CEE Centro Europeo E-learning - Cursos online\" \/>\n<meta property=\"article:modified_time\" content=\"2026-03-13T17:06:44+00:00\" \/>\n<meta property=\"og:image\" content=\"https:\/\/centro-cee.com\/web\/wp-content\/uploads\/2024\/12\/FM_EDP_Albiana_et_Sandrine-scaled.jpg\" \/>\n\t<meta property=\"og:image:width\" content=\"2560\" \/>\n\t<meta property=\"og:image:height\" content=\"1440\" \/>\n\t<meta property=\"og:image:type\" content=\"image\/jpeg\" \/>\n<meta name=\"twitter:card\" content=\"summary_large_image\" \/>\n<meta name=\"twitter:label1\" content=\"Tiempo de lectura\" \/>\n\t<meta name=\"twitter:data1\" content=\"3 minutos\" \/>\n<script type=\"application\/ld+json\" class=\"yoast-schema-graph\">{\"@context\":\"https:\\\/\\\/schema.org\",\"@graph\":[{\"@type\":\"WebPage\",\"@id\":\"https:\\\/\\\/centro-cee.com\\\/web\\\/producto\\\/tecnico-profesional-en-psicomotricidad\\\/\",\"url\":\"https:\\\/\\\/centro-cee.com\\\/web\\\/producto\\\/tecnico-profesional-en-psicomotricidad\\\/\",\"name\":\"T\u00e9cnico Profesional en Psicomotricidad\",\"isPartOf\":{\"@id\":\"https:\\\/\\\/centro-cee.com\\\/web\\\/#website\"},\"primaryImageOfPage\":{\"@id\":\"https:\\\/\\\/centro-cee.com\\\/web\\\/producto\\\/tecnico-profesional-en-psicomotricidad\\\/#primaryimage\"},\"image\":{\"@id\":\"https:\\\/\\\/centro-cee.com\\\/web\\\/producto\\\/tecnico-profesional-en-psicomotricidad\\\/#primaryimage\"},\"thumbnailUrl\":\"https:\\\/\\\/centro-cee.com\\\/web\\\/wp-content\\\/uploads\\\/2024\\\/12\\\/FM_EDP_Albiana_et_Sandrine-scaled.jpg\",\"datePublished\":\"2024-12-17T13:31:49+00:00\",\"dateModified\":\"2026-03-13T17:06:44+00:00\",\"description\":\"Desarrolla tus habilidades y mejora tus conocimientos con nuestra formaci\u00f3n de T\u00e9cnico Profesional en Psicomotricidad\",\"breadcrumb\":{\"@id\":\"https:\\\/\\\/centro-cee.com\\\/web\\\/producto\\\/tecnico-profesional-en-psicomotricidad\\\/#breadcrumb\"},\"inLanguage\":\"es\",\"potentialAction\":[{\"@type\":\"ReadAction\",\"target\":[\"https:\\\/\\\/centro-cee.com\\\/web\\\/producto\\\/tecnico-profesional-en-psicomotricidad\\\/\"]}]},{\"@type\":\"ImageObject\",\"inLanguage\":\"es\",\"@id\":\"https:\\\/\\\/centro-cee.com\\\/web\\\/producto\\\/tecnico-profesional-en-psicomotricidad\\\/#primaryimage\",\"url\":\"https:\\\/\\\/centro-cee.com\\\/web\\\/wp-content\\\/uploads\\\/2024\\\/12\\\/FM_EDP_Albiana_et_Sandrine-scaled.jpg\",\"contentUrl\":\"https:\\\/\\\/centro-cee.com\\\/web\\\/wp-content\\\/uploads\\\/2024\\\/12\\\/FM_EDP_Albiana_et_Sandrine-scaled.jpg\",\"width\":2560,\"height\":1440,\"caption\":\"Albiana avec Sandrine \u00e0 une s\u00e9ance de psychomotricit\u00e9. Image du film de Fernand Melgar \\\" \u00c0 l'\u00e9cole des Philosophes\\\"\"},{\"@type\":\"BreadcrumbList\",\"@id\":\"https:\\\/\\\/centro-cee.com\\\/web\\\/producto\\\/tecnico-profesional-en-psicomotricidad\\\/#breadcrumb\",\"itemListElement\":[{\"@type\":\"ListItem\",\"position\":1,\"name\":\"Portada\",\"item\":\"https:\\\/\\\/centro-cee.com\\\/web\\\/\"},{\"@type\":\"ListItem\",\"position\":2,\"name\":\"T\u00e9cnico Profesional en Psicomotricidad\"}]},{\"@type\":\"WebSite\",\"@id\":\"https:\\\/\\\/centro-cee.com\\\/web\\\/#website\",\"url\":\"https:\\\/\\\/centro-cee.com\\\/web\\\/\",\"name\":\"Centro Europeo E-learning\",\"description\":\"CEE Formaci\u00f3n Online\",\"publisher\":{\"@id\":\"https:\\\/\\\/centro-cee.com\\\/web\\\/#organization\"},\"alternateName\":\"Centro Online de Formaci\u00f3n\",\"potentialAction\":[{\"@type\":\"SearchAction\",\"target\":{\"@type\":\"EntryPoint\",\"urlTemplate\":\"https:\\\/\\\/centro-cee.com\\\/web\\\/?s={search_term_string}\"},\"query-input\":{\"@type\":\"PropertyValueSpecification\",\"valueRequired\":true,\"valueName\":\"search_term_string\"}}],\"inLanguage\":\"es\"},{\"@type\":\"Organization\",\"@id\":\"https:\\\/\\\/centro-cee.com\\\/web\\\/#organization\",\"name\":\"Centro Europeo E-learning CEE\",\"url\":\"https:\\\/\\\/centro-cee.com\\\/web\\\/\",\"logo\":{\"@type\":\"ImageObject\",\"inLanguage\":\"es\",\"@id\":\"https:\\\/\\\/centro-cee.com\\\/web\\\/#\\\/schema\\\/logo\\\/image\\\/\",\"url\":\"https:\\\/\\\/centro-cee.com\\\/web\\\/wp-content\\\/uploads\\\/2022\\\/12\\\/cropped-logo_educa.png\",\"contentUrl\":\"https:\\\/\\\/centro-cee.com\\\/web\\\/wp-content\\\/uploads\\\/2022\\\/12\\\/cropped-logo_educa.png\",\"width\":157,\"height\":63,\"caption\":\"Centro Europeo E-learning CEE\"},\"image\":{\"@id\":\"https:\\\/\\\/centro-cee.com\\\/web\\\/#\\\/schema\\\/logo\\\/image\\\/\"},\"sameAs\":[\"https:\\\/\\\/www.instagram.com\\\/centroeuropeo_cee\"]}]}<\/script>\n<!-- \/ Yoast SEO plugin. -->","yoast_head_json":{"title":"T\u00e9cnico Profesional en Psicomotricidad","description":"Desarrolla tus habilidades y mejora tus conocimientos con nuestra formaci\u00f3n de T\u00e9cnico Profesional en Psicomotricidad","robots":{"index":"index","follow":"follow","max-snippet":"max-snippet:-1","max-image-preview":"max-image-preview:large","max-video-preview":"max-video-preview:-1"},"canonical":"https:\/\/centro-cee.com\/web\/producto\/tecnico-profesional-en-psicomotricidad\/","og_locale":"es_ES","og_type":"article","og_title":"T\u00e9cnico Profesional en Psicomotricidad","og_description":"Desarrolla tus habilidades y mejora tus conocimientos con nuestra formaci\u00f3n de T\u00e9cnico Profesional en Psicomotricidad","og_url":"https:\/\/centro-cee.com\/web\/producto\/tecnico-profesional-en-psicomotricidad\/","og_site_name":"CEE Centro Europeo E-learning - Cursos online","article_modified_time":"2026-03-13T17:06:44+00:00","og_image":[{"width":2560,"height":1440,"url":"https:\/\/centro-cee.com\/web\/wp-content\/uploads\/2024\/12\/FM_EDP_Albiana_et_Sandrine-scaled.jpg","type":"image\/jpeg"}],"twitter_card":"summary_large_image","twitter_misc":{"Tiempo de lectura":"3 minutos"},"schema":{"@context":"https:\/\/schema.org","@graph":[{"@type":"WebPage","@id":"https:\/\/centro-cee.com\/web\/producto\/tecnico-profesional-en-psicomotricidad\/","url":"https:\/\/centro-cee.com\/web\/producto\/tecnico-profesional-en-psicomotricidad\/","name":"T\u00e9cnico Profesional en Psicomotricidad","isPartOf":{"@id":"https:\/\/centro-cee.com\/web\/#website"},"primaryImageOfPage":{"@id":"https:\/\/centro-cee.com\/web\/producto\/tecnico-profesional-en-psicomotricidad\/#primaryimage"},"image":{"@id":"https:\/\/centro-cee.com\/web\/producto\/tecnico-profesional-en-psicomotricidad\/#primaryimage"},"thumbnailUrl":"https:\/\/centro-cee.com\/web\/wp-content\/uploads\/2024\/12\/FM_EDP_Albiana_et_Sandrine-scaled.jpg","datePublished":"2024-12-17T13:31:49+00:00","dateModified":"2026-03-13T17:06:44+00:00","description":"Desarrolla tus habilidades y mejora tus conocimientos con nuestra formaci\u00f3n de T\u00e9cnico Profesional en Psicomotricidad","breadcrumb":{"@id":"https:\/\/centro-cee.com\/web\/producto\/tecnico-profesional-en-psicomotricidad\/#breadcrumb"},"inLanguage":"es","potentialAction":[{"@type":"ReadAction","target":["https:\/\/centro-cee.com\/web\/producto\/tecnico-profesional-en-psicomotricidad\/"]}]},{"@type":"ImageObject","inLanguage":"es","@id":"https:\/\/centro-cee.com\/web\/producto\/tecnico-profesional-en-psicomotricidad\/#primaryimage","url":"https:\/\/centro-cee.com\/web\/wp-content\/uploads\/2024\/12\/FM_EDP_Albiana_et_Sandrine-scaled.jpg","contentUrl":"https:\/\/centro-cee.com\/web\/wp-content\/uploads\/2024\/12\/FM_EDP_Albiana_et_Sandrine-scaled.jpg","width":2560,"height":1440,"caption":"Albiana avec Sandrine \u00e0 une s\u00e9ance de psychomotricit\u00e9. Image du film de Fernand Melgar \" \u00c0 l'\u00e9cole des Philosophes\""},{"@type":"BreadcrumbList","@id":"https:\/\/centro-cee.com\/web\/producto\/tecnico-profesional-en-psicomotricidad\/#breadcrumb","itemListElement":[{"@type":"ListItem","position":1,"name":"Portada","item":"https:\/\/centro-cee.com\/web\/"},{"@type":"ListItem","position":2,"name":"T\u00e9cnico Profesional en Psicomotricidad"}]},{"@type":"WebSite","@id":"https:\/\/centro-cee.com\/web\/#website","url":"https:\/\/centro-cee.com\/web\/","name":"Centro Europeo E-learning","description":"CEE Formaci\u00f3n Online","publisher":{"@id":"https:\/\/centro-cee.com\/web\/#organization"},"alternateName":"Centro Online de Formaci\u00f3n","potentialAction":[{"@type":"SearchAction","target":{"@type":"EntryPoint","urlTemplate":"https:\/\/centro-cee.com\/web\/?s={search_term_string}"},"query-input":{"@type":"PropertyValueSpecification","valueRequired":true,"valueName":"search_term_string"}}],"inLanguage":"es"},{"@type":"Organization","@id":"https:\/\/centro-cee.com\/web\/#organization","name":"Centro Europeo E-learning CEE","url":"https:\/\/centro-cee.com\/web\/","logo":{"@type":"ImageObject","inLanguage":"es","@id":"https:\/\/centro-cee.com\/web\/#\/schema\/logo\/image\/","url":"https:\/\/centro-cee.com\/web\/wp-content\/uploads\/2022\/12\/cropped-logo_educa.png","contentUrl":"https:\/\/centro-cee.com\/web\/wp-content\/uploads\/2022\/12\/cropped-logo_educa.png","width":157,"height":63,"caption":"Centro Europeo E-learning CEE"},"image":{"@id":"https:\/\/centro-cee.com\/web\/#\/schema\/logo\/image\/"},"sameAs":["https:\/\/www.instagram.com\/centroeuropeo_cee"]}]}},"_links":{"self":[{"href":"https:\/\/centro-cee.com\/web\/wp-json\/wp\/v2\/product\/1891","targetHints":{"allow":["GET"]}}],"collection":[{"href":"https:\/\/centro-cee.com\/web\/wp-json\/wp\/v2\/product"}],"about":[{"href":"https:\/\/centro-cee.com\/web\/wp-json\/wp\/v2\/types\/product"}],"replies":[{"embeddable":true,"href":"https:\/\/centro-cee.com\/web\/wp-json\/wp\/v2\/comments?post=1891"}],"wp:featuredmedia":[{"embeddable":true,"href":"https:\/\/centro-cee.com\/web\/wp-json\/wp\/v2\/media\/1892"}],"wp:attachment":[{"href":"https:\/\/centro-cee.com\/web\/wp-json\/wp\/v2\/media?parent=1891"}],"wp:term":[{"taxonomy":"product_brand","embeddable":true,"href":"https:\/\/centro-cee.com\/web\/wp-json\/wp\/v2\/product_brand?post=1891"},{"taxonomy":"product_cat","embeddable":true,"href":"https:\/\/centro-cee.com\/web\/wp-json\/wp\/v2\/product_cat?post=1891"},{"taxonomy":"product_tag","embeddable":true,"href":"https:\/\/centro-cee.com\/web\/wp-json\/wp\/v2\/product_tag?post=1891"}],"curies":[{"name":"wp","href":"https:\/\/api.w.org\/{rel}","templated":true}]}}