{"id":1889,"date":"2024-12-17T13:28:00","date_gmt":"2024-12-17T13:28:00","guid":{"rendered":"https:\/\/centro-cee.com\/web\/?post_type=product&#038;p=1889"},"modified":"2025-03-19T11:44:54","modified_gmt":"2025-03-19T11:44:54","slug":"tecnico-en-seguridad-privada-en-puertos","status":"publish","type":"product","link":"https:\/\/centro-cee.com\/web\/producto\/tecnico-en-seguridad-privada-en-puertos\/","title":{"rendered":"T\u00e9cnico en seguridad privada en puertos"},"content":{"rendered":"<p><a href=\"https:\/\/centro-cee.com\/web\/formaciones\/\">Atr\u00e1s<\/a><\/p>\n<p><em><strong>T\u00e9cnico en seguridad privada en puertos<\/strong><\/em><\/p>\n<p>Toda esta informaci\u00f3n se realiza 100% online en nuestro campus online de formaci\u00f3n.<\/p>\n<p>Las tutor\u00edas se realizan directamente desde el campus de estudio con la opci\u00f3n de mensajer\u00eda a profesores. Las tutorias son \u201ca demanda\u201d, cuando necesites soporte nos lo pides.<\/p>\n<p>Los t\u00edtulos de Centro CEE est\u00e1n autenticados por la firma de notario que valida contenidos y autenticidad a nivel internacional. Nuestra organizaci\u00f3n pertenece a la Asociaci\u00f3n Espa\u00f1ola de Calidad, organizaci\u00f3n Espa\u00f1ola de referencia para la calidad\u00a0en la formaci\u00f3n de auxiliar de enfermer\u00eda. La certificaci\u00f3n se puede apostillar por la Haya para cualquier pa\u00eds firmante del convenio de la Haya.<\/p>\n<p>Se puede pagar a plazos.<\/p>\n<p>Carga horaria de la formaci\u00f3n: 300h<\/p>\n<p>&nbsp;<\/p>\n<h2>Temario<\/h2>\n<hr \/>\n<p>TEMARIO:<\/p>\n<p>1. M\u00d3DULO 1. SEGURIDAD PRIVADA EN PUERTOS<\/p>\n<p>UNIDAD DID\u00c1CTICA 1. ORDENAMIENTO JUR\u00cdDICO ESPA\u00d1OL Y SEGURIDAD PRIVADA<\/p>\n<p>1. Ordenamiento estatal y de las Comunidades Aut\u00f3nomas<br \/>\n2. El Derecho Comunitario<br \/>\n3. Clases de normas jur\u00eddicas<br \/>\n4. Fuentes del Derecho<br \/>\n5. Leyes Org\u00e1nicas<br \/>\n6. Reglamento<br \/>\n7. Las personas jur\u00eddicas<br \/>\n8. Representaci\u00f3n legal y voluntaria<br \/>\n9. Protecci\u00f3n y garant\u00eda de los derechos fundamentales<\/p>\n<p>UNIDAD DID\u00c1CTICA 2. LEGISLACI\u00d3N EN MATERIA DE SEGURIDAD PRIVADA<br \/>\n1. Introducci\u00f3n<br \/>\n2. Disposiciones generales<br \/>\n3. Competencias de la Administraci\u00f3n General de Estado y de las Comunidades Aut\u00f3nomas<\/p>\n<p>UNIDAD DID\u00c1CTICA 3. PERSONAL Y SERVICIOS DE SEGURIDAD PRIVADA<br \/>\n1. Personal de Seguridad Privada<br \/>\n2. Servicios de la Seguridad Privada<\/p>\n<p>UNIDAD DID\u00c1CTICA 4. MEDIDAS DE SEGURIDAD PRIVADA<br \/>\n1. Adopci\u00f3n de medidas<br \/>\n2. Tipos de medidas<br \/>\n3. Control administrativo<br \/>\n4. Infracciones<br \/>\n5. Sanciones<br \/>\n6. Procedimiento<\/p>\n<p>UNIDAD DID\u00c1CTICA 5. REGLAMENTO DE SEGURIDAD PRIVADA<br \/>\n1. Reglamento de Seguridad Privada<\/p>\n<p>UNIDAD DID\u00c1CTICA 6. NORMATIVAS EUROPEAS<br \/>\n1. Introducci\u00f3n<br \/>\n2. Declaraci\u00f3n conjunta del CoESS y UNI-Europa<\/p>\n<p>UNIDAD DID\u00c1CTICA 7. DERECHO PENAL Y PROCESAL<br \/>\n1. Derecho penal<br \/>\n2. Derecho procesal<\/p>\n<p>UNIDAD DID\u00c1CTICA 8. DERECHO DE LOS CIUDADANOS<br \/>\n1. Derecho de acceso, cancelaci\u00f3n, rectificaci\u00f3n y oposici\u00f3n<br \/>\n2. Derecho de Indemnizaci\u00f3n<br \/>\n3. Derecho de Informaci\u00f3n<br \/>\n4. Derecho de Impugnaci\u00f3n<br \/>\n5. Derecho de consulta al Registro General de Protecci\u00f3n de Datos<br \/>\n6. Derecho de Exclusi\u00f3n de las gu\u00edas telef\u00f3nicas<br \/>\n7. Derecho a no recibir publicidad no deseada<br \/>\n8. Impugnaci\u00f3n de valoraciones<br \/>\n9. Tutela de los derechos<\/p>\n<p>UNIDAD DID\u00c1CTICA 9. PRIMEROS AUXILIOS<br \/>\n1. Introducci\u00f3n<br \/>\n2. Principios generales de primeros auxilios<br \/>\n3. Asistencias<br \/>\n4. T\u00e9cnicas de reanimaci\u00f3n, RCP b\u00e1sicas<br \/>\n5. Estados de Shock<br \/>\n6. Heridas y hemorragias<br \/>\n7. Quemaduras<br \/>\n8. Fracturas y contusiones<br \/>\n9. Intoxicaci\u00f3n<\/p>\n<p>UNIDAD DID\u00c1CTICA 10. SEGURIDAD EN PUERTOS<br \/>\n1. Introducci\u00f3n<br \/>\n2. Puertos mar\u00edtimos<br \/>\n3. C\u00f3digo internacional para la protecci\u00f3n de los buques y de las instalaciones portuarias<br \/>\n4. La seguridad portuaria<br \/>\n5. Normas de Seguridad Portuaria<br \/>\n6. Mercanc\u00edas Peligrosas<\/p>\n<p><em><strong>T\u00e9cnico en seguridad privada en puertos<\/strong><\/em><\/p>\n<hr \/>\n","protected":false},"excerpt":{"rendered":"<p><a href=\"https:\/\/centro-cee.com\/web\/formaciones\/\">Atr\u00e1s<\/a><\/p>\n<p>\u00bfHas pensado en realizar una capacitaci\u00f3n que te permita conseguir una salida laboral r\u00e1pida? En el portal formativo puedes encontrar la capacitaci\u00f3n ideal para ti. Se trata del curso T\u00e9cnico en seguridad privada en puertos, el cual es impartido por el Centro Europeo E-learning  bajo la modalidad online.<\/p>\n<p>Este curso cuenta con un amplio programa educativo que te permite capacitarte en todos los aspectos relacionados con la vigilancia de puertos. Aqu\u00ed desarrollas, entre muchos otros conceptos, todos lo concerniente al ordenamiento jur\u00eddico espa\u00f1ol y la seguridad privada; la impugnaci\u00f3n de valoraciones; los principios generales de primeros auxilios; y todo lo que conforma la seguridad empleada en los puertos.<br \/>\nEsta capacitaci\u00f3n conlleva un per\u00edodo de desarrollo completamente flexible, lo que te permite adaptar el plan de formaci\u00f3n a tus necesidades, adem\u00e1s de disponer de la asistencia de un tutor dispuesto a acompa\u00f1arte en toda tu formaci\u00f3n, el acceso a un campus online y clases virtuales, asegurando as\u00ed tu \u00f3ptima capacitaci\u00f3n. <\/p>\n","protected":false},"featured_media":1890,"comment_status":"closed","ping_status":"closed","template":"","meta":[],"product_brand":[],"product_cat":[34],"product_tag":[1944,1948,1945,1943,1947,1941,1946,1940,1939,1942],"class_list":{"0":"post-1889","1":"product","2":"type-product","3":"status-publish","4":"has-post-thumbnail","6":"product_cat-tecnicos","7":"product_tag-control-de-accesos","8":"product_tag-formacion-en-seguridad","9":"product_tag-gestion-de-riesgos","10":"product_tag-normativa-de-seguridad","11":"product_tag-prevencion-de-amenazas","12":"product_tag-proteccion-maritima","13":"product_tag-seguridad-en-instalaciones-portuarias","14":"product_tag-seguridad-portuaria","15":"product_tag-seguridad-privada","16":"product_tag-vigilancia-en-puertos","18":"first","19":"instock","20":"sale","21":"shipping-taxable","22":"purchasable","23":"product-type-simple"},"yoast_head":"<!-- This site is optimized with the Yoast SEO plugin v27.4 - https:\/\/yoast.com\/product\/yoast-seo-wordpress\/ -->\n<title>T\u00e9cnico en seguridad privada en puertos<\/title>\n<meta name=\"description\" content=\"Desarrolla tus habilidades y mejora tus conocimientos con nuestra formaci\u00f3n de T\u00e9cnico en seguridad privada en puertos\" \/>\n<meta name=\"robots\" content=\"index, follow, max-snippet:-1, max-image-preview:large, max-video-preview:-1\" \/>\n<link rel=\"canonical\" href=\"https:\/\/centro-cee.com\/web\/producto\/tecnico-en-seguridad-privada-en-puertos\/\" \/>\n<meta property=\"og:locale\" content=\"es_ES\" \/>\n<meta property=\"og:type\" content=\"article\" \/>\n<meta property=\"og:title\" content=\"T\u00e9cnico en seguridad privada en puertos\" \/>\n<meta property=\"og:description\" content=\"Desarrolla tus habilidades y mejora tus conocimientos con nuestra formaci\u00f3n de T\u00e9cnico en seguridad privada en puertos\" \/>\n<meta property=\"og:url\" content=\"https:\/\/centro-cee.com\/web\/producto\/tecnico-en-seguridad-privada-en-puertos\/\" \/>\n<meta property=\"og:site_name\" content=\"CEE Centro Europeo E-learning - Cursos online\" \/>\n<meta property=\"article:modified_time\" content=\"2025-03-19T11:44:54+00:00\" \/>\n<meta property=\"og:image\" content=\"https:\/\/centro-cee.com\/web\/wp-content\/uploads\/2024\/12\/Puerto-Banus-2.jpg\" \/>\n\t<meta property=\"og:image:width\" content=\"300\" \/>\n\t<meta property=\"og:image:height\" content=\"225\" \/>\n\t<meta property=\"og:image:type\" content=\"image\/jpeg\" \/>\n<meta name=\"twitter:card\" content=\"summary_large_image\" \/>\n<meta name=\"twitter:label1\" content=\"Tiempo de lectura\" \/>\n\t<meta name=\"twitter:data1\" content=\"3 minutos\" \/>\n<script type=\"application\/ld+json\" class=\"yoast-schema-graph\">{\"@context\":\"https:\\\/\\\/schema.org\",\"@graph\":[{\"@type\":\"WebPage\",\"@id\":\"https:\\\/\\\/centro-cee.com\\\/web\\\/producto\\\/tecnico-en-seguridad-privada-en-puertos\\\/\",\"url\":\"https:\\\/\\\/centro-cee.com\\\/web\\\/producto\\\/tecnico-en-seguridad-privada-en-puertos\\\/\",\"name\":\"T\u00e9cnico en seguridad privada en puertos\",\"isPartOf\":{\"@id\":\"https:\\\/\\\/centro-cee.com\\\/web\\\/#website\"},\"primaryImageOfPage\":{\"@id\":\"https:\\\/\\\/centro-cee.com\\\/web\\\/producto\\\/tecnico-en-seguridad-privada-en-puertos\\\/#primaryimage\"},\"image\":{\"@id\":\"https:\\\/\\\/centro-cee.com\\\/web\\\/producto\\\/tecnico-en-seguridad-privada-en-puertos\\\/#primaryimage\"},\"thumbnailUrl\":\"https:\\\/\\\/centro-cee.com\\\/web\\\/wp-content\\\/uploads\\\/2024\\\/12\\\/Puerto-Banus-2.jpg\",\"datePublished\":\"2024-12-17T13:28:00+00:00\",\"dateModified\":\"2025-03-19T11:44:54+00:00\",\"description\":\"Desarrolla tus habilidades y mejora tus conocimientos con nuestra formaci\u00f3n de T\u00e9cnico en seguridad privada en puertos\",\"breadcrumb\":{\"@id\":\"https:\\\/\\\/centro-cee.com\\\/web\\\/producto\\\/tecnico-en-seguridad-privada-en-puertos\\\/#breadcrumb\"},\"inLanguage\":\"es\",\"potentialAction\":[{\"@type\":\"ReadAction\",\"target\":[\"https:\\\/\\\/centro-cee.com\\\/web\\\/producto\\\/tecnico-en-seguridad-privada-en-puertos\\\/\"]}]},{\"@type\":\"ImageObject\",\"inLanguage\":\"es\",\"@id\":\"https:\\\/\\\/centro-cee.com\\\/web\\\/producto\\\/tecnico-en-seguridad-privada-en-puertos\\\/#primaryimage\",\"url\":\"https:\\\/\\\/centro-cee.com\\\/web\\\/wp-content\\\/uploads\\\/2024\\\/12\\\/Puerto-Banus-2.jpg\",\"contentUrl\":\"https:\\\/\\\/centro-cee.com\\\/web\\\/wp-content\\\/uploads\\\/2024\\\/12\\\/Puerto-Banus-2.jpg\",\"width\":300,\"height\":225,\"caption\":\"T\u00e9cnico en seguridad privada en puertos\"},{\"@type\":\"BreadcrumbList\",\"@id\":\"https:\\\/\\\/centro-cee.com\\\/web\\\/producto\\\/tecnico-en-seguridad-privada-en-puertos\\\/#breadcrumb\",\"itemListElement\":[{\"@type\":\"ListItem\",\"position\":1,\"name\":\"Portada\",\"item\":\"https:\\\/\\\/centro-cee.com\\\/web\\\/\"},{\"@type\":\"ListItem\",\"position\":2,\"name\":\"T\u00e9cnico en seguridad privada en puertos\"}]},{\"@type\":\"WebSite\",\"@id\":\"https:\\\/\\\/centro-cee.com\\\/web\\\/#website\",\"url\":\"https:\\\/\\\/centro-cee.com\\\/web\\\/\",\"name\":\"Centro Europeo E-learning\",\"description\":\"CEE Formaci\u00f3n Online\",\"publisher\":{\"@id\":\"https:\\\/\\\/centro-cee.com\\\/web\\\/#organization\"},\"alternateName\":\"Centro Online de Formaci\u00f3n\",\"potentialAction\":[{\"@type\":\"SearchAction\",\"target\":{\"@type\":\"EntryPoint\",\"urlTemplate\":\"https:\\\/\\\/centro-cee.com\\\/web\\\/?s={search_term_string}\"},\"query-input\":{\"@type\":\"PropertyValueSpecification\",\"valueRequired\":true,\"valueName\":\"search_term_string\"}}],\"inLanguage\":\"es\"},{\"@type\":\"Organization\",\"@id\":\"https:\\\/\\\/centro-cee.com\\\/web\\\/#organization\",\"name\":\"Centro Europeo E-learning CEE\",\"url\":\"https:\\\/\\\/centro-cee.com\\\/web\\\/\",\"logo\":{\"@type\":\"ImageObject\",\"inLanguage\":\"es\",\"@id\":\"https:\\\/\\\/centro-cee.com\\\/web\\\/#\\\/schema\\\/logo\\\/image\\\/\",\"url\":\"https:\\\/\\\/centro-cee.com\\\/web\\\/wp-content\\\/uploads\\\/2022\\\/12\\\/cropped-logo_educa.png\",\"contentUrl\":\"https:\\\/\\\/centro-cee.com\\\/web\\\/wp-content\\\/uploads\\\/2022\\\/12\\\/cropped-logo_educa.png\",\"width\":157,\"height\":63,\"caption\":\"Centro Europeo E-learning CEE\"},\"image\":{\"@id\":\"https:\\\/\\\/centro-cee.com\\\/web\\\/#\\\/schema\\\/logo\\\/image\\\/\"},\"sameAs\":[\"https:\\\/\\\/www.instagram.com\\\/centroeuropeo_cee\"]}]}<\/script>\n<!-- \/ Yoast SEO plugin. -->","yoast_head_json":{"title":"T\u00e9cnico en seguridad privada en puertos","description":"Desarrolla tus habilidades y mejora tus conocimientos con nuestra formaci\u00f3n de T\u00e9cnico en seguridad privada en puertos","robots":{"index":"index","follow":"follow","max-snippet":"max-snippet:-1","max-image-preview":"max-image-preview:large","max-video-preview":"max-video-preview:-1"},"canonical":"https:\/\/centro-cee.com\/web\/producto\/tecnico-en-seguridad-privada-en-puertos\/","og_locale":"es_ES","og_type":"article","og_title":"T\u00e9cnico en seguridad privada en puertos","og_description":"Desarrolla tus habilidades y mejora tus conocimientos con nuestra formaci\u00f3n de T\u00e9cnico en seguridad privada en puertos","og_url":"https:\/\/centro-cee.com\/web\/producto\/tecnico-en-seguridad-privada-en-puertos\/","og_site_name":"CEE Centro Europeo E-learning - Cursos online","article_modified_time":"2025-03-19T11:44:54+00:00","og_image":[{"width":300,"height":225,"url":"https:\/\/centro-cee.com\/web\/wp-content\/uploads\/2024\/12\/Puerto-Banus-2.jpg","type":"image\/jpeg"}],"twitter_card":"summary_large_image","twitter_misc":{"Tiempo de lectura":"3 minutos"},"schema":{"@context":"https:\/\/schema.org","@graph":[{"@type":"WebPage","@id":"https:\/\/centro-cee.com\/web\/producto\/tecnico-en-seguridad-privada-en-puertos\/","url":"https:\/\/centro-cee.com\/web\/producto\/tecnico-en-seguridad-privada-en-puertos\/","name":"T\u00e9cnico en seguridad privada en puertos","isPartOf":{"@id":"https:\/\/centro-cee.com\/web\/#website"},"primaryImageOfPage":{"@id":"https:\/\/centro-cee.com\/web\/producto\/tecnico-en-seguridad-privada-en-puertos\/#primaryimage"},"image":{"@id":"https:\/\/centro-cee.com\/web\/producto\/tecnico-en-seguridad-privada-en-puertos\/#primaryimage"},"thumbnailUrl":"https:\/\/centro-cee.com\/web\/wp-content\/uploads\/2024\/12\/Puerto-Banus-2.jpg","datePublished":"2024-12-17T13:28:00+00:00","dateModified":"2025-03-19T11:44:54+00:00","description":"Desarrolla tus habilidades y mejora tus conocimientos con nuestra formaci\u00f3n de T\u00e9cnico en seguridad privada en puertos","breadcrumb":{"@id":"https:\/\/centro-cee.com\/web\/producto\/tecnico-en-seguridad-privada-en-puertos\/#breadcrumb"},"inLanguage":"es","potentialAction":[{"@type":"ReadAction","target":["https:\/\/centro-cee.com\/web\/producto\/tecnico-en-seguridad-privada-en-puertos\/"]}]},{"@type":"ImageObject","inLanguage":"es","@id":"https:\/\/centro-cee.com\/web\/producto\/tecnico-en-seguridad-privada-en-puertos\/#primaryimage","url":"https:\/\/centro-cee.com\/web\/wp-content\/uploads\/2024\/12\/Puerto-Banus-2.jpg","contentUrl":"https:\/\/centro-cee.com\/web\/wp-content\/uploads\/2024\/12\/Puerto-Banus-2.jpg","width":300,"height":225,"caption":"T\u00e9cnico en seguridad privada en puertos"},{"@type":"BreadcrumbList","@id":"https:\/\/centro-cee.com\/web\/producto\/tecnico-en-seguridad-privada-en-puertos\/#breadcrumb","itemListElement":[{"@type":"ListItem","position":1,"name":"Portada","item":"https:\/\/centro-cee.com\/web\/"},{"@type":"ListItem","position":2,"name":"T\u00e9cnico en seguridad privada en puertos"}]},{"@type":"WebSite","@id":"https:\/\/centro-cee.com\/web\/#website","url":"https:\/\/centro-cee.com\/web\/","name":"Centro Europeo E-learning","description":"CEE Formaci\u00f3n Online","publisher":{"@id":"https:\/\/centro-cee.com\/web\/#organization"},"alternateName":"Centro Online de Formaci\u00f3n","potentialAction":[{"@type":"SearchAction","target":{"@type":"EntryPoint","urlTemplate":"https:\/\/centro-cee.com\/web\/?s={search_term_string}"},"query-input":{"@type":"PropertyValueSpecification","valueRequired":true,"valueName":"search_term_string"}}],"inLanguage":"es"},{"@type":"Organization","@id":"https:\/\/centro-cee.com\/web\/#organization","name":"Centro Europeo E-learning CEE","url":"https:\/\/centro-cee.com\/web\/","logo":{"@type":"ImageObject","inLanguage":"es","@id":"https:\/\/centro-cee.com\/web\/#\/schema\/logo\/image\/","url":"https:\/\/centro-cee.com\/web\/wp-content\/uploads\/2022\/12\/cropped-logo_educa.png","contentUrl":"https:\/\/centro-cee.com\/web\/wp-content\/uploads\/2022\/12\/cropped-logo_educa.png","width":157,"height":63,"caption":"Centro Europeo E-learning CEE"},"image":{"@id":"https:\/\/centro-cee.com\/web\/#\/schema\/logo\/image\/"},"sameAs":["https:\/\/www.instagram.com\/centroeuropeo_cee"]}]}},"_links":{"self":[{"href":"https:\/\/centro-cee.com\/web\/wp-json\/wp\/v2\/product\/1889","targetHints":{"allow":["GET"]}}],"collection":[{"href":"https:\/\/centro-cee.com\/web\/wp-json\/wp\/v2\/product"}],"about":[{"href":"https:\/\/centro-cee.com\/web\/wp-json\/wp\/v2\/types\/product"}],"replies":[{"embeddable":true,"href":"https:\/\/centro-cee.com\/web\/wp-json\/wp\/v2\/comments?post=1889"}],"wp:featuredmedia":[{"embeddable":true,"href":"https:\/\/centro-cee.com\/web\/wp-json\/wp\/v2\/media\/1890"}],"wp:attachment":[{"href":"https:\/\/centro-cee.com\/web\/wp-json\/wp\/v2\/media?parent=1889"}],"wp:term":[{"taxonomy":"product_brand","embeddable":true,"href":"https:\/\/centro-cee.com\/web\/wp-json\/wp\/v2\/product_brand?post=1889"},{"taxonomy":"product_cat","embeddable":true,"href":"https:\/\/centro-cee.com\/web\/wp-json\/wp\/v2\/product_cat?post=1889"},{"taxonomy":"product_tag","embeddable":true,"href":"https:\/\/centro-cee.com\/web\/wp-json\/wp\/v2\/product_tag?post=1889"}],"curies":[{"name":"wp","href":"https:\/\/api.w.org\/{rel}","templated":true}]}}