{"id":1886,"date":"2024-12-17T13:24:31","date_gmt":"2024-12-17T13:24:31","guid":{"rendered":"https:\/\/centro-cee.com\/web\/?post_type=product&#038;p=1886"},"modified":"2025-03-19T11:45:16","modified_gmt":"2025-03-19T11:45:16","slug":"tecnico-en-seguridad-privada-con-unidad-canina","status":"publish","type":"product","link":"https:\/\/centro-cee.com\/web\/producto\/tecnico-en-seguridad-privada-con-unidad-canina\/","title":{"rendered":"T\u00e9cnico en seguridad privada con unidad canina"},"content":{"rendered":"<p><a href=\"https:\/\/centro-cee.com\/web\/formaciones\/\">Atr\u00e1s<\/a><\/p>\n<p><em><strong>T\u00e9cnico en seguridad privada con unidad canina<\/strong><\/em><\/p>\n<p>Toda esta informaci\u00f3n se realiza 100% online en nuestro campus online de formaci\u00f3n.<\/p>\n<p>Las tutor\u00edas se realizan directamente desde el campus de estudio con la opci\u00f3n de mensajer\u00eda a profesores. Las tutorias son \u201ca demanda\u201d, cuando necesites soporte nos lo pides.<\/p>\n<p>Los t\u00edtulos de Centro CEE est\u00e1n autenticados por la firma de notario que valida contenidos y autenticidad a nivel internacional. Nuestra organizaci\u00f3n pertenece a la Asociaci\u00f3n Espa\u00f1ola de Calidad, organizaci\u00f3n Espa\u00f1ola de referencia para la calidad\u00a0en la formaci\u00f3n de auxiliar de enfermer\u00eda. La certificaci\u00f3n se puede apostillar por la Haya para cualquier pa\u00eds firmante del convenio de la Haya.<\/p>\n<p>Se puede pagar a plazos.<\/p>\n<p>Carga horaria de la formaci\u00f3n: 300h<\/p>\n<p>&nbsp;<\/p>\n<h2>Temario<\/h2>\n<hr \/>\n<p>TEMARIO:<\/p>\n<p>1. M\u00d3DULO 1. SEGURIDAD PRIVADA CON UNIDAD CANINA<\/p>\n<p>UNIDAD DID\u00c1CTICA 1. ORDENAMIENTO JUR\u00cdDICO ESPA\u00d1OL Y SEGURIDAD PRIVADA<\/p>\n<p>1. Ordenamiento estatal y de las Comunidades Aut\u00f3nomas<br \/>\n2. El Derecho Comunitario<br \/>\n3. Clases de normas jur\u00eddicas<br \/>\n4. Fuentes del Derecho<br \/>\n5. Leyes Org\u00e1nicas<br \/>\n6. Reglamento<br \/>\n7. Las personas jur\u00eddicas<br \/>\n8. Representaci\u00f3n legal y voluntaria<br \/>\n9. Protecci\u00f3n y garant\u00eda de los derechos fundamentales<\/p>\n<p>UNIDAD DID\u00c1CTICA 2. LEGISLACI\u00d3N EN MATERIA DE SEGURIDAD PRIVADA<\/p>\n<p>1. Introducci\u00f3n<br \/>\n2. Disposiciones generales<br \/>\n3. Competencias de la Administraci\u00f3n General de Estado y de las Comunidades Aut\u00f3nomas<\/p>\n<p>UNIDAD DID\u00c1CTICA 3. PERSONAL Y SERVICIOS DE SEGURIDAD PRIVADA<\/p>\n<p>1. Personal de Seguridad Privada<br \/>\n2. Servicios de la Seguridad Privada<\/p>\n<p>UNIDAD DID\u00c1CTICA 4. MEDIDAS DE SEGURIDAD PRIVADA<\/p>\n<p>1. Adopci\u00f3n de medidas<br \/>\n2. Tipos de medidas<br \/>\n3. Control administrativo<br \/>\n4. Infracciones<br \/>\n5. Sanciones<br \/>\n6. Procedimiento<\/p>\n<p>UNIDAD DID\u00c1CTICA 5. REGLAMENTO DE SEGURIDAD PRIVADA<\/p>\n<p>1. Reglamento de Seguridad Privada<\/p>\n<p>UNIDAD DID\u00c1CTICA 6. NORMATIVAS EUROPEAS<\/p>\n<p>1. Introducci\u00f3n<br \/>\n2. Declaraci\u00f3n conjunta del CoESS y UNI-Europa<\/p>\n<p>UNIDAD DID\u00c1CTICA 7. DERECHO PENAL Y PROCESAL<\/p>\n<p>1. Derecho penal<br \/>\n2. Derecho procesal<\/p>\n<p>UNIDAD DID\u00c1CTICA 8. DERECHO DE LOS CIUDADANOS<\/p>\n<p>1. Derecho de acceso, cancelaci\u00f3n, rectificaci\u00f3n y oposici\u00f3n<br \/>\n2. Derecho de Indemnizaci\u00f3n<br \/>\n3. Derecho de Informaci\u00f3n<br \/>\n4. Derecho de Impugnaci\u00f3n<br \/>\n5. Derecho de consulta al Registro General de Protecci\u00f3n de Datos<br \/>\n6. Derecho de Exclusi\u00f3n de las gu\u00edas telef\u00f3nicas<br \/>\n7. Derecho a no recibir publicidad no deseada<br \/>\n8. Impugnaci\u00f3n de valoraciones<br \/>\n9. Tutela de los derechos<\/p>\n<p>UNIDAD DID\u00c1CTICA 9. PRIMEROS AUXILIOS<\/p>\n<p>1. Introducci\u00f3n<br \/>\n2. Principios generales de primeros auxilios<br \/>\n3. Asistencias<br \/>\n4. T\u00e9cnicas de reanimaci\u00f3n, RCP b\u00e1sicas<br \/>\n5. Estados de Shock<br \/>\n6. Heridas y hemorragias<br \/>\n7. Quemaduras<br \/>\n8. Fracturas y contusiones<br \/>\n9. Intoxicaci\u00f3n<\/p>\n<p>UNIDAD DID\u00c1CTICA 10. SEGURIDAD CON UNIDAD CANINA<\/p>\n<p>1. Introducci\u00f3n<br \/>\n2. El perro<br \/>\n3. Adiestramiento b\u00e1sico<br \/>\n4. Adiestramiento de perros en operaciones de defensa y vigilancia<br \/>\n5. Adiestramiento de perros en operaciones de b\u00fasqueda y detecci\u00f3n de sustancias olorosas<br \/>\n6. Adiestramiento de perros en operaciones de detecci\u00f3n, b\u00fasqueda, salvamento y rescate de v\u00edctimas<br \/>\n7. Primeros auxilios aplicados a los perros<br \/>\n8. Cuidados e higiene canina<br \/>\n9. Normativa<\/p>\n<p><em><strong>T\u00e9cnico en seguridad privada con unidad canina<\/strong><\/em><\/p>\n<hr \/>\n","protected":false},"excerpt":{"rendered":"<p><a href=\"https:\/\/centro-cee.com\/web\/formaciones\/\">Atr\u00e1s<\/a><\/p>\n<p>Si quieres capacitarte para formar parte del \u00e1mbito de la seguridad privada, en el portal formativo puedes encontrar la capacitaci\u00f3n ideal para ti. Se trata del curso de T\u00e9cnico en seguridad privada con unidad canina. El cual es impartido por el Centro Europeo E-learning  bajo la modalidad online.<\/p>\n<p>La seguridad privada permite que cualquier persona o empresa disponga de profesionales de la seguridad que act\u00faan en defensa de nuestros intereses, garantizando la seguridad de las personas y cosas de inter\u00e9s para los clientes. Adem\u00e1s, la especialidad de las unidades caninas es el complemento ideal para profesionales de este sector pues permite acceder a un mayor n\u00famero de servicios. Es por esa raz\u00f3n que, para que t\u00fa te dedique a este sector, aqu\u00ed desarrollas algunos de los siguientes temas: todo lo relacionado al marco jur\u00eddico concerniente a este cargo, la impugnaci\u00f3n de valores, los principios generales de primeros auxilios, y el adiestramiento de perros en operaciones de defensa y vigilancia.<br \/>\nEsta capacitaci\u00f3n conlleva un per\u00edodo de desarrollo completamente flexible, lo que te permite disponer de una gran  flexibilidad horaria para que logres adaptar el plan de formaci\u00f3n a tus necesidades, adem\u00e1s de la asistencia de un tutor dispuesto a acompa\u00f1arte en toda tu formaci\u00f3n, el acceso a un campus online y un servicio de consultas, asegurando as\u00ed tu \u00f3ptima capacitaci\u00f3n. <\/p>\n","protected":false},"featured_media":1887,"comment_status":"closed","ping_status":"closed","template":"","meta":[],"product_brand":[],"product_cat":[34],"product_tag":[490,1944,1952,1955,1954,1953,1950,1939,1949,1951],"class_list":{"0":"post-1886","1":"product","2":"type-product","3":"status-publish","4":"has-post-thumbnail","6":"product_cat-tecnicos","7":"product_tag-adiestramiento-canino","8":"product_tag-control-de-accesos","9":"product_tag-deteccion-de-sustancias","10":"product_tag-formacion-en-seguridad-canina","11":"product_tag-manejo-de-perros-de-seguridad","12":"product_tag-proteccion-con-perros","13":"product_tag-seguridad-con-perros","14":"product_tag-seguridad-privada","15":"product_tag-unidad-canina","16":"product_tag-vigilancia-con-perros","18":"first","19":"instock","20":"sale","21":"shipping-taxable","22":"purchasable","23":"product-type-simple"},"yoast_head":"<!-- This site is optimized with the Yoast SEO plugin v27.4 - https:\/\/yoast.com\/product\/yoast-seo-wordpress\/ -->\n<title>T\u00e9cnico en seguridad privada con unidad canina<\/title>\n<meta name=\"description\" content=\"Desarrolla tus habilidades y mejora tus conocimientos con nuestra formaci\u00f3n de T\u00e9cnico en seguridad privada con unidad canina\" \/>\n<meta name=\"robots\" content=\"index, follow, max-snippet:-1, max-image-preview:large, max-video-preview:-1\" \/>\n<link rel=\"canonical\" href=\"https:\/\/centro-cee.com\/web\/producto\/tecnico-en-seguridad-privada-con-unidad-canina\/\" \/>\n<meta property=\"og:locale\" content=\"es_ES\" \/>\n<meta property=\"og:type\" content=\"article\" \/>\n<meta property=\"og:title\" content=\"T\u00e9cnico en seguridad privada con unidad canina\" \/>\n<meta property=\"og:description\" content=\"Desarrolla tus habilidades y mejora tus conocimientos con nuestra formaci\u00f3n de T\u00e9cnico en seguridad privada con unidad canina\" \/>\n<meta property=\"og:url\" content=\"https:\/\/centro-cee.com\/web\/producto\/tecnico-en-seguridad-privada-con-unidad-canina\/\" \/>\n<meta property=\"og:site_name\" content=\"CEE Centro Europeo E-learning - Cursos online\" \/>\n<meta property=\"article:modified_time\" content=\"2025-03-19T11:45:16+00:00\" \/>\n<meta property=\"og:image\" content=\"https:\/\/centro-cee.com\/web\/wp-content\/uploads\/2024\/12\/grupocontrol-014-fuegoestudio-scaled-1.jpg\" \/>\n\t<meta property=\"og:image:width\" content=\"2560\" \/>\n\t<meta property=\"og:image:height\" content=\"1709\" \/>\n\t<meta property=\"og:image:type\" content=\"image\/jpeg\" \/>\n<meta name=\"twitter:card\" content=\"summary_large_image\" \/>\n<meta name=\"twitter:label1\" content=\"Tiempo de lectura\" \/>\n\t<meta name=\"twitter:data1\" content=\"2 minutos\" \/>\n<script type=\"application\/ld+json\" class=\"yoast-schema-graph\">{\"@context\":\"https:\\\/\\\/schema.org\",\"@graph\":[{\"@type\":\"WebPage\",\"@id\":\"https:\\\/\\\/centro-cee.com\\\/web\\\/producto\\\/tecnico-en-seguridad-privada-con-unidad-canina\\\/\",\"url\":\"https:\\\/\\\/centro-cee.com\\\/web\\\/producto\\\/tecnico-en-seguridad-privada-con-unidad-canina\\\/\",\"name\":\"T\u00e9cnico en seguridad privada con unidad canina\",\"isPartOf\":{\"@id\":\"https:\\\/\\\/centro-cee.com\\\/web\\\/#website\"},\"primaryImageOfPage\":{\"@id\":\"https:\\\/\\\/centro-cee.com\\\/web\\\/producto\\\/tecnico-en-seguridad-privada-con-unidad-canina\\\/#primaryimage\"},\"image\":{\"@id\":\"https:\\\/\\\/centro-cee.com\\\/web\\\/producto\\\/tecnico-en-seguridad-privada-con-unidad-canina\\\/#primaryimage\"},\"thumbnailUrl\":\"https:\\\/\\\/centro-cee.com\\\/web\\\/wp-content\\\/uploads\\\/2024\\\/12\\\/grupocontrol-014-fuegoestudio-scaled-1.jpg\",\"datePublished\":\"2024-12-17T13:24:31+00:00\",\"dateModified\":\"2025-03-19T11:45:16+00:00\",\"description\":\"Desarrolla tus habilidades y mejora tus conocimientos con nuestra formaci\u00f3n de T\u00e9cnico en seguridad privada con unidad canina\",\"breadcrumb\":{\"@id\":\"https:\\\/\\\/centro-cee.com\\\/web\\\/producto\\\/tecnico-en-seguridad-privada-con-unidad-canina\\\/#breadcrumb\"},\"inLanguage\":\"es\",\"potentialAction\":[{\"@type\":\"ReadAction\",\"target\":[\"https:\\\/\\\/centro-cee.com\\\/web\\\/producto\\\/tecnico-en-seguridad-privada-con-unidad-canina\\\/\"]}]},{\"@type\":\"ImageObject\",\"inLanguage\":\"es\",\"@id\":\"https:\\\/\\\/centro-cee.com\\\/web\\\/producto\\\/tecnico-en-seguridad-privada-con-unidad-canina\\\/#primaryimage\",\"url\":\"https:\\\/\\\/centro-cee.com\\\/web\\\/wp-content\\\/uploads\\\/2024\\\/12\\\/grupocontrol-014-fuegoestudio-scaled-1.jpg\",\"contentUrl\":\"https:\\\/\\\/centro-cee.com\\\/web\\\/wp-content\\\/uploads\\\/2024\\\/12\\\/grupocontrol-014-fuegoestudio-scaled-1.jpg\",\"width\":2560,\"height\":1709,\"caption\":\"T\u00e9cnico en seguridad privada con unidad canina\"},{\"@type\":\"BreadcrumbList\",\"@id\":\"https:\\\/\\\/centro-cee.com\\\/web\\\/producto\\\/tecnico-en-seguridad-privada-con-unidad-canina\\\/#breadcrumb\",\"itemListElement\":[{\"@type\":\"ListItem\",\"position\":1,\"name\":\"Portada\",\"item\":\"https:\\\/\\\/centro-cee.com\\\/web\\\/\"},{\"@type\":\"ListItem\",\"position\":2,\"name\":\"T\u00e9cnico en seguridad privada con unidad canina\"}]},{\"@type\":\"WebSite\",\"@id\":\"https:\\\/\\\/centro-cee.com\\\/web\\\/#website\",\"url\":\"https:\\\/\\\/centro-cee.com\\\/web\\\/\",\"name\":\"Centro Europeo E-learning\",\"description\":\"CEE Formaci\u00f3n Online\",\"publisher\":{\"@id\":\"https:\\\/\\\/centro-cee.com\\\/web\\\/#organization\"},\"alternateName\":\"Centro Online de Formaci\u00f3n\",\"potentialAction\":[{\"@type\":\"SearchAction\",\"target\":{\"@type\":\"EntryPoint\",\"urlTemplate\":\"https:\\\/\\\/centro-cee.com\\\/web\\\/?s={search_term_string}\"},\"query-input\":{\"@type\":\"PropertyValueSpecification\",\"valueRequired\":true,\"valueName\":\"search_term_string\"}}],\"inLanguage\":\"es\"},{\"@type\":\"Organization\",\"@id\":\"https:\\\/\\\/centro-cee.com\\\/web\\\/#organization\",\"name\":\"Centro Europeo E-learning CEE\",\"url\":\"https:\\\/\\\/centro-cee.com\\\/web\\\/\",\"logo\":{\"@type\":\"ImageObject\",\"inLanguage\":\"es\",\"@id\":\"https:\\\/\\\/centro-cee.com\\\/web\\\/#\\\/schema\\\/logo\\\/image\\\/\",\"url\":\"https:\\\/\\\/centro-cee.com\\\/web\\\/wp-content\\\/uploads\\\/2022\\\/12\\\/cropped-logo_educa.png\",\"contentUrl\":\"https:\\\/\\\/centro-cee.com\\\/web\\\/wp-content\\\/uploads\\\/2022\\\/12\\\/cropped-logo_educa.png\",\"width\":157,\"height\":63,\"caption\":\"Centro Europeo E-learning CEE\"},\"image\":{\"@id\":\"https:\\\/\\\/centro-cee.com\\\/web\\\/#\\\/schema\\\/logo\\\/image\\\/\"},\"sameAs\":[\"https:\\\/\\\/www.instagram.com\\\/centroeuropeo_cee\"]}]}<\/script>\n<!-- \/ Yoast SEO plugin. -->","yoast_head_json":{"title":"T\u00e9cnico en seguridad privada con unidad canina","description":"Desarrolla tus habilidades y mejora tus conocimientos con nuestra formaci\u00f3n de T\u00e9cnico en seguridad privada con unidad canina","robots":{"index":"index","follow":"follow","max-snippet":"max-snippet:-1","max-image-preview":"max-image-preview:large","max-video-preview":"max-video-preview:-1"},"canonical":"https:\/\/centro-cee.com\/web\/producto\/tecnico-en-seguridad-privada-con-unidad-canina\/","og_locale":"es_ES","og_type":"article","og_title":"T\u00e9cnico en seguridad privada con unidad canina","og_description":"Desarrolla tus habilidades y mejora tus conocimientos con nuestra formaci\u00f3n de T\u00e9cnico en seguridad privada con unidad canina","og_url":"https:\/\/centro-cee.com\/web\/producto\/tecnico-en-seguridad-privada-con-unidad-canina\/","og_site_name":"CEE Centro Europeo E-learning - Cursos online","article_modified_time":"2025-03-19T11:45:16+00:00","og_image":[{"width":2560,"height":1709,"url":"https:\/\/centro-cee.com\/web\/wp-content\/uploads\/2024\/12\/grupocontrol-014-fuegoestudio-scaled-1.jpg","type":"image\/jpeg"}],"twitter_card":"summary_large_image","twitter_misc":{"Tiempo de lectura":"2 minutos"},"schema":{"@context":"https:\/\/schema.org","@graph":[{"@type":"WebPage","@id":"https:\/\/centro-cee.com\/web\/producto\/tecnico-en-seguridad-privada-con-unidad-canina\/","url":"https:\/\/centro-cee.com\/web\/producto\/tecnico-en-seguridad-privada-con-unidad-canina\/","name":"T\u00e9cnico en seguridad privada con unidad canina","isPartOf":{"@id":"https:\/\/centro-cee.com\/web\/#website"},"primaryImageOfPage":{"@id":"https:\/\/centro-cee.com\/web\/producto\/tecnico-en-seguridad-privada-con-unidad-canina\/#primaryimage"},"image":{"@id":"https:\/\/centro-cee.com\/web\/producto\/tecnico-en-seguridad-privada-con-unidad-canina\/#primaryimage"},"thumbnailUrl":"https:\/\/centro-cee.com\/web\/wp-content\/uploads\/2024\/12\/grupocontrol-014-fuegoestudio-scaled-1.jpg","datePublished":"2024-12-17T13:24:31+00:00","dateModified":"2025-03-19T11:45:16+00:00","description":"Desarrolla tus habilidades y mejora tus conocimientos con nuestra formaci\u00f3n de T\u00e9cnico en seguridad privada con unidad canina","breadcrumb":{"@id":"https:\/\/centro-cee.com\/web\/producto\/tecnico-en-seguridad-privada-con-unidad-canina\/#breadcrumb"},"inLanguage":"es","potentialAction":[{"@type":"ReadAction","target":["https:\/\/centro-cee.com\/web\/producto\/tecnico-en-seguridad-privada-con-unidad-canina\/"]}]},{"@type":"ImageObject","inLanguage":"es","@id":"https:\/\/centro-cee.com\/web\/producto\/tecnico-en-seguridad-privada-con-unidad-canina\/#primaryimage","url":"https:\/\/centro-cee.com\/web\/wp-content\/uploads\/2024\/12\/grupocontrol-014-fuegoestudio-scaled-1.jpg","contentUrl":"https:\/\/centro-cee.com\/web\/wp-content\/uploads\/2024\/12\/grupocontrol-014-fuegoestudio-scaled-1.jpg","width":2560,"height":1709,"caption":"T\u00e9cnico en seguridad privada con unidad canina"},{"@type":"BreadcrumbList","@id":"https:\/\/centro-cee.com\/web\/producto\/tecnico-en-seguridad-privada-con-unidad-canina\/#breadcrumb","itemListElement":[{"@type":"ListItem","position":1,"name":"Portada","item":"https:\/\/centro-cee.com\/web\/"},{"@type":"ListItem","position":2,"name":"T\u00e9cnico en seguridad privada con unidad canina"}]},{"@type":"WebSite","@id":"https:\/\/centro-cee.com\/web\/#website","url":"https:\/\/centro-cee.com\/web\/","name":"Centro Europeo E-learning","description":"CEE Formaci\u00f3n Online","publisher":{"@id":"https:\/\/centro-cee.com\/web\/#organization"},"alternateName":"Centro Online de Formaci\u00f3n","potentialAction":[{"@type":"SearchAction","target":{"@type":"EntryPoint","urlTemplate":"https:\/\/centro-cee.com\/web\/?s={search_term_string}"},"query-input":{"@type":"PropertyValueSpecification","valueRequired":true,"valueName":"search_term_string"}}],"inLanguage":"es"},{"@type":"Organization","@id":"https:\/\/centro-cee.com\/web\/#organization","name":"Centro Europeo E-learning CEE","url":"https:\/\/centro-cee.com\/web\/","logo":{"@type":"ImageObject","inLanguage":"es","@id":"https:\/\/centro-cee.com\/web\/#\/schema\/logo\/image\/","url":"https:\/\/centro-cee.com\/web\/wp-content\/uploads\/2022\/12\/cropped-logo_educa.png","contentUrl":"https:\/\/centro-cee.com\/web\/wp-content\/uploads\/2022\/12\/cropped-logo_educa.png","width":157,"height":63,"caption":"Centro Europeo E-learning CEE"},"image":{"@id":"https:\/\/centro-cee.com\/web\/#\/schema\/logo\/image\/"},"sameAs":["https:\/\/www.instagram.com\/centroeuropeo_cee"]}]}},"_links":{"self":[{"href":"https:\/\/centro-cee.com\/web\/wp-json\/wp\/v2\/product\/1886","targetHints":{"allow":["GET"]}}],"collection":[{"href":"https:\/\/centro-cee.com\/web\/wp-json\/wp\/v2\/product"}],"about":[{"href":"https:\/\/centro-cee.com\/web\/wp-json\/wp\/v2\/types\/product"}],"replies":[{"embeddable":true,"href":"https:\/\/centro-cee.com\/web\/wp-json\/wp\/v2\/comments?post=1886"}],"wp:featuredmedia":[{"embeddable":true,"href":"https:\/\/centro-cee.com\/web\/wp-json\/wp\/v2\/media\/1887"}],"wp:attachment":[{"href":"https:\/\/centro-cee.com\/web\/wp-json\/wp\/v2\/media?parent=1886"}],"wp:term":[{"taxonomy":"product_brand","embeddable":true,"href":"https:\/\/centro-cee.com\/web\/wp-json\/wp\/v2\/product_brand?post=1886"},{"taxonomy":"product_cat","embeddable":true,"href":"https:\/\/centro-cee.com\/web\/wp-json\/wp\/v2\/product_cat?post=1886"},{"taxonomy":"product_tag","embeddable":true,"href":"https:\/\/centro-cee.com\/web\/wp-json\/wp\/v2\/product_tag?post=1886"}],"curies":[{"name":"wp","href":"https:\/\/api.w.org\/{rel}","templated":true}]}}