{"id":1878,"date":"2024-12-17T13:10:13","date_gmt":"2024-12-17T13:10:13","guid":{"rendered":"https:\/\/centro-cee.com\/web\/?post_type=product&#038;p=1878"},"modified":"2026-03-13T17:06:58","modified_gmt":"2026-03-13T17:06:58","slug":"psicologia-forense-perito-judicial","status":"publish","type":"product","link":"https:\/\/centro-cee.com\/web\/producto\/psicologia-forense-perito-judicial\/","title":{"rendered":"Psicolog\u00eda forense, perito judicial"},"content":{"rendered":"<p><a href=\"https:\/\/centro-cee.com\/web\/formaciones\/\">Atr\u00e1s<\/a><\/p>\n<p><em><strong>Psicolog\u00eda forense, perito judicial<\/strong><\/em><\/p>\n<p>Toda esta informaci\u00f3n se realiza 100% online en nuestro campus online de formaci\u00f3n.<\/p>\n<p>Las tutor\u00edas se realizan directamente desde el campus de estudio con la opci\u00f3n de mensajer\u00eda a profesores. Las tutorias son \u201ca demanda\u201d, cuando necesites soporte nos lo pides.<\/p>\n<p>Los t\u00edtulos de Centro CEE est\u00e1n autenticados por la firma de notario que valida contenidos y autenticidad a nivel internacional. Nuestra organizaci\u00f3n pertenece a la Asociaci\u00f3n Espa\u00f1ola de Calidad, organizaci\u00f3n Espa\u00f1ola de referencia para la calidad\u00a0en la formaci\u00f3n de auxiliar de enfermer\u00eda. La certificaci\u00f3n se puede apostillar por la Haya para cualquier pa\u00eds firmante del convenio de la Haya.<\/p>\n<p>Se puede pagar a plazos.<\/p>\n<p>Carga horaria de la formaci\u00f3n: 350h<\/p>\n<p>&nbsp;<\/p>\n<h2>Temario<\/h2>\n<hr \/>\n<p>1. M\u00d3DULO 1. PERITO JUDICIAL<br \/>\nUNIDAD DID\u00c1CTICA 1. PERITACI\u00d3N Y TASACI\u00d3N<br \/>\n1. Delimitaci\u00f3n de los t\u00e9rminos peritaje y tasaci\u00f3n<br \/>\n2. La peritaci\u00f3n<br \/>\n3. La tasaci\u00f3n pericial<br \/>\nUNIDAD DID\u00c1CTICA 2. NORMATIVA B\u00c1SICA NACIONAL<br \/>\n1. Ley Org\u00e1nica 6\/1985, de 1 de julio, del Poder Judicial<br \/>\n2. Ley 1\/2000, de 7 de enero, de Enjuiciamiento Civil<br \/>\n3. Ley de Enjuiciamiento Criminal, de 1882<br \/>\n4. Ley 1\/1996, de 10 de enero, de Asistencia Jur\u00eddica Gratuita<br \/>\nUNIDAD DID\u00c1CTICA 3. LAS PRUEBAS JUDICIALES Y EXTRAJUDICIALES<br \/>\n1. Concepto de prueba<br \/>\n2. Medios de prueba<br \/>\n3. Clases de pruebas<br \/>\n4. Principales \u00e1mbitos de actuaci\u00f3n<br \/>\n5. Momento en que se solicita la prueba pericial<br \/>\n6. Pr\u00e1ctica de la prueba<br \/>\nUNIDAD DID\u00c1CTICA 4. LOS PERITOS<br \/>\n1. Concepto<br \/>\n2. Clases de perito judicial<br \/>\n3. Procedimiento para la designaci\u00f3n de peritos<br \/>\n4. Condiciones que debe reunir un perito<br \/>\n5. Control de la imparcialidad de peritos<br \/>\n6. Honorarios de los peritos<br \/>\nUNIDAD DID\u00c1CTICA 5. EL RECONOCIMIENTO PERICIAL<br \/>\n1. El reconocimiento pericial<br \/>\n2. El examen pericial<br \/>\n3. Los dict\u00e1menes e informes periciales judiciales<br \/>\n4. Valoraci\u00f3n de la prueba pericial<br \/>\n5. Actuaci\u00f3n de los peritos en el juicio o vista<br \/>\nUNIDAD DID\u00c1CTICA 6. LEGISLACI\u00d3N REFERENTE A LA PR\u00c1CTICA DE LA PROFESI\u00d3N EN LOS TRIBUNALES<br \/>\n1. Funcionamiento y legislaci\u00f3n<br \/>\n2. El c\u00f3digo deontol\u00f3gico del Perito Judicial<br \/>\nUNIDAD DID\u00c1CTICA 7. LA RESPONSABILIDAD<br \/>\n1. La responsabilidad<br \/>\n2. Distintos tipos de responsabilidad<br \/>\n3. El seguro de responsabilidad civil<br \/>\nUNIDAD DID\u00c1CTICA 8. ELABORACI\u00d3N DEL DICTAMEN PERICIAL<br \/>\n1. Caracter\u00edsticas generales y estructura b\u00e1sica<br \/>\n2. Las exigencias del dictamen pericial<br \/>\n3. Orientaciones para la presentaci\u00f3n del dictamen pericial<br \/>\nUNIDAD DID\u00c1CTICA 9. VALORACI\u00d3N DE LA PRUEBA PERICIAL<br \/>\n1. Valoraci\u00f3n de la prueba judicial<br \/>\n2. Valoraci\u00f3n de la prueba pericial por Jueces y Tribunales<br \/>\nUNIDAD DID\u00c1CTICA 10. PERITACIONES<br \/>\n1. La peritaci\u00f3n m\u00e9dico-legal<br \/>\n2. Peritaciones psicol\u00f3gicas<br \/>\n3. Peritajes inform\u00e1ticos<br \/>\n4. Peritaciones inmobiliarias<br \/>\n5. M\u00d3DULO 2. PSICOLOG\u00cdA FORENSE<br \/>\nUNIDAD DID\u00c1CTICA 1. LOS PSIC\u00d3LOGOS QUE TRABAJAN PARA LOS TRIBUNALES DE JUSTICIA EN ESPA\u00d1A<br \/>\n1. Introducci\u00f3n<br \/>\n2. Psic\u00f3logos de familia<br \/>\n3. Psic\u00f3logos de las Cl\u00ednicas M\u00e9dico Forenses<br \/>\n4. Psic\u00f3logos de menores<br \/>\n5. Psic\u00f3logos de Vigilancia Penitencia<br \/>\n6. Psic\u00f3logos en asistencia a v\u00edctimas<br \/>\nUNIDAD DID\u00c1CTICA 2. EL INFORME PERICIAL PSICOL\u00d3GICO DE LA V\u00cdCTIMA<br \/>\n1. Introducci\u00f3n al informe pericial<br \/>\n2. Realizaci\u00f3n de entrevistas para la obtenci\u00f3n de datos<br \/>\n3. &#8211; Tipos de entrevista<br \/>\n4. &#8211; Condiciones para la realizaci\u00f3n de la entrevista<br \/>\n5. Aspectos b\u00e1sicos del informe pericial psicol\u00f3gico de la v\u00edctima<br \/>\n6. &#8211; Caracter\u00edsticas espec\u00edficas del informe pericial psicol\u00f3gico de la v\u00edctima<br \/>\n7. &#8211; El da\u00f1o psicol\u00f3gico de la v\u00edctima<br \/>\n8. &#8211; Psicopatolog\u00eda y victimizaci\u00f3n criminal<br \/>\nUNIDAD DID\u00c1CTICA 3. EL INFORME PERICIAL PSICOL\u00d3GICO DEL DELINCUENTE<br \/>\n1. Introducci\u00f3n al informe pericial psicol\u00f3gico del delincuente<br \/>\n2. Estudios psicol\u00f3gicos<br \/>\n3. &#8211; Estudio de la personalidad<br \/>\n4. &#8211; Estudio de la inteligencia<br \/>\n5. Redacci\u00f3n del informe pericial<br \/>\n6. Los delitos<br \/>\nUNIDAD DID\u00c1CTICA 4. ASPECTOS ESENCIALES EN PSICOLOG\u00cdA FORENSE<br \/>\n1. Personalidad violenta y psicopat\u00eda<br \/>\n2. &#8211; Bases sociales y biol\u00f3gicas de la violencia<br \/>\n3. &#8211; La personalidad violenta: teor\u00eda de Millon<br \/>\n4. &#8211; La psicopat\u00eda: teor\u00eda de Raine y Hare<br \/>\n5. Agresi\u00f3n sexual<br \/>\n6. &#8211; Tipos de agresores en psicolog\u00eda forense<br \/>\n7. &#8211; Agresi\u00f3n sexual en ni\u00f1os<br \/>\n8. &#8211; Etiolog\u00eda de la delincuencia sexual: teor\u00eda de Marshall<br \/>\n9. Malos tratos en Psicolog\u00eda Forense<br \/>\n10. &#8211; El maltratador<br \/>\n11. &#8211; La v\u00edctima<br \/>\n12. &#8211; Din\u00e1mica de la relaci\u00f3n abusiva<br \/>\n13. Credibilidad del testimonio<br \/>\n14. &#8211; El an\u00e1lisis del contenido basado en criterios: CBCA<br \/>\n15. &#8211; El sistema de an\u00e1lisis de la validez de las declaraciones (SVA)<br \/>\n16. &#8211; La entrevista al menor<br \/>\n17. &#8211; La credibilidad del testimonio en el caso de adultos<br \/>\n18. Adicciones y su repercusi\u00f3n legal<br \/>\n19. &#8211; Consideraciones sobre el tratamiento penal de las toxicoman\u00edas<br \/>\n20. &#8211; Los trastornos del comportamiento y la conducta inducidos por sustancias<br \/>\n21. &#8211; El perfil psicol\u00f3gico del consumidor de sustancias<br \/>\n22. &#8211; La evaluaci\u00f3n de un toxic\u00f3mano desde el punto de vista de la pericial<br \/>\n23. Accidentes, deterioro e incapacidades<br \/>\n24. &#8211; Entrevista con el presunto incapaz por d\u00e9ficit cognitivo<br \/>\n25. &#8211; Valoraciones periciales por causas sobrevenidas del exterior: agresiones, accidentes de tr\u00e1fico y laborales (TCE)<br \/>\n26. &#8211; Valoraci\u00f3n psiconeurol\u00f3gica del traumatizado craneal. Metodolog\u00eda b\u00e1sica de intervenci\u00f3n<br \/>\n27. &#8211; Evoluci\u00f3n de los TCE a nivel forense en t\u00e9rminos generales a lo largo del tiempo<br \/>\nUNIDAD DID\u00c1CTICA 5. T\u00c9CNICAS ESPEC\u00cdFICAS DE EVALUACI\u00d3N DENTRO DE LA PSICOLOG\u00cdA FORENSE<br \/>\n1. Introducci\u00f3n<br \/>\n2. La entrevista en psicolog\u00eda forense<br \/>\n3. La evaluaci\u00f3n en guarda y custodia imputada<br \/>\n4. Evaluaci\u00f3n de la conducta violenta<br \/>\n5. &#8211; Entrevistas<br \/>\n6. &#8211; Escalas<br \/>\n7. &#8211; Autoinformes<br \/>\n8. Valoraci\u00f3n de los agresores sexuales<br \/>\n9. Valoraci\u00f3n de la inteligencia y el deterioro mental<br \/>\n10. Evaluaci\u00f3n de las v\u00edctimas de agresi\u00f3n<br \/>\n11. Evaluaci\u00f3n de las toxicoman\u00edas<br \/>\nUNIDAD DID\u00c1CTICA 6. TRASTORNOS MENTALES Y RESPONSABILIDAD<br \/>\n1. La imputabilidad<br \/>\n2. Relaci\u00f3n entre trastornos mentales e implicaci\u00f3n forense<br \/>\n3. &#8211; Trastorno neurocognitivo mayor o leve debido a la enfermedad de Alzheimer<br \/>\n4. &#8211; Espectro de la esquizofrenia y otros trastornos psic\u00f3ticos<br \/>\n5. &#8211; Trastorno de depresi\u00f3n mayor<br \/>\n6. &#8211; Trastorno de estr\u00e9s postraum\u00e1tico<br \/>\n7. &#8211; Trastorno obsesivo compulsivo<br \/>\n8. &#8211; Trastorno de s\u00edntomas som\u00e1ticos<br \/>\n9. &#8211; Trastorno de identidad disociativo<br \/>\n10. &#8211; Trastornos de la personalidad<br \/>\n11. M\u00d3DULO 3. LEGISLACI\u00d3N NACIONAL APLICABLE AL SECTOR DEL PERITAJE<\/p>\n<p><em><strong>Psicolog\u00eda forense, perito judicial<\/strong><\/em><\/p>\n<hr \/>\n","protected":false},"excerpt":{"rendered":"<p><a href=\"https:\/\/centro-cee.com\/web\/formaciones\/\">Atr\u00e1s<\/a><\/p>\n<p>Este curso capacita al alumno en Psicolog\u00eda Forense, Perito Judicial, donde aprender\u00e1s los conocimientos necesarios en este \u00e1mbito, permitiendo ampliar su perfil laboral, gracias al cat\u00e1logo formativo que trae CEE Centro Europeo E-learning.<\/p>\n<p>Adquiere destrezas en torno a los aspectos relacionados con la psicolog\u00eda especializada en perito judicial. Esta formaci\u00f3n de alto nivel, permite aprender todo sobre el trabajo del psic\u00f3logo en los tribunales, adentr\u00e1ndose en la elaboraci\u00f3n de informes periciales de la v\u00edctima y del perfil del delincuente. Tambi\u00e9n, conocer\u00e1 los aspectos de la psicolog\u00eda forense, en agresi\u00f3n sexual, malos tratos y personalidad violenta. Por otra parte aprender\u00e1 a conocer las pruebas judiciales y extrajudiciales, la legislaci\u00f3n nacional aplicable al sector del peritaje y la delimitaci\u00f3n de los t\u00e9rminos peritaje y tasaci\u00f3n. <\/p>\n","protected":false},"featured_media":1879,"comment_status":"closed","ping_status":"closed","template":"","meta":[],"product_brand":[],"product_cat":[2048,34],"product_tag":[1965,1961,1958,1963,1959,1962,1957,1960,1956,1964],"class_list":{"0":"post-1878","1":"product","2":"type-product","3":"status-publish","4":"has-post-thumbnail","6":"product_cat-cursos-online-psicologia","7":"product_cat-tecnicos","8":"product_tag-analisis-de-conducta-en-juicios","9":"product_tag-derecho-y-psicologia","10":"product_tag-evaluacion-psicologica","11":"product_tag-informe-pericial","12":"product_tag-intervencion-forense","13":"product_tag-peritaje-judicial","14":"product_tag-perito-judicial","15":"product_tag-pruebas-psicologicas","16":"product_tag-psicologia-forense","17":"product_tag-psicologia-legal","19":"first","20":"instock","21":"sale","22":"shipping-taxable","23":"purchasable","24":"product-type-simple"},"yoast_head":"<!-- This site is optimized with the Yoast SEO plugin v27.5 - https:\/\/yoast.com\/product\/yoast-seo-wordpress\/ -->\n<title>Psicolog\u00eda forense, perito judicial<\/title>\n<meta name=\"description\" content=\"Desarrolla tus habilidades y mejora tus conocimientos con nuestra formaci\u00f3n de Psicolog\u00eda forense, perito judicial\" \/>\n<meta name=\"robots\" content=\"index, follow, max-snippet:-1, max-image-preview:large, max-video-preview:-1\" \/>\n<link rel=\"canonical\" href=\"https:\/\/centro-cee.com\/web\/producto\/psicologia-forense-perito-judicial\/\" \/>\n<meta property=\"og:locale\" content=\"es_ES\" \/>\n<meta property=\"og:type\" content=\"article\" \/>\n<meta property=\"og:title\" content=\"Psicolog\u00eda forense, perito judicial\" \/>\n<meta property=\"og:description\" content=\"Desarrolla tus habilidades y mejora tus conocimientos con nuestra formaci\u00f3n de Psicolog\u00eda forense, perito judicial\" \/>\n<meta property=\"og:url\" content=\"https:\/\/centro-cee.com\/web\/producto\/psicologia-forense-perito-judicial\/\" \/>\n<meta property=\"og:site_name\" content=\"CEE Centro Europeo E-learning - Cursos online\" \/>\n<meta property=\"article:modified_time\" content=\"2026-03-13T17:06:58+00:00\" \/>\n<meta property=\"og:image\" content=\"https:\/\/centro-cee.com\/web\/wp-content\/uploads\/2024\/12\/judicial-perito.jpg\" \/>\n\t<meta property=\"og:image:width\" content=\"640\" \/>\n\t<meta property=\"og:image:height\" content=\"427\" \/>\n\t<meta property=\"og:image:type\" content=\"image\/jpeg\" \/>\n<meta name=\"twitter:card\" content=\"summary_large_image\" \/>\n<meta name=\"twitter:label1\" content=\"Tiempo de lectura\" \/>\n\t<meta name=\"twitter:data1\" content=\"3 minutos\" \/>\n<script type=\"application\/ld+json\" class=\"yoast-schema-graph\">{\"@context\":\"https:\\\/\\\/schema.org\",\"@graph\":[{\"@type\":\"WebPage\",\"@id\":\"https:\\\/\\\/centro-cee.com\\\/web\\\/producto\\\/psicologia-forense-perito-judicial\\\/\",\"url\":\"https:\\\/\\\/centro-cee.com\\\/web\\\/producto\\\/psicologia-forense-perito-judicial\\\/\",\"name\":\"Psicolog\u00eda forense, perito judicial\",\"isPartOf\":{\"@id\":\"https:\\\/\\\/centro-cee.com\\\/web\\\/#website\"},\"primaryImageOfPage\":{\"@id\":\"https:\\\/\\\/centro-cee.com\\\/web\\\/producto\\\/psicologia-forense-perito-judicial\\\/#primaryimage\"},\"image\":{\"@id\":\"https:\\\/\\\/centro-cee.com\\\/web\\\/producto\\\/psicologia-forense-perito-judicial\\\/#primaryimage\"},\"thumbnailUrl\":\"https:\\\/\\\/centro-cee.com\\\/web\\\/wp-content\\\/uploads\\\/2024\\\/12\\\/judicial-perito.jpg\",\"datePublished\":\"2024-12-17T13:10:13+00:00\",\"dateModified\":\"2026-03-13T17:06:58+00:00\",\"description\":\"Desarrolla tus habilidades y mejora tus conocimientos con nuestra formaci\u00f3n de Psicolog\u00eda forense, perito judicial\",\"breadcrumb\":{\"@id\":\"https:\\\/\\\/centro-cee.com\\\/web\\\/producto\\\/psicologia-forense-perito-judicial\\\/#breadcrumb\"},\"inLanguage\":\"es\",\"potentialAction\":[{\"@type\":\"ReadAction\",\"target\":[\"https:\\\/\\\/centro-cee.com\\\/web\\\/producto\\\/psicologia-forense-perito-judicial\\\/\"]}]},{\"@type\":\"ImageObject\",\"inLanguage\":\"es\",\"@id\":\"https:\\\/\\\/centro-cee.com\\\/web\\\/producto\\\/psicologia-forense-perito-judicial\\\/#primaryimage\",\"url\":\"https:\\\/\\\/centro-cee.com\\\/web\\\/wp-content\\\/uploads\\\/2024\\\/12\\\/judicial-perito.jpg\",\"contentUrl\":\"https:\\\/\\\/centro-cee.com\\\/web\\\/wp-content\\\/uploads\\\/2024\\\/12\\\/judicial-perito.jpg\",\"width\":640,\"height\":427,\"caption\":\"Lawyer sitting working at the desk hand holding pen for signing important documents. lawyer and law ,judiciary and legislature courtroom legal concept. (Lawyer sitting working at the desk hand holding pen for signing important documents. lawyer and la\"},{\"@type\":\"BreadcrumbList\",\"@id\":\"https:\\\/\\\/centro-cee.com\\\/web\\\/producto\\\/psicologia-forense-perito-judicial\\\/#breadcrumb\",\"itemListElement\":[{\"@type\":\"ListItem\",\"position\":1,\"name\":\"Portada\",\"item\":\"https:\\\/\\\/centro-cee.com\\\/web\\\/\"},{\"@type\":\"ListItem\",\"position\":2,\"name\":\"Psicolog\u00eda forense, perito judicial\"}]},{\"@type\":\"WebSite\",\"@id\":\"https:\\\/\\\/centro-cee.com\\\/web\\\/#website\",\"url\":\"https:\\\/\\\/centro-cee.com\\\/web\\\/\",\"name\":\"Centro Europeo E-learning\",\"description\":\"CEE Formaci\u00f3n Online\",\"publisher\":{\"@id\":\"https:\\\/\\\/centro-cee.com\\\/web\\\/#organization\"},\"alternateName\":\"Centro Online de Formaci\u00f3n\",\"potentialAction\":[{\"@type\":\"SearchAction\",\"target\":{\"@type\":\"EntryPoint\",\"urlTemplate\":\"https:\\\/\\\/centro-cee.com\\\/web\\\/?s={search_term_string}\"},\"query-input\":{\"@type\":\"PropertyValueSpecification\",\"valueRequired\":true,\"valueName\":\"search_term_string\"}}],\"inLanguage\":\"es\"},{\"@type\":\"Organization\",\"@id\":\"https:\\\/\\\/centro-cee.com\\\/web\\\/#organization\",\"name\":\"Centro Europeo E-learning CEE\",\"url\":\"https:\\\/\\\/centro-cee.com\\\/web\\\/\",\"logo\":{\"@type\":\"ImageObject\",\"inLanguage\":\"es\",\"@id\":\"https:\\\/\\\/centro-cee.com\\\/web\\\/#\\\/schema\\\/logo\\\/image\\\/\",\"url\":\"https:\\\/\\\/centro-cee.com\\\/web\\\/wp-content\\\/uploads\\\/2022\\\/12\\\/cropped-logo_educa.png\",\"contentUrl\":\"https:\\\/\\\/centro-cee.com\\\/web\\\/wp-content\\\/uploads\\\/2022\\\/12\\\/cropped-logo_educa.png\",\"width\":157,\"height\":63,\"caption\":\"Centro Europeo E-learning CEE\"},\"image\":{\"@id\":\"https:\\\/\\\/centro-cee.com\\\/web\\\/#\\\/schema\\\/logo\\\/image\\\/\"},\"sameAs\":[\"https:\\\/\\\/www.instagram.com\\\/centroeuropeo_cee\"]}]}<\/script>\n<!-- \/ Yoast SEO plugin. -->","yoast_head_json":{"title":"Psicolog\u00eda forense, perito judicial","description":"Desarrolla tus habilidades y mejora tus conocimientos con nuestra formaci\u00f3n de Psicolog\u00eda forense, perito judicial","robots":{"index":"index","follow":"follow","max-snippet":"max-snippet:-1","max-image-preview":"max-image-preview:large","max-video-preview":"max-video-preview:-1"},"canonical":"https:\/\/centro-cee.com\/web\/producto\/psicologia-forense-perito-judicial\/","og_locale":"es_ES","og_type":"article","og_title":"Psicolog\u00eda forense, perito judicial","og_description":"Desarrolla tus habilidades y mejora tus conocimientos con nuestra formaci\u00f3n de Psicolog\u00eda forense, perito judicial","og_url":"https:\/\/centro-cee.com\/web\/producto\/psicologia-forense-perito-judicial\/","og_site_name":"CEE Centro Europeo E-learning - Cursos online","article_modified_time":"2026-03-13T17:06:58+00:00","og_image":[{"width":640,"height":427,"url":"https:\/\/centro-cee.com\/web\/wp-content\/uploads\/2024\/12\/judicial-perito.jpg","type":"image\/jpeg"}],"twitter_card":"summary_large_image","twitter_misc":{"Tiempo de lectura":"3 minutos"},"schema":{"@context":"https:\/\/schema.org","@graph":[{"@type":"WebPage","@id":"https:\/\/centro-cee.com\/web\/producto\/psicologia-forense-perito-judicial\/","url":"https:\/\/centro-cee.com\/web\/producto\/psicologia-forense-perito-judicial\/","name":"Psicolog\u00eda forense, perito judicial","isPartOf":{"@id":"https:\/\/centro-cee.com\/web\/#website"},"primaryImageOfPage":{"@id":"https:\/\/centro-cee.com\/web\/producto\/psicologia-forense-perito-judicial\/#primaryimage"},"image":{"@id":"https:\/\/centro-cee.com\/web\/producto\/psicologia-forense-perito-judicial\/#primaryimage"},"thumbnailUrl":"https:\/\/centro-cee.com\/web\/wp-content\/uploads\/2024\/12\/judicial-perito.jpg","datePublished":"2024-12-17T13:10:13+00:00","dateModified":"2026-03-13T17:06:58+00:00","description":"Desarrolla tus habilidades y mejora tus conocimientos con nuestra formaci\u00f3n de Psicolog\u00eda forense, perito judicial","breadcrumb":{"@id":"https:\/\/centro-cee.com\/web\/producto\/psicologia-forense-perito-judicial\/#breadcrumb"},"inLanguage":"es","potentialAction":[{"@type":"ReadAction","target":["https:\/\/centro-cee.com\/web\/producto\/psicologia-forense-perito-judicial\/"]}]},{"@type":"ImageObject","inLanguage":"es","@id":"https:\/\/centro-cee.com\/web\/producto\/psicologia-forense-perito-judicial\/#primaryimage","url":"https:\/\/centro-cee.com\/web\/wp-content\/uploads\/2024\/12\/judicial-perito.jpg","contentUrl":"https:\/\/centro-cee.com\/web\/wp-content\/uploads\/2024\/12\/judicial-perito.jpg","width":640,"height":427,"caption":"Lawyer sitting working at the desk hand holding pen for signing important documents. lawyer and law ,judiciary and legislature courtroom legal concept. (Lawyer sitting working at the desk hand holding pen for signing important documents. lawyer and la"},{"@type":"BreadcrumbList","@id":"https:\/\/centro-cee.com\/web\/producto\/psicologia-forense-perito-judicial\/#breadcrumb","itemListElement":[{"@type":"ListItem","position":1,"name":"Portada","item":"https:\/\/centro-cee.com\/web\/"},{"@type":"ListItem","position":2,"name":"Psicolog\u00eda forense, perito judicial"}]},{"@type":"WebSite","@id":"https:\/\/centro-cee.com\/web\/#website","url":"https:\/\/centro-cee.com\/web\/","name":"Centro Europeo E-learning","description":"CEE Formaci\u00f3n Online","publisher":{"@id":"https:\/\/centro-cee.com\/web\/#organization"},"alternateName":"Centro Online de Formaci\u00f3n","potentialAction":[{"@type":"SearchAction","target":{"@type":"EntryPoint","urlTemplate":"https:\/\/centro-cee.com\/web\/?s={search_term_string}"},"query-input":{"@type":"PropertyValueSpecification","valueRequired":true,"valueName":"search_term_string"}}],"inLanguage":"es"},{"@type":"Organization","@id":"https:\/\/centro-cee.com\/web\/#organization","name":"Centro Europeo E-learning CEE","url":"https:\/\/centro-cee.com\/web\/","logo":{"@type":"ImageObject","inLanguage":"es","@id":"https:\/\/centro-cee.com\/web\/#\/schema\/logo\/image\/","url":"https:\/\/centro-cee.com\/web\/wp-content\/uploads\/2022\/12\/cropped-logo_educa.png","contentUrl":"https:\/\/centro-cee.com\/web\/wp-content\/uploads\/2022\/12\/cropped-logo_educa.png","width":157,"height":63,"caption":"Centro Europeo E-learning CEE"},"image":{"@id":"https:\/\/centro-cee.com\/web\/#\/schema\/logo\/image\/"},"sameAs":["https:\/\/www.instagram.com\/centroeuropeo_cee"]}]}},"_links":{"self":[{"href":"https:\/\/centro-cee.com\/web\/wp-json\/wp\/v2\/product\/1878","targetHints":{"allow":["GET"]}}],"collection":[{"href":"https:\/\/centro-cee.com\/web\/wp-json\/wp\/v2\/product"}],"about":[{"href":"https:\/\/centro-cee.com\/web\/wp-json\/wp\/v2\/types\/product"}],"replies":[{"embeddable":true,"href":"https:\/\/centro-cee.com\/web\/wp-json\/wp\/v2\/comments?post=1878"}],"wp:featuredmedia":[{"embeddable":true,"href":"https:\/\/centro-cee.com\/web\/wp-json\/wp\/v2\/media\/1879"}],"wp:attachment":[{"href":"https:\/\/centro-cee.com\/web\/wp-json\/wp\/v2\/media?parent=1878"}],"wp:term":[{"taxonomy":"product_brand","embeddable":true,"href":"https:\/\/centro-cee.com\/web\/wp-json\/wp\/v2\/product_brand?post=1878"},{"taxonomy":"product_cat","embeddable":true,"href":"https:\/\/centro-cee.com\/web\/wp-json\/wp\/v2\/product_cat?post=1878"},{"taxonomy":"product_tag","embeddable":true,"href":"https:\/\/centro-cee.com\/web\/wp-json\/wp\/v2\/product_tag?post=1878"}],"curies":[{"name":"wp","href":"https:\/\/api.w.org\/{rel}","templated":true}]}}