{"id":1875,"date":"2024-12-17T13:06:24","date_gmt":"2024-12-17T13:06:24","guid":{"rendered":"https:\/\/centro-cee.com\/web\/?post_type=product&#038;p=1875"},"modified":"2026-03-13T17:07:05","modified_gmt":"2026-03-13T17:07:05","slug":"tecnico-en-psicologia-forense","status":"publish","type":"product","link":"https:\/\/centro-cee.com\/web\/producto\/tecnico-en-psicologia-forense\/","title":{"rendered":"T\u00e9cnico en psicolog\u00eda forense"},"content":{"rendered":"<p><a href=\"https:\/\/centro-cee.com\/web\/formaciones\/\">Atr\u00e1s<\/a><\/p>\n<p><em><strong>T\u00e9cnico en psicolog\u00eda forense<\/strong><\/em><\/p>\n<p>Toda esta informaci\u00f3n se realiza 100% online en nuestro campus online de formaci\u00f3n.<\/p>\n<p>Las tutor\u00edas se realizan directamente desde el campus de estudio con la opci\u00f3n de mensajer\u00eda a profesores. Las tutorias son \u201ca demanda\u201d, cuando necesites soporte nos lo pides.<\/p>\n<p>Los t\u00edtulos de Centro CEE est\u00e1n autenticados por la firma de notario que valida contenidos y autenticidad a nivel internacional. Nuestra organizaci\u00f3n pertenece a la Asociaci\u00f3n Espa\u00f1ola de Calidad, organizaci\u00f3n Espa\u00f1ola de referencia para la calidad\u00a0en la formaci\u00f3n de auxiliar de enfermer\u00eda. La certificaci\u00f3n se puede apostillar por la Haya para cualquier pa\u00eds firmante del convenio de la Haya.<\/p>\n<p>Se puede pagar a plazos.<\/p>\n<p>Carga horaria de la formaci\u00f3n: 280h<\/p>\n<p>&nbsp;<\/p>\n<h2>Temario<\/h2>\n<hr \/>\n<p>UNIDAD DID\u00c1CTICA 1. LOS PSIC\u00d3LOGOS QUE TRABAJAN PARA LOS TRIBUNALES DE JUSTICIA EN ESPA\u00d1A<br \/>\n1. Introducci\u00f3n<br \/>\n2. Psic\u00f3logos de familia<br \/>\n3. Psic\u00f3logos de las Cl\u00ednicas M\u00e9dico Forenses<br \/>\n4. Psic\u00f3logos de menores<br \/>\n5. Psic\u00f3logos de Vigilancia Penitencia<br \/>\n6. Psic\u00f3logos en asistencia a v\u00edctimas<\/p>\n<p>UNIDAD DID\u00c1CTICA 2. EL INFORME PERICIAL PSICOL\u00d3GICO DE LA V\u00cdCTIMA<br \/>\n1. Introducci\u00f3n al informe pericial<br \/>\n2. Realizaci\u00f3n de entrevistas para la obtenci\u00f3n de datos<br \/>\n3. &#8211; Tipos de entrevista<br \/>\n4. &#8211; Condiciones para la realizaci\u00f3n de la entrevista<br \/>\n5. Aspectos b\u00e1sicos del informe pericial psicol\u00f3gico de la v\u00edctima<br \/>\n6. &#8211; Caracter\u00edsticas espec\u00edficas del informe pericial psicol\u00f3gico de la v\u00edctima<br \/>\n7. &#8211; El da\u00f1o psicol\u00f3gico de la v\u00edctima<br \/>\n8. &#8211; Psicopatolog\u00eda y victimizaci\u00f3n criminal<\/p>\n<p>UNIDAD DID\u00c1CTICA 3. EL INFORME PERICIAL PSICOL\u00d3GICO DEL DELINCUENTE<br \/>\n1. Introducci\u00f3n al informe pericial psicol\u00f3gico del delincuente<br \/>\n2. Estudios psicol\u00f3gicos<br \/>\n3. &#8211; Estudio de la personalidad<br \/>\n4. &#8211; Estudio de la inteligencia<br \/>\n5. Redacci\u00f3n del informe pericial<br \/>\n6. Los delitos<\/p>\n<p>UNIDAD DID\u00c1CTICA 4. ASPECTOS ESENCIALES EN PSICOLOG\u00cdA FORENSE<br \/>\n1. Personalidad violenta y psicopat\u00eda<br \/>\n2. &#8211; Bases sociales y biol\u00f3gicas de la violencia<br \/>\n3. &#8211; La personalidad violenta: teor\u00eda de Millon<br \/>\n4. &#8211; La psicopat\u00eda: teor\u00eda de Raine y Hare<br \/>\n5. Agresi\u00f3n sexual<br \/>\n6. &#8211; Tipos de agresores en psicolog\u00eda forense<br \/>\n7. &#8211; Agresi\u00f3n sexual en ni\u00f1os<br \/>\n8. &#8211; Etiolog\u00eda de la delincuencia sexual: teor\u00eda de Marshall<br \/>\n9. Malos tratos en Psicolog\u00eda Forense<br \/>\n10. &#8211; El maltratador<br \/>\n11. &#8211; La v\u00edctima<br \/>\n12. &#8211; Din\u00e1mica de la relaci\u00f3n abusiva<br \/>\n13. Credibilidad del testimonio<br \/>\n14. &#8211; El an\u00e1lisis del contenido basado en criterios: CBCA<br \/>\n15. &#8211; El sistema de an\u00e1lisis de la validez de las declaraciones (SVA)<br \/>\n16. &#8211; La entrevista al menor<br \/>\n17. &#8211; La credibilidad del testimonio en el caso de adultos<br \/>\n18. Adicciones y su repercusi\u00f3n legal<br \/>\n19. &#8211; Consideraciones sobre el tratamiento penal de las toxicoman\u00edas<br \/>\n20. &#8211; Los trastornos del comportamiento y la conducta inducidos por sustancias<br \/>\n21. &#8211; El perfil psicol\u00f3gico del consumidor de sustancias<br \/>\n22. &#8211; La evaluaci\u00f3n de un toxic\u00f3mano desde el punto de vista de la pericial<br \/>\n23. Accidentes, deterioro e incapacidades<br \/>\n24. &#8211; Entrevista con el presunto incapaz por d\u00e9ficit cognitivo<br \/>\n25. &#8211; Valoraciones periciales por causas sobrevenidas del exterior: agresiones, accidentes de tr\u00e1fico y laborales (TCE)<br \/>\n26. &#8211; Valoraci\u00f3n psiconeurol\u00f3gica del traumatizado craneal. Metodolog\u00eda b\u00e1sica de intervenci\u00f3n<br \/>\n27. &#8211; Evoluci\u00f3n de los TCE a nivel forense en t\u00e9rminos generales a lo largo del tiempo<\/p>\n<p>UNIDAD DID\u00c1CTICA 5. T\u00c9CNICAS ESPEC\u00cdFICAS DE EVALUACI\u00d3N DENTRO DE LA PSICOLOG\u00cdA FORENSE<br \/>\n1. Introducci\u00f3n<br \/>\n2. La entrevista en psicolog\u00eda forense<br \/>\n3. La evaluaci\u00f3n en guarda y custodia imputada<br \/>\n4. Evaluaci\u00f3n de la conducta violenta<br \/>\n5. &#8211; Entrevistas<br \/>\n6. &#8211; Escalas<br \/>\n7. &#8211; Autoinformes<br \/>\n8. Valoraci\u00f3n de los agresores sexuales<br \/>\n9. Valoraci\u00f3n de la inteligencia y el deterioro mental<br \/>\n10. Evaluaci\u00f3n de las v\u00edctimas de agresi\u00f3n<br \/>\n11. Evaluaci\u00f3n de las toxicoman\u00edas<\/p>\n<p>UNIDAD DID\u00c1CTICA 6. TRASTORNOS MENTALES Y RESPONSABILIDAD<br \/>\n1. La imputabilidad<br \/>\n2. Relaci\u00f3n entre trastornos mentales e implicaci\u00f3n forense<br \/>\n3. &#8211; Trastorno neurocognitivo mayor o leve debido a la enfermedad de Alzheimer<br \/>\n4. &#8211; Espectro de la esquizofrenia y otros trastornos psic\u00f3ticos<br \/>\n5. &#8211; Trastorno de depresi\u00f3n mayor<br \/>\n6. &#8211; Trastorno de estr\u00e9s postraum\u00e1tico<br \/>\n7. &#8211; Trastorno obsesivo compulsivo<br \/>\n8. &#8211; Trastorno de s\u00edntomas som\u00e1ticos<br \/>\n9. &#8211; Trastorno de identidad disociativo<br \/>\n10. &#8211; Trastornos de la personalidad<\/p>\n<p><em><strong>T\u00e9cnico en psicolog\u00eda forense<\/strong><\/em><\/p>\n<hr \/>\n","protected":false},"excerpt":{"rendered":"<p><a href=\"https:\/\/centro-cee.com\/web\/formaciones\/\">Atr\u00e1s<\/a><\/p>\n<p>En esta gran ocasi\u00f3n CEE te ofrece la posibilidad de realizar un curso con caracter\u00edsticas especiales (habilidades y conocimientos) que te permitir\u00e1n adquirir una titulaci\u00f3n en T\u00e9cnico en psicolog\u00eda forense impartido por CEE Centro Europeo E-learning.<\/p>\n<p>Formate y especializate en todos los aspectos relacionados con la psicolog\u00eda forense, con contenidos actualizados. Esta especialidad se encarga de los procesos mentales que estan ocultos en el sujeto y que terminan por orientar su conducta.<br \/>\nLa principal tarea es la del asesoramiento t\u00e9cnico a fiscales, jueces, abogados, etc. respecto del \u00e1mbito psicol\u00f3gico y su relaci\u00f3n con la justicia.<\/p>\n","protected":false},"featured_media":1876,"comment_status":"closed","ping_status":"closed","template":"","meta":[],"product_brand":[],"product_cat":[2048,34],"product_tag":[1968,1961,1123,1970,1969,1967,1962,1960,1964,1966],"class_list":{"0":"post-1875","1":"product","2":"type-product","3":"status-publish","4":"has-post-thumbnail","6":"product_cat-cursos-online-psicologia","7":"product_cat-tecnicos","8":"product_tag-analisis-de-conducta","9":"product_tag-derecho-y-psicologia","10":"product_tag-evaluacion-psicologica-forense","11":"product_tag-formacion-en-psicologia-forense","12":"product_tag-informes-periciales","13":"product_tag-intervencion-en-procesos-judiciales","14":"product_tag-peritaje-judicial","15":"product_tag-pruebas-psicologicas","16":"product_tag-psicologia-legal","17":"product_tag-tecnico-en-psicologia-forense","19":"first","20":"instock","21":"sale","22":"shipping-taxable","23":"purchasable","24":"product-type-simple"},"yoast_head":"<!-- This site is optimized with the Yoast SEO plugin v27.5 - https:\/\/yoast.com\/product\/yoast-seo-wordpress\/ -->\n<title>T\u00e9cnico en psicolog\u00eda forense<\/title>\n<meta name=\"description\" content=\"Desarrolla tus habilidades y mejora tus conocimientos con nuestra formaci\u00f3n de T\u00e9cnico en psicolog\u00eda forense\" \/>\n<meta name=\"robots\" content=\"index, follow, max-snippet:-1, max-image-preview:large, max-video-preview:-1\" \/>\n<link rel=\"canonical\" href=\"https:\/\/centro-cee.com\/web\/producto\/tecnico-en-psicologia-forense\/\" \/>\n<meta property=\"og:locale\" content=\"es_ES\" \/>\n<meta property=\"og:type\" content=\"article\" \/>\n<meta property=\"og:title\" content=\"T\u00e9cnico en psicolog\u00eda forense\" \/>\n<meta property=\"og:description\" content=\"Desarrolla tus habilidades y mejora tus conocimientos con nuestra formaci\u00f3n de T\u00e9cnico en psicolog\u00eda forense\" \/>\n<meta property=\"og:url\" content=\"https:\/\/centro-cee.com\/web\/producto\/tecnico-en-psicologia-forense\/\" \/>\n<meta property=\"og:site_name\" content=\"CEE Centro Europeo E-learning - Cursos online\" \/>\n<meta property=\"article:modified_time\" content=\"2026-03-13T17:07:05+00:00\" \/>\n<meta property=\"og:image\" content=\"https:\/\/centro-cee.com\/web\/wp-content\/uploads\/2024\/12\/News_Fors_Psychology.webp\" \/>\n\t<meta property=\"og:image:width\" content=\"460\" \/>\n\t<meta property=\"og:image:height\" content=\"200\" \/>\n\t<meta property=\"og:image:type\" content=\"image\/webp\" \/>\n<meta name=\"twitter:card\" content=\"summary_large_image\" \/>\n<meta name=\"twitter:label1\" content=\"Tiempo de lectura\" \/>\n\t<meta name=\"twitter:data1\" content=\"4 minutos\" \/>\n<script type=\"application\/ld+json\" class=\"yoast-schema-graph\">{\"@context\":\"https:\\\/\\\/schema.org\",\"@graph\":[{\"@type\":\"WebPage\",\"@id\":\"https:\\\/\\\/centro-cee.com\\\/web\\\/producto\\\/tecnico-en-psicologia-forense\\\/\",\"url\":\"https:\\\/\\\/centro-cee.com\\\/web\\\/producto\\\/tecnico-en-psicologia-forense\\\/\",\"name\":\"T\u00e9cnico en psicolog\u00eda forense\",\"isPartOf\":{\"@id\":\"https:\\\/\\\/centro-cee.com\\\/web\\\/#website\"},\"primaryImageOfPage\":{\"@id\":\"https:\\\/\\\/centro-cee.com\\\/web\\\/producto\\\/tecnico-en-psicologia-forense\\\/#primaryimage\"},\"image\":{\"@id\":\"https:\\\/\\\/centro-cee.com\\\/web\\\/producto\\\/tecnico-en-psicologia-forense\\\/#primaryimage\"},\"thumbnailUrl\":\"https:\\\/\\\/centro-cee.com\\\/web\\\/wp-content\\\/uploads\\\/2024\\\/12\\\/News_Fors_Psychology.webp\",\"datePublished\":\"2024-12-17T13:06:24+00:00\",\"dateModified\":\"2026-03-13T17:07:05+00:00\",\"description\":\"Desarrolla tus habilidades y mejora tus conocimientos con nuestra formaci\u00f3n de T\u00e9cnico en psicolog\u00eda forense\",\"breadcrumb\":{\"@id\":\"https:\\\/\\\/centro-cee.com\\\/web\\\/producto\\\/tecnico-en-psicologia-forense\\\/#breadcrumb\"},\"inLanguage\":\"es\",\"potentialAction\":[{\"@type\":\"ReadAction\",\"target\":[\"https:\\\/\\\/centro-cee.com\\\/web\\\/producto\\\/tecnico-en-psicologia-forense\\\/\"]}]},{\"@type\":\"ImageObject\",\"inLanguage\":\"es\",\"@id\":\"https:\\\/\\\/centro-cee.com\\\/web\\\/producto\\\/tecnico-en-psicologia-forense\\\/#primaryimage\",\"url\":\"https:\\\/\\\/centro-cee.com\\\/web\\\/wp-content\\\/uploads\\\/2024\\\/12\\\/News_Fors_Psychology.webp\",\"contentUrl\":\"https:\\\/\\\/centro-cee.com\\\/web\\\/wp-content\\\/uploads\\\/2024\\\/12\\\/News_Fors_Psychology.webp\",\"width\":460,\"height\":200,\"caption\":\"T\u00e9cnico en psicolog\u00eda forense\"},{\"@type\":\"BreadcrumbList\",\"@id\":\"https:\\\/\\\/centro-cee.com\\\/web\\\/producto\\\/tecnico-en-psicologia-forense\\\/#breadcrumb\",\"itemListElement\":[{\"@type\":\"ListItem\",\"position\":1,\"name\":\"Portada\",\"item\":\"https:\\\/\\\/centro-cee.com\\\/web\\\/\"},{\"@type\":\"ListItem\",\"position\":2,\"name\":\"T\u00e9cnico en psicolog\u00eda forense\"}]},{\"@type\":\"WebSite\",\"@id\":\"https:\\\/\\\/centro-cee.com\\\/web\\\/#website\",\"url\":\"https:\\\/\\\/centro-cee.com\\\/web\\\/\",\"name\":\"Centro Europeo E-learning\",\"description\":\"CEE Formaci\u00f3n Online\",\"publisher\":{\"@id\":\"https:\\\/\\\/centro-cee.com\\\/web\\\/#organization\"},\"alternateName\":\"Centro Online de Formaci\u00f3n\",\"potentialAction\":[{\"@type\":\"SearchAction\",\"target\":{\"@type\":\"EntryPoint\",\"urlTemplate\":\"https:\\\/\\\/centro-cee.com\\\/web\\\/?s={search_term_string}\"},\"query-input\":{\"@type\":\"PropertyValueSpecification\",\"valueRequired\":true,\"valueName\":\"search_term_string\"}}],\"inLanguage\":\"es\"},{\"@type\":\"Organization\",\"@id\":\"https:\\\/\\\/centro-cee.com\\\/web\\\/#organization\",\"name\":\"Centro Europeo E-learning CEE\",\"url\":\"https:\\\/\\\/centro-cee.com\\\/web\\\/\",\"logo\":{\"@type\":\"ImageObject\",\"inLanguage\":\"es\",\"@id\":\"https:\\\/\\\/centro-cee.com\\\/web\\\/#\\\/schema\\\/logo\\\/image\\\/\",\"url\":\"https:\\\/\\\/centro-cee.com\\\/web\\\/wp-content\\\/uploads\\\/2022\\\/12\\\/cropped-logo_educa.png\",\"contentUrl\":\"https:\\\/\\\/centro-cee.com\\\/web\\\/wp-content\\\/uploads\\\/2022\\\/12\\\/cropped-logo_educa.png\",\"width\":157,\"height\":63,\"caption\":\"Centro Europeo E-learning CEE\"},\"image\":{\"@id\":\"https:\\\/\\\/centro-cee.com\\\/web\\\/#\\\/schema\\\/logo\\\/image\\\/\"},\"sameAs\":[\"https:\\\/\\\/www.instagram.com\\\/centroeuropeo_cee\"]}]}<\/script>\n<!-- \/ Yoast SEO plugin. -->","yoast_head_json":{"title":"T\u00e9cnico en psicolog\u00eda forense","description":"Desarrolla tus habilidades y mejora tus conocimientos con nuestra formaci\u00f3n de T\u00e9cnico en psicolog\u00eda forense","robots":{"index":"index","follow":"follow","max-snippet":"max-snippet:-1","max-image-preview":"max-image-preview:large","max-video-preview":"max-video-preview:-1"},"canonical":"https:\/\/centro-cee.com\/web\/producto\/tecnico-en-psicologia-forense\/","og_locale":"es_ES","og_type":"article","og_title":"T\u00e9cnico en psicolog\u00eda forense","og_description":"Desarrolla tus habilidades y mejora tus conocimientos con nuestra formaci\u00f3n de T\u00e9cnico en psicolog\u00eda forense","og_url":"https:\/\/centro-cee.com\/web\/producto\/tecnico-en-psicologia-forense\/","og_site_name":"CEE Centro Europeo E-learning - Cursos online","article_modified_time":"2026-03-13T17:07:05+00:00","og_image":[{"width":460,"height":200,"url":"https:\/\/centro-cee.com\/web\/wp-content\/uploads\/2024\/12\/News_Fors_Psychology.webp","type":"image\/webp"}],"twitter_card":"summary_large_image","twitter_misc":{"Tiempo de lectura":"4 minutos"},"schema":{"@context":"https:\/\/schema.org","@graph":[{"@type":"WebPage","@id":"https:\/\/centro-cee.com\/web\/producto\/tecnico-en-psicologia-forense\/","url":"https:\/\/centro-cee.com\/web\/producto\/tecnico-en-psicologia-forense\/","name":"T\u00e9cnico en psicolog\u00eda forense","isPartOf":{"@id":"https:\/\/centro-cee.com\/web\/#website"},"primaryImageOfPage":{"@id":"https:\/\/centro-cee.com\/web\/producto\/tecnico-en-psicologia-forense\/#primaryimage"},"image":{"@id":"https:\/\/centro-cee.com\/web\/producto\/tecnico-en-psicologia-forense\/#primaryimage"},"thumbnailUrl":"https:\/\/centro-cee.com\/web\/wp-content\/uploads\/2024\/12\/News_Fors_Psychology.webp","datePublished":"2024-12-17T13:06:24+00:00","dateModified":"2026-03-13T17:07:05+00:00","description":"Desarrolla tus habilidades y mejora tus conocimientos con nuestra formaci\u00f3n de T\u00e9cnico en psicolog\u00eda forense","breadcrumb":{"@id":"https:\/\/centro-cee.com\/web\/producto\/tecnico-en-psicologia-forense\/#breadcrumb"},"inLanguage":"es","potentialAction":[{"@type":"ReadAction","target":["https:\/\/centro-cee.com\/web\/producto\/tecnico-en-psicologia-forense\/"]}]},{"@type":"ImageObject","inLanguage":"es","@id":"https:\/\/centro-cee.com\/web\/producto\/tecnico-en-psicologia-forense\/#primaryimage","url":"https:\/\/centro-cee.com\/web\/wp-content\/uploads\/2024\/12\/News_Fors_Psychology.webp","contentUrl":"https:\/\/centro-cee.com\/web\/wp-content\/uploads\/2024\/12\/News_Fors_Psychology.webp","width":460,"height":200,"caption":"T\u00e9cnico en psicolog\u00eda forense"},{"@type":"BreadcrumbList","@id":"https:\/\/centro-cee.com\/web\/producto\/tecnico-en-psicologia-forense\/#breadcrumb","itemListElement":[{"@type":"ListItem","position":1,"name":"Portada","item":"https:\/\/centro-cee.com\/web\/"},{"@type":"ListItem","position":2,"name":"T\u00e9cnico en psicolog\u00eda forense"}]},{"@type":"WebSite","@id":"https:\/\/centro-cee.com\/web\/#website","url":"https:\/\/centro-cee.com\/web\/","name":"Centro Europeo E-learning","description":"CEE Formaci\u00f3n Online","publisher":{"@id":"https:\/\/centro-cee.com\/web\/#organization"},"alternateName":"Centro Online de Formaci\u00f3n","potentialAction":[{"@type":"SearchAction","target":{"@type":"EntryPoint","urlTemplate":"https:\/\/centro-cee.com\/web\/?s={search_term_string}"},"query-input":{"@type":"PropertyValueSpecification","valueRequired":true,"valueName":"search_term_string"}}],"inLanguage":"es"},{"@type":"Organization","@id":"https:\/\/centro-cee.com\/web\/#organization","name":"Centro Europeo E-learning CEE","url":"https:\/\/centro-cee.com\/web\/","logo":{"@type":"ImageObject","inLanguage":"es","@id":"https:\/\/centro-cee.com\/web\/#\/schema\/logo\/image\/","url":"https:\/\/centro-cee.com\/web\/wp-content\/uploads\/2022\/12\/cropped-logo_educa.png","contentUrl":"https:\/\/centro-cee.com\/web\/wp-content\/uploads\/2022\/12\/cropped-logo_educa.png","width":157,"height":63,"caption":"Centro Europeo E-learning CEE"},"image":{"@id":"https:\/\/centro-cee.com\/web\/#\/schema\/logo\/image\/"},"sameAs":["https:\/\/www.instagram.com\/centroeuropeo_cee"]}]}},"_links":{"self":[{"href":"https:\/\/centro-cee.com\/web\/wp-json\/wp\/v2\/product\/1875","targetHints":{"allow":["GET"]}}],"collection":[{"href":"https:\/\/centro-cee.com\/web\/wp-json\/wp\/v2\/product"}],"about":[{"href":"https:\/\/centro-cee.com\/web\/wp-json\/wp\/v2\/types\/product"}],"replies":[{"embeddable":true,"href":"https:\/\/centro-cee.com\/web\/wp-json\/wp\/v2\/comments?post=1875"}],"wp:featuredmedia":[{"embeddable":true,"href":"https:\/\/centro-cee.com\/web\/wp-json\/wp\/v2\/media\/1876"}],"wp:attachment":[{"href":"https:\/\/centro-cee.com\/web\/wp-json\/wp\/v2\/media?parent=1875"}],"wp:term":[{"taxonomy":"product_brand","embeddable":true,"href":"https:\/\/centro-cee.com\/web\/wp-json\/wp\/v2\/product_brand?post=1875"},{"taxonomy":"product_cat","embeddable":true,"href":"https:\/\/centro-cee.com\/web\/wp-json\/wp\/v2\/product_cat?post=1875"},{"taxonomy":"product_tag","embeddable":true,"href":"https:\/\/centro-cee.com\/web\/wp-json\/wp\/v2\/product_tag?post=1875"}],"curies":[{"name":"wp","href":"https:\/\/api.w.org\/{rel}","templated":true}]}}