{"id":1856,"date":"2024-12-16T13:19:37","date_gmt":"2024-12-16T13:19:37","guid":{"rendered":"https:\/\/centro-cee.com\/web\/?post_type=product&#038;p=1856"},"modified":"2026-03-13T17:07:52","modified_gmt":"2026-03-13T17:07:52","slug":"tecnico-profesional-en-juego-patologico","status":"publish","type":"product","link":"https:\/\/centro-cee.com\/web\/producto\/tecnico-profesional-en-juego-patologico\/","title":{"rendered":"T\u00e9cnico profesional en Juego Patol\u00f3gico"},"content":{"rendered":"<p><a href=\"https:\/\/centro-cee.com\/web\/formaciones\/\">Atr\u00e1s<\/a><\/p>\n<p><em><strong>T\u00e9cnico profesional en Juego Patol\u00f3gico<\/strong><\/em><\/p>\n<p>Toda esta informaci\u00f3n se realiza 100% online en nuestro campus online de formaci\u00f3n.<\/p>\n<p>Las tutor\u00edas se realizan directamente desde el campus de estudio con la opci\u00f3n de mensajer\u00eda a profesores. Las tutorias son \u201ca demanda\u201d, cuando necesites soporte nos lo pides.<\/p>\n<p>Los t\u00edtulos de Centro CEE est\u00e1n autenticados por la firma de notario que valida contenidos y autenticidad a nivel internacional. Nuestra organizaci\u00f3n pertenece a la Asociaci\u00f3n Espa\u00f1ola de Calidad, organizaci\u00f3n Espa\u00f1ola de referencia para la calidad\u00a0en la formaci\u00f3n de auxiliar de enfermer\u00eda. La certificaci\u00f3n se puede apostillar por la Haya para cualquier pa\u00eds firmante del convenio de la Haya.<\/p>\n<p>Se puede pagar a plazos.<\/p>\n<p>Carga horaria de la formaci\u00f3n: 350h<\/p>\n<p>&nbsp;<\/p>\n<h2>Temario<\/h2>\n<hr \/>\n<p>T\u00c9CNICO PROFESIONAL EN JUEGO PATOL\u00d3GICO (Intervenci\u00f3n Psicol\u00f3gica) + COACH + PNL<\/p>\n<p>UNIDAD DID\u00c1CTICA 1. INTRODUCCI\u00d3N AL JUEGO<br \/>\n1. \u00bfQu\u00e9 es el juego?<br \/>\n2. El juego a lo largo de la historia<br \/>\n3. &#8211; Sociedades primitivas<br \/>\n4. &#8211; Antigua Grecia y Roma<br \/>\n5. &#8211; \u2026<br \/>\nUNIDAD DID\u00c1CTICA 2. INTRODUCCI\u00d3N AL JUEGO PATOL\u00d3GICO<br \/>\n1. Introducci\u00f3n al juego patol\u00f3gico<br \/>\n2. Conceptualizaci\u00f3n<br \/>\n3. \u2026.<br \/>\nUNIDAD DID\u00c1CTICA 3. EPIDEMIOLOG\u00cdA DEL JUEGO PATOL\u00d3GICO<br \/>\n1. Epidemiolog\u00eda del juego patol\u00f3gico<br \/>\n2. Prevalencia del juego patol\u00f3gico<br \/>\n3. &#8211; Prevalencia del juego patol\u00f3gico en los pa\u00edses occidentales<br \/>\n4. &#8211; \u2026<br \/>\nUNIDAD DID\u00c1CTICA 4. PERFIL Y CARACTER\u00cdSTICAS DEL JUGADOR PATOL\u00d3GICO<br \/>\n1. Tipos de jugadores<br \/>\n2. Tipolog\u00eda de jugadores patol\u00f3gicos<br \/>\n3. Conductas de la persona jugadora<br \/>\n4. Problemas asociados al juego patol\u00f3gico<br \/>\n5. \u2026.<br \/>\nUNIDAD DID\u00c1CTICA 5. EL JUEGO PATOL\u00d3GICO EN POBLACIONES ESPEC\u00cdFICAS<br \/>\n1. Juego patol\u00f3gico y mujer<br \/>\n2. &#8211; Consecuencias de la adicci\u00f3n al juego en la mujer<br \/>\n3. Juego patol\u00f3gico y juventud<br \/>\n4. \u2026<br \/>\nUNIDAD DID\u00c1CTICA 6. INFLUENCIA DEL JUEGO PATOL\u00d3GICO EN LOS FAMILIARES<br \/>\n1. Consecuencias familiares de la adicci\u00f3n al juego<br \/>\n2. Intervenci\u00f3n Familiar ante el juego patol\u00f3gico<br \/>\n3. \u2026..<br \/>\nUNIDAD DID\u00c1CTICA 7. PREVENCI\u00d3N DEL JUEGO PATOL\u00d3GICO<br \/>\n1. La prevenci\u00f3n: enfoques y modelos<br \/>\n2. \u00c1mbitos de prevenci\u00f3n<br \/>\n3. Prevenci\u00f3n del juego patol\u00f3gico<br \/>\nUNIDAD DID\u00c1CTICA 8. EVALUACI\u00d3N DEL JUEGO PATOL\u00d3GICO<br \/>\n1. Objetivos de la evaluaci\u00f3n psicol\u00f3gica<br \/>\n2. &#8211; Instrumentos<br \/>\n3. &#8211; An\u00e1lisis funcional<br \/>\n4. \u2026.<br \/>\nUNIDAD DID\u00c1CTICA 9. INTERVENCI\u00d3N EN PROBLEMAS DE JUEGO PATOL\u00d3GICO<br \/>\n1. Introducci\u00f3n a la intervenci\u00f3n del juego patol\u00f3gico<br \/>\n2. Intervenci\u00f3n psicol\u00f3gica<br \/>\n3. &#8211; Tratamientos psicol\u00f3gicos<br \/>\n4. \u2026.<br \/>\nUNIDAD DID\u00c1CTICA 10. HABILIDADES SOCIALES Y JUEGO PATOL\u00d3GICO<br \/>\n1. Habilidades sociales<br \/>\n2. &#8211; Habilidades de comunicaci\u00f3n verbal y no verbal<br \/>\n3. &#8211; Habilidades de relaci\u00f3n interpersonal<br \/>\n4. &#8211; Habilidades de comprensi\u00f3n y expresi\u00f3n de emociones<br \/>\n5. \u2026.<\/p>\n<p>COACHING Y MENTORING<\/p>\n<p>1. INTRODUCCI\u00d3N<br \/>\n1.1. Origen del coaching<br \/>\n1.2. Coaching ejecutivo<br \/>\n1.3. Definici\u00f3n de los conceptos de Coaching y Mentoring<br \/>\n1.3.1. Coaching<br \/>\n1.3.2. Mentoring<br \/>\n1.4. Diferencias entre coaching y mentoring y con otros conceptos relacionados<br \/>\n1.4.1. Diferencias entre coaching y mentoring<br \/>\n1.5. \u2026.<\/p>\n<p>2. EL PROCESO DE COACHING<br \/>\n2.1. Por qu\u00e9 iniciar un proceso de coaching<br \/>\n2.2. El proceso de coaching. Sesiones b\u00e1sicas<br \/>\n2.2.1. Contrato entre dos partes<br \/>\n2.2.2. Elecci\u00f3n de los directivos<br \/>\n2.2.3. Primeras entrevistas y cuestionarios<br \/>\n2.2.4. \u2026.<\/p>\n<p>3. TIPOS DE COACHING<br \/>\n3.1. Clasificaciones<br \/>\n3.1.1. Seg\u00fan su \u00e1mbito de aplicaci\u00f3n<br \/>\n3.1.2. Seg\u00fan la modalidad de las sesiones<br \/>\n3.1.3. Seg\u00fan la metodolog\u00eda aplicada<br \/>\n3.2. El e-coaching<br \/>\n3.2.1. \u2026<\/p>\n<p>4. COMPETENCIAS DEL COACH<br \/>\n4.1. El coach y la empat\u00eda<br \/>\n4.2. Competencias b\u00e1sicas del Coach<br \/>\n4.2.1. Establecer confianza e intimidad con el cliente<br \/>\n4.2.2. Presencia del coaching<br \/>\n4.2.3. Escucha activa<br \/>\n4.3. \u2026.<\/p>\n<p>5. HERRAMIENTAS E INSTRUMENTOS<br \/>\n5.1. Herramientas<br \/>\n5.1.1. Introducci\u00f3n<br \/>\n5.1.2. Evaluar necesidades<br \/>\n5.1.3. Conocer al coachee<br \/>\n5.1.4. Aumentar la autoconciencia<br \/>\n5.1.5. Aumentar el abanico de opciones<br \/>\n5.2. \u2026.<\/p>\n<p>6. ACREDITACI\u00d3N DEL COACH<br \/>\n6.1.\u00a0 Introducci\u00f3n<br \/>\n6.2. C\u00f3mo se acredita un Coach<br \/>\n6.3. Competencias b\u00e1sicas para obtener la acreditaci\u00f3n de la ICF<br \/>\n6.3.1. \u2026<\/p>\n<p>7. ORIENTACI\u00d3N PROFESIONAL O MENTORING<br \/>\n7.1. Definici\u00f3n de mentoring<br \/>\n7.2. Tipos de mentoring<br \/>\n7.3. El proceso de mentoring<br \/>\n7.4. \u2026.<\/p>\n<p>COMUNICACI\u00d3N EFICAZ CON PROGRAMACI\u00d3N NEUROLING\u00dc\u00cdSTICA (PNL)<\/p>\n<p>1. INTRODUCCI\u00d3N<br \/>\n1.1. Definici\u00f3n y Elementos de la Comunicaci\u00f3n<br \/>\n1.2. Comunicaci\u00f3n Verbal y No verbal<br \/>\n1.3. \u2026<\/p>\n<p>2. HISTORIA BREVE DE LA PNL<\/p>\n<p>3. COMPONENTES DE LA PNL<br \/>\n3.1. Programaci\u00f3n<br \/>\n3.2. Neuro<br \/>\n3.3. Ling\u00fc\u00edstica<\/p>\n<p>4. LAS CLAVES DE LA BUENA COMUNICACI\u00d3N EN PNL<br \/>\n4.1. Introducci\u00f3n<br \/>\n4.2. Las 10 reglas de la buena comunicaci\u00f3n<\/p>\n<p>5. PREMISA B\u00c1SICA DE LA PNL: EL MAPA NO ES EL TERRITORIO<br \/>\n5.1. Introducci\u00f3n<br \/>\n5.2. \u00bfCu\u00e1ndo sabemos si nuestro mapa es \u00fatil o no?<br \/>\n5.3. \u00bfPor qu\u00e9 tenemos distintos mapas del territorio?<br \/>\n5.4. \u2026<\/p>\n<p>6. IGUALANDO LOS MAPAS: CREANDO RAPPORT, EMPAT\u00cdA O \u201cFEELING\u201d PARA DESPU\u00c9S DIRIGIR O LIDERAR<br \/>\n6.1. Creando Rapport con nuestro lenguaje no verbal<br \/>\n6.2. \u00bfC\u00f3mo acompa\u00f1amos nuestros movimientos a los de la otra persona?<br \/>\n6.3. \u2026<\/p>\n<p>7. SISTEMAS DE REPRESENTACI\u00d3N SENSORIAL<br \/>\n7.1. Personas visuales, auditivas y cinest\u00e9sicas<br \/>\n7.2. Las claves de acceso<br \/>\n7.3. Predicados de los tres sistemas de representaci\u00f3n<\/p>\n<p>8. CLAVE DE ACCESO: MOVIMIENTOS OCULARES<\/p>\n<p>9. VENCER LAS RESISTENCIAS EN LA CONVERSACI\u00d3N<br \/>\n9.1. Conversaci\u00f3n y Flexibilidad<br \/>\n9.2. Los borradores universales<br \/>\n9.3. Marco del como si: ampliando opciones para la persona<br \/>\n9.4. \u2026<\/p>\n<p>10. EL METAMODELO<br \/>\n10.1. Definici\u00f3n<br \/>\n10.2. Preguntas para encontrar informaci\u00f3n<\/p>\n<p>11. LAS PRESUPOSICIONES<br \/>\n11.1. Las presuposiciones en nuestro lenguaje<br \/>\n11.2. La importancia de las presuposiciones<br \/>\n11.3. C\u00f3mo usar las presuposiciones y tipos de presuposiciones<\/p>\n<p>12. EL REENCUADRE<br \/>\n12.1.\u00a0 El significado del reencuadre<br \/>\n12.2.\u00a0 Formas de cambiar la percepci\u00f3n respecto a algo. Tipos de Reencuadre<\/p>\n<p>13. LOS METAPROGRAMAS<br \/>\n13.1. Definici\u00f3n<br \/>\n13.2. Tipos de metaprogramas<\/p>\n<hr \/>\n","protected":false},"excerpt":{"rendered":"<p><a href=\"https:\/\/centro-cee.com\/web\/formaciones\/\">Atr\u00e1s<\/a><\/p>\n<p>Formate y especializate en TODOS los aspectos relacionados con la intervenci\u00f3n psicol\u00f3gica en el juego patol\u00f3gico, con contenidos actualizados.Hoy en dia han proliferado en gran cantidad las personas \u00abenganchadas\u00bb al juego que de forma paulatina destruye a los adictos, a sus familiares y entorno m\u00e1s pr\u00f3ximo.<br \/>\nEn gran medida este incremento exponencial se ha visto marcado por la aparici\u00f3n de un gran numero de \u00abcasinos y apuestas deportivas\u00bb que han abierto en las ciudades, poniendo al alcance de mucha gente esta practica adictivia. <\/p>\n<p>A parte del \u00abjuego digital\u00bb que ha facilitado que personas de cualquier edad, incluso menores,puedan acceder a contenidos de juego online adictivos y que el secretismo de internet facilita el anonimato de estos jugadores.<\/p>\n<p>Por ello la sociedad demanda de profesionales capaces de detectar estas patolog\u00edas y tambi\u00e9n de ayudar en su tratamiento.<br \/>\nLa formaci\u00f3n obtenida es de alto nivel y con gran cantidad de contenidos que te dotaran de unos conocimientos excelentes.<\/p>\n","protected":false},"featured_media":1857,"comment_status":"closed","ping_status":"closed","template":"","meta":[],"product_brand":[],"product_cat":[2048,34],"product_tag":[1997,2003,2000,1996,1999,2001,2004,252,2002,1998],"class_list":{"0":"post-1856","1":"product","2":"type-product","3":"status-publish","4":"has-post-thumbnail","6":"product_cat-cursos-online-psicologia","7":"product_cat-tecnicos","8":"product_tag-adiccion-al-juego","9":"product_tag-apoyo-psicologico","10":"product_tag-intervencion-en-juego-patologico","11":"product_tag-juego-patologico","12":"product_tag-ludopatia","13":"product_tag-prevencion-de-adicciones","14":"product_tag-rehabilitacion-del-juego-patologico","15":"product_tag-salud-mental","16":"product_tag-terapia-para-ludopatia","17":"product_tag-tratamiento-de-adicciones","19":"first","20":"instock","21":"sale","22":"shipping-taxable","23":"purchasable","24":"product-type-simple"},"yoast_head":"<!-- This site is optimized with the Yoast SEO plugin v27.5 - https:\/\/yoast.com\/product\/yoast-seo-wordpress\/ -->\n<title>T\u00e9cnico profesional en Juego Patol\u00f3gico<\/title>\n<meta name=\"description\" content=\"Desarrolla tus habilidades y mejora tus conocimientos con nuestra formaci\u00f3n de T\u00e9cnico profesional en Juego Patol\u00f3gico\" \/>\n<meta name=\"robots\" content=\"index, follow, max-snippet:-1, max-image-preview:large, max-video-preview:-1\" \/>\n<link rel=\"canonical\" href=\"https:\/\/centro-cee.com\/web\/producto\/tecnico-profesional-en-juego-patologico\/\" \/>\n<meta property=\"og:locale\" content=\"es_ES\" \/>\n<meta property=\"og:type\" content=\"article\" \/>\n<meta property=\"og:title\" content=\"T\u00e9cnico profesional en Juego Patol\u00f3gico\" \/>\n<meta property=\"og:description\" content=\"Desarrolla tus habilidades y mejora tus conocimientos con nuestra formaci\u00f3n de T\u00e9cnico profesional en Juego Patol\u00f3gico\" \/>\n<meta property=\"og:url\" content=\"https:\/\/centro-cee.com\/web\/producto\/tecnico-profesional-en-juego-patologico\/\" \/>\n<meta property=\"og:site_name\" content=\"CEE Centro Europeo E-learning - Cursos online\" \/>\n<meta property=\"article:modified_time\" content=\"2026-03-13T17:07:52+00:00\" \/>\n<meta property=\"og:image\" content=\"https:\/\/centro-cee.com\/web\/wp-content\/uploads\/2024\/12\/ludopatia.jpg\" \/>\n\t<meta property=\"og:image:width\" content=\"750\" \/>\n\t<meta property=\"og:image:height\" content=\"450\" \/>\n\t<meta property=\"og:image:type\" content=\"image\/jpeg\" \/>\n<meta name=\"twitter:card\" content=\"summary_large_image\" \/>\n<meta name=\"twitter:label1\" content=\"Tiempo de lectura\" \/>\n\t<meta name=\"twitter:data1\" content=\"4 minutos\" \/>\n<script type=\"application\/ld+json\" class=\"yoast-schema-graph\">{\"@context\":\"https:\\\/\\\/schema.org\",\"@graph\":[{\"@type\":\"WebPage\",\"@id\":\"https:\\\/\\\/centro-cee.com\\\/web\\\/producto\\\/tecnico-profesional-en-juego-patologico\\\/\",\"url\":\"https:\\\/\\\/centro-cee.com\\\/web\\\/producto\\\/tecnico-profesional-en-juego-patologico\\\/\",\"name\":\"T\u00e9cnico profesional en Juego Patol\u00f3gico\",\"isPartOf\":{\"@id\":\"https:\\\/\\\/centro-cee.com\\\/web\\\/#website\"},\"primaryImageOfPage\":{\"@id\":\"https:\\\/\\\/centro-cee.com\\\/web\\\/producto\\\/tecnico-profesional-en-juego-patologico\\\/#primaryimage\"},\"image\":{\"@id\":\"https:\\\/\\\/centro-cee.com\\\/web\\\/producto\\\/tecnico-profesional-en-juego-patologico\\\/#primaryimage\"},\"thumbnailUrl\":\"https:\\\/\\\/centro-cee.com\\\/web\\\/wp-content\\\/uploads\\\/2024\\\/12\\\/ludopatia.jpg\",\"datePublished\":\"2024-12-16T13:19:37+00:00\",\"dateModified\":\"2026-03-13T17:07:52+00:00\",\"description\":\"Desarrolla tus habilidades y mejora tus conocimientos con nuestra formaci\u00f3n de T\u00e9cnico profesional en Juego Patol\u00f3gico\",\"breadcrumb\":{\"@id\":\"https:\\\/\\\/centro-cee.com\\\/web\\\/producto\\\/tecnico-profesional-en-juego-patologico\\\/#breadcrumb\"},\"inLanguage\":\"es\",\"potentialAction\":[{\"@type\":\"ReadAction\",\"target\":[\"https:\\\/\\\/centro-cee.com\\\/web\\\/producto\\\/tecnico-profesional-en-juego-patologico\\\/\"]}]},{\"@type\":\"ImageObject\",\"inLanguage\":\"es\",\"@id\":\"https:\\\/\\\/centro-cee.com\\\/web\\\/producto\\\/tecnico-profesional-en-juego-patologico\\\/#primaryimage\",\"url\":\"https:\\\/\\\/centro-cee.com\\\/web\\\/wp-content\\\/uploads\\\/2024\\\/12\\\/ludopatia.jpg\",\"contentUrl\":\"https:\\\/\\\/centro-cee.com\\\/web\\\/wp-content\\\/uploads\\\/2024\\\/12\\\/ludopatia.jpg\",\"width\":750,\"height\":450,\"caption\":\"T\u00e9cnico profesional en Juego Patol\u00f3gico\"},{\"@type\":\"BreadcrumbList\",\"@id\":\"https:\\\/\\\/centro-cee.com\\\/web\\\/producto\\\/tecnico-profesional-en-juego-patologico\\\/#breadcrumb\",\"itemListElement\":[{\"@type\":\"ListItem\",\"position\":1,\"name\":\"Portada\",\"item\":\"https:\\\/\\\/centro-cee.com\\\/web\\\/\"},{\"@type\":\"ListItem\",\"position\":2,\"name\":\"T\u00e9cnico profesional en Juego Patol\u00f3gico\"}]},{\"@type\":\"WebSite\",\"@id\":\"https:\\\/\\\/centro-cee.com\\\/web\\\/#website\",\"url\":\"https:\\\/\\\/centro-cee.com\\\/web\\\/\",\"name\":\"Centro Europeo E-learning\",\"description\":\"CEE Formaci\u00f3n Online\",\"publisher\":{\"@id\":\"https:\\\/\\\/centro-cee.com\\\/web\\\/#organization\"},\"alternateName\":\"Centro Online de Formaci\u00f3n\",\"potentialAction\":[{\"@type\":\"SearchAction\",\"target\":{\"@type\":\"EntryPoint\",\"urlTemplate\":\"https:\\\/\\\/centro-cee.com\\\/web\\\/?s={search_term_string}\"},\"query-input\":{\"@type\":\"PropertyValueSpecification\",\"valueRequired\":true,\"valueName\":\"search_term_string\"}}],\"inLanguage\":\"es\"},{\"@type\":\"Organization\",\"@id\":\"https:\\\/\\\/centro-cee.com\\\/web\\\/#organization\",\"name\":\"Centro Europeo E-learning CEE\",\"url\":\"https:\\\/\\\/centro-cee.com\\\/web\\\/\",\"logo\":{\"@type\":\"ImageObject\",\"inLanguage\":\"es\",\"@id\":\"https:\\\/\\\/centro-cee.com\\\/web\\\/#\\\/schema\\\/logo\\\/image\\\/\",\"url\":\"https:\\\/\\\/centro-cee.com\\\/web\\\/wp-content\\\/uploads\\\/2022\\\/12\\\/cropped-logo_educa.png\",\"contentUrl\":\"https:\\\/\\\/centro-cee.com\\\/web\\\/wp-content\\\/uploads\\\/2022\\\/12\\\/cropped-logo_educa.png\",\"width\":157,\"height\":63,\"caption\":\"Centro Europeo E-learning CEE\"},\"image\":{\"@id\":\"https:\\\/\\\/centro-cee.com\\\/web\\\/#\\\/schema\\\/logo\\\/image\\\/\"},\"sameAs\":[\"https:\\\/\\\/www.instagram.com\\\/centroeuropeo_cee\"]}]}<\/script>\n<!-- \/ Yoast SEO plugin. -->","yoast_head_json":{"title":"T\u00e9cnico profesional en Juego Patol\u00f3gico","description":"Desarrolla tus habilidades y mejora tus conocimientos con nuestra formaci\u00f3n de T\u00e9cnico profesional en Juego Patol\u00f3gico","robots":{"index":"index","follow":"follow","max-snippet":"max-snippet:-1","max-image-preview":"max-image-preview:large","max-video-preview":"max-video-preview:-1"},"canonical":"https:\/\/centro-cee.com\/web\/producto\/tecnico-profesional-en-juego-patologico\/","og_locale":"es_ES","og_type":"article","og_title":"T\u00e9cnico profesional en Juego Patol\u00f3gico","og_description":"Desarrolla tus habilidades y mejora tus conocimientos con nuestra formaci\u00f3n de T\u00e9cnico profesional en Juego Patol\u00f3gico","og_url":"https:\/\/centro-cee.com\/web\/producto\/tecnico-profesional-en-juego-patologico\/","og_site_name":"CEE Centro Europeo E-learning - Cursos online","article_modified_time":"2026-03-13T17:07:52+00:00","og_image":[{"width":750,"height":450,"url":"https:\/\/centro-cee.com\/web\/wp-content\/uploads\/2024\/12\/ludopatia.jpg","type":"image\/jpeg"}],"twitter_card":"summary_large_image","twitter_misc":{"Tiempo de lectura":"4 minutos"},"schema":{"@context":"https:\/\/schema.org","@graph":[{"@type":"WebPage","@id":"https:\/\/centro-cee.com\/web\/producto\/tecnico-profesional-en-juego-patologico\/","url":"https:\/\/centro-cee.com\/web\/producto\/tecnico-profesional-en-juego-patologico\/","name":"T\u00e9cnico profesional en Juego Patol\u00f3gico","isPartOf":{"@id":"https:\/\/centro-cee.com\/web\/#website"},"primaryImageOfPage":{"@id":"https:\/\/centro-cee.com\/web\/producto\/tecnico-profesional-en-juego-patologico\/#primaryimage"},"image":{"@id":"https:\/\/centro-cee.com\/web\/producto\/tecnico-profesional-en-juego-patologico\/#primaryimage"},"thumbnailUrl":"https:\/\/centro-cee.com\/web\/wp-content\/uploads\/2024\/12\/ludopatia.jpg","datePublished":"2024-12-16T13:19:37+00:00","dateModified":"2026-03-13T17:07:52+00:00","description":"Desarrolla tus habilidades y mejora tus conocimientos con nuestra formaci\u00f3n de T\u00e9cnico profesional en Juego Patol\u00f3gico","breadcrumb":{"@id":"https:\/\/centro-cee.com\/web\/producto\/tecnico-profesional-en-juego-patologico\/#breadcrumb"},"inLanguage":"es","potentialAction":[{"@type":"ReadAction","target":["https:\/\/centro-cee.com\/web\/producto\/tecnico-profesional-en-juego-patologico\/"]}]},{"@type":"ImageObject","inLanguage":"es","@id":"https:\/\/centro-cee.com\/web\/producto\/tecnico-profesional-en-juego-patologico\/#primaryimage","url":"https:\/\/centro-cee.com\/web\/wp-content\/uploads\/2024\/12\/ludopatia.jpg","contentUrl":"https:\/\/centro-cee.com\/web\/wp-content\/uploads\/2024\/12\/ludopatia.jpg","width":750,"height":450,"caption":"T\u00e9cnico profesional en Juego Patol\u00f3gico"},{"@type":"BreadcrumbList","@id":"https:\/\/centro-cee.com\/web\/producto\/tecnico-profesional-en-juego-patologico\/#breadcrumb","itemListElement":[{"@type":"ListItem","position":1,"name":"Portada","item":"https:\/\/centro-cee.com\/web\/"},{"@type":"ListItem","position":2,"name":"T\u00e9cnico profesional en Juego Patol\u00f3gico"}]},{"@type":"WebSite","@id":"https:\/\/centro-cee.com\/web\/#website","url":"https:\/\/centro-cee.com\/web\/","name":"Centro Europeo E-learning","description":"CEE Formaci\u00f3n Online","publisher":{"@id":"https:\/\/centro-cee.com\/web\/#organization"},"alternateName":"Centro Online de Formaci\u00f3n","potentialAction":[{"@type":"SearchAction","target":{"@type":"EntryPoint","urlTemplate":"https:\/\/centro-cee.com\/web\/?s={search_term_string}"},"query-input":{"@type":"PropertyValueSpecification","valueRequired":true,"valueName":"search_term_string"}}],"inLanguage":"es"},{"@type":"Organization","@id":"https:\/\/centro-cee.com\/web\/#organization","name":"Centro Europeo E-learning CEE","url":"https:\/\/centro-cee.com\/web\/","logo":{"@type":"ImageObject","inLanguage":"es","@id":"https:\/\/centro-cee.com\/web\/#\/schema\/logo\/image\/","url":"https:\/\/centro-cee.com\/web\/wp-content\/uploads\/2022\/12\/cropped-logo_educa.png","contentUrl":"https:\/\/centro-cee.com\/web\/wp-content\/uploads\/2022\/12\/cropped-logo_educa.png","width":157,"height":63,"caption":"Centro Europeo E-learning CEE"},"image":{"@id":"https:\/\/centro-cee.com\/web\/#\/schema\/logo\/image\/"},"sameAs":["https:\/\/www.instagram.com\/centroeuropeo_cee"]}]}},"_links":{"self":[{"href":"https:\/\/centro-cee.com\/web\/wp-json\/wp\/v2\/product\/1856","targetHints":{"allow":["GET"]}}],"collection":[{"href":"https:\/\/centro-cee.com\/web\/wp-json\/wp\/v2\/product"}],"about":[{"href":"https:\/\/centro-cee.com\/web\/wp-json\/wp\/v2\/types\/product"}],"replies":[{"embeddable":true,"href":"https:\/\/centro-cee.com\/web\/wp-json\/wp\/v2\/comments?post=1856"}],"wp:featuredmedia":[{"embeddable":true,"href":"https:\/\/centro-cee.com\/web\/wp-json\/wp\/v2\/media\/1857"}],"wp:attachment":[{"href":"https:\/\/centro-cee.com\/web\/wp-json\/wp\/v2\/media?parent=1856"}],"wp:term":[{"taxonomy":"product_brand","embeddable":true,"href":"https:\/\/centro-cee.com\/web\/wp-json\/wp\/v2\/product_brand?post=1856"},{"taxonomy":"product_cat","embeddable":true,"href":"https:\/\/centro-cee.com\/web\/wp-json\/wp\/v2\/product_cat?post=1856"},{"taxonomy":"product_tag","embeddable":true,"href":"https:\/\/centro-cee.com\/web\/wp-json\/wp\/v2\/product_tag?post=1856"}],"curies":[{"name":"wp","href":"https:\/\/api.w.org\/{rel}","templated":true}]}}