{"id":1854,"date":"2024-12-16T13:07:53","date_gmt":"2024-12-16T13:07:53","guid":{"rendered":"https:\/\/centro-cee.com\/web\/?post_type=product&#038;p=1854"},"modified":"2026-03-13T17:07:58","modified_gmt":"2026-03-13T17:07:58","slug":"profesional-recepcionista-de-hospitales-y-policlinicas","status":"publish","type":"product","link":"https:\/\/centro-cee.com\/web\/producto\/profesional-recepcionista-de-hospitales-y-policlinicas\/","title":{"rendered":"Profesional recepcionista de hospitales y policl\u00ednicas"},"content":{"rendered":"<p><a href=\"https:\/\/centro-cee.com\/web\/formaciones\/\">Atr\u00e1s<\/a><\/p>\n<p><em><strong>Profesional recepcionista de hospitales y policl\u00ednicas <\/strong><\/em><\/p>\n<p>Toda esta informaci\u00f3n se realiza 100% online en nuestro campus online de formaci\u00f3n.<\/p>\n<p>Las tutor\u00edas se realizan directamente desde el campus de estudio con la opci\u00f3n de mensajer\u00eda a profesores. Las tutorias son \u201ca demanda\u201d, cuando necesites soporte nos lo pides.<\/p>\n<p>Los t\u00edtulos de Centro CEE est\u00e1n autenticados por la firma de notario que valida contenidos y autenticidad a nivel internacional. Nuestra organizaci\u00f3n pertenece a la Asociaci\u00f3n Espa\u00f1ola de Calidad, organizaci\u00f3n Espa\u00f1ola de referencia para la calidad\u00a0en la formaci\u00f3n de auxiliar de enfermer\u00eda. La certificaci\u00f3n se puede apostillar por la Haya para cualquier pa\u00eds firmante del convenio de la Haya.<\/p>\n<p>Se puede pagar a plazos.<\/p>\n<p>Carga horaria de la formaci\u00f3n: 400h<\/p>\n<p>&nbsp;<\/p>\n<h2>Temario<\/h2>\n<hr \/>\n<p>RECEPCIONISTA DE HOSPITALES Y POLICL\u00cdNICAS<\/p>\n<p>1. TIPOS DE CENTROS SANITARIOS EN EL SISTEMA SANITARIO ESPA\u00d1OL<\/p>\n<p>1. Introducci\u00f3n<br \/>\n2. Niveles de Intervenci\u00f3n en el Sistema Nacional de Salud<\/p>\n<p>2. DOCUMENTOS EN EL \u00c1MBITO SANITARIO<\/p>\n<p>1. Introducci\u00f3n<br \/>\n2. Documentaci\u00f3n Sanitaria. La Historia Cl\u00ednica<\/p>\n<p>3. V\u00cdAS DE ATENCI\u00d3N SANITARIA AL PACIENTE<\/p>\n<p>1. Introducci\u00f3n<br \/>\n2. V\u00edas para la demanda de Atenci\u00f3n Sanitaria<\/p>\n<p>4. ARCHIVO DE LA DOCUMENTACI\u00d3N<\/p>\n<p>1. Introducci\u00f3n<br \/>\n2. M\u00e9todos de Archivo<\/p>\n<p>5. LA ACTUACI\u00d3N PERSONAL Y PROFESIONAL EN LAS ACTIVIDADES ADMINISTRATIVAS<\/p>\n<p>1. Planificaci\u00f3n y Organizaci\u00f3n del Trabajo<br \/>\n2. El Esp\u00edritu de Equipo y la Sinergia<\/p>\n<p>6. LA COMUNICACI\u00d3N EN LA EMPRESA<\/p>\n<p>1. Las Relaciones en la Empresa. Humanas y Laborales<br \/>\n2. Tratamiento y Flujo de la Informaci\u00f3n en la Empresa<br \/>\n3. La Comunicaci\u00f3n Interna en la Empresa<br \/>\n4. La Imagen Corporativa e Institucional en los Procesos de Informaci\u00f3n y Comunicaci\u00f3n en las Organizaciones<\/p>\n<p>7. LA COMUNICACI\u00d3N ORAL I<\/p>\n<p>1. La Comunicaci\u00f3n Oral en la Empresa<br \/>\n2. Precisi\u00f3n y Claridad en el lenguaje<\/p>\n<p>8. LA COMUNICACI\u00d3N TELEF\u00d3NICA<\/p>\n<p>1. Proceso de Comunicaci\u00f3n Telef\u00f3nica<br \/>\n2. Prestaciones Habituales<br \/>\n3. Medios y Equipos<\/p>\n<p>9. COMUNICACI\u00d3N ESCRITA<\/p>\n<p>1. Normas Generales de la Comunicaci\u00f3n Escrita<br \/>\n2. Estilos de Redacci\u00f3n: T\u00e9cnicas de Sintetizaci\u00f3n de Contenidos<\/p>\n<p>10. CALIDAD EN EL SERVICIO DE ATENCI\u00d3N AL CLIENTE<\/p>\n<p>1. El Cliente<br \/>\n2. La Calidad en la Atenci\u00f3n al Cliente<\/p>\n<p>11. PREVENCI\u00d3N DE RIESGOS LABORALES EN OFICINAS Y SECTOR DE LA ADMINISTRACI\u00d3N<\/p>\n<p>1. Caracter\u00edsticas de la actividad laboral<br \/>\n2. Riesgos profesionales espec\u00edficos de la familia profesional Administraci\u00f3n y Oficinas<\/p>\n<p>GESTI\u00d3N DE ESTR\u00c9S<\/p>\n<p>1. EL ESTR\u00c9S Y SUS CARACTER\u00cdSTICAS<br \/>\n1.1. Introducci\u00f3n<br \/>\n1.2. Definiciones<br \/>\n1.3. Tipos de estr\u00e9s<br \/>\n1.4. Fuentes de estr\u00e9s<\/p>\n<p>2. EL ESTR\u00c9S LABORAL<br \/>\n2.1. Factores psicosociales<br \/>\n2.2. Diferencia entre presi\u00f3n de trabajo y estr\u00e9s<br \/>\n2.3. S\u00edntomas del estr\u00e9s laboral<br \/>\n2.4. Medidas Organizacionales<br \/>\n2.4.1. Gesti\u00f3n del estr\u00e9s laboral por parte de los empresarios<\/p>\n<p>3. T\u00c9CNICAS PERSONALES DE CONTROL DE ESTR\u00c9S<br \/>\n3.1. T\u00e9cnicas de respiraci\u00f3n<br \/>\n3.1.1. En pie y respirando<br \/>\n3.1.2. Nadi Shodhana<br \/>\n3.1.3. La respiraci\u00f3n de limpieza (Dr. Ed Newman)<\/p>\n<p>3.2. Consejos para evitar el estr\u00e9s<br \/>\n3.2.1. Habit\u00faate a<br \/>\n3.2.2. Anal\u00edzate<br \/>\n3.2.3. En el trabajo<br \/>\n3.2.4. Tiempo libre y ocio<br \/>\n3.2.5. Deporte<\/p>\n<p>3.3. T\u00e9cnicas para dominar el estr\u00e9s<br \/>\n3.3.1. Identificando nuestros s\u00edntomas de relajaci\u00f3n<br \/>\n3.3.2. Un ant\u00eddoto para el desaliento<br \/>\n3.3.3. La concentraci\u00f3n: una respiraci\u00f3n en nueve rondas<br \/>\n3.3.4. Fluir libremente: diez pasos simples para dominar el estr\u00e9s<\/p>\n<p>Anexo: Comprueba tu nivel de estr\u00e9s<\/p>\n<p>4. T\u00c9CNICA DE AFRONTAMIENTO DEL ESTR\u00c9S<br \/>\n4.1. Introducci\u00f3n<br \/>\n4.2. Desarrollo de la t\u00e9cnica<br \/>\n4.2.1. Desarrollo de una relajaci\u00f3n efectiva<br \/>\n4.2.2. Realizaci\u00f3n de una jerarqu\u00eda de sucesos estresantes<\/p>\n<p>GESTI\u00d3N DEL TIEMPO<\/p>\n<p>1. EL TIEMPO<br \/>\n1.1. Introducci\u00f3n.<br \/>\n1.2. Mitos sobre el tiempo.<\/p>\n<p>2. TIPOLOG\u00cdA DE TAREAS<br \/>\n2.1. Priorizaci\u00f3n y tratamiento de las tareas.<br \/>\n2.2. Tipos de tareas.<br \/>\n2.3. Recomendaciones.<\/p>\n<p>3. LADRONES DE TIEMPO<br \/>\n3.1. Introducci\u00f3n.<br \/>\n3.2. Visitas inoportunas.<br \/>\n3.3. Reuniones.<br \/>\n3.4. Tel\u00e9fono.<br \/>\n3.5. Correo electr\u00f3nico.<\/p>\n<p>4. GESTI\u00d3N EFICAZ DEL TIEMPO<br \/>\n4.1. Introducci\u00f3n<br \/>\n4.2. Factores que influyen en la gesti\u00f3n eficaz del tiempo.<br \/>\n4.3. Gesti\u00f3n reactiva, activa y proactiva.<br \/>\n<em><strong>Profesional recepcionista de hospitales y policl\u00ednicas <\/strong><\/em><\/p>\n<hr \/>\n","protected":false},"excerpt":{"rendered":"<p><a href=\"https:\/\/centro-cee.com\/web\/formaciones\/\">Atr\u00e1s<\/a><\/p>\n<p>Prep\u00e1rate en un oficio que te permita adquirir conocimientos que se traduzcan en aumentar tus ingresos mensuales adquiriendo habilidades y experiencia. El portal formativo oferta este programa online, sobre recepcionista de hospitales y cl\u00ednicas, el cual es desarrollado por CEE Centro Europeo E-learning, brind\u00e1ndote los conocimientos necesarios para gestionar correctamente la documentaci\u00f3n y orientar a los pacientes que ingresan a la instituci\u00f3n.<\/p>\n<p>Ahora podr\u00e1s organizar, planificar y realizar actividades operativas y administrativas desde la recepci\u00f3n de la cl\u00ednica, profundizando en el sector de la salud, su sistema y los distintos niveles para la atenci\u00f3n, as\u00ed como en la normativa legal vigente que aplica en este sector, gestionando documentos relacionados con el ingreso de atenci\u00f3n de pacientes, implementando herramientas de comunicaci\u00f3n de forma eficiente para utilizar con el personal sanitario y pacientes y gestionando el archivo de historias entre otros.<\/p>\n","protected":false},"featured_media":1855,"comment_status":"closed","ping_status":"closed","template":"","meta":[],"product_brand":[],"product_cat":[2046,34],"product_tag":[1862,1868,1871,1863,1869,1866,1867,1864,1870,1865],"class_list":{"0":"post-1854","1":"product","2":"type-product","3":"status-publish","4":"has-post-thumbnail","6":"product_cat-cursos-salud","7":"product_cat-tecnicos","8":"product_tag-acoso-escolar","9":"product_tag-apoyo-psicologico-en-la-escuela","10":"product_tag-bienestar-emocional-en-la-educacion","11":"product_tag-bullying-y-educacion","12":"product_tag-estrategias-contra-el-bullying","13":"product_tag-experto-en-convivencia-escolar","14":"product_tag-formacion-en-manejo-del-estres","15":"product_tag-gestion-del-estres-en-el-aula","16":"product_tag-intervencion-en-conflictos-escolares","17":"product_tag-prevencion-del-acoso-escolar","19":"first","20":"instock","21":"sale","22":"shipping-taxable","23":"purchasable","24":"product-type-simple"},"yoast_head":"<!-- This site is optimized with the Yoast SEO plugin v27.5 - https:\/\/yoast.com\/product\/yoast-seo-wordpress\/ -->\n<title>Profesional recepcionista de hospitales y policl\u00ednicas<\/title>\n<meta name=\"description\" content=\"Desarrolla tus habilidades y mejora tus conocimientos con nuestra formaci\u00f3n de Profesional recepcionista de hospitales y policl\u00ednicas\" \/>\n<meta name=\"robots\" content=\"index, follow, max-snippet:-1, max-image-preview:large, max-video-preview:-1\" \/>\n<link rel=\"canonical\" href=\"https:\/\/centro-cee.com\/web\/producto\/profesional-recepcionista-de-hospitales-y-policlinicas\/\" \/>\n<meta property=\"og:locale\" content=\"es_ES\" \/>\n<meta property=\"og:type\" content=\"article\" \/>\n<meta property=\"og:title\" content=\"Profesional recepcionista de hospitales y policl\u00ednicas\" \/>\n<meta property=\"og:description\" content=\"Desarrolla tus habilidades y mejora tus conocimientos con nuestra formaci\u00f3n de Profesional recepcionista de hospitales y policl\u00ednicas\" \/>\n<meta property=\"og:url\" content=\"https:\/\/centro-cee.com\/web\/producto\/profesional-recepcionista-de-hospitales-y-policlinicas\/\" \/>\n<meta property=\"og:site_name\" content=\"CEE Centro Europeo E-learning - Cursos online\" \/>\n<meta property=\"article:modified_time\" content=\"2026-03-13T17:07:58+00:00\" \/>\n<meta property=\"og:image\" content=\"https:\/\/centro-cee.com\/web\/wp-content\/uploads\/2024\/12\/Recepcionista.jpg\" \/>\n\t<meta property=\"og:image:width\" content=\"900\" \/>\n\t<meta property=\"og:image:height\" content=\"600\" \/>\n\t<meta property=\"og:image:type\" content=\"image\/jpeg\" \/>\n<meta name=\"twitter:card\" content=\"summary_large_image\" \/>\n<meta name=\"twitter:label1\" content=\"Tiempo de lectura\" \/>\n\t<meta name=\"twitter:data1\" content=\"4 minutos\" \/>\n<script type=\"application\/ld+json\" class=\"yoast-schema-graph\">{\"@context\":\"https:\\\/\\\/schema.org\",\"@graph\":[{\"@type\":\"WebPage\",\"@id\":\"https:\\\/\\\/centro-cee.com\\\/web\\\/producto\\\/profesional-recepcionista-de-hospitales-y-policlinicas\\\/\",\"url\":\"https:\\\/\\\/centro-cee.com\\\/web\\\/producto\\\/profesional-recepcionista-de-hospitales-y-policlinicas\\\/\",\"name\":\"Profesional recepcionista de hospitales y policl\u00ednicas\",\"isPartOf\":{\"@id\":\"https:\\\/\\\/centro-cee.com\\\/web\\\/#website\"},\"primaryImageOfPage\":{\"@id\":\"https:\\\/\\\/centro-cee.com\\\/web\\\/producto\\\/profesional-recepcionista-de-hospitales-y-policlinicas\\\/#primaryimage\"},\"image\":{\"@id\":\"https:\\\/\\\/centro-cee.com\\\/web\\\/producto\\\/profesional-recepcionista-de-hospitales-y-policlinicas\\\/#primaryimage\"},\"thumbnailUrl\":\"https:\\\/\\\/centro-cee.com\\\/web\\\/wp-content\\\/uploads\\\/2024\\\/12\\\/Recepcionista.jpg\",\"datePublished\":\"2024-12-16T13:07:53+00:00\",\"dateModified\":\"2026-03-13T17:07:58+00:00\",\"description\":\"Desarrolla tus habilidades y mejora tus conocimientos con nuestra formaci\u00f3n de Profesional recepcionista de hospitales y policl\u00ednicas\",\"breadcrumb\":{\"@id\":\"https:\\\/\\\/centro-cee.com\\\/web\\\/producto\\\/profesional-recepcionista-de-hospitales-y-policlinicas\\\/#breadcrumb\"},\"inLanguage\":\"es\",\"potentialAction\":[{\"@type\":\"ReadAction\",\"target\":[\"https:\\\/\\\/centro-cee.com\\\/web\\\/producto\\\/profesional-recepcionista-de-hospitales-y-policlinicas\\\/\"]}]},{\"@type\":\"ImageObject\",\"inLanguage\":\"es\",\"@id\":\"https:\\\/\\\/centro-cee.com\\\/web\\\/producto\\\/profesional-recepcionista-de-hospitales-y-policlinicas\\\/#primaryimage\",\"url\":\"https:\\\/\\\/centro-cee.com\\\/web\\\/wp-content\\\/uploads\\\/2024\\\/12\\\/Recepcionista.jpg\",\"contentUrl\":\"https:\\\/\\\/centro-cee.com\\\/web\\\/wp-content\\\/uploads\\\/2024\\\/12\\\/Recepcionista.jpg\",\"width\":900,\"height\":600,\"caption\":\"Profesional recepcionista de hospitales y policl\u00ednicas\"},{\"@type\":\"BreadcrumbList\",\"@id\":\"https:\\\/\\\/centro-cee.com\\\/web\\\/producto\\\/profesional-recepcionista-de-hospitales-y-policlinicas\\\/#breadcrumb\",\"itemListElement\":[{\"@type\":\"ListItem\",\"position\":1,\"name\":\"Portada\",\"item\":\"https:\\\/\\\/centro-cee.com\\\/web\\\/\"},{\"@type\":\"ListItem\",\"position\":2,\"name\":\"Profesional recepcionista de hospitales y policl\u00ednicas\"}]},{\"@type\":\"WebSite\",\"@id\":\"https:\\\/\\\/centro-cee.com\\\/web\\\/#website\",\"url\":\"https:\\\/\\\/centro-cee.com\\\/web\\\/\",\"name\":\"Centro Europeo E-learning\",\"description\":\"CEE Formaci\u00f3n Online\",\"publisher\":{\"@id\":\"https:\\\/\\\/centro-cee.com\\\/web\\\/#organization\"},\"alternateName\":\"Centro Online de Formaci\u00f3n\",\"potentialAction\":[{\"@type\":\"SearchAction\",\"target\":{\"@type\":\"EntryPoint\",\"urlTemplate\":\"https:\\\/\\\/centro-cee.com\\\/web\\\/?s={search_term_string}\"},\"query-input\":{\"@type\":\"PropertyValueSpecification\",\"valueRequired\":true,\"valueName\":\"search_term_string\"}}],\"inLanguage\":\"es\"},{\"@type\":\"Organization\",\"@id\":\"https:\\\/\\\/centro-cee.com\\\/web\\\/#organization\",\"name\":\"Centro Europeo E-learning CEE\",\"url\":\"https:\\\/\\\/centro-cee.com\\\/web\\\/\",\"logo\":{\"@type\":\"ImageObject\",\"inLanguage\":\"es\",\"@id\":\"https:\\\/\\\/centro-cee.com\\\/web\\\/#\\\/schema\\\/logo\\\/image\\\/\",\"url\":\"https:\\\/\\\/centro-cee.com\\\/web\\\/wp-content\\\/uploads\\\/2022\\\/12\\\/cropped-logo_educa.png\",\"contentUrl\":\"https:\\\/\\\/centro-cee.com\\\/web\\\/wp-content\\\/uploads\\\/2022\\\/12\\\/cropped-logo_educa.png\",\"width\":157,\"height\":63,\"caption\":\"Centro Europeo E-learning CEE\"},\"image\":{\"@id\":\"https:\\\/\\\/centro-cee.com\\\/web\\\/#\\\/schema\\\/logo\\\/image\\\/\"},\"sameAs\":[\"https:\\\/\\\/www.instagram.com\\\/centroeuropeo_cee\"]}]}<\/script>\n<!-- \/ Yoast SEO plugin. -->","yoast_head_json":{"title":"Profesional recepcionista de hospitales y policl\u00ednicas","description":"Desarrolla tus habilidades y mejora tus conocimientos con nuestra formaci\u00f3n de Profesional recepcionista de hospitales y policl\u00ednicas","robots":{"index":"index","follow":"follow","max-snippet":"max-snippet:-1","max-image-preview":"max-image-preview:large","max-video-preview":"max-video-preview:-1"},"canonical":"https:\/\/centro-cee.com\/web\/producto\/profesional-recepcionista-de-hospitales-y-policlinicas\/","og_locale":"es_ES","og_type":"article","og_title":"Profesional recepcionista de hospitales y policl\u00ednicas","og_description":"Desarrolla tus habilidades y mejora tus conocimientos con nuestra formaci\u00f3n de Profesional recepcionista de hospitales y policl\u00ednicas","og_url":"https:\/\/centro-cee.com\/web\/producto\/profesional-recepcionista-de-hospitales-y-policlinicas\/","og_site_name":"CEE Centro Europeo E-learning - Cursos online","article_modified_time":"2026-03-13T17:07:58+00:00","og_image":[{"width":900,"height":600,"url":"https:\/\/centro-cee.com\/web\/wp-content\/uploads\/2024\/12\/Recepcionista.jpg","type":"image\/jpeg"}],"twitter_card":"summary_large_image","twitter_misc":{"Tiempo de lectura":"4 minutos"},"schema":{"@context":"https:\/\/schema.org","@graph":[{"@type":"WebPage","@id":"https:\/\/centro-cee.com\/web\/producto\/profesional-recepcionista-de-hospitales-y-policlinicas\/","url":"https:\/\/centro-cee.com\/web\/producto\/profesional-recepcionista-de-hospitales-y-policlinicas\/","name":"Profesional recepcionista de hospitales y policl\u00ednicas","isPartOf":{"@id":"https:\/\/centro-cee.com\/web\/#website"},"primaryImageOfPage":{"@id":"https:\/\/centro-cee.com\/web\/producto\/profesional-recepcionista-de-hospitales-y-policlinicas\/#primaryimage"},"image":{"@id":"https:\/\/centro-cee.com\/web\/producto\/profesional-recepcionista-de-hospitales-y-policlinicas\/#primaryimage"},"thumbnailUrl":"https:\/\/centro-cee.com\/web\/wp-content\/uploads\/2024\/12\/Recepcionista.jpg","datePublished":"2024-12-16T13:07:53+00:00","dateModified":"2026-03-13T17:07:58+00:00","description":"Desarrolla tus habilidades y mejora tus conocimientos con nuestra formaci\u00f3n de Profesional recepcionista de hospitales y policl\u00ednicas","breadcrumb":{"@id":"https:\/\/centro-cee.com\/web\/producto\/profesional-recepcionista-de-hospitales-y-policlinicas\/#breadcrumb"},"inLanguage":"es","potentialAction":[{"@type":"ReadAction","target":["https:\/\/centro-cee.com\/web\/producto\/profesional-recepcionista-de-hospitales-y-policlinicas\/"]}]},{"@type":"ImageObject","inLanguage":"es","@id":"https:\/\/centro-cee.com\/web\/producto\/profesional-recepcionista-de-hospitales-y-policlinicas\/#primaryimage","url":"https:\/\/centro-cee.com\/web\/wp-content\/uploads\/2024\/12\/Recepcionista.jpg","contentUrl":"https:\/\/centro-cee.com\/web\/wp-content\/uploads\/2024\/12\/Recepcionista.jpg","width":900,"height":600,"caption":"Profesional recepcionista de hospitales y policl\u00ednicas"},{"@type":"BreadcrumbList","@id":"https:\/\/centro-cee.com\/web\/producto\/profesional-recepcionista-de-hospitales-y-policlinicas\/#breadcrumb","itemListElement":[{"@type":"ListItem","position":1,"name":"Portada","item":"https:\/\/centro-cee.com\/web\/"},{"@type":"ListItem","position":2,"name":"Profesional recepcionista de hospitales y policl\u00ednicas"}]},{"@type":"WebSite","@id":"https:\/\/centro-cee.com\/web\/#website","url":"https:\/\/centro-cee.com\/web\/","name":"Centro Europeo E-learning","description":"CEE Formaci\u00f3n Online","publisher":{"@id":"https:\/\/centro-cee.com\/web\/#organization"},"alternateName":"Centro Online de Formaci\u00f3n","potentialAction":[{"@type":"SearchAction","target":{"@type":"EntryPoint","urlTemplate":"https:\/\/centro-cee.com\/web\/?s={search_term_string}"},"query-input":{"@type":"PropertyValueSpecification","valueRequired":true,"valueName":"search_term_string"}}],"inLanguage":"es"},{"@type":"Organization","@id":"https:\/\/centro-cee.com\/web\/#organization","name":"Centro Europeo E-learning CEE","url":"https:\/\/centro-cee.com\/web\/","logo":{"@type":"ImageObject","inLanguage":"es","@id":"https:\/\/centro-cee.com\/web\/#\/schema\/logo\/image\/","url":"https:\/\/centro-cee.com\/web\/wp-content\/uploads\/2022\/12\/cropped-logo_educa.png","contentUrl":"https:\/\/centro-cee.com\/web\/wp-content\/uploads\/2022\/12\/cropped-logo_educa.png","width":157,"height":63,"caption":"Centro Europeo E-learning CEE"},"image":{"@id":"https:\/\/centro-cee.com\/web\/#\/schema\/logo\/image\/"},"sameAs":["https:\/\/www.instagram.com\/centroeuropeo_cee"]}]}},"_links":{"self":[{"href":"https:\/\/centro-cee.com\/web\/wp-json\/wp\/v2\/product\/1854","targetHints":{"allow":["GET"]}}],"collection":[{"href":"https:\/\/centro-cee.com\/web\/wp-json\/wp\/v2\/product"}],"about":[{"href":"https:\/\/centro-cee.com\/web\/wp-json\/wp\/v2\/types\/product"}],"replies":[{"embeddable":true,"href":"https:\/\/centro-cee.com\/web\/wp-json\/wp\/v2\/comments?post=1854"}],"wp:featuredmedia":[{"embeddable":true,"href":"https:\/\/centro-cee.com\/web\/wp-json\/wp\/v2\/media\/1855"}],"wp:attachment":[{"href":"https:\/\/centro-cee.com\/web\/wp-json\/wp\/v2\/media?parent=1854"}],"wp:term":[{"taxonomy":"product_brand","embeddable":true,"href":"https:\/\/centro-cee.com\/web\/wp-json\/wp\/v2\/product_brand?post=1854"},{"taxonomy":"product_cat","embeddable":true,"href":"https:\/\/centro-cee.com\/web\/wp-json\/wp\/v2\/product_cat?post=1854"},{"taxonomy":"product_tag","embeddable":true,"href":"https:\/\/centro-cee.com\/web\/wp-json\/wp\/v2\/product_tag?post=1854"}],"curies":[{"name":"wp","href":"https:\/\/api.w.org\/{rel}","templated":true}]}}