{"id":1852,"date":"2024-12-16T12:56:09","date_gmt":"2024-12-16T12:56:09","guid":{"rendered":"https:\/\/centro-cee.com\/web\/?post_type=product&#038;p=1852"},"modified":"2026-03-13T17:08:07","modified_gmt":"2026-03-13T17:08:07","slug":"tecnico-en-farmacia-veterinaria","status":"publish","type":"product","link":"https:\/\/centro-cee.com\/web\/producto\/tecnico-en-farmacia-veterinaria\/","title":{"rendered":"T\u00e9cnico en farmacia veterinaria"},"content":{"rendered":"<p><a href=\"https:\/\/centro-cee.com\/web\/formaciones\/\">Atr\u00e1s<\/a><\/p>\n<p><em><strong>T\u00e9cnico en farmacia veterinaria<\/strong><\/em><\/p>\n<p>Toda esta informaci\u00f3n se realiza 100% online en nuestro campus online de formaci\u00f3n.<\/p>\n<p>Las tutor\u00edas se realizan directamente desde el campus de estudio con la opci\u00f3n de mensajer\u00eda a profesores. Las tutorias son \u201ca demanda\u201d, cuando necesites soporte nos lo pides.<\/p>\n<p>Los t\u00edtulos de Centro CEE est\u00e1n autenticados por la firma de notario que valida contenidos y autenticidad a nivel internacional. Nuestra organizaci\u00f3n pertenece a la Asociaci\u00f3n Espa\u00f1ola de Calidad, organizaci\u00f3n Espa\u00f1ola de referencia para la calidad\u00a0en la formaci\u00f3n de auxiliar de enfermer\u00eda. La certificaci\u00f3n se puede apostillar por la Haya para cualquier pa\u00eds firmante del convenio de la Haya.<\/p>\n<p>Se puede pagar a plazos.<\/p>\n<p>Carga horaria de la formaci\u00f3n: 280h<\/p>\n<p>&nbsp;<\/p>\n<h2>Temario<\/h2>\n<hr \/>\n<p>UNIDAD DID\u00c1CTICA 1. INTRODUCCI\u00d3N AL PERSONAL DE FARMACIA EN LA CL\u00cdNICA VETERINARIA<br \/>\n1. El personal de farmacia en la cl\u00ednica veterinaria<br \/>\n2. Calidad y atenci\u00f3n al cliente<br \/>\n3. &#8211; La atenci\u00f3n al cliente<br \/>\n4. &#8211; Comunicaci\u00f3n y contacto con el cliente<br \/>\n5. &#8211; Consejos para conseguir y mantener la satisfacci\u00f3n del cliente<br \/>\n6. &#8211; Correcto tratamiento de quejas y objeciones<br \/>\nUNIDAD DID\u00c1CTICA 2. NOCIONES GENERALES DE FARMACOLOG\u00cdA<br \/>\n1. Introducci\u00f3n<br \/>\n2. Farmacodinamia general<br \/>\n3. &#8211; Liberaci\u00f3n y absorci\u00f3n<br \/>\n4. &#8211; Distribuci\u00f3n<br \/>\n5. &#8211; Metabolismo y excreci\u00f3n<br \/>\n6. &#8211; Interacciones farmacol\u00f3gicas<br \/>\n7. Dosificaci\u00f3n de los f\u00e1rmacos<br \/>\n8. &#8211; Administraci\u00f3n oral<br \/>\n9. &#8211; Administraci\u00f3n intravascular<br \/>\n10. Bases moleculares de la acci\u00f3n de los f\u00e1rmacos<br \/>\nUNIDAD DID\u00c1CTICA 3. FORMAS FARMAC\u00c9UTICAS<br \/>\n1. Formas farmac\u00e9uticas l\u00edquidas<br \/>\n2. &#8211; Formas medicamentosas o farmac\u00e9uticas l\u00edquidas<br \/>\n3. &#8211; Formas l\u00edquidas est\u00e9riles<br \/>\n4. Formas farmac\u00e9uticas s\u00f3lidas<br \/>\n5. &#8211; Formas farmac\u00e9uticas orales s\u00f3lidas<br \/>\n6. &#8211; Formas farmac\u00e9uticas s\u00f3lidas para otras v\u00edas de administraci\u00f3n<br \/>\n7. Formas farmac\u00e9uticas semis\u00f3lidas para uso t\u00f3pico<br \/>\nUNIDAD DID\u00c1CTICA 4. OPERACIONES B\u00c1SICAS PARA EL EXPERTO EN FARMACIA<br \/>\n1. Medici\u00f3n de volumen<br \/>\n2. &#8211; Material volum\u00e9trico<br \/>\n3. Determinaci\u00f3n de la masa<br \/>\n4. &#8211; Balanzas y m\u00e9todos de pesada<br \/>\n5. &#8211; Verificaci\u00f3n y calibraci\u00f3n<br \/>\n6. Medici\u00f3n de temperatura<br \/>\nUNIDAD DID\u00c1CTICA 5. DIVISI\u00d3N DE LAS OPERACIONES FARMAC\u00c9UTICAS<br \/>\n1. Operaciones de naturaleza f\u00edsica<br \/>\n2. &#8211; Evaporaci\u00f3n<br \/>\n3. &#8211; Secado<br \/>\n4. &#8211; Destilaci\u00f3n<br \/>\n5. &#8211; Sublimaci\u00f3n<br \/>\n6. &#8211; Fusi\u00f3n<br \/>\n7. &#8211; Solidificaci\u00f3n<br \/>\n8. Operaciones de naturaleza mec\u00e1nica<br \/>\n9. &#8211; Tamizado<br \/>\n10. &#8211; Loci\u00f3n o lavado<br \/>\n11. &#8211; Decantaci\u00f3n<br \/>\n12. &#8211; Filtraci\u00f3n<br \/>\n13. &#8211; Centrifugaci\u00f3n<br \/>\n14. &#8211; Levigaci\u00f3n<br \/>\n15. Divisi\u00f3n de l\u00edquidos<br \/>\n16. &#8211; Emulsi\u00f3n<br \/>\n17. &#8211; Suspensiones<br \/>\n18. &#8211; Atomizaci\u00f3n<br \/>\nUNIDAD DID\u00c1CTICA 6. EL MANTENIMIENTO DE MEDICAMENTOS<br \/>\n1. Introducci\u00f3n<br \/>\n2. Cadena de fr\u00edo de las vacunas<br \/>\n3. &#8211; Niveles de la cadena de fr\u00edo<br \/>\n4. &#8211; Fases de la cadena de fr\u00edo<br \/>\n5. &#8211; Control de la recepci\u00f3n<br \/>\n6. &#8211; Control de distribuci\u00f3n<br \/>\n7. Elementos materiales de la cadena fija<br \/>\n8. Elementos materiales de la cadena m\u00f3vil<br \/>\n9. Controladores de temperatura<br \/>\n10. Indicadores qu\u00edmicos<br \/>\n11. Estabilidad de las vacunas<br \/>\nUNIDAD DID\u00c1CTICA 7. ANTIBI\u00d3TICOS<br \/>\n1. Microorganismos como agentes de enfermedad<br \/>\n2. Los antibi\u00f3ticos y su clasificaci\u00f3n<br \/>\n3. \u00df &#8211; lact\u00e1micos<br \/>\n4. Macr\u00f3lidos<br \/>\n5. Aminoglucos\u00eddicos<br \/>\n6. Tetraciclinas<br \/>\n7. Consumo inadecuado de antibi\u00f3ticos<br \/>\n8. Favorecer un uso responsable de los antibi\u00f3ticos<br \/>\nUNIDAD DID\u00c1CTICA 8. DERMATOL\u00d3GICOS<br \/>\n1. La piel<br \/>\n2. Infecciones leves de la piel<br \/>\n3. Ectoparasitosis cut\u00e1neas del perro y del gato<br \/>\n4. &#8211; Lesiones m\u00e1s caracter\u00edsticas<br \/>\n5. &#8211; Diagn\u00f3stico<br \/>\n6. &#8211; Tratamientos<br \/>\n7. La trufa y las almohadillas plantares<br \/>\n8. &#8211; Resumen anat\u00f3mico<br \/>\n9. &#8211; Diagn\u00f3stico<br \/>\nUNIDAD DID\u00c1CTICA 9. ANTIF\u00daNGICOS Y ANTIPARASITARIOS<br \/>\n1. Los antif\u00fangicos o antimic\u00f3ticos<br \/>\n2. &#8211; Recomendaciones de uso<br \/>\n3. &#8211; Avances<br \/>\n4. &#8211; Tipos de antif\u00fangicos o antimic\u00f3ticos<br \/>\n5. &#8211; Funciones y beneficios<br \/>\n6. Los antiparasitarios<br \/>\n7. &#8211; Clasificaci\u00f3n<br \/>\n8. &#8211; Patolog\u00edas parasitarias<br \/>\nUNIDAD DID\u00c1CTICA 10. T\u00c9CNICAS DE DESINFECCI\u00d3N Y ESTERILIZACI\u00d3N<br \/>\n1. C\u00f3mo act\u00faan los agentes f\u00edsicos y qu\u00edmicos sobre los g\u00e9rmenes<br \/>\n2. &#8211; Los m\u00e9todos f\u00edsicos y qu\u00edmicos y su mecanismo de acci\u00f3n<br \/>\n3. &#8211; Clasificaci\u00f3n de los agentes f\u00edsicos<br \/>\n4. &#8211; Tipos de agentes qu\u00edmicos<br \/>\n5. &#8211; Tipos de desinfectantes gaseosos<br \/>\n6. Clasificaci\u00f3n de los antis\u00e9pticos y desinfectantes<br \/>\n7. Clasificaci\u00f3n de los m\u00e9todos de descontaminaci\u00f3n<br \/>\n8. &#8211; M\u00e9todos f\u00edsicos t\u00e9rmicos y no t\u00e9rmicos<br \/>\n9. &#8211; Los agentes germicidas como m\u00e9todos qu\u00edmicos<br \/>\n10. &#8211; Otros agentes microbiost\u00e1ticos<\/p>\n<p><em><strong>T\u00e9cnico en farmacia veterinaria<\/strong><\/em><\/p>\n<hr \/>\n","protected":false},"excerpt":{"rendered":"<p><a href=\"https:\/\/centro-cee.com\/web\/formaciones\/\">Atr\u00e1s<\/a><\/p>\n<p>Formate y especializate en TODOS los aspectos relacionados con el mundo de la farmacia especializada en el sector veterinaro, con contenidos actualizados. Aunque la prescripci\u00f3n sea diferente, la farmacia humana y veterinaria son muy similares utilizando en gran parte de los casos los mismos principios activos.<\/p>\n<p>Esta formaci\u00f3n que impartimos te permite aprender todo lo realcionado con la farmacolog\u00eda, las formas farmaceuticas, la divisi\u00f3n de las operaciones farmac\u00e9uticas, conservaci\u00f3n, etc.<br \/>\nDe esta forma aprender\u00e1s lo necesario para gestionar una farmacia veterinaria de cualquier centro de salud animal, tanto dom\u00e9stico como de granja, donde la presencia de veterinarios preparados en la farmacia sepan recomendar, conservar, administrar, formular, etc., medicamentos animales.<br \/>\nLa formaci\u00f3n obtenida es de alto nivel y con gran cantidad de contenidos que dotaran a las\/los alumnas\/os de unos conocimientos excelentes.<\/p>\n","protected":false},"featured_media":1853,"comment_status":"closed","ping_status":"closed","template":"","meta":[],"product_brand":[],"product_cat":[2051,34],"product_tag":[2012,2009,2011,2007,1546,2005,2008,2013,2006,2010],"class_list":{"0":"post-1852","1":"product","2":"type-product","3":"status-publish","4":"has-post-thumbnail","6":"product_cat-cursos-online-veterinaria","7":"product_cat-tecnicos","8":"product_tag-administracion-de-farmacos","9":"product_tag-atencion-farmaceutica-animal","10":"product_tag-control-de-medicacion-veterinaria","11":"product_tag-cuidado-animal","12":"product_tag-dispensacion-de-medicamentos","13":"product_tag-farmacia-veterinaria","14":"product_tag-farmacologia-veterinaria","15":"product_tag-formacion-en-farmacia-veterinaria","16":"product_tag-medicamentos-veterinarios","17":"product_tag-salud-animal","19":"first","20":"instock","21":"sale","22":"shipping-taxable","23":"purchasable","24":"product-type-simple"},"yoast_head":"<!-- This site is optimized with the Yoast SEO plugin v27.4 - https:\/\/yoast.com\/product\/yoast-seo-wordpress\/ -->\n<title>T\u00e9cnico en farmacia veterinaria<\/title>\n<meta name=\"description\" content=\"Desarrolla tus habilidades y mejora tus conocimientos con nuestra formaci\u00f3n de T\u00e9cnico en farmacia veterinaria\" \/>\n<meta name=\"robots\" content=\"index, follow, max-snippet:-1, max-image-preview:large, max-video-preview:-1\" \/>\n<link rel=\"canonical\" href=\"https:\/\/centro-cee.com\/web\/producto\/tecnico-en-farmacia-veterinaria\/\" \/>\n<meta property=\"og:locale\" content=\"es_ES\" \/>\n<meta property=\"og:type\" content=\"article\" \/>\n<meta property=\"og:title\" content=\"T\u00e9cnico en farmacia veterinaria\" \/>\n<meta property=\"og:description\" content=\"Desarrolla tus habilidades y mejora tus conocimientos con nuestra formaci\u00f3n de T\u00e9cnico en farmacia veterinaria\" \/>\n<meta property=\"og:url\" content=\"https:\/\/centro-cee.com\/web\/producto\/tecnico-en-farmacia-veterinaria\/\" \/>\n<meta property=\"og:site_name\" content=\"CEE Centro Europeo E-learning - Cursos online\" \/>\n<meta property=\"article:modified_time\" content=\"2026-03-13T17:08:07+00:00\" \/>\n<meta property=\"og:image\" content=\"https:\/\/centro-cee.com\/web\/wp-content\/uploads\/2024\/12\/gatos-y-perro-veterinario-1.jpg\" \/>\n\t<meta property=\"og:image:width\" content=\"1024\" \/>\n\t<meta property=\"og:image:height\" content=\"681\" \/>\n\t<meta property=\"og:image:type\" content=\"image\/jpeg\" \/>\n<meta name=\"twitter:card\" content=\"summary_large_image\" \/>\n<meta name=\"twitter:label1\" content=\"Tiempo de lectura\" \/>\n\t<meta name=\"twitter:data1\" content=\"4 minutos\" \/>\n<script type=\"application\/ld+json\" class=\"yoast-schema-graph\">{\"@context\":\"https:\\\/\\\/schema.org\",\"@graph\":[{\"@type\":\"WebPage\",\"@id\":\"https:\\\/\\\/centro-cee.com\\\/web\\\/producto\\\/tecnico-en-farmacia-veterinaria\\\/\",\"url\":\"https:\\\/\\\/centro-cee.com\\\/web\\\/producto\\\/tecnico-en-farmacia-veterinaria\\\/\",\"name\":\"T\u00e9cnico en farmacia veterinaria\",\"isPartOf\":{\"@id\":\"https:\\\/\\\/centro-cee.com\\\/web\\\/#website\"},\"primaryImageOfPage\":{\"@id\":\"https:\\\/\\\/centro-cee.com\\\/web\\\/producto\\\/tecnico-en-farmacia-veterinaria\\\/#primaryimage\"},\"image\":{\"@id\":\"https:\\\/\\\/centro-cee.com\\\/web\\\/producto\\\/tecnico-en-farmacia-veterinaria\\\/#primaryimage\"},\"thumbnailUrl\":\"https:\\\/\\\/centro-cee.com\\\/web\\\/wp-content\\\/uploads\\\/2024\\\/12\\\/gatos-y-perro-veterinario-1.jpg\",\"datePublished\":\"2024-12-16T12:56:09+00:00\",\"dateModified\":\"2026-03-13T17:08:07+00:00\",\"description\":\"Desarrolla tus habilidades y mejora tus conocimientos con nuestra formaci\u00f3n de T\u00e9cnico en farmacia veterinaria\",\"breadcrumb\":{\"@id\":\"https:\\\/\\\/centro-cee.com\\\/web\\\/producto\\\/tecnico-en-farmacia-veterinaria\\\/#breadcrumb\"},\"inLanguage\":\"es\",\"potentialAction\":[{\"@type\":\"ReadAction\",\"target\":[\"https:\\\/\\\/centro-cee.com\\\/web\\\/producto\\\/tecnico-en-farmacia-veterinaria\\\/\"]}]},{\"@type\":\"ImageObject\",\"inLanguage\":\"es\",\"@id\":\"https:\\\/\\\/centro-cee.com\\\/web\\\/producto\\\/tecnico-en-farmacia-veterinaria\\\/#primaryimage\",\"url\":\"https:\\\/\\\/centro-cee.com\\\/web\\\/wp-content\\\/uploads\\\/2024\\\/12\\\/gatos-y-perro-veterinario-1.jpg\",\"contentUrl\":\"https:\\\/\\\/centro-cee.com\\\/web\\\/wp-content\\\/uploads\\\/2024\\\/12\\\/gatos-y-perro-veterinario-1.jpg\",\"width\":1024,\"height\":681,\"caption\":\"T\u00e9cnico en farmacia veterinaria\"},{\"@type\":\"BreadcrumbList\",\"@id\":\"https:\\\/\\\/centro-cee.com\\\/web\\\/producto\\\/tecnico-en-farmacia-veterinaria\\\/#breadcrumb\",\"itemListElement\":[{\"@type\":\"ListItem\",\"position\":1,\"name\":\"Portada\",\"item\":\"https:\\\/\\\/centro-cee.com\\\/web\\\/\"},{\"@type\":\"ListItem\",\"position\":2,\"name\":\"T\u00e9cnico en farmacia veterinaria\"}]},{\"@type\":\"WebSite\",\"@id\":\"https:\\\/\\\/centro-cee.com\\\/web\\\/#website\",\"url\":\"https:\\\/\\\/centro-cee.com\\\/web\\\/\",\"name\":\"Centro Europeo E-learning\",\"description\":\"CEE Formaci\u00f3n Online\",\"publisher\":{\"@id\":\"https:\\\/\\\/centro-cee.com\\\/web\\\/#organization\"},\"alternateName\":\"Centro Online de Formaci\u00f3n\",\"potentialAction\":[{\"@type\":\"SearchAction\",\"target\":{\"@type\":\"EntryPoint\",\"urlTemplate\":\"https:\\\/\\\/centro-cee.com\\\/web\\\/?s={search_term_string}\"},\"query-input\":{\"@type\":\"PropertyValueSpecification\",\"valueRequired\":true,\"valueName\":\"search_term_string\"}}],\"inLanguage\":\"es\"},{\"@type\":\"Organization\",\"@id\":\"https:\\\/\\\/centro-cee.com\\\/web\\\/#organization\",\"name\":\"Centro Europeo E-learning CEE\",\"url\":\"https:\\\/\\\/centro-cee.com\\\/web\\\/\",\"logo\":{\"@type\":\"ImageObject\",\"inLanguage\":\"es\",\"@id\":\"https:\\\/\\\/centro-cee.com\\\/web\\\/#\\\/schema\\\/logo\\\/image\\\/\",\"url\":\"https:\\\/\\\/centro-cee.com\\\/web\\\/wp-content\\\/uploads\\\/2022\\\/12\\\/cropped-logo_educa.png\",\"contentUrl\":\"https:\\\/\\\/centro-cee.com\\\/web\\\/wp-content\\\/uploads\\\/2022\\\/12\\\/cropped-logo_educa.png\",\"width\":157,\"height\":63,\"caption\":\"Centro Europeo E-learning CEE\"},\"image\":{\"@id\":\"https:\\\/\\\/centro-cee.com\\\/web\\\/#\\\/schema\\\/logo\\\/image\\\/\"},\"sameAs\":[\"https:\\\/\\\/www.instagram.com\\\/centroeuropeo_cee\"]}]}<\/script>\n<!-- \/ Yoast SEO plugin. -->","yoast_head_json":{"title":"T\u00e9cnico en farmacia veterinaria","description":"Desarrolla tus habilidades y mejora tus conocimientos con nuestra formaci\u00f3n de T\u00e9cnico en farmacia veterinaria","robots":{"index":"index","follow":"follow","max-snippet":"max-snippet:-1","max-image-preview":"max-image-preview:large","max-video-preview":"max-video-preview:-1"},"canonical":"https:\/\/centro-cee.com\/web\/producto\/tecnico-en-farmacia-veterinaria\/","og_locale":"es_ES","og_type":"article","og_title":"T\u00e9cnico en farmacia veterinaria","og_description":"Desarrolla tus habilidades y mejora tus conocimientos con nuestra formaci\u00f3n de T\u00e9cnico en farmacia veterinaria","og_url":"https:\/\/centro-cee.com\/web\/producto\/tecnico-en-farmacia-veterinaria\/","og_site_name":"CEE Centro Europeo E-learning - Cursos online","article_modified_time":"2026-03-13T17:08:07+00:00","og_image":[{"width":1024,"height":681,"url":"https:\/\/centro-cee.com\/web\/wp-content\/uploads\/2024\/12\/gatos-y-perro-veterinario-1.jpg","type":"image\/jpeg"}],"twitter_card":"summary_large_image","twitter_misc":{"Tiempo de lectura":"4 minutos"},"schema":{"@context":"https:\/\/schema.org","@graph":[{"@type":"WebPage","@id":"https:\/\/centro-cee.com\/web\/producto\/tecnico-en-farmacia-veterinaria\/","url":"https:\/\/centro-cee.com\/web\/producto\/tecnico-en-farmacia-veterinaria\/","name":"T\u00e9cnico en farmacia veterinaria","isPartOf":{"@id":"https:\/\/centro-cee.com\/web\/#website"},"primaryImageOfPage":{"@id":"https:\/\/centro-cee.com\/web\/producto\/tecnico-en-farmacia-veterinaria\/#primaryimage"},"image":{"@id":"https:\/\/centro-cee.com\/web\/producto\/tecnico-en-farmacia-veterinaria\/#primaryimage"},"thumbnailUrl":"https:\/\/centro-cee.com\/web\/wp-content\/uploads\/2024\/12\/gatos-y-perro-veterinario-1.jpg","datePublished":"2024-12-16T12:56:09+00:00","dateModified":"2026-03-13T17:08:07+00:00","description":"Desarrolla tus habilidades y mejora tus conocimientos con nuestra formaci\u00f3n de T\u00e9cnico en farmacia veterinaria","breadcrumb":{"@id":"https:\/\/centro-cee.com\/web\/producto\/tecnico-en-farmacia-veterinaria\/#breadcrumb"},"inLanguage":"es","potentialAction":[{"@type":"ReadAction","target":["https:\/\/centro-cee.com\/web\/producto\/tecnico-en-farmacia-veterinaria\/"]}]},{"@type":"ImageObject","inLanguage":"es","@id":"https:\/\/centro-cee.com\/web\/producto\/tecnico-en-farmacia-veterinaria\/#primaryimage","url":"https:\/\/centro-cee.com\/web\/wp-content\/uploads\/2024\/12\/gatos-y-perro-veterinario-1.jpg","contentUrl":"https:\/\/centro-cee.com\/web\/wp-content\/uploads\/2024\/12\/gatos-y-perro-veterinario-1.jpg","width":1024,"height":681,"caption":"T\u00e9cnico en farmacia veterinaria"},{"@type":"BreadcrumbList","@id":"https:\/\/centro-cee.com\/web\/producto\/tecnico-en-farmacia-veterinaria\/#breadcrumb","itemListElement":[{"@type":"ListItem","position":1,"name":"Portada","item":"https:\/\/centro-cee.com\/web\/"},{"@type":"ListItem","position":2,"name":"T\u00e9cnico en farmacia veterinaria"}]},{"@type":"WebSite","@id":"https:\/\/centro-cee.com\/web\/#website","url":"https:\/\/centro-cee.com\/web\/","name":"Centro Europeo E-learning","description":"CEE Formaci\u00f3n Online","publisher":{"@id":"https:\/\/centro-cee.com\/web\/#organization"},"alternateName":"Centro Online de Formaci\u00f3n","potentialAction":[{"@type":"SearchAction","target":{"@type":"EntryPoint","urlTemplate":"https:\/\/centro-cee.com\/web\/?s={search_term_string}"},"query-input":{"@type":"PropertyValueSpecification","valueRequired":true,"valueName":"search_term_string"}}],"inLanguage":"es"},{"@type":"Organization","@id":"https:\/\/centro-cee.com\/web\/#organization","name":"Centro Europeo E-learning CEE","url":"https:\/\/centro-cee.com\/web\/","logo":{"@type":"ImageObject","inLanguage":"es","@id":"https:\/\/centro-cee.com\/web\/#\/schema\/logo\/image\/","url":"https:\/\/centro-cee.com\/web\/wp-content\/uploads\/2022\/12\/cropped-logo_educa.png","contentUrl":"https:\/\/centro-cee.com\/web\/wp-content\/uploads\/2022\/12\/cropped-logo_educa.png","width":157,"height":63,"caption":"Centro Europeo E-learning CEE"},"image":{"@id":"https:\/\/centro-cee.com\/web\/#\/schema\/logo\/image\/"},"sameAs":["https:\/\/www.instagram.com\/centroeuropeo_cee"]}]}},"_links":{"self":[{"href":"https:\/\/centro-cee.com\/web\/wp-json\/wp\/v2\/product\/1852","targetHints":{"allow":["GET"]}}],"collection":[{"href":"https:\/\/centro-cee.com\/web\/wp-json\/wp\/v2\/product"}],"about":[{"href":"https:\/\/centro-cee.com\/web\/wp-json\/wp\/v2\/types\/product"}],"replies":[{"embeddable":true,"href":"https:\/\/centro-cee.com\/web\/wp-json\/wp\/v2\/comments?post=1852"}],"wp:featuredmedia":[{"embeddable":true,"href":"https:\/\/centro-cee.com\/web\/wp-json\/wp\/v2\/media\/1853"}],"wp:attachment":[{"href":"https:\/\/centro-cee.com\/web\/wp-json\/wp\/v2\/media?parent=1852"}],"wp:term":[{"taxonomy":"product_brand","embeddable":true,"href":"https:\/\/centro-cee.com\/web\/wp-json\/wp\/v2\/product_brand?post=1852"},{"taxonomy":"product_cat","embeddable":true,"href":"https:\/\/centro-cee.com\/web\/wp-json\/wp\/v2\/product_cat?post=1852"},{"taxonomy":"product_tag","embeddable":true,"href":"https:\/\/centro-cee.com\/web\/wp-json\/wp\/v2\/product_tag?post=1852"}],"curies":[{"name":"wp","href":"https:\/\/api.w.org\/{rel}","templated":true}]}}