{"id":1839,"date":"2024-12-10T11:49:38","date_gmt":"2024-12-10T11:49:38","guid":{"rendered":"https:\/\/centro-cee.com\/web\/?post_type=product&#038;p=1839"},"modified":"2026-03-13T17:03:33","modified_gmt":"2026-03-13T17:03:33","slug":"experto-en-coaching-y-programacion-neurolinguistica","status":"publish","type":"product","link":"https:\/\/centro-cee.com\/web\/producto\/experto-en-coaching-y-programacion-neurolinguistica\/","title":{"rendered":"Experto en Coaching y Programaci\u00f3n Neuroling\u00fcistica"},"content":{"rendered":"<p><a href=\"https:\/\/centro-cee.com\/web\/formaciones\/\">Atr\u00e1s<\/a><\/p>\n<p><em><strong>Experto en Coaching y Programaci\u00f3n Neuroling\u00fcistica<\/strong><\/em><\/p>\n<p>Toda esta informaci\u00f3n se realiza 100% online en nuestro campus online de formaci\u00f3n.<\/p>\n<p>Las tutor\u00edas se realizan directamente desde el campus de estudio con la opci\u00f3n de mensajer\u00eda a profesores. Las tutorias son \u201ca demanda\u201d, cuando necesites soporte nos lo pides.<\/p>\n<p>Los t\u00edtulos de Centro CEE est\u00e1n autenticados por la firma de notario que valida contenidos y autenticidad a nivel internacional. Nuestra organizaci\u00f3n pertenece a la Asociaci\u00f3n Espa\u00f1ola de Calidad, organizaci\u00f3n Espa\u00f1ola de referencia para la calidad\u00a0en la formaci\u00f3n de auxiliar de enfermer\u00eda. La certificaci\u00f3n se puede apostillar por la Haya para cualquier pa\u00eds firmante del convenio de la Haya.<\/p>\n<p>Se puede pagar a plazos.<\/p>\n<p>Carga horaria de la formaci\u00f3n: 300h<\/p>\n<p>&nbsp;<\/p>\n<h2>Temario<\/h2>\n<hr \/>\n<p>M\u00c1STER EN COCHING Y PROGRAMACI\u00d3N NEUROLING\u00dcISTICA<\/p>\n<p>TEMA 1: COACHING Y MENTORING<\/p>\n<p>1. INTRODUCCI\u00d3N<br \/>\n\u00a0\u00a0\u00a0 1.1. Origen del coaching<br \/>\n\u00a0\u00a0\u00a0 1.2. Coaching ejecutivo<br \/>\n\u00a0\u00a0\u00a0 1.3. Definici\u00f3n de los conceptos de Coaching y Mentoring<br \/>\n\u00a0\u00a0\u00a0 1.4. Diferencias entre coaching y mentoring y con otros conceptos relacionados<br \/>\n\u00a0\u00a0\u00a0 \u2026<br \/>\n2. EL PROCESO DE COACHING<br \/>\n\u00a0\u00a0\u00a0 2.1. Por qu\u00e9 iniciar un proceso de coaching<br \/>\n\u00a0\u00a0\u00a0 2.2. El proceso de coaching. Sesiones b\u00e1sicas<br \/>\n\u00a0\u00a0\u00a0 \u00a0\u00a0\u00a0 2.2.1. Contrato entre dos partes<br \/>\n\u00a0\u00a0\u00a0 \u00a0\u00a0\u00a0 2.2.2. Elecci\u00f3n de los directivos<br \/>\n\u00a0\u00a0\u00a0 \u00a0\u00a0\u00a0 \u2026<br \/>\n3. TIPOS DE COACHING<br \/>\n\u00a0\u00a0\u00a0 3.1. Clasificaciones<br \/>\n\u00a0\u00a0\u00a0 3.2. El e-coaching<br \/>\n4. COMPETENCIAS DEL COACH<br \/>\n\u00a0\u00a0\u00a0 4.1. El coach y la empat\u00eda<br \/>\n\u00a0\u00a0\u00a0 4.2. Competencias b\u00e1sicas del Coach<br \/>\n\u00a0\u00a0\u00a0 \u00a0\u00a0\u00a0 4.2.1. Establecer confianza e intimidad con el cliente<br \/>\n\u00a0\u00a0\u00a0 \u00a0\u00a0\u00a0 4.2.2. Presencia del coaching<br \/>\n\u00a0\u00a0\u00a0 \u00a0\u00a0\u00a0 4.2.3. Escucha activa<br \/>\n\u00a0\u00a0\u00a0 \u00a0\u00a0\u00a0\u00a0 \u2026<br \/>\n\u00a0\u00a0\u00a0 4.3. Evaluaci\u00f3n de competencias<br \/>\n5. HERRAMIENTAS E INSTRUMENTOS<br \/>\n\u00a0\u00a0\u00a0 5.1. Herramientas<br \/>\n\u00a0\u00a0\u00a0 \u00a0\u00a0\u00a0 5.1.1. Introducci\u00f3n<br \/>\n\u00a0\u00a0\u00a0 \u00a0\u00a0\u00a0 5.1.2. Evaluar necesidades<br \/>\n\u00a0\u00a0\u00a0 \u00a0\u00a0\u00a0 5.1.3. Conocer al coachee<br \/>\n\u00a0\u00a0\u00a0 \u00a0\u00a0\u00a0\u00a0 \u2026<br \/>\n\u00a0\u00a0\u00a0 5.2. Las preguntas<br \/>\n\u00a0\u00a0\u00a0 5.3. Pruebas de conocimiento o de capacidad<br \/>\n\u00a0\u00a0\u00a0 5.4. Test psicom\u00e9tricos<br \/>\n\u00a0\u00a0\u00a0 . ..<br \/>\n6. ACREDITACI\u00d3N DEL COACH<br \/>\n\u00a0\u00a0\u00a0 6.1.\u00a0 Introducci\u00f3n<br \/>\n\u00a0\u00a0\u00a0 6.2. C\u00f3mo se acredita un Coach<br \/>\n\u00a0\u00a0\u00a0 6.3. Competencias b\u00e1sicas para obtener la acreditaci\u00f3n de la ICF<br \/>\n\u00a0\u00a0\u00a0 6.4. \u00c9tica profesional y c\u00f3digo deontol\u00f3gico<br \/>\n\u00a0\u00a0\u00a0 6.5. Otros ejemplos de acreditaciones, nacionales e internacionales<br \/>\n7. ORIENTACI\u00d3N PROFESIONAL O MENTORING<br \/>\n\u00a0\u00a0\u00a0 7.1. Definici\u00f3n de mentoring<br \/>\n\u00a0\u00a0\u00a0 7.2. Tipos de mentoring<br \/>\n\u00a0\u00a0\u00a0 7.3. El proceso de mentoring<br \/>\n\u00a0\u00a0\u00a0\u00a0 \u2026<\/p>\n<p>TEMA 2: COMUNICACI\u00d3N EFICAZ CON PROGRAMACI\u00d3N NEUROLING\u00dc\u00cdSTICA (PNL)<\/p>\n<p>1. INTRODUCCI\u00d3N<br \/>\n\u00a0\u00a0\u00a0 1.1. Definici\u00f3n y Elementos de la Comunicaci\u00f3n<br \/>\n\u00a0\u00a0\u00a0 1.2. Comunicaci\u00f3n Verbal y No verbal<br \/>\n\u00a0\u00a0\u00a0 . ..<br \/>\n2. HISTORIA BREVE DE LA PNL<br \/>\n3. COMPONENTES DE LA PNL<br \/>\n4. LAS CLAVES DE LA BUENA COMUNICACI\u00d3N EN PNL<br \/>\n5. PREMISA B\u00c1SICA DE LA PNL: EL MAPA NO ES EL TERRITORIO<br \/>\n\u00a0\u00a0\u00a0 5.1. Introducci\u00f3n<br \/>\n\u00a0\u00a0\u00a0 5.2. \u00bfCu\u00e1ndo sabemos si nuestro mapa es \u00fatil o no?<br \/>\n\u00a0\u00a0\u00a0\u00a0 \u2026<br \/>\n6. IGUALANDO LOS MAPAS: CREANDO RAPPORT, EMPAT\u00cdA O \u201cFEELING\u201d PARA DESPU\u00c9S DIRIGIR O LIDERAR<br \/>\n\u00a0\u00a0\u00a0 6.1. Creando Rapport con nuestro lenguaje no verbal<br \/>\n\u00a0\u00a0\u00a0 6.2. \u00bfC\u00f3mo acompa\u00f1amos nuestros movimientos a los de la otra persona?<br \/>\n\u00a0\u00a0\u00a0 \u2026<br \/>\n7. SISTEMAS DE REPRESENTACI\u00d3N SENSORIAL<br \/>\n\u00a0\u00a0\u00a0 7.1. Personas visuales, auditivas y cinest\u00e9sicas<br \/>\n\u00a0\u00a0\u00a0\u00a0 \u2026<br \/>\n8. CLAVE DE ACCESO: MOVIMIENTOS OCULARES<br \/>\n9. VENCER LAS RESISTENCIAS EN LA CONVERSACI\u00d3N<br \/>\n\u00a0\u00a0\u00a0 9.1. Conversaci\u00f3n y Flexibilidad<br \/>\n\u00a0\u00a0\u00a0 9.2. Los borradores universales<br \/>\n\u00a0\u00a0\u00a0 \u2026<br \/>\n10. EL METAMODELO<br \/>\n11. LAS PRESUPOSICIONES<br \/>\n12. EL REENCUADRE<br \/>\n13. LOS METAPROGRAMAS<\/p>\n<p><em><strong>Experto en Coaching y Programaci\u00f3n Neuroling\u00fcistica<\/strong><\/em><\/p>\n<hr \/>\n","protected":false},"excerpt":{"rendered":"<p><a href=\"https:\/\/centro-cee.com\/web\/formaciones\/\">Atr\u00e1s<\/a><\/p>\n<p>F\u00f3rmate y especial\u00edzate en todos los aspectos relacionados con el coaching y con la PNL gracias a este M\u00e1ster en Coaching y Programaci\u00f3n Neuroling\u00fcistica, impartido por CEE Centro Europeo E-learning.<br \/>\nEn la actualidad, el dominio de t\u00e9cnicas de coaching y mentoring son necesarias para cualquier empresa, ya que va a ayudan a la cohesi\u00f3n, motivaci\u00f3n, interrelaci\u00f3n, etc\u00e9tera, entre los diferentes agentes de la empresa. <\/p>\n<p>Y, para completar el temario, tambi\u00e9n se incorpora como novedad a este contenido de coaching la especializaci\u00f3n en PNL, herramienta imprescindible para lograr el \u00e9xito en cualquier acci\u00f3n de mejora y reorientaci\u00f3n de objetivos.<\/p>\n<p>Se trata de una formaci\u00f3n online, que podr\u00e1s seguir desde la comodidad de casa, utilizando un ordenador o tablet con conexi\u00f3n a internet. Los contenidos son multimedia, interactivos y con audio, en general se evita el exceso de contenidos de texto. <\/p>\n","protected":false},"featured_media":1840,"comment_status":"closed","ping_status":"closed","template":"","meta":[],"product_brand":[],"product_cat":[2050,2048,34],"product_tag":[1832,1829,1827,424,422,1828,1830,425,426,1831],"class_list":{"0":"post-1839","1":"product","2":"type-product","3":"status-publish","4":"has-post-thumbnail","6":"product_cat-cursos-online-empresa","7":"product_cat-cursos-online-psicologia","8":"product_cat-tecnicos","9":"product_tag-coaching-con-pnl","10":"product_tag-coaching-profesional","11":"product_tag-coaching-y-programacion-neurolinguistica","12":"product_tag-comunicacion-efectiva","13":"product_tag-desarrollo-personal","14":"product_tag-experto-en-pnl","15":"product_tag-formacion-en-pnl","16":"product_tag-habilidades-de-liderazgo","17":"product_tag-tecnicas-de-coaching","18":"product_tag-transformacion-personal","20":"first","21":"instock","22":"sale","23":"shipping-taxable","24":"purchasable","25":"product-type-simple"},"yoast_head":"<!-- This site is optimized with the Yoast SEO plugin v27.5 - https:\/\/yoast.com\/product\/yoast-seo-wordpress\/ -->\n<title>Experto en Coaching y Programaci\u00f3n Neuroling\u00fcistica<\/title>\n<meta name=\"description\" content=\"Desarrolla tus habilidades y mejora tus conocimientos con nuestra formaci\u00f3n de Experto en Coaching y Programaci\u00f3n Neuroling\u00fcistica\" \/>\n<meta name=\"robots\" content=\"index, follow, max-snippet:-1, max-image-preview:large, max-video-preview:-1\" \/>\n<link rel=\"canonical\" href=\"https:\/\/centro-cee.com\/web\/producto\/experto-en-coaching-y-programacion-neurolinguistica\/\" \/>\n<meta property=\"og:locale\" content=\"es_ES\" \/>\n<meta property=\"og:type\" content=\"article\" \/>\n<meta property=\"og:title\" content=\"Experto en Coaching y Programaci\u00f3n Neuroling\u00fcistica\" \/>\n<meta property=\"og:description\" content=\"Desarrolla tus habilidades y mejora tus conocimientos con nuestra formaci\u00f3n de Experto en Coaching y Programaci\u00f3n Neuroling\u00fcistica\" \/>\n<meta property=\"og:url\" content=\"https:\/\/centro-cee.com\/web\/producto\/experto-en-coaching-y-programacion-neurolinguistica\/\" \/>\n<meta property=\"og:site_name\" content=\"CEE Centro Europeo E-learning - Cursos online\" \/>\n<meta property=\"article:modified_time\" content=\"2026-03-13T17:03:33+00:00\" \/>\n<meta property=\"og:image\" content=\"https:\/\/centro-cee.com\/web\/wp-content\/uploads\/2024\/12\/Master-Pnl.jpg\" \/>\n\t<meta property=\"og:image:width\" content=\"400\" \/>\n\t<meta property=\"og:image:height\" content=\"200\" \/>\n\t<meta property=\"og:image:type\" content=\"image\/jpeg\" \/>\n<meta name=\"twitter:card\" content=\"summary_large_image\" \/>\n<meta name=\"twitter:label1\" content=\"Tiempo de lectura\" \/>\n\t<meta name=\"twitter:data1\" content=\"3 minutos\" \/>\n<script type=\"application\/ld+json\" class=\"yoast-schema-graph\">{\"@context\":\"https:\\\/\\\/schema.org\",\"@graph\":[{\"@type\":\"WebPage\",\"@id\":\"https:\\\/\\\/centro-cee.com\\\/web\\\/producto\\\/experto-en-coaching-y-programacion-neurolinguistica\\\/\",\"url\":\"https:\\\/\\\/centro-cee.com\\\/web\\\/producto\\\/experto-en-coaching-y-programacion-neurolinguistica\\\/\",\"name\":\"Experto en Coaching y Programaci\u00f3n Neuroling\u00fcistica\",\"isPartOf\":{\"@id\":\"https:\\\/\\\/centro-cee.com\\\/web\\\/#website\"},\"primaryImageOfPage\":{\"@id\":\"https:\\\/\\\/centro-cee.com\\\/web\\\/producto\\\/experto-en-coaching-y-programacion-neurolinguistica\\\/#primaryimage\"},\"image\":{\"@id\":\"https:\\\/\\\/centro-cee.com\\\/web\\\/producto\\\/experto-en-coaching-y-programacion-neurolinguistica\\\/#primaryimage\"},\"thumbnailUrl\":\"https:\\\/\\\/centro-cee.com\\\/web\\\/wp-content\\\/uploads\\\/2024\\\/12\\\/Master-Pnl.jpg\",\"datePublished\":\"2024-12-10T11:49:38+00:00\",\"dateModified\":\"2026-03-13T17:03:33+00:00\",\"description\":\"Desarrolla tus habilidades y mejora tus conocimientos con nuestra formaci\u00f3n de Experto en Coaching y Programaci\u00f3n Neuroling\u00fcistica\",\"breadcrumb\":{\"@id\":\"https:\\\/\\\/centro-cee.com\\\/web\\\/producto\\\/experto-en-coaching-y-programacion-neurolinguistica\\\/#breadcrumb\"},\"inLanguage\":\"es\",\"potentialAction\":[{\"@type\":\"ReadAction\",\"target\":[\"https:\\\/\\\/centro-cee.com\\\/web\\\/producto\\\/experto-en-coaching-y-programacion-neurolinguistica\\\/\"]}]},{\"@type\":\"ImageObject\",\"inLanguage\":\"es\",\"@id\":\"https:\\\/\\\/centro-cee.com\\\/web\\\/producto\\\/experto-en-coaching-y-programacion-neurolinguistica\\\/#primaryimage\",\"url\":\"https:\\\/\\\/centro-cee.com\\\/web\\\/wp-content\\\/uploads\\\/2024\\\/12\\\/Master-Pnl.jpg\",\"contentUrl\":\"https:\\\/\\\/centro-cee.com\\\/web\\\/wp-content\\\/uploads\\\/2024\\\/12\\\/Master-Pnl.jpg\",\"width\":400,\"height\":200,\"caption\":\"Experto en Coaching y Programaci\u00f3n Neuroling\u00fcistica\"},{\"@type\":\"BreadcrumbList\",\"@id\":\"https:\\\/\\\/centro-cee.com\\\/web\\\/producto\\\/experto-en-coaching-y-programacion-neurolinguistica\\\/#breadcrumb\",\"itemListElement\":[{\"@type\":\"ListItem\",\"position\":1,\"name\":\"Portada\",\"item\":\"https:\\\/\\\/centro-cee.com\\\/web\\\/\"},{\"@type\":\"ListItem\",\"position\":2,\"name\":\"Experto en Coaching y Programaci\u00f3n Neuroling\u00fcistica\"}]},{\"@type\":\"WebSite\",\"@id\":\"https:\\\/\\\/centro-cee.com\\\/web\\\/#website\",\"url\":\"https:\\\/\\\/centro-cee.com\\\/web\\\/\",\"name\":\"Centro Europeo E-learning\",\"description\":\"CEE Formaci\u00f3n Online\",\"publisher\":{\"@id\":\"https:\\\/\\\/centro-cee.com\\\/web\\\/#organization\"},\"alternateName\":\"Centro Online de Formaci\u00f3n\",\"potentialAction\":[{\"@type\":\"SearchAction\",\"target\":{\"@type\":\"EntryPoint\",\"urlTemplate\":\"https:\\\/\\\/centro-cee.com\\\/web\\\/?s={search_term_string}\"},\"query-input\":{\"@type\":\"PropertyValueSpecification\",\"valueRequired\":true,\"valueName\":\"search_term_string\"}}],\"inLanguage\":\"es\"},{\"@type\":\"Organization\",\"@id\":\"https:\\\/\\\/centro-cee.com\\\/web\\\/#organization\",\"name\":\"Centro Europeo E-learning CEE\",\"url\":\"https:\\\/\\\/centro-cee.com\\\/web\\\/\",\"logo\":{\"@type\":\"ImageObject\",\"inLanguage\":\"es\",\"@id\":\"https:\\\/\\\/centro-cee.com\\\/web\\\/#\\\/schema\\\/logo\\\/image\\\/\",\"url\":\"https:\\\/\\\/centro-cee.com\\\/web\\\/wp-content\\\/uploads\\\/2022\\\/12\\\/cropped-logo_educa.png\",\"contentUrl\":\"https:\\\/\\\/centro-cee.com\\\/web\\\/wp-content\\\/uploads\\\/2022\\\/12\\\/cropped-logo_educa.png\",\"width\":157,\"height\":63,\"caption\":\"Centro Europeo E-learning CEE\"},\"image\":{\"@id\":\"https:\\\/\\\/centro-cee.com\\\/web\\\/#\\\/schema\\\/logo\\\/image\\\/\"},\"sameAs\":[\"https:\\\/\\\/www.instagram.com\\\/centroeuropeo_cee\"]}]}<\/script>\n<!-- \/ Yoast SEO plugin. -->","yoast_head_json":{"title":"Experto en Coaching y Programaci\u00f3n Neuroling\u00fcistica","description":"Desarrolla tus habilidades y mejora tus conocimientos con nuestra formaci\u00f3n de Experto en Coaching y Programaci\u00f3n Neuroling\u00fcistica","robots":{"index":"index","follow":"follow","max-snippet":"max-snippet:-1","max-image-preview":"max-image-preview:large","max-video-preview":"max-video-preview:-1"},"canonical":"https:\/\/centro-cee.com\/web\/producto\/experto-en-coaching-y-programacion-neurolinguistica\/","og_locale":"es_ES","og_type":"article","og_title":"Experto en Coaching y Programaci\u00f3n Neuroling\u00fcistica","og_description":"Desarrolla tus habilidades y mejora tus conocimientos con nuestra formaci\u00f3n de Experto en Coaching y Programaci\u00f3n Neuroling\u00fcistica","og_url":"https:\/\/centro-cee.com\/web\/producto\/experto-en-coaching-y-programacion-neurolinguistica\/","og_site_name":"CEE Centro Europeo E-learning - Cursos online","article_modified_time":"2026-03-13T17:03:33+00:00","og_image":[{"width":400,"height":200,"url":"https:\/\/centro-cee.com\/web\/wp-content\/uploads\/2024\/12\/Master-Pnl.jpg","type":"image\/jpeg"}],"twitter_card":"summary_large_image","twitter_misc":{"Tiempo de lectura":"3 minutos"},"schema":{"@context":"https:\/\/schema.org","@graph":[{"@type":"WebPage","@id":"https:\/\/centro-cee.com\/web\/producto\/experto-en-coaching-y-programacion-neurolinguistica\/","url":"https:\/\/centro-cee.com\/web\/producto\/experto-en-coaching-y-programacion-neurolinguistica\/","name":"Experto en Coaching y Programaci\u00f3n Neuroling\u00fcistica","isPartOf":{"@id":"https:\/\/centro-cee.com\/web\/#website"},"primaryImageOfPage":{"@id":"https:\/\/centro-cee.com\/web\/producto\/experto-en-coaching-y-programacion-neurolinguistica\/#primaryimage"},"image":{"@id":"https:\/\/centro-cee.com\/web\/producto\/experto-en-coaching-y-programacion-neurolinguistica\/#primaryimage"},"thumbnailUrl":"https:\/\/centro-cee.com\/web\/wp-content\/uploads\/2024\/12\/Master-Pnl.jpg","datePublished":"2024-12-10T11:49:38+00:00","dateModified":"2026-03-13T17:03:33+00:00","description":"Desarrolla tus habilidades y mejora tus conocimientos con nuestra formaci\u00f3n de Experto en Coaching y Programaci\u00f3n Neuroling\u00fcistica","breadcrumb":{"@id":"https:\/\/centro-cee.com\/web\/producto\/experto-en-coaching-y-programacion-neurolinguistica\/#breadcrumb"},"inLanguage":"es","potentialAction":[{"@type":"ReadAction","target":["https:\/\/centro-cee.com\/web\/producto\/experto-en-coaching-y-programacion-neurolinguistica\/"]}]},{"@type":"ImageObject","inLanguage":"es","@id":"https:\/\/centro-cee.com\/web\/producto\/experto-en-coaching-y-programacion-neurolinguistica\/#primaryimage","url":"https:\/\/centro-cee.com\/web\/wp-content\/uploads\/2024\/12\/Master-Pnl.jpg","contentUrl":"https:\/\/centro-cee.com\/web\/wp-content\/uploads\/2024\/12\/Master-Pnl.jpg","width":400,"height":200,"caption":"Experto en Coaching y Programaci\u00f3n Neuroling\u00fcistica"},{"@type":"BreadcrumbList","@id":"https:\/\/centro-cee.com\/web\/producto\/experto-en-coaching-y-programacion-neurolinguistica\/#breadcrumb","itemListElement":[{"@type":"ListItem","position":1,"name":"Portada","item":"https:\/\/centro-cee.com\/web\/"},{"@type":"ListItem","position":2,"name":"Experto en Coaching y Programaci\u00f3n Neuroling\u00fcistica"}]},{"@type":"WebSite","@id":"https:\/\/centro-cee.com\/web\/#website","url":"https:\/\/centro-cee.com\/web\/","name":"Centro Europeo E-learning","description":"CEE Formaci\u00f3n Online","publisher":{"@id":"https:\/\/centro-cee.com\/web\/#organization"},"alternateName":"Centro Online de Formaci\u00f3n","potentialAction":[{"@type":"SearchAction","target":{"@type":"EntryPoint","urlTemplate":"https:\/\/centro-cee.com\/web\/?s={search_term_string}"},"query-input":{"@type":"PropertyValueSpecification","valueRequired":true,"valueName":"search_term_string"}}],"inLanguage":"es"},{"@type":"Organization","@id":"https:\/\/centro-cee.com\/web\/#organization","name":"Centro Europeo E-learning CEE","url":"https:\/\/centro-cee.com\/web\/","logo":{"@type":"ImageObject","inLanguage":"es","@id":"https:\/\/centro-cee.com\/web\/#\/schema\/logo\/image\/","url":"https:\/\/centro-cee.com\/web\/wp-content\/uploads\/2022\/12\/cropped-logo_educa.png","contentUrl":"https:\/\/centro-cee.com\/web\/wp-content\/uploads\/2022\/12\/cropped-logo_educa.png","width":157,"height":63,"caption":"Centro Europeo E-learning CEE"},"image":{"@id":"https:\/\/centro-cee.com\/web\/#\/schema\/logo\/image\/"},"sameAs":["https:\/\/www.instagram.com\/centroeuropeo_cee"]}]}},"_links":{"self":[{"href":"https:\/\/centro-cee.com\/web\/wp-json\/wp\/v2\/product\/1839","targetHints":{"allow":["GET"]}}],"collection":[{"href":"https:\/\/centro-cee.com\/web\/wp-json\/wp\/v2\/product"}],"about":[{"href":"https:\/\/centro-cee.com\/web\/wp-json\/wp\/v2\/types\/product"}],"replies":[{"embeddable":true,"href":"https:\/\/centro-cee.com\/web\/wp-json\/wp\/v2\/comments?post=1839"}],"wp:featuredmedia":[{"embeddable":true,"href":"https:\/\/centro-cee.com\/web\/wp-json\/wp\/v2\/media\/1840"}],"wp:attachment":[{"href":"https:\/\/centro-cee.com\/web\/wp-json\/wp\/v2\/media?parent=1839"}],"wp:term":[{"taxonomy":"product_brand","embeddable":true,"href":"https:\/\/centro-cee.com\/web\/wp-json\/wp\/v2\/product_brand?post=1839"},{"taxonomy":"product_cat","embeddable":true,"href":"https:\/\/centro-cee.com\/web\/wp-json\/wp\/v2\/product_cat?post=1839"},{"taxonomy":"product_tag","embeddable":true,"href":"https:\/\/centro-cee.com\/web\/wp-json\/wp\/v2\/product_tag?post=1839"}],"curies":[{"name":"wp","href":"https:\/\/api.w.org\/{rel}","templated":true}]}}