{"id":1837,"date":"2024-12-09T13:50:13","date_gmt":"2024-12-09T13:50:13","guid":{"rendered":"https:\/\/centro-cee.com\/web\/?post_type=product&#038;p=1837"},"modified":"2026-03-13T17:03:41","modified_gmt":"2026-03-13T17:03:41","slug":"tecnico-auxiliar-de-odontologia-y-atencion-al-usuario-paciente","status":"publish","type":"product","link":"https:\/\/centro-cee.com\/web\/producto\/tecnico-auxiliar-de-odontologia-y-atencion-al-usuario-paciente\/","title":{"rendered":"T\u00e9cnico Auxiliar De Odontolog\u00eda Y Atenci\u00f3n Al Usuario\/Paciente"},"content":{"rendered":"<p><a href=\"https:\/\/centro-cee.com\/web\/formaciones\/\">Atr\u00e1s<\/a><\/p>\n<p><em><strong>T\u00e9cnico Auxiliar De Odontolog\u00eda Y Atenci\u00f3n Al Usuario\/Paciente<\/strong><\/em><\/p>\n<p>Toda esta informaci\u00f3n se realiza 100% online en nuestro campus online de formaci\u00f3n.<\/p>\n<p>Las tutor\u00edas se realizan directamente desde el campus de estudio con la opci\u00f3n de mensajer\u00eda a profesores. Las tutorias son \u201ca demanda\u201d, cuando necesites soporte nos lo pides.<\/p>\n<p>Los t\u00edtulos de Centro CEE est\u00e1n autenticados por la firma de notario que valida contenidos y autenticidad a nivel internacional. Nuestra organizaci\u00f3n pertenece a la Asociaci\u00f3n Espa\u00f1ola de Calidad, organizaci\u00f3n Espa\u00f1ola de referencia para la calidad\u00a0en la formaci\u00f3n de auxiliar de enfermer\u00eda. La certificaci\u00f3n se puede apostillar por la Haya para cualquier pa\u00eds firmante del convenio de la Haya.<\/p>\n<p>Se puede pagar a plazos.<\/p>\n<p>Carga horaria de la formaci\u00f3n: 350h<\/p>\n<p>&nbsp;<\/p>\n<h2>Temario<\/h2>\n<hr \/>\n<p>TEMA 1: T\u00c9CNICO AUXILIAR DE ODONTOLOG\u00cdA<\/p>\n<p>UNIDAD 1. LA CL\u00cdNICA DENTAL<br \/>\n\u00a0\u00a0\u00a0 1. Estructura de la cl\u00ednica dental<br \/>\n\u00a0\u00a0\u00a0 2. Organizaci\u00f3n del gabinete<br \/>\n\u00a0\u00a0\u00a0 3. ..<\/p>\n<p>UNIDAD 2. EL EQUIPO ODONTOL\u00d3GICO: LA FIGURA DEL AUXILIAR DE ODONTOLOG\u00cdA<br \/>\n\u00a0\u00a0\u00a0 1. El equipo odontol\u00f3gico<br \/>\n\u00a0\u00a0\u00a0 2. Estomat\u00f3logo y\/u odont\u00f3logo<br \/>\n\u00a0\u00a0\u00a0 3. Higienista dental<br \/>\n\u00a0\u00a0\u00a0 4. Prot\u00e9sico dental<br \/>\n\u00a0\u00a0\u00a0 5. \u2026<\/p>\n<p>UNIDAD 3. LA ANATOM\u00cdA DE LA CAVIDAD BUCAL Y DE LOS DIENTES<br \/>\n\u00a0\u00a0\u00a0 1. La articulaci\u00f3n temporo-mandibular (ATM)<br \/>\n\u00a0\u00a0\u00a0 2. La cavidad bucal<br \/>\n\u00a0\u00a0\u00a0 3. El diente<br \/>\n\u00a0\u00a0\u00a0 4. ..<\/p>\n<p>UNIDAD 4. CONTROL DE LAS INFECCIONES, DESINFECCI\u00d3N Y ESTERILIZACI\u00d3N<br \/>\n\u00a0\u00a0\u00a0 1. Cadena de infecci\u00f3n<br \/>\n\u00a0\u00a0\u00a0 2. Principales microorganismos y mecanismos de transmisi\u00f3n<br \/>\n\u00a0\u00a0\u00a0 3. Control de las infecciones<br \/>\n\u00a0\u00a0\u00a0 4. \u2026<\/p>\n<p>UNIDAD 5. FARMACOLOG\u00cdA ODONTOL\u00d3GICA<br \/>\n\u00a0\u00a0\u00a0 1. Farmacolog\u00eda b\u00e1sica<br \/>\n\u00a0\u00a0\u00a0 2. Clasificaci\u00f3n de los medicamentos<br \/>\n\u00a0\u00a0\u00a0 3. Mecanismos de acci\u00f3n de los f\u00e1rmacos<br \/>\n\u00a0\u00a0\u00a0 4. Administraci\u00f3n de los f\u00e1rmacos<br \/>\n\u00a0\u00a0\u00a0 5. Tipos de formas medicamentosas<br \/>\n\u00a0\u00a0\u00a0 6. \u2026<\/p>\n<p>UNIDAD 6. ANESTESIA Y ANALGESIA<br \/>\n\u00a0\u00a0\u00a0 1. Introducci\u00f3n<br \/>\n\u00a0\u00a0\u00a0 2. Anestesia<br \/>\n\u00a0\u00a0\u00a0 3. Anest\u00e9sicos generales<br \/>\n\u00a0\u00a0\u00a0 4. Anest\u00e9sicos locales<br \/>\n\u00a0\u00a0\u00a0 5. \u2026<\/p>\n<p>UNIDAD 7. INTRODUCCI\u00d3N A LA RADIOLOG\u00cdA ODONTOL\u00d3GICA<br \/>\n\u00a0\u00a0\u00a0 1. Introducci\u00f3n<br \/>\n\u00a0\u00a0\u00a0 2. Radiaci\u00f3n y radiolog\u00eda<br \/>\n\u00a0\u00a0\u00a0 3. Tipos de radiaciones<br \/>\n\u00a0\u00a0\u00a0 4. Rayos X<br \/>\n\u00a0\u00a0\u00a0 5. La radiolog\u00eda dental<br \/>\n\u00a0\u00a0\u00a0 6. \u2026.<\/p>\n<p>UNIDAD 8. ODONTOLOG\u00cdA CONSERVADORA<br \/>\n\u00a0\u00a0\u00a0 1. Definici\u00f3n<br \/>\n\u00a0\u00a0\u00a0 2. Desarrollo de la enfermedad dental<br \/>\n\u00a0\u00a0\u00a0 3. La caries<br \/>\n\u00a0\u00a0\u00a0 4. Caries radicular<br \/>\n\u00a0\u00a0\u00a0 5. Restauraci\u00f3n dental<br \/>\n\u00a0\u00a0\u00a0 6. \u2026<\/p>\n<p>UNIDAD 9. ENDODONCIA<br \/>\n\u00a0\u00a0\u00a0 1. Definici\u00f3n<br \/>\n\u00a0\u00a0\u00a0 2. Objetivos<br \/>\n\u00a0\u00a0\u00a0 3. Tratamiento pulpo-radicular<br \/>\n\u00a0\u00a0\u00a0 4. Procedimiento<br \/>\n\u00a0\u00a0\u00a0 5. \u2026<\/p>\n<p>UNIDAD 10. PR\u00d3TESIS<br \/>\n\u00a0\u00a0\u00a0 1. Concepto de pr\u00f3tesis dental<br \/>\n\u00a0\u00a0\u00a0 2. Tipos de pr\u00f3tesis dental<br \/>\n\u00a0\u00a0\u00a0 3. Pr\u00f3tesis completas<br \/>\n\u00a0\u00a0\u00a0 4. Pr\u00f3tesis fijas<br \/>\n\u00a0\u00a0\u00a0 5. \u2026<\/p>\n<p>UNIDAD 11. PATOLOG\u00cdA ORAL<br \/>\n\u00a0\u00a0\u00a0 1. Introducci\u00f3n<br \/>\n\u00a0\u00a0\u00a0 2. Mucosas orales normales<br \/>\n\u00a0\u00a0\u00a0 3. Lesiones elementales de los tejidos blandos<br \/>\n\u00a0\u00a0\u00a0 4. Ex\u00e1menes diagn\u00f3sticos<br \/>\n\u00a0\u00a0\u00a0 5. Neoformaciones<br \/>\n\u00a0\u00a0\u00a0 6. Seudofibromas traum\u00e1ticas y mucolete<br \/>\n\u00a0\u00a0\u00a0 7. Aumento del volumen gingival difuso<br \/>\n\u00a0\u00a0\u00a0 8. Enfermedades ulcerativas y vesiculobullosas<br \/>\n\u00a0\u00a0\u00a0 9. Estomatitis aftosa recurrente<br \/>\n\u00a0\u00a0\u00a0 10. \u00dalceras<br \/>\n\u00a0\u00a0\u00a0 11. Ampollas y ves\u00edculas<br \/>\n\u00a0\u00a0\u00a0 12. Liquen plano<br \/>\n\u00a0\u00a0\u00a0 13. \u2026<\/p>\n<p>UNIDAD 12. ENFERMEDADES PERIODONTOL\u00d3GICAS<br \/>\n\u00a0\u00a0\u00a0 1. \u00bfQu\u00e9 es el periodonto?<br \/>\n\u00a0\u00a0\u00a0 2. Definici\u00f3n y partes que forman el periodonto<br \/>\n\u00a0\u00a0\u00a0 3. Patolog\u00edas del periodonto<br \/>\n\u00a0\u00a0\u00a0 4. Posibles causas de las patolog\u00edas del periodonto<br \/>\n\u00a0\u00a0\u00a0 5. Registro y exploraci\u00f3n<br \/>\n\u00a0\u00a0\u00a0 6. \u00cdndices que detectan la placa bacteriana<br \/>\n\u00a0\u00a0\u00a0 7. El periodontograma<br \/>\n\u00a0\u00a0\u00a0 8. \u2026.<\/p>\n<p>UNIDAD 13. CIRUG\u00cdA ORAL<br \/>\n\u00a0\u00a0\u00a0 1. La cirug\u00eda oral en el gabinete dental<br \/>\n\u00a0\u00a0\u00a0 2. C\u00f3mo preparar el campo operatorio<br \/>\n\u00a0\u00a0\u00a0 3. Los instrumentos b\u00e1sicos en la cirug\u00eda oral<br \/>\n\u00a0\u00a0\u00a0 4. La anestesia dental<br \/>\n\u00a0\u00a0\u00a0 5. El consentimiento del paciente<br \/>\n\u00a0\u00a0\u00a0 6. La exodoncia<br \/>\n\u00a0\u00a0\u00a0 7. \u2026..<\/p>\n<p>UNIDAD 14. ORTODONCIA<br \/>\n\u00a0\u00a0\u00a0 1. Diagn\u00f3stico<br \/>\n\u00a0\u00a0\u00a0 2. Plan de tratamiento<br \/>\n\u00a0\u00a0\u00a0 3. Aparatos<br \/>\n\u00a0\u00a0\u00a0 4. \u2026<\/p>\n<p>UNIDAD 15. ODONTOLOG\u00cdA PEDI\u00c1TRICA<br \/>\n\u00a0\u00a0\u00a0 1. La recepci\u00f3n del paciente odontopedi\u00e1trico<br \/>\n\u00a0\u00a0\u00a0 2. El papel del auxiliar<br \/>\n\u00a0\u00a0\u00a0 3. Atenci\u00f3n a pacientes discapacitados<br \/>\n\u00a0\u00a0\u00a0 4. Reconocimiento<br \/>\n\u00a0\u00a0\u00a0 5. Anamnesis<br \/>\n\u00a0\u00a0\u00a0 6. Examen objetivo<br \/>\n\u00a0\u00a0\u00a0 7. \u2026<\/p>\n<p>UNIDAD 16. ERGONOM\u00cdA DENTAL Y URGENCIAS EN EL GABINETE DENTAL<br \/>\n\u00a0\u00a0\u00a0 1. Concepto y objetivos<br \/>\n\u00a0\u00a0\u00a0 2. Etapas<br \/>\n\u00a0\u00a0\u00a0 3. Los riesgos ergon\u00f3micos<br \/>\n\u00a0\u00a0\u00a0 4. Riesgos por agentes ambientales<br \/>\n\u00a0\u00a0\u00a0 5. \u2026.<\/p>\n<p>TEMA 2:\u00a0 GESTI\u00d3N DE LA ATENCI\u00d3N AL USUARIO \/PACIENTE<\/p>\n<p>1. PROCESOS DE ATENCI\u00d3N AL CLIENTE\/CONSUMIDOR\/USUARIO<br \/>\n\u00a0\u00a0\u00a0 1.1. Concepto y caracter\u00edsticas de la funci\u00f3n de atenci\u00f3n al cliente:<br \/>\n\u00a0\u00a0\u00a0 \u00a0\u00a0\u00a0 1.1.1. Empresas fabricantes.<br \/>\n\u00a0\u00a0\u00a0 \u00a0\u00a0\u00a0 1.1.2. Empresas distribuidoras.<br \/>\n\u00a0\u00a0\u00a0 \u00a0\u00a0\u00a0 1.1.3. \u2026.<br \/>\n\u00a0\u00a0\u00a0 1.2. Dependencia funcional del departamento de atenci\u00f3n al cliente:<br \/>\n\u00a0\u00a0\u00a0 \u00a0\u00a0\u00a0 1.2.1. Organizaci\u00f3n funcional de las empresas: Organigrama.<br \/>\n\u00a0\u00a0\u00a0 \u00a0\u00a0\u00a0 1.2.2. Interrelaciones del departamento de atenci\u00f3n al cliente: comercial, financiero y de ventas.<br \/>\n\u00a0\u00a0\u00a0 1.3. Factores fundamentales desarrollados en la atenci\u00f3n al cliente:<br \/>\n\u00a0\u00a0\u00a0 \u00a0\u00a0\u00a0 1.3.1. Naturaleza.<br \/>\n\u00a0\u00a0\u00a0 \u00a0\u00a0\u00a0 1.3.2. Efectos.<br \/>\n\u00a0\u00a0\u00a0 \u00a0\u00a0\u00a0 1.3.3. ..<br \/>\n\u00a0\u00a0\u00a0 1.4. El marketing en la empresa y su relaci\u00f3n con el departamento de atenci\u00f3n al cliente:<br \/>\n\u00a0\u00a0\u00a0 \u00a0\u00a0\u00a0 1.4.1. Marketing relacional.<br \/>\n\u00a0\u00a0\u00a0 \u00a0\u00a0\u00a0 1.4.2. Relaciones con clientes.<br \/>\n\u00a0\u00a0\u00a0 \u00a0\u00a0\u00a0 1.4.3. \u2026<br \/>\n\u00a0\u00a0\u00a0 1.5.\u00a0 Variables que influyen en la atenci\u00f3n al cliente:<br \/>\n\u00a0\u00a0\u00a0 \u00a0\u00a0\u00a0 1.5.1. Posicionamiento e imagen.<br \/>\n\u00a0\u00a0\u00a0 \u00a0\u00a0\u00a0 1.5.2. Relaciones p\u00fablicas.<br \/>\n\u00a0\u00a0\u00a0 1.6. La informaci\u00f3n suministrada por el cliente.<br \/>\n\u00a0\u00a0\u00a0 \u00a0\u00a0\u00a0 1.6.1. An\u00e1lisis comparativo.<br \/>\n\u00a0\u00a0\u00a0 \u00a0\u00a0\u00a0 1.6.2. Naturaleza de la informaci\u00f3n.<br \/>\n\u00a0\u00a0\u00a0 \u00a0\u00a0\u00a0 1.6.3. \u2026<br \/>\n\u00a0\u00a0\u00a0 1.7. Documentaci\u00f3n implicada en la atenci\u00f3n al cliente.<br \/>\n\u00a0\u00a0\u00a0 1.8. Servicio Postventa.<\/p>\n<p>2. CALIDAD EN LA PRESTACI\u00d3N DEL SERVICIO DE ATENCI\u00d3N AL CLIENTE\/CONSUMIDOR\/USUARIO<br \/>\n\u00a0\u00a0\u00a0 2.1. Procesos de calidad en la empresa.<br \/>\n\u00a0\u00a0\u00a0 2.2. Concepto y caracter\u00edsticas de la calidad de servicio.<br \/>\n\u00a0\u00a0\u00a0 \u00a0\u00a0\u00a0 2.2.1. Importancia.<br \/>\n\u00a0\u00a0\u00a0 \u00a0\u00a0\u00a0 2.2.2. \u2026<br \/>\n\u00a0\u00a0\u00a0 2.3. Ratios de control y medici\u00f3n de la calidad y satisfacci\u00f3n del cliente.<br \/>\n\u00a0\u00a0\u00a0 \u00a0\u00a0\u00a0 2.3.1. Elementos de control.<br \/>\n\u00a0\u00a0\u00a0 \u00a0\u00a0\u00a0 2.3.2. \u2026<\/p>\n<p>3. ASPECTOS LEGALES EN RELACI\u00d3N CON LA ATENCI\u00d3N AL CLIENTE\/CONSUMIDOR\/USUARIO<br \/>\n\u00a0\u00a0\u00a0 3.1. Ordenaci\u00f3n del Comercio Minorista:<br \/>\n\u00a0\u00a0\u00a0 \u00a0\u00a0\u00a0 3.1.1. Contenido.<br \/>\n\u00a0\u00a0\u00a0 \u00a0\u00a0\u00a0 3.1.2. Implicaciones en la atenci\u00f3n a clientes.<br \/>\n3.2. Servicios de la Sociedad de la Informaci\u00f3n y el Comercio Electr\u00f3nico<br \/>\n\u00a0\u00a0\u00a0 3.2.1. Contenido.<br \/>\n\u00a0\u00a0\u00a0 3.2.2. \u2026<\/p>\n<p><em><strong>T\u00e9cnico Auxiliar De Odontolog\u00eda Y Atenci\u00f3n Al Usuario\/Paciente<\/strong><\/em><\/p>\n<hr \/>\n","protected":false},"excerpt":{"rendered":"<p><a href=\"https:\/\/centro-cee.com\/web\/formaciones\/\">Atr\u00e1s<\/a><\/p>\n<p>Si quieres adquirir un punto de partida excepcional en el campo laboral de la odontolog\u00eda, CEE Centro Europeo E-learning ofrece el T\u00e9cnico Auxiliar de Odontolog\u00eda y Atenci\u00f3n al Usuario\/Paciente, en el cual podr\u00e1s formarte en las tareas espec\u00edficas del auxiliar en odontolog\u00eda y, adem\u00e1s, complementarlo con estudios sobre la atenci\u00f3n al usuario\/paciente, lo cual puede ser de gran utilidad en tu carrera, ya que todas las cl\u00ednicas disponen de un mostrador de atenci\u00f3n al cliente que debe estar ocupado por profesionales capacitados en ambas especialidades. <\/p>\n<p>La oferta acad\u00e9mica de esta especializaci\u00f3n comprende temas sobre la cl\u00ednica dental, anatom\u00eda de la cavidad bucal y de los dientes, control de infecciones, anestesia y analgesia, endodoncia, cirug\u00eda oral, ortodoncia, procesos de atenci\u00f3n al cliente, el marketing en la empresa, aspectos legales en relaci\u00f3n con la atenci\u00f3n al cliente, entre otros conocimientos esenciales para el desempe\u00f1o exitoso de tu carrera profesional en este sector laboral. <\/p>\n<p>Otra de las particularidades de la presente capacitaci\u00f3n es su modalidad online que te garantiza aprendizaje desde la comodidad de tu propia casa u oficina, igualmente, se adapta a tu horario con flexibilidad durante 350 horas de estudio, de manera que no tendr\u00e1s inconveniente para formarte de manera \u00f3ptima.<\/p>\n","protected":false},"featured_media":1838,"comment_status":"closed","ping_status":"closed","template":"","meta":[],"product_brand":[],"product_cat":[2046,34],"product_tag":[1819,1818,1821,1822,1826,1820,1824,1825,1823,1817],"class_list":{"0":"post-1837","1":"product","2":"type-product","3":"status-publish","4":"has-post-thumbnail","6":"product_cat-cursos-salud","7":"product_cat-tecnicos","8":"product_tag-asistencia-en-clinicas-dentales","9":"product_tag-atencion-al-paciente-dental","10":"product_tag-auxiliar-en-salud-bucodental","11":"product_tag-cuidado-del-paciente-odontologico","12":"product_tag-curso-de-auxiliar-odontologico","13":"product_tag-formacion-en-odontologia","14":"product_tag-gestion-de-pacientes-en-odontologia","15":"product_tag-soporte-clinico-dental","16":"product_tag-tecnicas-de-odontologia","17":"product_tag-tecnico-auxiliar-de-odontologia","19":"first","20":"instock","21":"sale","22":"shipping-taxable","23":"purchasable","24":"product-type-simple"},"yoast_head":"<!-- This site is optimized with the Yoast SEO plugin v27.5 - https:\/\/yoast.com\/product\/yoast-seo-wordpress\/ -->\n<title>T\u00e9cnico Auxiliar De Odontolog\u00eda Y Atenci\u00f3n Al Usuario\/Paciente<\/title>\n<meta name=\"description\" content=\"Desarrolla tus habilidades y mejora tus conocimientos con nuestra formaci\u00f3n de T\u00e9cnico Auxiliar De Odontolog\u00eda Y Atenci\u00f3n Al Usuario\/Paciente\" \/>\n<meta name=\"robots\" content=\"index, follow, max-snippet:-1, max-image-preview:large, max-video-preview:-1\" \/>\n<link rel=\"canonical\" href=\"https:\/\/centro-cee.com\/web\/producto\/tecnico-auxiliar-de-odontologia-y-atencion-al-usuario-paciente\/\" \/>\n<meta property=\"og:locale\" content=\"es_ES\" \/>\n<meta property=\"og:type\" content=\"article\" \/>\n<meta property=\"og:title\" content=\"T\u00e9cnico Auxiliar De Odontolog\u00eda Y Atenci\u00f3n Al Usuario\/Paciente\" \/>\n<meta property=\"og:description\" content=\"Desarrolla tus habilidades y mejora tus conocimientos con nuestra formaci\u00f3n de T\u00e9cnico Auxiliar De Odontolog\u00eda Y Atenci\u00f3n Al Usuario\/Paciente\" \/>\n<meta property=\"og:url\" content=\"https:\/\/centro-cee.com\/web\/producto\/tecnico-auxiliar-de-odontologia-y-atencion-al-usuario-paciente\/\" \/>\n<meta property=\"og:site_name\" content=\"CEE Centro Europeo E-learning - Cursos online\" \/>\n<meta property=\"article:modified_time\" content=\"2026-03-13T17:03:41+00:00\" \/>\n<meta property=\"og:image\" content=\"https:\/\/centro-cee.com\/web\/wp-content\/uploads\/2024\/12\/cSbGU3xgczkjFq44Rj18c.webp\" \/>\n\t<meta property=\"og:image:width\" content=\"1024\" \/>\n\t<meta property=\"og:image:height\" content=\"1024\" \/>\n\t<meta property=\"og:image:type\" content=\"image\/webp\" \/>\n<meta name=\"twitter:card\" content=\"summary_large_image\" \/>\n<meta name=\"twitter:label1\" content=\"Tiempo de lectura\" \/>\n\t<meta name=\"twitter:data1\" content=\"4 minutos\" \/>\n<script type=\"application\/ld+json\" class=\"yoast-schema-graph\">{\"@context\":\"https:\\\/\\\/schema.org\",\"@graph\":[{\"@type\":\"WebPage\",\"@id\":\"https:\\\/\\\/centro-cee.com\\\/web\\\/producto\\\/tecnico-auxiliar-de-odontologia-y-atencion-al-usuario-paciente\\\/\",\"url\":\"https:\\\/\\\/centro-cee.com\\\/web\\\/producto\\\/tecnico-auxiliar-de-odontologia-y-atencion-al-usuario-paciente\\\/\",\"name\":\"T\u00e9cnico Auxiliar De Odontolog\u00eda Y Atenci\u00f3n Al Usuario\\\/Paciente\",\"isPartOf\":{\"@id\":\"https:\\\/\\\/centro-cee.com\\\/web\\\/#website\"},\"primaryImageOfPage\":{\"@id\":\"https:\\\/\\\/centro-cee.com\\\/web\\\/producto\\\/tecnico-auxiliar-de-odontologia-y-atencion-al-usuario-paciente\\\/#primaryimage\"},\"image\":{\"@id\":\"https:\\\/\\\/centro-cee.com\\\/web\\\/producto\\\/tecnico-auxiliar-de-odontologia-y-atencion-al-usuario-paciente\\\/#primaryimage\"},\"thumbnailUrl\":\"https:\\\/\\\/centro-cee.com\\\/web\\\/wp-content\\\/uploads\\\/2024\\\/12\\\/cSbGU3xgczkjFq44Rj18c.webp\",\"datePublished\":\"2024-12-09T13:50:13+00:00\",\"dateModified\":\"2026-03-13T17:03:41+00:00\",\"description\":\"Desarrolla tus habilidades y mejora tus conocimientos con nuestra formaci\u00f3n de T\u00e9cnico Auxiliar De Odontolog\u00eda Y Atenci\u00f3n Al Usuario\\\/Paciente\",\"breadcrumb\":{\"@id\":\"https:\\\/\\\/centro-cee.com\\\/web\\\/producto\\\/tecnico-auxiliar-de-odontologia-y-atencion-al-usuario-paciente\\\/#breadcrumb\"},\"inLanguage\":\"es\",\"potentialAction\":[{\"@type\":\"ReadAction\",\"target\":[\"https:\\\/\\\/centro-cee.com\\\/web\\\/producto\\\/tecnico-auxiliar-de-odontologia-y-atencion-al-usuario-paciente\\\/\"]}]},{\"@type\":\"ImageObject\",\"inLanguage\":\"es\",\"@id\":\"https:\\\/\\\/centro-cee.com\\\/web\\\/producto\\\/tecnico-auxiliar-de-odontologia-y-atencion-al-usuario-paciente\\\/#primaryimage\",\"url\":\"https:\\\/\\\/centro-cee.com\\\/web\\\/wp-content\\\/uploads\\\/2024\\\/12\\\/cSbGU3xgczkjFq44Rj18c.webp\",\"contentUrl\":\"https:\\\/\\\/centro-cee.com\\\/web\\\/wp-content\\\/uploads\\\/2024\\\/12\\\/cSbGU3xgczkjFq44Rj18c.webp\",\"width\":1024,\"height\":1024,\"caption\":\"T\u00e9cnico Auxiliar De Odontolog\u00eda Y Atenci\u00f3n Al Usuario\\\/Paciente\"},{\"@type\":\"BreadcrumbList\",\"@id\":\"https:\\\/\\\/centro-cee.com\\\/web\\\/producto\\\/tecnico-auxiliar-de-odontologia-y-atencion-al-usuario-paciente\\\/#breadcrumb\",\"itemListElement\":[{\"@type\":\"ListItem\",\"position\":1,\"name\":\"Portada\",\"item\":\"https:\\\/\\\/centro-cee.com\\\/web\\\/\"},{\"@type\":\"ListItem\",\"position\":2,\"name\":\"T\u00e9cnico Auxiliar De Odontolog\u00eda Y Atenci\u00f3n Al Usuario\\\/Paciente\"}]},{\"@type\":\"WebSite\",\"@id\":\"https:\\\/\\\/centro-cee.com\\\/web\\\/#website\",\"url\":\"https:\\\/\\\/centro-cee.com\\\/web\\\/\",\"name\":\"Centro Europeo E-learning\",\"description\":\"CEE Formaci\u00f3n Online\",\"publisher\":{\"@id\":\"https:\\\/\\\/centro-cee.com\\\/web\\\/#organization\"},\"alternateName\":\"Centro Online de Formaci\u00f3n\",\"potentialAction\":[{\"@type\":\"SearchAction\",\"target\":{\"@type\":\"EntryPoint\",\"urlTemplate\":\"https:\\\/\\\/centro-cee.com\\\/web\\\/?s={search_term_string}\"},\"query-input\":{\"@type\":\"PropertyValueSpecification\",\"valueRequired\":true,\"valueName\":\"search_term_string\"}}],\"inLanguage\":\"es\"},{\"@type\":\"Organization\",\"@id\":\"https:\\\/\\\/centro-cee.com\\\/web\\\/#organization\",\"name\":\"Centro Europeo E-learning CEE\",\"url\":\"https:\\\/\\\/centro-cee.com\\\/web\\\/\",\"logo\":{\"@type\":\"ImageObject\",\"inLanguage\":\"es\",\"@id\":\"https:\\\/\\\/centro-cee.com\\\/web\\\/#\\\/schema\\\/logo\\\/image\\\/\",\"url\":\"https:\\\/\\\/centro-cee.com\\\/web\\\/wp-content\\\/uploads\\\/2022\\\/12\\\/cropped-logo_educa.png\",\"contentUrl\":\"https:\\\/\\\/centro-cee.com\\\/web\\\/wp-content\\\/uploads\\\/2022\\\/12\\\/cropped-logo_educa.png\",\"width\":157,\"height\":63,\"caption\":\"Centro Europeo E-learning CEE\"},\"image\":{\"@id\":\"https:\\\/\\\/centro-cee.com\\\/web\\\/#\\\/schema\\\/logo\\\/image\\\/\"},\"sameAs\":[\"https:\\\/\\\/www.instagram.com\\\/centroeuropeo_cee\"]}]}<\/script>\n<!-- \/ Yoast SEO plugin. -->","yoast_head_json":{"title":"T\u00e9cnico Auxiliar De Odontolog\u00eda Y Atenci\u00f3n Al Usuario\/Paciente","description":"Desarrolla tus habilidades y mejora tus conocimientos con nuestra formaci\u00f3n de T\u00e9cnico Auxiliar De Odontolog\u00eda Y Atenci\u00f3n Al Usuario\/Paciente","robots":{"index":"index","follow":"follow","max-snippet":"max-snippet:-1","max-image-preview":"max-image-preview:large","max-video-preview":"max-video-preview:-1"},"canonical":"https:\/\/centro-cee.com\/web\/producto\/tecnico-auxiliar-de-odontologia-y-atencion-al-usuario-paciente\/","og_locale":"es_ES","og_type":"article","og_title":"T\u00e9cnico Auxiliar De Odontolog\u00eda Y Atenci\u00f3n Al Usuario\/Paciente","og_description":"Desarrolla tus habilidades y mejora tus conocimientos con nuestra formaci\u00f3n de T\u00e9cnico Auxiliar De Odontolog\u00eda Y Atenci\u00f3n Al Usuario\/Paciente","og_url":"https:\/\/centro-cee.com\/web\/producto\/tecnico-auxiliar-de-odontologia-y-atencion-al-usuario-paciente\/","og_site_name":"CEE Centro Europeo E-learning - Cursos online","article_modified_time":"2026-03-13T17:03:41+00:00","og_image":[{"width":1024,"height":1024,"url":"https:\/\/centro-cee.com\/web\/wp-content\/uploads\/2024\/12\/cSbGU3xgczkjFq44Rj18c.webp","type":"image\/webp"}],"twitter_card":"summary_large_image","twitter_misc":{"Tiempo de lectura":"4 minutos"},"schema":{"@context":"https:\/\/schema.org","@graph":[{"@type":"WebPage","@id":"https:\/\/centro-cee.com\/web\/producto\/tecnico-auxiliar-de-odontologia-y-atencion-al-usuario-paciente\/","url":"https:\/\/centro-cee.com\/web\/producto\/tecnico-auxiliar-de-odontologia-y-atencion-al-usuario-paciente\/","name":"T\u00e9cnico Auxiliar De Odontolog\u00eda Y Atenci\u00f3n Al Usuario\/Paciente","isPartOf":{"@id":"https:\/\/centro-cee.com\/web\/#website"},"primaryImageOfPage":{"@id":"https:\/\/centro-cee.com\/web\/producto\/tecnico-auxiliar-de-odontologia-y-atencion-al-usuario-paciente\/#primaryimage"},"image":{"@id":"https:\/\/centro-cee.com\/web\/producto\/tecnico-auxiliar-de-odontologia-y-atencion-al-usuario-paciente\/#primaryimage"},"thumbnailUrl":"https:\/\/centro-cee.com\/web\/wp-content\/uploads\/2024\/12\/cSbGU3xgczkjFq44Rj18c.webp","datePublished":"2024-12-09T13:50:13+00:00","dateModified":"2026-03-13T17:03:41+00:00","description":"Desarrolla tus habilidades y mejora tus conocimientos con nuestra formaci\u00f3n de T\u00e9cnico Auxiliar De Odontolog\u00eda Y Atenci\u00f3n Al Usuario\/Paciente","breadcrumb":{"@id":"https:\/\/centro-cee.com\/web\/producto\/tecnico-auxiliar-de-odontologia-y-atencion-al-usuario-paciente\/#breadcrumb"},"inLanguage":"es","potentialAction":[{"@type":"ReadAction","target":["https:\/\/centro-cee.com\/web\/producto\/tecnico-auxiliar-de-odontologia-y-atencion-al-usuario-paciente\/"]}]},{"@type":"ImageObject","inLanguage":"es","@id":"https:\/\/centro-cee.com\/web\/producto\/tecnico-auxiliar-de-odontologia-y-atencion-al-usuario-paciente\/#primaryimage","url":"https:\/\/centro-cee.com\/web\/wp-content\/uploads\/2024\/12\/cSbGU3xgczkjFq44Rj18c.webp","contentUrl":"https:\/\/centro-cee.com\/web\/wp-content\/uploads\/2024\/12\/cSbGU3xgczkjFq44Rj18c.webp","width":1024,"height":1024,"caption":"T\u00e9cnico Auxiliar De Odontolog\u00eda Y Atenci\u00f3n Al Usuario\/Paciente"},{"@type":"BreadcrumbList","@id":"https:\/\/centro-cee.com\/web\/producto\/tecnico-auxiliar-de-odontologia-y-atencion-al-usuario-paciente\/#breadcrumb","itemListElement":[{"@type":"ListItem","position":1,"name":"Portada","item":"https:\/\/centro-cee.com\/web\/"},{"@type":"ListItem","position":2,"name":"T\u00e9cnico Auxiliar De Odontolog\u00eda Y Atenci\u00f3n Al Usuario\/Paciente"}]},{"@type":"WebSite","@id":"https:\/\/centro-cee.com\/web\/#website","url":"https:\/\/centro-cee.com\/web\/","name":"Centro Europeo E-learning","description":"CEE Formaci\u00f3n Online","publisher":{"@id":"https:\/\/centro-cee.com\/web\/#organization"},"alternateName":"Centro Online de Formaci\u00f3n","potentialAction":[{"@type":"SearchAction","target":{"@type":"EntryPoint","urlTemplate":"https:\/\/centro-cee.com\/web\/?s={search_term_string}"},"query-input":{"@type":"PropertyValueSpecification","valueRequired":true,"valueName":"search_term_string"}}],"inLanguage":"es"},{"@type":"Organization","@id":"https:\/\/centro-cee.com\/web\/#organization","name":"Centro Europeo E-learning CEE","url":"https:\/\/centro-cee.com\/web\/","logo":{"@type":"ImageObject","inLanguage":"es","@id":"https:\/\/centro-cee.com\/web\/#\/schema\/logo\/image\/","url":"https:\/\/centro-cee.com\/web\/wp-content\/uploads\/2022\/12\/cropped-logo_educa.png","contentUrl":"https:\/\/centro-cee.com\/web\/wp-content\/uploads\/2022\/12\/cropped-logo_educa.png","width":157,"height":63,"caption":"Centro Europeo E-learning CEE"},"image":{"@id":"https:\/\/centro-cee.com\/web\/#\/schema\/logo\/image\/"},"sameAs":["https:\/\/www.instagram.com\/centroeuropeo_cee"]}]}},"_links":{"self":[{"href":"https:\/\/centro-cee.com\/web\/wp-json\/wp\/v2\/product\/1837","targetHints":{"allow":["GET"]}}],"collection":[{"href":"https:\/\/centro-cee.com\/web\/wp-json\/wp\/v2\/product"}],"about":[{"href":"https:\/\/centro-cee.com\/web\/wp-json\/wp\/v2\/types\/product"}],"replies":[{"embeddable":true,"href":"https:\/\/centro-cee.com\/web\/wp-json\/wp\/v2\/comments?post=1837"}],"wp:featuredmedia":[{"embeddable":true,"href":"https:\/\/centro-cee.com\/web\/wp-json\/wp\/v2\/media\/1838"}],"wp:attachment":[{"href":"https:\/\/centro-cee.com\/web\/wp-json\/wp\/v2\/media?parent=1837"}],"wp:term":[{"taxonomy":"product_brand","embeddable":true,"href":"https:\/\/centro-cee.com\/web\/wp-json\/wp\/v2\/product_brand?post=1837"},{"taxonomy":"product_cat","embeddable":true,"href":"https:\/\/centro-cee.com\/web\/wp-json\/wp\/v2\/product_cat?post=1837"},{"taxonomy":"product_tag","embeddable":true,"href":"https:\/\/centro-cee.com\/web\/wp-json\/wp\/v2\/product_tag?post=1837"}],"curies":[{"name":"wp","href":"https:\/\/api.w.org\/{rel}","templated":true}]}}