{"id":1830,"date":"2024-12-09T13:32:51","date_gmt":"2024-12-09T13:32:51","guid":{"rendered":"https:\/\/centro-cee.com\/web\/?post_type=product&#038;p=1830"},"modified":"2024-12-12T13:08:52","modified_gmt":"2024-12-12T13:08:52","slug":"tecnico-de-operaciones-aeroportuarias-agente-de-handling","status":"publish","type":"product","link":"https:\/\/centro-cee.com\/web\/producto\/tecnico-de-operaciones-aeroportuarias-agente-de-handling\/","title":{"rendered":"T\u00e9cnico de operaciones aeroportuarias \u2013 Agente de handling"},"content":{"rendered":"<p><a href=\"https:\/\/centro-cee.com\/web\/formaciones\/\">Atr\u00e1s<\/a><\/p>\n<p><em><strong>T\u00e9cnico de operaciones aeroportuarias \u2013 Agente de handling<\/strong><\/em><\/p>\n<p>Toda esta informaci\u00f3n se realiza 100% online en nuestro campus online de formaci\u00f3n.<\/p>\n<p>Las tutor\u00edas se realizan directamente desde el campus de estudio con la opci\u00f3n de mensajer\u00eda a profesores. Las tutorias son \u201ca demanda\u201d, cuando necesites soporte nos lo pides.<\/p>\n<p>Los t\u00edtulos de Centro CEE est\u00e1n autenticados por la firma de notario que valida contenidos y autenticidad a nivel internacional. Nuestra organizaci\u00f3n pertenece a la Asociaci\u00f3n Espa\u00f1ola de Calidad, organizaci\u00f3n Espa\u00f1ola de referencia para la calidad\u00a0en la formaci\u00f3n de auxiliar de enfermer\u00eda. La certificaci\u00f3n se puede apostillar por la Haya para cualquier pa\u00eds firmante del convenio de la Haya.<\/p>\n<p>Se puede pagar a plazos.<\/p>\n<p>Carga horaria de la formaci\u00f3n: 300h<\/p>\n<p>&nbsp;<\/p>\n<h2>Temario<\/h2>\n<hr \/>\n<p>UNIDAD DIDACTICA 1. SERVICIO AL PASAJERO. LA COMUNICACI\u00d3N<br \/>\n1. La comunicaci\u00f3n.<br \/>\n2. &#8211; T\u00e9cnicas de comunicaci\u00f3n.<br \/>\n3. &#8211; An\u00e1lisis del proceso de comunicaci\u00f3n.<br \/>\n4. &#8211; Barreras.<br \/>\n5. &#8211; Tipolog\u00eda de cliente. Actuaci\u00f3n.<br \/>\n6. &#8211; Diferencias culturales: comportamiento b\u00e1sico.<br \/>\n7. Atenci\u00f3n al cliente.<br \/>\n8. Tratamiento de las quejas y reclamaciones.<br \/>\n9. Imagen y uniformidad.<br \/>\nUNIDAD DIDACTICA 2. COMPA\u00d1\u00cdA A\u00c9REA Y PASAJEROS<br \/>\n1. La compa\u00f1\u00eda a\u00e9rea.<br \/>\n2. Servicio de Handling.<br \/>\n3. &#8211; Handling de pasajeros.<br \/>\n4. &#8211; Handling de carga.<br \/>\n5. &#8211; Handling de rampa.<br \/>\n6. Clasificaci\u00f3n de pasajeros.<br \/>\n7. Pasajeros no admisibles al vuelo.<br \/>\n8. Beb\u00e9s\/Infantes. Limitaciones.<br \/>\n9. Pasajeros con movilidad reducida (PMR).<br \/>\n10. Otros pasajeros que requieren asistencia: BLND, DEAF, WCHC, WCHR, WCHS, DPNA, MAAS.<br \/>\n11. Pasajeros VIP.<br \/>\n12. &#8211; Viajeros frecuentes-Programas de fidelizaci\u00f3n.<br \/>\n13. &#8211; Alianzas.<br \/>\n14. &#8211; Salas VIP.<br \/>\n15. Pasajeros con irregularidades legales.<br \/>\nUNIDAD DIDACTICA 3. CONTROL DE SEGURIDAD Y EL EQUIPAJE<br \/>\n1. Franquicia.<br \/>\n2. Equipaje de mano.<br \/>\n3. Equipaje facturado.<br \/>\n4. Equipaje especial y aceptaci\u00f3n limitada.<br \/>\n5. &#8211; Equipaje deportivo.<br \/>\n6. &#8211; Armas.<br \/>\n7. &#8211; Animales dom\u00e9sticos.<br \/>\n8. Controles de seguridad.<br \/>\n9. Vuelos a EE.UU..<br \/>\nUNIDAD DIDACTICA 4. EL BILLETE<br \/>\n1. Acuerdos Interline.<br \/>\n2. Tarifas nacionales.<br \/>\n3. &#8211; Tipos de viaje.<br \/>\n4. &#8211; Tarifas dom\u00e9sticas.<br \/>\n5. Tarifas especiales e internacionales.<br \/>\n6. Tarifas p\u00fablicas vs. Privadas.<br \/>\nUNIDAD DIDACTICA 5. LA DOCUMENTACI\u00d3N<br \/>\n1. La documentaci\u00f3n.<br \/>\n2. &#8211; Documento nacional de identidad.<br \/>\n3. &#8211; Pasaporte.<br \/>\n4. &#8211; Visado.<br \/>\n5. Requisitos de entrada espec\u00edficos.<br \/>\nUNIDAD DIDACTICA 6. FACTURACI\u00d3N Y EMBARQUE. PROTOCOLO<br \/>\n1. Proceso y procedimiento de facturaci\u00f3n.<br \/>\n2. Acceso a la puerta de embarque.<br \/>\n3. Megafon\u00eda.<br \/>\n4. &#8211; Avi\u00f3n en finger.<br \/>\n5. &#8211; Avi\u00f3n en remoto.<br \/>\n6. &#8211; Otras llamadas.<br \/>\n7. Acceso a la aeronave.<br \/>\n8. &#8211; Por pasarela.<br \/>\n9. &#8211; En jardinera.<br \/>\n10. &#8211; A pie.<br \/>\n11. &#8211; Denegaci\u00f3n de embarque.<br \/>\n12. Cierre de embarque, entrega de documentaci\u00f3n y acciones post-vuelo.<br \/>\n13. Incidencias e irregularidades. Reglamento UE261\/2004.<br \/>\nUNIDAD DIDACTICA 7. LLEGADA E INCIDENCIAS<br \/>\n1. Desembarque y tr\u00e1nsitos.<br \/>\n2. Incidencias relativas a los pasajeros.<br \/>\n3. Incidencias relativas al equipaje.<br \/>\n4. &#8211; P\u00e9rdida o extrav\u00edo.<br \/>\n5. &#8211; Pir- Property Irregularity Report.<br \/>\n6. Absorci\u00f3n de gastos.<br \/>\nUNIDAD DIDACTICA 8. INSTITUCIONES RELACIONADAS CON LA NAVEGACI\u00d3N A\u00c9REA Y TR\u00c1FICO A\u00c9REO<br \/>\n1. Organizaciones y asociaciones internacionales.<br \/>\n2. &#8211; Organizaci\u00f3n de aviaci\u00f3n civil internacional (OACI).<br \/>\n3. &#8211; Conferencia europea de aviaci\u00f3n civil (CEAC).<br \/>\n4. &#8211; Eurocontrol.<br \/>\n5. &#8211; Uni\u00f3n Europea (UE).<br \/>\n6. &#8211; Civil Air Navigation Services Organization (CANSO).<br \/>\n7. &#8211; International Air Transport Association (IATA).<br \/>\n8. &#8211; Consejo Internacional de Aeropuertos (ACI).<br \/>\n9. &#8211; Otros Organismos Internacionales.<br \/>\n10. Organismos nacionales.<br \/>\n11. &#8211; Direcci\u00f3n General de Aviaci\u00f3n Civil.<br \/>\n12. &#8211; Comisi\u00f3n Interministerial Defensa-Transportes (CIDETRA).<br \/>\n13. &#8211; Comisi\u00f3n Interministerial de Pol\u00edtica Aeroespacial Internacional (CIPAI).<br \/>\n14. &#8211; Asociaci\u00f3n Espa\u00f1ola de Compa\u00f1\u00edas A\u00e9reas (AECA).<br \/>\n15. &#8211; Asociaci\u00f3n de L\u00edneas A\u00e9reas (ALA).<br \/>\n16. &#8211; Otros organismos.<br \/>\n17. Otros organismos -asociaciones.<br \/>\n18. &#8211; Aeropuertos Espa\u00f1oles y Navegaci\u00f3n A\u00e9rea (AENA).<br \/>\n19. &#8211; Agencia Estatal de Meteorolog\u00eda (AEMET).<br \/>\n20. &#8211; Otros: ACETA, SENASA,?<br \/>\nUNIDAD DIDACTICA 9. SIGLAS, C\u00d3DIGOS Y ALFABETO FON\u00c9TICO<br \/>\n1. C\u00f3digos IATA.<br \/>\n2. &#8211; Aeropuertos espa\u00f1oles.<br \/>\n3. &#8211; Aeropuertos internacionales.<br \/>\n4. C\u00f3digo OACI.<br \/>\n5. Matr\u00edculas de aeronaves de compa\u00f1\u00edas espa\u00f1olas.<br \/>\n6. Alfabeto fon\u00e9tico.<br \/>\n7. C\u00f3digos de aerol\u00edneas.<br \/>\n8. N\u00famero de vuelo.<br \/>\nUNIDAD DIDACTICA 10. HANDLING DE RAMPA<br \/>\n1. El avi\u00f3n.<br \/>\n2. &#8211; Componentes.<br \/>\n3. &#8211; Acciones de mantenimiento.<br \/>\n4. La circulaci\u00f3n por pista.<br \/>\n5. Procedimientos de salida de aviones.<br \/>\n6. Interpretaci\u00f3n de un informe Metar y Tafor.<br \/>\nUNIDAD DIDACTICA 11. HANDLING DE CARGA<br \/>\n1. Despacho de vuelo.<br \/>\n2. Hoja de carga y hoja de centrado.<br \/>\n3. ULD. Dispositivos unitarios de carga.<br \/>\n4. Estiba y centrado de la nave.<br \/>\n5. Seguridad: repostaje.<br \/>\nUNIDAD DIDACTICA 12. TRANSPORTE DE MERCANC\u00cdA<br \/>\n1. Reglamentaci\u00f3n.<br \/>\nUNIDAD DIDACTICA 13. PRIMEROS AUXILIOS<br \/>\n1. Primeros auxilios. Definici\u00f3n.<br \/>\n2. &#8211; Objetivos y l\u00edmites de los primeros auxilios.<br \/>\n3. Actuaci\u00f3n del primer interviniente.<br \/>\n4. RCP. Maniobra de Heimlich.<br \/>\n5. Transtornos cardiovasculares.<br \/>\n6. &#8211; Infarto.<br \/>\n7. &#8211; Angina de pecho.<br \/>\n8. &#8211; Parada cardiorrespiratoria.<br \/>\n9. Hemorragias y shock hipovol\u00e9mico.<br \/>\n10. Traumatismos.<br \/>\n11. Parto a bordo.<br \/>\n12. Electrocuci\u00f3n.<br \/>\n13. Trastornos por extremos de temperatura.<br \/>\n14. &#8211; Calambres.<br \/>\n15. &#8211; Agotamiento.<br \/>\n16. &#8211; Insolaci\u00f3n.<br \/>\n17. &#8211; Deshidrataci\u00f3n.<br \/>\n18. &#8211; Hipotermia.<br \/>\n19. El botiqu\u00edn m\u00e9dico.<\/p>\n<p><em><strong>T\u00e9cnico de operaciones aeroportuarias \u2013 Agente de handling<\/strong><\/em><\/p>\n<hr \/>\n","protected":false},"excerpt":{"rendered":"<p><a href=\"https:\/\/centro-cee.com\/web\/formaciones\/\">Atr\u00e1s<\/a><\/p>\n<p>Formate y especializate en TODOS los aspectos relacionados con los servicios que prestan las compa\u00f1ias a\u00e9reas a los viajeros, con contenidos actualizados.<br \/>\nLos medios de transporte representan una fuente de ingresos muy grande y que da empleo a miles de personas, concretamene las compa\u00f1ias a\u00e9reas son las que mas emplean.<br \/>\nCon esta formaci\u00f3n te prepararas en todos los aspectos que necesitas para acceder a ofertas laborales de este sector.<br \/>\nLa formaci\u00f3n obtenida es de alto nivel y con gran cantidad de contenidos que dotaran a las\/los alumnas\/os de unos conocimientos excelentes.<\/p>\n","protected":false},"featured_media":1834,"comment_status":"closed","ping_status":"closed","template":"","meta":[],"product_brand":[],"product_cat":[34],"product_tag":[1808,1811,1813,1810,1814,1807,1815,1812,1816,1809],"class_list":{"0":"post-1830","1":"product","2":"type-product","3":"status-publish","4":"has-post-thumbnail","6":"product_cat-tecnicos","7":"product_tag-agente-de-handling","8":"product_tag-asistencia-en-tierra","9":"product_tag-formacion-en-handling","10":"product_tag-gestion-aeroportuaria","11":"product_tag-logistica-aeroportuaria","12":"product_tag-operaciones-aeroportuarias","13":"product_tag-operaciones-de-carga-y-descarga","14":"product_tag-servicios-aeroportuarios","15":"product_tag-soporte-en-aeropuertos","16":"product_tag-tecnico-en-handling-aeroportuario","18":"first","19":"instock","20":"sale","21":"shipping-taxable","22":"purchasable","23":"product-type-simple"},"yoast_head":"<!-- This site is optimized with the Yoast SEO plugin v27.5 - https:\/\/yoast.com\/product\/yoast-seo-wordpress\/ -->\n<title>T\u00e9cnico de operaciones aeroportuarias \u2013 Agente de handling<\/title>\n<meta name=\"description\" content=\"Desarrolla tus habilidades y mejora tus conocimientos con nuestra formaci\u00f3n de T\u00e9cnico de operaciones aeroportuarias \u2013 Agente de handling\" \/>\n<meta name=\"robots\" content=\"index, follow, max-snippet:-1, max-image-preview:large, max-video-preview:-1\" \/>\n<link rel=\"canonical\" href=\"https:\/\/centro-cee.com\/web\/producto\/tecnico-de-operaciones-aeroportuarias-agente-de-handling\/\" \/>\n<meta property=\"og:locale\" content=\"es_ES\" \/>\n<meta property=\"og:type\" content=\"article\" \/>\n<meta property=\"og:title\" content=\"T\u00e9cnico de operaciones aeroportuarias \u2013 Agente de handling\" \/>\n<meta property=\"og:description\" content=\"Desarrolla tus habilidades y mejora tus conocimientos con nuestra formaci\u00f3n de T\u00e9cnico de operaciones aeroportuarias \u2013 Agente de handling\" \/>\n<meta property=\"og:url\" content=\"https:\/\/centro-cee.com\/web\/producto\/tecnico-de-operaciones-aeroportuarias-agente-de-handling\/\" \/>\n<meta property=\"og:site_name\" content=\"CEE Centro Europeo E-learning - Cursos online\" \/>\n<meta property=\"article:modified_time\" content=\"2024-12-12T13:08:52+00:00\" \/>\n<meta property=\"og:image\" content=\"https:\/\/centro-cee.com\/web\/wp-content\/uploads\/2024\/12\/Tecnico-de-Mantenimiento-Aeronautico-Formacion-Responsabilidades-Salario-y-Empleabilidad-Portada-620x420@2x.jpg\" \/>\n\t<meta property=\"og:image:width\" content=\"800\" \/>\n\t<meta property=\"og:image:height\" content=\"456\" \/>\n\t<meta property=\"og:image:type\" content=\"image\/jpeg\" \/>\n<meta name=\"twitter:card\" content=\"summary_large_image\" \/>\n<meta name=\"twitter:label1\" content=\"Tiempo de lectura\" \/>\n\t<meta name=\"twitter:data1\" content=\"5 minutos\" \/>\n<script type=\"application\/ld+json\" class=\"yoast-schema-graph\">{\"@context\":\"https:\\\/\\\/schema.org\",\"@graph\":[{\"@type\":\"WebPage\",\"@id\":\"https:\\\/\\\/centro-cee.com\\\/web\\\/producto\\\/tecnico-de-operaciones-aeroportuarias-agente-de-handling\\\/\",\"url\":\"https:\\\/\\\/centro-cee.com\\\/web\\\/producto\\\/tecnico-de-operaciones-aeroportuarias-agente-de-handling\\\/\",\"name\":\"T\u00e9cnico de operaciones aeroportuarias \u2013 Agente de handling\",\"isPartOf\":{\"@id\":\"https:\\\/\\\/centro-cee.com\\\/web\\\/#website\"},\"primaryImageOfPage\":{\"@id\":\"https:\\\/\\\/centro-cee.com\\\/web\\\/producto\\\/tecnico-de-operaciones-aeroportuarias-agente-de-handling\\\/#primaryimage\"},\"image\":{\"@id\":\"https:\\\/\\\/centro-cee.com\\\/web\\\/producto\\\/tecnico-de-operaciones-aeroportuarias-agente-de-handling\\\/#primaryimage\"},\"thumbnailUrl\":\"https:\\\/\\\/centro-cee.com\\\/web\\\/wp-content\\\/uploads\\\/2024\\\/12\\\/Tecnico-de-Mantenimiento-Aeronautico-Formacion-Responsabilidades-Salario-y-Empleabilidad-Portada-620x420@2x.jpg\",\"datePublished\":\"2024-12-09T13:32:51+00:00\",\"dateModified\":\"2024-12-12T13:08:52+00:00\",\"description\":\"Desarrolla tus habilidades y mejora tus conocimientos con nuestra formaci\u00f3n de T\u00e9cnico de operaciones aeroportuarias \u2013 Agente de handling\",\"breadcrumb\":{\"@id\":\"https:\\\/\\\/centro-cee.com\\\/web\\\/producto\\\/tecnico-de-operaciones-aeroportuarias-agente-de-handling\\\/#breadcrumb\"},\"inLanguage\":\"es\",\"potentialAction\":[{\"@type\":\"ReadAction\",\"target\":[\"https:\\\/\\\/centro-cee.com\\\/web\\\/producto\\\/tecnico-de-operaciones-aeroportuarias-agente-de-handling\\\/\"]}]},{\"@type\":\"ImageObject\",\"inLanguage\":\"es\",\"@id\":\"https:\\\/\\\/centro-cee.com\\\/web\\\/producto\\\/tecnico-de-operaciones-aeroportuarias-agente-de-handling\\\/#primaryimage\",\"url\":\"https:\\\/\\\/centro-cee.com\\\/web\\\/wp-content\\\/uploads\\\/2024\\\/12\\\/Tecnico-de-Mantenimiento-Aeronautico-Formacion-Responsabilidades-Salario-y-Empleabilidad-Portada-620x420@2x.jpg\",\"contentUrl\":\"https:\\\/\\\/centro-cee.com\\\/web\\\/wp-content\\\/uploads\\\/2024\\\/12\\\/Tecnico-de-Mantenimiento-Aeronautico-Formacion-Responsabilidades-Salario-y-Empleabilidad-Portada-620x420@2x.jpg\",\"width\":800,\"height\":456,\"caption\":\"T\u00e9cnico de operaciones aeroportuarias \u2013 Agente de handling\"},{\"@type\":\"BreadcrumbList\",\"@id\":\"https:\\\/\\\/centro-cee.com\\\/web\\\/producto\\\/tecnico-de-operaciones-aeroportuarias-agente-de-handling\\\/#breadcrumb\",\"itemListElement\":[{\"@type\":\"ListItem\",\"position\":1,\"name\":\"Portada\",\"item\":\"https:\\\/\\\/centro-cee.com\\\/web\\\/\"},{\"@type\":\"ListItem\",\"position\":2,\"name\":\"T\u00e9cnico de operaciones aeroportuarias \u2013 Agente de handling\"}]},{\"@type\":\"WebSite\",\"@id\":\"https:\\\/\\\/centro-cee.com\\\/web\\\/#website\",\"url\":\"https:\\\/\\\/centro-cee.com\\\/web\\\/\",\"name\":\"Centro Europeo E-learning\",\"description\":\"CEE Formaci\u00f3n Online\",\"publisher\":{\"@id\":\"https:\\\/\\\/centro-cee.com\\\/web\\\/#organization\"},\"alternateName\":\"Centro Online de Formaci\u00f3n\",\"potentialAction\":[{\"@type\":\"SearchAction\",\"target\":{\"@type\":\"EntryPoint\",\"urlTemplate\":\"https:\\\/\\\/centro-cee.com\\\/web\\\/?s={search_term_string}\"},\"query-input\":{\"@type\":\"PropertyValueSpecification\",\"valueRequired\":true,\"valueName\":\"search_term_string\"}}],\"inLanguage\":\"es\"},{\"@type\":\"Organization\",\"@id\":\"https:\\\/\\\/centro-cee.com\\\/web\\\/#organization\",\"name\":\"Centro Europeo E-learning CEE\",\"url\":\"https:\\\/\\\/centro-cee.com\\\/web\\\/\",\"logo\":{\"@type\":\"ImageObject\",\"inLanguage\":\"es\",\"@id\":\"https:\\\/\\\/centro-cee.com\\\/web\\\/#\\\/schema\\\/logo\\\/image\\\/\",\"url\":\"https:\\\/\\\/centro-cee.com\\\/web\\\/wp-content\\\/uploads\\\/2022\\\/12\\\/cropped-logo_educa.png\",\"contentUrl\":\"https:\\\/\\\/centro-cee.com\\\/web\\\/wp-content\\\/uploads\\\/2022\\\/12\\\/cropped-logo_educa.png\",\"width\":157,\"height\":63,\"caption\":\"Centro Europeo E-learning CEE\"},\"image\":{\"@id\":\"https:\\\/\\\/centro-cee.com\\\/web\\\/#\\\/schema\\\/logo\\\/image\\\/\"},\"sameAs\":[\"https:\\\/\\\/www.instagram.com\\\/centroeuropeo_cee\"]}]}<\/script>\n<!-- \/ Yoast SEO plugin. -->","yoast_head_json":{"title":"T\u00e9cnico de operaciones aeroportuarias \u2013 Agente de handling","description":"Desarrolla tus habilidades y mejora tus conocimientos con nuestra formaci\u00f3n de T\u00e9cnico de operaciones aeroportuarias \u2013 Agente de handling","robots":{"index":"index","follow":"follow","max-snippet":"max-snippet:-1","max-image-preview":"max-image-preview:large","max-video-preview":"max-video-preview:-1"},"canonical":"https:\/\/centro-cee.com\/web\/producto\/tecnico-de-operaciones-aeroportuarias-agente-de-handling\/","og_locale":"es_ES","og_type":"article","og_title":"T\u00e9cnico de operaciones aeroportuarias \u2013 Agente de handling","og_description":"Desarrolla tus habilidades y mejora tus conocimientos con nuestra formaci\u00f3n de T\u00e9cnico de operaciones aeroportuarias \u2013 Agente de handling","og_url":"https:\/\/centro-cee.com\/web\/producto\/tecnico-de-operaciones-aeroportuarias-agente-de-handling\/","og_site_name":"CEE Centro Europeo E-learning - Cursos online","article_modified_time":"2024-12-12T13:08:52+00:00","og_image":[{"width":800,"height":456,"url":"https:\/\/centro-cee.com\/web\/wp-content\/uploads\/2024\/12\/Tecnico-de-Mantenimiento-Aeronautico-Formacion-Responsabilidades-Salario-y-Empleabilidad-Portada-620x420@2x.jpg","type":"image\/jpeg"}],"twitter_card":"summary_large_image","twitter_misc":{"Tiempo de lectura":"5 minutos"},"schema":{"@context":"https:\/\/schema.org","@graph":[{"@type":"WebPage","@id":"https:\/\/centro-cee.com\/web\/producto\/tecnico-de-operaciones-aeroportuarias-agente-de-handling\/","url":"https:\/\/centro-cee.com\/web\/producto\/tecnico-de-operaciones-aeroportuarias-agente-de-handling\/","name":"T\u00e9cnico de operaciones aeroportuarias \u2013 Agente de handling","isPartOf":{"@id":"https:\/\/centro-cee.com\/web\/#website"},"primaryImageOfPage":{"@id":"https:\/\/centro-cee.com\/web\/producto\/tecnico-de-operaciones-aeroportuarias-agente-de-handling\/#primaryimage"},"image":{"@id":"https:\/\/centro-cee.com\/web\/producto\/tecnico-de-operaciones-aeroportuarias-agente-de-handling\/#primaryimage"},"thumbnailUrl":"https:\/\/centro-cee.com\/web\/wp-content\/uploads\/2024\/12\/Tecnico-de-Mantenimiento-Aeronautico-Formacion-Responsabilidades-Salario-y-Empleabilidad-Portada-620x420@2x.jpg","datePublished":"2024-12-09T13:32:51+00:00","dateModified":"2024-12-12T13:08:52+00:00","description":"Desarrolla tus habilidades y mejora tus conocimientos con nuestra formaci\u00f3n de T\u00e9cnico de operaciones aeroportuarias \u2013 Agente de handling","breadcrumb":{"@id":"https:\/\/centro-cee.com\/web\/producto\/tecnico-de-operaciones-aeroportuarias-agente-de-handling\/#breadcrumb"},"inLanguage":"es","potentialAction":[{"@type":"ReadAction","target":["https:\/\/centro-cee.com\/web\/producto\/tecnico-de-operaciones-aeroportuarias-agente-de-handling\/"]}]},{"@type":"ImageObject","inLanguage":"es","@id":"https:\/\/centro-cee.com\/web\/producto\/tecnico-de-operaciones-aeroportuarias-agente-de-handling\/#primaryimage","url":"https:\/\/centro-cee.com\/web\/wp-content\/uploads\/2024\/12\/Tecnico-de-Mantenimiento-Aeronautico-Formacion-Responsabilidades-Salario-y-Empleabilidad-Portada-620x420@2x.jpg","contentUrl":"https:\/\/centro-cee.com\/web\/wp-content\/uploads\/2024\/12\/Tecnico-de-Mantenimiento-Aeronautico-Formacion-Responsabilidades-Salario-y-Empleabilidad-Portada-620x420@2x.jpg","width":800,"height":456,"caption":"T\u00e9cnico de operaciones aeroportuarias \u2013 Agente de handling"},{"@type":"BreadcrumbList","@id":"https:\/\/centro-cee.com\/web\/producto\/tecnico-de-operaciones-aeroportuarias-agente-de-handling\/#breadcrumb","itemListElement":[{"@type":"ListItem","position":1,"name":"Portada","item":"https:\/\/centro-cee.com\/web\/"},{"@type":"ListItem","position":2,"name":"T\u00e9cnico de operaciones aeroportuarias \u2013 Agente de handling"}]},{"@type":"WebSite","@id":"https:\/\/centro-cee.com\/web\/#website","url":"https:\/\/centro-cee.com\/web\/","name":"Centro Europeo E-learning","description":"CEE Formaci\u00f3n Online","publisher":{"@id":"https:\/\/centro-cee.com\/web\/#organization"},"alternateName":"Centro Online de Formaci\u00f3n","potentialAction":[{"@type":"SearchAction","target":{"@type":"EntryPoint","urlTemplate":"https:\/\/centro-cee.com\/web\/?s={search_term_string}"},"query-input":{"@type":"PropertyValueSpecification","valueRequired":true,"valueName":"search_term_string"}}],"inLanguage":"es"},{"@type":"Organization","@id":"https:\/\/centro-cee.com\/web\/#organization","name":"Centro Europeo E-learning CEE","url":"https:\/\/centro-cee.com\/web\/","logo":{"@type":"ImageObject","inLanguage":"es","@id":"https:\/\/centro-cee.com\/web\/#\/schema\/logo\/image\/","url":"https:\/\/centro-cee.com\/web\/wp-content\/uploads\/2022\/12\/cropped-logo_educa.png","contentUrl":"https:\/\/centro-cee.com\/web\/wp-content\/uploads\/2022\/12\/cropped-logo_educa.png","width":157,"height":63,"caption":"Centro Europeo E-learning CEE"},"image":{"@id":"https:\/\/centro-cee.com\/web\/#\/schema\/logo\/image\/"},"sameAs":["https:\/\/www.instagram.com\/centroeuropeo_cee"]}]}},"_links":{"self":[{"href":"https:\/\/centro-cee.com\/web\/wp-json\/wp\/v2\/product\/1830","targetHints":{"allow":["GET"]}}],"collection":[{"href":"https:\/\/centro-cee.com\/web\/wp-json\/wp\/v2\/product"}],"about":[{"href":"https:\/\/centro-cee.com\/web\/wp-json\/wp\/v2\/types\/product"}],"replies":[{"embeddable":true,"href":"https:\/\/centro-cee.com\/web\/wp-json\/wp\/v2\/comments?post=1830"}],"wp:featuredmedia":[{"embeddable":true,"href":"https:\/\/centro-cee.com\/web\/wp-json\/wp\/v2\/media\/1834"}],"wp:attachment":[{"href":"https:\/\/centro-cee.com\/web\/wp-json\/wp\/v2\/media?parent=1830"}],"wp:term":[{"taxonomy":"product_brand","embeddable":true,"href":"https:\/\/centro-cee.com\/web\/wp-json\/wp\/v2\/product_brand?post=1830"},{"taxonomy":"product_cat","embeddable":true,"href":"https:\/\/centro-cee.com\/web\/wp-json\/wp\/v2\/product_cat?post=1830"},{"taxonomy":"product_tag","embeddable":true,"href":"https:\/\/centro-cee.com\/web\/wp-json\/wp\/v2\/product_tag?post=1830"}],"curies":[{"name":"wp","href":"https:\/\/api.w.org\/{rel}","templated":true}]}}