{"id":1797,"date":"2024-11-19T13:00:44","date_gmt":"2024-11-19T13:00:44","guid":{"rendered":"https:\/\/centro-cee.com\/web\/?post_type=product&#038;p=1797"},"modified":"2026-03-13T17:03:49","modified_gmt":"2026-03-13T17:03:49","slug":"especialista-en-recuperacion-de-patologias-cronicas-articulares","status":"publish","type":"product","link":"https:\/\/centro-cee.com\/web\/producto\/especialista-en-recuperacion-de-patologias-cronicas-articulares\/","title":{"rendered":"Especialista en recuperaci\u00f3n de patolog\u00edas cr\u00f3nicas articulares"},"content":{"rendered":"<p><a href=\"https:\/\/centro-cee.com\/web\/formaciones\/\">Atr\u00e1s<\/a><\/p>\n<p><em><strong>Especialista en recuperaci\u00f3n de patolog\u00edas cr\u00f3nicas articulares<\/strong><\/em><\/p>\n<p>Toda esta informaci\u00f3n se realiza 100% online en nuestro campus online de formaci\u00f3n.<\/p>\n<p>Las tutor\u00edas se realizan directamente desde el campus de estudio con la opci\u00f3n de mensajer\u00eda a profesores. Las tutorias son \u201ca demanda\u201d, cuando necesites soporte nos lo pides.<\/p>\n<p>Los t\u00edtulos de Centro CEE est\u00e1n autenticados por la firma de notario que valida contenidos y autenticidad a nivel internacional. Nuestra organizaci\u00f3n pertenece a la Asociaci\u00f3n Espa\u00f1ola de Calidad, organizaci\u00f3n Espa\u00f1ola de referencia para la calidad\u00a0en la formaci\u00f3n de auxiliar de enfermer\u00eda. La certificaci\u00f3n se puede apostillar por la Haya para cualquier pa\u00eds firmante del convenio de la Haya.<\/p>\n<p>Se puede pagar a plazos.<\/p>\n<p>Carga horaria de la formaci\u00f3n: 250h<\/p>\n<p>&nbsp;<\/p>\n<h2>Temario<\/h2>\n<hr \/>\n<p>1. M\u00d3DULO 1. TRASTORNOS DEL MOVIMIENTO Y AFECTACIONES REUMATOL\u00d3GICAS<br \/>\nUNIDAD DID\u00c1CTICA 1. PATOLOG\u00cdAS CR\u00d3NICAS ARTICULARES EN MAYORES<br \/>\n1. Afecciones reumatol\u00f3gicas en el anciano<br \/>\n2. &#8211; Patolog\u00eda articular<br \/>\n3. &#8211; Patolog\u00edas yuxtaarticular y extraarticular<br \/>\n4. &#8211; Patolog\u00edas Oseas<br \/>\n5. Artrosis<br \/>\n6. &#8211; Manifestaciones cl\u00ednicas<br \/>\n7. &#8211; Tratamiento<br \/>\n8. &#8211; Relaci\u00f3n entre artrosis y osteoporosis<br \/>\n9. Hombro doloroso<br \/>\nUNIDAD DID\u00c1CTICA 2. PATOLOG\u00cdAS CR\u00d3NICAS ARTICULARES EN MAYORES II<br \/>\n1. Amiloidosis<br \/>\n2. &#8211; Manifestaciones cl\u00ednicas<br \/>\n3. &#8211; Diagn\u00f3stico<br \/>\n4. Policondritis Recidivante<br \/>\n5. &#8211; Manifestaciones cl\u00ednicas<br \/>\n6. &#8211; Diagnostico<br \/>\n7. Artropat\u00eda neurop\u00e1tica o de Charcot<br \/>\n8. &#8211; Manifestaciones cl\u00ednicas<br \/>\n9. &#8211; Diagn\u00f3stico<br \/>\n10. Osteoartropat\u00eda hipertr\u00f3fica<br \/>\n11. &#8211; Manifestaciones cl\u00ednicas<br \/>\n12. &#8211; Diagn\u00f3stico<br \/>\n13. Fibromialgia<br \/>\n14. Polimialgia reum\u00e1tica<br \/>\n15. &#8211; Manifestaciones cl\u00ednicas<br \/>\n16. &#8211; Diagn\u00f3stico<br \/>\nUNIDAD DID\u00c1CTICA 3. HIGIENE POSTURAL DE LA COLUMNA VERTEBRAL<br \/>\n1. Dolores de espalda en la tercera edad<br \/>\n2. &#8211; \u00bfQue aumenta el riesgo de padecer dolores de espalda en la tercera edad?<br \/>\n3. Alteraciones particulares<br \/>\n4. Biomec\u00e1nica de la columna vertebral<br \/>\n5. &#8211; Fractura de columna<br \/>\n6. &#8211; Tratamiento fractura de columna<br \/>\n7. Reglas b\u00e1sicas de ergonom\u00eda postural y cervical<br \/>\n8. &#8211; Control postural en el anciano<br \/>\n9. Higiene postural dorso-lumbar<br \/>\nUNIDAD DID\u00c1CTICA 4. TRASTORNOS DEL MOVIMIENTO Y DE LA MARCHA<br \/>\n1. Distinci\u00f3n entre el envejecimiento fisiol\u00f3gico y los trastornos de marcha y del movimiento<br \/>\n2. Trastornos de la marcha<br \/>\n3. &#8211; Ca\u00eddas<br \/>\n4. Diagn\u00f3stico y manejo de las alteraciones de la marcha<br \/>\n5. &#8211; Observar la postura y marcha<br \/>\n6. &#8211; Tono muscular<br \/>\n7. &#8211; Fuerza muscular<br \/>\n8. &#8211; Coordinaci\u00f3n de los movimientos (taxia)<br \/>\n9. Trastornos del movimiento<br \/>\n10. Trastornos del movimiento asociados a otras enfermedades neurodegenerativas en el anciano<br \/>\n11. Consideraciones en cuanto a manejo y tratamiento de los trastornos del movimiento en el anciano<br \/>\nUNIDAD DID\u00c1CTICA 5. EL TEMBLOR EN EL PACIENTE GERI\u00c1TRICO<br \/>\n1. Generalidades<br \/>\n2. Aspectos etiol\u00f3gicos y cl\u00ednicos de los temblores m\u00e1s frecuentes<br \/>\n3. Aspectos del diagn\u00f3stico y diagn\u00f3stico diferencial del temblor<br \/>\n4. Criterios de interconsulta con especialistas<br \/>\n5. Tratamiento del temblor<br \/>\nUNIDAD DID\u00c1CTICA 6. INMOVILISMO DEL ANCIANO<br \/>\n1. Introducci\u00f3n<br \/>\n2. Movilizaci\u00f3n geri\u00e1trica<br \/>\n3. Causas o factores determinantes de la inmovilidad<br \/>\n4. Consecuencias de la inmovilidad prolongada<br \/>\n5. Actitudes y manejo de la inmovilidad en el anciano<br \/>\n6. Niveles de actuaci\u00f3n<br \/>\nUNIDAD DID\u00c1CTICA 7. CA\u00cdDAS EN EL ANCIANO<br \/>\n1. Introducci\u00f3n<br \/>\n2. \u00bfQu\u00e9 son la inestabilidad y las ca\u00eddas?<br \/>\n3. Importancia y repercusi\u00f3n de las ca\u00eddas<br \/>\n4. Causas de las ca\u00eddas en el anciano y factores predisponentes<br \/>\n5. Traumatolog\u00eda en el anciano<br \/>\n6. M\u00d3DULO 2. REHABILITACI\u00d3N EN PERSONAS MAYORES<br \/>\nUNIDAD DID\u00c1CTICA 8. AYUDAS T\u00c9CNICAS<br \/>\n1. Medios auxiliares<br \/>\n2. Ortesis<br \/>\n3. &#8211; Ortesis de tronco<br \/>\n4. &#8211; Ortesis de la extremidad superior<br \/>\n5. &#8211; Ortesis de la extremidad inferior<br \/>\n6. Pr\u00f3tesis<br \/>\n7. &#8211; Pr\u00f3tesis de la extremidad superior<br \/>\n8. &#8211; Pr\u00f3tesis de la extremidad inferior<br \/>\n9. Cuidado mediante silla de ruedas<br \/>\n10. Vendajes<br \/>\n11. &#8211; Vendajes de heridas<br \/>\n12. &#8211; Vendajes contentivos ligeros<br \/>\n13. &#8211; Vendajes contentivos circulares<br \/>\n14. &#8211; Vendajes adhesivos<br \/>\n15. &#8211; Vendajes de fijaci\u00f3n<br \/>\n16. &#8211; Vendajes de yeso y pl\u00e1stico<br \/>\nUNIDAD DID\u00c1CTICA 9. PRINCIPALES PATOLOG\u00cdAS SUSCEPTIBLES DE REHABILITACI\u00d3N<br \/>\n1. Introducci\u00f3n a la rehabilitaci\u00f3n<br \/>\n2. Artritis<br \/>\n3. Mano reum\u00e1tica<br \/>\n4. &#8211; Tratamiento rehabilitador de la mano reum\u00e1tica<br \/>\n5. Artrosis<br \/>\n6. &#8211; Tratamientos de rehabilitaci\u00f3n<br \/>\n7. Osteoporosis<br \/>\n8. &#8211; Tratamiento de la osteoporosis<br \/>\n9. Fracturas<br \/>\n10. &#8211; Generalidades del tratamiento rehabilitador<br \/>\nUNIDAD DID\u00c1CTICA 10. TERAPIAS ALTERNATIVAS REHABILITADORAS<br \/>\n1. Ventajas de las terapias alternativas<br \/>\n2. Yoga<br \/>\n3. &#8211; Beneficios del yoga en las personas mayores<br \/>\n4. &#8211; Posiciones m\u00e1s adecuadas para los ancianos<br \/>\n5. &#8211; Criterios de aplicaci\u00f3n metodol\u00f3gica y estrategias did\u00e1cticas individualizadas y en grupo de instrucci\u00f3n de actividades de Yoga<br \/>\n6. Pilates<br \/>\n7. &#8211; Beneficios del Pilates en personas mayores<br \/>\n8. &#8211; Pilates y patolog\u00edas tratables<br \/>\n9. Musicoterapia<br \/>\n10. &#8211; Musicoterapia y geriatr\u00eda<br \/>\n11. M\u00d3DULO 3. APLICACI\u00d3N DE LA ACTIVIDAD F\u00cdSICA A LA TERCERA EDAD<br \/>\nUNIDAD DID\u00c1CTICA 11. ACTIVIDAD F\u00cdSICA Y SU IMPORTANCIA EN EL ENVEJECIMIENTO<br \/>\n1. Ejercicio f\u00edsico y envejecimiento<br \/>\n2. Importancia de la actividad f\u00edsica<br \/>\n3. Prevenci\u00f3n en la actividad f\u00edsica<br \/>\n4. Ventajas del ejercicio f\u00edsico<br \/>\n5. Tipos de ejercicios recomendados seg\u00fan el perfil<br \/>\n6. &#8211; Recomendaciones generales<br \/>\n7. &#8211; Contraindicaciones<br \/>\nUNIDAD DID\u00c1CTICA 12. ACTIVIDADES F\u00cdSICAS<br \/>\n1. Ejercicios para la cabeza y el cuello<br \/>\n2. Ejercicios para los hombros<br \/>\n3. Ejercicios para las manos<br \/>\n4. Ejercicios para los pies<br \/>\n5. Ejercicios para las piernas<br \/>\n6. Otras actividades<\/p>\n<p>PRIMEROS AUXILIOS<br \/>\n1. LOS PRIMEROS AUXILIOS. EL BOTIQU\u00cdN<br \/>\n1.1. Deber de atender<br \/>\n1.2. PAS<br \/>\n1.3. Principios generales en primeros auxilios<br \/>\n1.4. El botiqu\u00edn  <\/p>\n<p>2. RCP B\u00c1SICA Y MANIOBRA DE HEIMLICH<br \/>\n2.1. La parada cardio-respiratoria<br \/>\n    2.2. RCP en ni\u00f1os<br \/>\n2.3. La maniobra de Heimlich<br \/>\n2.4. Obstrucci\u00f3n de las v\u00edas a\u00e9reas <\/p>\n<p>3. PRIMEROS AUXILIOS EN DIFERENTES SITUACIONES<br \/>\n3.1. Ahogamiento<br \/>\n3.2. Heridas y hemorragias<br \/>\n3.3. Quemaduras<br \/>\n    3.4. Intoxicaciones<br \/>\n3.5. Traumatismos<br \/>\n3.6. Mordeduras y picaduras <\/p>\n<p>4. SIGNOS DE ALARMA<br \/>\n4.1. Las reacciones al\u00e9rgicas<br \/>\n4.2. Golpe de calor<br \/>\n4.3. S\u00edncope<br \/>\n4.4. Lipotimias<br \/>\n4.5. Convulsiones<br \/>\n4.6. Hipoglucemia <\/p>\n<p><em><strong>Especialista en recuperaci\u00f3n de patolog\u00edas cr\u00f3nicas articulares<\/strong><\/em><\/p>\n<hr \/>\n","protected":false},"excerpt":{"rendered":"<p><a href=\"https:\/\/centro-cee.com\/web\/formaciones\/\">Atr\u00e1s<\/a><\/p>\n<p>A lo largo de esta formaci\u00f3n, te ense\u00f1aremos a promover pr\u00e1cticas y h\u00e1bitos destinados a mejorar los aspectos relacionados con la recuperaci\u00f3n de Patolog\u00edas Cr\u00f3nicas Articulares en Mayores + Primeros Auxilios. Dentro de la especialidad de la geriatr\u00eda se dedicara a una de las dolencias m\u00e1s habituales en personas mayores, ya que las articulaciones con la edad se vuelven puntos vulnerables del cuerpo humano. Con  esta formaci\u00f3n vas a aprender lo necesario para poder ayudar a la recuperaci\u00f3n de esas patolog\u00edas, ya que te formaras en el conocimiento de las patolog\u00edas m\u00e1s usuales, para enfermos cr\u00f3nicos, con temblores o inmovilismo, pero con ello tambi\u00e9n  aprender\u00e1s lo relacionado a las terapias alternativas rehabilitadoras y la aplicaci\u00f3n de actividades f\u00edsicas.<\/p>\n","protected":false},"featured_media":1798,"comment_status":"closed","ping_status":"closed","template":"","meta":[],"product_brand":[],"product_cat":[2046,34],"product_tag":[1804,1800,1802,1801,1787,1803,1799,1806,1805,1788],"class_list":{"0":"post-1797","1":"product","2":"type-product","3":"status-publish","4":"has-post-thumbnail","6":"product_cat-cursos-salud","7":"product_cat-tecnicos","8":"product_tag-cuidados-articulares","9":"product_tag-especialista-en-patologias-cronicas","10":"product_tag-fisioterapia-para-articulaciones","11":"product_tag-manejo-de-enfermedades-musculoesqueleticas","12":"product_tag-recuperacion-de-patologias-articulares","13":"product_tag-recuperacion-funcional","14":"product_tag-rehabilitacion-de-articulaciones","15":"product_tag-salud-y-movilidad-articular","16":"product_tag-tratamiento-de-afecciones-cronicas","17":"product_tag-tratamiento-de-enfermedades-articulares-cronicas","19":"first","20":"instock","21":"sale","22":"shipping-taxable","23":"purchasable","24":"product-type-simple"},"yoast_head":"<!-- This site is optimized with the Yoast SEO plugin v27.4 - https:\/\/yoast.com\/product\/yoast-seo-wordpress\/ -->\n<title>Especialista en recuperaci\u00f3n de patolog\u00edas cr\u00f3nicas articulares<\/title>\n<meta name=\"description\" content=\"Desarrolla tus habilidades y mejora tus conocimientos con nuestra formaci\u00f3n de Especialista en recuperaci\u00f3n de patolog\u00edas cr\u00f3nicas articulares\" \/>\n<meta name=\"robots\" content=\"index, follow, max-snippet:-1, max-image-preview:large, max-video-preview:-1\" \/>\n<link rel=\"canonical\" href=\"https:\/\/centro-cee.com\/web\/producto\/especialista-en-recuperacion-de-patologias-cronicas-articulares\/\" \/>\n<meta property=\"og:locale\" content=\"es_ES\" \/>\n<meta property=\"og:type\" content=\"article\" \/>\n<meta property=\"og:title\" content=\"Especialista en recuperaci\u00f3n de patolog\u00edas cr\u00f3nicas articulares\" \/>\n<meta property=\"og:description\" content=\"Desarrolla tus habilidades y mejora tus conocimientos con nuestra formaci\u00f3n de Especialista en recuperaci\u00f3n de patolog\u00edas cr\u00f3nicas articulares\" \/>\n<meta property=\"og:url\" content=\"https:\/\/centro-cee.com\/web\/producto\/especialista-en-recuperacion-de-patologias-cronicas-articulares\/\" \/>\n<meta property=\"og:site_name\" content=\"CEE Centro Europeo E-learning - Cursos online\" \/>\n<meta property=\"article:modified_time\" content=\"2026-03-13T17:03:49+00:00\" \/>\n<meta property=\"og:image\" content=\"https:\/\/centro-cee.com\/web\/wp-content\/uploads\/2024\/11\/awd2131.png\" \/>\n\t<meta property=\"og:image:width\" content=\"700\" \/>\n\t<meta property=\"og:image:height\" content=\"465\" \/>\n\t<meta property=\"og:image:type\" content=\"image\/png\" \/>\n<meta name=\"twitter:card\" content=\"summary_large_image\" \/>\n<meta name=\"twitter:label1\" content=\"Tiempo de lectura\" \/>\n\t<meta name=\"twitter:data1\" content=\"2 minutos\" \/>\n<script type=\"application\/ld+json\" class=\"yoast-schema-graph\">{\"@context\":\"https:\\\/\\\/schema.org\",\"@graph\":[{\"@type\":\"WebPage\",\"@id\":\"https:\\\/\\\/centro-cee.com\\\/web\\\/producto\\\/especialista-en-recuperacion-de-patologias-cronicas-articulares\\\/\",\"url\":\"https:\\\/\\\/centro-cee.com\\\/web\\\/producto\\\/especialista-en-recuperacion-de-patologias-cronicas-articulares\\\/\",\"name\":\"Especialista en recuperaci\u00f3n de patolog\u00edas cr\u00f3nicas articulares\",\"isPartOf\":{\"@id\":\"https:\\\/\\\/centro-cee.com\\\/web\\\/#website\"},\"primaryImageOfPage\":{\"@id\":\"https:\\\/\\\/centro-cee.com\\\/web\\\/producto\\\/especialista-en-recuperacion-de-patologias-cronicas-articulares\\\/#primaryimage\"},\"image\":{\"@id\":\"https:\\\/\\\/centro-cee.com\\\/web\\\/producto\\\/especialista-en-recuperacion-de-patologias-cronicas-articulares\\\/#primaryimage\"},\"thumbnailUrl\":\"https:\\\/\\\/centro-cee.com\\\/web\\\/wp-content\\\/uploads\\\/2024\\\/11\\\/awd2131.png\",\"datePublished\":\"2024-11-19T13:00:44+00:00\",\"dateModified\":\"2026-03-13T17:03:49+00:00\",\"description\":\"Desarrolla tus habilidades y mejora tus conocimientos con nuestra formaci\u00f3n de Especialista en recuperaci\u00f3n de patolog\u00edas cr\u00f3nicas articulares\",\"breadcrumb\":{\"@id\":\"https:\\\/\\\/centro-cee.com\\\/web\\\/producto\\\/especialista-en-recuperacion-de-patologias-cronicas-articulares\\\/#breadcrumb\"},\"inLanguage\":\"es\",\"potentialAction\":[{\"@type\":\"ReadAction\",\"target\":[\"https:\\\/\\\/centro-cee.com\\\/web\\\/producto\\\/especialista-en-recuperacion-de-patologias-cronicas-articulares\\\/\"]}]},{\"@type\":\"ImageObject\",\"inLanguage\":\"es\",\"@id\":\"https:\\\/\\\/centro-cee.com\\\/web\\\/producto\\\/especialista-en-recuperacion-de-patologias-cronicas-articulares\\\/#primaryimage\",\"url\":\"https:\\\/\\\/centro-cee.com\\\/web\\\/wp-content\\\/uploads\\\/2024\\\/11\\\/awd2131.png\",\"contentUrl\":\"https:\\\/\\\/centro-cee.com\\\/web\\\/wp-content\\\/uploads\\\/2024\\\/11\\\/awd2131.png\",\"width\":700,\"height\":465,\"caption\":\"persona en hospital\"},{\"@type\":\"BreadcrumbList\",\"@id\":\"https:\\\/\\\/centro-cee.com\\\/web\\\/producto\\\/especialista-en-recuperacion-de-patologias-cronicas-articulares\\\/#breadcrumb\",\"itemListElement\":[{\"@type\":\"ListItem\",\"position\":1,\"name\":\"Portada\",\"item\":\"https:\\\/\\\/centro-cee.com\\\/web\\\/\"},{\"@type\":\"ListItem\",\"position\":2,\"name\":\"Especialista en recuperaci\u00f3n de patolog\u00edas cr\u00f3nicas articulares\"}]},{\"@type\":\"WebSite\",\"@id\":\"https:\\\/\\\/centro-cee.com\\\/web\\\/#website\",\"url\":\"https:\\\/\\\/centro-cee.com\\\/web\\\/\",\"name\":\"Centro Europeo E-learning\",\"description\":\"CEE Formaci\u00f3n Online\",\"publisher\":{\"@id\":\"https:\\\/\\\/centro-cee.com\\\/web\\\/#organization\"},\"alternateName\":\"Centro Online de Formaci\u00f3n\",\"potentialAction\":[{\"@type\":\"SearchAction\",\"target\":{\"@type\":\"EntryPoint\",\"urlTemplate\":\"https:\\\/\\\/centro-cee.com\\\/web\\\/?s={search_term_string}\"},\"query-input\":{\"@type\":\"PropertyValueSpecification\",\"valueRequired\":true,\"valueName\":\"search_term_string\"}}],\"inLanguage\":\"es\"},{\"@type\":\"Organization\",\"@id\":\"https:\\\/\\\/centro-cee.com\\\/web\\\/#organization\",\"name\":\"Centro Europeo E-learning CEE\",\"url\":\"https:\\\/\\\/centro-cee.com\\\/web\\\/\",\"logo\":{\"@type\":\"ImageObject\",\"inLanguage\":\"es\",\"@id\":\"https:\\\/\\\/centro-cee.com\\\/web\\\/#\\\/schema\\\/logo\\\/image\\\/\",\"url\":\"https:\\\/\\\/centro-cee.com\\\/web\\\/wp-content\\\/uploads\\\/2022\\\/12\\\/cropped-logo_educa.png\",\"contentUrl\":\"https:\\\/\\\/centro-cee.com\\\/web\\\/wp-content\\\/uploads\\\/2022\\\/12\\\/cropped-logo_educa.png\",\"width\":157,\"height\":63,\"caption\":\"Centro Europeo E-learning CEE\"},\"image\":{\"@id\":\"https:\\\/\\\/centro-cee.com\\\/web\\\/#\\\/schema\\\/logo\\\/image\\\/\"},\"sameAs\":[\"https:\\\/\\\/www.instagram.com\\\/centroeuropeo_cee\"]}]}<\/script>\n<!-- \/ Yoast SEO plugin. -->","yoast_head_json":{"title":"Especialista en recuperaci\u00f3n de patolog\u00edas cr\u00f3nicas articulares","description":"Desarrolla tus habilidades y mejora tus conocimientos con nuestra formaci\u00f3n de Especialista en recuperaci\u00f3n de patolog\u00edas cr\u00f3nicas articulares","robots":{"index":"index","follow":"follow","max-snippet":"max-snippet:-1","max-image-preview":"max-image-preview:large","max-video-preview":"max-video-preview:-1"},"canonical":"https:\/\/centro-cee.com\/web\/producto\/especialista-en-recuperacion-de-patologias-cronicas-articulares\/","og_locale":"es_ES","og_type":"article","og_title":"Especialista en recuperaci\u00f3n de patolog\u00edas cr\u00f3nicas articulares","og_description":"Desarrolla tus habilidades y mejora tus conocimientos con nuestra formaci\u00f3n de Especialista en recuperaci\u00f3n de patolog\u00edas cr\u00f3nicas articulares","og_url":"https:\/\/centro-cee.com\/web\/producto\/especialista-en-recuperacion-de-patologias-cronicas-articulares\/","og_site_name":"CEE Centro Europeo E-learning - Cursos online","article_modified_time":"2026-03-13T17:03:49+00:00","og_image":[{"width":700,"height":465,"url":"https:\/\/centro-cee.com\/web\/wp-content\/uploads\/2024\/11\/awd2131.png","type":"image\/png"}],"twitter_card":"summary_large_image","twitter_misc":{"Tiempo de lectura":"2 minutos"},"schema":{"@context":"https:\/\/schema.org","@graph":[{"@type":"WebPage","@id":"https:\/\/centro-cee.com\/web\/producto\/especialista-en-recuperacion-de-patologias-cronicas-articulares\/","url":"https:\/\/centro-cee.com\/web\/producto\/especialista-en-recuperacion-de-patologias-cronicas-articulares\/","name":"Especialista en recuperaci\u00f3n de patolog\u00edas cr\u00f3nicas articulares","isPartOf":{"@id":"https:\/\/centro-cee.com\/web\/#website"},"primaryImageOfPage":{"@id":"https:\/\/centro-cee.com\/web\/producto\/especialista-en-recuperacion-de-patologias-cronicas-articulares\/#primaryimage"},"image":{"@id":"https:\/\/centro-cee.com\/web\/producto\/especialista-en-recuperacion-de-patologias-cronicas-articulares\/#primaryimage"},"thumbnailUrl":"https:\/\/centro-cee.com\/web\/wp-content\/uploads\/2024\/11\/awd2131.png","datePublished":"2024-11-19T13:00:44+00:00","dateModified":"2026-03-13T17:03:49+00:00","description":"Desarrolla tus habilidades y mejora tus conocimientos con nuestra formaci\u00f3n de Especialista en recuperaci\u00f3n de patolog\u00edas cr\u00f3nicas articulares","breadcrumb":{"@id":"https:\/\/centro-cee.com\/web\/producto\/especialista-en-recuperacion-de-patologias-cronicas-articulares\/#breadcrumb"},"inLanguage":"es","potentialAction":[{"@type":"ReadAction","target":["https:\/\/centro-cee.com\/web\/producto\/especialista-en-recuperacion-de-patologias-cronicas-articulares\/"]}]},{"@type":"ImageObject","inLanguage":"es","@id":"https:\/\/centro-cee.com\/web\/producto\/especialista-en-recuperacion-de-patologias-cronicas-articulares\/#primaryimage","url":"https:\/\/centro-cee.com\/web\/wp-content\/uploads\/2024\/11\/awd2131.png","contentUrl":"https:\/\/centro-cee.com\/web\/wp-content\/uploads\/2024\/11\/awd2131.png","width":700,"height":465,"caption":"persona en hospital"},{"@type":"BreadcrumbList","@id":"https:\/\/centro-cee.com\/web\/producto\/especialista-en-recuperacion-de-patologias-cronicas-articulares\/#breadcrumb","itemListElement":[{"@type":"ListItem","position":1,"name":"Portada","item":"https:\/\/centro-cee.com\/web\/"},{"@type":"ListItem","position":2,"name":"Especialista en recuperaci\u00f3n de patolog\u00edas cr\u00f3nicas articulares"}]},{"@type":"WebSite","@id":"https:\/\/centro-cee.com\/web\/#website","url":"https:\/\/centro-cee.com\/web\/","name":"Centro Europeo E-learning","description":"CEE Formaci\u00f3n Online","publisher":{"@id":"https:\/\/centro-cee.com\/web\/#organization"},"alternateName":"Centro Online de Formaci\u00f3n","potentialAction":[{"@type":"SearchAction","target":{"@type":"EntryPoint","urlTemplate":"https:\/\/centro-cee.com\/web\/?s={search_term_string}"},"query-input":{"@type":"PropertyValueSpecification","valueRequired":true,"valueName":"search_term_string"}}],"inLanguage":"es"},{"@type":"Organization","@id":"https:\/\/centro-cee.com\/web\/#organization","name":"Centro Europeo E-learning CEE","url":"https:\/\/centro-cee.com\/web\/","logo":{"@type":"ImageObject","inLanguage":"es","@id":"https:\/\/centro-cee.com\/web\/#\/schema\/logo\/image\/","url":"https:\/\/centro-cee.com\/web\/wp-content\/uploads\/2022\/12\/cropped-logo_educa.png","contentUrl":"https:\/\/centro-cee.com\/web\/wp-content\/uploads\/2022\/12\/cropped-logo_educa.png","width":157,"height":63,"caption":"Centro Europeo E-learning CEE"},"image":{"@id":"https:\/\/centro-cee.com\/web\/#\/schema\/logo\/image\/"},"sameAs":["https:\/\/www.instagram.com\/centroeuropeo_cee"]}]}},"_links":{"self":[{"href":"https:\/\/centro-cee.com\/web\/wp-json\/wp\/v2\/product\/1797","targetHints":{"allow":["GET"]}}],"collection":[{"href":"https:\/\/centro-cee.com\/web\/wp-json\/wp\/v2\/product"}],"about":[{"href":"https:\/\/centro-cee.com\/web\/wp-json\/wp\/v2\/types\/product"}],"replies":[{"embeddable":true,"href":"https:\/\/centro-cee.com\/web\/wp-json\/wp\/v2\/comments?post=1797"}],"wp:featuredmedia":[{"embeddable":true,"href":"https:\/\/centro-cee.com\/web\/wp-json\/wp\/v2\/media\/1798"}],"wp:attachment":[{"href":"https:\/\/centro-cee.com\/web\/wp-json\/wp\/v2\/media?parent=1797"}],"wp:term":[{"taxonomy":"product_brand","embeddable":true,"href":"https:\/\/centro-cee.com\/web\/wp-json\/wp\/v2\/product_brand?post=1797"},{"taxonomy":"product_cat","embeddable":true,"href":"https:\/\/centro-cee.com\/web\/wp-json\/wp\/v2\/product_cat?post=1797"},{"taxonomy":"product_tag","embeddable":true,"href":"https:\/\/centro-cee.com\/web\/wp-json\/wp\/v2\/product_tag?post=1797"}],"curies":[{"name":"wp","href":"https:\/\/api.w.org\/{rel}","templated":true}]}}