{"id":1795,"date":"2024-11-19T12:57:40","date_gmt":"2024-11-19T12:57:40","guid":{"rendered":"https:\/\/centro-cee.com\/web\/?post_type=product&#038;p=1795"},"modified":"2026-03-13T17:04:02","modified_gmt":"2026-03-13T17:04:02","slug":"especialista-en-apoyo-profesional-a-familiares-de-enfermos-geriatrico","status":"publish","type":"product","link":"https:\/\/centro-cee.com\/web\/producto\/especialista-en-apoyo-profesional-a-familiares-de-enfermos-geriatrico\/","title":{"rendered":"Especialista en apoyo profesional a familiares de enfermos geri\u00e1trico"},"content":{"rendered":"<p><a href=\"https:\/\/centro-cee.com\/web\/formaciones\/\">Atr\u00e1s<\/a><\/p>\n<p><em><strong>Especialista en apoyo profesional a familiares de enfermos<\/strong><\/em><\/p>\n<p>Toda esta informaci\u00f3n se realiza 100% online en nuestro campus online de formaci\u00f3n.<\/p>\n<p>Las tutor\u00edas se realizan directamente desde el campus de estudio con la opci\u00f3n de mensajer\u00eda a profesores. Las tutorias son \u201ca demanda\u201d, cuando necesites soporte nos lo pides.<\/p>\n<p>Los t\u00edtulos de Centro CEE est\u00e1n autenticados por la firma de notario que valida contenidos y autenticidad a nivel internacional. Nuestra organizaci\u00f3n pertenece a la Asociaci\u00f3n Espa\u00f1ola de Calidad, organizaci\u00f3n Espa\u00f1ola de referencia para la calidad\u00a0en la formaci\u00f3n de auxiliar de enfermer\u00eda. La certificaci\u00f3n se puede apostillar por la Haya para cualquier pa\u00eds firmante del convenio de la Haya.<\/p>\n<p>Se puede pagar a plazos.<\/p>\n<p>Carga horaria de la formaci\u00f3n: 350h<\/p>\n<p>&nbsp;<\/p>\n<h2>Temario<\/h2>\n<hr \/>\n<p>1. INTRODUCCI\u00d3N<br \/>\n    1.1. Origen del coaching<br \/>\n    1.2. Coaching ejecutivo<br \/>\n    1.3. Definici\u00f3n de los conceptos de Coaching y Mentoring<br \/>\n    1.4. Diferencias entre coaching y mentoring y con otros conceptos relacionados<br \/>\n    \u2026<br \/>\n2. EL PROCESO DE COACHING<br \/>\n    2.1. Por qu\u00e9 iniciar un proceso de coaching<br \/>\n    2.2. El proceso de coaching. Sesiones b\u00e1sicas<br \/>\n        2.2.1. Contrato entre dos partes<br \/>\n        2.2.2. Elecci\u00f3n de los directivos<br \/>\n        2.2.3. \u2026<br \/>\n3. TIPOS DE COACHING<br \/>\n    3.1. Clasificaciones<br \/>\n    3.2. El e-coaching<br \/>\n4. COMPETENCIAS DEL COACH<br \/>\n    4.1. El coach y la empat\u00eda<br \/>\n    4.2. Competencias b\u00e1sicas del Coach<br \/>\n        4.2.1. Establecer confianza e intimidad con el cliente<br \/>\n        4.2.2. Presencia del coaching<br \/>\n        4.2.3. Escucha activa<br \/>\n        4.2.4. \u2026<br \/>\n    4.3. Evaluaci\u00f3n de competencias<br \/>\n5. HERRAMIENTAS E INSTRUMENTOS<br \/>\n    5.1. Herramientas<br \/>\n        5.1.1. Introducci\u00f3n<br \/>\n        5.1.2. Evaluar necesidades<br \/>\n        5.1.3. Conocer al coachee<br \/>\n        5.1.4. \u2026<br \/>\n    5.2. Las preguntas<br \/>\n    5.3. Pruebas de conocimiento o de capacidad<br \/>\n    5.4. Test psicom\u00e9tricos<br \/>\n    5.5. ..<br \/>\n6. ACREDITACI\u00d3N DEL COACH<br \/>\n    6.1.  Introducci\u00f3n<br \/>\n    6.2. C\u00f3mo se acredita un Coach<br \/>\n    6.3. Competencias b\u00e1sicas para obtener la acreditaci\u00f3n de la ICF<br \/>\n    6.4. \u00c9tica profesional y c\u00f3digo deontol\u00f3gico<br \/>\n    6.5. Otros ejemplos de acreditaciones, nacionales e internacionales<br \/>\n7. ORIENTACI\u00d3N PROFESIONAL O MENTORING<br \/>\n    7.1. Definici\u00f3n de mentoring<br \/>\n    7.2. Tipos de mentoring<br \/>\n    7.3. El proceso de mentoring<br \/>\n    7.4. \u2026<\/p>\n<p><em><strong>Especialista en apoyo profesional a familiares de enfermos<\/strong><\/em><\/p>\n<hr \/>\n","protected":false},"excerpt":{"rendered":"<p><a href=\"https:\/\/centro-cee.com\/web\/formaciones\/\">Atr\u00e1s<\/a><\/p>\n<p>A trav\u00e9s de un completo aprendizaje conocer\u00e1s los aspectos relacionados con la tercera edad, donde aprender\u00e1s sobre la biolog\u00eda del envejecimiento, como clasificar a los ancianos, psicolog\u00eda gerontolog\u00edca, recursos para la familia, mediaci\u00f3n, etc., incluyendo contenidos para el coaching que permita motivar y dirigir a los familiares. Esta profesi\u00f3n requiere de especialistas en el trato y cuidado de los ancianos, donde deber\u00e1 aprender t\u00e9cnicas que les permita un buen cuidado y acompa\u00f1ar al paciente tanto en lo psicol\u00f3gico como a nivel personal.<\/p>\n","protected":false},"featured_media":1796,"comment_status":"closed","ping_status":"closed","template":"","meta":[],"product_brand":[],"product_cat":[2046,34],"product_tag":[1785,1778,1783,1786,1780,1782,1779,1373,1784,1781],"class_list":{"0":"post-1795","1":"product","2":"type-product","3":"status-publish","4":"has-post-thumbnail","6":"product_cat-cursos-salud","7":"product_cat-tecnicos","8":"product_tag-acompanamiento-a-familiares-de-pacientes-geriatricos","9":"product_tag-apoyo-a-familiares-de-enfermos-geriatricos","10":"product_tag-apoyo-emocional-a-cuidadores","11":"product_tag-apoyo-profesional-en-geriatria","12":"product_tag-asistencia-a-familias-de-personas-mayores","13":"product_tag-cuidado-del-adulto-mayor","14":"product_tag-especialista-en-cuidados-geriatricos","15":"product_tag-formacion-en-geriatria","16":"product_tag-gestion-del-cuidado-familiar","17":"product_tag-orientacion-en-geriatria","19":"first","20":"instock","21":"sale","22":"shipping-taxable","23":"purchasable","24":"product-type-simple"},"yoast_head":"<!-- This site is optimized with the Yoast SEO plugin v27.4 - https:\/\/yoast.com\/product\/yoast-seo-wordpress\/ -->\n<title>Especialista en apoyo profesional a familiares de enfermos<\/title>\n<meta name=\"description\" content=\"Desarrolla tus habilidades y mejora tus conocimientos con nuestra formaci\u00f3n de Especialista en apoyo profesional a familiares de enfermos\" \/>\n<meta name=\"robots\" content=\"index, follow, max-snippet:-1, max-image-preview:large, max-video-preview:-1\" \/>\n<link rel=\"canonical\" href=\"https:\/\/centro-cee.com\/web\/producto\/especialista-en-apoyo-profesional-a-familiares-de-enfermos-geriatrico\/\" \/>\n<meta property=\"og:locale\" content=\"es_ES\" \/>\n<meta property=\"og:type\" content=\"article\" \/>\n<meta property=\"og:title\" content=\"Especialista en apoyo profesional a familiares de enfermos\" \/>\n<meta property=\"og:description\" content=\"Desarrolla tus habilidades y mejora tus conocimientos con nuestra formaci\u00f3n de Especialista en apoyo profesional a familiares de enfermos\" \/>\n<meta property=\"og:url\" content=\"https:\/\/centro-cee.com\/web\/producto\/especialista-en-apoyo-profesional-a-familiares-de-enfermos-geriatrico\/\" \/>\n<meta property=\"og:site_name\" content=\"CEE Centro Europeo E-learning - Cursos online\" \/>\n<meta property=\"article:modified_time\" content=\"2026-03-13T17:04:02+00:00\" \/>\n<meta property=\"og:image\" content=\"https:\/\/centro-cee.com\/web\/wp-content\/uploads\/2024\/11\/Captsafasfsda2ura.png\" \/>\n\t<meta property=\"og:image:width\" content=\"698\" \/>\n\t<meta property=\"og:image:height\" content=\"464\" \/>\n\t<meta property=\"og:image:type\" content=\"image\/png\" \/>\n<meta name=\"twitter:card\" content=\"summary_large_image\" \/>\n<meta name=\"twitter:label1\" content=\"Tiempo de lectura\" \/>\n\t<meta name=\"twitter:data1\" content=\"6 minutos\" \/>\n<script type=\"application\/ld+json\" class=\"yoast-schema-graph\">{\"@context\":\"https:\\\/\\\/schema.org\",\"@graph\":[{\"@type\":\"WebPage\",\"@id\":\"https:\\\/\\\/centro-cee.com\\\/web\\\/producto\\\/especialista-en-apoyo-profesional-a-familiares-de-enfermos-geriatrico\\\/\",\"url\":\"https:\\\/\\\/centro-cee.com\\\/web\\\/producto\\\/especialista-en-apoyo-profesional-a-familiares-de-enfermos-geriatrico\\\/\",\"name\":\"Especialista en apoyo profesional a familiares de enfermos\",\"isPartOf\":{\"@id\":\"https:\\\/\\\/centro-cee.com\\\/web\\\/#website\"},\"primaryImageOfPage\":{\"@id\":\"https:\\\/\\\/centro-cee.com\\\/web\\\/producto\\\/especialista-en-apoyo-profesional-a-familiares-de-enfermos-geriatrico\\\/#primaryimage\"},\"image\":{\"@id\":\"https:\\\/\\\/centro-cee.com\\\/web\\\/producto\\\/especialista-en-apoyo-profesional-a-familiares-de-enfermos-geriatrico\\\/#primaryimage\"},\"thumbnailUrl\":\"https:\\\/\\\/centro-cee.com\\\/web\\\/wp-content\\\/uploads\\\/2024\\\/11\\\/Captsafasfsda2ura.png\",\"datePublished\":\"2024-11-19T12:57:40+00:00\",\"dateModified\":\"2026-03-13T17:04:02+00:00\",\"description\":\"Desarrolla tus habilidades y mejora tus conocimientos con nuestra formaci\u00f3n de Especialista en apoyo profesional a familiares de enfermos\",\"breadcrumb\":{\"@id\":\"https:\\\/\\\/centro-cee.com\\\/web\\\/producto\\\/especialista-en-apoyo-profesional-a-familiares-de-enfermos-geriatrico\\\/#breadcrumb\"},\"inLanguage\":\"es\",\"potentialAction\":[{\"@type\":\"ReadAction\",\"target\":[\"https:\\\/\\\/centro-cee.com\\\/web\\\/producto\\\/especialista-en-apoyo-profesional-a-familiares-de-enfermos-geriatrico\\\/\"]}]},{\"@type\":\"ImageObject\",\"inLanguage\":\"es\",\"@id\":\"https:\\\/\\\/centro-cee.com\\\/web\\\/producto\\\/especialista-en-apoyo-profesional-a-familiares-de-enfermos-geriatrico\\\/#primaryimage\",\"url\":\"https:\\\/\\\/centro-cee.com\\\/web\\\/wp-content\\\/uploads\\\/2024\\\/11\\\/Captsafasfsda2ura.png\",\"contentUrl\":\"https:\\\/\\\/centro-cee.com\\\/web\\\/wp-content\\\/uploads\\\/2024\\\/11\\\/Captsafasfsda2ura.png\",\"width\":698,\"height\":464,\"caption\":\"persona mayor en la cama\"},{\"@type\":\"BreadcrumbList\",\"@id\":\"https:\\\/\\\/centro-cee.com\\\/web\\\/producto\\\/especialista-en-apoyo-profesional-a-familiares-de-enfermos-geriatrico\\\/#breadcrumb\",\"itemListElement\":[{\"@type\":\"ListItem\",\"position\":1,\"name\":\"Portada\",\"item\":\"https:\\\/\\\/centro-cee.com\\\/web\\\/\"},{\"@type\":\"ListItem\",\"position\":2,\"name\":\"Especialista en apoyo profesional a familiares de enfermos geri\u00e1trico\"}]},{\"@type\":\"WebSite\",\"@id\":\"https:\\\/\\\/centro-cee.com\\\/web\\\/#website\",\"url\":\"https:\\\/\\\/centro-cee.com\\\/web\\\/\",\"name\":\"Centro Europeo E-learning\",\"description\":\"CEE Formaci\u00f3n Online\",\"publisher\":{\"@id\":\"https:\\\/\\\/centro-cee.com\\\/web\\\/#organization\"},\"alternateName\":\"Centro Online de Formaci\u00f3n\",\"potentialAction\":[{\"@type\":\"SearchAction\",\"target\":{\"@type\":\"EntryPoint\",\"urlTemplate\":\"https:\\\/\\\/centro-cee.com\\\/web\\\/?s={search_term_string}\"},\"query-input\":{\"@type\":\"PropertyValueSpecification\",\"valueRequired\":true,\"valueName\":\"search_term_string\"}}],\"inLanguage\":\"es\"},{\"@type\":\"Organization\",\"@id\":\"https:\\\/\\\/centro-cee.com\\\/web\\\/#organization\",\"name\":\"Centro Europeo E-learning CEE\",\"url\":\"https:\\\/\\\/centro-cee.com\\\/web\\\/\",\"logo\":{\"@type\":\"ImageObject\",\"inLanguage\":\"es\",\"@id\":\"https:\\\/\\\/centro-cee.com\\\/web\\\/#\\\/schema\\\/logo\\\/image\\\/\",\"url\":\"https:\\\/\\\/centro-cee.com\\\/web\\\/wp-content\\\/uploads\\\/2022\\\/12\\\/cropped-logo_educa.png\",\"contentUrl\":\"https:\\\/\\\/centro-cee.com\\\/web\\\/wp-content\\\/uploads\\\/2022\\\/12\\\/cropped-logo_educa.png\",\"width\":157,\"height\":63,\"caption\":\"Centro Europeo E-learning CEE\"},\"image\":{\"@id\":\"https:\\\/\\\/centro-cee.com\\\/web\\\/#\\\/schema\\\/logo\\\/image\\\/\"},\"sameAs\":[\"https:\\\/\\\/www.instagram.com\\\/centroeuropeo_cee\"]}]}<\/script>\n<!-- \/ Yoast SEO plugin. -->","yoast_head_json":{"title":"Especialista en apoyo profesional a familiares de enfermos","description":"Desarrolla tus habilidades y mejora tus conocimientos con nuestra formaci\u00f3n de Especialista en apoyo profesional a familiares de enfermos","robots":{"index":"index","follow":"follow","max-snippet":"max-snippet:-1","max-image-preview":"max-image-preview:large","max-video-preview":"max-video-preview:-1"},"canonical":"https:\/\/centro-cee.com\/web\/producto\/especialista-en-apoyo-profesional-a-familiares-de-enfermos-geriatrico\/","og_locale":"es_ES","og_type":"article","og_title":"Especialista en apoyo profesional a familiares de enfermos","og_description":"Desarrolla tus habilidades y mejora tus conocimientos con nuestra formaci\u00f3n de Especialista en apoyo profesional a familiares de enfermos","og_url":"https:\/\/centro-cee.com\/web\/producto\/especialista-en-apoyo-profesional-a-familiares-de-enfermos-geriatrico\/","og_site_name":"CEE Centro Europeo E-learning - Cursos online","article_modified_time":"2026-03-13T17:04:02+00:00","og_image":[{"width":698,"height":464,"url":"https:\/\/centro-cee.com\/web\/wp-content\/uploads\/2024\/11\/Captsafasfsda2ura.png","type":"image\/png"}],"twitter_card":"summary_large_image","twitter_misc":{"Tiempo de lectura":"6 minutos"},"schema":{"@context":"https:\/\/schema.org","@graph":[{"@type":"WebPage","@id":"https:\/\/centro-cee.com\/web\/producto\/especialista-en-apoyo-profesional-a-familiares-de-enfermos-geriatrico\/","url":"https:\/\/centro-cee.com\/web\/producto\/especialista-en-apoyo-profesional-a-familiares-de-enfermos-geriatrico\/","name":"Especialista en apoyo profesional a familiares de enfermos","isPartOf":{"@id":"https:\/\/centro-cee.com\/web\/#website"},"primaryImageOfPage":{"@id":"https:\/\/centro-cee.com\/web\/producto\/especialista-en-apoyo-profesional-a-familiares-de-enfermos-geriatrico\/#primaryimage"},"image":{"@id":"https:\/\/centro-cee.com\/web\/producto\/especialista-en-apoyo-profesional-a-familiares-de-enfermos-geriatrico\/#primaryimage"},"thumbnailUrl":"https:\/\/centro-cee.com\/web\/wp-content\/uploads\/2024\/11\/Captsafasfsda2ura.png","datePublished":"2024-11-19T12:57:40+00:00","dateModified":"2026-03-13T17:04:02+00:00","description":"Desarrolla tus habilidades y mejora tus conocimientos con nuestra formaci\u00f3n de Especialista en apoyo profesional a familiares de enfermos","breadcrumb":{"@id":"https:\/\/centro-cee.com\/web\/producto\/especialista-en-apoyo-profesional-a-familiares-de-enfermos-geriatrico\/#breadcrumb"},"inLanguage":"es","potentialAction":[{"@type":"ReadAction","target":["https:\/\/centro-cee.com\/web\/producto\/especialista-en-apoyo-profesional-a-familiares-de-enfermos-geriatrico\/"]}]},{"@type":"ImageObject","inLanguage":"es","@id":"https:\/\/centro-cee.com\/web\/producto\/especialista-en-apoyo-profesional-a-familiares-de-enfermos-geriatrico\/#primaryimage","url":"https:\/\/centro-cee.com\/web\/wp-content\/uploads\/2024\/11\/Captsafasfsda2ura.png","contentUrl":"https:\/\/centro-cee.com\/web\/wp-content\/uploads\/2024\/11\/Captsafasfsda2ura.png","width":698,"height":464,"caption":"persona mayor en la cama"},{"@type":"BreadcrumbList","@id":"https:\/\/centro-cee.com\/web\/producto\/especialista-en-apoyo-profesional-a-familiares-de-enfermos-geriatrico\/#breadcrumb","itemListElement":[{"@type":"ListItem","position":1,"name":"Portada","item":"https:\/\/centro-cee.com\/web\/"},{"@type":"ListItem","position":2,"name":"Especialista en apoyo profesional a familiares de enfermos geri\u00e1trico"}]},{"@type":"WebSite","@id":"https:\/\/centro-cee.com\/web\/#website","url":"https:\/\/centro-cee.com\/web\/","name":"Centro Europeo E-learning","description":"CEE Formaci\u00f3n Online","publisher":{"@id":"https:\/\/centro-cee.com\/web\/#organization"},"alternateName":"Centro Online de Formaci\u00f3n","potentialAction":[{"@type":"SearchAction","target":{"@type":"EntryPoint","urlTemplate":"https:\/\/centro-cee.com\/web\/?s={search_term_string}"},"query-input":{"@type":"PropertyValueSpecification","valueRequired":true,"valueName":"search_term_string"}}],"inLanguage":"es"},{"@type":"Organization","@id":"https:\/\/centro-cee.com\/web\/#organization","name":"Centro Europeo E-learning CEE","url":"https:\/\/centro-cee.com\/web\/","logo":{"@type":"ImageObject","inLanguage":"es","@id":"https:\/\/centro-cee.com\/web\/#\/schema\/logo\/image\/","url":"https:\/\/centro-cee.com\/web\/wp-content\/uploads\/2022\/12\/cropped-logo_educa.png","contentUrl":"https:\/\/centro-cee.com\/web\/wp-content\/uploads\/2022\/12\/cropped-logo_educa.png","width":157,"height":63,"caption":"Centro Europeo E-learning CEE"},"image":{"@id":"https:\/\/centro-cee.com\/web\/#\/schema\/logo\/image\/"},"sameAs":["https:\/\/www.instagram.com\/centroeuropeo_cee"]}]}},"_links":{"self":[{"href":"https:\/\/centro-cee.com\/web\/wp-json\/wp\/v2\/product\/1795","targetHints":{"allow":["GET"]}}],"collection":[{"href":"https:\/\/centro-cee.com\/web\/wp-json\/wp\/v2\/product"}],"about":[{"href":"https:\/\/centro-cee.com\/web\/wp-json\/wp\/v2\/types\/product"}],"replies":[{"embeddable":true,"href":"https:\/\/centro-cee.com\/web\/wp-json\/wp\/v2\/comments?post=1795"}],"wp:featuredmedia":[{"embeddable":true,"href":"https:\/\/centro-cee.com\/web\/wp-json\/wp\/v2\/media\/1796"}],"wp:attachment":[{"href":"https:\/\/centro-cee.com\/web\/wp-json\/wp\/v2\/media?parent=1795"}],"wp:term":[{"taxonomy":"product_brand","embeddable":true,"href":"https:\/\/centro-cee.com\/web\/wp-json\/wp\/v2\/product_brand?post=1795"},{"taxonomy":"product_cat","embeddable":true,"href":"https:\/\/centro-cee.com\/web\/wp-json\/wp\/v2\/product_cat?post=1795"},{"taxonomy":"product_tag","embeddable":true,"href":"https:\/\/centro-cee.com\/web\/wp-json\/wp\/v2\/product_tag?post=1795"}],"curies":[{"name":"wp","href":"https:\/\/api.w.org\/{rel}","templated":true}]}}