{"id":1791,"date":"2024-11-19T12:52:39","date_gmt":"2024-11-19T12:52:39","guid":{"rendered":"https:\/\/centro-cee.com\/web\/?post_type=product&#038;p=1791"},"modified":"2026-03-13T17:04:22","modified_gmt":"2026-03-13T17:04:22","slug":"especialista-en-tecnicas-de-enfermeria-en-emergencias","status":"publish","type":"product","link":"https:\/\/centro-cee.com\/web\/producto\/especialista-en-tecnicas-de-enfermeria-en-emergencias\/","title":{"rendered":"Especialista en t\u00e9cnicas de enfermer\u00eda en emergencias"},"content":{"rendered":"<p><a href=\"https:\/\/centro-cee.com\/web\/formaciones\/\">Atr\u00e1s<\/a><\/p>\n<p><em><strong>Especialista en t\u00e9cnicas de enfermer\u00eda en emergencias <\/strong><\/em><\/p>\n<p>Toda esta informaci\u00f3n se realiza 100% online en nuestro campus online de formaci\u00f3n.<\/p>\n<p>Las tutor\u00edas se realizan directamente desde el campus de estudio con la opci\u00f3n de mensajer\u00eda a profesores. Las tutorias son \u201ca demanda\u201d, cuando necesites soporte nos lo pides.<\/p>\n<p>Los t\u00edtulos de Centro CEE est\u00e1n autenticados por la firma de notario que valida contenidos y autenticidad a nivel internacional. Nuestra organizaci\u00f3n pertenece a la Asociaci\u00f3n Espa\u00f1ola de Calidad, organizaci\u00f3n Espa\u00f1ola de referencia para la calidad\u00a0en la formaci\u00f3n de auxiliar de enfermer\u00eda. La certificaci\u00f3n se puede apostillar por la Haya para cualquier pa\u00eds firmante del convenio de la Haya.<\/p>\n<p>Se puede pagar a plazos.<\/p>\n<p>Carga horaria de la formaci\u00f3n: 300h<\/p>\n<p>&nbsp;<\/p>\n<h2>Temario<\/h2>\n<hr \/>\n<p>UNIDAD DID\u00c1CTICA 1. INTRODUCCI\u00d3N A LAS URGENCIAS Y EMERGENCIAS EN ENFERMER\u00cdA<br \/>\n1. Urgencias y emergencias. Conceptualizaci\u00f3n<br \/>\n2. Urgencias Extrahospitalarias<br \/>\n3. El proceso asistencial<br \/>\n4. \u2026<br \/>\nUNIDAD DID\u00c1CTICA 2. VALORACI\u00d3N INICIAL Y CLASIFICACI\u00d3N DE PACIENTES EN URGENCIAS Y EMERGENCIAS<br \/>\n1. Valoraci\u00f3n inicial del paciente<br \/>\n2. Clasificaci\u00f3n de los pacientes<br \/>\n3. Sistema de Triaje en las situaciones con m\u00faltiples v\u00edctimas<br \/>\nUNIDAD DID\u00c1CTICA 3. SOPORTE VITAL B\u00c1SICO (SVB)<br \/>\n1. Cadena de supervivencia<br \/>\n2. Valoraci\u00f3n del nivel de conciencia<br \/>\n3. Valoraci\u00f3n de la ventilaci\u00f3n<br \/>\n4. \u2026<br \/>\nUNIDAD DID\u00c1CTICA 4. SOPORTE VITAL AVANZADO (SVA) Y DEA<br \/>\n1. Soporte vital avanzado<br \/>\n2. Asistencia respiratoria Avanzada<br \/>\n3. Soporte circulatorio avanzado<br \/>\n4. \u2026<br \/>\nUNIDAD DID\u00c1CTICA 5. SOPORTE VITAL PEDI\u00c1TRICO<br \/>\n1. Introducci\u00f3n<br \/>\n2. Soporte Vital B\u00e1sico<br \/>\n3. Obstrucci\u00f3n de la v\u00eda a\u00e9rea<br \/>\n4. \u2026<br \/>\nUNIDAD DID\u00c1CTICA 6. ACTUACI\u00d3N DE ENFERMER\u00cdA ANTE POLITRAUMATISMOS<br \/>\n1. El paciente politraumatizado<br \/>\n2. Traumatismo craneoencef\u00e1lico y de columna vertebral<br \/>\n3. \u2026<br \/>\nUNIDAD DID\u00c1CTICA 7. ACTUACI\u00d3N DE ENFERMER\u00cdA ANTE URGENCIAS RESPIRATORIAS Y CARDIOVASCULARES<br \/>\n1. Urgencias Respiratorias<br \/>\n2. Urgencias Cardiovasculares<br \/>\nUNIDAD DID\u00c1CTICA 8. ACTUACI\u00d3N DE ENFERMER\u00cdA ANTE ESGUINCES, FRACTURAS Y LUXACIONES<br \/>\n1. Esguince<br \/>\n2. Fracturas<br \/>\n3. Luxaciones<br \/>\n4. ..<br \/>\nUNIDAD DID\u00c1CTICA 9. ACTUACI\u00d3N DE ENFERMER\u00cdA ANTE HERIDAS Y CONTUSIONES<br \/>\n1. La piel<br \/>\n2. Las heridas<br \/>\n3. \u2026<br \/>\nUNIDAD DID\u00c1CTICA 10. ACTUACI\u00d3N DE ENFERMER\u00cdA ANTE PACIENTES CON HEMORRAGIAS<br \/>\n1. Introducci\u00f3n<br \/>\n2. Clasificaci\u00f3n de las hemorragias<br \/>\n3. Fisiopatolog\u00eda<br \/>\n4. \u2026<br \/>\nUNIDAD DID\u00c1CTICA 11. ACTUACI\u00d3N DE ENFERMER\u00cdA ANTE INTOXICACIONES, QUEMADURAS Y CONGELACIONES<br \/>\n1. Intoxicaciones<br \/>\n2. Quemaduras<br \/>\n3. \u2026<br \/>\nUNIDAD DID\u00c1CTICA 12. ACTUACI\u00d3N DE ENFERMER\u00cdA ANTE URGENCIAS GINECOL\u00d3GICAS<br \/>\n1. Hipertensi\u00f3n en el embarazo<br \/>\n2. Prolapso del cord\u00f3n umbilical<br \/>\n3. Aborto<br \/>\n4. \u2026<br \/>\nUNIDAD DID\u00c1CTICA 13. ACTUACI\u00d3N DE ENFERMER\u00cdA ANTE URGENCIAS PEDI\u00c1TRICAS<br \/>\n1. Malos tratos infantiles<br \/>\n2. Fiebre<br \/>\n3. Disnea<br \/>\n4. Aspiraci\u00f3n de cuerpos extra\u00f1os<br \/>\n5. Crisis asm\u00e1tica<br \/>\n6. Laringitis<br \/>\n7. \u2026.<br \/>\nUNIDAD DID\u00c1CTICA 14. ACTUACI\u00d3N DE ENFERMER\u00cdA ANTE URGENCIAS PSIQUI\u00c1TRICAS<br \/>\n1. El paciente agitado y\/o violento<br \/>\n2. El paciente hipocondr\u00edaco<br \/>\n3. \u2026<\/p>\n<p>GESTI\u00d3N DE ESTR\u00c9S<\/p>\n<p>1. EL ESTR\u00c9S Y SUS CARACTER\u00cdSTICAS<br \/>\n1.1. Introducci\u00f3n<br \/>\n1.2. Definiciones<br \/>\n1.3. Tipos de estr\u00e9s<br \/>\n1.4. \u2026.<\/p>\n<p>2. EL ESTR\u00c9S LABORAL<br \/>\n2.1. Factores psicosociales<br \/>\n2.2. Diferencia entre presi\u00f3n de trabajo y estr\u00e9s<br \/>\n2.3. S\u00edntomas del estr\u00e9s laboral<br \/>\n2.4. Medidas Organizacionales<br \/>\n2.4.1. Gesti\u00f3n del estr\u00e9s laboral por parte de los empresarios<br \/>\n2.5. \u2026.<\/p>\n<p>3. T\u00c9CNICAS PERSONALES DE CONTROL DE ESTR\u00c9S<br \/>\n3.1. T\u00e9cnicas de respiraci\u00f3n<br \/>\n3.1.1. En pie y respirando<br \/>\n3.1.2. Nadi Shodhana<br \/>\n3.1.3. \u2026<br \/>\n3.2. Consejos para evitar el estr\u00e9s<br \/>\n3.2.1. Habit\u00faate a<br \/>\n3.2.2. Anal\u00edzate<br \/>\n3.2.3. En el trabajo<br \/>\n3.2.4. Tiempo libre y ocio<br \/>\n3.2.5. Deporte<br \/>\n3.2.6. \u2026<br \/>\n3.3. T\u00e9cnicas para dominar el estr\u00e9s<br \/>\n3.3.1. Identificando nuestros s\u00edntomas de relajaci\u00f3n<br \/>\n3.3.2. Un ant\u00eddoto para el desaliento<br \/>\n3.3.3. La concentraci\u00f3n: una respiraci\u00f3n en nueve rondas<br \/>\n3.3.4. Fluir libremente: diez pasos simples para dominar el estr\u00e9s<br \/>\n3.3.5. \u2026<br \/>\nAnexo: Comprueba tu nivel de estr\u00e9s<\/p>\n<p>4. T\u00c9CNICA DE AFRONTAMIENTO DEL ESTR\u00c9S<br \/>\n4.1. Introducci\u00f3n<br \/>\n4.2. Desarrollo de la t\u00e9cnica<br \/>\n4.2.1. Desarrollo de una relajaci\u00f3n efectiva<br \/>\n4.2.2. Realizaci\u00f3n de una jerarqu\u00eda de sucesos estresantes<br \/>\n4.2.3. \u2026<\/p>\n<p><em><strong>Especialista en t\u00e9cnicas de enfermer\u00eda en emergencias<\/strong><\/em><\/p>\n<hr \/>\n","protected":false},"excerpt":{"rendered":"<p><a href=\"https:\/\/centro-cee.com\/web\/formaciones\/\">Atr\u00e1s<\/a><\/p>\n<p>El sector sanitario en general demanda de forma permanente profesionales para cubrir plazas en diferentes especialidades. Una de las m\u00e1s demandadas es la enfermer\u00eda y m\u00e1s concretamente en emergencias.<\/p>\n<p>Si te dedicas a la rama sanitaria este curso te va a permitir completar tu formaci\u00f3n y especializarte en emergencias, sin duda una secci\u00f3n que requiere profesionales con una formaci\u00f3n espec\u00edfica.<\/p>\n<p>El curso se completa con un m\u00f3dulo de gesti\u00f3n del estr\u00e9s, ya que el trabajo en emergencias sanitarias genera a los profesionales un estr\u00e9s elevado derivado de la propia especialidad, y es importante conocer las t\u00e9cnicas para gestionar el estr\u00e9s.<\/p>\n<p>Cabe destacar que la formaci\u00f3n obtenida es de alto nivel y con gran cantidad de contenidos que dotaran a las\/los alumnas\/os de unos conocimientos excelentes.<\/p>\n","protected":false},"featured_media":1792,"comment_status":"closed","ping_status":"closed","template":"","meta":[],"product_brand":[],"product_cat":[2046,34],"product_tag":[1762,1763,1761,1768,1760,1765,1766,1767,1764,1759],"class_list":{"0":"post-1791","1":"product","2":"type-product","3":"status-publish","4":"has-post-thumbnail","6":"product_cat-cursos-salud","7":"product_cat-tecnicos","8":"product_tag-atencion-sanitaria-en-emergencias","9":"product_tag-cuidados-criticos","10":"product_tag-enfermeria-de-urgencias","11":"product_tag-enfermeria-en-situaciones-criticas","12":"product_tag-especialista-en-emergencias-sanitarias","13":"product_tag-formacion-en-enfermeria-de-emergencias","14":"product_tag-intervencion-en-urgencias","15":"product_tag-manejo-de-emergencias-medicas","16":"product_tag-soporte-vital-avanzado","17":"product_tag-tecnicas-de-enfermeria-en-emergencias","19":"first","20":"instock","21":"sale","22":"shipping-taxable","23":"purchasable","24":"product-type-simple"},"yoast_head":"<!-- This site is optimized with the Yoast SEO plugin v27.4 - https:\/\/yoast.com\/product\/yoast-seo-wordpress\/ -->\n<title>Especialista en t\u00e9cnicas de enfermer\u00eda en emergencias<\/title>\n<meta name=\"description\" content=\"Desarrolla tus habilidades y mejora tus conocimientos con nuestra formaci\u00f3n de Especialista en t\u00e9cnicas de enfermer\u00eda en emergencias\" \/>\n<meta name=\"robots\" content=\"index, follow, max-snippet:-1, max-image-preview:large, max-video-preview:-1\" \/>\n<link rel=\"canonical\" href=\"https:\/\/centro-cee.com\/web\/producto\/especialista-en-tecnicas-de-enfermeria-en-emergencias\/\" \/>\n<meta property=\"og:locale\" content=\"es_ES\" \/>\n<meta property=\"og:type\" content=\"article\" \/>\n<meta property=\"og:title\" content=\"Especialista en t\u00e9cnicas de enfermer\u00eda en emergencias\" \/>\n<meta property=\"og:description\" content=\"Desarrolla tus habilidades y mejora tus conocimientos con nuestra formaci\u00f3n de Especialista en t\u00e9cnicas de enfermer\u00eda en emergencias\" \/>\n<meta property=\"og:url\" content=\"https:\/\/centro-cee.com\/web\/producto\/especialista-en-tecnicas-de-enfermeria-en-emergencias\/\" \/>\n<meta property=\"og:site_name\" content=\"CEE Centro Europeo E-learning - Cursos online\" \/>\n<meta property=\"article:modified_time\" content=\"2026-03-13T17:04:22+00:00\" \/>\n<meta property=\"og:image\" content=\"https:\/\/centro-cee.com\/web\/wp-content\/uploads\/2024\/11\/2rwdesdaz.png\" \/>\n\t<meta property=\"og:image:width\" content=\"526\" \/>\n\t<meta property=\"og:image:height\" content=\"282\" \/>\n\t<meta property=\"og:image:type\" content=\"image\/png\" \/>\n<meta name=\"twitter:card\" content=\"summary_large_image\" \/>\n<meta name=\"twitter:label1\" content=\"Tiempo de lectura\" \/>\n\t<meta name=\"twitter:data1\" content=\"4 minutos\" \/>\n<script type=\"application\/ld+json\" class=\"yoast-schema-graph\">{\"@context\":\"https:\\\/\\\/schema.org\",\"@graph\":[{\"@type\":\"WebPage\",\"@id\":\"https:\\\/\\\/centro-cee.com\\\/web\\\/producto\\\/especialista-en-tecnicas-de-enfermeria-en-emergencias\\\/\",\"url\":\"https:\\\/\\\/centro-cee.com\\\/web\\\/producto\\\/especialista-en-tecnicas-de-enfermeria-en-emergencias\\\/\",\"name\":\"Especialista en t\u00e9cnicas de enfermer\u00eda en emergencias\",\"isPartOf\":{\"@id\":\"https:\\\/\\\/centro-cee.com\\\/web\\\/#website\"},\"primaryImageOfPage\":{\"@id\":\"https:\\\/\\\/centro-cee.com\\\/web\\\/producto\\\/especialista-en-tecnicas-de-enfermeria-en-emergencias\\\/#primaryimage\"},\"image\":{\"@id\":\"https:\\\/\\\/centro-cee.com\\\/web\\\/producto\\\/especialista-en-tecnicas-de-enfermeria-en-emergencias\\\/#primaryimage\"},\"thumbnailUrl\":\"https:\\\/\\\/centro-cee.com\\\/web\\\/wp-content\\\/uploads\\\/2024\\\/11\\\/2rwdesdaz.png\",\"datePublished\":\"2024-11-19T12:52:39+00:00\",\"dateModified\":\"2026-03-13T17:04:22+00:00\",\"description\":\"Desarrolla tus habilidades y mejora tus conocimientos con nuestra formaci\u00f3n de Especialista en t\u00e9cnicas de enfermer\u00eda en emergencias\",\"breadcrumb\":{\"@id\":\"https:\\\/\\\/centro-cee.com\\\/web\\\/producto\\\/especialista-en-tecnicas-de-enfermeria-en-emergencias\\\/#breadcrumb\"},\"inLanguage\":\"es\",\"potentialAction\":[{\"@type\":\"ReadAction\",\"target\":[\"https:\\\/\\\/centro-cee.com\\\/web\\\/producto\\\/especialista-en-tecnicas-de-enfermeria-en-emergencias\\\/\"]}]},{\"@type\":\"ImageObject\",\"inLanguage\":\"es\",\"@id\":\"https:\\\/\\\/centro-cee.com\\\/web\\\/producto\\\/especialista-en-tecnicas-de-enfermeria-en-emergencias\\\/#primaryimage\",\"url\":\"https:\\\/\\\/centro-cee.com\\\/web\\\/wp-content\\\/uploads\\\/2024\\\/11\\\/2rwdesdaz.png\",\"contentUrl\":\"https:\\\/\\\/centro-cee.com\\\/web\\\/wp-content\\\/uploads\\\/2024\\\/11\\\/2rwdesdaz.png\",\"width\":526,\"height\":282,\"caption\":\"camilleros por un hospital\"},{\"@type\":\"BreadcrumbList\",\"@id\":\"https:\\\/\\\/centro-cee.com\\\/web\\\/producto\\\/especialista-en-tecnicas-de-enfermeria-en-emergencias\\\/#breadcrumb\",\"itemListElement\":[{\"@type\":\"ListItem\",\"position\":1,\"name\":\"Portada\",\"item\":\"https:\\\/\\\/centro-cee.com\\\/web\\\/\"},{\"@type\":\"ListItem\",\"position\":2,\"name\":\"Especialista en t\u00e9cnicas de enfermer\u00eda en emergencias\"}]},{\"@type\":\"WebSite\",\"@id\":\"https:\\\/\\\/centro-cee.com\\\/web\\\/#website\",\"url\":\"https:\\\/\\\/centro-cee.com\\\/web\\\/\",\"name\":\"Centro Europeo E-learning\",\"description\":\"CEE Formaci\u00f3n Online\",\"publisher\":{\"@id\":\"https:\\\/\\\/centro-cee.com\\\/web\\\/#organization\"},\"alternateName\":\"Centro Online de Formaci\u00f3n\",\"potentialAction\":[{\"@type\":\"SearchAction\",\"target\":{\"@type\":\"EntryPoint\",\"urlTemplate\":\"https:\\\/\\\/centro-cee.com\\\/web\\\/?s={search_term_string}\"},\"query-input\":{\"@type\":\"PropertyValueSpecification\",\"valueRequired\":true,\"valueName\":\"search_term_string\"}}],\"inLanguage\":\"es\"},{\"@type\":\"Organization\",\"@id\":\"https:\\\/\\\/centro-cee.com\\\/web\\\/#organization\",\"name\":\"Centro Europeo E-learning CEE\",\"url\":\"https:\\\/\\\/centro-cee.com\\\/web\\\/\",\"logo\":{\"@type\":\"ImageObject\",\"inLanguage\":\"es\",\"@id\":\"https:\\\/\\\/centro-cee.com\\\/web\\\/#\\\/schema\\\/logo\\\/image\\\/\",\"url\":\"https:\\\/\\\/centro-cee.com\\\/web\\\/wp-content\\\/uploads\\\/2022\\\/12\\\/cropped-logo_educa.png\",\"contentUrl\":\"https:\\\/\\\/centro-cee.com\\\/web\\\/wp-content\\\/uploads\\\/2022\\\/12\\\/cropped-logo_educa.png\",\"width\":157,\"height\":63,\"caption\":\"Centro Europeo E-learning CEE\"},\"image\":{\"@id\":\"https:\\\/\\\/centro-cee.com\\\/web\\\/#\\\/schema\\\/logo\\\/image\\\/\"},\"sameAs\":[\"https:\\\/\\\/www.instagram.com\\\/centroeuropeo_cee\"]}]}<\/script>\n<!-- \/ Yoast SEO plugin. -->","yoast_head_json":{"title":"Especialista en t\u00e9cnicas de enfermer\u00eda en emergencias","description":"Desarrolla tus habilidades y mejora tus conocimientos con nuestra formaci\u00f3n de Especialista en t\u00e9cnicas de enfermer\u00eda en emergencias","robots":{"index":"index","follow":"follow","max-snippet":"max-snippet:-1","max-image-preview":"max-image-preview:large","max-video-preview":"max-video-preview:-1"},"canonical":"https:\/\/centro-cee.com\/web\/producto\/especialista-en-tecnicas-de-enfermeria-en-emergencias\/","og_locale":"es_ES","og_type":"article","og_title":"Especialista en t\u00e9cnicas de enfermer\u00eda en emergencias","og_description":"Desarrolla tus habilidades y mejora tus conocimientos con nuestra formaci\u00f3n de Especialista en t\u00e9cnicas de enfermer\u00eda en emergencias","og_url":"https:\/\/centro-cee.com\/web\/producto\/especialista-en-tecnicas-de-enfermeria-en-emergencias\/","og_site_name":"CEE Centro Europeo E-learning - Cursos online","article_modified_time":"2026-03-13T17:04:22+00:00","og_image":[{"width":526,"height":282,"url":"https:\/\/centro-cee.com\/web\/wp-content\/uploads\/2024\/11\/2rwdesdaz.png","type":"image\/png"}],"twitter_card":"summary_large_image","twitter_misc":{"Tiempo de lectura":"4 minutos"},"schema":{"@context":"https:\/\/schema.org","@graph":[{"@type":"WebPage","@id":"https:\/\/centro-cee.com\/web\/producto\/especialista-en-tecnicas-de-enfermeria-en-emergencias\/","url":"https:\/\/centro-cee.com\/web\/producto\/especialista-en-tecnicas-de-enfermeria-en-emergencias\/","name":"Especialista en t\u00e9cnicas de enfermer\u00eda en emergencias","isPartOf":{"@id":"https:\/\/centro-cee.com\/web\/#website"},"primaryImageOfPage":{"@id":"https:\/\/centro-cee.com\/web\/producto\/especialista-en-tecnicas-de-enfermeria-en-emergencias\/#primaryimage"},"image":{"@id":"https:\/\/centro-cee.com\/web\/producto\/especialista-en-tecnicas-de-enfermeria-en-emergencias\/#primaryimage"},"thumbnailUrl":"https:\/\/centro-cee.com\/web\/wp-content\/uploads\/2024\/11\/2rwdesdaz.png","datePublished":"2024-11-19T12:52:39+00:00","dateModified":"2026-03-13T17:04:22+00:00","description":"Desarrolla tus habilidades y mejora tus conocimientos con nuestra formaci\u00f3n de Especialista en t\u00e9cnicas de enfermer\u00eda en emergencias","breadcrumb":{"@id":"https:\/\/centro-cee.com\/web\/producto\/especialista-en-tecnicas-de-enfermeria-en-emergencias\/#breadcrumb"},"inLanguage":"es","potentialAction":[{"@type":"ReadAction","target":["https:\/\/centro-cee.com\/web\/producto\/especialista-en-tecnicas-de-enfermeria-en-emergencias\/"]}]},{"@type":"ImageObject","inLanguage":"es","@id":"https:\/\/centro-cee.com\/web\/producto\/especialista-en-tecnicas-de-enfermeria-en-emergencias\/#primaryimage","url":"https:\/\/centro-cee.com\/web\/wp-content\/uploads\/2024\/11\/2rwdesdaz.png","contentUrl":"https:\/\/centro-cee.com\/web\/wp-content\/uploads\/2024\/11\/2rwdesdaz.png","width":526,"height":282,"caption":"camilleros por un hospital"},{"@type":"BreadcrumbList","@id":"https:\/\/centro-cee.com\/web\/producto\/especialista-en-tecnicas-de-enfermeria-en-emergencias\/#breadcrumb","itemListElement":[{"@type":"ListItem","position":1,"name":"Portada","item":"https:\/\/centro-cee.com\/web\/"},{"@type":"ListItem","position":2,"name":"Especialista en t\u00e9cnicas de enfermer\u00eda en emergencias"}]},{"@type":"WebSite","@id":"https:\/\/centro-cee.com\/web\/#website","url":"https:\/\/centro-cee.com\/web\/","name":"Centro Europeo E-learning","description":"CEE Formaci\u00f3n Online","publisher":{"@id":"https:\/\/centro-cee.com\/web\/#organization"},"alternateName":"Centro Online de Formaci\u00f3n","potentialAction":[{"@type":"SearchAction","target":{"@type":"EntryPoint","urlTemplate":"https:\/\/centro-cee.com\/web\/?s={search_term_string}"},"query-input":{"@type":"PropertyValueSpecification","valueRequired":true,"valueName":"search_term_string"}}],"inLanguage":"es"},{"@type":"Organization","@id":"https:\/\/centro-cee.com\/web\/#organization","name":"Centro Europeo E-learning CEE","url":"https:\/\/centro-cee.com\/web\/","logo":{"@type":"ImageObject","inLanguage":"es","@id":"https:\/\/centro-cee.com\/web\/#\/schema\/logo\/image\/","url":"https:\/\/centro-cee.com\/web\/wp-content\/uploads\/2022\/12\/cropped-logo_educa.png","contentUrl":"https:\/\/centro-cee.com\/web\/wp-content\/uploads\/2022\/12\/cropped-logo_educa.png","width":157,"height":63,"caption":"Centro Europeo E-learning CEE"},"image":{"@id":"https:\/\/centro-cee.com\/web\/#\/schema\/logo\/image\/"},"sameAs":["https:\/\/www.instagram.com\/centroeuropeo_cee"]}]}},"_links":{"self":[{"href":"https:\/\/centro-cee.com\/web\/wp-json\/wp\/v2\/product\/1791","targetHints":{"allow":["GET"]}}],"collection":[{"href":"https:\/\/centro-cee.com\/web\/wp-json\/wp\/v2\/product"}],"about":[{"href":"https:\/\/centro-cee.com\/web\/wp-json\/wp\/v2\/types\/product"}],"replies":[{"embeddable":true,"href":"https:\/\/centro-cee.com\/web\/wp-json\/wp\/v2\/comments?post=1791"}],"wp:featuredmedia":[{"embeddable":true,"href":"https:\/\/centro-cee.com\/web\/wp-json\/wp\/v2\/media\/1792"}],"wp:attachment":[{"href":"https:\/\/centro-cee.com\/web\/wp-json\/wp\/v2\/media?parent=1791"}],"wp:term":[{"taxonomy":"product_brand","embeddable":true,"href":"https:\/\/centro-cee.com\/web\/wp-json\/wp\/v2\/product_brand?post=1791"},{"taxonomy":"product_cat","embeddable":true,"href":"https:\/\/centro-cee.com\/web\/wp-json\/wp\/v2\/product_cat?post=1791"},{"taxonomy":"product_tag","embeddable":true,"href":"https:\/\/centro-cee.com\/web\/wp-json\/wp\/v2\/product_tag?post=1791"}],"curies":[{"name":"wp","href":"https:\/\/api.w.org\/{rel}","templated":true}]}}