{"id":1789,"date":"2024-11-19T12:49:18","date_gmt":"2024-11-19T12:49:18","guid":{"rendered":"https:\/\/centro-cee.com\/web\/?post_type=product&#038;p=1789"},"modified":"2026-03-13T17:04:32","modified_gmt":"2026-03-13T17:04:32","slug":"administrador-de-fincas-gestion-de-comunidades","status":"publish","type":"product","link":"https:\/\/centro-cee.com\/web\/producto\/administrador-de-fincas-gestion-de-comunidades\/","title":{"rendered":"Administrador de fincas. Gesti\u00f3n de comunidades"},"content":{"rendered":"<p><a href=\"https:\/\/centro-cee.com\/web\/formaciones\/\">Atr\u00e1s<\/a><\/p>\n<p><em><strong>Administrador de fincas. Gesti\u00f3n de comunidades<\/strong><\/em><\/p>\n<p>Toda esta informaci\u00f3n se realiza 100% online en nuestro campus online de formaci\u00f3n.<\/p>\n<p>Las tutor\u00edas se realizan directamente desde el campus de estudio con la opci\u00f3n de mensajer\u00eda a profesores. Las tutorias son \u201ca demanda\u201d, cuando necesites soporte nos lo pides.<\/p>\n<p>Los t\u00edtulos de Centro CEE est\u00e1n autenticados por la firma de notario que valida contenidos y autenticidad a nivel internacional. Nuestra organizaci\u00f3n pertenece a la Asociaci\u00f3n Espa\u00f1ola de Calidad, organizaci\u00f3n Espa\u00f1ola de referencia para la calidad\u00a0en la formaci\u00f3n de auxiliar de enfermer\u00eda. La certificaci\u00f3n se puede apostillar por la Haya para cualquier pa\u00eds firmante del convenio de la Haya.<\/p>\n<p>Se puede pagar a plazos.<\/p>\n<p>Carga horaria de la formaci\u00f3n: 450h<\/p>\n<p>&nbsp;<\/p>\n<h2>Temario<\/h2>\n<hr \/>\n<p><strong>TEMA 1. LA PROPIEDAD HORIZONTAL I. CONSTITUCI\u00d3N Y EXTINCI\u00d3N.<\/strong><\/p>\n<ol>\n<li>Definici\u00f3n.<\/li>\n<li>Formas de creaci\u00f3n. Proceso de constituci\u00f3n.<\/li>\n<li>Requisitos para constituir una comunidad de propietarios.<\/li>\n<li>&#8230;<\/li>\n<\/ol>\n<p><strong>TEMA 2. LA PROPIEDAD HORIZONTAL II. FIGURAS JUR\u00cdDICAS AN\u00c1LOGAS.<\/strong><\/p>\n<ol>\n<li>Las comunidades de bienes y su relaci\u00f3n con la LPH.<\/li>\n<li>Complejos inmobiliarios privados.<\/li>\n<li>El aprovechamiento por turnos de bienes inmuebles.<\/li>\n<li>&#8230;<\/li>\n<\/ol>\n<p><strong>TEMA 3. ASPECTOS B\u00c1SICOS EN LA ADMINISTRACI\u00d3N DE FINCAS: EL TITULO CONSTITUTIVO Y LA CUOTA DE PARTICIPACI\u00d3N.<\/strong><\/p>\n<ol>\n<li>Introducci\u00f3n.<\/li>\n<li>Documentos relativos al inmueble: el titulo constitutivo y la escritura de compraventa. Su diferenciaci\u00f3n.<\/li>\n<li>La cuota de participaci\u00f3n.<\/li>\n<li>&#8230;<\/li>\n<\/ol>\n<p><strong>TEMA 4. ESTATUTOS Y LAS NORMAS DE R\u00c9GIMEN INTERIOR.<\/strong><\/p>\n<ol>\n<li>Los estatutos.<\/li>\n<li>Las normas de r\u00e9gimen interior.<\/li>\n<li>Cuestiones.<\/li>\n<\/ol>\n<p><strong>TEMA 5. \u00d3RGANOS DE GOBIERNO EN LAS COMUNIDADES DE PROPIETARIOS.<\/strong><\/p>\n<ol>\n<li>La junta de propietarios.<\/li>\n<li>El presidente.<\/li>\n<li>El vicepresidente.<\/li>\n<li>El administrador.<\/li>\n<li>&#8230;<\/li>\n<\/ol>\n<p><strong>TEMA 6. ELEMENTOS COMUNES Y PRIVATIVOS.<\/strong><\/p>\n<ol>\n<li>Elementos comunes en general.<\/li>\n<li>Elementos comunes en particular.<\/li>\n<li>Los elementos privativos.<\/li>\n<li>&#8230;<\/li>\n<\/ol>\n<p><strong>TEMA 7. DERECHOS Y OBLIGACIONES EN LA PROPIEDAD HORIZONTAL.<\/strong><\/p>\n<ol>\n<li>Derechos y obligaciones de la comunidad.<\/li>\n<li>Derechos y obligaciones de los propietarios.<\/li>\n<li>Cuestiones.<\/li>\n<\/ol>\n<p><strong>TEMA 8. R\u00c9GIMEN JUR\u00cdDICO DE LAS OBRAS EN ELEMENTOS COMUNES Y PRIVATIVOS EN LAS COMUNIDADES DE VECINOS.<\/strong><\/p>\n<ol>\n<li>Obras en elementos comunes.<\/li>\n<li>Obras en elementos privativos.<\/li>\n<li>Cuestiones.<\/li>\n<\/ol>\n<p><strong>TEMA 9. EL SEGURO EN LAS COMUNIDADES DE PROPIETARIOS.<\/strong><\/p>\n<ol>\n<li>Introducci\u00f3n.<\/li>\n<li>Definici\u00f3n y duraci\u00f3n.<\/li>\n<li>La responsabilidad civil y su relaci\u00f3n con las comunidades de propietarios.<\/li>\n<li>El seguro multiriesgo.<\/li>\n<li>&#8230;<\/li>\n<\/ol>\n<p><strong>TEMA 10. LOS PROCEDIMIENTOS JUDICIALES EN LA LEY DE PROPIEDAD HORIZONTAL.<\/strong><\/p>\n<ol>\n<li>Introducci\u00f3n.<\/li>\n<li>La legitimaci\u00f3n.<\/li>\n<li>La postulaci\u00f3n procesal.<\/li>\n<li>&#8230;<\/li>\n<\/ol>\n<p><strong>TEMA 11. LA CONTABILIDAD EN LAS COMUNIDADES DE PROPIETARIOS.<\/strong><\/p>\n<ol>\n<li>Introducci\u00f3n.<\/li>\n<li>Hip\u00f3tesis de trabajo. Un modelo b\u00e1sico de comunidad de propietarios.<\/li>\n<li>Planificaci\u00f3n contable.<\/li>\n<li>Determinaci\u00f3n de las cuentas necesarias y su desglose.<\/li>\n<li>&#8230;<\/li>\n<\/ol>\n<p><strong>TEMA 12. PERSONAL AL SERVICIO DE LAS COMUNIDADES DE PROPIETARIOS.<\/strong><\/p>\n<ol>\n<li>Introducci\u00f3n.<\/li>\n<li>Contrataci\u00f3n de personal.<\/li>\n<li>Cotizaci\u00f3n a la seguridad social.<\/li>\n<li>&#8230;<\/li>\n<\/ol>\n<p>&nbsp;<\/p>\n<h4>Administraci\u00f3n y Gesti\u00f3n de Comunidades<\/h4>\n<p><strong>UNIDAD DID\u00c1CTICA 1. LA CONSTITUCI\u00d3N DE LA PROPIEDAD HORIZONTAL<\/strong><\/p>\n<ol>\n<li>Concepto de Propiedad Horizontal<\/li>\n<li>La constituci\u00f3n de la propiedad horizontal<\/li>\n<li>Exigencias de las comunidades de propietarios<\/li>\n<li>Aspectos fundamentales de la propiedad horizontal en relaci\u00f3n con el registro de la propiedad<\/li>\n<li>&#8230;<\/li>\n<\/ol>\n<p><strong>UNIDAD DID\u00c1CTICA 2. FIGURAS JUR\u00cdDICAS AN\u00c1LOGAS DE LA PROPIEDAD HORIZONTAL<\/strong><\/p>\n<ol>\n<li>Fundamentos jur\u00eddicos de la comunidad de bienes<\/li>\n<li>La privacidad de los complejos inmobiliarios<\/li>\n<li>Multipropiedad: el aprovechamiento por turnos<\/li>\n<li>&#8230;<\/li>\n<\/ol>\n<p><strong>UNIDAD DID\u00c1CTICA 3. FUNDAMENTOS DEL T\u00cdTULO CONSTITUTIVO Y LA CUOTA DE PARTICIPACI\u00d3N<\/strong><\/p>\n<ol>\n<li>Aspectos introductorios del t\u00edtulo constitutivo y la cuota de participaci\u00f3n<\/li>\n<li>Identificaci\u00f3n y diferenciaci\u00f3n del t\u00edtulo constitutivo y la escritura de compraventa<\/li>\n<li>Fundamentos de la cuota de participaci\u00f3n<\/li>\n<li>&#8230;.<\/li>\n<\/ol>\n<p><strong>UNIDAD DID\u00c1CTICA 4. EL R\u00c9GIMEN INTERIOR: ESTATUTOS Y NORMAS<\/strong><\/p>\n<ol>\n<li>Aspectos fundamentales de los estatutos<\/li>\n<li>Establecimiento de normas de r\u00e9gimen interior<\/li>\n<li>Interrogantes de los estatutos y normas de r\u00e9gimen interior<\/li>\n<\/ol>\n<p><strong>UNIDAD DID\u00c1CTICA 5. EL GOBIERNO DE LAS COMUNIDADES DE PROPIETARIOS<\/strong><\/p>\n<ol>\n<li>Constituci\u00f3n y funciones de la junta de propietarios<\/li>\n<li>La figura del presidente<\/li>\n<li>La figura del vicepresidente<\/li>\n<li>La importancia del administrador<\/li>\n<li>&#8230;<\/li>\n<\/ol>\n<p><strong>UNIDAD DID\u00c1CTICA 6. DIFERENCIACI\u00d3N DE LOS ELEMENTOS COMUNES Y PRIVATIVOS<\/strong><\/p>\n<ol>\n<li>Los elementos comunes necesarios<\/li>\n<li>Especificaci\u00f3n de ciertos elementos comunes<\/li>\n<li>Fundamentaci\u00f3n de los elementos privativos<\/li>\n<li>&#8230;<\/li>\n<\/ol>\n<p><strong>UNIDAD DID\u00c1CTICA 7. PRERROGATIVAS Y DEBERES EN EL R\u00c9GIMEN DE PROPIEDAD HORIZONTAL<\/strong><\/p>\n<ol>\n<li>Los derechos y deberes de la comunidad<\/li>\n<li>Los derechos y deberes de los propietarios<\/li>\n<li>Interrogantes de los derechos y deberes en el r\u00e9gimen de propiedad horizontal<\/li>\n<\/ol>\n<p><strong>UNIDAD DID\u00c1CTICA 8. LA CONSECUCI\u00d3N DE OBRAS EN EL REGIMEN DE PROPIEDAD HORIZONTAL<\/strong><\/p>\n<ol>\n<li>Las obras en elementos y zonas comunes<\/li>\n<li>Las obras en elementos y zonas privativas<\/li>\n<li>Interrogantes de las obras en comunidades de propietarios<\/li>\n<\/ol>\n<p><strong>UNIDAD DID\u00c1CTICA 9. CONTRATACI\u00d3N DEL SEGURO EN LAS COMUNIDADES DE VECINOS<\/strong><\/p>\n<ol>\n<li>Aspectos introductorios del establecimiento de seguros en las comunidades de vecinos<\/li>\n<li>El concepto y la temporalidad de los seguros en las comunidades de vecinos<\/li>\n<li>La determinaci\u00f3n de la responsabilidad civil en las comunidades de vecinos<\/li>\n<li>&#8230;<\/li>\n<\/ol>\n<p><strong>UNIDAD DID\u00c1CTICA 10. PROCESOS JUDICIALES EN EL R\u00c9GIMEN DE LA PROPIEDAD HORIZONTAL <\/strong><\/p>\n<ol>\n<li>Aspectos introductorios de los procedimientos judiciales de la propiedad horizontal<\/li>\n<li>Partes legitimadas en el proceso<\/li>\n<li>Demanda y solicitud procesal<\/li>\n<li>&#8230;<\/li>\n<\/ol>\n<p><strong>UNIDAD DID\u00c1CTICA 11. LA GESTI\u00d3N CONTABLE EN LAS COMUNIDADES DE VECINOS<\/strong><\/p>\n<ol>\n<li>Aspectos introductorios de la contabilidad en las comunidades de vecinos<\/li>\n<li>Supuesto de comunidad de propietarios<\/li>\n<li>Gesti\u00f3n contable de las comunidades de vecinos<\/li>\n<li>&#8230;<\/li>\n<\/ol>\n<p><strong>UNIDAD DID\u00c1CTICA 12. EMPLEADOS EN EL SERVICIO DE LA COMUNIDAD DE VECINOS<\/strong><\/p>\n<ol>\n<li>Aspectos introductorios de la empleabilidad en las comunidades de vecinos<\/li>\n<li>La gesti\u00f3n de los contratos de los empleados de la comunidad de vecinos<\/li>\n<li>Determinaci\u00f3n de la cuant\u00eda de cotizaci\u00f3n a la seguridad social<\/li>\n<li>&#8230;.<\/li>\n<\/ol>\n<p>&nbsp;<\/p>\n<p><em><strong>Administrador de fincas. Gesti\u00f3n de comunidades<\/strong><\/em><\/p>\n<hr \/>\n","protected":false},"excerpt":{"rendered":"<p><a href=\"https:\/\/centro-cee.com\/web\/formaciones\/\">Atr\u00e1s<\/a><\/p>\n<p>Aprende todo sobre la administraci\u00f3n de fincas gracias a este M\u00e1ster Administrador de Fincas. Gesti\u00f3n de Comunidades + Asesor de Mediaci\u00f3n de Seguros, impartido por el Centro Europeo E-learning (CEE).<\/p>\n<p>Con esta formaci\u00f3n, todos los aspectos relacionados con la administraci\u00f3n de fincas, especializado en gesti\u00f3n de comunidades, con contenidos actualizados.<\/p>\n<p>Como es bien sabido todos los edificios tienen que tener constituidos a los vecinos en comunidad de propietarios para gestionar todos los aspectos del edificio que cohabitan.<\/p>\n<p>Todos los aspectos relacionados con la comunidad tienen que estar registrados y supervisados por la comunidad.<\/p>\n","protected":false},"featured_media":1790,"comment_status":"closed","ping_status":"closed","template":"","meta":[],"product_brand":[],"product_cat":[2050,17],"product_tag":[1754,1751,1758,1749,1755,1750,1756,1752,1753,1757],"class_list":{"0":"post-1789","1":"product","2":"type-product","3":"status-publish","4":"has-post-thumbnail","6":"product_cat-cursos-online-empresa","7":"product_cat-master","8":"product_tag-administracion-de-fincas-urbanas","9":"product_tag-administracion-de-propiedades","10":"product_tag-administracion-y-gestion-de-edificios","11":"product_tag-administrador-de-fincas","12":"product_tag-curso-de-administracion-de-fincas","13":"product_tag-gestion-de-comunidades","14":"product_tag-gestion-de-condominios","15":"product_tag-gestion-inmobiliaria","16":"product_tag-mantenimiento-de-comunidades","17":"product_tag-normativa-de-comunidades","19":"first","20":"instock","21":"sale","22":"shipping-taxable","23":"purchasable","24":"product-type-simple"},"yoast_head":"<!-- This site is optimized with the Yoast SEO plugin v27.4 - https:\/\/yoast.com\/product\/yoast-seo-wordpress\/ -->\n<title>Administrador de fincas. Gesti\u00f3n de comunidades<\/title>\n<meta name=\"description\" content=\"Desarrolla tus habilidades y mejora tus conocimientos con nuestra formaci\u00f3n de M\u00e1ster Administrador de fincas. Gesti\u00f3n de comunidades\" \/>\n<meta name=\"robots\" content=\"index, follow, max-snippet:-1, max-image-preview:large, max-video-preview:-1\" \/>\n<link rel=\"canonical\" href=\"https:\/\/centro-cee.com\/web\/producto\/administrador-de-fincas-gestion-de-comunidades\/\" \/>\n<meta property=\"og:locale\" content=\"es_ES\" \/>\n<meta property=\"og:type\" content=\"article\" \/>\n<meta property=\"og:title\" content=\"Administrador de fincas. Gesti\u00f3n de comunidades\" \/>\n<meta property=\"og:description\" content=\"Desarrolla tus habilidades y mejora tus conocimientos con nuestra formaci\u00f3n de M\u00e1ster Administrador de fincas. Gesti\u00f3n de comunidades\" \/>\n<meta property=\"og:url\" content=\"https:\/\/centro-cee.com\/web\/producto\/administrador-de-fincas-gestion-de-comunidades\/\" \/>\n<meta property=\"og:site_name\" content=\"CEE Centro Europeo E-learning - Cursos online\" \/>\n<meta property=\"article:modified_time\" content=\"2026-03-13T17:04:32+00:00\" \/>\n<meta property=\"og:image\" content=\"https:\/\/centro-cee.com\/web\/wp-content\/uploads\/2024\/11\/Captasafsasxsxaura.png\" \/>\n\t<meta property=\"og:image:width\" content=\"545\" \/>\n\t<meta property=\"og:image:height\" content=\"346\" \/>\n\t<meta property=\"og:image:type\" content=\"image\/png\" \/>\n<meta name=\"twitter:card\" content=\"summary_large_image\" \/>\n<meta name=\"twitter:label1\" content=\"Tiempo de lectura\" \/>\n\t<meta name=\"twitter:data1\" content=\"5 minutos\" \/>\n<script type=\"application\/ld+json\" class=\"yoast-schema-graph\">{\"@context\":\"https:\\\/\\\/schema.org\",\"@graph\":[{\"@type\":\"WebPage\",\"@id\":\"https:\\\/\\\/centro-cee.com\\\/web\\\/producto\\\/administrador-de-fincas-gestion-de-comunidades\\\/\",\"url\":\"https:\\\/\\\/centro-cee.com\\\/web\\\/producto\\\/administrador-de-fincas-gestion-de-comunidades\\\/\",\"name\":\"Administrador de fincas. Gesti\u00f3n de comunidades\",\"isPartOf\":{\"@id\":\"https:\\\/\\\/centro-cee.com\\\/web\\\/#website\"},\"primaryImageOfPage\":{\"@id\":\"https:\\\/\\\/centro-cee.com\\\/web\\\/producto\\\/administrador-de-fincas-gestion-de-comunidades\\\/#primaryimage\"},\"image\":{\"@id\":\"https:\\\/\\\/centro-cee.com\\\/web\\\/producto\\\/administrador-de-fincas-gestion-de-comunidades\\\/#primaryimage\"},\"thumbnailUrl\":\"https:\\\/\\\/centro-cee.com\\\/web\\\/wp-content\\\/uploads\\\/2024\\\/11\\\/Captasafsasxsxaura.png\",\"datePublished\":\"2024-11-19T12:49:18+00:00\",\"dateModified\":\"2026-03-13T17:04:32+00:00\",\"description\":\"Desarrolla tus habilidades y mejora tus conocimientos con nuestra formaci\u00f3n de M\u00e1ster Administrador de fincas. Gesti\u00f3n de comunidades\",\"breadcrumb\":{\"@id\":\"https:\\\/\\\/centro-cee.com\\\/web\\\/producto\\\/administrador-de-fincas-gestion-de-comunidades\\\/#breadcrumb\"},\"inLanguage\":\"es\",\"potentialAction\":[{\"@type\":\"ReadAction\",\"target\":[\"https:\\\/\\\/centro-cee.com\\\/web\\\/producto\\\/administrador-de-fincas-gestion-de-comunidades\\\/\"]}]},{\"@type\":\"ImageObject\",\"inLanguage\":\"es\",\"@id\":\"https:\\\/\\\/centro-cee.com\\\/web\\\/producto\\\/administrador-de-fincas-gestion-de-comunidades\\\/#primaryimage\",\"url\":\"https:\\\/\\\/centro-cee.com\\\/web\\\/wp-content\\\/uploads\\\/2024\\\/11\\\/Captasafsasxsxaura.png\",\"contentUrl\":\"https:\\\/\\\/centro-cee.com\\\/web\\\/wp-content\\\/uploads\\\/2024\\\/11\\\/Captasafsasxsxaura.png\",\"width\":545,\"height\":346,\"caption\":\"agente inmobiliario\"},{\"@type\":\"BreadcrumbList\",\"@id\":\"https:\\\/\\\/centro-cee.com\\\/web\\\/producto\\\/administrador-de-fincas-gestion-de-comunidades\\\/#breadcrumb\",\"itemListElement\":[{\"@type\":\"ListItem\",\"position\":1,\"name\":\"Portada\",\"item\":\"https:\\\/\\\/centro-cee.com\\\/web\\\/\"},{\"@type\":\"ListItem\",\"position\":2,\"name\":\"Administrador de fincas. Gesti\u00f3n de comunidades\"}]},{\"@type\":\"WebSite\",\"@id\":\"https:\\\/\\\/centro-cee.com\\\/web\\\/#website\",\"url\":\"https:\\\/\\\/centro-cee.com\\\/web\\\/\",\"name\":\"Centro Europeo E-learning\",\"description\":\"CEE Formaci\u00f3n Online\",\"publisher\":{\"@id\":\"https:\\\/\\\/centro-cee.com\\\/web\\\/#organization\"},\"alternateName\":\"Centro Online de Formaci\u00f3n\",\"potentialAction\":[{\"@type\":\"SearchAction\",\"target\":{\"@type\":\"EntryPoint\",\"urlTemplate\":\"https:\\\/\\\/centro-cee.com\\\/web\\\/?s={search_term_string}\"},\"query-input\":{\"@type\":\"PropertyValueSpecification\",\"valueRequired\":true,\"valueName\":\"search_term_string\"}}],\"inLanguage\":\"es\"},{\"@type\":\"Organization\",\"@id\":\"https:\\\/\\\/centro-cee.com\\\/web\\\/#organization\",\"name\":\"Centro Europeo E-learning CEE\",\"url\":\"https:\\\/\\\/centro-cee.com\\\/web\\\/\",\"logo\":{\"@type\":\"ImageObject\",\"inLanguage\":\"es\",\"@id\":\"https:\\\/\\\/centro-cee.com\\\/web\\\/#\\\/schema\\\/logo\\\/image\\\/\",\"url\":\"https:\\\/\\\/centro-cee.com\\\/web\\\/wp-content\\\/uploads\\\/2022\\\/12\\\/cropped-logo_educa.png\",\"contentUrl\":\"https:\\\/\\\/centro-cee.com\\\/web\\\/wp-content\\\/uploads\\\/2022\\\/12\\\/cropped-logo_educa.png\",\"width\":157,\"height\":63,\"caption\":\"Centro Europeo E-learning CEE\"},\"image\":{\"@id\":\"https:\\\/\\\/centro-cee.com\\\/web\\\/#\\\/schema\\\/logo\\\/image\\\/\"},\"sameAs\":[\"https:\\\/\\\/www.instagram.com\\\/centroeuropeo_cee\"]}]}<\/script>\n<!-- \/ Yoast SEO plugin. -->","yoast_head_json":{"title":"Administrador de fincas. Gesti\u00f3n de comunidades","description":"Desarrolla tus habilidades y mejora tus conocimientos con nuestra formaci\u00f3n de M\u00e1ster Administrador de fincas. Gesti\u00f3n de comunidades","robots":{"index":"index","follow":"follow","max-snippet":"max-snippet:-1","max-image-preview":"max-image-preview:large","max-video-preview":"max-video-preview:-1"},"canonical":"https:\/\/centro-cee.com\/web\/producto\/administrador-de-fincas-gestion-de-comunidades\/","og_locale":"es_ES","og_type":"article","og_title":"Administrador de fincas. Gesti\u00f3n de comunidades","og_description":"Desarrolla tus habilidades y mejora tus conocimientos con nuestra formaci\u00f3n de M\u00e1ster Administrador de fincas. Gesti\u00f3n de comunidades","og_url":"https:\/\/centro-cee.com\/web\/producto\/administrador-de-fincas-gestion-de-comunidades\/","og_site_name":"CEE Centro Europeo E-learning - Cursos online","article_modified_time":"2026-03-13T17:04:32+00:00","og_image":[{"width":545,"height":346,"url":"https:\/\/centro-cee.com\/web\/wp-content\/uploads\/2024\/11\/Captasafsasxsxaura.png","type":"image\/png"}],"twitter_card":"summary_large_image","twitter_misc":{"Tiempo de lectura":"5 minutos"},"schema":{"@context":"https:\/\/schema.org","@graph":[{"@type":"WebPage","@id":"https:\/\/centro-cee.com\/web\/producto\/administrador-de-fincas-gestion-de-comunidades\/","url":"https:\/\/centro-cee.com\/web\/producto\/administrador-de-fincas-gestion-de-comunidades\/","name":"Administrador de fincas. Gesti\u00f3n de comunidades","isPartOf":{"@id":"https:\/\/centro-cee.com\/web\/#website"},"primaryImageOfPage":{"@id":"https:\/\/centro-cee.com\/web\/producto\/administrador-de-fincas-gestion-de-comunidades\/#primaryimage"},"image":{"@id":"https:\/\/centro-cee.com\/web\/producto\/administrador-de-fincas-gestion-de-comunidades\/#primaryimage"},"thumbnailUrl":"https:\/\/centro-cee.com\/web\/wp-content\/uploads\/2024\/11\/Captasafsasxsxaura.png","datePublished":"2024-11-19T12:49:18+00:00","dateModified":"2026-03-13T17:04:32+00:00","description":"Desarrolla tus habilidades y mejora tus conocimientos con nuestra formaci\u00f3n de M\u00e1ster Administrador de fincas. Gesti\u00f3n de comunidades","breadcrumb":{"@id":"https:\/\/centro-cee.com\/web\/producto\/administrador-de-fincas-gestion-de-comunidades\/#breadcrumb"},"inLanguage":"es","potentialAction":[{"@type":"ReadAction","target":["https:\/\/centro-cee.com\/web\/producto\/administrador-de-fincas-gestion-de-comunidades\/"]}]},{"@type":"ImageObject","inLanguage":"es","@id":"https:\/\/centro-cee.com\/web\/producto\/administrador-de-fincas-gestion-de-comunidades\/#primaryimage","url":"https:\/\/centro-cee.com\/web\/wp-content\/uploads\/2024\/11\/Captasafsasxsxaura.png","contentUrl":"https:\/\/centro-cee.com\/web\/wp-content\/uploads\/2024\/11\/Captasafsasxsxaura.png","width":545,"height":346,"caption":"agente inmobiliario"},{"@type":"BreadcrumbList","@id":"https:\/\/centro-cee.com\/web\/producto\/administrador-de-fincas-gestion-de-comunidades\/#breadcrumb","itemListElement":[{"@type":"ListItem","position":1,"name":"Portada","item":"https:\/\/centro-cee.com\/web\/"},{"@type":"ListItem","position":2,"name":"Administrador de fincas. Gesti\u00f3n de comunidades"}]},{"@type":"WebSite","@id":"https:\/\/centro-cee.com\/web\/#website","url":"https:\/\/centro-cee.com\/web\/","name":"Centro Europeo E-learning","description":"CEE Formaci\u00f3n Online","publisher":{"@id":"https:\/\/centro-cee.com\/web\/#organization"},"alternateName":"Centro Online de Formaci\u00f3n","potentialAction":[{"@type":"SearchAction","target":{"@type":"EntryPoint","urlTemplate":"https:\/\/centro-cee.com\/web\/?s={search_term_string}"},"query-input":{"@type":"PropertyValueSpecification","valueRequired":true,"valueName":"search_term_string"}}],"inLanguage":"es"},{"@type":"Organization","@id":"https:\/\/centro-cee.com\/web\/#organization","name":"Centro Europeo E-learning CEE","url":"https:\/\/centro-cee.com\/web\/","logo":{"@type":"ImageObject","inLanguage":"es","@id":"https:\/\/centro-cee.com\/web\/#\/schema\/logo\/image\/","url":"https:\/\/centro-cee.com\/web\/wp-content\/uploads\/2022\/12\/cropped-logo_educa.png","contentUrl":"https:\/\/centro-cee.com\/web\/wp-content\/uploads\/2022\/12\/cropped-logo_educa.png","width":157,"height":63,"caption":"Centro Europeo E-learning CEE"},"image":{"@id":"https:\/\/centro-cee.com\/web\/#\/schema\/logo\/image\/"},"sameAs":["https:\/\/www.instagram.com\/centroeuropeo_cee"]}]}},"_links":{"self":[{"href":"https:\/\/centro-cee.com\/web\/wp-json\/wp\/v2\/product\/1789","targetHints":{"allow":["GET"]}}],"collection":[{"href":"https:\/\/centro-cee.com\/web\/wp-json\/wp\/v2\/product"}],"about":[{"href":"https:\/\/centro-cee.com\/web\/wp-json\/wp\/v2\/types\/product"}],"replies":[{"embeddable":true,"href":"https:\/\/centro-cee.com\/web\/wp-json\/wp\/v2\/comments?post=1789"}],"wp:featuredmedia":[{"embeddable":true,"href":"https:\/\/centro-cee.com\/web\/wp-json\/wp\/v2\/media\/1790"}],"wp:attachment":[{"href":"https:\/\/centro-cee.com\/web\/wp-json\/wp\/v2\/media?parent=1789"}],"wp:term":[{"taxonomy":"product_brand","embeddable":true,"href":"https:\/\/centro-cee.com\/web\/wp-json\/wp\/v2\/product_brand?post=1789"},{"taxonomy":"product_cat","embeddable":true,"href":"https:\/\/centro-cee.com\/web\/wp-json\/wp\/v2\/product_cat?post=1789"},{"taxonomy":"product_tag","embeddable":true,"href":"https:\/\/centro-cee.com\/web\/wp-json\/wp\/v2\/product_tag?post=1789"}],"curies":[{"name":"wp","href":"https:\/\/api.w.org\/{rel}","templated":true}]}}