{"id":1781,"date":"2024-11-18T12:57:22","date_gmt":"2024-11-18T12:57:22","guid":{"rendered":"https:\/\/centro-cee.com\/web\/?post_type=product&#038;p=1781"},"modified":"2026-03-13T17:05:22","modified_gmt":"2026-03-13T17:05:22","slug":"experto-en-organizacion-y-gestion-de-eventos-deportivos","status":"publish","type":"product","link":"https:\/\/centro-cee.com\/web\/producto\/experto-en-organizacion-y-gestion-de-eventos-deportivos\/","title":{"rendered":"Experto en organizaci\u00f3n y gesti\u00f3n de eventos deportivos"},"content":{"rendered":"<p><a href=\"https:\/\/centro-cee.com\/web\/formaciones\/\">Atr\u00e1s<\/a><\/p>\n<p><em><strong>Experto en organizaci\u00f3n y gesti\u00f3n de eventos deportivos<\/strong><\/em><\/p>\n<p>Toda esta informaci\u00f3n se realiza 100% online en nuestro campus online de formaci\u00f3n.<\/p>\n<p>Las tutor\u00edas se realizan directamente desde el campus de estudio con la opci\u00f3n de mensajer\u00eda a profesores. Las tutorias son \u201ca demanda\u201d, cuando necesites soporte nos lo pides.<\/p>\n<p>Los t\u00edtulos de Centro CEE est\u00e1n autenticados por la firma de notario que valida contenidos y autenticidad a nivel internacional. Nuestra organizaci\u00f3n pertenece a la Asociaci\u00f3n Espa\u00f1ola de Calidad, organizaci\u00f3n Espa\u00f1ola de referencia para la calidad\u00a0en la formaci\u00f3n de auxiliar de enfermer\u00eda. La certificaci\u00f3n se puede apostillar por la Haya para cualquier pa\u00eds firmante del convenio de la Haya.<\/p>\n<p>Se puede pagar a plazos.<\/p>\n<p>Carga horaria de la formaci\u00f3n: 300h<\/p>\n<p>&nbsp;<\/p>\n<h2>Temario<\/h2>\n<hr \/>\n<p>UNIDAD DID\u00c1CTICA 1. ORGANIZACI\u00d3N DE REUNIONES<br \/>\n1. Introducci\u00f3n<br \/>\n2. Tipos de reuniones<br \/>\n3. Terminolog\u00eda usada en reuniones, juntas y asambleas<br \/>\n4. \u2026<br \/>\nUNIDAD DID\u00c1CTICA 2. ORGANIZACI\u00d3N DE EVENTOS<br \/>\n1. Tipos de eventos<br \/>\n2. Organizaci\u00f3n del evento<br \/>\n3. ..<br \/>\nUNIDAD DID\u00c1CTICA 3. RELACIONES P\u00daBLICAS<br \/>\n1. Definici\u00f3n y Concepto de Relaciones P\u00fablicas<br \/>\n2. Como montar una operaci\u00f3n de Relaciones P\u00fablicas<br \/>\nUNIDAD DID\u00c1CTICA 4. DISE\u00d1O DE UN EVENTO DEPORTIVO<br \/>\n1. Deporte y Protocolo<br \/>\n2. Esquema general de la organizaci\u00f3n y gesti\u00f3n de un evento deportivo<br \/>\n3. Estrategia de marketing<br \/>\n4. \u2026<br \/>\nUNIDAD DID\u00c1CTICA 5. PLANIFICACI\u00d3N DEPORTIVA<br \/>\n1. Planificaci\u00f3n estrat\u00e9gica<br \/>\n2. Fases de la planificaci\u00f3n estrat\u00e9gica<br \/>\n3. Planificaci\u00f3n deportiva<br \/>\n4. Tipos de planificaciones<br \/>\n5. \u2026<br \/>\nUNIDAD DID\u00c1CTICA 6. LA INFRAESTRUCTURA DEPORTIVA<br \/>\n1. Direcci\u00f3n de Infraestructura deportiva<br \/>\n2. Subdirecci\u00f3n de Infraestructura deportiva<br \/>\n3. Departamento de mantenimiento de infraestructura<br \/>\n4. Subdirecci\u00f3n de planeaci\u00f3n y proyectos<br \/>\n5. \u2026<br \/>\nUNIDAD DID\u00c1CTICA 7. EL PATROCINIO DE LOS EVENTOS DEPORTIVOS<br \/>\n1. Introducci\u00f3n<br \/>\n2. El patrocinio deportivo en Espa\u00f1a<br \/>\n3. Las posibilidades publicitarias de los eventos deportivos<br \/>\n4. \u2026<br \/>\nUNIDAD DID\u00c1CTICA 8. LOS BENEFICIOS DE LA ORGANIZACI\u00d3N DE EVENTOS DEPORTIVOS<br \/>\n1. Beneficios socioecon\u00f3micos fundamentales<br \/>\n2. Beneficios sociopol\u00edticos<br \/>\n3. La repercusi\u00f3n de la imagen de las ciudades y los pa\u00edses y el impacto sobre el turismo de los grandes eventos<br \/>\nUNIDAD DID\u00c1CTICA 9. ANEXO. LEY ESTATAL DEL DEPORTE<br \/>\n1. Principios generales<br \/>\n2. El consejo superior de deportes<br \/>\n3. Las asociaciones deportivas<br \/>\n4. De las competiciones<br \/>\n5. El comit\u00e9 ol\u00edmpico y el comit\u00e9 paral\u00edmpico Espa\u00f1oles<br \/>\n6. El deporte de alto nivel<br \/>\n7. Investigaci\u00f3n y ense\u00f1anzas deportivas<br \/>\n8. Control de las sustancias y m\u00e9todos prohibidos en el deporte y seguridad en la \u2026.<\/p>\n<p>GESTI\u00d3N DE PROYECTOS<br \/>\n\u00cdNDICE DE CONTENIDOS<\/p>\n<p>1. CONCEPTOS B\u00c1SICOS<br \/>\n1.1. Gesti\u00f3n de proyectos.<br \/>\n1.2. Concepto de proyecto.<br \/>\n1.3. Caracter\u00edsticas de los proyectos.<br \/>\n1.4. Naturaleza especial de los proyectos.<br \/>\n1.5. \u2026<\/p>\n<p>2. FASES EN LA ELABORACI\u00d3N DE UN PROYECTO<br \/>\n2.1. Fases en la elaboraci\u00f3n de un proyecto.<br \/>\n2.2. Presentaci\u00f3n de la oferta.<br \/>\n2.3. Estudios de viabilidad.<br \/>\n2.4. An\u00e1lisis de riesgos.<br \/>\n2.5. ..<\/p>\n<p>3. T\u00c9CNICAS DE PLANIFICACI\u00d3N<br \/>\n3.1. Introducci\u00f3n.<br \/>\n3.2. Gr\u00e1fico de Gantt.<br \/>\n3.3. PERT\/CPM.<br \/>\n3.4. \u2026<\/p>\n<p>4. CONTROL Y GESTI\u00d3N<br \/>\n4.1. Control de calidad, plazos y costes.<br \/>\n4.2. Gesti\u00f3n de costes.<br \/>\n4.3. Gesti\u00f3n de calidad.<\/p>\n<p>5. DOCUMENTACI\u00d3N Y APOYO INFORM\u00c1TICO<br \/>\n5.1. Objetivos.<br \/>\n5.2. Requisitos.<br \/>\n5.3. Control de la documentaci\u00f3n.<\/p>\n<p><em><strong>Experto en organizaci\u00f3n y gesti\u00f3n de eventos deportivos<\/strong><\/em><\/p>\n<hr \/>\n","protected":false},"excerpt":{"rendered":"<p><a href=\"https:\/\/centro-cee.com\/web\/formaciones\/\">Atr\u00e1s<\/a><\/p>\n<p>Si est\u00e1s pensando en hacer un estudio adicional pero que no te consuma mucho tiempo,  aprovecha esta ocasi\u00f3n para conocer el EXPERTO EN ORGANIZACI\u00d3N Y GESTI\u00d3N DE EVENTOS DEPORTIVOS + GESTOR DE PROYECTOS disponible en Emagister que ha dise\u00f1ado e imparte el centro CEE CENTRO EUROPEO E-LEARNING para que puedas formarte en lo que tanto te gusta.<\/p>\n<p>Este curso, te abrir\u00e1 las puertas al sector laboral ya que durante tu formaci\u00f3n adquirir\u00e1s las competencias necesarias que requiere la gesti\u00f3n de eventos deportivos y el funcionamiento adecuado en una gesti\u00f3n de proyectos de empresas del sector. El centro, ha dise\u00f1ado un temario completo que se basa en brindar contenidos que se puedan seguir de manera aut\u00f3noma ya que la formaci\u00f3n se realiza en modalidad online.<\/p>\n","protected":false},"featured_media":1782,"comment_status":"closed","ping_status":"closed","template":"","meta":[],"product_brand":[],"product_cat":[2052,1798,2050,34],"product_tag":[1716,1718,1717,1713,1711,1714,1715,1710,1719,1712],"class_list":{"0":"post-1781","1":"product","2":"type-product","3":"status-publish","4":"has-post-thumbnail","6":"product_cat-cursos-educacion","7":"product_cat-cursos-fef","8":"product_cat-cursos-online-empresa","9":"product_cat-tecnicos","10":"product_tag-administracion-deportiva","11":"product_tag-curso-de-gestion-deportiva","12":"product_tag-direccion-de-competiciones-deportivas","13":"product_tag-experto-en-eventos-deportivos","14":"product_tag-gestion-de-eventos-deportivos","15":"product_tag-logistica-en-eventos-deportivos","16":"product_tag-marketing-deportivo","17":"product_tag-organizacion-de-eventos-deportivos","18":"product_tag-planificacion-de-actividades-deportivas","19":"product_tag-planificacion-deportiva","21":"first","22":"instock","23":"sale","24":"shipping-taxable","25":"purchasable","26":"product-type-simple"},"yoast_head":"<!-- This site is optimized with the Yoast SEO plugin v27.5 - https:\/\/yoast.com\/product\/yoast-seo-wordpress\/ -->\n<title>Experto en organizaci\u00f3n y gesti\u00f3n de eventos deportivos<\/title>\n<meta name=\"description\" content=\"Desarrolla tus habilidades y mejora tus conocimientos con nuestra formaci\u00f3n de Experto en organizaci\u00f3n y gesti\u00f3n de eventos deportivos\" \/>\n<meta name=\"robots\" content=\"index, follow, max-snippet:-1, max-image-preview:large, max-video-preview:-1\" \/>\n<link rel=\"canonical\" href=\"https:\/\/centro-cee.com\/web\/producto\/experto-en-organizacion-y-gestion-de-eventos-deportivos\/\" \/>\n<meta property=\"og:locale\" content=\"es_ES\" \/>\n<meta property=\"og:type\" content=\"article\" \/>\n<meta property=\"og:title\" content=\"Experto en organizaci\u00f3n y gesti\u00f3n de eventos deportivos\" \/>\n<meta property=\"og:description\" content=\"Desarrolla tus habilidades y mejora tus conocimientos con nuestra formaci\u00f3n de Experto en organizaci\u00f3n y gesti\u00f3n de eventos deportivos\" \/>\n<meta property=\"og:url\" content=\"https:\/\/centro-cee.com\/web\/producto\/experto-en-organizacion-y-gestion-de-eventos-deportivos\/\" \/>\n<meta property=\"og:site_name\" content=\"CEE Centro Europeo E-learning - Cursos online\" \/>\n<meta property=\"article:modified_time\" content=\"2026-03-13T17:05:22+00:00\" \/>\n<meta property=\"og:image\" content=\"https:\/\/centro-cee.com\/web\/wp-content\/uploads\/2024\/11\/Captsafaszxura.png\" \/>\n\t<meta property=\"og:image:width\" content=\"320\" \/>\n\t<meta property=\"og:image:height\" content=\"278\" \/>\n\t<meta property=\"og:image:type\" content=\"image\/png\" \/>\n<meta name=\"twitter:card\" content=\"summary_large_image\" \/>\n<meta name=\"twitter:label1\" content=\"Tiempo de lectura\" \/>\n\t<meta name=\"twitter:data1\" content=\"5 minutos\" \/>\n<script type=\"application\/ld+json\" class=\"yoast-schema-graph\">{\"@context\":\"https:\\\/\\\/schema.org\",\"@graph\":[{\"@type\":\"WebPage\",\"@id\":\"https:\\\/\\\/centro-cee.com\\\/web\\\/producto\\\/experto-en-organizacion-y-gestion-de-eventos-deportivos\\\/\",\"url\":\"https:\\\/\\\/centro-cee.com\\\/web\\\/producto\\\/experto-en-organizacion-y-gestion-de-eventos-deportivos\\\/\",\"name\":\"Experto en organizaci\u00f3n y gesti\u00f3n de eventos deportivos\",\"isPartOf\":{\"@id\":\"https:\\\/\\\/centro-cee.com\\\/web\\\/#website\"},\"primaryImageOfPage\":{\"@id\":\"https:\\\/\\\/centro-cee.com\\\/web\\\/producto\\\/experto-en-organizacion-y-gestion-de-eventos-deportivos\\\/#primaryimage\"},\"image\":{\"@id\":\"https:\\\/\\\/centro-cee.com\\\/web\\\/producto\\\/experto-en-organizacion-y-gestion-de-eventos-deportivos\\\/#primaryimage\"},\"thumbnailUrl\":\"https:\\\/\\\/centro-cee.com\\\/web\\\/wp-content\\\/uploads\\\/2024\\\/11\\\/Captsafaszxura.png\",\"datePublished\":\"2024-11-18T12:57:22+00:00\",\"dateModified\":\"2026-03-13T17:05:22+00:00\",\"description\":\"Desarrolla tus habilidades y mejora tus conocimientos con nuestra formaci\u00f3n de Experto en organizaci\u00f3n y gesti\u00f3n de eventos deportivos\",\"breadcrumb\":{\"@id\":\"https:\\\/\\\/centro-cee.com\\\/web\\\/producto\\\/experto-en-organizacion-y-gestion-de-eventos-deportivos\\\/#breadcrumb\"},\"inLanguage\":\"es\",\"potentialAction\":[{\"@type\":\"ReadAction\",\"target\":[\"https:\\\/\\\/centro-cee.com\\\/web\\\/producto\\\/experto-en-organizacion-y-gestion-de-eventos-deportivos\\\/\"]}]},{\"@type\":\"ImageObject\",\"inLanguage\":\"es\",\"@id\":\"https:\\\/\\\/centro-cee.com\\\/web\\\/producto\\\/experto-en-organizacion-y-gestion-de-eventos-deportivos\\\/#primaryimage\",\"url\":\"https:\\\/\\\/centro-cee.com\\\/web\\\/wp-content\\\/uploads\\\/2024\\\/11\\\/Captsafaszxura.png\",\"contentUrl\":\"https:\\\/\\\/centro-cee.com\\\/web\\\/wp-content\\\/uploads\\\/2024\\\/11\\\/Captsafaszxura.png\",\"width\":320,\"height\":278,\"caption\":\"gesti\u00f3n de eventos deportivos\"},{\"@type\":\"BreadcrumbList\",\"@id\":\"https:\\\/\\\/centro-cee.com\\\/web\\\/producto\\\/experto-en-organizacion-y-gestion-de-eventos-deportivos\\\/#breadcrumb\",\"itemListElement\":[{\"@type\":\"ListItem\",\"position\":1,\"name\":\"Portada\",\"item\":\"https:\\\/\\\/centro-cee.com\\\/web\\\/\"},{\"@type\":\"ListItem\",\"position\":2,\"name\":\"Experto en organizaci\u00f3n y gesti\u00f3n de eventos deportivos\"}]},{\"@type\":\"WebSite\",\"@id\":\"https:\\\/\\\/centro-cee.com\\\/web\\\/#website\",\"url\":\"https:\\\/\\\/centro-cee.com\\\/web\\\/\",\"name\":\"Centro Europeo E-learning\",\"description\":\"CEE Formaci\u00f3n Online\",\"publisher\":{\"@id\":\"https:\\\/\\\/centro-cee.com\\\/web\\\/#organization\"},\"alternateName\":\"Centro Online de Formaci\u00f3n\",\"potentialAction\":[{\"@type\":\"SearchAction\",\"target\":{\"@type\":\"EntryPoint\",\"urlTemplate\":\"https:\\\/\\\/centro-cee.com\\\/web\\\/?s={search_term_string}\"},\"query-input\":{\"@type\":\"PropertyValueSpecification\",\"valueRequired\":true,\"valueName\":\"search_term_string\"}}],\"inLanguage\":\"es\"},{\"@type\":\"Organization\",\"@id\":\"https:\\\/\\\/centro-cee.com\\\/web\\\/#organization\",\"name\":\"Centro Europeo E-learning CEE\",\"url\":\"https:\\\/\\\/centro-cee.com\\\/web\\\/\",\"logo\":{\"@type\":\"ImageObject\",\"inLanguage\":\"es\",\"@id\":\"https:\\\/\\\/centro-cee.com\\\/web\\\/#\\\/schema\\\/logo\\\/image\\\/\",\"url\":\"https:\\\/\\\/centro-cee.com\\\/web\\\/wp-content\\\/uploads\\\/2022\\\/12\\\/cropped-logo_educa.png\",\"contentUrl\":\"https:\\\/\\\/centro-cee.com\\\/web\\\/wp-content\\\/uploads\\\/2022\\\/12\\\/cropped-logo_educa.png\",\"width\":157,\"height\":63,\"caption\":\"Centro Europeo E-learning CEE\"},\"image\":{\"@id\":\"https:\\\/\\\/centro-cee.com\\\/web\\\/#\\\/schema\\\/logo\\\/image\\\/\"},\"sameAs\":[\"https:\\\/\\\/www.instagram.com\\\/centroeuropeo_cee\"]}]}<\/script>\n<!-- \/ Yoast SEO plugin. -->","yoast_head_json":{"title":"Experto en organizaci\u00f3n y gesti\u00f3n de eventos deportivos","description":"Desarrolla tus habilidades y mejora tus conocimientos con nuestra formaci\u00f3n de Experto en organizaci\u00f3n y gesti\u00f3n de eventos deportivos","robots":{"index":"index","follow":"follow","max-snippet":"max-snippet:-1","max-image-preview":"max-image-preview:large","max-video-preview":"max-video-preview:-1"},"canonical":"https:\/\/centro-cee.com\/web\/producto\/experto-en-organizacion-y-gestion-de-eventos-deportivos\/","og_locale":"es_ES","og_type":"article","og_title":"Experto en organizaci\u00f3n y gesti\u00f3n de eventos deportivos","og_description":"Desarrolla tus habilidades y mejora tus conocimientos con nuestra formaci\u00f3n de Experto en organizaci\u00f3n y gesti\u00f3n de eventos deportivos","og_url":"https:\/\/centro-cee.com\/web\/producto\/experto-en-organizacion-y-gestion-de-eventos-deportivos\/","og_site_name":"CEE Centro Europeo E-learning - Cursos online","article_modified_time":"2026-03-13T17:05:22+00:00","og_image":[{"width":320,"height":278,"url":"https:\/\/centro-cee.com\/web\/wp-content\/uploads\/2024\/11\/Captsafaszxura.png","type":"image\/png"}],"twitter_card":"summary_large_image","twitter_misc":{"Tiempo de lectura":"5 minutos"},"schema":{"@context":"https:\/\/schema.org","@graph":[{"@type":"WebPage","@id":"https:\/\/centro-cee.com\/web\/producto\/experto-en-organizacion-y-gestion-de-eventos-deportivos\/","url":"https:\/\/centro-cee.com\/web\/producto\/experto-en-organizacion-y-gestion-de-eventos-deportivos\/","name":"Experto en organizaci\u00f3n y gesti\u00f3n de eventos deportivos","isPartOf":{"@id":"https:\/\/centro-cee.com\/web\/#website"},"primaryImageOfPage":{"@id":"https:\/\/centro-cee.com\/web\/producto\/experto-en-organizacion-y-gestion-de-eventos-deportivos\/#primaryimage"},"image":{"@id":"https:\/\/centro-cee.com\/web\/producto\/experto-en-organizacion-y-gestion-de-eventos-deportivos\/#primaryimage"},"thumbnailUrl":"https:\/\/centro-cee.com\/web\/wp-content\/uploads\/2024\/11\/Captsafaszxura.png","datePublished":"2024-11-18T12:57:22+00:00","dateModified":"2026-03-13T17:05:22+00:00","description":"Desarrolla tus habilidades y mejora tus conocimientos con nuestra formaci\u00f3n de Experto en organizaci\u00f3n y gesti\u00f3n de eventos deportivos","breadcrumb":{"@id":"https:\/\/centro-cee.com\/web\/producto\/experto-en-organizacion-y-gestion-de-eventos-deportivos\/#breadcrumb"},"inLanguage":"es","potentialAction":[{"@type":"ReadAction","target":["https:\/\/centro-cee.com\/web\/producto\/experto-en-organizacion-y-gestion-de-eventos-deportivos\/"]}]},{"@type":"ImageObject","inLanguage":"es","@id":"https:\/\/centro-cee.com\/web\/producto\/experto-en-organizacion-y-gestion-de-eventos-deportivos\/#primaryimage","url":"https:\/\/centro-cee.com\/web\/wp-content\/uploads\/2024\/11\/Captsafaszxura.png","contentUrl":"https:\/\/centro-cee.com\/web\/wp-content\/uploads\/2024\/11\/Captsafaszxura.png","width":320,"height":278,"caption":"gesti\u00f3n de eventos deportivos"},{"@type":"BreadcrumbList","@id":"https:\/\/centro-cee.com\/web\/producto\/experto-en-organizacion-y-gestion-de-eventos-deportivos\/#breadcrumb","itemListElement":[{"@type":"ListItem","position":1,"name":"Portada","item":"https:\/\/centro-cee.com\/web\/"},{"@type":"ListItem","position":2,"name":"Experto en organizaci\u00f3n y gesti\u00f3n de eventos deportivos"}]},{"@type":"WebSite","@id":"https:\/\/centro-cee.com\/web\/#website","url":"https:\/\/centro-cee.com\/web\/","name":"Centro Europeo E-learning","description":"CEE Formaci\u00f3n Online","publisher":{"@id":"https:\/\/centro-cee.com\/web\/#organization"},"alternateName":"Centro Online de Formaci\u00f3n","potentialAction":[{"@type":"SearchAction","target":{"@type":"EntryPoint","urlTemplate":"https:\/\/centro-cee.com\/web\/?s={search_term_string}"},"query-input":{"@type":"PropertyValueSpecification","valueRequired":true,"valueName":"search_term_string"}}],"inLanguage":"es"},{"@type":"Organization","@id":"https:\/\/centro-cee.com\/web\/#organization","name":"Centro Europeo E-learning CEE","url":"https:\/\/centro-cee.com\/web\/","logo":{"@type":"ImageObject","inLanguage":"es","@id":"https:\/\/centro-cee.com\/web\/#\/schema\/logo\/image\/","url":"https:\/\/centro-cee.com\/web\/wp-content\/uploads\/2022\/12\/cropped-logo_educa.png","contentUrl":"https:\/\/centro-cee.com\/web\/wp-content\/uploads\/2022\/12\/cropped-logo_educa.png","width":157,"height":63,"caption":"Centro Europeo E-learning CEE"},"image":{"@id":"https:\/\/centro-cee.com\/web\/#\/schema\/logo\/image\/"},"sameAs":["https:\/\/www.instagram.com\/centroeuropeo_cee"]}]}},"_links":{"self":[{"href":"https:\/\/centro-cee.com\/web\/wp-json\/wp\/v2\/product\/1781","targetHints":{"allow":["GET"]}}],"collection":[{"href":"https:\/\/centro-cee.com\/web\/wp-json\/wp\/v2\/product"}],"about":[{"href":"https:\/\/centro-cee.com\/web\/wp-json\/wp\/v2\/types\/product"}],"replies":[{"embeddable":true,"href":"https:\/\/centro-cee.com\/web\/wp-json\/wp\/v2\/comments?post=1781"}],"wp:featuredmedia":[{"embeddable":true,"href":"https:\/\/centro-cee.com\/web\/wp-json\/wp\/v2\/media\/1782"}],"wp:attachment":[{"href":"https:\/\/centro-cee.com\/web\/wp-json\/wp\/v2\/media?parent=1781"}],"wp:term":[{"taxonomy":"product_brand","embeddable":true,"href":"https:\/\/centro-cee.com\/web\/wp-json\/wp\/v2\/product_brand?post=1781"},{"taxonomy":"product_cat","embeddable":true,"href":"https:\/\/centro-cee.com\/web\/wp-json\/wp\/v2\/product_cat?post=1781"},{"taxonomy":"product_tag","embeddable":true,"href":"https:\/\/centro-cee.com\/web\/wp-json\/wp\/v2\/product_tag?post=1781"}],"curies":[{"name":"wp","href":"https:\/\/api.w.org\/{rel}","templated":true}]}}