{"id":1776,"date":"2024-11-18T11:38:17","date_gmt":"2024-11-18T11:38:17","guid":{"rendered":"https:\/\/centro-cee.com\/web\/?post_type=product&#038;p=1776"},"modified":"2026-03-13T17:05:32","modified_gmt":"2026-03-13T17:05:32","slug":"master-en-rehabilitacion-deportiva-y-tratamiento-de-lesiones","status":"publish","type":"product","link":"https:\/\/centro-cee.com\/web\/producto\/master-en-rehabilitacion-deportiva-y-tratamiento-de-lesiones\/","title":{"rendered":"M\u00e1ster en rehabilitaci\u00f3n deportiva y tratamiento de lesiones"},"content":{"rendered":"<p><a href=\"https:\/\/centro-cee.com\/web\/formaciones\/\">Atr\u00e1s<\/a><\/p>\n<p><em><strong>M\u00e1ster en rehabilitaci\u00f3n deportiva y tratamiento de lesiones<\/strong><\/em><\/p>\n<p>Toda esta informaci\u00f3n se realiza 100% online en nuestro campus online de formaci\u00f3n.<\/p>\n<p>Las tutor\u00edas se realizan directamente desde el campus de estudio con la opci\u00f3n de mensajer\u00eda a profesores. Las tutorias son \u201ca demanda\u201d, cuando necesites soporte nos lo pides.<\/p>\n<p>Los t\u00edtulos de Centro CEE est\u00e1n autenticados por la firma de notario que valida contenidos y autenticidad a nivel internacional. Nuestra organizaci\u00f3n pertenece a la Asociaci\u00f3n Espa\u00f1ola de Calidad, organizaci\u00f3n Espa\u00f1ola de referencia para la calidad\u00a0en la formaci\u00f3n de auxiliar de enfermer\u00eda. La certificaci\u00f3n se puede apostillar por la Haya para cualquier pa\u00eds firmante del convenio de la Haya.<\/p>\n<p>Se puede pagar a plazos.<\/p>\n<p>Carga horaria de la formaci\u00f3n: 600h<\/p>\n<p>&nbsp;<\/p>\n<h2>Temario<\/h2>\n<hr \/>\n<p>1. M\u00d3DULO 1. INTRODUCCI\u00d3N AL MASAJE DEPORTIVO<\/p>\n<p>TEMA 1. EXPLORACI\u00d3N Y T\u00c9CNICAS B\u00c1SICAS<br \/>\n1. La exploraci\u00f3n<br \/>\n2. T\u00e9cnicas b\u00e1sicas en masaje deportivo<\/p>\n<p>TEMA 2. TERAPIA MASAJ\u00cdSTICA Y DE ZONAS REFLEJAS<br \/>\n1. Fundamentos de la terapia masaj\u00edstica<br \/>\n2. Tipos de masaje<\/p>\n<p>TEMA 3. HIDROTERAPIA, TERMOTERAPIA Y CRIOTERAPIA<br \/>\n1. Hidroterapia<br \/>\n2. Termoterapia<\/p>\n<p>TEMA 4. MOVILIZACIONES<br \/>\n1. Movimiento<br \/>\n2. La parada<\/p>\n<p>TEMA 5. TECNOLOG\u00cdA SANITARIA<br \/>\n1. Laserterapia<br \/>\n2. Electroterapia<br \/>\n3. Ultrasonido<\/p>\n<p>TEMA 6. MANIOBRAS B\u00c1SICAS DEL MASAJE DEPORTIVO<br \/>\n1. Par\u00e1metros generales<br \/>\n2. Pases sedantes<br \/>\n3. Amasamientos<br \/>\n4. Percusiones<\/p>\n<p>TEMA 7. PR\u00c1CTICA DEL MASAJE DEPORTIVO: ESPALDA<br \/>\n1. Osteolog\u00eda de la espalda<br \/>\n2. Musculatura de la espalda<\/p>\n<p>TEMA 8. PR\u00c1CTICA DEL MASAJE DEPORTIVO: MIEMBROS INFERIORES<br \/>\n1. Osteolog\u00eda del miembro inferior<br \/>\n2. Musculatura del miembro inferior<\/p>\n<p>TEMA 9. PR\u00c1CTICA DEL MASAJE DEPORTIVO: MIEMBROS SUPERIORES<br \/>\n1. Osteolog\u00eda del miembro superior<br \/>\n2. Musculatura del miembro superior<\/p>\n<p>TEMA 10. PR\u00c1CTICA DEL MASAJE DEPORTIVO: EL PIE<br \/>\n1. Osteolog\u00eda del pie<br \/>\n2. Musculatura del pie<\/p>\n<p>TEMA 11. PR\u00c1CTICA DEL MASAJE DEPORTIVO: ABDOMEN<br \/>\n1. Osteolog\u00eda del abdomen<br \/>\n2. Aplicaci\u00f3n pr\u00e1ctica del masaje deportivo<\/p>\n<p>TEMA 12. PR\u00c1CTICA DEL MASAJE DEPORTIVO: T\u00d3RAX<br \/>\n1. Osteolog\u00eda del t\u00f3rax<br \/>\n2. Musculatura del t\u00f3rax<\/p>\n<p>TEMA 13. RECEPCI\u00d3N, COMUNICACI\u00d3N Y ATENCI\u00d3N AL CLIENTE<br \/>\n1. Atenci\u00f3n al cliente<br \/>\n2. Tipos de clientes<\/p>\n<p>TEMA 14. FUNDAMENTOS DE LA REHABILITACI\u00d3N<br \/>\n1. La rehabilitaci\u00f3n como especialidad m\u00e9dica<br \/>\n2. La discapacidad<br \/>\n3. Epidemiolog\u00eda de la discapacidad<\/p>\n<p>TEMA 15. T\u00c9CNICAS DE REHABILITACI\u00d3N I<br \/>\n1. Infiltraciones intraarticulares y musculares<br \/>\n2. Terapia ocupacional<br \/>\n3. Ayudas t\u00e9cnicas<\/p>\n<p>TEMA 16. T\u00c9CNICAS DE REHABILITACI\u00d3N II<br \/>\n1. Medios auxiliares<br \/>\n2. Ortesis<br \/>\n3. Pr\u00f3tesis<\/p>\n<p>TEMA 17. PRINCIPALES PATOLOG\u00cdAS SUSCEPTIBLES DE REHABILITACI\u00d3N (I)<br \/>\n1. Artritis<br \/>\n2. Mano reum\u00e1tica<br \/>\n3. Conservaci\u00f3n de la artrosis<\/p>\n<p>TEMA 18. PRINCIPALES PATOLOG\u00cdAS SUSCEPTIBLES DE REHABILITACI\u00d3N (II)<br \/>\n1. Fibromialgia<br \/>\n2. Dolor cervical<\/p>\n<p>TEMA 19. REHABILITACI\u00d3N DE LESIONES MUSCULARES Y ARTICULARES<br \/>\n1. Lesiones de ligamentos<br \/>\n2. Tratamientos para lesiones de ligamentos<br \/>\n3. Lesiones tendinosas<\/p>\n<p>TRATAMIENTO DE LESIONES DEPORTIVAS<\/p>\n<p>UNIDAD DID\u00c1CTICA 1. LESIONES DEPORTIVAS: CONCEPTO Y PREVENCI\u00d3N<br \/>\n1. Concepto de lesi\u00f3n deportiva y su relevancia<br \/>\n2. Causas de las lesiones deportivas<br \/>\n3. Fases de la lesi\u00f3n deportiva<br \/>\n4. Factores que influyen en la lesi\u00f3n y curaci\u00f3n<\/p>\n<p>UNIDAD DID\u00c1CTICA 2. LESIONES DEL MIEMBRO INFERIOR<br \/>\n1. Osteolog\u00eda del miembro inferior<br \/>\n2. &#8211; Huesos<br \/>\n3. &#8211; Articulaciones<br \/>\n4. &#8211; Estructuras subcut\u00e1neas<br \/>\n5. Musculatura del miembro inferior<br \/>\n6. &#8211; M\u00fasculos del muslo<br \/>\n7. &#8211; M\u00fasculos de la pierna<br \/>\n8. &#8211; M\u00fasculos del pie<br \/>\n9. Lesiones de la pierna y el muslo<br \/>\n10. &#8211; Fractura de tibia y peron\u00e9<br \/>\n11. &#8211; Fractura de estr\u00e9s<br \/>\n12. &#8211; Rotura del gemelo<br \/>\n13. &#8211; Rotura del tend\u00f3n de Aquiles<br \/>\n14. &#8211; Tendinitis aquilea<br \/>\n15. &#8211; Bursitis aquilea<\/p>\n<p>UNIDAD DID\u00c1CTICA 3. LESIONES EN EL TRONCO<br \/>\n1. Revisi\u00f3n anat\u00f3mica<br \/>\n2. &#8211; T\u00f3rax<br \/>\n3. &#8211; Abdomen<br \/>\n4. &#8211; Espalda<br \/>\n5. Lesiones tor\u00e1cicas y abdominales<br \/>\n6. &#8211; Contusi\u00f3n tor\u00e1cica<br \/>\n7. &#8211; Fracturas costales<br \/>\n8. &#8211; T\u00f3rax inestable<br \/>\n9. &#8211; Esguince de los m\u00fasculos abdominales<br \/>\n10. &#8211; Distensi\u00f3n muscular<br \/>\n11. &#8211; Traumatismos de genitales externos masculinos<br \/>\n12. &#8211; Hernia deportiva<br \/>\n13. &#8211; Lesiones de los nervios perif\u00e9ricos<br \/>\n14. Lesiones cadera<\/p>\n<p>UNIDAD DID\u00c1CTICA 4. LESIONES DEL MIEMBRO SUPERIOR<br \/>\n1. Revisi\u00f3n anat\u00f3mica<br \/>\n2. &#8211; Osteolog\u00eda del miembro superior<br \/>\n3. &#8211; Musculatura del miembro superior<br \/>\n4. Lesiones del hombro<br \/>\n5. &#8211; Tendinopat\u00eda del supraespinoso<br \/>\n6. &#8211; Esguince en la zona del hombro<br \/>\n7. &#8211; Contractura de trapecios<br \/>\n8. &#8211; Fractura de clav\u00edcula<br \/>\n9. &#8211; Fractura de omoplato<br \/>\n10. &#8211; Hombro del nadador<\/p>\n<p>UNIDAD DID\u00c1CTICA 5. LESIONES DE LA PIEL EN EL DEPORTE<br \/>\n1. Revisi\u00f3n anat\u00f3mica<br \/>\n2. &#8211; Estructura de la piel<br \/>\n3. &#8211; Funciones de la piel<br \/>\n4. Lesiones en la piel por la pr\u00e1ctica deportiva<br \/>\n5. &#8211; Lesiones por trauma<\/p>\n<p>UNIDAD DID\u00c1CTICA 6. OTRAS LESIONES<br \/>\n1. S\u00edncope y muerte s\u00fabita en el deportista<br \/>\n2. Epistaxis<br \/>\n3. Anemia en el deportista<br \/>\n4. Menarquia, dismenorrea y deporte<\/p>\n<p>UNIDAD DID\u00c1CTICA 7. FUNDAMENTOS DE LA REHABILITACI\u00d3N<br \/>\n1. La rehabilitaci\u00f3n como especialidad m\u00e9dica<br \/>\n2. &#8211; \u00c1reas de competencia cl\u00ednica<br \/>\n3. &#8211; La pr\u00e1ctica profesional de la medicina de rehabilitaci\u00f3n<br \/>\n4. &#8211; Paradigma de la rehabilitaci\u00f3n<br \/>\n5. La discapacidad<\/p>\n<p>UNIDAD DID\u00c1CTICA 8. T\u00c9CNICAS DE REHABILITACI\u00d3N<br \/>\n1. Infiltraciones intraarticulares y musculares<br \/>\n2. Terapia ocupacional<br \/>\n3. &#8211; Concepto<br \/>\n4. &#8211; Terapia ocupacional seg\u00fan patolog\u00edas<br \/>\nUNIDAD DID\u00c1CTICA 9. REHABILITACI\u00d3N DE LESIONES MUSCULARES Y ARTICULARES<br \/>\n1. Lesiones de ligamentos<br \/>\n2. &#8211; Tratamientos de las lesiones de ligamentos<br \/>\n3. Lesiones tendinosas<br \/>\n4. &#8211; Tratamiento de lesiones tendinosas<\/p>\n<p>UNIDAD DID\u00c1CTICA 10. TRATAMIENTO ORTOP\u00c9DICO Y PROT\u00c9SICO DE LAS LESIONES<br \/>\n1. Ayudas t\u00e9cnicas<br \/>\n2. &#8211; Conceptualizaci\u00f3n<br \/>\n3. &#8211; Caracter\u00edsticas<br \/>\n4. &#8211; Clasificaci\u00f3n y finalidades<br \/>\n5. Medios auxiliares<br \/>\n6. \u00d3rtesis<\/p>\n<p>UNIDAD DID\u00c1CTICA 11. HIDROLOG\u00cdA M\u00c9DICA Y TERAPIAS NATURALES COMPLEMENTARIAS<br \/>\n1. La hidrolog\u00eda m\u00e9dica en la actualidad<br \/>\n2. Antecedentes hist\u00f3ricos<br \/>\n3. Termoterapia<br \/>\n4. &#8211; Efectos fisiol\u00f3gicos del calor<br \/>\n5. &#8211; T\u00e9cnicas de termoterapia<\/p>\n<p>UNIDAD DID\u00c1CTICA 12. TECNOLOG\u00cdA SANITARIA<br \/>\n1. Laserterapia<br \/>\n2. Electroterapia<br \/>\n3. &#8211; Tipos de corrientes<br \/>\n4. &#8211; Contraindicaciones<\/p>\n<p>UNIDAD DID\u00c1CTICA 13. VENDAJE FUNCIONAL Y DISTINTAS APLICACIONES DEPORTIVAS<br \/>\n1. Concepto de vendaje funcional y tipos<br \/>\n2. Materiales<br \/>\n3. Propiedades del vendaje funcional<\/p>\n<p>UNIDAD DID\u00c1CTICA 14. T\u00c9CNICAS B\u00c1SICAS EN MASAJE DEPORTIVO<br \/>\n1. El masaje<br \/>\n2. Efectos del quiromasaje<br \/>\n3. Contraindicaciones del quiromasaje<\/p>\n<p><em><strong>M\u00e1ster en rehabilitaci\u00f3n deportiva y tratamiento de lesiones<\/strong><\/em><\/p>\n<hr \/>\n","protected":false},"excerpt":{"rendered":"<p><a href=\"https:\/\/centro-cee.com\/web\/formaciones\/\">Atr\u00e1s<\/a><\/p>\n<p>Actualmente, las terapias de rehabilitaci\u00f3n deportiva van ganando cada d\u00eda m\u00e1s adeptos, es por eso que se ha convertido en una importante especialidad dentro del mundo de la salud y en especial dentro del deporte, siendo la rama que brinda la asistencia al deportista en el campo competitivo y durante el entrenamiento.<\/p>\n<p>Cuando hayas culminado el curso, vas a estar totalmente capacitado para analizar los efectos f\u00edsicos del ejercicio y el deporte en el organismo humano desde el punto de vista de la prevenci\u00f3n, tratamiento y rehabilitaci\u00f3n de enfermedades o lesiones,  mejorar el estado del deportista, de forma segura para su reincorporaci\u00f3n al deporte en excelentes condiciones f\u00edsicas, ya que obtendr\u00e1s conocimientos en \u00e1reas como la biomec\u00e1nica,&#8230;<br \/>\nPor \u00faltimo, cabe destacar que la formaci\u00f3n obtenida es de alto nivel y con gran cantidad de contenidos que dotaran a las\/los alumnas\/os de unos conocimientos excelentes.<\/p>\n","protected":false},"featured_media":1780,"comment_status":"closed","ping_status":"closed","template":"","meta":[],"product_brand":[],"product_cat":[2047,2046,17],"product_tag":[1707,1708,1706,584,1704,1703,1485,1709,1705,1702],"class_list":{"0":"post-1776","1":"product","2":"type-product","3":"status-publish","4":"has-post-thumbnail","6":"product_cat-cursos-online-deporte","7":"product_cat-cursos-salud","8":"product_cat-master","9":"product_tag-cuidado-del-deportista","10":"product_tag-fisioterapia-y-deporte","11":"product_tag-formacion-en-rehabilitacion","12":"product_tag-master-en-fisioterapia-deportiva","13":"product_tag-prevencion-de-lesiones","14":"product_tag-recuperacion-de-lesiones-deportivas","15":"product_tag-rehabilitacion-deportiva","16":"product_tag-rehabilitacion-y-rendimiento-deportivo","17":"product_tag-terapia-deportiva","18":"product_tag-tratamiento-de-lesiones","20":"first","21":"instock","22":"sale","23":"shipping-taxable","24":"purchasable","25":"product-type-simple"},"yoast_head":"<!-- This site is optimized with the Yoast SEO plugin v27.4 - https:\/\/yoast.com\/product\/yoast-seo-wordpress\/ -->\n<title>M\u00e1ster en rehabilitaci\u00f3n deportiva y tratamiento de lesiones<\/title>\n<meta name=\"description\" content=\"Desarrolla tus habilidades y mejora tus conocimientos con nuestra formaci\u00f3n de Experto en estimulaci\u00f3n multisensorial en el aula\" \/>\n<meta name=\"robots\" content=\"index, follow, max-snippet:-1, max-image-preview:large, max-video-preview:-1\" \/>\n<link rel=\"canonical\" href=\"https:\/\/centro-cee.com\/web\/producto\/master-en-rehabilitacion-deportiva-y-tratamiento-de-lesiones\/\" \/>\n<meta property=\"og:locale\" content=\"es_ES\" \/>\n<meta property=\"og:type\" content=\"article\" \/>\n<meta property=\"og:title\" content=\"M\u00e1ster en rehabilitaci\u00f3n deportiva y tratamiento de lesiones\" \/>\n<meta property=\"og:description\" content=\"Desarrolla tus habilidades y mejora tus conocimientos con nuestra formaci\u00f3n de Experto en estimulaci\u00f3n multisensorial en el aula\" \/>\n<meta property=\"og:url\" content=\"https:\/\/centro-cee.com\/web\/producto\/master-en-rehabilitacion-deportiva-y-tratamiento-de-lesiones\/\" \/>\n<meta property=\"og:site_name\" content=\"CEE Centro Europeo E-learning - Cursos online\" \/>\n<meta property=\"article:modified_time\" content=\"2026-03-13T17:05:32+00:00\" \/>\n<meta property=\"og:image\" content=\"https:\/\/centro-cee.com\/web\/wp-content\/uploads\/2024\/11\/Ca582ptura.png\" \/>\n\t<meta property=\"og:image:width\" content=\"693\" \/>\n\t<meta property=\"og:image:height\" content=\"467\" \/>\n\t<meta property=\"og:image:type\" content=\"image\/png\" \/>\n<meta name=\"twitter:card\" content=\"summary_large_image\" \/>\n<meta name=\"twitter:label1\" content=\"Tiempo de lectura\" \/>\n\t<meta name=\"twitter:data1\" content=\"4 minutos\" \/>\n<script type=\"application\/ld+json\" class=\"yoast-schema-graph\">{\"@context\":\"https:\\\/\\\/schema.org\",\"@graph\":[{\"@type\":\"WebPage\",\"@id\":\"https:\\\/\\\/centro-cee.com\\\/web\\\/producto\\\/master-en-rehabilitacion-deportiva-y-tratamiento-de-lesiones\\\/\",\"url\":\"https:\\\/\\\/centro-cee.com\\\/web\\\/producto\\\/master-en-rehabilitacion-deportiva-y-tratamiento-de-lesiones\\\/\",\"name\":\"M\u00e1ster en rehabilitaci\u00f3n deportiva y tratamiento de lesiones\",\"isPartOf\":{\"@id\":\"https:\\\/\\\/centro-cee.com\\\/web\\\/#website\"},\"primaryImageOfPage\":{\"@id\":\"https:\\\/\\\/centro-cee.com\\\/web\\\/producto\\\/master-en-rehabilitacion-deportiva-y-tratamiento-de-lesiones\\\/#primaryimage\"},\"image\":{\"@id\":\"https:\\\/\\\/centro-cee.com\\\/web\\\/producto\\\/master-en-rehabilitacion-deportiva-y-tratamiento-de-lesiones\\\/#primaryimage\"},\"thumbnailUrl\":\"https:\\\/\\\/centro-cee.com\\\/web\\\/wp-content\\\/uploads\\\/2024\\\/11\\\/Ca582ptura.png\",\"datePublished\":\"2024-11-18T11:38:17+00:00\",\"dateModified\":\"2026-03-13T17:05:32+00:00\",\"description\":\"Desarrolla tus habilidades y mejora tus conocimientos con nuestra formaci\u00f3n de Experto en estimulaci\u00f3n multisensorial en el aula\",\"breadcrumb\":{\"@id\":\"https:\\\/\\\/centro-cee.com\\\/web\\\/producto\\\/master-en-rehabilitacion-deportiva-y-tratamiento-de-lesiones\\\/#breadcrumb\"},\"inLanguage\":\"es\",\"potentialAction\":[{\"@type\":\"ReadAction\",\"target\":[\"https:\\\/\\\/centro-cee.com\\\/web\\\/producto\\\/master-en-rehabilitacion-deportiva-y-tratamiento-de-lesiones\\\/\"]}]},{\"@type\":\"ImageObject\",\"inLanguage\":\"es\",\"@id\":\"https:\\\/\\\/centro-cee.com\\\/web\\\/producto\\\/master-en-rehabilitacion-deportiva-y-tratamiento-de-lesiones\\\/#primaryimage\",\"url\":\"https:\\\/\\\/centro-cee.com\\\/web\\\/wp-content\\\/uploads\\\/2024\\\/11\\\/Ca582ptura.png\",\"contentUrl\":\"https:\\\/\\\/centro-cee.com\\\/web\\\/wp-content\\\/uploads\\\/2024\\\/11\\\/Ca582ptura.png\",\"width\":693,\"height\":467},{\"@type\":\"BreadcrumbList\",\"@id\":\"https:\\\/\\\/centro-cee.com\\\/web\\\/producto\\\/master-en-rehabilitacion-deportiva-y-tratamiento-de-lesiones\\\/#breadcrumb\",\"itemListElement\":[{\"@type\":\"ListItem\",\"position\":1,\"name\":\"Portada\",\"item\":\"https:\\\/\\\/centro-cee.com\\\/web\\\/\"},{\"@type\":\"ListItem\",\"position\":2,\"name\":\"M\u00e1ster en rehabilitaci\u00f3n deportiva y tratamiento de lesiones\"}]},{\"@type\":\"WebSite\",\"@id\":\"https:\\\/\\\/centro-cee.com\\\/web\\\/#website\",\"url\":\"https:\\\/\\\/centro-cee.com\\\/web\\\/\",\"name\":\"Centro Europeo E-learning\",\"description\":\"CEE Formaci\u00f3n Online\",\"publisher\":{\"@id\":\"https:\\\/\\\/centro-cee.com\\\/web\\\/#organization\"},\"alternateName\":\"Centro Online de Formaci\u00f3n\",\"potentialAction\":[{\"@type\":\"SearchAction\",\"target\":{\"@type\":\"EntryPoint\",\"urlTemplate\":\"https:\\\/\\\/centro-cee.com\\\/web\\\/?s={search_term_string}\"},\"query-input\":{\"@type\":\"PropertyValueSpecification\",\"valueRequired\":true,\"valueName\":\"search_term_string\"}}],\"inLanguage\":\"es\"},{\"@type\":\"Organization\",\"@id\":\"https:\\\/\\\/centro-cee.com\\\/web\\\/#organization\",\"name\":\"Centro Europeo E-learning CEE\",\"url\":\"https:\\\/\\\/centro-cee.com\\\/web\\\/\",\"logo\":{\"@type\":\"ImageObject\",\"inLanguage\":\"es\",\"@id\":\"https:\\\/\\\/centro-cee.com\\\/web\\\/#\\\/schema\\\/logo\\\/image\\\/\",\"url\":\"https:\\\/\\\/centro-cee.com\\\/web\\\/wp-content\\\/uploads\\\/2022\\\/12\\\/cropped-logo_educa.png\",\"contentUrl\":\"https:\\\/\\\/centro-cee.com\\\/web\\\/wp-content\\\/uploads\\\/2022\\\/12\\\/cropped-logo_educa.png\",\"width\":157,\"height\":63,\"caption\":\"Centro Europeo E-learning CEE\"},\"image\":{\"@id\":\"https:\\\/\\\/centro-cee.com\\\/web\\\/#\\\/schema\\\/logo\\\/image\\\/\"},\"sameAs\":[\"https:\\\/\\\/www.instagram.com\\\/centroeuropeo_cee\"]}]}<\/script>\n<!-- \/ Yoast SEO plugin. -->","yoast_head_json":{"title":"M\u00e1ster en rehabilitaci\u00f3n deportiva y tratamiento de lesiones","description":"Desarrolla tus habilidades y mejora tus conocimientos con nuestra formaci\u00f3n de Experto en estimulaci\u00f3n multisensorial en el aula","robots":{"index":"index","follow":"follow","max-snippet":"max-snippet:-1","max-image-preview":"max-image-preview:large","max-video-preview":"max-video-preview:-1"},"canonical":"https:\/\/centro-cee.com\/web\/producto\/master-en-rehabilitacion-deportiva-y-tratamiento-de-lesiones\/","og_locale":"es_ES","og_type":"article","og_title":"M\u00e1ster en rehabilitaci\u00f3n deportiva y tratamiento de lesiones","og_description":"Desarrolla tus habilidades y mejora tus conocimientos con nuestra formaci\u00f3n de Experto en estimulaci\u00f3n multisensorial en el aula","og_url":"https:\/\/centro-cee.com\/web\/producto\/master-en-rehabilitacion-deportiva-y-tratamiento-de-lesiones\/","og_site_name":"CEE Centro Europeo E-learning - Cursos online","article_modified_time":"2026-03-13T17:05:32+00:00","og_image":[{"width":693,"height":467,"url":"https:\/\/centro-cee.com\/web\/wp-content\/uploads\/2024\/11\/Ca582ptura.png","type":"image\/png"}],"twitter_card":"summary_large_image","twitter_misc":{"Tiempo de lectura":"4 minutos"},"schema":{"@context":"https:\/\/schema.org","@graph":[{"@type":"WebPage","@id":"https:\/\/centro-cee.com\/web\/producto\/master-en-rehabilitacion-deportiva-y-tratamiento-de-lesiones\/","url":"https:\/\/centro-cee.com\/web\/producto\/master-en-rehabilitacion-deportiva-y-tratamiento-de-lesiones\/","name":"M\u00e1ster en rehabilitaci\u00f3n deportiva y tratamiento de lesiones","isPartOf":{"@id":"https:\/\/centro-cee.com\/web\/#website"},"primaryImageOfPage":{"@id":"https:\/\/centro-cee.com\/web\/producto\/master-en-rehabilitacion-deportiva-y-tratamiento-de-lesiones\/#primaryimage"},"image":{"@id":"https:\/\/centro-cee.com\/web\/producto\/master-en-rehabilitacion-deportiva-y-tratamiento-de-lesiones\/#primaryimage"},"thumbnailUrl":"https:\/\/centro-cee.com\/web\/wp-content\/uploads\/2024\/11\/Ca582ptura.png","datePublished":"2024-11-18T11:38:17+00:00","dateModified":"2026-03-13T17:05:32+00:00","description":"Desarrolla tus habilidades y mejora tus conocimientos con nuestra formaci\u00f3n de Experto en estimulaci\u00f3n multisensorial en el aula","breadcrumb":{"@id":"https:\/\/centro-cee.com\/web\/producto\/master-en-rehabilitacion-deportiva-y-tratamiento-de-lesiones\/#breadcrumb"},"inLanguage":"es","potentialAction":[{"@type":"ReadAction","target":["https:\/\/centro-cee.com\/web\/producto\/master-en-rehabilitacion-deportiva-y-tratamiento-de-lesiones\/"]}]},{"@type":"ImageObject","inLanguage":"es","@id":"https:\/\/centro-cee.com\/web\/producto\/master-en-rehabilitacion-deportiva-y-tratamiento-de-lesiones\/#primaryimage","url":"https:\/\/centro-cee.com\/web\/wp-content\/uploads\/2024\/11\/Ca582ptura.png","contentUrl":"https:\/\/centro-cee.com\/web\/wp-content\/uploads\/2024\/11\/Ca582ptura.png","width":693,"height":467},{"@type":"BreadcrumbList","@id":"https:\/\/centro-cee.com\/web\/producto\/master-en-rehabilitacion-deportiva-y-tratamiento-de-lesiones\/#breadcrumb","itemListElement":[{"@type":"ListItem","position":1,"name":"Portada","item":"https:\/\/centro-cee.com\/web\/"},{"@type":"ListItem","position":2,"name":"M\u00e1ster en rehabilitaci\u00f3n deportiva y tratamiento de lesiones"}]},{"@type":"WebSite","@id":"https:\/\/centro-cee.com\/web\/#website","url":"https:\/\/centro-cee.com\/web\/","name":"Centro Europeo E-learning","description":"CEE Formaci\u00f3n Online","publisher":{"@id":"https:\/\/centro-cee.com\/web\/#organization"},"alternateName":"Centro Online de Formaci\u00f3n","potentialAction":[{"@type":"SearchAction","target":{"@type":"EntryPoint","urlTemplate":"https:\/\/centro-cee.com\/web\/?s={search_term_string}"},"query-input":{"@type":"PropertyValueSpecification","valueRequired":true,"valueName":"search_term_string"}}],"inLanguage":"es"},{"@type":"Organization","@id":"https:\/\/centro-cee.com\/web\/#organization","name":"Centro Europeo E-learning CEE","url":"https:\/\/centro-cee.com\/web\/","logo":{"@type":"ImageObject","inLanguage":"es","@id":"https:\/\/centro-cee.com\/web\/#\/schema\/logo\/image\/","url":"https:\/\/centro-cee.com\/web\/wp-content\/uploads\/2022\/12\/cropped-logo_educa.png","contentUrl":"https:\/\/centro-cee.com\/web\/wp-content\/uploads\/2022\/12\/cropped-logo_educa.png","width":157,"height":63,"caption":"Centro Europeo E-learning CEE"},"image":{"@id":"https:\/\/centro-cee.com\/web\/#\/schema\/logo\/image\/"},"sameAs":["https:\/\/www.instagram.com\/centroeuropeo_cee"]}]}},"_links":{"self":[{"href":"https:\/\/centro-cee.com\/web\/wp-json\/wp\/v2\/product\/1776","targetHints":{"allow":["GET"]}}],"collection":[{"href":"https:\/\/centro-cee.com\/web\/wp-json\/wp\/v2\/product"}],"about":[{"href":"https:\/\/centro-cee.com\/web\/wp-json\/wp\/v2\/types\/product"}],"replies":[{"embeddable":true,"href":"https:\/\/centro-cee.com\/web\/wp-json\/wp\/v2\/comments?post=1776"}],"wp:featuredmedia":[{"embeddable":true,"href":"https:\/\/centro-cee.com\/web\/wp-json\/wp\/v2\/media\/1780"}],"wp:attachment":[{"href":"https:\/\/centro-cee.com\/web\/wp-json\/wp\/v2\/media?parent=1776"}],"wp:term":[{"taxonomy":"product_brand","embeddable":true,"href":"https:\/\/centro-cee.com\/web\/wp-json\/wp\/v2\/product_brand?post=1776"},{"taxonomy":"product_cat","embeddable":true,"href":"https:\/\/centro-cee.com\/web\/wp-json\/wp\/v2\/product_cat?post=1776"},{"taxonomy":"product_tag","embeddable":true,"href":"https:\/\/centro-cee.com\/web\/wp-json\/wp\/v2\/product_tag?post=1776"}],"curies":[{"name":"wp","href":"https:\/\/api.w.org\/{rel}","templated":true}]}}