{"id":1774,"date":"2024-11-18T11:02:44","date_gmt":"2024-11-18T11:02:44","guid":{"rendered":"https:\/\/centro-cee.com\/web\/?post_type=product&#038;p=1774"},"modified":"2026-03-13T17:05:50","modified_gmt":"2026-03-13T17:05:50","slug":"experto-en-estimulacion-multisensorial-en-el-aula","status":"publish","type":"product","link":"https:\/\/centro-cee.com\/web\/producto\/experto-en-estimulacion-multisensorial-en-el-aula\/","title":{"rendered":"Experto en estimulaci\u00f3n multisensorial en el aula"},"content":{"rendered":"<p><a href=\"https:\/\/centro-cee.com\/web\/formaciones\/\">Atr\u00e1s<\/a><\/p>\n<p><em><strong>Experto en estimulaci\u00f3n multisensorial en el aula<\/strong><\/em><\/p>\n<p>Toda esta informaci\u00f3n se realiza 100% online en nuestro campus online de formaci\u00f3n.<\/p>\n<p>Las tutor\u00edas se realizan directamente desde el campus de estudio con la opci\u00f3n de mensajer\u00eda a profesores. Las tutorias son \u201ca demanda\u201d, cuando necesites soporte nos lo pides.<\/p>\n<p>Los t\u00edtulos de Centro CEE est\u00e1n autenticados por la firma de notario que valida contenidos y autenticidad a nivel internacional. Nuestra organizaci\u00f3n pertenece a la Asociaci\u00f3n Espa\u00f1ola de Calidad, organizaci\u00f3n Espa\u00f1ola de referencia para la calidad\u00a0en la formaci\u00f3n de auxiliar de enfermer\u00eda. La certificaci\u00f3n se puede apostillar por la Haya para cualquier pa\u00eds firmante del convenio de la Haya.<\/p>\n<p>Se puede pagar a plazos.<\/p>\n<p>Carga horaria de la formaci\u00f3n: 240h<\/p>\n<p>&nbsp;<\/p>\n<h2>Temario<\/h2>\n<hr \/>\n<p>1. M\u00d3DULO 1. DESARROLLO INFANTIL<br \/>\nUNIDAD DID\u00c1CTICA 1. EL APRENDIZAJE EN LA INFANCIA. EL DESARROLLO INFANTIL<br \/>\n1. Teor\u00edas del aprendizaje y sus implicaciones<br \/>\n2. Teor\u00eda del aprendizaje de Piaget<br \/>\n3. &#8211; Desarrollo cognoscitivo<br \/>\n4. &#8211; Estadio sensoriomotor (de 0 a 2 a\u00f1os)<br \/>\n5. &#8211; Estadio preoperacional (de 2 a 7 a\u00f1os)<br \/>\n6. Aprendizaje significativo de Ausubel<br \/>\n7. Aprendizaje seg\u00fan Vygotski<br \/>\n8. \u2026<br \/>\nUNIDAD DID\u00c1CTICA 2. DESARROLLO COGNITIVO<br \/>\n1. La cognici\u00f3n<br \/>\n2. Desarrollo cognitivo: etapas<br \/>\n3. &#8211; Desarrollo cognitivo de 0 a 15 meses<br \/>\n4. &#8211; Desarrollo cognitivo de 12-18 meses<br \/>\n5. \u2026<br \/>\nUNIDAD DID\u00c1CTICA 3. DESARROLLO MOTOR<br \/>\n1. Desarrollo motor<br \/>\n2. &#8211; Caracter\u00edsticas y factores del desarrollo motor<br \/>\n3. Leyes del desarrollo<br \/>\n4. Desarrollo neuromotor<br \/>\n5. ..<br \/>\nUNIDAD DID\u00c1CTICA 4. DESARROLLO SENSORIAL<br \/>\n1. Las sensaciones<br \/>\n2. &#8211; Clasificaci\u00f3n de las sensaciones<br \/>\n3. Los sentidos<br \/>\n4. \u2026<br \/>\nUNIDAD DID\u00c1CTICA 5. LA PSICOMOTRICIDAD EN LA INFANCIA<br \/>\n1. La psicomotricidad<br \/>\n2. &#8211; Origen del estudio del desarrollo motor<br \/>\n3. &#8211; La disciplina en la actualidad<br \/>\n4. Funci\u00f3n globalizadora en el desarrollo cognitivo, afectivo y motriz<br \/>\n5. El esquema corporal<br \/>\n6. &#8211; Esquema corporal<br \/>\n7. Elementos del esquema corporal<br \/>\n8. ..<br \/>\nUNIDAD DID\u00c1CTICA 6. PR\u00c1CTICA PSICOMOTRIZ<br \/>\n1. Sala de psicomotricidad y sus caracter\u00edsticas<br \/>\n2. Organizaci\u00f3n de la sala de psicomotricidad<br \/>\n3. &#8211; Lugar del placer sensoriomotor<br \/>\n4. &#8211; Espacio del juego simb\u00f3lico<br \/>\n5. &#8211; Espacio de la distanciaci\u00f3n<br \/>\n6. El t\u00e9cnico de la psicomotricidad<br \/>\n7. &#8211; Las Actitudes del Psicomotricista<br \/>\n8. \u2026<br \/>\n9. M\u00d3DULO 2. ALUMNOS CON NECESIDADES EDUCATIVAS ESPECIALES<br \/>\nUNIDAD DID\u00c1CTICA 7<br \/>\n1. ALUMNOS CON NECESIDADES EDUCATIVAS ESPECIALES<br \/>\n2. El papel de la estimulaci\u00f3n multisensorial en discapacidad<br \/>\n3. Alumnado con Discapacidad Visual. Discapacidad sensorial<br \/>\n4. &#8211; Tipos de Discapacidad Visual<br \/>\n5. &#8211; Necesidades del alumnado con Ceguera<br \/>\n6. &#8211; Necesidades del alumnado con Discapacidad Visual<br \/>\n7. \u2026<br \/>\nUNIDAD DID\u00c1CTICA 8. LA ESTIMULACI\u00d3N MULTISENSORIAL<br \/>\n1. La estimulaci\u00f3n en las primeras etapas de la vida. Atenci\u00f3n temprana<br \/>\n2. La estimulaci\u00f3n multisensorial: Snoezelen<br \/>\n3. &#8211; Entidades nacionales dedicadas estimulaci\u00f3n multisensorial<br \/>\n4. Sistemas sensoriales<br \/>\n5. &#8211; Sentido del o\u00eddo<br \/>\n6. \u2026<br \/>\nUNIDAD DID\u00c1CTICA 9. ASPECTOS PR\u00c1CTICOS DE LA ESTIMULACI\u00d3N MULTISENSORIAL<br \/>\n1. El profesional en estimulaci\u00f3n multisensorial: Terapeuta ocupacional<br \/>\n2. &#8211; Caracter\u00edsticas de la Terapia Ocupacional<br \/>\n3. &#8211; \u00c1mbitos de actuaci\u00f3n del profesional de la T.O<br \/>\n4. &#8211; Discapacidad y terapia ocupacional<br \/>\n5. El trabajo en estimulaci\u00f3n multisensorial<br \/>\n6. &#8211; Estimulaci\u00f3n propioceptiva y vestibular<br \/>\n7. &#8211; Estimulaci\u00f3n visual<br \/>\n8. \u2026<br \/>\nUNIDAD DID\u00c1CTICA 10. EDUCACI\u00d3N SENSORIAL<br \/>\n1. La educaci\u00f3n sensorial<br \/>\n2. Materiales utilizados para la educaci\u00f3n sensorial<br \/>\n3. Recursos y actividades<br \/>\n4. &#8211; Actividades y recursos en educaci\u00f3n visual<br \/>\n5. \u2026<\/p>\n<p>COMUNICACI\u00d3N EFICAZ CON PROGRAMACI\u00d3N NEUROLING\u00dc\u00cdSTICA (PNL)<\/p>\n<p>1. INTRODUCCI\u00d3N<br \/>\n1.1. Definici\u00f3n y Elementos de la Comunicaci\u00f3n<br \/>\n1.2. Comunicaci\u00f3n Verbal y No verbal<br \/>\n1.3. \u2026<\/p>\n<p>2. HISTORIA BREVE DE LA PNL<\/p>\n<p>3. COMPONENTES DE LA PNL<br \/>\n3.1. Programaci\u00f3n<br \/>\n3.2. Neuro<br \/>\n3.3. Ling\u00fc\u00edstica<\/p>\n<p>4. LAS CLAVES DE LA BUENA COMUNICACI\u00d3N EN PNL<br \/>\n4.1. Introducci\u00f3n<br \/>\n4.2. Las 10 reglas de la buena comunicaci\u00f3n<\/p>\n<p>5. PREMISA B\u00c1SICA DE LA PNL: EL MAPA NO ES EL TERRITORIO<br \/>\n5.1. Introducci\u00f3n<br \/>\n5.2. \u00bfCu\u00e1ndo sabemos si nuestro mapa es \u00fatil o no?<br \/>\n5.3. \u00bfPor qu\u00e9 tenemos distintos mapas del territorio?<br \/>\n5.4. \u2026<\/p>\n<p>6. IGUALANDO LOS MAPAS: CREANDO RAPPORT, EMPAT\u00cdA O \u201cFEELING\u201d PARA DESPU\u00c9S DIRIGIR O LIDERAR<br \/>\n6.1. Creando Rapport con nuestro lenguaje no verbal<br \/>\n6.2. \u00bfC\u00f3mo acompa\u00f1amos nuestros movimientos a los de la otra persona?<br \/>\n6.3. \u2026<\/p>\n<p>7. SISTEMAS DE REPRESENTACI\u00d3N SENSORIAL<br \/>\n7.1. Personas visuales, auditivas y cinest\u00e9sicas<br \/>\n7.2. Las claves de acceso<br \/>\n7.3. Predicados de los tres sistemas de representaci\u00f3n<\/p>\n<p>8. CLAVE DE ACCESO: MOVIMIENTOS OCULARES<\/p>\n<p>9. VENCER LAS RESISTENCIAS EN LA CONVERSACI\u00d3N<br \/>\n9.1. Conversaci\u00f3n y Flexibilidad<br \/>\n9.2. Los borradores universales<br \/>\n9.3. Marco del como si: ampliando opciones para la persona<br \/>\n9.4. \u2026<\/p>\n<p>10. EL METAMODELO<br \/>\n10.1. Definici\u00f3n<br \/>\n10.2. Preguntas para encontrar informaci\u00f3n<\/p>\n<p>11. LAS PRESUPOSICIONES<br \/>\n11.1. Las presuposiciones en nuestro lenguaje<br \/>\n11.2. La importancia de las presuposiciones<\/p>\n<p><em><strong>Experto en estimulaci\u00f3n multisensorial en el aula<\/strong><\/em><\/p>\n<hr \/>\n","protected":false},"excerpt":{"rendered":"<p><a href=\"https:\/\/centro-cee.com\/web\/formaciones\/\">Atr\u00e1s<\/a><\/p>\n<p>A lo largo de esta formaci\u00f3n te especializar\u00e1s en todos los aspectos relacionados con la estimulaci\u00f3n multisensorial en el aula, con contenidos actualizados.<\/p>\n<p>Este aspecto de la educaci\u00f3n es de vital importancia para garantizar el \u00e9xito de los estudiantes en el curso. Aunque no siempre est\u00e1 presente y muchos profesionales necesitan de un reciclaje sobre este tema para dar al mismo a importancia que se merece en el sistema educacional infantil.<\/p>\n<p>Es necesario conocer las diferentes etapas de desarrollo segun la edad de para de esta forma incidir en el desarrollo cognitivo, motor, sensorial y psicomotricidad.<\/p>\n<p>Por \u00faltimo, cabe destacar que la formaci\u00f3n obtenida es de alto nivel y con gran cantidad de contenidos que dotaran a las\/los alumnas\/os de unos conocimientos excelentes.<\/p>\n","protected":false},"featured_media":1775,"comment_status":"closed","ping_status":"closed","template":"","meta":[],"product_brand":[],"product_cat":[2052,2048,34],"product_tag":[1684,1683,1687,1685,1682,1691,1689,1690,1688,1686],"class_list":{"0":"post-1774","1":"product","2":"type-product","3":"status-publish","4":"has-post-thumbnail","6":"product_cat-cursos-educacion","7":"product_cat-cursos-online-psicologia","8":"product_cat-tecnicos","9":"product_tag-aprendizaje-multisensorial","10":"product_tag-aula-multisensorial","11":"product_tag-desarrollo-sensorial-en-el-aula","12":"product_tag-educacion-inclusiva","13":"product_tag-estimulacion-multisensorial","14":"product_tag-experto-en-estimulacion-educativa","15":"product_tag-formacion-en-estimulacion-sensorial","16":"product_tag-integracion-sensorial-en-la-educacion","17":"product_tag-metodologia-multisensorial","18":"product_tag-tecnicas-de-estimulacion-sensorial","20":"first","21":"instock","22":"sale","23":"shipping-taxable","24":"purchasable","25":"product-type-simple"},"yoast_head":"<!-- This site is optimized with the Yoast SEO plugin v27.5 - https:\/\/yoast.com\/product\/yoast-seo-wordpress\/ -->\n<title>Experto en estimulaci\u00f3n multisensorial en el aula<\/title>\n<meta name=\"description\" content=\"Desarrolla tus habilidades y mejora tus conocimientos con nuestra formaci\u00f3n de Experto en estimulaci\u00f3n multisensorial en el aula\" \/>\n<meta name=\"robots\" content=\"index, follow, max-snippet:-1, max-image-preview:large, max-video-preview:-1\" \/>\n<link rel=\"canonical\" href=\"https:\/\/centro-cee.com\/web\/producto\/experto-en-estimulacion-multisensorial-en-el-aula\/\" \/>\n<meta property=\"og:locale\" content=\"es_ES\" \/>\n<meta property=\"og:type\" content=\"article\" \/>\n<meta property=\"og:title\" content=\"Experto en estimulaci\u00f3n multisensorial en el aula\" \/>\n<meta property=\"og:description\" content=\"Desarrolla tus habilidades y mejora tus conocimientos con nuestra formaci\u00f3n de Experto en estimulaci\u00f3n multisensorial en el aula\" \/>\n<meta property=\"og:url\" content=\"https:\/\/centro-cee.com\/web\/producto\/experto-en-estimulacion-multisensorial-en-el-aula\/\" \/>\n<meta property=\"og:site_name\" content=\"CEE Centro Europeo E-learning - Cursos online\" \/>\n<meta property=\"article:modified_time\" content=\"2026-03-13T17:05:50+00:00\" \/>\n<meta property=\"og:image\" content=\"https:\/\/centro-cee.com\/web\/wp-content\/uploads\/2024\/11\/Cap258tura.png\" \/>\n\t<meta property=\"og:image:width\" content=\"781\" \/>\n\t<meta property=\"og:image:height\" content=\"448\" \/>\n\t<meta property=\"og:image:type\" content=\"image\/png\" \/>\n<meta name=\"twitter:card\" content=\"summary_large_image\" \/>\n<meta name=\"twitter:label1\" content=\"Tiempo de lectura\" \/>\n\t<meta name=\"twitter:data1\" content=\"3 minutos\" \/>\n<script type=\"application\/ld+json\" class=\"yoast-schema-graph\">{\"@context\":\"https:\\\/\\\/schema.org\",\"@graph\":[{\"@type\":\"WebPage\",\"@id\":\"https:\\\/\\\/centro-cee.com\\\/web\\\/producto\\\/experto-en-estimulacion-multisensorial-en-el-aula\\\/\",\"url\":\"https:\\\/\\\/centro-cee.com\\\/web\\\/producto\\\/experto-en-estimulacion-multisensorial-en-el-aula\\\/\",\"name\":\"Experto en estimulaci\u00f3n multisensorial en el aula\",\"isPartOf\":{\"@id\":\"https:\\\/\\\/centro-cee.com\\\/web\\\/#website\"},\"primaryImageOfPage\":{\"@id\":\"https:\\\/\\\/centro-cee.com\\\/web\\\/producto\\\/experto-en-estimulacion-multisensorial-en-el-aula\\\/#primaryimage\"},\"image\":{\"@id\":\"https:\\\/\\\/centro-cee.com\\\/web\\\/producto\\\/experto-en-estimulacion-multisensorial-en-el-aula\\\/#primaryimage\"},\"thumbnailUrl\":\"https:\\\/\\\/centro-cee.com\\\/web\\\/wp-content\\\/uploads\\\/2024\\\/11\\\/Cap258tura.png\",\"datePublished\":\"2024-11-18T11:02:44+00:00\",\"dateModified\":\"2026-03-13T17:05:50+00:00\",\"description\":\"Desarrolla tus habilidades y mejora tus conocimientos con nuestra formaci\u00f3n de Experto en estimulaci\u00f3n multisensorial en el aula\",\"breadcrumb\":{\"@id\":\"https:\\\/\\\/centro-cee.com\\\/web\\\/producto\\\/experto-en-estimulacion-multisensorial-en-el-aula\\\/#breadcrumb\"},\"inLanguage\":\"es\",\"potentialAction\":[{\"@type\":\"ReadAction\",\"target\":[\"https:\\\/\\\/centro-cee.com\\\/web\\\/producto\\\/experto-en-estimulacion-multisensorial-en-el-aula\\\/\"]}]},{\"@type\":\"ImageObject\",\"inLanguage\":\"es\",\"@id\":\"https:\\\/\\\/centro-cee.com\\\/web\\\/producto\\\/experto-en-estimulacion-multisensorial-en-el-aula\\\/#primaryimage\",\"url\":\"https:\\\/\\\/centro-cee.com\\\/web\\\/wp-content\\\/uploads\\\/2024\\\/11\\\/Cap258tura.png\",\"contentUrl\":\"https:\\\/\\\/centro-cee.com\\\/web\\\/wp-content\\\/uploads\\\/2024\\\/11\\\/Cap258tura.png\",\"width\":781,\"height\":448},{\"@type\":\"BreadcrumbList\",\"@id\":\"https:\\\/\\\/centro-cee.com\\\/web\\\/producto\\\/experto-en-estimulacion-multisensorial-en-el-aula\\\/#breadcrumb\",\"itemListElement\":[{\"@type\":\"ListItem\",\"position\":1,\"name\":\"Portada\",\"item\":\"https:\\\/\\\/centro-cee.com\\\/web\\\/\"},{\"@type\":\"ListItem\",\"position\":2,\"name\":\"Experto en estimulaci\u00f3n multisensorial en el aula\"}]},{\"@type\":\"WebSite\",\"@id\":\"https:\\\/\\\/centro-cee.com\\\/web\\\/#website\",\"url\":\"https:\\\/\\\/centro-cee.com\\\/web\\\/\",\"name\":\"Centro Europeo E-learning\",\"description\":\"CEE Formaci\u00f3n Online\",\"publisher\":{\"@id\":\"https:\\\/\\\/centro-cee.com\\\/web\\\/#organization\"},\"alternateName\":\"Centro Online de Formaci\u00f3n\",\"potentialAction\":[{\"@type\":\"SearchAction\",\"target\":{\"@type\":\"EntryPoint\",\"urlTemplate\":\"https:\\\/\\\/centro-cee.com\\\/web\\\/?s={search_term_string}\"},\"query-input\":{\"@type\":\"PropertyValueSpecification\",\"valueRequired\":true,\"valueName\":\"search_term_string\"}}],\"inLanguage\":\"es\"},{\"@type\":\"Organization\",\"@id\":\"https:\\\/\\\/centro-cee.com\\\/web\\\/#organization\",\"name\":\"Centro Europeo E-learning CEE\",\"url\":\"https:\\\/\\\/centro-cee.com\\\/web\\\/\",\"logo\":{\"@type\":\"ImageObject\",\"inLanguage\":\"es\",\"@id\":\"https:\\\/\\\/centro-cee.com\\\/web\\\/#\\\/schema\\\/logo\\\/image\\\/\",\"url\":\"https:\\\/\\\/centro-cee.com\\\/web\\\/wp-content\\\/uploads\\\/2022\\\/12\\\/cropped-logo_educa.png\",\"contentUrl\":\"https:\\\/\\\/centro-cee.com\\\/web\\\/wp-content\\\/uploads\\\/2022\\\/12\\\/cropped-logo_educa.png\",\"width\":157,\"height\":63,\"caption\":\"Centro Europeo E-learning CEE\"},\"image\":{\"@id\":\"https:\\\/\\\/centro-cee.com\\\/web\\\/#\\\/schema\\\/logo\\\/image\\\/\"},\"sameAs\":[\"https:\\\/\\\/www.instagram.com\\\/centroeuropeo_cee\"]}]}<\/script>\n<!-- \/ Yoast SEO plugin. -->","yoast_head_json":{"title":"Experto en estimulaci\u00f3n multisensorial en el aula","description":"Desarrolla tus habilidades y mejora tus conocimientos con nuestra formaci\u00f3n de Experto en estimulaci\u00f3n multisensorial en el aula","robots":{"index":"index","follow":"follow","max-snippet":"max-snippet:-1","max-image-preview":"max-image-preview:large","max-video-preview":"max-video-preview:-1"},"canonical":"https:\/\/centro-cee.com\/web\/producto\/experto-en-estimulacion-multisensorial-en-el-aula\/","og_locale":"es_ES","og_type":"article","og_title":"Experto en estimulaci\u00f3n multisensorial en el aula","og_description":"Desarrolla tus habilidades y mejora tus conocimientos con nuestra formaci\u00f3n de Experto en estimulaci\u00f3n multisensorial en el aula","og_url":"https:\/\/centro-cee.com\/web\/producto\/experto-en-estimulacion-multisensorial-en-el-aula\/","og_site_name":"CEE Centro Europeo E-learning - Cursos online","article_modified_time":"2026-03-13T17:05:50+00:00","og_image":[{"width":781,"height":448,"url":"https:\/\/centro-cee.com\/web\/wp-content\/uploads\/2024\/11\/Cap258tura.png","type":"image\/png"}],"twitter_card":"summary_large_image","twitter_misc":{"Tiempo de lectura":"3 minutos"},"schema":{"@context":"https:\/\/schema.org","@graph":[{"@type":"WebPage","@id":"https:\/\/centro-cee.com\/web\/producto\/experto-en-estimulacion-multisensorial-en-el-aula\/","url":"https:\/\/centro-cee.com\/web\/producto\/experto-en-estimulacion-multisensorial-en-el-aula\/","name":"Experto en estimulaci\u00f3n multisensorial en el aula","isPartOf":{"@id":"https:\/\/centro-cee.com\/web\/#website"},"primaryImageOfPage":{"@id":"https:\/\/centro-cee.com\/web\/producto\/experto-en-estimulacion-multisensorial-en-el-aula\/#primaryimage"},"image":{"@id":"https:\/\/centro-cee.com\/web\/producto\/experto-en-estimulacion-multisensorial-en-el-aula\/#primaryimage"},"thumbnailUrl":"https:\/\/centro-cee.com\/web\/wp-content\/uploads\/2024\/11\/Cap258tura.png","datePublished":"2024-11-18T11:02:44+00:00","dateModified":"2026-03-13T17:05:50+00:00","description":"Desarrolla tus habilidades y mejora tus conocimientos con nuestra formaci\u00f3n de Experto en estimulaci\u00f3n multisensorial en el aula","breadcrumb":{"@id":"https:\/\/centro-cee.com\/web\/producto\/experto-en-estimulacion-multisensorial-en-el-aula\/#breadcrumb"},"inLanguage":"es","potentialAction":[{"@type":"ReadAction","target":["https:\/\/centro-cee.com\/web\/producto\/experto-en-estimulacion-multisensorial-en-el-aula\/"]}]},{"@type":"ImageObject","inLanguage":"es","@id":"https:\/\/centro-cee.com\/web\/producto\/experto-en-estimulacion-multisensorial-en-el-aula\/#primaryimage","url":"https:\/\/centro-cee.com\/web\/wp-content\/uploads\/2024\/11\/Cap258tura.png","contentUrl":"https:\/\/centro-cee.com\/web\/wp-content\/uploads\/2024\/11\/Cap258tura.png","width":781,"height":448},{"@type":"BreadcrumbList","@id":"https:\/\/centro-cee.com\/web\/producto\/experto-en-estimulacion-multisensorial-en-el-aula\/#breadcrumb","itemListElement":[{"@type":"ListItem","position":1,"name":"Portada","item":"https:\/\/centro-cee.com\/web\/"},{"@type":"ListItem","position":2,"name":"Experto en estimulaci\u00f3n multisensorial en el aula"}]},{"@type":"WebSite","@id":"https:\/\/centro-cee.com\/web\/#website","url":"https:\/\/centro-cee.com\/web\/","name":"Centro Europeo E-learning","description":"CEE Formaci\u00f3n Online","publisher":{"@id":"https:\/\/centro-cee.com\/web\/#organization"},"alternateName":"Centro Online de Formaci\u00f3n","potentialAction":[{"@type":"SearchAction","target":{"@type":"EntryPoint","urlTemplate":"https:\/\/centro-cee.com\/web\/?s={search_term_string}"},"query-input":{"@type":"PropertyValueSpecification","valueRequired":true,"valueName":"search_term_string"}}],"inLanguage":"es"},{"@type":"Organization","@id":"https:\/\/centro-cee.com\/web\/#organization","name":"Centro Europeo E-learning CEE","url":"https:\/\/centro-cee.com\/web\/","logo":{"@type":"ImageObject","inLanguage":"es","@id":"https:\/\/centro-cee.com\/web\/#\/schema\/logo\/image\/","url":"https:\/\/centro-cee.com\/web\/wp-content\/uploads\/2022\/12\/cropped-logo_educa.png","contentUrl":"https:\/\/centro-cee.com\/web\/wp-content\/uploads\/2022\/12\/cropped-logo_educa.png","width":157,"height":63,"caption":"Centro Europeo E-learning CEE"},"image":{"@id":"https:\/\/centro-cee.com\/web\/#\/schema\/logo\/image\/"},"sameAs":["https:\/\/www.instagram.com\/centroeuropeo_cee"]}]}},"_links":{"self":[{"href":"https:\/\/centro-cee.com\/web\/wp-json\/wp\/v2\/product\/1774","targetHints":{"allow":["GET"]}}],"collection":[{"href":"https:\/\/centro-cee.com\/web\/wp-json\/wp\/v2\/product"}],"about":[{"href":"https:\/\/centro-cee.com\/web\/wp-json\/wp\/v2\/types\/product"}],"replies":[{"embeddable":true,"href":"https:\/\/centro-cee.com\/web\/wp-json\/wp\/v2\/comments?post=1774"}],"wp:featuredmedia":[{"embeddable":true,"href":"https:\/\/centro-cee.com\/web\/wp-json\/wp\/v2\/media\/1775"}],"wp:attachment":[{"href":"https:\/\/centro-cee.com\/web\/wp-json\/wp\/v2\/media?parent=1774"}],"wp:term":[{"taxonomy":"product_brand","embeddable":true,"href":"https:\/\/centro-cee.com\/web\/wp-json\/wp\/v2\/product_brand?post=1774"},{"taxonomy":"product_cat","embeddable":true,"href":"https:\/\/centro-cee.com\/web\/wp-json\/wp\/v2\/product_cat?post=1774"},{"taxonomy":"product_tag","embeddable":true,"href":"https:\/\/centro-cee.com\/web\/wp-json\/wp\/v2\/product_tag?post=1774"}],"curies":[{"name":"wp","href":"https:\/\/api.w.org\/{rel}","templated":true}]}}