{"id":1764,"date":"2024-11-14T13:27:01","date_gmt":"2024-11-14T13:27:01","guid":{"rendered":"https:\/\/centro-cee.com\/web\/?post_type=product&#038;p=1764"},"modified":"2026-03-13T17:00:16","modified_gmt":"2026-03-13T17:00:16","slug":"seleccion-de-personal-y-direccion-de-equipos-de-trabajos","status":"publish","type":"product","link":"https:\/\/centro-cee.com\/web\/producto\/seleccion-de-personal-y-direccion-de-equipos-de-trabajos\/","title":{"rendered":"Selecci\u00f3n de personal y direcci\u00f3n de equipos de trabajos"},"content":{"rendered":"<p><a href=\"https:\/\/centro-cee.com\/web\/formaciones\/\">Atr\u00e1s<\/a><\/p>\n<p><em><strong>Selecci\u00f3n de personal y direcci\u00f3n de equipos de trabajos<\/strong><\/em><\/p>\n<p>Toda esta informaci\u00f3n se realiza 100% online en nuestro campus online de formaci\u00f3n.<\/p>\n<p>Las tutor\u00edas se realizan directamente desde el campus de estudio con la opci\u00f3n de mensajer\u00eda a profesores. Las tutorias son \u201ca demanda\u201d, cuando necesites soporte nos lo pides.<\/p>\n<p>Los t\u00edtulos de Centro CEE est\u00e1n autenticados por la firma de notario que valida contenidos y autenticidad a nivel internacional. Nuestra organizaci\u00f3n pertenece a la Asociaci\u00f3n Espa\u00f1ola de Calidad, organizaci\u00f3n Espa\u00f1ola de referencia para la calidad\u00a0en la formaci\u00f3n de auxiliar de enfermer\u00eda. La certificaci\u00f3n se puede apostillar por la Haya para cualquier pa\u00eds firmante del convenio de la Haya.<\/p>\n<p>Se puede pagar a plazos.<\/p>\n<p>Carga horaria de la formaci\u00f3n: 350h<\/p>\n<p>&nbsp;<\/p>\n<h2>Temario<\/h2>\n<hr \/>\n<p>SELECCI\u00d3N DE PERSONAL. GESTI\u00d3N POR COMPETENCIAS<\/p>\n<p>1. EL PROCESO DE SELECCI\u00d3N DE PERSONAL<br \/>\n    1.1. El proceso de selecci\u00f3n de personal<\/p>\n<p>2. EL RECLUTAMIENTO<br \/>\n    2.1. Definici\u00f3n, procesos y finalidad del reclutamiento<br \/>\n    2.2. Fuentes de reclutamiento<br \/>\n    2.3. ..<\/p>\n<p>3. LA SELECCI\u00d3N DE PERSONAL<br \/>\n    3.1. Fases de la selecci\u00f3n<br \/>\n    3.2. T\u00e9cnicas de selecci\u00f3n<br \/>\n    3.3. El uso de Internet en la selecci\u00f3n<\/p>\n<p>4. LA GESTI\u00d3N POR COMPETENCIAS<br \/>\n    4.1. Fundamentaci\u00f3n te\u00f3rica<br \/>\n    4.2. Definici\u00f3n de competencia<br \/>\n    4.3. \u2026<\/p>\n<p>PLANIFICACI\u00d3N DE RR.HH. AN\u00c1LISIS Y VALORACI\u00d3N DE PUESTOS DE TRABAJO<\/p>\n<p>1. PLANIFICACI\u00d3N ESTRAT\u00c9GICA DE RR.HH.<br \/>\n    1.1. La planificaci\u00f3n estrat\u00e9gica de Recursos Humanos.<br \/>\n           1.2. Factores que intervienen en la planificaci\u00f3n de RR.HH.<br \/>\n    1.3. El Sistema de Informaci\u00f3n Personal (SIP) o Sistema de Informaci\u00f3n de RR.HH. (SIRH).<br \/>\n           1.4. \u2026<\/p>\n<p>2. AN\u00c1LISIS Y DESCRIPCI\u00d3N DE PUESTOS DE TRABAJO<br \/>\n           2.1. Conceptos b\u00e1sicos.<br \/>\n           2.2. El A.P.T. en la pol\u00edtica de gesti\u00f3n de  RR.HH.<br \/>\n           2.3. Elementos de un A.P.T.: descripci\u00f3n y especificaci\u00f3n.<br \/>\n           2.4. \u2026<\/p>\n<p>3. VALORACI\u00d3N DE PUESTOS DE TRABAJO<br \/>\n           3.1. La valoraci\u00f3n de puestos de trabajo. Relaci\u00f3n con la remuneraci\u00f3n.<br \/>\n           3.2. Aplicaciones y condicionantes de la valoraci\u00f3n de puestos.<br \/>\n    3.3. \u2026<\/p>\n<p>DISE\u00d1O ORGANIZACIONAL<\/p>\n<p>1. ESTRUCTURA, FUNCIONES Y PROCESOS EN UNA ORGANIZACI\u00d3N<br \/>\n    1.1. Estructura organizativa<br \/>\n    1.2. Funciones organizacionales<br \/>\n    1.3. Los procesos empresariales<br \/>\n    1.4. Cultura organizativa<\/p>\n<p>2. DISE\u00d1O ORGANIZATIVO, MODELOS ESTRUCTURALES Y CICLOS DE VIDA<br \/>\n    2.1. Dise\u00f1o organizativo<br \/>\n    2.2. Modelos estructurales de organizaci\u00f3n<br \/>\n    2.3. Ciclos de vida en la organizaci\u00f3n<\/p>\n<p>MERCADO LABORAL. OPORTUNIDADES DE EMPLEO<\/p>\n<p>1. SITUACI\u00d3N DEL MERCADO LABORAL<br \/>\n1.1. Introducci\u00f3n<br \/>\n1.2. Europa y su Estrategia de empleo 2020<br \/>\n1.2.1. Zonas con tasas de empleo altas cercanas al objetivo Europa 2020<br \/>\n1.2.2. Pa\u00edses con una tasa de empleo en torno a la media europea<br \/>\n1.2.3. Zonas con una tasa de empleo baja lejos del objetivo Europa 2020<br \/>\n1.2.4. ..<\/p>\n<p>2. LA B\u00daSQUEDA DE EMPLEO<br \/>\n2.1. Introducci\u00f3n<br \/>\n2.2. C\u00f3mo buscar empleo<br \/>\n2.2.1. Portal EURES de movilidad profesional<br \/>\n2.2.2. Europa Directo<br \/>\n2.2.3. \u2026<\/p>\n<p>3. SISTEMAS DE FORMACI\u00d3N Y FORMACI\u00d3N PARA EL EMPLEO<br \/>\n3.1. Introducci\u00f3n<br \/>\n3.2. Informaci\u00f3n sobre los sistemas educativos europeos: EURYPEDIA<br \/>\n3.3. El sistema educativo espa\u00f1ol<br \/>\n3.3.1. ..<\/p>\n<p>4. SITUACI\u00d3N LEGAL,  RESIDENCIA Y DOCUMENTACI\u00d3N<br \/>\n4.1. Introducci\u00f3n<br \/>\n4.2. Identificaci\u00f3n en la frontera<br \/>\n4.3. Entrada de personas extranjeras en Espa\u00f1a: Inmigraci\u00f3n<br \/>\n4.3.1. R\u00e9gimen aplicado a los ciudadanos de la Uni\u00f3n Europea o del Espacio Econ\u00f3mico Europeo<br \/>\n4.3.2. R\u00e9gimen General aplicado a extranjeros que no son ciudadanos de la Uni\u00f3n Europea o del Espacio Econ\u00f3mico Europeo<br \/>\n4.4. Tipos de estancias<br \/>\n4.4.1. Estancias inferiores a tres meses<br \/>\n4.4.2. Residencia superior a tres meses<br \/>\n4.4.3. Residencia permanente o de larga duraci\u00f3n<br \/>\n4.4.4. ..<\/p>\n<p>5. LEGISLACI\u00d3N SOBRE EXTRANJER\u00cdA: ESPA\u00d1A Y EUROPA<br \/>\n5.1. Introducci\u00f3n<br \/>\n5.2. Derechos y  libertades de los extranjeros en Espa\u00f1a y su integraci\u00f3n social<br \/>\n5.2.1. Derechos y libertades de los extranjeros<br \/>\n5.2.2. Obligaciones: Sujeci\u00f3n de los extranjeros a los mismos impuestos que los espa\u00f1oles<br \/>\n5.3. Reagrupaci\u00f3n familiar<br \/>\n5.3.1. Procedimiento para la reagrupaci\u00f3n familiar<br \/>\n5.4. Entrada y salida del territorio espa\u00f1ol<br \/>\n5.4.1. Requisitos de entrada  y prohibici\u00f3n de entrada en Espa\u00f1a<br \/>\n5.4.2. \u2026<br \/>\n5.5. Infracciones en materia de extranjer\u00eda y su r\u00e9gimen sancionador<br \/>\n5.5.1. Infracciones Leves<br \/>\n5.5.2. Infracciones graves<br \/>\n5.5.3. \u2026<br \/>\n5.6. Entrada y permanencia en Espa\u00f1a por razones de inter\u00e9s econ\u00f3mico<br \/>\n5.6.1. Visado de residencia para inversores<br \/>\n5.6.2. Residencia para emprendedores<br \/>\n5.6.3. \u2026<br \/>\n5.7. La nacionalidad espa\u00f1ola<br \/>\n5.8. Libertad de circulaci\u00f3n<br \/>\n5.8.1. Puestos de trabajo reservados a los ciudadanos del pa\u00eds<br \/>\n5.8.2. Ciudadanos de Croacia<\/p>\n<p>DIRECCI\u00d3N DE EQUIPOS DE TRABAJOS<\/p>\n<p>EL TRABAJO EN EQUIPO<\/p>\n<p>1. EL TRABAJO EN EQUIPO<br \/>\n        1.1. Importancia del trabajo en equipo<br \/>\n        1.2. Qu\u00e9 es el trabajo en equipo<br \/>\n        1.3. Diferencia entre equipo y grupo<br \/>\n        1.4..<\/p>\n<p>2. TEOR\u00cdAS DE LA MOTIVACI\u00d3N Y LIDERAZGO<br \/>\n       2.1. La motivaci\u00f3n<br \/>\n    2.2. Teor\u00edas de la motivaci\u00f3n<br \/>\n        2.3. El liderazgo<\/p>\n<p>3. TOMA DE DECISIONES. RESOLUCI\u00d3N DE CONFLICTOS. CAMBIO ORGANIZACIONAL<br \/>\n        3.1. Concepto de toma de decisiones<br \/>\n        3.2. Modelo de toma de decisiones<br \/>\n        3.3. Resoluci\u00f3n de conflictos<br \/>\n        3.4. \u2026<\/p>\n<p>4. T\u00c9CNICAS DE TRABAJO EN EQUIPO. REUNIONES DE TRABAJO. MOTIVACI\u00d3N LABORAL<br \/>\n        4.1. T\u00e9cnicas de trabajo en equipo<br \/>\n        4.2. Reuniones de trabajo<br \/>\n        4.3. Motivaci\u00f3n laboral<\/p>\n<p>GESTI\u00d3N DEL CAMBIO<\/p>\n<p>1. \u00bfQU\u00c9 ES EL CAMBIO?<br \/>\n    1.1. Introducci\u00f3n<br \/>\n    1.2. Tipos de cambio<br \/>\n    1.3. ..<\/p>\n<p>2. MODELOS Y DIN\u00c1MICA DEL CAMBIO<br \/>\n    2.1. Introducci\u00f3n<br \/>\n    2.2. Modelo de Lewin<br \/>\n    2.3. ..<\/p>\n<p>3. RESISTENCIA AL CAMBIO<br \/>\n    3.1. Introducci\u00f3n<br \/>\n    3.2. Resistencia individual<br \/>\n    3.3. Resistencia organizacional<br \/>\n    3.4. \u2026<\/p>\n<p>4. PLANIFICACI\u00d3N DEL CAMBIO<br \/>\n    4.1. Introducci\u00f3n<br \/>\n    4.2. Roles<br \/>\n    4.3\u2026.<\/p>\n<p>TOMA DE DECISIONES<\/p>\n<p>1. CONCEPTOS B\u00c1SICOS<br \/>\n1.1. Importancia de la toma de decisiones.<br \/>\n1.2. Conceptos b\u00e1sicos.<br \/>\n1.3. El proceso de toma de decisiones.<br \/>\n1.4. \u2026<br \/>\n2. TOMA DE DECISIONES<br \/>\n2.1. Din\u00e1mica de la toma de decisiones.<br \/>\n2.2. Toma de decisi\u00f3n individual.<br \/>\n2.3. Fases en la toma de decisi\u00f3n individual.<br \/>\n2.4. Toma de decisi\u00f3n en grupo.<br \/>\n2.5. ..<br \/>\n3. T\u00c9CNICAS DE TRABAJO EN GRUPO<br \/>\n3.1. Introducci\u00f3n.<br \/>\n3.2. Brainstorming o tormenta de ideas.<br \/>\n3.3. Grupo Nominal.<br \/>\n3.4. ..<\/p>\n<p>AFRONTAR CONFLICTOS LABORALES<\/p>\n<p>1. \u00bfQU\u00c9 ES EL CONFLICTO?<br \/>\n    1.1. Qu\u00e9 es el conflicto<br \/>\n    1.2. \u00bfSe debe entender el conflicto como una amenaza?<br \/>\n    1.3. ..<\/p>\n<p>2. EL CONFLICTO POSITIVO O FUNCIONAL<br \/>\n    2.1. Introducci\u00f3n<br \/>\n    2.2. T\u00e9cnicas para potenciar el conflicto como oportunidad<\/p>\n<p>3. EL CONFLICTO NEGATIVO O DISFUNCIONAL<br \/>\n3.1. Introducci\u00f3n<br \/>\n3.2. Cuando el conflicto se personaliza<\/p>\n<p>4. AFRONTAMIENTO DE CONFLICTOS<br \/>\n    4.1. Postura personal ante el conflicto<br \/>\n    4.2. M\u00e9todos de afrontamiento de conflictos<\/p>\n<p>       5. CONCLUSIONES E IDEAS CLAVE<\/p>\n<p>LIDERAZGO<\/p>\n<p>1. MEDIATIZADORES DEL ESTILO DE DIRECCI\u00d3N<br \/>\n1.1. Introducci\u00f3n<br \/>\n1.2. Persona<br \/>\n1.3. Tarea<br \/>\n1.4. Entorno<\/p>\n<p>2. TIPOS DE ESTILOS DE DIRECCI\u00d3N<br \/>\n2.1. Introducci\u00f3n<br \/>\n2.2. Estilo Coercitivo<br \/>\n2.3. Estilo Orientativo<br \/>\n2.4. Estilo Afiliativo<br \/>\n2.5. Estilo Participativo<br \/>\n2.6. \u2026.<\/p>\n<p>3. LIDERAZGO<br \/>\n3.1. El liderazgo<br \/>\n3.2. Enfoques Sustancialistas<br \/>\n3.3. Enfoques Comportamentales<br \/>\n3.4. \u2026<\/p>\n<p>4. MOTIVACI\u00d3N LABORAL<br \/>\n4.1. La motivaci\u00f3n<br \/>\n4.2. Motivaci\u00f3n intr\u00ednseca, extr\u00ednseca y transcendente<br \/>\n4.3. Factores espec\u00edficos de la motivaci\u00f3n en la organizaci\u00f3n<br \/>\n4.4. \u2026<\/p>\n<p>5. DESARROLLO Y MEJORA DE COMPETENCIAS DIRECTIVAS<br \/>\n5.1. Introducci\u00f3n<br \/>\n5.2. Feedback 360\u00ba<br \/>\n5.3. Coaching<br \/>\n5.4. \u2026<\/p>\n<p>NEGOCIACI\u00d3N<\/p>\n<p>1. CONCEPTOS B\u00c1SICOS<br \/>\n    1.1. Introducci\u00f3n<br \/>\n    1.2. El proceso de negociaci\u00f3n<\/p>\n<p>2. PREPARACI\u00d3N DE LA NEGOCIACI\u00d3N<br \/>\n    2.1. Introducci\u00f3n<br \/>\n    2.2. Fase de informaci\u00f3n<br \/>\n    2.3. Fase de an\u00e1lisis<br \/>\n    2.4\u2026<\/p>\n<p>3. T\u00c1CTICAS EN LA NEGOCIACI\u00d3N<br \/>\n    3.1. Introducci\u00f3n<br \/>\n    3.2. Comportamiento<br \/>\n    3.3. Motivar a la otra parte<br \/>\n    3.4. \u2026<\/p>\n<p>4. DIN\u00c1MICA DE LAS EXIGENCIAS<br \/>\n    4.1. Introducci\u00f3n<br \/>\n    4.2. Exigencias<br \/>\n    4.3. Concesiones<br \/>\n    4.4. \u2026<\/p>\n<p>5. CIERRE DEL ACUERDO<br \/>\n    5.1. T\u00e9cnicas de acercamiento al cierre<br \/>\n    5.2. Petici\u00f3n sorpresiva<br \/>\n    5.3. Actas                                                 <\/p>\n<p><em><strong>Selecci\u00f3n de personal y direcci\u00f3n de equipos de trabajos<\/strong><\/em><\/p>\n<hr \/>\n","protected":false},"excerpt":{"rendered":"<p><a href=\"https:\/\/centro-cee.com\/web\/formaciones\/\">Atr\u00e1s<\/a><\/p>\n<p>F\u00f3rmate y especial\u00edzate en todos los aspectos relacionados con la selecci\u00f3n de personal, gesti\u00f3n de equipos de trabajo, planificaci\u00f3n de los RRHH, gesti\u00f3n de conflictos laborales, etc., todo con contenidos actualizados. <\/p>\n<p>Cada d\u00eda las empresas demandan profesionales que permitan realizar una gesti\u00f3n \u00f3ptima del valor humano de las empresas, integrando en la estructura personal a trav\u00e9s de planes de igualdad y de conciliaci\u00f3n.<\/p>\n<p>La formaci\u00f3n obtenida es de alto nivel y con gran cantidad de contenidos que dotaran a las\/los alumnas\/os de unos conocimientos excelentes.<\/p>\n","protected":false},"featured_media":1765,"comment_status":"closed","ping_status":"closed","template":"","meta":[],"product_brand":[],"product_cat":[2050,17],"product_tag":[1650,1647,1295,1648,379,1652,1640,1649,1646,1651],"class_list":{"0":"post-1764","1":"product","2":"type-product","3":"status-publish","4":"has-post-thumbnail","6":"product_cat-cursos-online-empresa","7":"product_cat-master","8":"product_tag-desarrollo-de-equipos","9":"product_tag-direccion-de-equipos","10":"product_tag-formacion-en-recursos-humanos","11":"product_tag-gestion-de-recursos-humanos","12":"product_tag-gestion-de-talento","13":"product_tag-habilidades-directivas","14":"product_tag-liderazgo-de-equipos","15":"product_tag-reclutamiento-y-seleccion","16":"product_tag-seleccion-de-personal","17":"product_tag-tecnicas-de-liderazgo","19":"first","20":"instock","21":"sale","22":"shipping-taxable","23":"purchasable","24":"product-type-simple"},"yoast_head":"<!-- This site is optimized with the Yoast SEO plugin v27.5 - https:\/\/yoast.com\/product\/yoast-seo-wordpress\/ -->\n<title>Selecci\u00f3n de personal y direcci\u00f3n de equipos de trabajos<\/title>\n<meta name=\"description\" content=\"Desarrolla tus habilidades y mejora tus conocimientos y preparate con nuestra formaci\u00f3n de Selecci\u00f3n de personal y direcci\u00f3n de equipos de trabajos\" \/>\n<meta name=\"robots\" content=\"index, follow, max-snippet:-1, max-image-preview:large, max-video-preview:-1\" \/>\n<link rel=\"canonical\" href=\"https:\/\/centro-cee.com\/web\/producto\/seleccion-de-personal-y-direccion-de-equipos-de-trabajos\/\" \/>\n<meta property=\"og:locale\" content=\"es_ES\" \/>\n<meta property=\"og:type\" content=\"article\" \/>\n<meta property=\"og:title\" content=\"Selecci\u00f3n de personal y direcci\u00f3n de equipos de trabajos\" \/>\n<meta property=\"og:description\" content=\"Desarrolla tus habilidades y mejora tus conocimientos y preparate con nuestra formaci\u00f3n de Selecci\u00f3n de personal y direcci\u00f3n de equipos de trabajos\" \/>\n<meta property=\"og:url\" content=\"https:\/\/centro-cee.com\/web\/producto\/seleccion-de-personal-y-direccion-de-equipos-de-trabajos\/\" \/>\n<meta property=\"og:site_name\" content=\"CEE Centro Europeo E-learning - Cursos online\" \/>\n<meta property=\"article:modified_time\" content=\"2026-03-13T17:00:16+00:00\" \/>\n<meta property=\"og:image\" content=\"https:\/\/centro-cee.com\/web\/wp-content\/uploads\/2024\/11\/Cap9362tura.png\" \/>\n\t<meta property=\"og:image:width\" content=\"799\" \/>\n\t<meta property=\"og:image:height\" content=\"454\" \/>\n\t<meta property=\"og:image:type\" content=\"image\/png\" \/>\n<meta name=\"twitter:card\" content=\"summary_large_image\" \/>\n<meta name=\"twitter:label1\" content=\"Tiempo de lectura\" \/>\n\t<meta name=\"twitter:data1\" content=\"6 minutos\" \/>\n<script type=\"application\/ld+json\" class=\"yoast-schema-graph\">{\"@context\":\"https:\\\/\\\/schema.org\",\"@graph\":[{\"@type\":\"WebPage\",\"@id\":\"https:\\\/\\\/centro-cee.com\\\/web\\\/producto\\\/seleccion-de-personal-y-direccion-de-equipos-de-trabajos\\\/\",\"url\":\"https:\\\/\\\/centro-cee.com\\\/web\\\/producto\\\/seleccion-de-personal-y-direccion-de-equipos-de-trabajos\\\/\",\"name\":\"Selecci\u00f3n de personal y direcci\u00f3n de equipos de trabajos\",\"isPartOf\":{\"@id\":\"https:\\\/\\\/centro-cee.com\\\/web\\\/#website\"},\"primaryImageOfPage\":{\"@id\":\"https:\\\/\\\/centro-cee.com\\\/web\\\/producto\\\/seleccion-de-personal-y-direccion-de-equipos-de-trabajos\\\/#primaryimage\"},\"image\":{\"@id\":\"https:\\\/\\\/centro-cee.com\\\/web\\\/producto\\\/seleccion-de-personal-y-direccion-de-equipos-de-trabajos\\\/#primaryimage\"},\"thumbnailUrl\":\"https:\\\/\\\/centro-cee.com\\\/web\\\/wp-content\\\/uploads\\\/2024\\\/11\\\/Cap9362tura.png\",\"datePublished\":\"2024-11-14T13:27:01+00:00\",\"dateModified\":\"2026-03-13T17:00:16+00:00\",\"description\":\"Desarrolla tus habilidades y mejora tus conocimientos y preparate con nuestra formaci\u00f3n de Selecci\u00f3n de personal y direcci\u00f3n de equipos de trabajos\",\"breadcrumb\":{\"@id\":\"https:\\\/\\\/centro-cee.com\\\/web\\\/producto\\\/seleccion-de-personal-y-direccion-de-equipos-de-trabajos\\\/#breadcrumb\"},\"inLanguage\":\"es\",\"potentialAction\":[{\"@type\":\"ReadAction\",\"target\":[\"https:\\\/\\\/centro-cee.com\\\/web\\\/producto\\\/seleccion-de-personal-y-direccion-de-equipos-de-trabajos\\\/\"]}]},{\"@type\":\"ImageObject\",\"inLanguage\":\"es\",\"@id\":\"https:\\\/\\\/centro-cee.com\\\/web\\\/producto\\\/seleccion-de-personal-y-direccion-de-equipos-de-trabajos\\\/#primaryimage\",\"url\":\"https:\\\/\\\/centro-cee.com\\\/web\\\/wp-content\\\/uploads\\\/2024\\\/11\\\/Cap9362tura.png\",\"contentUrl\":\"https:\\\/\\\/centro-cee.com\\\/web\\\/wp-content\\\/uploads\\\/2024\\\/11\\\/Cap9362tura.png\",\"width\":799,\"height\":454},{\"@type\":\"BreadcrumbList\",\"@id\":\"https:\\\/\\\/centro-cee.com\\\/web\\\/producto\\\/seleccion-de-personal-y-direccion-de-equipos-de-trabajos\\\/#breadcrumb\",\"itemListElement\":[{\"@type\":\"ListItem\",\"position\":1,\"name\":\"Portada\",\"item\":\"https:\\\/\\\/centro-cee.com\\\/web\\\/\"},{\"@type\":\"ListItem\",\"position\":2,\"name\":\"Selecci\u00f3n de personal y direcci\u00f3n de equipos de trabajos\"}]},{\"@type\":\"WebSite\",\"@id\":\"https:\\\/\\\/centro-cee.com\\\/web\\\/#website\",\"url\":\"https:\\\/\\\/centro-cee.com\\\/web\\\/\",\"name\":\"Centro Europeo E-learning\",\"description\":\"CEE Formaci\u00f3n Online\",\"publisher\":{\"@id\":\"https:\\\/\\\/centro-cee.com\\\/web\\\/#organization\"},\"alternateName\":\"Centro Online de Formaci\u00f3n\",\"potentialAction\":[{\"@type\":\"SearchAction\",\"target\":{\"@type\":\"EntryPoint\",\"urlTemplate\":\"https:\\\/\\\/centro-cee.com\\\/web\\\/?s={search_term_string}\"},\"query-input\":{\"@type\":\"PropertyValueSpecification\",\"valueRequired\":true,\"valueName\":\"search_term_string\"}}],\"inLanguage\":\"es\"},{\"@type\":\"Organization\",\"@id\":\"https:\\\/\\\/centro-cee.com\\\/web\\\/#organization\",\"name\":\"Centro Europeo E-learning CEE\",\"url\":\"https:\\\/\\\/centro-cee.com\\\/web\\\/\",\"logo\":{\"@type\":\"ImageObject\",\"inLanguage\":\"es\",\"@id\":\"https:\\\/\\\/centro-cee.com\\\/web\\\/#\\\/schema\\\/logo\\\/image\\\/\",\"url\":\"https:\\\/\\\/centro-cee.com\\\/web\\\/wp-content\\\/uploads\\\/2022\\\/12\\\/cropped-logo_educa.png\",\"contentUrl\":\"https:\\\/\\\/centro-cee.com\\\/web\\\/wp-content\\\/uploads\\\/2022\\\/12\\\/cropped-logo_educa.png\",\"width\":157,\"height\":63,\"caption\":\"Centro Europeo E-learning CEE\"},\"image\":{\"@id\":\"https:\\\/\\\/centro-cee.com\\\/web\\\/#\\\/schema\\\/logo\\\/image\\\/\"},\"sameAs\":[\"https:\\\/\\\/www.instagram.com\\\/centroeuropeo_cee\"]}]}<\/script>\n<!-- \/ Yoast SEO plugin. -->","yoast_head_json":{"title":"Selecci\u00f3n de personal y direcci\u00f3n de equipos de trabajos","description":"Desarrolla tus habilidades y mejora tus conocimientos y preparate con nuestra formaci\u00f3n de Selecci\u00f3n de personal y direcci\u00f3n de equipos de trabajos","robots":{"index":"index","follow":"follow","max-snippet":"max-snippet:-1","max-image-preview":"max-image-preview:large","max-video-preview":"max-video-preview:-1"},"canonical":"https:\/\/centro-cee.com\/web\/producto\/seleccion-de-personal-y-direccion-de-equipos-de-trabajos\/","og_locale":"es_ES","og_type":"article","og_title":"Selecci\u00f3n de personal y direcci\u00f3n de equipos de trabajos","og_description":"Desarrolla tus habilidades y mejora tus conocimientos y preparate con nuestra formaci\u00f3n de Selecci\u00f3n de personal y direcci\u00f3n de equipos de trabajos","og_url":"https:\/\/centro-cee.com\/web\/producto\/seleccion-de-personal-y-direccion-de-equipos-de-trabajos\/","og_site_name":"CEE Centro Europeo E-learning - Cursos online","article_modified_time":"2026-03-13T17:00:16+00:00","og_image":[{"width":799,"height":454,"url":"https:\/\/centro-cee.com\/web\/wp-content\/uploads\/2024\/11\/Cap9362tura.png","type":"image\/png"}],"twitter_card":"summary_large_image","twitter_misc":{"Tiempo de lectura":"6 minutos"},"schema":{"@context":"https:\/\/schema.org","@graph":[{"@type":"WebPage","@id":"https:\/\/centro-cee.com\/web\/producto\/seleccion-de-personal-y-direccion-de-equipos-de-trabajos\/","url":"https:\/\/centro-cee.com\/web\/producto\/seleccion-de-personal-y-direccion-de-equipos-de-trabajos\/","name":"Selecci\u00f3n de personal y direcci\u00f3n de equipos de trabajos","isPartOf":{"@id":"https:\/\/centro-cee.com\/web\/#website"},"primaryImageOfPage":{"@id":"https:\/\/centro-cee.com\/web\/producto\/seleccion-de-personal-y-direccion-de-equipos-de-trabajos\/#primaryimage"},"image":{"@id":"https:\/\/centro-cee.com\/web\/producto\/seleccion-de-personal-y-direccion-de-equipos-de-trabajos\/#primaryimage"},"thumbnailUrl":"https:\/\/centro-cee.com\/web\/wp-content\/uploads\/2024\/11\/Cap9362tura.png","datePublished":"2024-11-14T13:27:01+00:00","dateModified":"2026-03-13T17:00:16+00:00","description":"Desarrolla tus habilidades y mejora tus conocimientos y preparate con nuestra formaci\u00f3n de Selecci\u00f3n de personal y direcci\u00f3n de equipos de trabajos","breadcrumb":{"@id":"https:\/\/centro-cee.com\/web\/producto\/seleccion-de-personal-y-direccion-de-equipos-de-trabajos\/#breadcrumb"},"inLanguage":"es","potentialAction":[{"@type":"ReadAction","target":["https:\/\/centro-cee.com\/web\/producto\/seleccion-de-personal-y-direccion-de-equipos-de-trabajos\/"]}]},{"@type":"ImageObject","inLanguage":"es","@id":"https:\/\/centro-cee.com\/web\/producto\/seleccion-de-personal-y-direccion-de-equipos-de-trabajos\/#primaryimage","url":"https:\/\/centro-cee.com\/web\/wp-content\/uploads\/2024\/11\/Cap9362tura.png","contentUrl":"https:\/\/centro-cee.com\/web\/wp-content\/uploads\/2024\/11\/Cap9362tura.png","width":799,"height":454},{"@type":"BreadcrumbList","@id":"https:\/\/centro-cee.com\/web\/producto\/seleccion-de-personal-y-direccion-de-equipos-de-trabajos\/#breadcrumb","itemListElement":[{"@type":"ListItem","position":1,"name":"Portada","item":"https:\/\/centro-cee.com\/web\/"},{"@type":"ListItem","position":2,"name":"Selecci\u00f3n de personal y direcci\u00f3n de equipos de trabajos"}]},{"@type":"WebSite","@id":"https:\/\/centro-cee.com\/web\/#website","url":"https:\/\/centro-cee.com\/web\/","name":"Centro Europeo E-learning","description":"CEE Formaci\u00f3n Online","publisher":{"@id":"https:\/\/centro-cee.com\/web\/#organization"},"alternateName":"Centro Online de Formaci\u00f3n","potentialAction":[{"@type":"SearchAction","target":{"@type":"EntryPoint","urlTemplate":"https:\/\/centro-cee.com\/web\/?s={search_term_string}"},"query-input":{"@type":"PropertyValueSpecification","valueRequired":true,"valueName":"search_term_string"}}],"inLanguage":"es"},{"@type":"Organization","@id":"https:\/\/centro-cee.com\/web\/#organization","name":"Centro Europeo E-learning CEE","url":"https:\/\/centro-cee.com\/web\/","logo":{"@type":"ImageObject","inLanguage":"es","@id":"https:\/\/centro-cee.com\/web\/#\/schema\/logo\/image\/","url":"https:\/\/centro-cee.com\/web\/wp-content\/uploads\/2022\/12\/cropped-logo_educa.png","contentUrl":"https:\/\/centro-cee.com\/web\/wp-content\/uploads\/2022\/12\/cropped-logo_educa.png","width":157,"height":63,"caption":"Centro Europeo E-learning CEE"},"image":{"@id":"https:\/\/centro-cee.com\/web\/#\/schema\/logo\/image\/"},"sameAs":["https:\/\/www.instagram.com\/centroeuropeo_cee"]}]}},"_links":{"self":[{"href":"https:\/\/centro-cee.com\/web\/wp-json\/wp\/v2\/product\/1764","targetHints":{"allow":["GET"]}}],"collection":[{"href":"https:\/\/centro-cee.com\/web\/wp-json\/wp\/v2\/product"}],"about":[{"href":"https:\/\/centro-cee.com\/web\/wp-json\/wp\/v2\/types\/product"}],"replies":[{"embeddable":true,"href":"https:\/\/centro-cee.com\/web\/wp-json\/wp\/v2\/comments?post=1764"}],"wp:featuredmedia":[{"embeddable":true,"href":"https:\/\/centro-cee.com\/web\/wp-json\/wp\/v2\/media\/1765"}],"wp:attachment":[{"href":"https:\/\/centro-cee.com\/web\/wp-json\/wp\/v2\/media?parent=1764"}],"wp:term":[{"taxonomy":"product_brand","embeddable":true,"href":"https:\/\/centro-cee.com\/web\/wp-json\/wp\/v2\/product_brand?post=1764"},{"taxonomy":"product_cat","embeddable":true,"href":"https:\/\/centro-cee.com\/web\/wp-json\/wp\/v2\/product_cat?post=1764"},{"taxonomy":"product_tag","embeddable":true,"href":"https:\/\/centro-cee.com\/web\/wp-json\/wp\/v2\/product_tag?post=1764"}],"curies":[{"name":"wp","href":"https:\/\/api.w.org\/{rel}","templated":true}]}}