{"id":1760,"date":"2024-11-14T13:12:57","date_gmt":"2024-11-14T13:12:57","guid":{"rendered":"https:\/\/centro-cee.com\/web\/?post_type=product&#038;p=1760"},"modified":"2026-03-13T17:00:39","modified_gmt":"2026-03-13T17:00:39","slug":"auxiliar-de-jardin-de-infancia-y-pedagogia-montessori","status":"publish","type":"product","link":"https:\/\/centro-cee.com\/web\/producto\/auxiliar-de-jardin-de-infancia-y-pedagogia-montessori\/","title":{"rendered":"Auxiliar de jard\u00edn de infancia y pedagog\u00eda montessori"},"content":{"rendered":"<p><a href=\"https:\/\/centro-cee.com\/web\/formaciones\/\">Atr\u00e1s<\/a><\/p>\n<p><em><strong>Auxiliar de jard\u00edn de infancia y pedagog\u00eda montessori<\/strong><\/em><\/p>\n<p>Toda esta informaci\u00f3n se realiza 100% online en nuestro campus online de formaci\u00f3n.<\/p>\n<p>Las tutor\u00edas se realizan directamente desde el campus de estudio con la opci\u00f3n de mensajer\u00eda a profesores. Las tutorias son \u201ca demanda\u201d, cuando necesites soporte nos lo pides.<\/p>\n<p>Los t\u00edtulos de Centro CEE est\u00e1n autenticados por la firma de notario que valida contenidos y autenticidad a nivel internacional. Nuestra organizaci\u00f3n pertenece a la Asociaci\u00f3n Espa\u00f1ola de Calidad, organizaci\u00f3n Espa\u00f1ola de referencia para la calidad\u00a0en la formaci\u00f3n de auxiliar de enfermer\u00eda. La certificaci\u00f3n se puede apostillar por la Haya para cualquier pa\u00eds firmante del convenio de la Haya.<\/p>\n<p>Se puede pagar a plazos.<\/p>\n<p>Carga horaria de la formaci\u00f3n: 500h<\/p>\n<p>&nbsp;<\/p>\n<h2>Temario<\/h2>\n<hr \/>\n<p>M\u00c1STER AUXILIAR DE JARD\u00cdN DE INFANCIA + PEDAGOG\u00cdA MONTESSORI<\/p>\n<p>M\u00f3dulo 1: Auxiliar de Jard\u00edn de Infancia<\/p>\n<p>TEMA 1. CONOCIMIENTOS GENERALES DE ANATOM\u00cdA<br \/>\n1. Introducci\u00f3n a la anatom\u00eda patol\u00f3gica<br \/>\n2. El esqueleto<br \/>\n3. Sistema muscular<br \/>\n4. Sistema nervioso<br \/>\n5. \u2026<br \/>\nTEMA 2. FECUNDACI\u00d3N Y EMBARAZO<br \/>\n1. Fecundaci\u00f3n<br \/>\n2. El embarazo<br \/>\nTEMA 3. CUIDADOS INMEDIATOS DEL RECI\u00c9N NACIDO<br \/>\n1. Cuidados del reci\u00e9n nacido despu\u00e9s del parto vaginal<br \/>\n2. Caracter\u00edsticas fisiol\u00f3gicas y neurol\u00f3gicas del reci\u00e9n nacido<br \/>\n3. Exploraci\u00f3n neurol\u00f3gica<br \/>\n4. \u2026<br \/>\nTEMA 4. ALIMENTACI\u00d3N PARA LA ETAPA INFANTIL<br \/>\n1. Alimentaci\u00f3n para beb\u00e9s de 1 a 2 a\u00f1os<br \/>\n2. Alimentaci\u00f3n para ni\u00f1os de 2 a 3 a\u00f1os<br \/>\n3. Alimentaci\u00f3n del ni\u00f1o preescolar<br \/>\n4. El desayuno de los ni\u00f1os<br \/>\n5. La merienda para los ni\u00f1os<br \/>\n6. La cena de los ni\u00f1os<br \/>\n7. Alimentaci\u00f3n de verano para los ni\u00f1os<br \/>\n8. \u2026.<br \/>\nTEMA 5. VACUNAS, HIGIENE INFANTIL Y CONTROL DE ESF\u00cdNTERES<br \/>\n1. Introducci\u00f3n a las vacunas<br \/>\n2. \u2026.<br \/>\nTEMA 6. LOS ACCIDENTES INFANTILES<br \/>\n1. Factores desencadenantes de los accidentes infantiles<br \/>\n2. Prevenci\u00f3n de los accidentes infantiles<br \/>\nTEMA 7. PRIMEROS AUXILIOS: QU\u00c9 HACER Y QU\u00c9 NO HACER EN CASO DE ACCIDENTE<br \/>\n1. Heridas y hemorragias<br \/>\n2. Quemaduras<br \/>\n3. Congelaciones<br \/>\n4. \u2026.<br \/>\nTEMA 8. NUTRICI\u00d3N INFANTIL<br \/>\n1. Etapas de desarrollo<br \/>\n2. Nutrientes importantes<br \/>\nTEMA 9. EDUCACI\u00d3N INFANTIL EN LA LOE<br \/>\n1. Principios generales de la educaci\u00f3n infantil seg\u00fan la LOE<br \/>\n2. Objetivos de la educaci\u00f3n infantil seg\u00fan la LOE<br \/>\n3. Ordenaci\u00f3n de la etapa de educaci\u00f3n infantil seg\u00fan la LOE<br \/>\n4. \u2026.<\/p>\n<p>TEMA 10. FACTORES A TENER EN CUENTA EN UN CENTRO INFANTIL<br \/>\n1. El dise\u00f1o y el ambiente del centro infantil<br \/>\n2. El ornato y la est\u00e9tica<br \/>\n3. La higiene del centro infantil<br \/>\nTEMA 11. ORGANIZACI\u00d3N Y FUNCIONAMIENTO DE UN CENTRO DE EDUCACI\u00d3N INFANTIL<br \/>\n1. Las dependencias generales del centro infantil<br \/>\n2. Elementos constituyentes del centro infantil<br \/>\n3. ..<br \/>\nTEMA 12. DESARROLLO INFANTIL Y PSICOLOG\u00cdA<br \/>\n1. El ni\u00f1o\/a descubre a los otros<br \/>\n2. Proceso de descubrimiento, vinculaci\u00f3n y aceptaci\u00f3n<br \/>\n3. La escuela como instituci\u00f3n socializadora<br \/>\n4. El papel del centro de educaci\u00f3n infantil en la prevenci\u00f3n e intervenci\u00f3n de ..<br \/>\nTEMA 13. TEOR\u00cdAS DEL DESARROLLO DE LA ETAPA INFANTIL<br \/>\n1. La obra de Sigmund Freud<br \/>\n2. Obras de Jean Piaget (1896-1980)<br \/>\n3. Obras de Vygotsky<br \/>\nTEMA 14. ALTERACIONES DEL DESARROLLO INFANTIL<br \/>\n1. Apraxia<br \/>\n2. Agnosia<br \/>\n3. Disfasia<br \/>\n4. \u2026<br \/>\nTEMA 15. TRASTORNOS DEL LENGUAJE (I)<br \/>\n1. Introducci\u00f3n<br \/>\n2. Trastornos del lenguaje (I)<\/p>\n<p>TEMA 16. TRASTORNOS DEL LENGUAJE (II)<br \/>\n1. Dislexia<br \/>\n2. Disfon\u00eda<br \/>\n3. \u2026<br \/>\nTEMA 17. TRASTORNOS DEL LENGUAJE (III)<br \/>\n1. Mutismo<br \/>\n2. Tartamudez<br \/>\n3. Hipoacusia<br \/>\n4. \u2026<br \/>\nTEMA 18. TRASTORNOS PSICOMOTRICES<br \/>\n1. Introducci\u00f3n<br \/>\n2. Trastornos psicomotrices<br \/>\nTEMA 19. TRASTORNOS SOCIALES AFECTIVOS<br \/>\n1. Autoerotismo<br \/>\n2. Agresividad<br \/>\n3. Trastornos disociales<br \/>\n4. \u2026<br \/>\nTEMA 20. TRASTORNOS PSICOL\u00d3GICOS<br \/>\n1. Esquizofrenia<br \/>\n2. Epilepsia<br \/>\n3. ..<\/p>\n<p>TEMA 21. LA FAMILIA Y LAS ALTERACIONES EN EL DESARROLLO INFANTIL<br \/>\n1. Repercusi\u00f3n de la familia en las alteraciones del desarrollo infantil<br \/>\nTEMA 22. ASPECTOS PEDAG\u00d3GICOS EN LA EDUCACI\u00d3N INFANTIL<br \/>\n1. El jard\u00edn maternal<br \/>\nTEMA 23. CONCEPTUALIZACI\u00d3N DESDE EL PUNTO DE VISTA PSICOL\u00d3GICO<br \/>\n1. Psicopedagog\u00eda<br \/>\n2. Aprendizaje<br \/>\n3. Problemas de aprendizaje<br \/>\n4. \u00c1reas del aprendizaje<br \/>\n5. Los trastornos<br \/>\n6. La discapacidad<br \/>\n7. \u2026.<br \/>\nTEMA 24. LOS TEST Y EL DIAGN\u00d3STICO PEDAG\u00d3GICO<br \/>\n1. Historia de los test<br \/>\n2. Los tests aplicados en el nivel preescolar<br \/>\n3. Concepto de diagn\u00f3stico pedag\u00f3gico<br \/>\n4. \u2026<\/p>\n<p>M\u00d3DULO 2: M\u00c1STER EN PEDAGOG\u00cdA MONTESSORI<\/p>\n<p>1. EL NI\u00d1O DE 0 A 15 MESES<br \/>\n1. Nacimiento<br \/>\n2. &#8211; Etapas del parto<br \/>\n3. &#8211; Riesgos y complicaciones del parto<br \/>\n4. &#8211; El control del neonato<br \/>\n5. Desarrollo f\u00edsico y motor<br \/>\n6. \u2026<br \/>\n2. EL NI\u00d1O DE 1 A 3 A\u00d1OS<br \/>\n1. Desarrollo f\u00edsico y psicomotor<br \/>\n2. &#8211; Locomoci\u00f3n<br \/>\n3. &#8211; Manipulaci\u00f3n<br \/>\n4. Desarrollo cognitivo<br \/>\n5. ..<\/p>\n<p>3. EL NI\u00d1O DE 3 A 6 A\u00d1OS<br \/>\n1. Desarrollo psicomotor<br \/>\n2. &#8211; El espacio<br \/>\n3. Desarrollo cognitivo<br \/>\n4. &#8211; El pensamiento preoperacional<br \/>\n5. Desarrollo del lenguaje<br \/>\n6. \u2026<br \/>\n4. EL NI\u00d1O DE 6 A 9 A\u00d1OS<br \/>\n1. Desarrollo f\u00edsico y motor<br \/>\n2. Desarrollo cognitivo<br \/>\n3. &#8211; Conocimiento operacional concreto<br \/>\n4. &#8211; Propiedades de las operaciones cognitivas concretas<br \/>\n5. \u2026<br \/>\n5. EL NI\u00d1O DE 9 A 12 A\u00d1OS<br \/>\n1. Desarrollo f\u00edsico<br \/>\n2. &#8211; Cambios f\u00edsicos en las chicas<br \/>\n3. &#8211; Cambios f\u00edsicos en los chicos<br \/>\n4. Desarrollo del lenguaje y la comunicaci\u00f3n<br \/>\n5. Desarrollo psico-social y afectivo<br \/>\n6. \u2026<br \/>\n6. LA ADOLESCENCIA: EL NI\u00d1O DE 12 A 18 A\u00d1OS<br \/>\n1. La Adolescencia<br \/>\n2. Cambios caracter\u00edsticos de la adolescencia<br \/>\n3. &#8211; Cambios f\u00edsicos<br \/>\n4. &#8211; Cambios psicol\u00f3gicos<br \/>\n5. &#8211; Cambios sociales<br \/>\n6. La adolescencia como per\u00edodo cr\u00edtico del desarrollo<br \/>\n7. Desarrollo cognitivo<br \/>\n8. &#8211; \u2026<br \/>\n7. ATENCI\u00d3N TEMPRANA Y EDUCACI\u00d3N ESPECIAL<br \/>\n1. La educaci\u00f3n especial en la primera mitad del s.XX<br \/>\n2. Alumnado con discapacidad visual. Discapacidad sensorial<br \/>\n3. &#8211; Tipos de Discapacidad Visual<br \/>\n4. &#8211; Necesidades del alumnado con Ceguera<br \/>\n5. &#8211; Necesidades del alumnado con Discapacidad Visual<br \/>\n6. Alumnado con Discapacidad Auditiva<br \/>\n7. \u2026<br \/>\n8. DESARROLLO INFANTIL Y PSICOL\u00d3GICO DEL NI\u00d1O<br \/>\n1. El ni\u00f1o\/a descubre a los otros<br \/>\n2. Proceso de descubrimiento, vinculaci\u00f3n y aceptaci\u00f3n<br \/>\n3. La escuela como instituci\u00f3n socializadora<br \/>\n4. ..<br \/>\n9. LA FAMILIA<br \/>\n1. Importancia del contexto familiar<br \/>\n2. Concepto de familia<br \/>\n3. La familia y su funci\u00f3n educadora<br \/>\n4. Desarrollo afectivo en la familia<br \/>\n5. \u2026.<br \/>\n10. EL DESARROLLO SEG\u00daN MAR\u00cdA MONTESSORI<br \/>\n1. Introducci\u00f3n al desarrollo<br \/>\n2. &#8211; Concepto de desarrollo<br \/>\n3. &#8211; Objetivo del desarrollo<br \/>\n4. \u2026<br \/>\n11. LA ESCUELA NUEVA<br \/>\n1. Aportaciones pedag\u00f3gicas de la Escuela Nueva a la educaci\u00f3n<br \/>\n2. &#8211; Caracter\u00edsticas fundamentales de la escuela nueva<br \/>\n3. &#8211; Principales escuelas<br \/>\n4. Principios did\u00e1cticos fundamentales de la educaci\u00f3n<br \/>\n5. &#8211; Principio de actividad<br \/>\n6. \u2026.<br \/>\n12. LA PEDAGOG\u00cdA DE MAR\u00cdA MONTESSORI<br \/>\n1. Introducci\u00f3n<br \/>\n2. Principios b\u00e1sicos<br \/>\n3. Figura docente<br \/>\n4. \u2026<br \/>\n13. INTRODUCCI\u00d3N AL M\u00c9TODO MONTESSORI<br \/>\n1. M\u00e9todo Montessori<br \/>\n2. Elementos de la metodolog\u00eda<br \/>\n3. \u00c1reas del m\u00e9todo Montessori<br \/>\n4. \u2026<br \/>\n14. FEN\u00d3MENO DE LA POLARIZACI\u00d3N DE LA ATENCI\u00d3N<br \/>\n1. Polarizaci\u00f3n de la atenci\u00f3n<br \/>\n2. &#8211; La normalizaci\u00f3n<br \/>\n3. El silencio<br \/>\n15. PRINCIPIOS DEL M\u00c9TODO DE MAR\u00cdA MONTESSORI<br \/>\n1. La mente absorbente de los ni\u00f1os<br \/>\n2. Los per\u00edodos sensibles<br \/>\n3. &#8211; Imaginaci\u00f3n<br \/>\n4. &#8211; Abstracci\u00f3n<br \/>\n5. &#8211; Sociabilidad<br \/>\n6. &#8211; Per\u00edodo sensible para el desarrollo de los sentidos<br \/>\n7. ..<br \/>\n16. PREPARACI\u00d3N DEL AMBIENTE MONTESSORI<br \/>\n1. Organizaci\u00f3n del espacio<br \/>\n2. &#8211; Tipos de espacios<br \/>\n3. &#8211; Recursos para crear distintos espacios<br \/>\n4. Los rincones educativos<br \/>\n5. \u2026<br \/>\n17. IMPORTANCIA DEL JUEGO EN EL NI\u00d1O<br \/>\n1. Introducci\u00f3n<br \/>\n2. Caracter\u00edsticas del Juego<br \/>\n3. \u2026<br \/>\n18. EL JUEGO DID\u00c1CTICO<br \/>\n1. El juego infantil<br \/>\n2. &#8211; Caracter\u00edsticas del juego infantil<br \/>\n3. El juego did\u00e1ctico<br \/>\n4. &#8211; El juego funcional (0-3 a\u00f1os)<br \/>\n5. \u2026<br \/>\n19. EL GU\u00cdA MONTESSORI<br \/>\n1. Transformaci\u00f3n del adulto<br \/>\n2. El gu\u00eda de Montessori<br \/>\n3. &#8211; Caracter\u00edsticas del gu\u00eda Montessori<br \/>\n4. La libertad y la disciplina en el m\u00e9todo Montessori<\/p>\n<p>20. PLAN DE ESTUDIOS MONTESSORI<br \/>\n1. Plan de estudios de Mar\u00eda Montessori<br \/>\n2. &#8211; Vida pr\u00e1ctica<br \/>\n3. &#8211; Sensorial<br \/>\n4. \u2026<\/p>\n<p>21. MATERIALES MONTESSORI<br \/>\n1. Caracter\u00edsticas de los materiales Montessori<br \/>\n2. Tipos de materiales Montessori<br \/>\n3. \u2026<br \/>\n22. RESOLUCI\u00d3N DE CONFLICTOS<br \/>\n1. Introducci\u00f3n a la resoluci\u00f3n de conflictos<br \/>\n2. Resoluci\u00f3n de conflictos en el m\u00e9todo Montessori<\/p>\n<p><em><strong>Auxiliar de jard\u00edn de infancia y pedagog\u00eda montessori<\/strong><\/em><\/p>\n<hr \/>\n","protected":false},"excerpt":{"rendered":"<p><a href=\"https:\/\/centro-cee.com\/web\/formaciones\/\">Atr\u00e1s<\/a><\/p>\n<p>Se trata de una formaci\u00f3n online, que podr\u00e1s seguir desde la comodidad de casa, utilizando un ordenador o tablet con conexi\u00f3n a internet. Los contenidos son multimedia, interactivos y con audio, en general se evita el exceso de contenidos de texto.<\/p>\n<p>\u00a1No esperes m\u00e1s y f\u00f3rmate con los mejores profesionales!<\/p>\n","protected":false},"featured_media":1761,"comment_status":"closed","ping_status":"closed","template":"","meta":[],"product_brand":[],"product_cat":[2052,17],"product_tag":[1628,1633,1637,1630,1634,1635,1636,1632,1631,1629],"class_list":{"0":"post-1760","1":"product","2":"type-product","3":"status-publish","4":"has-post-thumbnail","6":"product_cat-cursos-educacion","7":"product_cat-master","8":"product_tag-auxiliar-de-jardin-de-infancia","9":"product_tag-auxiliar-educativo-infantil","10":"product_tag-cuidado-y-educacion-infantil","11":"product_tag-curso-de-educacion-infantil","12":"product_tag-desarrollo-infantil","13":"product_tag-educacion-en-la-primera-infancia","14":"product_tag-ensenanza-montessori","15":"product_tag-formacion-en-montessori","16":"product_tag-metodologia-montessori","17":"product_tag-pedagogia-montessori","19":"first","20":"instock","21":"sale","22":"shipping-taxable","23":"purchasable","24":"product-type-simple"},"yoast_head":"<!-- This site is optimized with the Yoast SEO plugin v27.3 - https:\/\/yoast.com\/product\/yoast-seo-wordpress\/ -->\n<title>Auxiliar de jard\u00edn de infancia y pedagog\u00eda montessori<\/title>\n<meta name=\"description\" content=\"Desarrolla tus habilidades y mejora tus conocimientos y preparate con nuestra formaci\u00f3n de Auxiliar de jard\u00edn de infancia y pedagog\u00eda montessori\" \/>\n<meta name=\"robots\" content=\"index, follow, max-snippet:-1, max-image-preview:large, max-video-preview:-1\" \/>\n<link rel=\"canonical\" href=\"https:\/\/centro-cee.com\/web\/producto\/auxiliar-de-jardin-de-infancia-y-pedagogia-montessori\/\" \/>\n<meta property=\"og:locale\" content=\"es_ES\" \/>\n<meta property=\"og:type\" content=\"article\" \/>\n<meta property=\"og:title\" content=\"Auxiliar de jard\u00edn de infancia y pedagog\u00eda montessori\" \/>\n<meta property=\"og:description\" content=\"Desarrolla tus habilidades y mejora tus conocimientos y preparate con nuestra formaci\u00f3n de Auxiliar de jard\u00edn de infancia y pedagog\u00eda montessori\" \/>\n<meta property=\"og:url\" content=\"https:\/\/centro-cee.com\/web\/producto\/auxiliar-de-jardin-de-infancia-y-pedagogia-montessori\/\" \/>\n<meta property=\"og:site_name\" content=\"CEE Centro Europeo E-learning - Cursos online\" \/>\n<meta property=\"article:modified_time\" content=\"2026-03-13T17:00:39+00:00\" \/>\n<meta property=\"og:image\" content=\"https:\/\/centro-cee.com\/web\/wp-content\/uploads\/2024\/11\/Captura.png\" \/>\n\t<meta property=\"og:image:width\" content=\"510\" \/>\n\t<meta property=\"og:image:height\" content=\"288\" \/>\n\t<meta property=\"og:image:type\" content=\"image\/png\" \/>\n<meta name=\"twitter:card\" content=\"summary_large_image\" \/>\n<meta name=\"twitter:label1\" content=\"Tiempo de lectura\" \/>\n\t<meta name=\"twitter:data1\" content=\"6 minutos\" \/>\n<script type=\"application\/ld+json\" class=\"yoast-schema-graph\">{\"@context\":\"https:\\\/\\\/schema.org\",\"@graph\":[{\"@type\":\"WebPage\",\"@id\":\"https:\\\/\\\/centro-cee.com\\\/web\\\/producto\\\/auxiliar-de-jardin-de-infancia-y-pedagogia-montessori\\\/\",\"url\":\"https:\\\/\\\/centro-cee.com\\\/web\\\/producto\\\/auxiliar-de-jardin-de-infancia-y-pedagogia-montessori\\\/\",\"name\":\"Auxiliar de jard\u00edn de infancia y pedagog\u00eda montessori\",\"isPartOf\":{\"@id\":\"https:\\\/\\\/centro-cee.com\\\/web\\\/#website\"},\"primaryImageOfPage\":{\"@id\":\"https:\\\/\\\/centro-cee.com\\\/web\\\/producto\\\/auxiliar-de-jardin-de-infancia-y-pedagogia-montessori\\\/#primaryimage\"},\"image\":{\"@id\":\"https:\\\/\\\/centro-cee.com\\\/web\\\/producto\\\/auxiliar-de-jardin-de-infancia-y-pedagogia-montessori\\\/#primaryimage\"},\"thumbnailUrl\":\"https:\\\/\\\/centro-cee.com\\\/web\\\/wp-content\\\/uploads\\\/2024\\\/11\\\/Captura.png\",\"datePublished\":\"2024-11-14T13:12:57+00:00\",\"dateModified\":\"2026-03-13T17:00:39+00:00\",\"description\":\"Desarrolla tus habilidades y mejora tus conocimientos y preparate con nuestra formaci\u00f3n de Auxiliar de jard\u00edn de infancia y pedagog\u00eda montessori\",\"breadcrumb\":{\"@id\":\"https:\\\/\\\/centro-cee.com\\\/web\\\/producto\\\/auxiliar-de-jardin-de-infancia-y-pedagogia-montessori\\\/#breadcrumb\"},\"inLanguage\":\"es\",\"potentialAction\":[{\"@type\":\"ReadAction\",\"target\":[\"https:\\\/\\\/centro-cee.com\\\/web\\\/producto\\\/auxiliar-de-jardin-de-infancia-y-pedagogia-montessori\\\/\"]}]},{\"@type\":\"ImageObject\",\"inLanguage\":\"es\",\"@id\":\"https:\\\/\\\/centro-cee.com\\\/web\\\/producto\\\/auxiliar-de-jardin-de-infancia-y-pedagogia-montessori\\\/#primaryimage\",\"url\":\"https:\\\/\\\/centro-cee.com\\\/web\\\/wp-content\\\/uploads\\\/2024\\\/11\\\/Captura.png\",\"contentUrl\":\"https:\\\/\\\/centro-cee.com\\\/web\\\/wp-content\\\/uploads\\\/2024\\\/11\\\/Captura.png\",\"width\":510,\"height\":288},{\"@type\":\"BreadcrumbList\",\"@id\":\"https:\\\/\\\/centro-cee.com\\\/web\\\/producto\\\/auxiliar-de-jardin-de-infancia-y-pedagogia-montessori\\\/#breadcrumb\",\"itemListElement\":[{\"@type\":\"ListItem\",\"position\":1,\"name\":\"Portada\",\"item\":\"https:\\\/\\\/centro-cee.com\\\/web\\\/\"},{\"@type\":\"ListItem\",\"position\":2,\"name\":\"Auxiliar de jard\u00edn de infancia y pedagog\u00eda montessori\"}]},{\"@type\":\"WebSite\",\"@id\":\"https:\\\/\\\/centro-cee.com\\\/web\\\/#website\",\"url\":\"https:\\\/\\\/centro-cee.com\\\/web\\\/\",\"name\":\"Centro Europeo E-learning\",\"description\":\"CEE Formaci\u00f3n Online\",\"publisher\":{\"@id\":\"https:\\\/\\\/centro-cee.com\\\/web\\\/#organization\"},\"alternateName\":\"Centro Online de Formaci\u00f3n\",\"potentialAction\":[{\"@type\":\"SearchAction\",\"target\":{\"@type\":\"EntryPoint\",\"urlTemplate\":\"https:\\\/\\\/centro-cee.com\\\/web\\\/?s={search_term_string}\"},\"query-input\":{\"@type\":\"PropertyValueSpecification\",\"valueRequired\":true,\"valueName\":\"search_term_string\"}}],\"inLanguage\":\"es\"},{\"@type\":\"Organization\",\"@id\":\"https:\\\/\\\/centro-cee.com\\\/web\\\/#organization\",\"name\":\"Centro Europeo E-learning CEE\",\"url\":\"https:\\\/\\\/centro-cee.com\\\/web\\\/\",\"logo\":{\"@type\":\"ImageObject\",\"inLanguage\":\"es\",\"@id\":\"https:\\\/\\\/centro-cee.com\\\/web\\\/#\\\/schema\\\/logo\\\/image\\\/\",\"url\":\"https:\\\/\\\/centro-cee.com\\\/web\\\/wp-content\\\/uploads\\\/2022\\\/12\\\/cropped-logo_educa.png\",\"contentUrl\":\"https:\\\/\\\/centro-cee.com\\\/web\\\/wp-content\\\/uploads\\\/2022\\\/12\\\/cropped-logo_educa.png\",\"width\":157,\"height\":63,\"caption\":\"Centro Europeo E-learning CEE\"},\"image\":{\"@id\":\"https:\\\/\\\/centro-cee.com\\\/web\\\/#\\\/schema\\\/logo\\\/image\\\/\"},\"sameAs\":[\"https:\\\/\\\/www.instagram.com\\\/centroeuropeo_cee\"]}]}<\/script>\n<!-- \/ Yoast SEO plugin. -->","yoast_head_json":{"title":"Auxiliar de jard\u00edn de infancia y pedagog\u00eda montessori","description":"Desarrolla tus habilidades y mejora tus conocimientos y preparate con nuestra formaci\u00f3n de Auxiliar de jard\u00edn de infancia y pedagog\u00eda montessori","robots":{"index":"index","follow":"follow","max-snippet":"max-snippet:-1","max-image-preview":"max-image-preview:large","max-video-preview":"max-video-preview:-1"},"canonical":"https:\/\/centro-cee.com\/web\/producto\/auxiliar-de-jardin-de-infancia-y-pedagogia-montessori\/","og_locale":"es_ES","og_type":"article","og_title":"Auxiliar de jard\u00edn de infancia y pedagog\u00eda montessori","og_description":"Desarrolla tus habilidades y mejora tus conocimientos y preparate con nuestra formaci\u00f3n de Auxiliar de jard\u00edn de infancia y pedagog\u00eda montessori","og_url":"https:\/\/centro-cee.com\/web\/producto\/auxiliar-de-jardin-de-infancia-y-pedagogia-montessori\/","og_site_name":"CEE Centro Europeo E-learning - Cursos online","article_modified_time":"2026-03-13T17:00:39+00:00","og_image":[{"width":510,"height":288,"url":"https:\/\/centro-cee.com\/web\/wp-content\/uploads\/2024\/11\/Captura.png","type":"image\/png"}],"twitter_card":"summary_large_image","twitter_misc":{"Tiempo de lectura":"6 minutos"},"schema":{"@context":"https:\/\/schema.org","@graph":[{"@type":"WebPage","@id":"https:\/\/centro-cee.com\/web\/producto\/auxiliar-de-jardin-de-infancia-y-pedagogia-montessori\/","url":"https:\/\/centro-cee.com\/web\/producto\/auxiliar-de-jardin-de-infancia-y-pedagogia-montessori\/","name":"Auxiliar de jard\u00edn de infancia y pedagog\u00eda montessori","isPartOf":{"@id":"https:\/\/centro-cee.com\/web\/#website"},"primaryImageOfPage":{"@id":"https:\/\/centro-cee.com\/web\/producto\/auxiliar-de-jardin-de-infancia-y-pedagogia-montessori\/#primaryimage"},"image":{"@id":"https:\/\/centro-cee.com\/web\/producto\/auxiliar-de-jardin-de-infancia-y-pedagogia-montessori\/#primaryimage"},"thumbnailUrl":"https:\/\/centro-cee.com\/web\/wp-content\/uploads\/2024\/11\/Captura.png","datePublished":"2024-11-14T13:12:57+00:00","dateModified":"2026-03-13T17:00:39+00:00","description":"Desarrolla tus habilidades y mejora tus conocimientos y preparate con nuestra formaci\u00f3n de Auxiliar de jard\u00edn de infancia y pedagog\u00eda montessori","breadcrumb":{"@id":"https:\/\/centro-cee.com\/web\/producto\/auxiliar-de-jardin-de-infancia-y-pedagogia-montessori\/#breadcrumb"},"inLanguage":"es","potentialAction":[{"@type":"ReadAction","target":["https:\/\/centro-cee.com\/web\/producto\/auxiliar-de-jardin-de-infancia-y-pedagogia-montessori\/"]}]},{"@type":"ImageObject","inLanguage":"es","@id":"https:\/\/centro-cee.com\/web\/producto\/auxiliar-de-jardin-de-infancia-y-pedagogia-montessori\/#primaryimage","url":"https:\/\/centro-cee.com\/web\/wp-content\/uploads\/2024\/11\/Captura.png","contentUrl":"https:\/\/centro-cee.com\/web\/wp-content\/uploads\/2024\/11\/Captura.png","width":510,"height":288},{"@type":"BreadcrumbList","@id":"https:\/\/centro-cee.com\/web\/producto\/auxiliar-de-jardin-de-infancia-y-pedagogia-montessori\/#breadcrumb","itemListElement":[{"@type":"ListItem","position":1,"name":"Portada","item":"https:\/\/centro-cee.com\/web\/"},{"@type":"ListItem","position":2,"name":"Auxiliar de jard\u00edn de infancia y pedagog\u00eda montessori"}]},{"@type":"WebSite","@id":"https:\/\/centro-cee.com\/web\/#website","url":"https:\/\/centro-cee.com\/web\/","name":"Centro Europeo E-learning","description":"CEE Formaci\u00f3n Online","publisher":{"@id":"https:\/\/centro-cee.com\/web\/#organization"},"alternateName":"Centro Online de Formaci\u00f3n","potentialAction":[{"@type":"SearchAction","target":{"@type":"EntryPoint","urlTemplate":"https:\/\/centro-cee.com\/web\/?s={search_term_string}"},"query-input":{"@type":"PropertyValueSpecification","valueRequired":true,"valueName":"search_term_string"}}],"inLanguage":"es"},{"@type":"Organization","@id":"https:\/\/centro-cee.com\/web\/#organization","name":"Centro Europeo E-learning CEE","url":"https:\/\/centro-cee.com\/web\/","logo":{"@type":"ImageObject","inLanguage":"es","@id":"https:\/\/centro-cee.com\/web\/#\/schema\/logo\/image\/","url":"https:\/\/centro-cee.com\/web\/wp-content\/uploads\/2022\/12\/cropped-logo_educa.png","contentUrl":"https:\/\/centro-cee.com\/web\/wp-content\/uploads\/2022\/12\/cropped-logo_educa.png","width":157,"height":63,"caption":"Centro Europeo E-learning CEE"},"image":{"@id":"https:\/\/centro-cee.com\/web\/#\/schema\/logo\/image\/"},"sameAs":["https:\/\/www.instagram.com\/centroeuropeo_cee"]}]}},"_links":{"self":[{"href":"https:\/\/centro-cee.com\/web\/wp-json\/wp\/v2\/product\/1760","targetHints":{"allow":["GET"]}}],"collection":[{"href":"https:\/\/centro-cee.com\/web\/wp-json\/wp\/v2\/product"}],"about":[{"href":"https:\/\/centro-cee.com\/web\/wp-json\/wp\/v2\/types\/product"}],"replies":[{"embeddable":true,"href":"https:\/\/centro-cee.com\/web\/wp-json\/wp\/v2\/comments?post=1760"}],"wp:featuredmedia":[{"embeddable":true,"href":"https:\/\/centro-cee.com\/web\/wp-json\/wp\/v2\/media\/1761"}],"wp:attachment":[{"href":"https:\/\/centro-cee.com\/web\/wp-json\/wp\/v2\/media?parent=1760"}],"wp:term":[{"taxonomy":"product_brand","embeddable":true,"href":"https:\/\/centro-cee.com\/web\/wp-json\/wp\/v2\/product_brand?post=1760"},{"taxonomy":"product_cat","embeddable":true,"href":"https:\/\/centro-cee.com\/web\/wp-json\/wp\/v2\/product_cat?post=1760"},{"taxonomy":"product_tag","embeddable":true,"href":"https:\/\/centro-cee.com\/web\/wp-json\/wp\/v2\/product_tag?post=1760"}],"curies":[{"name":"wp","href":"https:\/\/api.w.org\/{rel}","templated":true}]}}