{"id":1756,"date":"2024-11-13T13:42:30","date_gmt":"2024-11-13T13:42:30","guid":{"rendered":"https:\/\/centro-cee.com\/web\/?post_type=product&#038;p=1756"},"modified":"2026-03-13T17:00:49","modified_gmt":"2026-03-13T17:00:49","slug":"comunicacion-eficaz-con-programacion-neurolinguistica","status":"publish","type":"product","link":"https:\/\/centro-cee.com\/web\/producto\/comunicacion-eficaz-con-programacion-neurolinguistica\/","title":{"rendered":"Comunicaci\u00f3n eficaz con programaci\u00f3n neuroling\u00fc\u00edstica"},"content":{"rendered":"<p><a href=\"https:\/\/centro-cee.com\/web\/formaciones\/\">Atr\u00e1s<\/a><\/p>\n<p><em><strong>Comunicaci\u00f3n eficaz con programaci\u00f3n neuroling\u00fc\u00edstica<\/strong><\/em><\/p>\n<p>Toda esta informaci\u00f3n se realiza 100% online en nuestro campus online de formaci\u00f3n.<\/p>\n<p>Las tutor\u00edas se realizan directamente desde el campus de estudio con la opci\u00f3n de mensajer\u00eda a profesores. Las tutorias son \u201ca demanda\u201d, cuando necesites soporte nos lo pides.<\/p>\n<p>Los t\u00edtulos de Centro CEE est\u00e1n autenticados por la firma de notario que valida contenidos y autenticidad a nivel internacional. Nuestra organizaci\u00f3n pertenece a la Asociaci\u00f3n Espa\u00f1ola de Calidad, organizaci\u00f3n Espa\u00f1ola de referencia para la calidad\u00a0en la formaci\u00f3n de auxiliar de enfermer\u00eda. La certificaci\u00f3n se puede apostillar por la Haya para cualquier pa\u00eds firmante del convenio de la Haya.<\/p>\n<p>Se puede pagar a plazos.<\/p>\n<p>Carga horaria de la formaci\u00f3n: 300h<\/p>\n<p>&nbsp;<\/p>\n<h2>Temario<\/h2>\n<hr \/>\n<p>1. M\u00d3DULO I. INTRODUCCI\u00d3N<br \/>\nTEMA 1. INTRODUCCI\u00d3N A LA PNL<br \/>\n1. \u00bfQu\u00e9 es la Programaci\u00f3n Neuro Ling\u00fc\u00edstica?<br \/>\n2. Breve recorrido hist\u00f3rico<br \/>\n3. Objetivos de la PNL<br \/>\n4. \u00bfC\u00f3mo funciona la PNL? Principios<br \/>\n5. Marcos de la PNL<br \/>\nTEMA 2. ELEMENTOS B\u00c1SICOS DE PNL<br \/>\n1. Programaci\u00f3n<br \/>\n2. Neuro<br \/>\n3. Filtros<br \/>\n4. Ling\u00fc\u00edstica<br \/>\nTEMA 3. SISTEMAS REPRESENTACIONALES<br \/>\n1. Diferentes formas de pensar<br \/>\n2. Calibraje<br \/>\n3. Proceso de cambio y aprendizaje<br \/>\nTEMA 4. METAMODELOS Y METAPROGRAMAS EN PNL<br \/>\n1. Introducci\u00f3n<br \/>\n2. Metamodelo del lenguaje<br \/>\n3. Violaciones del metalenguaje<br \/>\n4. Los metaprogramas en PNL<br \/>\n5. Tipos de metaprogramas<br \/>\nTEMA 5. APLICACIONES B\u00c1SICAS<br \/>\n1. Introducci\u00f3n<br \/>\n2. PNL en las aulas<br \/>\n3. PNL en la salud<br \/>\n4. PNL y coaching<br \/>\n5. PNL y RRHH<br \/>\n6. PNL y negocios<br \/>\n7. M\u00d3DULO II. RECURSOS<br \/>\nTEMA 6. EMPAT\u00cdA E INTELIGENCIA EMOCIONAL<br \/>\n1. Definici\u00f3n de empat\u00eda<br \/>\n2. Rapport<br \/>\n3. Inteligencia emocional<br \/>\nTEMA 7. LENGUAJE VERBAL<br \/>\n1. Introducci\u00f3n<br \/>\n2. El lenguaje verbal<br \/>\n3. Comunicaci\u00f3n<br \/>\n4. T\u00e9cnicas de intervenci\u00f3n verbal<br \/>\nTEMA 8. LENGUAJE NO VERBAL<br \/>\n1. Introducci\u00f3n<br \/>\n2. Relaciones entre la conducta verbal y no verbal<br \/>\n3. Entablar relaciones<br \/>\nTEMA 9. ESCUCHA ACTIVA<br \/>\n1. Introducci\u00f3n<br \/>\n2. Tipos de escucha<br \/>\n3. La escucha activa<br \/>\n4. Beneficios y obst\u00e1culos de la escucha activa<br \/>\n5. Proceso de escucha activa<br \/>\n6. C\u00f3mo mejorar la escucha activa<br \/>\nTEMA 10. CREENCIAS Y VALORES<br \/>\n1. Introducci\u00f3n<br \/>\n2. Valores<br \/>\n3. Las creencias<br \/>\n4. Met\u00e1foras<br \/>\n5. Asertividad<br \/>\n6. M\u00d3DULO III. ESTRATEGIAS EN PNL<br \/>\nTEMA 11. AN\u00c1LISIS DE ESTRATEGIAS EN PNL (I)<br \/>\n1. Introducci\u00f3n<br \/>\n2. El proceso POPS<br \/>\n3. Procesos de obtenci\u00f3n de estrategias: desembalaje<br \/>\n4. Uso de estrategias<br \/>\n5. Acceso a la estrategia: anclaje<br \/>\nTEMA 12. AN\u00c1LISIS DE ESTRATEGIAS EN PNL (II)<br \/>\n1. Dise\u00f1o de estrategias<br \/>\n2. Modificaci\u00f3n de estrategias<br \/>\n3. Negociaci\u00f3n estrat\u00e9gica<br \/>\n4. Planificaci\u00f3n y meta<br \/>\nTEMA 13. PNL PARA LA VIDA DIARIA<br \/>\n1. Establecimiento de metas<br \/>\n2. Motivaci\u00f3n<br \/>\n3. Autoestima y creencias con PNL: ganar confianza en uno mismo<br \/>\n4. Gesti\u00f3n del tiempo<br \/>\n5. M\u00d3DULO IV. PNL Y GESTI\u00d3N EMPRESARIAL<br \/>\nTEMA 14. PNL Y ORGANIZACI\u00d3N<br \/>\n1. Gerencia del siglo XXI<br \/>\n2. Herramientas para el cambio en las organizaciones con PNL<br \/>\n3. Estrategias en la organizaci\u00f3n<br \/>\n4. Elementos clave de la organizaci\u00f3n con PNL<br \/>\nTEMA 15. COMUNICACI\u00d3N EMPRESARIAL CON PNL<br \/>\n1. Introducci\u00f3n general a la comunicaci\u00f3n empresarial<br \/>\n2. Canales de comunicaci\u00f3n<br \/>\n3. Optimizar la comunicaci\u00f3n<br \/>\n4. Ventajas de la comunicaci\u00f3n neuroling\u00fc\u00edstica<br \/>\n5. Comunicaci\u00f3n exitosa<br \/>\nTEMA 16. COACHING CON PNL<br \/>\n1. Introducci\u00f3n al coaching<br \/>\n2. Objetivos, metas y valores: coaching y empresa<br \/>\n3. Habilidades, pr\u00e1cticas y procesos en coaching<br \/>\n4. El directivo como coach<br \/>\nTEMA 17. GERENCIA CON PNL Y CARACTER\u00cdSTICAS PERSONALES<br \/>\n1. Niveles l\u00f3gicos de cambio<br \/>\n2. Caracter\u00edsticas personales<br \/>\n3. Gesti\u00f3n del conocimiento y trabajo en equipo<br \/>\n4. Liderazgo<br \/>\nTEMA 18. PNL E INTELIGENCIA EMOCIONAL<br \/>\n1. Introducci\u00f3n a la Inteligencia Emocional<br \/>\n2. Importancia de la IE para los directivos<br \/>\n3. Componentes y competencias de la inteligencia emocional<br \/>\n4. Desarrollo de la inteligencia emocional en la empresa<br \/>\nTEMA 19. RR.HH. Y PNL: GESTI\u00d3N DE PERSONAS I<br \/>\n1. Recursos humanos<br \/>\n2. Proceso de selecci\u00f3n<br \/>\n3. Resoluci\u00f3n de problemas: convertir los problemas en oportunidades<br \/>\nTEMA 20. RR.HH Y PNL: GESTI\u00d3N DE PERSONAS II<br \/>\n1. Motivaci\u00f3n y esfuerzo del equipo<br \/>\n2. Gesti\u00f3n del estr\u00e9s<br \/>\n3. Gesti\u00f3n de la creatividad<br \/>\n4. Gesti\u00f3n de valores<br \/>\nTEMA 21. VENTAS Y NEGOCIACI\u00d3N CON PNL<br \/>\n1. PNL y ventas<br \/>\n2. Aumentar las ventas<br \/>\n3. Dise\u00f1o del proceso de venta<br \/>\n4. La PNL aplicada a la negociaci\u00f3n<br \/>\n5. T\u00e9cnicas de ventas y objetivos<\/p>\n<p>COACHING<\/p>\n<p>1.    INTRODUCCI\u00d3N<br \/>\n1.1.    Origen del coaching<br \/>\n1.2.    Coaching ejecutivo<br \/>\n1.3.    Definici\u00f3n de los conceptos de Coaching y Mentoring<br \/>\n1.3.1.    Coaching<br \/>\n1.3.2.    Mentoring<br \/>\n1.4.    Diferencias entre coaching y mentoring y con otros conceptos relacionados<br \/>\n1.4.1.    Diferencias entre coaching y mentoring<br \/>\n&#8230;.<\/p>\n<p>2.    EL PROCESO DE COACHING<br \/>\n2.1.    Por qu\u00e9 iniciar un proceso de coaching<br \/>\n2.2.    El proceso de coaching. Sesiones b\u00e1sicas<br \/>\n2.2.1.    Contrato entre dos partes<br \/>\n2.2.2.    Elecci\u00f3n de los directivos<br \/>\n&#8230;.<\/p>\n<p>3.    TIPOS DE COACHING<br \/>\n3.1.    Clasificaciones<br \/>\n3.1.1.    Seg\u00fan su \u00e1mbito de aplicaci\u00f3n<br \/>\n3.1.2.    Seg\u00fan la modalidad de las sesiones<br \/>\n3.1.3.    Seg\u00fan la metodolog\u00eda aplicada<br \/>\n3.2.    El e-coaching<br \/>\n&#8230;<\/p>\n<p>4.    COMPETENCIAS DEL COACH<br \/>\n4.1.    El coach y la empat\u00eda<br \/>\n4.2.    Competencias b\u00e1sicas del Coach<br \/>\n4.2.1.    Establecer confianza e intimidad con el cliente<br \/>\n4.2.2.    Presencia del coaching<br \/>\n4.2.3.    Escucha activa<br \/>\n4.2.4.    Preguntas poderosas<br \/>\n4.2.5.    Comunicaci\u00f3n directa<br \/>\n&#8230;<\/p>\n<p>5.    HERRAMIENTAS E INSTRUMENTOS<br \/>\n5.1.    Herramientas<br \/>\n5.1.1.    Introducci\u00f3n<br \/>\n5.1.2.    Evaluar necesidades<br \/>\n5.1.3.    Conocer al coachee<br \/>\n5.1.4.    Aumentar la autoconciencia<br \/>\n5.1.5.    Aumentar el abanico de opciones<br \/>\n5.1.6.    Desarrollar y potenciar habilidades y t\u00e9cnicas<br \/>\n&#8230;<\/p>\n<p>6.    ACREDITACI\u00d3N DEL COACH<br \/>\n6.1.     Introducci\u00f3n<br \/>\n6.2.    C\u00f3mo se acredita un Coach<br \/>\n6.3.    Competencias b\u00e1sicas para obtener la acreditaci\u00f3n de la ICF<br \/>\n6.4.    \u00c9tica profesional y c\u00f3digo deontol\u00f3gico<br \/>\n&#8230;<\/p>\n<p>7.    ORIENTACI\u00d3N PROFESIONAL O MENTORING<br \/>\n7.1.    Definici\u00f3n de mentoring<br \/>\n7.2.    Tipos de mentoring<br \/>\n7.3.    El proceso de mentoring<br \/>\n7.4.    El mentee<br \/>\n7.5.    El mentor<\/p>\n<p><em><strong>Comunicaci\u00f3n eficaz con programaci\u00f3n neuroling\u00fc\u00edstica<\/strong><\/em><\/p>\n<hr \/>\n","protected":false},"excerpt":{"rendered":"<p><a href=\"https:\/\/centro-cee.com\/web\/formaciones\/\">Atr\u00e1s<\/a><\/p>\n<p>Formate y especializate en todos los aspectos relacionados con la PNL, con contenidos actualizados. Con la formaci\u00f3n el estudiante desarrollara las habilidades necesarias para una comunicaci\u00f3n eficaz. Se ense\u00f1aran las reglas de la PNL as\u00ed como aplicarlos, a crear rapport utilizando el lenguaje no verbal, sistemas de respresentaci\u00f3n sensorial y sus claves de acceso.<br \/>\nLa formaci\u00f3n va complementada con un apartado de coaching para fortalecer los protocolos de motivaci\u00f3n que ayudan a una mejor aplicaci\u00f3n de la PNL.<\/p>\n","protected":false},"featured_media":1757,"comment_status":"closed","ping_status":"closed","template":"","meta":[],"product_brand":[],"product_cat":[2050,2048,34],"product_tag":[1618,1627,1623,1624,1626,1621,1625,1620,1619,1622],"class_list":{"0":"post-1756","1":"product","2":"type-product","3":"status-publish","4":"has-post-thumbnail","6":"product_cat-cursos-online-empresa","7":"product_cat-cursos-online-psicologia","8":"product_cat-tecnicos","9":"product_tag-comunicacion-eficaz","10":"product_tag-comunicacion-y-desarrollo-personal","11":"product_tag-curso-de-comunicacion-eficaz","12":"product_tag-desarrollo-personal-con-pnl","13":"product_tag-estrategias-de-programacion-neurolinguistica","14":"product_tag-habilidades-de-comunicacion","15":"product_tag-mejora-de-la-comunicacion-interpersonal","16":"product_tag-pnl-y-comunicacion","17":"product_tag-programacion-neurolinguistica","18":"product_tag-tecnicas-de-pnl","20":"first","21":"instock","22":"sale","23":"shipping-taxable","24":"purchasable","25":"product-type-simple"},"yoast_head":"<!-- This site is optimized with the Yoast SEO plugin v27.4 - https:\/\/yoast.com\/product\/yoast-seo-wordpress\/ -->\n<title>Comunicaci\u00f3n eficaz con programaci\u00f3n neuroling\u00fc\u00edstica<\/title>\n<meta name=\"description\" content=\"Desarrolla tus habilidades y mejora tus conocimientos y preparate con nuestra formaci\u00f3n de Comunicaci\u00f3n eficaz con programaci\u00f3n neuroling\u00fc\u00edstica\" \/>\n<meta name=\"robots\" content=\"index, follow, max-snippet:-1, max-image-preview:large, max-video-preview:-1\" \/>\n<link rel=\"canonical\" href=\"https:\/\/centro-cee.com\/web\/producto\/comunicacion-eficaz-con-programacion-neurolinguistica\/\" \/>\n<meta property=\"og:locale\" content=\"es_ES\" \/>\n<meta property=\"og:type\" content=\"article\" \/>\n<meta property=\"og:title\" content=\"Comunicaci\u00f3n eficaz con programaci\u00f3n neuroling\u00fc\u00edstica\" \/>\n<meta property=\"og:description\" content=\"Desarrolla tus habilidades y mejora tus conocimientos y preparate con nuestra formaci\u00f3n de Comunicaci\u00f3n eficaz con programaci\u00f3n neuroling\u00fc\u00edstica\" \/>\n<meta property=\"og:url\" content=\"https:\/\/centro-cee.com\/web\/producto\/comunicacion-eficaz-con-programacion-neurolinguistica\/\" \/>\n<meta property=\"og:site_name\" content=\"CEE Centro Europeo E-learning - Cursos online\" \/>\n<meta property=\"article:modified_time\" content=\"2026-03-13T17:00:49+00:00\" \/>\n<meta property=\"og:image\" content=\"https:\/\/centro-cee.com\/web\/wp-content\/uploads\/2024\/11\/dafsfasf.png\" \/>\n\t<meta property=\"og:image:width\" content=\"681\" \/>\n\t<meta property=\"og:image:height\" content=\"515\" \/>\n\t<meta property=\"og:image:type\" content=\"image\/png\" \/>\n<meta name=\"twitter:card\" content=\"summary_large_image\" \/>\n<meta name=\"twitter:label1\" content=\"Tiempo de lectura\" \/>\n\t<meta name=\"twitter:data1\" content=\"4 minutos\" \/>\n<script type=\"application\/ld+json\" class=\"yoast-schema-graph\">{\"@context\":\"https:\\\/\\\/schema.org\",\"@graph\":[{\"@type\":\"WebPage\",\"@id\":\"https:\\\/\\\/centro-cee.com\\\/web\\\/producto\\\/comunicacion-eficaz-con-programacion-neurolinguistica\\\/\",\"url\":\"https:\\\/\\\/centro-cee.com\\\/web\\\/producto\\\/comunicacion-eficaz-con-programacion-neurolinguistica\\\/\",\"name\":\"Comunicaci\u00f3n eficaz con programaci\u00f3n neuroling\u00fc\u00edstica\",\"isPartOf\":{\"@id\":\"https:\\\/\\\/centro-cee.com\\\/web\\\/#website\"},\"primaryImageOfPage\":{\"@id\":\"https:\\\/\\\/centro-cee.com\\\/web\\\/producto\\\/comunicacion-eficaz-con-programacion-neurolinguistica\\\/#primaryimage\"},\"image\":{\"@id\":\"https:\\\/\\\/centro-cee.com\\\/web\\\/producto\\\/comunicacion-eficaz-con-programacion-neurolinguistica\\\/#primaryimage\"},\"thumbnailUrl\":\"https:\\\/\\\/centro-cee.com\\\/web\\\/wp-content\\\/uploads\\\/2024\\\/11\\\/dafsfasf.png\",\"datePublished\":\"2024-11-13T13:42:30+00:00\",\"dateModified\":\"2026-03-13T17:00:49+00:00\",\"description\":\"Desarrolla tus habilidades y mejora tus conocimientos y preparate con nuestra formaci\u00f3n de Comunicaci\u00f3n eficaz con programaci\u00f3n neuroling\u00fc\u00edstica\",\"breadcrumb\":{\"@id\":\"https:\\\/\\\/centro-cee.com\\\/web\\\/producto\\\/comunicacion-eficaz-con-programacion-neurolinguistica\\\/#breadcrumb\"},\"inLanguage\":\"es\",\"potentialAction\":[{\"@type\":\"ReadAction\",\"target\":[\"https:\\\/\\\/centro-cee.com\\\/web\\\/producto\\\/comunicacion-eficaz-con-programacion-neurolinguistica\\\/\"]}]},{\"@type\":\"ImageObject\",\"inLanguage\":\"es\",\"@id\":\"https:\\\/\\\/centro-cee.com\\\/web\\\/producto\\\/comunicacion-eficaz-con-programacion-neurolinguistica\\\/#primaryimage\",\"url\":\"https:\\\/\\\/centro-cee.com\\\/web\\\/wp-content\\\/uploads\\\/2024\\\/11\\\/dafsfasf.png\",\"contentUrl\":\"https:\\\/\\\/centro-cee.com\\\/web\\\/wp-content\\\/uploads\\\/2024\\\/11\\\/dafsfasf.png\",\"width\":681,\"height\":515},{\"@type\":\"BreadcrumbList\",\"@id\":\"https:\\\/\\\/centro-cee.com\\\/web\\\/producto\\\/comunicacion-eficaz-con-programacion-neurolinguistica\\\/#breadcrumb\",\"itemListElement\":[{\"@type\":\"ListItem\",\"position\":1,\"name\":\"Portada\",\"item\":\"https:\\\/\\\/centro-cee.com\\\/web\\\/\"},{\"@type\":\"ListItem\",\"position\":2,\"name\":\"Comunicaci\u00f3n eficaz con programaci\u00f3n neuroling\u00fc\u00edstica\"}]},{\"@type\":\"WebSite\",\"@id\":\"https:\\\/\\\/centro-cee.com\\\/web\\\/#website\",\"url\":\"https:\\\/\\\/centro-cee.com\\\/web\\\/\",\"name\":\"Centro Europeo E-learning\",\"description\":\"CEE Formaci\u00f3n Online\",\"publisher\":{\"@id\":\"https:\\\/\\\/centro-cee.com\\\/web\\\/#organization\"},\"alternateName\":\"Centro Online de Formaci\u00f3n\",\"potentialAction\":[{\"@type\":\"SearchAction\",\"target\":{\"@type\":\"EntryPoint\",\"urlTemplate\":\"https:\\\/\\\/centro-cee.com\\\/web\\\/?s={search_term_string}\"},\"query-input\":{\"@type\":\"PropertyValueSpecification\",\"valueRequired\":true,\"valueName\":\"search_term_string\"}}],\"inLanguage\":\"es\"},{\"@type\":\"Organization\",\"@id\":\"https:\\\/\\\/centro-cee.com\\\/web\\\/#organization\",\"name\":\"Centro Europeo E-learning CEE\",\"url\":\"https:\\\/\\\/centro-cee.com\\\/web\\\/\",\"logo\":{\"@type\":\"ImageObject\",\"inLanguage\":\"es\",\"@id\":\"https:\\\/\\\/centro-cee.com\\\/web\\\/#\\\/schema\\\/logo\\\/image\\\/\",\"url\":\"https:\\\/\\\/centro-cee.com\\\/web\\\/wp-content\\\/uploads\\\/2022\\\/12\\\/cropped-logo_educa.png\",\"contentUrl\":\"https:\\\/\\\/centro-cee.com\\\/web\\\/wp-content\\\/uploads\\\/2022\\\/12\\\/cropped-logo_educa.png\",\"width\":157,\"height\":63,\"caption\":\"Centro Europeo E-learning CEE\"},\"image\":{\"@id\":\"https:\\\/\\\/centro-cee.com\\\/web\\\/#\\\/schema\\\/logo\\\/image\\\/\"},\"sameAs\":[\"https:\\\/\\\/www.instagram.com\\\/centroeuropeo_cee\"]}]}<\/script>\n<!-- \/ Yoast SEO plugin. -->","yoast_head_json":{"title":"Comunicaci\u00f3n eficaz con programaci\u00f3n neuroling\u00fc\u00edstica","description":"Desarrolla tus habilidades y mejora tus conocimientos y preparate con nuestra formaci\u00f3n de Comunicaci\u00f3n eficaz con programaci\u00f3n neuroling\u00fc\u00edstica","robots":{"index":"index","follow":"follow","max-snippet":"max-snippet:-1","max-image-preview":"max-image-preview:large","max-video-preview":"max-video-preview:-1"},"canonical":"https:\/\/centro-cee.com\/web\/producto\/comunicacion-eficaz-con-programacion-neurolinguistica\/","og_locale":"es_ES","og_type":"article","og_title":"Comunicaci\u00f3n eficaz con programaci\u00f3n neuroling\u00fc\u00edstica","og_description":"Desarrolla tus habilidades y mejora tus conocimientos y preparate con nuestra formaci\u00f3n de Comunicaci\u00f3n eficaz con programaci\u00f3n neuroling\u00fc\u00edstica","og_url":"https:\/\/centro-cee.com\/web\/producto\/comunicacion-eficaz-con-programacion-neurolinguistica\/","og_site_name":"CEE Centro Europeo E-learning - Cursos online","article_modified_time":"2026-03-13T17:00:49+00:00","og_image":[{"width":681,"height":515,"url":"https:\/\/centro-cee.com\/web\/wp-content\/uploads\/2024\/11\/dafsfasf.png","type":"image\/png"}],"twitter_card":"summary_large_image","twitter_misc":{"Tiempo de lectura":"4 minutos"},"schema":{"@context":"https:\/\/schema.org","@graph":[{"@type":"WebPage","@id":"https:\/\/centro-cee.com\/web\/producto\/comunicacion-eficaz-con-programacion-neurolinguistica\/","url":"https:\/\/centro-cee.com\/web\/producto\/comunicacion-eficaz-con-programacion-neurolinguistica\/","name":"Comunicaci\u00f3n eficaz con programaci\u00f3n neuroling\u00fc\u00edstica","isPartOf":{"@id":"https:\/\/centro-cee.com\/web\/#website"},"primaryImageOfPage":{"@id":"https:\/\/centro-cee.com\/web\/producto\/comunicacion-eficaz-con-programacion-neurolinguistica\/#primaryimage"},"image":{"@id":"https:\/\/centro-cee.com\/web\/producto\/comunicacion-eficaz-con-programacion-neurolinguistica\/#primaryimage"},"thumbnailUrl":"https:\/\/centro-cee.com\/web\/wp-content\/uploads\/2024\/11\/dafsfasf.png","datePublished":"2024-11-13T13:42:30+00:00","dateModified":"2026-03-13T17:00:49+00:00","description":"Desarrolla tus habilidades y mejora tus conocimientos y preparate con nuestra formaci\u00f3n de Comunicaci\u00f3n eficaz con programaci\u00f3n neuroling\u00fc\u00edstica","breadcrumb":{"@id":"https:\/\/centro-cee.com\/web\/producto\/comunicacion-eficaz-con-programacion-neurolinguistica\/#breadcrumb"},"inLanguage":"es","potentialAction":[{"@type":"ReadAction","target":["https:\/\/centro-cee.com\/web\/producto\/comunicacion-eficaz-con-programacion-neurolinguistica\/"]}]},{"@type":"ImageObject","inLanguage":"es","@id":"https:\/\/centro-cee.com\/web\/producto\/comunicacion-eficaz-con-programacion-neurolinguistica\/#primaryimage","url":"https:\/\/centro-cee.com\/web\/wp-content\/uploads\/2024\/11\/dafsfasf.png","contentUrl":"https:\/\/centro-cee.com\/web\/wp-content\/uploads\/2024\/11\/dafsfasf.png","width":681,"height":515},{"@type":"BreadcrumbList","@id":"https:\/\/centro-cee.com\/web\/producto\/comunicacion-eficaz-con-programacion-neurolinguistica\/#breadcrumb","itemListElement":[{"@type":"ListItem","position":1,"name":"Portada","item":"https:\/\/centro-cee.com\/web\/"},{"@type":"ListItem","position":2,"name":"Comunicaci\u00f3n eficaz con programaci\u00f3n neuroling\u00fc\u00edstica"}]},{"@type":"WebSite","@id":"https:\/\/centro-cee.com\/web\/#website","url":"https:\/\/centro-cee.com\/web\/","name":"Centro Europeo E-learning","description":"CEE Formaci\u00f3n Online","publisher":{"@id":"https:\/\/centro-cee.com\/web\/#organization"},"alternateName":"Centro Online de Formaci\u00f3n","potentialAction":[{"@type":"SearchAction","target":{"@type":"EntryPoint","urlTemplate":"https:\/\/centro-cee.com\/web\/?s={search_term_string}"},"query-input":{"@type":"PropertyValueSpecification","valueRequired":true,"valueName":"search_term_string"}}],"inLanguage":"es"},{"@type":"Organization","@id":"https:\/\/centro-cee.com\/web\/#organization","name":"Centro Europeo E-learning CEE","url":"https:\/\/centro-cee.com\/web\/","logo":{"@type":"ImageObject","inLanguage":"es","@id":"https:\/\/centro-cee.com\/web\/#\/schema\/logo\/image\/","url":"https:\/\/centro-cee.com\/web\/wp-content\/uploads\/2022\/12\/cropped-logo_educa.png","contentUrl":"https:\/\/centro-cee.com\/web\/wp-content\/uploads\/2022\/12\/cropped-logo_educa.png","width":157,"height":63,"caption":"Centro Europeo E-learning CEE"},"image":{"@id":"https:\/\/centro-cee.com\/web\/#\/schema\/logo\/image\/"},"sameAs":["https:\/\/www.instagram.com\/centroeuropeo_cee"]}]}},"_links":{"self":[{"href":"https:\/\/centro-cee.com\/web\/wp-json\/wp\/v2\/product\/1756","targetHints":{"allow":["GET"]}}],"collection":[{"href":"https:\/\/centro-cee.com\/web\/wp-json\/wp\/v2\/product"}],"about":[{"href":"https:\/\/centro-cee.com\/web\/wp-json\/wp\/v2\/types\/product"}],"replies":[{"embeddable":true,"href":"https:\/\/centro-cee.com\/web\/wp-json\/wp\/v2\/comments?post=1756"}],"wp:featuredmedia":[{"embeddable":true,"href":"https:\/\/centro-cee.com\/web\/wp-json\/wp\/v2\/media\/1757"}],"wp:attachment":[{"href":"https:\/\/centro-cee.com\/web\/wp-json\/wp\/v2\/media?parent=1756"}],"wp:term":[{"taxonomy":"product_brand","embeddable":true,"href":"https:\/\/centro-cee.com\/web\/wp-json\/wp\/v2\/product_brand?post=1756"},{"taxonomy":"product_cat","embeddable":true,"href":"https:\/\/centro-cee.com\/web\/wp-json\/wp\/v2\/product_cat?post=1756"},{"taxonomy":"product_tag","embeddable":true,"href":"https:\/\/centro-cee.com\/web\/wp-json\/wp\/v2\/product_tag?post=1756"}],"curies":[{"name":"wp","href":"https:\/\/api.w.org\/{rel}","templated":true}]}}