{"id":1752,"date":"2024-11-13T13:39:00","date_gmt":"2024-11-13T13:39:00","guid":{"rendered":"https:\/\/centro-cee.com\/web\/?post_type=product&#038;p=1752"},"modified":"2026-03-13T17:00:59","modified_gmt":"2026-03-13T17:00:59","slug":"monitor-de-natacion-terapeutica-primeros-auxilios","status":"publish","type":"product","link":"https:\/\/centro-cee.com\/web\/producto\/monitor-de-natacion-terapeutica-primeros-auxilios\/","title":{"rendered":"Monitor de nataci\u00f3n terap\u00e9utica &#038; primeros auxilios"},"content":{"rendered":"<p><a href=\"https:\/\/centro-cee.com\/web\/formaciones\/\">Atr\u00e1s<\/a><\/p>\n<p><em><strong>Monitor de nataci\u00f3n terap\u00e9utica &#038; primeros auxilios<\/strong><\/em><\/p>\n<p>Toda esta informaci\u00f3n se realiza 100% online en nuestro campus online de formaci\u00f3n.<\/p>\n<p>Las tutor\u00edas se realizan directamente desde el campus de estudio con la opci\u00f3n de mensajer\u00eda a profesores. Las tutorias son \u201ca demanda\u201d, cuando necesites soporte nos lo pides.<\/p>\n<p>Los t\u00edtulos de Centro CEE est\u00e1n autenticados por la firma de notario que valida contenidos y autenticidad a nivel internacional. Nuestra organizaci\u00f3n pertenece a la Asociaci\u00f3n Espa\u00f1ola de Calidad, organizaci\u00f3n Espa\u00f1ola de referencia para la calidad\u00a0en la formaci\u00f3n de auxiliar de enfermer\u00eda. La certificaci\u00f3n se puede apostillar por la Haya para cualquier pa\u00eds firmante del convenio de la Haya.<\/p>\n<p>Se puede pagar a plazos.<\/p>\n<p>Carga horaria de la formaci\u00f3n: 230h<\/p>\n<p>&nbsp;<\/p>\n<h2>Temario<\/h2>\n<hr \/>\n<p>UNIDAD DID\u00c1CTICA 1. HISTORIA DE LA NATACI\u00d3N<br \/>\n1. Introducci\u00f3n<br \/>\n2. Resumen hist\u00f3rico de la nataci\u00f3n<br \/>\nUNIDAD DID\u00c1CTICA 2. METODOLOG\u00cdA DE LA ENSE\u00d1ANZA DE LA NATACI\u00d3N<br \/>\n1. Introducci\u00f3n<br \/>\n2. Los aprendizajes en nataci\u00f3n<br \/>\n3. M\u00e9todos de ense\u00f1anza<br \/>\n4. Estilos de ense\u00f1anza en actividades acu\u00e1ticas<br \/>\nUNIDAD DID\u00c1CTICA 3. ENFOQUES Y APLICACIONES DE LAS ACTIVIDADES ACU\u00c1TICAS<br \/>\n1. Introducci\u00f3n<br \/>\n2. Variables y condicionantes que inciden en un programa de actividades acu\u00e1ticas<br \/>\n3. Variables y condicionantes did\u00e1cticos<br \/>\n4. Material auxiliar<br \/>\nUNIDAD DID\u00c1CTICA 4. ALGUNAS CONSIDERACIONES PEDAG\u00d3GICAS PARA MONITORES DE NATACI\u00d3N<br \/>\n1. Planteamientos pedag\u00f3gicos de la ense\u00f1anza<br \/>\n2. El juego:un aprendizaje diferente<br \/>\n3. Aplicaci\u00f3n a las actividades acu\u00e1ticas<br \/>\nUNIDAD DID\u00c1CTICA 5. T\u00c9CNICAS B\u00c1SICAS DE LOS ESTILOS DE NATACI\u00d3N (CROL Y BRAZA)<br \/>\n1. El crol en la nataci\u00f3n<br \/>\n2. La braza en la nataci\u00f3n<br \/>\nUNIDAD DID\u00c1CTICA 6. T\u00c9CNICAS B\u00c1SICAS DE LOS ESTILOS (ESPALDA Y MARIPOSA)<br \/>\n1. La t\u00e9cnica del estilo espalda<br \/>\n2. T\u00e9cnica del estilo mariposa<br \/>\nUNIDAD DID\u00c1CTICA 7. DEFECTOS M\u00c1S COMUNES EN LOS CUATRO ESTILOS<br \/>\n1. Introducci\u00f3n<br \/>\n2. Observaci\u00f3n<br \/>\n3. C\u00f3mo mejorar la t\u00e9cnica<br \/>\nUNIDAD DID\u00c1CTICA 8. INTRODUCCI\u00d3N A LA NATACI\u00d3N TERAP\u00c9UTICA<br \/>\n1. Introducci\u00f3n<br \/>\n2. Tipos de ejercicios<br \/>\n3. Beneficios de la nataci\u00f3n terap\u00e9utica<br \/>\n4. Actividades acu\u00e1ticas terap\u00e9uticas<br \/>\n5. &#8211; S\u00edndromes generales<br \/>\n6. &#8211; S\u00edndromes c\u00e9rvico-escapulares<br \/>\n7. &#8211; S\u00edndromes lumbo-p\u00e9lvicos<br \/>\n8. &#8211; S\u00edndromes espec\u00edficos<br \/>\nUNIDAD DID\u00c1CTICA 9. NATACI\u00d3N TERAPEUTICA I<br \/>\n1. Introducci\u00f3n<br \/>\n2. Valoraci\u00f3n funcional de la columna vertebral<br \/>\nUNIDAD DID\u00c1CTICA 10. NATACI\u00d3N TERAP\u00c9UTICA II<br \/>\n1. La cifosis<br \/>\n2. La lordosis<br \/>\n3. La escoliosis<br \/>\n4. Ejercicios<br \/>\n5. Los niveles de ejecuci\u00f3n<br \/>\nUNIDAD DID\u00c1CTICA 11. NATACI\u00d3N TERAP\u00c9UTICA III<br \/>\n1. Lumbalgia<br \/>\n2. &#8211; Causas de la lumbalgia seg\u00fan la edad<br \/>\n3. &#8211; Tipos de lumbalgia<br \/>\n4. Hernia discal lumbar<br \/>\n5. Ejercicios para lumbalgia y hernia discal lumbar<br \/>\n6. Hipercifosis dorsal<br \/>\n7. &#8211; Ejercicios<br \/>\nUNIDAD DID\u00c1CTICA 12. M\u00c9TODOS DE RESCATE. SALVAMENTO ACU\u00c1TICO<br \/>\n1. Introducci\u00f3n<br \/>\n2. T\u00e9cnicas espec\u00edficas de salvamento acu\u00e1tico<br \/>\n3. El salvamento acu\u00e1tico en piscinas<br \/>\nANEXO I. GU\u00cdA PR\u00c1CTICA PARA LA PROGRAMACI\u00d3N DE CLASES DE NATACI\u00d3N DE NIVEL I Y II<br \/>\n1. Curso de Nataci\u00f3n Nivel I. Primer ciclo<br \/>\n2. Curso de Nataci\u00f3n Nivel II. Primer ciclo<br \/>\nANEXO II. GU\u00cdA PR\u00c1CTICA PARA LA PROGRAMACI\u00d3N DE UN CURSO INTENSIVO DE VERANO EN NATACI\u00d3N<br \/>\n1. Consejos para monitores de nataci\u00f3n del nivel cero<br \/>\n2. Consejos para monitores de nataci\u00f3n del nivel uno<br \/>\n3. Consejos para monitores de nataci\u00f3n del nivel dos<br \/>\n4. Actividades a realizar<br \/>\nANEXO III: JUEGOS Y ACTIVIDADES ACU\u00c1TICAS<br \/>\n1. Juegos y actividades para ense\u00f1ar destrezas b\u00e1sicas<br \/>\n2. Ejemplo del Formulario para un Plan de Sesi\u00f3n de Entrenamiento<\/p>\n<p>PRIMEROS AUXILIOS<br \/>\n1. LOS PRIMEROS AUXILIOS. EL BOTIQU\u00cdN<br \/>\n1.1. Deber de atender<br \/>\n1.2. PAS<br \/>\n1.3. Principios generales en primeros auxilios<br \/>\n1.4. El botiqu\u00edn  <\/p>\n<p>2. RCP B\u00c1SICA Y MANIOBRA DE HEIMLICH<br \/>\n2.1. La parada cardio-respiratoria<br \/>\n    2.2. RCP en ni\u00f1os<br \/>\n2.3. La maniobra de Heimlich<br \/>\n2.4. Obstrucci\u00f3n de las v\u00edas a\u00e9reas <\/p>\n<p>3. PRIMEROS AUXILIOS EN DIFERENTES SITUACIONES<br \/>\n3.1. Ahogamiento<br \/>\n3.2. Heridas y hemorragias<br \/>\n3.3. Quemaduras<br \/>\n    3.4. Intoxicaciones<br \/>\n3.5. Traumatismos<br \/>\n3.6. Mordeduras y picaduras <\/p>\n<p>4. SIGNOS DE ALARMA<br \/>\n4.1. Las reacciones al\u00e9rgicas<br \/>\n4.2. Golpe de calor<br \/>\n4.3. S\u00edncope<br \/>\n4.4. Lipotimias<br \/>\n4.5. Convulsiones<br \/>\n4.6. Hipoglucemia <\/p>\n<p><em><strong>Monitor de nataci\u00f3n terap\u00e9utica &#038; primeros auxilios<\/strong><\/em><\/p>\n<hr \/>\n","protected":false},"excerpt":{"rendered":"<p><a href=\"https:\/\/centro-cee.com\/web\/formaciones\/\">Atr\u00e1s<\/a><\/p>\n<p>Formate y especializate en todos los aspectos relacionados con la nataci\u00f3n terap\u00e9utica, con contenidos actualizados.<br \/>\nCada d\u00eda es mas utilizada la nataci\u00f3n para tratamientos terap\u00e9uticos en diferentes tratamientos de lesiones y enfernedades sobre todo de tipo motor, muscular, etc.<br \/>\nEs una especialidad cada vez mas demandada, ya que muchas recomendaciones medicas aconsejan la practica de esta especialidad de la nataci\u00f3n.<\/p>\n<p>No debes dejar pasar esta excelente oportunidad, recuerda que es importante que logres una cualificaci\u00f3n que te permita incrustarte de manera inmediata al mercado laboral, da clic al bot\u00f3n de informaci\u00f3n para que el centro se ponga en contacto contigo, resuelvan todas tus dudas e inicies tu formaci\u00f3n de manera inmediata.<\/p>\n","protected":false},"featured_media":1754,"comment_status":"closed","ping_status":"closed","template":"","meta":[],"product_brand":[],"product_cat":[2047,1798,34],"product_tag":[1609,1611,1612,1615,1608,1614,1616,1610,1613,1617],"class_list":{"0":"post-1752","1":"product","2":"type-product","3":"status-publish","4":"has-post-thumbnail","6":"product_cat-cursos-online-deporte","7":"product_cat-cursos-fef","8":"product_cat-tecnicos","9":"product_tag-curso-de-natacion-terapeutica","10":"product_tag-formacion-en-terapias-acuaticas","11":"product_tag-monitor-de-actividades-acuaticas","12":"product_tag-monitor-de-natacion-adaptada","13":"product_tag-monitor-de-natacion-terapeutica","14":"product_tag-natacion-y-salud","15":"product_tag-primeros-auxilios-en-actividades-acuaticas","16":"product_tag-primeros-auxilios-en-natacion","17":"product_tag-rehabilitacion-en-el-agua","18":"product_tag-terapia-acuatica-y-seguridad","20":"first","21":"instock","22":"sale","23":"shipping-taxable","24":"purchasable","25":"product-type-simple"},"yoast_head":"<!-- This site is optimized with the Yoast SEO plugin v27.4 - https:\/\/yoast.com\/product\/yoast-seo-wordpress\/ -->\n<title>Monitor de nataci\u00f3n terap\u00e9utica &amp; primeros auxilios<\/title>\n<meta name=\"description\" content=\"Desarrolla tus habilidades y mejora tus conocimientos y preparate con nuestra formaci\u00f3n de Monitor de nataci\u00f3n terap\u00e9utica &amp; primeros auxilios\" \/>\n<meta name=\"robots\" content=\"index, follow, max-snippet:-1, max-image-preview:large, max-video-preview:-1\" \/>\n<link rel=\"canonical\" href=\"https:\/\/centro-cee.com\/web\/producto\/monitor-de-natacion-terapeutica-primeros-auxilios\/\" \/>\n<meta property=\"og:locale\" content=\"es_ES\" \/>\n<meta property=\"og:type\" content=\"article\" \/>\n<meta property=\"og:title\" content=\"Monitor de nataci\u00f3n terap\u00e9utica &amp; primeros auxilios\" \/>\n<meta property=\"og:description\" content=\"Desarrolla tus habilidades y mejora tus conocimientos y preparate con nuestra formaci\u00f3n de Monitor de nataci\u00f3n terap\u00e9utica &amp; primeros auxilios\" \/>\n<meta property=\"og:url\" content=\"https:\/\/centro-cee.com\/web\/producto\/monitor-de-natacion-terapeutica-primeros-auxilios\/\" \/>\n<meta property=\"og:site_name\" content=\"CEE Centro Europeo E-learning - Cursos online\" \/>\n<meta property=\"article:modified_time\" content=\"2026-03-13T17:00:59+00:00\" \/>\n<meta property=\"og:image\" content=\"https:\/\/centro-cee.com\/web\/wp-content\/uploads\/2024\/11\/Casfwaptura.png\" \/>\n\t<meta property=\"og:image:width\" content=\"800\" \/>\n\t<meta property=\"og:image:height\" content=\"502\" \/>\n\t<meta property=\"og:image:type\" content=\"image\/png\" \/>\n<meta name=\"twitter:card\" content=\"summary_large_image\" \/>\n<meta name=\"twitter:label1\" content=\"Tiempo de lectura\" \/>\n\t<meta name=\"twitter:data1\" content=\"4 minutos\" \/>\n<script type=\"application\/ld+json\" class=\"yoast-schema-graph\">{\"@context\":\"https:\\\/\\\/schema.org\",\"@graph\":[{\"@type\":\"WebPage\",\"@id\":\"https:\\\/\\\/centro-cee.com\\\/web\\\/producto\\\/monitor-de-natacion-terapeutica-primeros-auxilios\\\/\",\"url\":\"https:\\\/\\\/centro-cee.com\\\/web\\\/producto\\\/monitor-de-natacion-terapeutica-primeros-auxilios\\\/\",\"name\":\"Monitor de nataci\u00f3n terap\u00e9utica & primeros auxilios\",\"isPartOf\":{\"@id\":\"https:\\\/\\\/centro-cee.com\\\/web\\\/#website\"},\"primaryImageOfPage\":{\"@id\":\"https:\\\/\\\/centro-cee.com\\\/web\\\/producto\\\/monitor-de-natacion-terapeutica-primeros-auxilios\\\/#primaryimage\"},\"image\":{\"@id\":\"https:\\\/\\\/centro-cee.com\\\/web\\\/producto\\\/monitor-de-natacion-terapeutica-primeros-auxilios\\\/#primaryimage\"},\"thumbnailUrl\":\"https:\\\/\\\/centro-cee.com\\\/web\\\/wp-content\\\/uploads\\\/2024\\\/11\\\/Casfwaptura.png\",\"datePublished\":\"2024-11-13T13:39:00+00:00\",\"dateModified\":\"2026-03-13T17:00:59+00:00\",\"description\":\"Desarrolla tus habilidades y mejora tus conocimientos y preparate con nuestra formaci\u00f3n de Monitor de nataci\u00f3n terap\u00e9utica & primeros auxilios\",\"breadcrumb\":{\"@id\":\"https:\\\/\\\/centro-cee.com\\\/web\\\/producto\\\/monitor-de-natacion-terapeutica-primeros-auxilios\\\/#breadcrumb\"},\"inLanguage\":\"es\",\"potentialAction\":[{\"@type\":\"ReadAction\",\"target\":[\"https:\\\/\\\/centro-cee.com\\\/web\\\/producto\\\/monitor-de-natacion-terapeutica-primeros-auxilios\\\/\"]}]},{\"@type\":\"ImageObject\",\"inLanguage\":\"es\",\"@id\":\"https:\\\/\\\/centro-cee.com\\\/web\\\/producto\\\/monitor-de-natacion-terapeutica-primeros-auxilios\\\/#primaryimage\",\"url\":\"https:\\\/\\\/centro-cee.com\\\/web\\\/wp-content\\\/uploads\\\/2024\\\/11\\\/Casfwaptura.png\",\"contentUrl\":\"https:\\\/\\\/centro-cee.com\\\/web\\\/wp-content\\\/uploads\\\/2024\\\/11\\\/Casfwaptura.png\",\"width\":800,\"height\":502},{\"@type\":\"BreadcrumbList\",\"@id\":\"https:\\\/\\\/centro-cee.com\\\/web\\\/producto\\\/monitor-de-natacion-terapeutica-primeros-auxilios\\\/#breadcrumb\",\"itemListElement\":[{\"@type\":\"ListItem\",\"position\":1,\"name\":\"Portada\",\"item\":\"https:\\\/\\\/centro-cee.com\\\/web\\\/\"},{\"@type\":\"ListItem\",\"position\":2,\"name\":\"Monitor de nataci\u00f3n terap\u00e9utica &#038; primeros auxilios\"}]},{\"@type\":\"WebSite\",\"@id\":\"https:\\\/\\\/centro-cee.com\\\/web\\\/#website\",\"url\":\"https:\\\/\\\/centro-cee.com\\\/web\\\/\",\"name\":\"Centro Europeo E-learning\",\"description\":\"CEE Formaci\u00f3n Online\",\"publisher\":{\"@id\":\"https:\\\/\\\/centro-cee.com\\\/web\\\/#organization\"},\"alternateName\":\"Centro Online de Formaci\u00f3n\",\"potentialAction\":[{\"@type\":\"SearchAction\",\"target\":{\"@type\":\"EntryPoint\",\"urlTemplate\":\"https:\\\/\\\/centro-cee.com\\\/web\\\/?s={search_term_string}\"},\"query-input\":{\"@type\":\"PropertyValueSpecification\",\"valueRequired\":true,\"valueName\":\"search_term_string\"}}],\"inLanguage\":\"es\"},{\"@type\":\"Organization\",\"@id\":\"https:\\\/\\\/centro-cee.com\\\/web\\\/#organization\",\"name\":\"Centro Europeo E-learning CEE\",\"url\":\"https:\\\/\\\/centro-cee.com\\\/web\\\/\",\"logo\":{\"@type\":\"ImageObject\",\"inLanguage\":\"es\",\"@id\":\"https:\\\/\\\/centro-cee.com\\\/web\\\/#\\\/schema\\\/logo\\\/image\\\/\",\"url\":\"https:\\\/\\\/centro-cee.com\\\/web\\\/wp-content\\\/uploads\\\/2022\\\/12\\\/cropped-logo_educa.png\",\"contentUrl\":\"https:\\\/\\\/centro-cee.com\\\/web\\\/wp-content\\\/uploads\\\/2022\\\/12\\\/cropped-logo_educa.png\",\"width\":157,\"height\":63,\"caption\":\"Centro Europeo E-learning CEE\"},\"image\":{\"@id\":\"https:\\\/\\\/centro-cee.com\\\/web\\\/#\\\/schema\\\/logo\\\/image\\\/\"},\"sameAs\":[\"https:\\\/\\\/www.instagram.com\\\/centroeuropeo_cee\"]}]}<\/script>\n<!-- \/ Yoast SEO plugin. -->","yoast_head_json":{"title":"Monitor de nataci\u00f3n terap\u00e9utica & primeros auxilios","description":"Desarrolla tus habilidades y mejora tus conocimientos y preparate con nuestra formaci\u00f3n de Monitor de nataci\u00f3n terap\u00e9utica & primeros auxilios","robots":{"index":"index","follow":"follow","max-snippet":"max-snippet:-1","max-image-preview":"max-image-preview:large","max-video-preview":"max-video-preview:-1"},"canonical":"https:\/\/centro-cee.com\/web\/producto\/monitor-de-natacion-terapeutica-primeros-auxilios\/","og_locale":"es_ES","og_type":"article","og_title":"Monitor de nataci\u00f3n terap\u00e9utica & primeros auxilios","og_description":"Desarrolla tus habilidades y mejora tus conocimientos y preparate con nuestra formaci\u00f3n de Monitor de nataci\u00f3n terap\u00e9utica & primeros auxilios","og_url":"https:\/\/centro-cee.com\/web\/producto\/monitor-de-natacion-terapeutica-primeros-auxilios\/","og_site_name":"CEE Centro Europeo E-learning - Cursos online","article_modified_time":"2026-03-13T17:00:59+00:00","og_image":[{"width":800,"height":502,"url":"https:\/\/centro-cee.com\/web\/wp-content\/uploads\/2024\/11\/Casfwaptura.png","type":"image\/png"}],"twitter_card":"summary_large_image","twitter_misc":{"Tiempo de lectura":"4 minutos"},"schema":{"@context":"https:\/\/schema.org","@graph":[{"@type":"WebPage","@id":"https:\/\/centro-cee.com\/web\/producto\/monitor-de-natacion-terapeutica-primeros-auxilios\/","url":"https:\/\/centro-cee.com\/web\/producto\/monitor-de-natacion-terapeutica-primeros-auxilios\/","name":"Monitor de nataci\u00f3n terap\u00e9utica & primeros auxilios","isPartOf":{"@id":"https:\/\/centro-cee.com\/web\/#website"},"primaryImageOfPage":{"@id":"https:\/\/centro-cee.com\/web\/producto\/monitor-de-natacion-terapeutica-primeros-auxilios\/#primaryimage"},"image":{"@id":"https:\/\/centro-cee.com\/web\/producto\/monitor-de-natacion-terapeutica-primeros-auxilios\/#primaryimage"},"thumbnailUrl":"https:\/\/centro-cee.com\/web\/wp-content\/uploads\/2024\/11\/Casfwaptura.png","datePublished":"2024-11-13T13:39:00+00:00","dateModified":"2026-03-13T17:00:59+00:00","description":"Desarrolla tus habilidades y mejora tus conocimientos y preparate con nuestra formaci\u00f3n de Monitor de nataci\u00f3n terap\u00e9utica & primeros auxilios","breadcrumb":{"@id":"https:\/\/centro-cee.com\/web\/producto\/monitor-de-natacion-terapeutica-primeros-auxilios\/#breadcrumb"},"inLanguage":"es","potentialAction":[{"@type":"ReadAction","target":["https:\/\/centro-cee.com\/web\/producto\/monitor-de-natacion-terapeutica-primeros-auxilios\/"]}]},{"@type":"ImageObject","inLanguage":"es","@id":"https:\/\/centro-cee.com\/web\/producto\/monitor-de-natacion-terapeutica-primeros-auxilios\/#primaryimage","url":"https:\/\/centro-cee.com\/web\/wp-content\/uploads\/2024\/11\/Casfwaptura.png","contentUrl":"https:\/\/centro-cee.com\/web\/wp-content\/uploads\/2024\/11\/Casfwaptura.png","width":800,"height":502},{"@type":"BreadcrumbList","@id":"https:\/\/centro-cee.com\/web\/producto\/monitor-de-natacion-terapeutica-primeros-auxilios\/#breadcrumb","itemListElement":[{"@type":"ListItem","position":1,"name":"Portada","item":"https:\/\/centro-cee.com\/web\/"},{"@type":"ListItem","position":2,"name":"Monitor de nataci\u00f3n terap\u00e9utica &#038; primeros auxilios"}]},{"@type":"WebSite","@id":"https:\/\/centro-cee.com\/web\/#website","url":"https:\/\/centro-cee.com\/web\/","name":"Centro Europeo E-learning","description":"CEE Formaci\u00f3n Online","publisher":{"@id":"https:\/\/centro-cee.com\/web\/#organization"},"alternateName":"Centro Online de Formaci\u00f3n","potentialAction":[{"@type":"SearchAction","target":{"@type":"EntryPoint","urlTemplate":"https:\/\/centro-cee.com\/web\/?s={search_term_string}"},"query-input":{"@type":"PropertyValueSpecification","valueRequired":true,"valueName":"search_term_string"}}],"inLanguage":"es"},{"@type":"Organization","@id":"https:\/\/centro-cee.com\/web\/#organization","name":"Centro Europeo E-learning CEE","url":"https:\/\/centro-cee.com\/web\/","logo":{"@type":"ImageObject","inLanguage":"es","@id":"https:\/\/centro-cee.com\/web\/#\/schema\/logo\/image\/","url":"https:\/\/centro-cee.com\/web\/wp-content\/uploads\/2022\/12\/cropped-logo_educa.png","contentUrl":"https:\/\/centro-cee.com\/web\/wp-content\/uploads\/2022\/12\/cropped-logo_educa.png","width":157,"height":63,"caption":"Centro Europeo E-learning CEE"},"image":{"@id":"https:\/\/centro-cee.com\/web\/#\/schema\/logo\/image\/"},"sameAs":["https:\/\/www.instagram.com\/centroeuropeo_cee"]}]}},"_links":{"self":[{"href":"https:\/\/centro-cee.com\/web\/wp-json\/wp\/v2\/product\/1752","targetHints":{"allow":["GET"]}}],"collection":[{"href":"https:\/\/centro-cee.com\/web\/wp-json\/wp\/v2\/product"}],"about":[{"href":"https:\/\/centro-cee.com\/web\/wp-json\/wp\/v2\/types\/product"}],"replies":[{"embeddable":true,"href":"https:\/\/centro-cee.com\/web\/wp-json\/wp\/v2\/comments?post=1752"}],"wp:featuredmedia":[{"embeddable":true,"href":"https:\/\/centro-cee.com\/web\/wp-json\/wp\/v2\/media\/1754"}],"wp:attachment":[{"href":"https:\/\/centro-cee.com\/web\/wp-json\/wp\/v2\/media?parent=1752"}],"wp:term":[{"taxonomy":"product_brand","embeddable":true,"href":"https:\/\/centro-cee.com\/web\/wp-json\/wp\/v2\/product_brand?post=1752"},{"taxonomy":"product_cat","embeddable":true,"href":"https:\/\/centro-cee.com\/web\/wp-json\/wp\/v2\/product_cat?post=1752"},{"taxonomy":"product_tag","embeddable":true,"href":"https:\/\/centro-cee.com\/web\/wp-json\/wp\/v2\/product_tag?post=1752"}],"curies":[{"name":"wp","href":"https:\/\/api.w.org\/{rel}","templated":true}]}}