{"id":1750,"date":"2024-11-13T13:36:11","date_gmt":"2024-11-13T13:36:11","guid":{"rendered":"https:\/\/centro-cee.com\/web\/?post_type=product&#038;p=1750"},"modified":"2024-12-09T11:45:44","modified_gmt":"2024-12-09T11:45:44","slug":"experto-en-mecanica-de-electricidad-e-inyeccion-electronica-diesel","status":"publish","type":"product","link":"https:\/\/centro-cee.com\/web\/producto\/experto-en-mecanica-de-electricidad-e-inyeccion-electronica-diesel\/","title":{"rendered":"Experto en mec\u00e1nica de electricidad e inyecci\u00f3n electr\u00f3nica di\u00e9sel"},"content":{"rendered":"<p><a href=\"https:\/\/centro-cee.com\/web\/formaciones\/\">Atr\u00e1s<\/a><\/p>\n<p><em><strong>Experto en mec\u00e1nica de electricidad e inyecci\u00f3n electr\u00f3nica di\u00e9sel<\/strong><\/em><\/p>\n<p>Toda esta informaci\u00f3n se realiza 100% online en nuestro campus online de formaci\u00f3n.<\/p>\n<p>Las tutor\u00edas se realizan directamente desde el campus de estudio con la opci\u00f3n de mensajer\u00eda a profesores. Las tutorias son \u201ca demanda\u201d, cuando necesites soporte nos lo pides.<\/p>\n<p>Los t\u00edtulos de Centro CEE est\u00e1n autenticados por la firma de notario que valida contenidos y autenticidad a nivel internacional. Nuestra organizaci\u00f3n pertenece a la Asociaci\u00f3n Espa\u00f1ola de Calidad, organizaci\u00f3n Espa\u00f1ola de referencia para la calidad\u00a0en la formaci\u00f3n de auxiliar de enfermer\u00eda. La certificaci\u00f3n se puede apostillar por la Haya para cualquier pa\u00eds firmante del convenio de la Haya.<\/p>\n<p>Se puede pagar a plazos.<\/p>\n<p>Carga horaria de la formaci\u00f3n: 200h<\/p>\n<p>&nbsp;<\/p>\n<h2>Temario<\/h2>\n<hr \/>\n<p>TEMA 1. PRINCIPIOS B\u00c1SICOS DE ELECTRICIDAD<\/p>\n<p>    Introducci\u00f3n<\/p>\n<p>    Constituci\u00f3n de la materia<\/p>\n<p>    Corriente el\u00e9ctrica<\/p>\n<p>    Magnitudes el\u00e9ctricas<\/p>\n<p>    Ley de OHM<\/p>\n<p>    Trabajo y potencia el\u00e9ctrica<\/p>\n<p>    Transformaci\u00f3n de la energ\u00eda el\u00e9ctrica en calor<\/p>\n<p>TEMA 2. PRINCIPIOS B\u00c1SICOS MAGNETISMO Y ELECTROMAGNETISMO<\/p>\n<p>    Introducci\u00f3n<\/p>\n<p>    Magnetismo<\/p>\n<p>    Electromagnetismo<\/p>\n<p>TEMA 3. ELECTROMAGNETISMO Y ELECTRICIDAD<\/p>\n<p>    Introducci\u00f3n<\/p>\n<p>    Inducci\u00f3n electromagn\u00e9tica<\/p>\n<p>    Principio del generador de corriente el\u00e9ctrica<\/p>\n<p>    Tipos de corriente el\u00e9ctrica<\/p>\n<p>    Autoinducci\u00f3n<\/p>\n<p>    Inducci\u00f3n mutua<\/p>\n<p>TEMA 4. COMPONENTES EL\u00c9CTRICOS<\/p>\n<p>    Introducci\u00f3n<\/p>\n<p>    Circuito el\u00e9ctrico<\/p>\n<p>    Resistencias<\/p>\n<p>    Condensadores<\/p>\n<p>    Rel\u00e9s<\/p>\n<p>    Transformadores<\/p>\n<p>    Fusibles<\/p>\n<p>TEMA 5. COMPONENTES ELECTR\u00d3NICOS<\/p>\n<p>    Introducci\u00f3n<\/p>\n<p>    Semiconductores<\/p>\n<p>    El Diodo<\/p>\n<p>    Transistor<\/p>\n<p>    El tiristor<\/p>\n<p>    Circuitos electr\u00f3nicos<\/p>\n<p>    L\u00f3gica Digital<\/p>\n<p>    Encapsulado y designaci\u00f3n de componentes semiconductores<\/p>\n<p>    Simbolog\u00eda normalizada<\/p>\n<p>TEMA 6. APARATOS DE MEDIDA Y REPRESENTACI\u00d3N EL\u00c9CTRICA<\/p>\n<p>    Introducci\u00f3n<\/p>\n<p>    El mult\u00edmetro<\/p>\n<p>    El osciloscopio<\/p>\n<p>    Errores m\u00e1s comunes en la medida de magnitudes el\u00e9ctricas<\/p>\n<p>TEMA 7. ALIMENTACI\u00d3N DE COMBUSTIBLE EN MOTORES DI\u00c9SEL<\/p>\n<p>    Introducci\u00f3n<\/p>\n<p>    El combustible<\/p>\n<p>    La combusti\u00f3n en los motores di\u00e9sel<\/p>\n<p>    Tipos de c\u00e1maras de combusti\u00f3n<\/p>\n<p>    Clasificaci\u00f3n de los sistemas de alimentaci\u00f3n de combustible<\/p>\n<p>    Circuito de alimentaci\u00f3n de aire<\/p>\n<p>    Circuitos de alimentaci\u00f3n de combustible<\/p>\n<p>    Componentes comunes a todos los sistemas<\/p>\n<p>TEMA 8. SISTEMA DE ALIMENTACI\u00d3N CON GESTI\u00d3N ELECTR\u00d3NICA<\/p>\n<p>    Introducci\u00f3n<\/p>\n<p>    Inconvenientes de los sistemas con bomba de inyecci\u00f3n mec\u00e1nica<\/p>\n<p>    Exigencias de los sistemas di\u00e9sel con regulaci\u00f3n electr\u00f3nica<\/p>\n<p>    Sistemas de alimentaci\u00f3n di\u00e9sel con regulaci\u00f3n electr\u00f3nica<\/p>\n<p>    Sistema con bomba rotativa de \u00e9mbolo axial<\/p>\n<p>    Sistema con bomba rotativa de \u00e9mbolos radiales<\/p>\n<p>    Sistema inyector-bomba<\/p>\n<p>    Sistema COMMON RAIL<\/p>\n<p>    Diagn\u00f3stico de componentes<\/p>\n<p>TEMA 9. SOBREALIMENTACI\u00d3N DE MOTOR DI\u00c9SEL<\/p>\n<p>    Introducci\u00f3n<\/p>\n<p>    Sobrealimentaci\u00f3n en motores di\u00e9sel<\/p>\n<p>    Turbocompresor<\/p>\n<p>    Turbocompresor de geometr\u00eda variable<\/p>\n<p>    Regulaci\u00f3n electr\u00f3nica de la presi\u00f3n de sobrealimentaci\u00f3n<\/p>\n<p>    Intercooler<\/p>\n<p>    Temperatura de funcionamiento<\/p>\n<p>    Conductos de circulaci\u00f3n de aire<\/p>\n<p>    Mantenimiento del turbocompresor: diagnosis de los motores sobrealimentados<\/p>\n<p><em><strong>Experto en mec\u00e1nica de electricidad e inyecci\u00f3n electr\u00f3nica di\u00e9sel<\/strong><\/em><\/p>\n<hr \/>\n","protected":false},"excerpt":{"rendered":"<p><a href=\"https:\/\/centro-cee.com\/web\/formaciones\/\">Atr\u00e1s<\/a><\/p>\n<p>Quieres destacarte en el \u00e1rea profesional, con un empleo bien remunerado, ahora es posible, Emagister te presenta este curso Experto en Mec\u00e1nica de Electricidad e Inyecci\u00f3n Electr\u00f3nica Di\u00e9sel, para que superes tus l\u00edmites impartido por CEE Centro Europeo E-learning.<\/p>\n","protected":false},"featured_media":1751,"comment_status":"closed","ping_status":"closed","template":"","meta":[],"product_brand":[],"product_cat":[34],"product_tag":[1603,1605,1599,1601,1604,1600,1598,1606,1602,1607],"class_list":{"0":"post-1750","1":"product","2":"type-product","3":"status-publish","4":"has-post-thumbnail","6":"product_cat-tecnicos","7":"product_tag-curso-de-mecanica-avanzada","8":"product_tag-diagnostico-de-inyeccion-electronica","9":"product_tag-electricidad-automotriz","10":"product_tag-experto-en-mecanica-automotriz","11":"product_tag-formacion-en-electricidad-automotriz","12":"product_tag-inyeccion-electronica-diesel","13":"product_tag-mecanica-diesel","14":"product_tag-reparacion-de-vehiculos-diesel","15":"product_tag-sistemas-de-inyeccion-diesel","16":"product_tag-sistemas-electronicos-en-vehiculos-diesel","18":"first","19":"instock","20":"sale","21":"shipping-taxable","22":"purchasable","23":"product-type-simple"},"yoast_head":"<!-- This site is optimized with the Yoast SEO plugin v27.5 - https:\/\/yoast.com\/product\/yoast-seo-wordpress\/ -->\n<title>Experto en mec\u00e1nica de electricidad e inyecci\u00f3n electr\u00f3nica di\u00e9sel<\/title>\n<meta name=\"description\" content=\"Desarrolla tus habilidades y mejora tus conocimientos y preparate con nuestra formaci\u00f3n de Experto en mec\u00e1nica de electricidad e inyecci\u00f3n electr\u00f3nica di\u00e9sel\" \/>\n<meta name=\"robots\" content=\"index, follow, max-snippet:-1, max-image-preview:large, max-video-preview:-1\" \/>\n<link rel=\"canonical\" href=\"https:\/\/centro-cee.com\/web\/producto\/experto-en-mecanica-de-electricidad-e-inyeccion-electronica-diesel\/\" \/>\n<meta property=\"og:locale\" content=\"es_ES\" \/>\n<meta property=\"og:type\" content=\"article\" \/>\n<meta property=\"og:title\" content=\"Experto en mec\u00e1nica de electricidad e inyecci\u00f3n electr\u00f3nica di\u00e9sel\" \/>\n<meta property=\"og:description\" content=\"Desarrolla tus habilidades y mejora tus conocimientos y preparate con nuestra formaci\u00f3n de Experto en mec\u00e1nica de electricidad e inyecci\u00f3n electr\u00f3nica di\u00e9sel\" \/>\n<meta property=\"og:url\" content=\"https:\/\/centro-cee.com\/web\/producto\/experto-en-mecanica-de-electricidad-e-inyeccion-electronica-diesel\/\" \/>\n<meta property=\"og:site_name\" content=\"CEE Centro Europeo E-learning - Cursos online\" \/>\n<meta property=\"article:modified_time\" content=\"2024-12-09T11:45:44+00:00\" \/>\n<meta property=\"og:image\" content=\"https:\/\/centro-cee.com\/web\/wp-content\/uploads\/2024\/11\/Capasfctura.png\" \/>\n\t<meta property=\"og:image:width\" content=\"479\" \/>\n\t<meta property=\"og:image:height\" content=\"555\" \/>\n\t<meta property=\"og:image:type\" content=\"image\/png\" \/>\n<meta name=\"twitter:card\" content=\"summary_large_image\" \/>\n<meta name=\"twitter:label1\" content=\"Tiempo de lectura\" \/>\n\t<meta name=\"twitter:data1\" content=\"3 minutos\" \/>\n<script type=\"application\/ld+json\" class=\"yoast-schema-graph\">{\"@context\":\"https:\\\/\\\/schema.org\",\"@graph\":[{\"@type\":\"WebPage\",\"@id\":\"https:\\\/\\\/centro-cee.com\\\/web\\\/producto\\\/experto-en-mecanica-de-electricidad-e-inyeccion-electronica-diesel\\\/\",\"url\":\"https:\\\/\\\/centro-cee.com\\\/web\\\/producto\\\/experto-en-mecanica-de-electricidad-e-inyeccion-electronica-diesel\\\/\",\"name\":\"Experto en mec\u00e1nica de electricidad e inyecci\u00f3n electr\u00f3nica di\u00e9sel\",\"isPartOf\":{\"@id\":\"https:\\\/\\\/centro-cee.com\\\/web\\\/#website\"},\"primaryImageOfPage\":{\"@id\":\"https:\\\/\\\/centro-cee.com\\\/web\\\/producto\\\/experto-en-mecanica-de-electricidad-e-inyeccion-electronica-diesel\\\/#primaryimage\"},\"image\":{\"@id\":\"https:\\\/\\\/centro-cee.com\\\/web\\\/producto\\\/experto-en-mecanica-de-electricidad-e-inyeccion-electronica-diesel\\\/#primaryimage\"},\"thumbnailUrl\":\"https:\\\/\\\/centro-cee.com\\\/web\\\/wp-content\\\/uploads\\\/2024\\\/11\\\/Capasfctura.png\",\"datePublished\":\"2024-11-13T13:36:11+00:00\",\"dateModified\":\"2024-12-09T11:45:44+00:00\",\"description\":\"Desarrolla tus habilidades y mejora tus conocimientos y preparate con nuestra formaci\u00f3n de Experto en mec\u00e1nica de electricidad e inyecci\u00f3n electr\u00f3nica di\u00e9sel\",\"breadcrumb\":{\"@id\":\"https:\\\/\\\/centro-cee.com\\\/web\\\/producto\\\/experto-en-mecanica-de-electricidad-e-inyeccion-electronica-diesel\\\/#breadcrumb\"},\"inLanguage\":\"es\",\"potentialAction\":[{\"@type\":\"ReadAction\",\"target\":[\"https:\\\/\\\/centro-cee.com\\\/web\\\/producto\\\/experto-en-mecanica-de-electricidad-e-inyeccion-electronica-diesel\\\/\"]}]},{\"@type\":\"ImageObject\",\"inLanguage\":\"es\",\"@id\":\"https:\\\/\\\/centro-cee.com\\\/web\\\/producto\\\/experto-en-mecanica-de-electricidad-e-inyeccion-electronica-diesel\\\/#primaryimage\",\"url\":\"https:\\\/\\\/centro-cee.com\\\/web\\\/wp-content\\\/uploads\\\/2024\\\/11\\\/Capasfctura.png\",\"contentUrl\":\"https:\\\/\\\/centro-cee.com\\\/web\\\/wp-content\\\/uploads\\\/2024\\\/11\\\/Capasfctura.png\",\"width\":479,\"height\":555},{\"@type\":\"BreadcrumbList\",\"@id\":\"https:\\\/\\\/centro-cee.com\\\/web\\\/producto\\\/experto-en-mecanica-de-electricidad-e-inyeccion-electronica-diesel\\\/#breadcrumb\",\"itemListElement\":[{\"@type\":\"ListItem\",\"position\":1,\"name\":\"Portada\",\"item\":\"https:\\\/\\\/centro-cee.com\\\/web\\\/\"},{\"@type\":\"ListItem\",\"position\":2,\"name\":\"Experto en mec\u00e1nica de electricidad e inyecci\u00f3n electr\u00f3nica di\u00e9sel\"}]},{\"@type\":\"WebSite\",\"@id\":\"https:\\\/\\\/centro-cee.com\\\/web\\\/#website\",\"url\":\"https:\\\/\\\/centro-cee.com\\\/web\\\/\",\"name\":\"Centro Europeo E-learning\",\"description\":\"CEE Formaci\u00f3n Online\",\"publisher\":{\"@id\":\"https:\\\/\\\/centro-cee.com\\\/web\\\/#organization\"},\"alternateName\":\"Centro Online de Formaci\u00f3n\",\"potentialAction\":[{\"@type\":\"SearchAction\",\"target\":{\"@type\":\"EntryPoint\",\"urlTemplate\":\"https:\\\/\\\/centro-cee.com\\\/web\\\/?s={search_term_string}\"},\"query-input\":{\"@type\":\"PropertyValueSpecification\",\"valueRequired\":true,\"valueName\":\"search_term_string\"}}],\"inLanguage\":\"es\"},{\"@type\":\"Organization\",\"@id\":\"https:\\\/\\\/centro-cee.com\\\/web\\\/#organization\",\"name\":\"Centro Europeo E-learning CEE\",\"url\":\"https:\\\/\\\/centro-cee.com\\\/web\\\/\",\"logo\":{\"@type\":\"ImageObject\",\"inLanguage\":\"es\",\"@id\":\"https:\\\/\\\/centro-cee.com\\\/web\\\/#\\\/schema\\\/logo\\\/image\\\/\",\"url\":\"https:\\\/\\\/centro-cee.com\\\/web\\\/wp-content\\\/uploads\\\/2022\\\/12\\\/cropped-logo_educa.png\",\"contentUrl\":\"https:\\\/\\\/centro-cee.com\\\/web\\\/wp-content\\\/uploads\\\/2022\\\/12\\\/cropped-logo_educa.png\",\"width\":157,\"height\":63,\"caption\":\"Centro Europeo E-learning CEE\"},\"image\":{\"@id\":\"https:\\\/\\\/centro-cee.com\\\/web\\\/#\\\/schema\\\/logo\\\/image\\\/\"},\"sameAs\":[\"https:\\\/\\\/www.instagram.com\\\/centroeuropeo_cee\"]}]}<\/script>\n<!-- \/ Yoast SEO plugin. -->","yoast_head_json":{"title":"Experto en mec\u00e1nica de electricidad e inyecci\u00f3n electr\u00f3nica di\u00e9sel","description":"Desarrolla tus habilidades y mejora tus conocimientos y preparate con nuestra formaci\u00f3n de Experto en mec\u00e1nica de electricidad e inyecci\u00f3n electr\u00f3nica di\u00e9sel","robots":{"index":"index","follow":"follow","max-snippet":"max-snippet:-1","max-image-preview":"max-image-preview:large","max-video-preview":"max-video-preview:-1"},"canonical":"https:\/\/centro-cee.com\/web\/producto\/experto-en-mecanica-de-electricidad-e-inyeccion-electronica-diesel\/","og_locale":"es_ES","og_type":"article","og_title":"Experto en mec\u00e1nica de electricidad e inyecci\u00f3n electr\u00f3nica di\u00e9sel","og_description":"Desarrolla tus habilidades y mejora tus conocimientos y preparate con nuestra formaci\u00f3n de Experto en mec\u00e1nica de electricidad e inyecci\u00f3n electr\u00f3nica di\u00e9sel","og_url":"https:\/\/centro-cee.com\/web\/producto\/experto-en-mecanica-de-electricidad-e-inyeccion-electronica-diesel\/","og_site_name":"CEE Centro Europeo E-learning - Cursos online","article_modified_time":"2024-12-09T11:45:44+00:00","og_image":[{"width":479,"height":555,"url":"https:\/\/centro-cee.com\/web\/wp-content\/uploads\/2024\/11\/Capasfctura.png","type":"image\/png"}],"twitter_card":"summary_large_image","twitter_misc":{"Tiempo de lectura":"3 minutos"},"schema":{"@context":"https:\/\/schema.org","@graph":[{"@type":"WebPage","@id":"https:\/\/centro-cee.com\/web\/producto\/experto-en-mecanica-de-electricidad-e-inyeccion-electronica-diesel\/","url":"https:\/\/centro-cee.com\/web\/producto\/experto-en-mecanica-de-electricidad-e-inyeccion-electronica-diesel\/","name":"Experto en mec\u00e1nica de electricidad e inyecci\u00f3n electr\u00f3nica di\u00e9sel","isPartOf":{"@id":"https:\/\/centro-cee.com\/web\/#website"},"primaryImageOfPage":{"@id":"https:\/\/centro-cee.com\/web\/producto\/experto-en-mecanica-de-electricidad-e-inyeccion-electronica-diesel\/#primaryimage"},"image":{"@id":"https:\/\/centro-cee.com\/web\/producto\/experto-en-mecanica-de-electricidad-e-inyeccion-electronica-diesel\/#primaryimage"},"thumbnailUrl":"https:\/\/centro-cee.com\/web\/wp-content\/uploads\/2024\/11\/Capasfctura.png","datePublished":"2024-11-13T13:36:11+00:00","dateModified":"2024-12-09T11:45:44+00:00","description":"Desarrolla tus habilidades y mejora tus conocimientos y preparate con nuestra formaci\u00f3n de Experto en mec\u00e1nica de electricidad e inyecci\u00f3n electr\u00f3nica di\u00e9sel","breadcrumb":{"@id":"https:\/\/centro-cee.com\/web\/producto\/experto-en-mecanica-de-electricidad-e-inyeccion-electronica-diesel\/#breadcrumb"},"inLanguage":"es","potentialAction":[{"@type":"ReadAction","target":["https:\/\/centro-cee.com\/web\/producto\/experto-en-mecanica-de-electricidad-e-inyeccion-electronica-diesel\/"]}]},{"@type":"ImageObject","inLanguage":"es","@id":"https:\/\/centro-cee.com\/web\/producto\/experto-en-mecanica-de-electricidad-e-inyeccion-electronica-diesel\/#primaryimage","url":"https:\/\/centro-cee.com\/web\/wp-content\/uploads\/2024\/11\/Capasfctura.png","contentUrl":"https:\/\/centro-cee.com\/web\/wp-content\/uploads\/2024\/11\/Capasfctura.png","width":479,"height":555},{"@type":"BreadcrumbList","@id":"https:\/\/centro-cee.com\/web\/producto\/experto-en-mecanica-de-electricidad-e-inyeccion-electronica-diesel\/#breadcrumb","itemListElement":[{"@type":"ListItem","position":1,"name":"Portada","item":"https:\/\/centro-cee.com\/web\/"},{"@type":"ListItem","position":2,"name":"Experto en mec\u00e1nica de electricidad e inyecci\u00f3n electr\u00f3nica di\u00e9sel"}]},{"@type":"WebSite","@id":"https:\/\/centro-cee.com\/web\/#website","url":"https:\/\/centro-cee.com\/web\/","name":"Centro Europeo E-learning","description":"CEE Formaci\u00f3n Online","publisher":{"@id":"https:\/\/centro-cee.com\/web\/#organization"},"alternateName":"Centro Online de Formaci\u00f3n","potentialAction":[{"@type":"SearchAction","target":{"@type":"EntryPoint","urlTemplate":"https:\/\/centro-cee.com\/web\/?s={search_term_string}"},"query-input":{"@type":"PropertyValueSpecification","valueRequired":true,"valueName":"search_term_string"}}],"inLanguage":"es"},{"@type":"Organization","@id":"https:\/\/centro-cee.com\/web\/#organization","name":"Centro Europeo E-learning CEE","url":"https:\/\/centro-cee.com\/web\/","logo":{"@type":"ImageObject","inLanguage":"es","@id":"https:\/\/centro-cee.com\/web\/#\/schema\/logo\/image\/","url":"https:\/\/centro-cee.com\/web\/wp-content\/uploads\/2022\/12\/cropped-logo_educa.png","contentUrl":"https:\/\/centro-cee.com\/web\/wp-content\/uploads\/2022\/12\/cropped-logo_educa.png","width":157,"height":63,"caption":"Centro Europeo E-learning CEE"},"image":{"@id":"https:\/\/centro-cee.com\/web\/#\/schema\/logo\/image\/"},"sameAs":["https:\/\/www.instagram.com\/centroeuropeo_cee"]}]}},"_links":{"self":[{"href":"https:\/\/centro-cee.com\/web\/wp-json\/wp\/v2\/product\/1750","targetHints":{"allow":["GET"]}}],"collection":[{"href":"https:\/\/centro-cee.com\/web\/wp-json\/wp\/v2\/product"}],"about":[{"href":"https:\/\/centro-cee.com\/web\/wp-json\/wp\/v2\/types\/product"}],"replies":[{"embeddable":true,"href":"https:\/\/centro-cee.com\/web\/wp-json\/wp\/v2\/comments?post=1750"}],"wp:featuredmedia":[{"embeddable":true,"href":"https:\/\/centro-cee.com\/web\/wp-json\/wp\/v2\/media\/1751"}],"wp:attachment":[{"href":"https:\/\/centro-cee.com\/web\/wp-json\/wp\/v2\/media?parent=1750"}],"wp:term":[{"taxonomy":"product_brand","embeddable":true,"href":"https:\/\/centro-cee.com\/web\/wp-json\/wp\/v2\/product_brand?post=1750"},{"taxonomy":"product_cat","embeddable":true,"href":"https:\/\/centro-cee.com\/web\/wp-json\/wp\/v2\/product_cat?post=1750"},{"taxonomy":"product_tag","embeddable":true,"href":"https:\/\/centro-cee.com\/web\/wp-json\/wp\/v2\/product_tag?post=1750"}],"curies":[{"name":"wp","href":"https:\/\/api.w.org\/{rel}","templated":true}]}}