{"id":1748,"date":"2024-11-13T13:28:08","date_gmt":"2024-11-13T13:28:08","guid":{"rendered":"https:\/\/centro-cee.com\/web\/?post_type=product&#038;p=1748"},"modified":"2026-03-13T17:01:11","modified_gmt":"2026-03-13T17:01:11","slug":"primeros-auxilios-y-atencion-sanitaria-en-geriatria-gestion-del-estres","status":"publish","type":"product","link":"https:\/\/centro-cee.com\/web\/producto\/primeros-auxilios-y-atencion-sanitaria-en-geriatria-gestion-del-estres\/","title":{"rendered":"Primeros auxilios y atenci\u00f3n sanitaria en geriatr\u00eda + gesti\u00f3n del estr\u00e9s"},"content":{"rendered":"<p><a href=\"https:\/\/centro-cee.com\/web\/formaciones\/\">Atr\u00e1s<\/a><\/p>\n<p><em><strong>Primeros auxilios y atenci\u00f3n sanitaria en geriatr\u00eda + gesti\u00f3n del estr\u00e9s<\/strong><\/em><\/p>\n<p>Toda esta informaci\u00f3n se realiza 100% online en nuestro campus online de formaci\u00f3n.<\/p>\n<p>Las tutor\u00edas se realizan directamente desde el campus de estudio con la opci\u00f3n de mensajer\u00eda a profesores. Las tutorias son \u201ca demanda\u201d, cuando necesites soporte nos lo pides.<\/p>\n<p>Los t\u00edtulos de Centro CEE est\u00e1n autenticados por la firma de notario que valida contenidos y autenticidad a nivel internacional. Nuestra organizaci\u00f3n pertenece a la Asociaci\u00f3n Espa\u00f1ola de Calidad, organizaci\u00f3n Espa\u00f1ola de referencia para la calidad\u00a0en la formaci\u00f3n de auxiliar de enfermer\u00eda. La certificaci\u00f3n se puede apostillar por la Haya para cualquier pa\u00eds firmante del convenio de la Haya.<\/p>\n<p>Se puede pagar a plazos.<\/p>\n<p>Carga horaria de la formaci\u00f3n: 450h<\/p>\n<p>&nbsp;<\/p>\n<h2>Temario<\/h2>\n<hr \/>\n<p>UNIDAD DID\u00c1CTICA 1. ANATOM\u00cdA DEL CUERPO HUMANO I.<br \/>\n1. Introducci\u00f3n.<br \/>\n2. Aparato circulatorio.<br \/>\n3. Aparato digestivo.<br \/>\nUNIDAD DID\u00c1CTICA 2. ANATOM\u00cdA DEL CUERPO HUMANO II.<br \/>\n1. Aparato respiratorio.<br \/>\n2. Sistemas.<br \/>\n3. Los sentidos.<br \/>\nUNIDAD DID\u00c1CTICA 3. ANATOM\u00cdA DEL CUERPO HUMANO III.<br \/>\n1. Sistema muscular.<br \/>\n2. Sistema nervioso.<br \/>\n3. Sistema \u00f3seo.<br \/>\nUNIDAD DID\u00c1CTICA 4. MANUAL DE PRIMEROS AUXILIOS I.<br \/>\n1. Introducci\u00f3n.<br \/>\n2. Principios generales.<br \/>\n3. Asfixia.<br \/>\n4. Lipotimia.<br \/>\n5. Coma.<br \/>\n6. Epilepsia.<br \/>\n7. Insolaci\u00f3n.<br \/>\n8. Hemorragias.<br \/>\n9. Heridas.<br \/>\n10. Quemaduras.<br \/>\n11. Lesiones por fr\u00edo.<br \/>\n12. Intoxicaciones.<br \/>\nUNIDAD DID\u00c1CTICA 5. MANUAL DE PRIMEROS AUXILIOS II.<br \/>\n1. Urgencias en Otorrinolaringolog\u00eda.<br \/>\n2. Urgencias en oftalmolog\u00eda.<br \/>\n3. Fracturas.<br \/>\n4. Esguince.<br \/>\n5. Rotura de ligamentos.<br \/>\n6. Contusiones.<br \/>\n7. Luxaci\u00f3n.<br \/>\n8. Traumatismos craneales.<br \/>\n9. Vendajes.<br \/>\n10. Traslado de accidentados.<br \/>\nUNIDAD DID\u00c1CTICA 6. MANUAL DE PRIMEROS AUXILIOS III.<br \/>\n1. Respiraci\u00f3n cardiopulmonar.<br \/>\n2. Botiqu\u00edn de urgencias.<br \/>\nUNIDAD DID\u00c1CTICA 7. CA\u00cdDAS.<br \/>\n1. Introducci\u00f3n.<br \/>\n2. Consecuencias de las ca\u00eddas en el\/la usuario\/a.<br \/>\n3. \u00bfPor qu\u00e9 se caen?.<br \/>\n4. Evaluaci\u00f3n del\/la usuario\/a con ca\u00eddas.<br \/>\n5. Tratamiento de las ca\u00eddas en el\/la usuario\/a.<br \/>\nUNIDAD DID\u00c1CTICA 8. ENFERMEDADES HABITUALES EN LAS PERSONAS MAYORES.<br \/>\n1. Introducci\u00f3n.<br \/>\n2. Enfermedades osteoarticulares.<br \/>\n3. Hipertensi\u00f3n arterial.<br \/>\n4. Diabetes Mellitus.<br \/>\n5. Los sentidos de la visto y del o\u00eddo.<br \/>\n6. Temblor y Parkinson.<br \/>\n7. Accidentes cerebrovasculares.<br \/>\n8. Depresi\u00f3n.<br \/>\nUNIDAD DID\u00c1CTICA 9. GRANDES S\u00cdNDROMES GERI\u00c1TRICOS.<br \/>\n1. El s\u00edndrome confusional.<br \/>\n2. La demencia.<br \/>\nUNIDAD DID\u00c1CTICA 10. GRANDES S\u00cdNDROMES GERI\u00c1TRICOS II.<br \/>\n1. Incontinencia urinaria.<br \/>\nUNIDAD DID\u00c1CTICA 11. RECOGIDA DE PRODUCTOS BIOL\u00d3GICOS PARA ANALIZAR.<br \/>\n1. Concepto y tipos de muestras de productos biol\u00f3gicos para analizar.<br \/>\n2. Normas generales de actuaci\u00f3n respecto a muestras de productos biol\u00f3gicos para analizar.<br \/>\n3. Obtenci\u00f3n de muestras de productos biol\u00f3gicos para analizar.<br \/>\n4. Muestras de heces.<br \/>\n5. Muestras de v\u00f3mitos.<br \/>\n6. Muestras de esputo.<br \/>\nUNIDAD DID\u00c1CTICA 12. ADMINISTRACI\u00d3N DE MEDICAMENTOS.<br \/>\n1. Introducci\u00f3n.<br \/>\n2. Factores que condicionan la absorci\u00f3n de f\u00e1rmacos.<br \/>\n3. Tasa de disoluci\u00f3n (compuestos s\u00f3lidos).<br \/>\n4. Estabilidad del f\u00e1rmaco.<br \/>\n5. Formaci\u00f3n de complejos.<br \/>\n6. Adsorci\u00f3n.<br \/>\nUNIDAD DID\u00c1CTICA 13. ADMINISTRACI\u00d3N DE MEDICAMENTOS POR SONDA NASOG\u00c1STRICA I.<br \/>\n1. Introducci\u00f3n.<br \/>\nUNIDAD DID\u00c1CTICA 14. ADMINISTRACI\u00d3N DE MEDICAMENTOS POR SONDA NASOG\u00c1STRICA II.<br \/>\n1. Qu\u00e9 hacer en caso de obstrucci\u00f3n de la sonda.<br \/>\nUNIDAD DID\u00c1CTICA 15. ESTADO TERMINAL.<br \/>\n1. Actitudes ante la muerte.<br \/>\n2. Actitudes de la familia ante la muerte del anciano.<br \/>\n3. Actitudes del anciano ante la muerte.<br \/>\n4. Informaci\u00f3n al paciente terminal.<br \/>\n5. Comunicaci\u00f3n de informaci\u00f3n relevante al usuario terminal y a sus familiares.<br \/>\n6. La relaci\u00f3n con el usuario terminal y sus familiares.<br \/>\n7. La muerte del anciano en el hogar.<br \/>\n8. La p\u00e9rdida de los seres queridos: el duelo.<\/p>\n<p><em><strong>Primeros auxilios y atenci\u00f3n sanitaria en geriatr\u00eda + gesti\u00f3n del estr\u00e9s<\/strong><\/em><\/p>\n<hr \/>\n","protected":false},"excerpt":{"rendered":"<p><a href=\"https:\/\/centro-cee.com\/web\/formaciones\/\">Atr\u00e1s<\/a><\/p>\n<p>A lo largo de esta formaci\u00f3n aprender\u00e1s todos los aspectos relacionados con los primeros auxilios en geriatr\u00eda, con contenidos actualizados. Todas las especialidades vinculadas a la geriatr\u00eda necesitan de una formaci\u00f3n espec\u00edfica pues los pacientes tienen unas condiciones diferentes y mas especiales que el resto de la poblaci\u00f3n.<\/p>\n<p>En el sector de la geriatr\u00eda se tiene que formar a personal cualificado espec\u00edficamente para este sector de pacientes, conociendo como es habitual la anatom\u00eda del cuerpo ya que en ese aspecto la formaci\u00f3n es gen\u00e9rica, pero con especializaci\u00f3n en la reanimaci\u00f3n cardiopulmonar, ca\u00eddas, accidentes cerebrovasculares, las cuales son habituales en personas de la 3a edad.<\/p>\n","protected":false},"featured_media":1749,"comment_status":"closed","ping_status":"closed","template":"","meta":[],"product_brand":[],"product_cat":[2046,34],"product_tag":[1594,1597,1593,1590,1592,1591,1373,1595,1589,1596],"class_list":{"0":"post-1748","1":"product","2":"type-product","3":"status-publish","4":"has-post-thumbnail","6":"product_cat-cursos-salud","7":"product_cat-tecnicos","8":"product_tag-asistencia-sanitaria-a-personas-mayores","9":"product_tag-atencion-a-la-tercera-edad","10":"product_tag-atencion-de-emergencias-en-geriatria","11":"product_tag-atencion-sanitaria-en-geriatria","12":"product_tag-cuidados-geriatricos","13":"product_tag-curso-de-primeros-auxilios-para-mayores","14":"product_tag-formacion-en-geriatria","15":"product_tag-manejo-de-emergencias-en-geriatria","16":"product_tag-primeros-auxilios-en-geriatria","17":"product_tag-primeros-auxilios-y-cuidados-geriatricos","19":"first","20":"instock","21":"sale","22":"shipping-taxable","23":"purchasable","24":"product-type-simple"},"yoast_head":"<!-- This site is optimized with the Yoast SEO plugin v27.4 - https:\/\/yoast.com\/product\/yoast-seo-wordpress\/ -->\n<title>Primeros auxilios y atenci\u00f3n sanitaria en geriatr\u00eda<\/title>\n<meta name=\"description\" content=\"Desarrolla tus habilidades y mejora tus conocimientos y preparate con nuestra formaci\u00f3n de Primeros auxilios y atenci\u00f3n sanitaria en geriatr\u00eda\" \/>\n<meta name=\"robots\" content=\"index, follow, max-snippet:-1, max-image-preview:large, max-video-preview:-1\" \/>\n<link rel=\"canonical\" href=\"https:\/\/centro-cee.com\/web\/producto\/primeros-auxilios-y-atencion-sanitaria-en-geriatria-gestion-del-estres\/\" \/>\n<meta property=\"og:locale\" content=\"es_ES\" \/>\n<meta property=\"og:type\" content=\"article\" \/>\n<meta property=\"og:title\" content=\"Primeros auxilios y atenci\u00f3n sanitaria en geriatr\u00eda\" \/>\n<meta property=\"og:description\" content=\"Desarrolla tus habilidades y mejora tus conocimientos y preparate con nuestra formaci\u00f3n de Primeros auxilios y atenci\u00f3n sanitaria en geriatr\u00eda\" \/>\n<meta property=\"og:url\" content=\"https:\/\/centro-cee.com\/web\/producto\/primeros-auxilios-y-atencion-sanitaria-en-geriatria-gestion-del-estres\/\" \/>\n<meta property=\"og:site_name\" content=\"CEE Centro Europeo E-learning - Cursos online\" \/>\n<meta property=\"article:modified_time\" content=\"2026-03-13T17:01:11+00:00\" \/>\n<meta property=\"og:image\" content=\"https:\/\/centro-cee.com\/web\/wp-content\/uploads\/2024\/09\/Captursada.png\" \/>\n\t<meta property=\"og:image:width\" content=\"797\" \/>\n\t<meta property=\"og:image:height\" content=\"525\" \/>\n\t<meta property=\"og:image:type\" content=\"image\/png\" \/>\n<meta name=\"twitter:card\" content=\"summary_large_image\" \/>\n<meta name=\"twitter:label1\" content=\"Tiempo de lectura\" \/>\n\t<meta name=\"twitter:data1\" content=\"7 minutos\" \/>\n<script type=\"application\/ld+json\" class=\"yoast-schema-graph\">{\"@context\":\"https:\\\/\\\/schema.org\",\"@graph\":[{\"@type\":\"WebPage\",\"@id\":\"https:\\\/\\\/centro-cee.com\\\/web\\\/producto\\\/primeros-auxilios-y-atencion-sanitaria-en-geriatria-gestion-del-estres\\\/\",\"url\":\"https:\\\/\\\/centro-cee.com\\\/web\\\/producto\\\/primeros-auxilios-y-atencion-sanitaria-en-geriatria-gestion-del-estres\\\/\",\"name\":\"Primeros auxilios y atenci\u00f3n sanitaria en geriatr\u00eda\",\"isPartOf\":{\"@id\":\"https:\\\/\\\/centro-cee.com\\\/web\\\/#website\"},\"primaryImageOfPage\":{\"@id\":\"https:\\\/\\\/centro-cee.com\\\/web\\\/producto\\\/primeros-auxilios-y-atencion-sanitaria-en-geriatria-gestion-del-estres\\\/#primaryimage\"},\"image\":{\"@id\":\"https:\\\/\\\/centro-cee.com\\\/web\\\/producto\\\/primeros-auxilios-y-atencion-sanitaria-en-geriatria-gestion-del-estres\\\/#primaryimage\"},\"thumbnailUrl\":\"https:\\\/\\\/centro-cee.com\\\/web\\\/wp-content\\\/uploads\\\/2024\\\/09\\\/Captursada.png\",\"datePublished\":\"2024-11-13T13:28:08+00:00\",\"dateModified\":\"2026-03-13T17:01:11+00:00\",\"description\":\"Desarrolla tus habilidades y mejora tus conocimientos y preparate con nuestra formaci\u00f3n de Primeros auxilios y atenci\u00f3n sanitaria en geriatr\u00eda\",\"breadcrumb\":{\"@id\":\"https:\\\/\\\/centro-cee.com\\\/web\\\/producto\\\/primeros-auxilios-y-atencion-sanitaria-en-geriatria-gestion-del-estres\\\/#breadcrumb\"},\"inLanguage\":\"es\",\"potentialAction\":[{\"@type\":\"ReadAction\",\"target\":[\"https:\\\/\\\/centro-cee.com\\\/web\\\/producto\\\/primeros-auxilios-y-atencion-sanitaria-en-geriatria-gestion-del-estres\\\/\"]}]},{\"@type\":\"ImageObject\",\"inLanguage\":\"es\",\"@id\":\"https:\\\/\\\/centro-cee.com\\\/web\\\/producto\\\/primeros-auxilios-y-atencion-sanitaria-en-geriatria-gestion-del-estres\\\/#primaryimage\",\"url\":\"https:\\\/\\\/centro-cee.com\\\/web\\\/wp-content\\\/uploads\\\/2024\\\/09\\\/Captursada.png\",\"contentUrl\":\"https:\\\/\\\/centro-cee.com\\\/web\\\/wp-content\\\/uploads\\\/2024\\\/09\\\/Captursada.png\",\"width\":797,\"height\":525},{\"@type\":\"BreadcrumbList\",\"@id\":\"https:\\\/\\\/centro-cee.com\\\/web\\\/producto\\\/primeros-auxilios-y-atencion-sanitaria-en-geriatria-gestion-del-estres\\\/#breadcrumb\",\"itemListElement\":[{\"@type\":\"ListItem\",\"position\":1,\"name\":\"Portada\",\"item\":\"https:\\\/\\\/centro-cee.com\\\/web\\\/\"},{\"@type\":\"ListItem\",\"position\":2,\"name\":\"Primeros auxilios y atenci\u00f3n sanitaria en geriatr\u00eda + gesti\u00f3n del estr\u00e9s\"}]},{\"@type\":\"WebSite\",\"@id\":\"https:\\\/\\\/centro-cee.com\\\/web\\\/#website\",\"url\":\"https:\\\/\\\/centro-cee.com\\\/web\\\/\",\"name\":\"Centro Europeo E-learning\",\"description\":\"CEE Formaci\u00f3n Online\",\"publisher\":{\"@id\":\"https:\\\/\\\/centro-cee.com\\\/web\\\/#organization\"},\"alternateName\":\"Centro Online de Formaci\u00f3n\",\"potentialAction\":[{\"@type\":\"SearchAction\",\"target\":{\"@type\":\"EntryPoint\",\"urlTemplate\":\"https:\\\/\\\/centro-cee.com\\\/web\\\/?s={search_term_string}\"},\"query-input\":{\"@type\":\"PropertyValueSpecification\",\"valueRequired\":true,\"valueName\":\"search_term_string\"}}],\"inLanguage\":\"es\"},{\"@type\":\"Organization\",\"@id\":\"https:\\\/\\\/centro-cee.com\\\/web\\\/#organization\",\"name\":\"Centro Europeo E-learning CEE\",\"url\":\"https:\\\/\\\/centro-cee.com\\\/web\\\/\",\"logo\":{\"@type\":\"ImageObject\",\"inLanguage\":\"es\",\"@id\":\"https:\\\/\\\/centro-cee.com\\\/web\\\/#\\\/schema\\\/logo\\\/image\\\/\",\"url\":\"https:\\\/\\\/centro-cee.com\\\/web\\\/wp-content\\\/uploads\\\/2022\\\/12\\\/cropped-logo_educa.png\",\"contentUrl\":\"https:\\\/\\\/centro-cee.com\\\/web\\\/wp-content\\\/uploads\\\/2022\\\/12\\\/cropped-logo_educa.png\",\"width\":157,\"height\":63,\"caption\":\"Centro Europeo E-learning CEE\"},\"image\":{\"@id\":\"https:\\\/\\\/centro-cee.com\\\/web\\\/#\\\/schema\\\/logo\\\/image\\\/\"},\"sameAs\":[\"https:\\\/\\\/www.instagram.com\\\/centroeuropeo_cee\"]}]}<\/script>\n<!-- \/ Yoast SEO plugin. -->","yoast_head_json":{"title":"Primeros auxilios y atenci\u00f3n sanitaria en geriatr\u00eda","description":"Desarrolla tus habilidades y mejora tus conocimientos y preparate con nuestra formaci\u00f3n de Primeros auxilios y atenci\u00f3n sanitaria en geriatr\u00eda","robots":{"index":"index","follow":"follow","max-snippet":"max-snippet:-1","max-image-preview":"max-image-preview:large","max-video-preview":"max-video-preview:-1"},"canonical":"https:\/\/centro-cee.com\/web\/producto\/primeros-auxilios-y-atencion-sanitaria-en-geriatria-gestion-del-estres\/","og_locale":"es_ES","og_type":"article","og_title":"Primeros auxilios y atenci\u00f3n sanitaria en geriatr\u00eda","og_description":"Desarrolla tus habilidades y mejora tus conocimientos y preparate con nuestra formaci\u00f3n de Primeros auxilios y atenci\u00f3n sanitaria en geriatr\u00eda","og_url":"https:\/\/centro-cee.com\/web\/producto\/primeros-auxilios-y-atencion-sanitaria-en-geriatria-gestion-del-estres\/","og_site_name":"CEE Centro Europeo E-learning - Cursos online","article_modified_time":"2026-03-13T17:01:11+00:00","og_image":[{"width":797,"height":525,"url":"https:\/\/centro-cee.com\/web\/wp-content\/uploads\/2024\/09\/Captursada.png","type":"image\/png"}],"twitter_card":"summary_large_image","twitter_misc":{"Tiempo de lectura":"7 minutos"},"schema":{"@context":"https:\/\/schema.org","@graph":[{"@type":"WebPage","@id":"https:\/\/centro-cee.com\/web\/producto\/primeros-auxilios-y-atencion-sanitaria-en-geriatria-gestion-del-estres\/","url":"https:\/\/centro-cee.com\/web\/producto\/primeros-auxilios-y-atencion-sanitaria-en-geriatria-gestion-del-estres\/","name":"Primeros auxilios y atenci\u00f3n sanitaria en geriatr\u00eda","isPartOf":{"@id":"https:\/\/centro-cee.com\/web\/#website"},"primaryImageOfPage":{"@id":"https:\/\/centro-cee.com\/web\/producto\/primeros-auxilios-y-atencion-sanitaria-en-geriatria-gestion-del-estres\/#primaryimage"},"image":{"@id":"https:\/\/centro-cee.com\/web\/producto\/primeros-auxilios-y-atencion-sanitaria-en-geriatria-gestion-del-estres\/#primaryimage"},"thumbnailUrl":"https:\/\/centro-cee.com\/web\/wp-content\/uploads\/2024\/09\/Captursada.png","datePublished":"2024-11-13T13:28:08+00:00","dateModified":"2026-03-13T17:01:11+00:00","description":"Desarrolla tus habilidades y mejora tus conocimientos y preparate con nuestra formaci\u00f3n de Primeros auxilios y atenci\u00f3n sanitaria en geriatr\u00eda","breadcrumb":{"@id":"https:\/\/centro-cee.com\/web\/producto\/primeros-auxilios-y-atencion-sanitaria-en-geriatria-gestion-del-estres\/#breadcrumb"},"inLanguage":"es","potentialAction":[{"@type":"ReadAction","target":["https:\/\/centro-cee.com\/web\/producto\/primeros-auxilios-y-atencion-sanitaria-en-geriatria-gestion-del-estres\/"]}]},{"@type":"ImageObject","inLanguage":"es","@id":"https:\/\/centro-cee.com\/web\/producto\/primeros-auxilios-y-atencion-sanitaria-en-geriatria-gestion-del-estres\/#primaryimage","url":"https:\/\/centro-cee.com\/web\/wp-content\/uploads\/2024\/09\/Captursada.png","contentUrl":"https:\/\/centro-cee.com\/web\/wp-content\/uploads\/2024\/09\/Captursada.png","width":797,"height":525},{"@type":"BreadcrumbList","@id":"https:\/\/centro-cee.com\/web\/producto\/primeros-auxilios-y-atencion-sanitaria-en-geriatria-gestion-del-estres\/#breadcrumb","itemListElement":[{"@type":"ListItem","position":1,"name":"Portada","item":"https:\/\/centro-cee.com\/web\/"},{"@type":"ListItem","position":2,"name":"Primeros auxilios y atenci\u00f3n sanitaria en geriatr\u00eda + gesti\u00f3n del estr\u00e9s"}]},{"@type":"WebSite","@id":"https:\/\/centro-cee.com\/web\/#website","url":"https:\/\/centro-cee.com\/web\/","name":"Centro Europeo E-learning","description":"CEE Formaci\u00f3n Online","publisher":{"@id":"https:\/\/centro-cee.com\/web\/#organization"},"alternateName":"Centro Online de Formaci\u00f3n","potentialAction":[{"@type":"SearchAction","target":{"@type":"EntryPoint","urlTemplate":"https:\/\/centro-cee.com\/web\/?s={search_term_string}"},"query-input":{"@type":"PropertyValueSpecification","valueRequired":true,"valueName":"search_term_string"}}],"inLanguage":"es"},{"@type":"Organization","@id":"https:\/\/centro-cee.com\/web\/#organization","name":"Centro Europeo E-learning CEE","url":"https:\/\/centro-cee.com\/web\/","logo":{"@type":"ImageObject","inLanguage":"es","@id":"https:\/\/centro-cee.com\/web\/#\/schema\/logo\/image\/","url":"https:\/\/centro-cee.com\/web\/wp-content\/uploads\/2022\/12\/cropped-logo_educa.png","contentUrl":"https:\/\/centro-cee.com\/web\/wp-content\/uploads\/2022\/12\/cropped-logo_educa.png","width":157,"height":63,"caption":"Centro Europeo E-learning CEE"},"image":{"@id":"https:\/\/centro-cee.com\/web\/#\/schema\/logo\/image\/"},"sameAs":["https:\/\/www.instagram.com\/centroeuropeo_cee"]}]}},"_links":{"self":[{"href":"https:\/\/centro-cee.com\/web\/wp-json\/wp\/v2\/product\/1748","targetHints":{"allow":["GET"]}}],"collection":[{"href":"https:\/\/centro-cee.com\/web\/wp-json\/wp\/v2\/product"}],"about":[{"href":"https:\/\/centro-cee.com\/web\/wp-json\/wp\/v2\/types\/product"}],"replies":[{"embeddable":true,"href":"https:\/\/centro-cee.com\/web\/wp-json\/wp\/v2\/comments?post=1748"}],"wp:featuredmedia":[{"embeddable":true,"href":"https:\/\/centro-cee.com\/web\/wp-json\/wp\/v2\/media\/1749"}],"wp:attachment":[{"href":"https:\/\/centro-cee.com\/web\/wp-json\/wp\/v2\/media?parent=1748"}],"wp:term":[{"taxonomy":"product_brand","embeddable":true,"href":"https:\/\/centro-cee.com\/web\/wp-json\/wp\/v2\/product_brand?post=1748"},{"taxonomy":"product_cat","embeddable":true,"href":"https:\/\/centro-cee.com\/web\/wp-json\/wp\/v2\/product_cat?post=1748"},{"taxonomy":"product_tag","embeddable":true,"href":"https:\/\/centro-cee.com\/web\/wp-json\/wp\/v2\/product_tag?post=1748"}],"curies":[{"name":"wp","href":"https:\/\/api.w.org\/{rel}","templated":true}]}}