{"id":1703,"date":"2024-09-10T11:01:04","date_gmt":"2024-09-10T11:01:04","guid":{"rendered":"https:\/\/centro-cee.com\/web\/?post_type=product&#038;p=1703"},"modified":"2026-03-13T17:01:56","modified_gmt":"2026-03-13T17:01:56","slug":"master-en-oftalmologia-calidad-en-el-servicio-2","status":"publish","type":"product","link":"https:\/\/centro-cee.com\/web\/producto\/master-en-oftalmologia-calidad-en-el-servicio-2\/","title":{"rendered":"M\u00e1ster en oftalmolog\u00eda + calidad en el servicio"},"content":{"rendered":"<p><a href=\"https:\/\/centro-cee.com\/web\/formaciones\/\">Atr\u00e1s<\/a><\/p>\n<p><em><strong>M\u00e1ster en oftalmolog\u00eda + calidad en el servicio<\/strong><\/em><\/p>\n<p>Toda esta informaci\u00f3n se realiza 100% online en nuestro campus online de formaci\u00f3n.<\/p>\n<p>Las tutor\u00edas se realizan directamente desde el campus de estudio con la opci\u00f3n de mensajer\u00eda a profesores. Las tutorias son \u201ca demanda\u201d, cuando necesites soporte nos lo pides.<\/p>\n<p>Los t\u00edtulos de Centro CEE est\u00e1n autenticados por la firma de notario que valida contenidos y autenticidad a nivel internacional. Nuestra organizaci\u00f3n pertenece a la Asociaci\u00f3n Espa\u00f1ola de Calidad, organizaci\u00f3n Espa\u00f1ola de referencia para la calidad\u00a0en la formaci\u00f3n de auxiliar de enfermer\u00eda. La certificaci\u00f3n se puede apostillar por la Haya para cualquier pa\u00eds firmante del convenio de la Haya.<\/p>\n<p>Se puede pagar a plazos.<\/p>\n<p>Carga horaria de la formaci\u00f3n: 340h<\/p>\n<p>&nbsp;<\/p>\n<h2>Temario<\/h2>\n<hr \/>\n<p>UNIDAD DID\u00c1CTICA 1. BASES FISIOL\u00d3GICAS Y ANAT\u00d3MICAS DEL APARATO OCULAR<br \/>\n1. La oftalmolog\u00eda como disciplina m\u00e9dica<br \/>\n2. Las \u00f3rbitas<br \/>\n3. El globo ocular<br \/>\n4. Anejos oculares<br \/>\n5. &#8211; P\u00e1rpados<br \/>\n6. &#8211; Conjuntiva<br \/>\n7. &#8211; Sistema lagrimal<br \/>\n8. T\u00fanica Fibrosa Ocular<br \/>\n9. &#8211; La escler\u00f3tica<br \/>\n10. &#8211; La c\u00f3rnea<br \/>\n11. T\u00fanica vascular ocular<br \/>\n12. &#8211; La coroides<br \/>\n13. &#8211; Cuerpo ciliar<br \/>\n14. &#8211; Iris<br \/>\n15. Retina<br \/>\n16. &#8211; Sistema de asociaci\u00f3n de la retina<br \/>\n17. &#8211; Gl\u00eda de la retina<br \/>\n18. &#8211; Vascularizaci\u00f3n e inervaci\u00f3n<br \/>\n19. Medios refringentes del ojo<br \/>\n20. &#8211; Humor acuoso<br \/>\n21. &#8211; Humor v\u00edtreo<br \/>\n22. &#8211; Cristalino<br \/>\n23. M\u00fasculos extr\u00ednsecos oculares<br \/>\n24. &#8211; M\u00fasculos rectos<br \/>\n25. &#8211; M\u00fasculos oblicuos<br \/>\n26. &#8211; Vascularizaci\u00f3n e inervaci\u00f3n<br \/>\n27. &#8211; Drenaje<br \/>\nUNIDAD DID\u00c1CTICA 2. PROCESO VISUAL<br \/>\n1. El proceso visual<br \/>\n2. La luz<br \/>\n3. &#8211; La propagaci\u00f3n de la luz<br \/>\n4. &#8211; El espectro electromagn\u00e9tico<br \/>\n5. &#8211; Efectos de la luz<br \/>\n6. Luz en el ojo humano<br \/>\n7. &#8211; Primera fase del proceso visual<br \/>\n8. &#8211; Siguientes fases del proceso visual<br \/>\nUNIDAD DID\u00c1CTICA 3. EXAMEN OCULAR<br \/>\n1. Introducci\u00f3n<br \/>\n2. Historia cl\u00ednica<br \/>\n3. Instrumentos necesarios<br \/>\n4. Pruebas del examen ocular<br \/>\n5. &#8211; Observaci\u00f3n externa<br \/>\n6. &#8211; Medici\u00f3n de la agudeza visual<br \/>\n7. &#8211; Evaluaci\u00f3n pupilar<br \/>\n8. &#8211; Distancia Interpupilar<br \/>\n9. &#8211; Motilidad Ocular Extr\u00ednseca (MOE)<br \/>\n10. &#8211; Punto Pr\u00f3ximo de Convergencia (PPC)<br \/>\n11. &#8211; Confrontaci\u00f3n de Campos<br \/>\n12. &#8211; Tonometr\u00eda<br \/>\n13. &#8211; Tinci\u00f3n del ojo con fluoresce\u00edna<br \/>\nUNIDAD DID\u00c1TICA 4. EXAMEN OCULAR II<br \/>\n1. Pruebas refractivas<br \/>\n2. &#8211; Pruebas refractivas objetivas<br \/>\n3. &#8211; Pruebas de refracci\u00f3n subjetiva<br \/>\n4. Pruebas de salud ocular<br \/>\n5. &#8211; Oftalmoscop\u00eda directa (examen del fondo de ojo)<br \/>\n6. &#8211; Rejilla de AMSLER<br \/>\n7. &#8211; Visi\u00f3n de colores<br \/>\nUNIDAD DID\u00c1CTICA 5. DETERMINACI\u00d3N DE LA AGUDEZA VISUAL<br \/>\n1. Agudeza Visual<br \/>\n2. Factores que afectan a la Agudeza Visual<br \/>\n3. &#8211; Factores f\u00edsicos<br \/>\n4. &#8211; Factores fisiol\u00f3gicos<br \/>\n5. &#8211; Factores psicol\u00f3gicos<br \/>\n6. Clasificaci\u00f3n de la Agudeza Visual<br \/>\n7. Optotipos<br \/>\n8. &#8211; Principales dise\u00f1os de optotipos<br \/>\n9. &#8211; Presentaci\u00f3n de los optotipos<br \/>\n10. &#8211; Iluminaci\u00f3n y contraste de los optotipos<br \/>\n11. &#8211; Distancia de presentaci\u00f3n de los optotipos<br \/>\n12. Medida de la agudeza visual<br \/>\n13. &#8211; Agudeza visual de lejos<br \/>\n14. &#8211; Agudeza Visual de cerca<br \/>\n15. &#8211; Test de la Agudeza Visual en pedi\u00e1tricos<br \/>\n16. &#8211; Test de la Agudeza Visual en personas con baja visi\u00f3n<br \/>\nUNIDAD DID\u00c1CTICA 6. ALTERACIONES Y DEFECTOS OCULARES<br \/>\n1. Introducci\u00f3n<br \/>\n2. Estados refractivos del ojo<br \/>\n3. &#8211; Emetrop\u00eda<br \/>\n4. &#8211; Ametrop\u00eda<br \/>\n5. Defectos de refracci\u00f3n del ojo<br \/>\n6. &#8211; Miop\u00eda<br \/>\n7. &#8211; Hipermetrop\u00eda<br \/>\n8. &#8211; Astigmatismo<br \/>\n9. Factores binoculares en la refracci\u00f3n<br \/>\n10. &#8211; Anisometrop\u00eda<br \/>\n11. &#8211; Aniseiconia<br \/>\n12. Presbicia<br \/>\n13. &#8211; M\u00e9todos para determinar la adici\u00f3n<br \/>\n14. &#8211; Opciones de correcci\u00f3n<br \/>\n15. Acomodaci\u00f3n<br \/>\n16. &#8211; Mecanismos de la acomodaci\u00f3n<br \/>\n17. &#8211; Componentes de la acomodaci\u00f3n<br \/>\n18. &#8211; Est\u00edmulo de la acomodaci\u00f3n<br \/>\n19. &#8211; Respuesta acomodativa<br \/>\n20. Binocularidad<br \/>\n21. &#8211; Tipos de movimientos oculares<br \/>\n22. &#8211; Grados de la visi\u00f3n binocular<br \/>\nUNIDAD DID\u00c1CTICA 7. NEUROFTALMOLOG\u00cdA<br \/>\n1. Neuroftalmolog\u00eda<br \/>\n2. Neuropat\u00edas craneales<br \/>\n3. &#8211; Par craneal II: nervio \u00f3ptico<br \/>\n4. &#8211; Pares craneales III, IV y VI: nervio motores oculares<br \/>\n5. Papiledema<br \/>\n6. &#8211; Causas y diagn\u00f3stico<br \/>\n7. &#8211; Tratamiento<br \/>\n8. Neuropat\u00eda \u00f3ptica isqu\u00e9mica (NOI)<br \/>\n9. Neuritis \u00f3ptica<br \/>\n10. Atrofia \u00f3ptica<br \/>\nUNIDAD DID\u00c1CTICA 8. ALTERACIONES CONG\u00c9NITAS DEL NERVIO \u00d3PTICO<br \/>\n1. Alteraciones cong\u00e9nitas<br \/>\n2. Alteraciones de la embriog\u00e9nesis<br \/>\n3. &#8211; Hipoplasia y aplasia<br \/>\n4. &#8211; Disco oblicuo<br \/>\n5. Defectos en el cierre de la hendidura embrionaria<br \/>\n6. &#8211; Coloboma<br \/>\n7. &#8211; S\u00edndrome de Morning Glory<br \/>\n8. &#8211; Foseta \u00f3ptica cong\u00e9nita<br \/>\n9. Pseudopapiledema<br \/>\n10. &#8211; Drusas<br \/>\n11. &#8211; Fibras de mielina<br \/>\n12. Otras<br \/>\n13. &#8211; S\u00edndrome de Aicardi<br \/>\n14. &#8211; Megalopapila<br \/>\n15. &#8211; Papila de Bergmeister y persistencia de la arteria hialoidea<br \/>\nUNIDAD DID\u00c1CTICA 9. UVE\u00cdTIS<br \/>\n1. Definici\u00f3n<br \/>\n2. &#8211; Causas de la uve\u00edtis<br \/>\n3. Clasificaci\u00f3n de uve\u00edtis<br \/>\n4. S\u00edntomas y tratamiento de la uve\u00edtis<br \/>\n5. &#8211; Uve\u00edtis anteriores<br \/>\n6. &#8211; Uve\u00edtis posteriores<br \/>\n7. &#8211; Uve\u00edtis intermedias<br \/>\n8. Alteraciones de la vida diaria<br \/>\nUNIDAD DID\u00c1CTICA 10. CATARATAS<br \/>\n1. Definici\u00f3n<br \/>\n2. &#8211; Causas de las cataratas<br \/>\n3. Clasificaci\u00f3n de las cataratas<br \/>\n4. &#8211; Cataratas cong\u00e9nitas<br \/>\n5. &#8211; Cataratas adquiridas<br \/>\n6. Desprendimiento de retina<br \/>\n7. &#8211; Causas<br \/>\n8. &#8211; S\u00edntomas<br \/>\n9. &#8211; Tratamiento<br \/>\n10. &#8211; Pron\u00f3stico y prevenci\u00f3n<br \/>\nUNIDAD DID\u00c1CTICA 11. GLAUCOMA<br \/>\n1. Definici\u00f3n<br \/>\n2. Causas y tipos<br \/>\n3. Diagn\u00f3stico<br \/>\n4. &#8211; Tratamiento<br \/>\n5. &#8211; Prevenci\u00f3n<br \/>\nUNIDAD DID\u00c1CTICA 12. FARMACOLOG\u00cdA OCULAR<br \/>\n1. Introducci\u00f3n<br \/>\n2. &#8211; V\u00edas de administraci\u00f3n<br \/>\n3. &#8211; Objetivos y principios<br \/>\n4. &#8211; Descripci\u00f3n del procedimiento<br \/>\n5. F\u00e1rmacos en oftalmolog\u00eda<br \/>\n6. &#8211; Principales grupos de f\u00e1rmacos<br \/>\n7. &#8211; Tratamiento del glaucoma<br \/>\n8. Farmacolog\u00eda oft\u00e1lmica diagn\u00f3stica<\/p>\n<p>CALIDAD EN EL SERVICIO<br \/>\nUNIDAD 1: GESTI\u00d3N DE LA CALIDAD EN EL SERVICIO<br \/>\n1. CALIDAD Y SERVICIO: CONCEPTOS B\u00c1SICOS<br \/>\n    1.1. La Calidad<br \/>\n    1.2. El Servicio<br \/>\n2. LA IMPORTANCIA DE LA CALIDAD EN EL SERVICIO<br \/>\n    2.1. La exigencia del cliente<br \/>\n    2.2. El cliente: aspectos a destacar<br \/>\n    2.3. La percepci\u00f3n de la calidad<br \/>\n    2.4. Gesti\u00f3n de la calidad total<br \/>\n3. GESTI\u00d3N DE LA CALIDAD EN EL SERVICIO<br \/>\n    3.1. \u00bfPor qu\u00e9 son diferentes las empresas de servicios?<br \/>\n    3.2. Dificultades para gestionar la calidad en el servicio<br \/>\n    3.3. Coste de calidad y falta de calidad<br \/>\n    3.4. Gesti\u00f3n de la calidad: Asunto de m\u00e9todo<br \/>\n    3.5. Ejemplos de \u201cno calidad\u201d<br \/>\n    3.6. Un ejemplo pr\u00e1ctico de mala calidad en el servicio: la camarera<br \/>\n4. LAS ESTRATEGIAS DEL SERVICIO<br \/>\n    4.1. El cliente es el rey<br \/>\n    4.2. Estrategias<br \/>\n5. LA COMUNICACI\u00d3N DEL SERVICIO<br \/>\n    5.1. Caracter\u00edsticas de la comunicaci\u00f3n<br \/>\n    5.2. Todo es comunicaci\u00f3n en el servicio<br \/>\n6. LAS NORMAS DE CALIDAD EN EL SERVICIO<br \/>\n    6.1. Normas de calidad<\/p>\n<p>UNIDAD 2. PROGRAMAS DE CALIDAD EN EL SERVICIO<br \/>\n1. CALIDAD Y SERVICIO: ASPECTOS GENERALES<br \/>\n    1.1. Calidad y servicio: gesti\u00f3n de la calidad<br \/>\n    1.2. El cliente y su percepci\u00f3n del servicio<br \/>\n    1.3. Las empresas de servicios<br \/>\n    1.4. Estrategias de las empresas de servicios<br \/>\n    1.5. La comunicaci\u00f3n y las normas de calidad<br \/>\n2. LA CAZA DE ERRORES<br \/>\n    2.1. Hacerlo bien a la primera<br \/>\n    2.2. El cero defectos<br \/>\n    2.3. El papel del director de calidad<br \/>\n    2.4. Un proyecto de calidad<br \/>\n    2.5. Instrumentos para la caza de errores<br \/>\n3. MEDIR LA SATISFACCI\u00d3N DEL CLIENTE<br \/>\n    3.1. La calidad que presta la empresa y la que percibe el cliente<br \/>\n    3.2. Satisfacci\u00f3n del consumidor: conceptos b\u00e1sicos<br \/>\n4. \u00bfC\u00d3MO LANZAR UN PROGRAMA DE CALIDAD?<br \/>\n    4.1. Introducci\u00f3n<br \/>\n    4.2. Diagn\u00f3stico<br \/>\n    4.3. La b\u00fasqueda de cero defectos<br \/>\n    4.4. Reconsideraci\u00f3n del servicio prestado<br \/>\n    4.5. El nivel de excelencia para cada rama del servicio<br \/>\n5. EL TEL\u00c9FONO<br \/>\n    5.1. El tel\u00e9fono como atenci\u00f3n al p\u00fablico<br \/>\n    5.2. Preparaci\u00f3n t\u00e9cnica<br \/>\n    5.3. Preparaci\u00f3n t\u00e1ctica<br \/>\n    5.4. T\u00e9cnicas del uso del tel\u00e9fono<br \/>\n    5.5. Recomendaciones al hablar por tel\u00e9fono<br \/>\n6. EJEMPLOS DE MALA CALIDAD EN EL SERVICIO<br \/>\n    6.1. Ejemplos de mala calidad en el servicio<\/p>\n<p><em><strong>M\u00e1ster en oftalmolog\u00eda + calidad en el servicio<\/strong><\/em><\/p>\n<hr \/>\n","protected":false},"excerpt":{"rendered":"<p><a href=\"https:\/\/centro-cee.com\/web\/formaciones\/\">Atr\u00e1s<\/a><\/p>\n<p>Se trata de una formaci\u00f3n online, que podr\u00e1s seguir desde la comodidad de casa, utilizando un ordenador o tablet con conexi\u00f3n a internet. Los contenidos son multimedia, interactivos y con audio, en general se evita el exceso de contenidos de texto.<\/p>\n<p>Por \u00faltimo, podr\u00e1s obtener el Certificado Universitario Internacional DQ-Universidad Cat\u00f3lilca de Cuyo, y el reconocimiento de cr\u00e9ditos ECTS.<\/p>\n<p>\u00a1No esperes m\u00e1s y f\u00f3rmate con los mejores profesionales!<\/p>\n","protected":false},"featured_media":1714,"comment_status":"closed","ping_status":"closed","template":"","meta":[],"product_brand":[],"product_cat":[2046,17],"product_tag":[23,511,541,542,540,538,537,539,234],"class_list":{"0":"post-1703","1":"product","2":"type-product","3":"status-publish","4":"has-post-thumbnail","6":"product_cat-cursos-salud","7":"product_cat-master","8":"product_tag-cee","9":"product_tag-clea","10":"product_tag-gafas","11":"product_tag-lentes","12":"product_tag-lentillas","13":"product_tag-oculista","14":"product_tag-oftalmologia","15":"product_tag-optica","16":"product_tag-optometria","18":"first","19":"instock","20":"sale","21":"shipping-taxable","22":"purchasable","23":"product-type-simple"},"yoast_head":"<!-- This site is optimized with the Yoast SEO plugin v27.5 - https:\/\/yoast.com\/product\/yoast-seo-wordpress\/ -->\n<title>M\u00e1ster en oftalmolog\u00eda + calidad en el servicio<\/title>\n<meta name=\"description\" content=\"Desarrolla tus habilidades y mejora tus conocimientos y preparate con nuestra formaci\u00f3n de M\u00e1ster en oftalmolog\u00eda + calidad en el servicio\" \/>\n<meta name=\"robots\" content=\"index, follow, max-snippet:-1, max-image-preview:large, max-video-preview:-1\" \/>\n<link rel=\"canonical\" href=\"https:\/\/centro-cee.com\/web\/producto\/master-en-oftalmologia-calidad-en-el-servicio-2\/\" \/>\n<meta property=\"og:locale\" content=\"es_ES\" \/>\n<meta property=\"og:type\" content=\"article\" \/>\n<meta property=\"og:title\" content=\"M\u00e1ster en oftalmolog\u00eda + calidad en el servicio\" \/>\n<meta property=\"og:description\" content=\"Desarrolla tus habilidades y mejora tus conocimientos y preparate con nuestra formaci\u00f3n de M\u00e1ster en oftalmolog\u00eda + calidad en el servicio\" \/>\n<meta property=\"og:url\" content=\"https:\/\/centro-cee.com\/web\/producto\/master-en-oftalmologia-calidad-en-el-servicio-2\/\" \/>\n<meta property=\"og:site_name\" content=\"CEE Centro Europeo E-learning - Cursos online\" \/>\n<meta property=\"article:modified_time\" content=\"2026-03-13T17:01:56+00:00\" \/>\n<meta property=\"og:image\" content=\"https:\/\/centro-cee.com\/web\/wp-content\/uploads\/2024\/09\/265958-1.jpg\" \/>\n\t<meta property=\"og:image:width\" content=\"750\" \/>\n\t<meta property=\"og:image:height\" content=\"500\" \/>\n\t<meta property=\"og:image:type\" content=\"image\/jpeg\" \/>\n<meta name=\"twitter:card\" content=\"summary_large_image\" \/>\n<meta name=\"twitter:label1\" content=\"Tiempo de lectura\" \/>\n\t<meta name=\"twitter:data1\" content=\"6 minutos\" \/>\n<script type=\"application\/ld+json\" class=\"yoast-schema-graph\">{\"@context\":\"https:\\\/\\\/schema.org\",\"@graph\":[{\"@type\":\"WebPage\",\"@id\":\"https:\\\/\\\/centro-cee.com\\\/web\\\/producto\\\/master-en-oftalmologia-calidad-en-el-servicio-2\\\/\",\"url\":\"https:\\\/\\\/centro-cee.com\\\/web\\\/producto\\\/master-en-oftalmologia-calidad-en-el-servicio-2\\\/\",\"name\":\"M\u00e1ster en oftalmolog\u00eda + calidad en el servicio\",\"isPartOf\":{\"@id\":\"https:\\\/\\\/centro-cee.com\\\/web\\\/#website\"},\"primaryImageOfPage\":{\"@id\":\"https:\\\/\\\/centro-cee.com\\\/web\\\/producto\\\/master-en-oftalmologia-calidad-en-el-servicio-2\\\/#primaryimage\"},\"image\":{\"@id\":\"https:\\\/\\\/centro-cee.com\\\/web\\\/producto\\\/master-en-oftalmologia-calidad-en-el-servicio-2\\\/#primaryimage\"},\"thumbnailUrl\":\"https:\\\/\\\/centro-cee.com\\\/web\\\/wp-content\\\/uploads\\\/2024\\\/09\\\/265958-1.jpg\",\"datePublished\":\"2024-09-10T11:01:04+00:00\",\"dateModified\":\"2026-03-13T17:01:56+00:00\",\"description\":\"Desarrolla tus habilidades y mejora tus conocimientos y preparate con nuestra formaci\u00f3n de M\u00e1ster en oftalmolog\u00eda + calidad en el servicio\",\"breadcrumb\":{\"@id\":\"https:\\\/\\\/centro-cee.com\\\/web\\\/producto\\\/master-en-oftalmologia-calidad-en-el-servicio-2\\\/#breadcrumb\"},\"inLanguage\":\"es\",\"potentialAction\":[{\"@type\":\"ReadAction\",\"target\":[\"https:\\\/\\\/centro-cee.com\\\/web\\\/producto\\\/master-en-oftalmologia-calidad-en-el-servicio-2\\\/\"]}]},{\"@type\":\"ImageObject\",\"inLanguage\":\"es\",\"@id\":\"https:\\\/\\\/centro-cee.com\\\/web\\\/producto\\\/master-en-oftalmologia-calidad-en-el-servicio-2\\\/#primaryimage\",\"url\":\"https:\\\/\\\/centro-cee.com\\\/web\\\/wp-content\\\/uploads\\\/2024\\\/09\\\/265958-1.jpg\",\"contentUrl\":\"https:\\\/\\\/centro-cee.com\\\/web\\\/wp-content\\\/uploads\\\/2024\\\/09\\\/265958-1.jpg\",\"width\":750,\"height\":500,\"caption\":\"Male optician examining womans eyes through slit lamp in clinic\"},{\"@type\":\"BreadcrumbList\",\"@id\":\"https:\\\/\\\/centro-cee.com\\\/web\\\/producto\\\/master-en-oftalmologia-calidad-en-el-servicio-2\\\/#breadcrumb\",\"itemListElement\":[{\"@type\":\"ListItem\",\"position\":1,\"name\":\"Portada\",\"item\":\"https:\\\/\\\/centro-cee.com\\\/web\\\/\"},{\"@type\":\"ListItem\",\"position\":2,\"name\":\"M\u00e1ster en oftalmolog\u00eda + calidad en el servicio\"}]},{\"@type\":\"WebSite\",\"@id\":\"https:\\\/\\\/centro-cee.com\\\/web\\\/#website\",\"url\":\"https:\\\/\\\/centro-cee.com\\\/web\\\/\",\"name\":\"Centro Europeo E-learning\",\"description\":\"CEE Formaci\u00f3n Online\",\"publisher\":{\"@id\":\"https:\\\/\\\/centro-cee.com\\\/web\\\/#organization\"},\"alternateName\":\"Centro Online de Formaci\u00f3n\",\"potentialAction\":[{\"@type\":\"SearchAction\",\"target\":{\"@type\":\"EntryPoint\",\"urlTemplate\":\"https:\\\/\\\/centro-cee.com\\\/web\\\/?s={search_term_string}\"},\"query-input\":{\"@type\":\"PropertyValueSpecification\",\"valueRequired\":true,\"valueName\":\"search_term_string\"}}],\"inLanguage\":\"es\"},{\"@type\":\"Organization\",\"@id\":\"https:\\\/\\\/centro-cee.com\\\/web\\\/#organization\",\"name\":\"Centro Europeo E-learning CEE\",\"url\":\"https:\\\/\\\/centro-cee.com\\\/web\\\/\",\"logo\":{\"@type\":\"ImageObject\",\"inLanguage\":\"es\",\"@id\":\"https:\\\/\\\/centro-cee.com\\\/web\\\/#\\\/schema\\\/logo\\\/image\\\/\",\"url\":\"https:\\\/\\\/centro-cee.com\\\/web\\\/wp-content\\\/uploads\\\/2022\\\/12\\\/cropped-logo_educa.png\",\"contentUrl\":\"https:\\\/\\\/centro-cee.com\\\/web\\\/wp-content\\\/uploads\\\/2022\\\/12\\\/cropped-logo_educa.png\",\"width\":157,\"height\":63,\"caption\":\"Centro Europeo E-learning CEE\"},\"image\":{\"@id\":\"https:\\\/\\\/centro-cee.com\\\/web\\\/#\\\/schema\\\/logo\\\/image\\\/\"},\"sameAs\":[\"https:\\\/\\\/www.instagram.com\\\/centroeuropeo_cee\"]}]}<\/script>\n<!-- \/ Yoast SEO plugin. -->","yoast_head_json":{"title":"M\u00e1ster en oftalmolog\u00eda + calidad en el servicio","description":"Desarrolla tus habilidades y mejora tus conocimientos y preparate con nuestra formaci\u00f3n de M\u00e1ster en oftalmolog\u00eda + calidad en el servicio","robots":{"index":"index","follow":"follow","max-snippet":"max-snippet:-1","max-image-preview":"max-image-preview:large","max-video-preview":"max-video-preview:-1"},"canonical":"https:\/\/centro-cee.com\/web\/producto\/master-en-oftalmologia-calidad-en-el-servicio-2\/","og_locale":"es_ES","og_type":"article","og_title":"M\u00e1ster en oftalmolog\u00eda + calidad en el servicio","og_description":"Desarrolla tus habilidades y mejora tus conocimientos y preparate con nuestra formaci\u00f3n de M\u00e1ster en oftalmolog\u00eda + calidad en el servicio","og_url":"https:\/\/centro-cee.com\/web\/producto\/master-en-oftalmologia-calidad-en-el-servicio-2\/","og_site_name":"CEE Centro Europeo E-learning - Cursos online","article_modified_time":"2026-03-13T17:01:56+00:00","og_image":[{"width":750,"height":500,"url":"https:\/\/centro-cee.com\/web\/wp-content\/uploads\/2024\/09\/265958-1.jpg","type":"image\/jpeg"}],"twitter_card":"summary_large_image","twitter_misc":{"Tiempo de lectura":"6 minutos"},"schema":{"@context":"https:\/\/schema.org","@graph":[{"@type":"WebPage","@id":"https:\/\/centro-cee.com\/web\/producto\/master-en-oftalmologia-calidad-en-el-servicio-2\/","url":"https:\/\/centro-cee.com\/web\/producto\/master-en-oftalmologia-calidad-en-el-servicio-2\/","name":"M\u00e1ster en oftalmolog\u00eda + calidad en el servicio","isPartOf":{"@id":"https:\/\/centro-cee.com\/web\/#website"},"primaryImageOfPage":{"@id":"https:\/\/centro-cee.com\/web\/producto\/master-en-oftalmologia-calidad-en-el-servicio-2\/#primaryimage"},"image":{"@id":"https:\/\/centro-cee.com\/web\/producto\/master-en-oftalmologia-calidad-en-el-servicio-2\/#primaryimage"},"thumbnailUrl":"https:\/\/centro-cee.com\/web\/wp-content\/uploads\/2024\/09\/265958-1.jpg","datePublished":"2024-09-10T11:01:04+00:00","dateModified":"2026-03-13T17:01:56+00:00","description":"Desarrolla tus habilidades y mejora tus conocimientos y preparate con nuestra formaci\u00f3n de M\u00e1ster en oftalmolog\u00eda + calidad en el servicio","breadcrumb":{"@id":"https:\/\/centro-cee.com\/web\/producto\/master-en-oftalmologia-calidad-en-el-servicio-2\/#breadcrumb"},"inLanguage":"es","potentialAction":[{"@type":"ReadAction","target":["https:\/\/centro-cee.com\/web\/producto\/master-en-oftalmologia-calidad-en-el-servicio-2\/"]}]},{"@type":"ImageObject","inLanguage":"es","@id":"https:\/\/centro-cee.com\/web\/producto\/master-en-oftalmologia-calidad-en-el-servicio-2\/#primaryimage","url":"https:\/\/centro-cee.com\/web\/wp-content\/uploads\/2024\/09\/265958-1.jpg","contentUrl":"https:\/\/centro-cee.com\/web\/wp-content\/uploads\/2024\/09\/265958-1.jpg","width":750,"height":500,"caption":"Male optician examining womans eyes through slit lamp in clinic"},{"@type":"BreadcrumbList","@id":"https:\/\/centro-cee.com\/web\/producto\/master-en-oftalmologia-calidad-en-el-servicio-2\/#breadcrumb","itemListElement":[{"@type":"ListItem","position":1,"name":"Portada","item":"https:\/\/centro-cee.com\/web\/"},{"@type":"ListItem","position":2,"name":"M\u00e1ster en oftalmolog\u00eda + calidad en el servicio"}]},{"@type":"WebSite","@id":"https:\/\/centro-cee.com\/web\/#website","url":"https:\/\/centro-cee.com\/web\/","name":"Centro Europeo E-learning","description":"CEE Formaci\u00f3n Online","publisher":{"@id":"https:\/\/centro-cee.com\/web\/#organization"},"alternateName":"Centro Online de Formaci\u00f3n","potentialAction":[{"@type":"SearchAction","target":{"@type":"EntryPoint","urlTemplate":"https:\/\/centro-cee.com\/web\/?s={search_term_string}"},"query-input":{"@type":"PropertyValueSpecification","valueRequired":true,"valueName":"search_term_string"}}],"inLanguage":"es"},{"@type":"Organization","@id":"https:\/\/centro-cee.com\/web\/#organization","name":"Centro Europeo E-learning CEE","url":"https:\/\/centro-cee.com\/web\/","logo":{"@type":"ImageObject","inLanguage":"es","@id":"https:\/\/centro-cee.com\/web\/#\/schema\/logo\/image\/","url":"https:\/\/centro-cee.com\/web\/wp-content\/uploads\/2022\/12\/cropped-logo_educa.png","contentUrl":"https:\/\/centro-cee.com\/web\/wp-content\/uploads\/2022\/12\/cropped-logo_educa.png","width":157,"height":63,"caption":"Centro Europeo E-learning CEE"},"image":{"@id":"https:\/\/centro-cee.com\/web\/#\/schema\/logo\/image\/"},"sameAs":["https:\/\/www.instagram.com\/centroeuropeo_cee"]}]}},"_links":{"self":[{"href":"https:\/\/centro-cee.com\/web\/wp-json\/wp\/v2\/product\/1703","targetHints":{"allow":["GET"]}}],"collection":[{"href":"https:\/\/centro-cee.com\/web\/wp-json\/wp\/v2\/product"}],"about":[{"href":"https:\/\/centro-cee.com\/web\/wp-json\/wp\/v2\/types\/product"}],"replies":[{"embeddable":true,"href":"https:\/\/centro-cee.com\/web\/wp-json\/wp\/v2\/comments?post=1703"}],"wp:featuredmedia":[{"embeddable":true,"href":"https:\/\/centro-cee.com\/web\/wp-json\/wp\/v2\/media\/1714"}],"wp:attachment":[{"href":"https:\/\/centro-cee.com\/web\/wp-json\/wp\/v2\/media?parent=1703"}],"wp:term":[{"taxonomy":"product_brand","embeddable":true,"href":"https:\/\/centro-cee.com\/web\/wp-json\/wp\/v2\/product_brand?post=1703"},{"taxonomy":"product_cat","embeddable":true,"href":"https:\/\/centro-cee.com\/web\/wp-json\/wp\/v2\/product_cat?post=1703"},{"taxonomy":"product_tag","embeddable":true,"href":"https:\/\/centro-cee.com\/web\/wp-json\/wp\/v2\/product_tag?post=1703"}],"curies":[{"name":"wp","href":"https:\/\/api.w.org\/{rel}","templated":true}]}}