{"id":1640,"date":"2024-05-02T12:26:46","date_gmt":"2024-05-02T12:26:46","guid":{"rendered":"https:\/\/centro-cee.com\/web\/?post_type=product&#038;p=1640"},"modified":"2024-10-16T17:56:48","modified_gmt":"2024-10-16T17:56:48","slug":"profesional-en-interiorismo-y-diseno-asistido-por-ordenador","status":"publish","type":"product","link":"https:\/\/centro-cee.com\/web\/producto\/profesional-en-interiorismo-y-diseno-asistido-por-ordenador\/","title":{"rendered":"Profesional en interiorismo y dise\u00f1o asistido por ordenador"},"content":{"rendered":"<p><a href=\"https:\/\/centro-cee.com\/web\/formaciones\/\">Atr\u00e1s<\/a><\/p>\n<p><em><strong>Profesional en interiorismo y dise\u00f1o asistido por ordenador<\/strong><\/em><\/p>\n<p>Toda esta informaci\u00f3n se realiza 100% online en nuestro campus online de formaci\u00f3n.<\/p>\n<p>Las tutor\u00edas se realizan directamente desde el campus de estudio con la opci\u00f3n de mensajer\u00eda a profesores. Las tutorias son \u201ca demanda\u201d, cuando necesites soporte nos lo pides.<\/p>\n<p>Los t\u00edtulos de Centro CEE est\u00e1n autenticados por la firma de notario que valida contenidos y autenticidad a nivel internacional. Nuestra organizaci\u00f3n pertenece a la Asociaci\u00f3n Espa\u00f1ola de Calidad, organizaci\u00f3n Espa\u00f1ola de referencia para la calidad\u00a0en la formaci\u00f3n de auxiliar de enfermer\u00eda. La certificaci\u00f3n se puede apostillar por la Haya para cualquier pa\u00eds firmante del convenio de la Haya.<\/p>\n<p>Se puede pagar a plazos.<\/p>\n<p>Carga horaria de la formaci\u00f3n: 400h<\/p>\n<p>&nbsp;<\/p>\n<h2>Temario<\/h2>\n<hr \/>\n<p>UNIDAD DID\u00c1CTICA 1. LA DECORACI\u00d3N. ORIGEN E HISTORIA<br \/>\n    1. Concepto de decoraci\u00f3n<br \/>\n    2. Origen e historia de la decoraci\u00f3n<br \/>\n    3. &#8211; Prehistoria<br \/>\n    4. &#8211; Periodo precl\u00e1sico<br \/>\n    5. \u2026.<br \/>\nUNIDAD DID\u00c1CTICA 2. COMPOSICI\u00d3N<br \/>\n    1. Principales aspectos a tener en cuenta en la composici\u00f3n<br \/>\n    2. Punto Focal<br \/>\n    3. &#8211; Concepto<br \/>\n    4. &#8211; Tipos<br \/>\n    5. &#8211; Tarea del decorador. B\u00fasqueda del punto focal en diferentes estancias<br \/>\n    6. \u2026.<br \/>\nUNIDAD DID\u00c1CTICA 3. LA LUZ<br \/>\n    1. La luz como elemento b\u00e1sico en la decoraci\u00f3n<br \/>\n    2. La luz natural<br \/>\n    3. &#8211; Influencia de ventanas, claraboyas y puertas<br \/>\n    4. &#8211; Influencia de los colores en la iluminaci\u00f3n<br \/>\n    5. &#8211; Superficies, texturas y materiales<br \/>\n    6. &#8211; Telas, tapicer\u00edas y suelos<br \/>\n    7. &#8211; La distribuci\u00f3n de los muebles<br \/>\n    8. \u2026<br \/>\nUNIDAD DID\u00c1CTICA 4. EL COLOR<br \/>\n    1. La percepci\u00f3n del color<br \/>\n    2. &#8211; Factores que afectan a la percepci\u00f3n del color<br \/>\n    3. \u00bfQu\u00e9 es el color?<br \/>\n    4. &#8211; Espectro electromagn\u00e9tico<br \/>\n    5. Propiedades b\u00e1sicas del color<br \/>\n    6. &#8211; Tono<br \/>\n    7. &#8211; Luminosidad<br \/>\n    8. &#8211; Saturaci\u00f3n<br \/>\n    9. Espacio crom\u00e1tico<br \/>\n    10. Colores c\u00e1lidos y fr\u00edos<br \/>\n    11. Teor\u00eda del color. S\u00edntesis aditiva y s\u00edntesis sustractiva del color<br \/>\n    12. \u2026.<br \/>\nUNIDAD DID\u00c1CTICA 5. LA UBICACI\u00d3N DE LOS ELEMENTOS EN EL ESPACIO<br \/>\n    1. Importancia del espacio<br \/>\n    2. Distribuci\u00f3n del espacio. Aspectos b\u00e1sicos<br \/>\n    3. &#8211; Aspectos b\u00e1sicos a tener en cuenta<br \/>\n    4. \u2026<br \/>\nUNIDAD DID\u00c1CTICA 6. MATERIALES EMPLEADOS EN DECORACI\u00d3N<br \/>\n    1. Elecci\u00f3n de los materiales adecuados en decoraci\u00f3n<br \/>\n    2. Utilizaci\u00f3n de materiales en decoraci\u00f3n: empleo de la madera<br \/>\n    3. &#8211; Maderas blandas<br \/>\n    4. &#8211; Maderas duras<br \/>\n    5. &#8211; Maderas comerciales<br \/>\n    6. &#8211; Madera recuperada y antigua<br \/>\n    7. &#8211; Maderas manufacturadas y sus usos<br \/>\n    8. &#8211; Ventajas e inconvenientes del empleo de madera<br \/>\n    9. Utilizaci\u00f3n de materiales en decoraci\u00f3n: empleo de la piedra<br \/>\n    10. &#8211; Pizarra<br \/>\n    11. &#8211; \u2026<br \/>\nUNIDAD DID\u00c1CTICA 7. PRINCIPALES ESTILOS DECORATIVOS<br \/>\n    1. Estilos en decoraci\u00f3n<br \/>\n    2. &#8211; Estilo Cl\u00e1sico<br \/>\n    3. &#8211; Estilo G\u00f3tico<br \/>\n    4. &#8211; Estilo Barroco<br \/>\n    5. &#8211; Estilo Rococ\u00f3<br \/>\n    6. Estilos en la actualidad<br \/>\n    7. &#8211; Minimalismo<br \/>\n    8. &#8211; Estilo Zen<br \/>\n    9. &#8211; \u2026<br \/>\nUNIDAD DID\u00c1CTICA 8. EFECTOS DECORATIVOS Y REVESTIMIENTOS EN TECHOS, PAREDES Y SUELOS<br \/>\n    1. Decoraci\u00f3n de techos y paredes. Efectos conseguidos<br \/>\n    2. Decoraci\u00f3n de techos<br \/>\n    3. &#8211; Molduras<br \/>\n    4. &#8211; Cornisas<br \/>\n    5. Decoraci\u00f3n de paredes. T\u00e9cnicas y materiales<br \/>\n    6. &#8211; Pintura<br \/>\n    7. &#8211; P\u00e1tina<br \/>\n    8. \u2026<br \/>\nUNIDAD DID\u00c1CTICA 9. DECORACI\u00d3N DE VENTANAS<br \/>\n    1. Decoraci\u00f3n de ventanas. Aspectos pr\u00e1cticos<br \/>\n    2. &#8211; Decoraci\u00f3n en funci\u00f3n de la estancia<br \/>\n    3. Persianas<br \/>\n    4. \u2026<br \/>\n    5. \u2026<br \/>\nUNIDAD DID\u00c1CTICA 10. MOBILIARIO<br \/>\n    1. Factores a tener en cuenta en la distribuci\u00f3n del mobiliario<br \/>\n    2. &#8211; El sentido del equilibrio<br \/>\n    3. Distribuci\u00f3n del mobiliario<br \/>\n    4. &#8211; El recibidor y disposici\u00f3n de los muebles<br \/>\n    5. &#8211; Mobiliario del sal\u00f3n<br \/>\n    6. &#8211; Mobiliario del comedor<br \/>\n    7. &#8211; Mobiliario del dormitorio<br \/>\n    8. \u2026<br \/>\nUNIDAD DID\u00c1CTICA 11. ASPECTOS COMPLEMENTARIOS DE LA DECORACI\u00d3N<br \/>\n    1. Empleo de cuadros en la decoraci\u00f3n<br \/>\n    2. &#8211; Algunas ideas de decoraci\u00f3n con cuadros<br \/>\n    3. Empleo de plantas como motivo decorativo<br \/>\n    4. &#8211; Plantas artificiales como alternativa<br \/>\n    5. \u2026<br \/>\nUNIDAD DID\u00c1CTICA 12. CONSEJOS PARA UNA DECORACI\u00d3N PR\u00c1CTICA<br \/>\n    1. A todo color<br \/>\n    2. &#8211; Tipos y calidad de los materiales<br \/>\n    3. &#8211; Preparaci\u00f3n de superficies<br \/>\n    4. Consejos para el hogar<br \/>\n    5. Cambiar la decoraci\u00f3n<br \/>\n    6. Adaptaciones<br \/>\n    7. \u2026<br \/>\nUNIDAD DID\u00c1CTICA 13. ORGANIZACI\u00d3N Y DISTRIBUCI\u00d3N DEL ESPACIO SEG\u00daN EL FENG SHUI<br \/>\n    1. \u00bfQu\u00e9 es el Feng Shui?<br \/>\n    2. La entrada principal y el recibidor seg\u00fan el Feng Shui<br \/>\n    3. Distribuir el espacio del sal\u00f3n seg\u00fan el Feng Shui<br \/>\n    4. Decorar el Comedor seg\u00fan el Feng Shui<br \/>\n    5. Organizar la Cocina de acuerdo el Feng Shui<br \/>\n    6. Decorar los Dormitorios de Acuerdo al Feng Shui<br \/>\n    7. \u2026.<\/p>\n<p>AUTOCAD<\/p>\n<p>    1. Interfaz<br \/>\n    2. Otros elementos de la Interfaz I<br \/>\n    3. Otros elementos de la Interfaz II<br \/>\n    4. Otros elementos de la Interfaz III<br \/>\n    5. Coordenadas Autocad<br \/>\n    6. Ayudas visuales<br \/>\n    7. Asistente<br \/>\n    8. Par\u00e1metros<br \/>\n    9. Objetos b\u00e1sicos I (l\u00edneas, polil\u00edneas\u2026)<br \/>\n    10. Objetos b\u00e1sicos II (c\u00edrculos, recuadros\u2026)<br \/>\n    11. Objetos b\u00e1sicos III (arcos, elipses\u2026)<br \/>\n    12. Objetos compuestos I (<br \/>\n    13. Objetos compuestos II<br \/>\n    14. Edici\u00f3n simple I (mover, rotar\u2026)<br \/>\n    15. Edici\u00f3n simple II  (escalar, simetr\u00eda\u2026)<br \/>\n    16. Edici\u00f3n simple III  (cortar, partir\u2026)<br \/>\n    17. Edici\u00f3n avanzada I  (matriz polar, rectangular\u2026)<br \/>\n    18. Edici\u00f3n avanzada II (empalme, chaflan\u2026)<br \/>\n    19. Edici\u00f3n avanzada III (extrusi\u00f3n,  booleanas\u2026)<br \/>\n    20. Pinzamientos I<br \/>\n    21. Pinzamientos II<\/p>\n<p>3D STUDIO MAX<br \/>\n    1. Vista general<br \/>\n    2. Objetos 2D I  (L\u00edneas,  splines\u2026)<br \/>\n    3. Objetos 2D II  (texto\u2026)<br \/>\n    4. Objetos 3D I  (esferas, cubos, cilindros..)<br \/>\n    5. Objetos 3D II  (Piramides, torus, cuencos\u2026)<br \/>\n    6. Mover, rotar y simetr\u00eda<br \/>\n    7. Modificadores (torcer, curvar, extrusi\u00f3n\u2026)<br \/>\n    8. Booleanas (uni\u00f3n, substracci\u00f3n, intersecci\u00f3n\u2026)<br \/>\n    9. Objetos extendidos<br \/>\n    10. Matriz (polar, rectangular\u2026)<br \/>\n    11. Escalar, simetr\u00eda y selecci\u00f3n<br \/>\n    12. Animaci\u00f3n con trayecto<br \/>\n    13. Render I<br \/>\n    14. Luces I (ambiente\u2026)<br \/>\n    15. Luces II  (foco, puntual)<br \/>\n    16. Luces III (orbital\u2026)<br \/>\n    17. Luces IV<br \/>\n    18. C\u00e1mara I<br \/>\n    19. C\u00e1mara II\u00a0<br \/>\n    20. Materiales<br \/>\n    21. Part\u00edculas<br \/>\n    22. Animaci\u00f3n I + Render<br \/>\n    23. Animaci\u00f3n II<br \/>\n    24. Animaci\u00f3n III + Track View<\/p>\n<p>PLANNER 5D<br \/>\n    Acceso a la aplicaci\u00f3n<br \/>\n    Entorno<br \/>\n    Caja de herramientas<br \/>\n    Librer\u00eda de objetos<br \/>\n    Creaci\u00f3n de dise\u00f1os<br \/>\n          Plantillas de dise\u00f1o<br \/>\n          Crear proyectos<br \/>\n    Herramientas de visualizaci\u00f3n 3D<br \/>\n    Medidas<br \/>\n    Elementos del dise\u00f1o<br \/>\n        Muros<br \/>\n        Ventanas<br \/>\n        Puertas<br \/>\n        Escaleras<br \/>\n        Tejados<br \/>\n        Etc.<br \/>\n    Decoraci\u00f3n<br \/>\n        Mobiliario<br \/>\n        aparatos el\u00e9ctricos<br \/>\n        Elementos adicionales<br \/>\n    Elementos exteriores<br \/>\n        Jardin<br \/>\n        Garaje<br \/>\n        Piscina<br \/>\n        Arboles<br \/>\n        Iluminacion<br \/>\n    Etc.<br \/>\n    Compartir proyectos<br \/>\n    Imprimir<br \/>\n    Guardar<\/p>\n<p><em><strong>Profesional en interiorismo y dise\u00f1o asistido por ordenador<\/strong><\/em><\/p>\n<hr \/>\n","protected":false},"excerpt":{"rendered":"<p><a href=\"https:\/\/centro-cee.com\/web\/formaciones\/\">Atr\u00e1s<\/a><\/p>\n<p>Con este programa te formar\u00e1s en todos los aspectos relacionados con el dise\u00f1o de interiores, con contenidos actualizados. El curso incorpora la parte de aplicaciones inform\u00e1ticas tanto programas locales como web que permiten la creaci\u00f3n de dise\u00f1os tanto en 2D como en 3D, utilizando programas de autor y tambi\u00e9n libre.<br \/>\n\u00a0<br \/>\nLa formaci\u00f3n obtenida es de alto nivel y con gran cantidad de contenidos que dotaran a las\/los alumnas\/os de unos conocimientos excelentes.<\/p>\n<p>Si est\u00e1s interesado en realizar esta formaci\u00f3n, haz click en el bot\u00f3n de \u201cPedir informaci\u00f3n\u201d. De esta forma, nuestros asesores podr\u00e1n ponerse en contacto contigo para proporcionarte toda la informaci\u00f3n que necesitas y resolverte todas las dudas que tengas. \u00a1No dejes escapar esta oportunidad!<\/p>\n","protected":false},"featured_media":1641,"comment_status":"closed","ping_status":"closed","template":"","meta":[],"product_brand":[],"product_cat":[34],"product_tag":[23,511,553,552,555,554],"class_list":{"0":"post-1640","1":"product","2":"type-product","3":"status-publish","4":"has-post-thumbnail","6":"product_cat-tecnicos","7":"product_tag-cee","8":"product_tag-clea","9":"product_tag-curso-diseno-por-ordenador","10":"product_tag-curso-interiorismo","11":"product_tag-interpretacion-de-planos","12":"product_tag-profesional-del-diseno","14":"first","15":"instock","16":"sale","17":"shipping-taxable","18":"purchasable","19":"product-type-simple"},"yoast_head":"<!-- This site is optimized with the Yoast SEO plugin v27.4 - https:\/\/yoast.com\/product\/yoast-seo-wordpress\/ -->\n<title>Profesional en interiorismo y dise\u00f1o asistido por ordenador<\/title>\n<meta name=\"description\" content=\"Desarrolla tus habilidades y mejora tus conocimientos y preparate con nuestra formaci\u00f3n de Profesional en interiorismo y dise\u00f1o asistido por ordenador\" \/>\n<meta name=\"robots\" content=\"index, follow, max-snippet:-1, max-image-preview:large, max-video-preview:-1\" \/>\n<link rel=\"canonical\" href=\"https:\/\/centro-cee.com\/web\/producto\/profesional-en-interiorismo-y-diseno-asistido-por-ordenador\/\" \/>\n<meta property=\"og:locale\" content=\"es_ES\" \/>\n<meta property=\"og:type\" content=\"article\" \/>\n<meta property=\"og:title\" content=\"Profesional en interiorismo y dise\u00f1o asistido por ordenador\" \/>\n<meta property=\"og:description\" content=\"Desarrolla tus habilidades y mejora tus conocimientos y preparate con nuestra formaci\u00f3n de Profesional en interiorismo y dise\u00f1o asistido por ordenador\" \/>\n<meta property=\"og:url\" content=\"https:\/\/centro-cee.com\/web\/producto\/profesional-en-interiorismo-y-diseno-asistido-por-ordenador\/\" \/>\n<meta property=\"og:site_name\" content=\"CEE Centro Europeo E-learning - Cursos online\" \/>\n<meta property=\"article:modified_time\" content=\"2024-10-16T17:56:48+00:00\" \/>\n<meta property=\"og:image\" content=\"https:\/\/centro-cee.com\/web\/wp-content\/uploads\/2024\/05\/Captura-3.png\" \/>\n\t<meta property=\"og:image:width\" content=\"500\" \/>\n\t<meta property=\"og:image:height\" content=\"301\" \/>\n\t<meta property=\"og:image:type\" content=\"image\/png\" \/>\n<meta name=\"twitter:card\" content=\"summary_large_image\" \/>\n<meta name=\"twitter:label1\" content=\"Tiempo de lectura\" \/>\n\t<meta name=\"twitter:data1\" content=\"5 minutos\" \/>\n<script type=\"application\/ld+json\" class=\"yoast-schema-graph\">{\"@context\":\"https:\\\/\\\/schema.org\",\"@graph\":[{\"@type\":\"WebPage\",\"@id\":\"https:\\\/\\\/centro-cee.com\\\/web\\\/producto\\\/profesional-en-interiorismo-y-diseno-asistido-por-ordenador\\\/\",\"url\":\"https:\\\/\\\/centro-cee.com\\\/web\\\/producto\\\/profesional-en-interiorismo-y-diseno-asistido-por-ordenador\\\/\",\"name\":\"Profesional en interiorismo y dise\u00f1o asistido por ordenador\",\"isPartOf\":{\"@id\":\"https:\\\/\\\/centro-cee.com\\\/web\\\/#website\"},\"primaryImageOfPage\":{\"@id\":\"https:\\\/\\\/centro-cee.com\\\/web\\\/producto\\\/profesional-en-interiorismo-y-diseno-asistido-por-ordenador\\\/#primaryimage\"},\"image\":{\"@id\":\"https:\\\/\\\/centro-cee.com\\\/web\\\/producto\\\/profesional-en-interiorismo-y-diseno-asistido-por-ordenador\\\/#primaryimage\"},\"thumbnailUrl\":\"https:\\\/\\\/centro-cee.com\\\/web\\\/wp-content\\\/uploads\\\/2024\\\/05\\\/Captura-3.png\",\"datePublished\":\"2024-05-02T12:26:46+00:00\",\"dateModified\":\"2024-10-16T17:56:48+00:00\",\"description\":\"Desarrolla tus habilidades y mejora tus conocimientos y preparate con nuestra formaci\u00f3n de Profesional en interiorismo y dise\u00f1o asistido por ordenador\",\"breadcrumb\":{\"@id\":\"https:\\\/\\\/centro-cee.com\\\/web\\\/producto\\\/profesional-en-interiorismo-y-diseno-asistido-por-ordenador\\\/#breadcrumb\"},\"inLanguage\":\"es\",\"potentialAction\":[{\"@type\":\"ReadAction\",\"target\":[\"https:\\\/\\\/centro-cee.com\\\/web\\\/producto\\\/profesional-en-interiorismo-y-diseno-asistido-por-ordenador\\\/\"]}]},{\"@type\":\"ImageObject\",\"inLanguage\":\"es\",\"@id\":\"https:\\\/\\\/centro-cee.com\\\/web\\\/producto\\\/profesional-en-interiorismo-y-diseno-asistido-por-ordenador\\\/#primaryimage\",\"url\":\"https:\\\/\\\/centro-cee.com\\\/web\\\/wp-content\\\/uploads\\\/2024\\\/05\\\/Captura-3.png\",\"contentUrl\":\"https:\\\/\\\/centro-cee.com\\\/web\\\/wp-content\\\/uploads\\\/2024\\\/05\\\/Captura-3.png\",\"width\":500,\"height\":301,\"caption\":\"Profesional en interiorismo y dise\u00f1o asistido por ordenador\"},{\"@type\":\"BreadcrumbList\",\"@id\":\"https:\\\/\\\/centro-cee.com\\\/web\\\/producto\\\/profesional-en-interiorismo-y-diseno-asistido-por-ordenador\\\/#breadcrumb\",\"itemListElement\":[{\"@type\":\"ListItem\",\"position\":1,\"name\":\"Portada\",\"item\":\"https:\\\/\\\/centro-cee.com\\\/web\\\/\"},{\"@type\":\"ListItem\",\"position\":2,\"name\":\"Profesional en interiorismo y dise\u00f1o asistido por ordenador\"}]},{\"@type\":\"WebSite\",\"@id\":\"https:\\\/\\\/centro-cee.com\\\/web\\\/#website\",\"url\":\"https:\\\/\\\/centro-cee.com\\\/web\\\/\",\"name\":\"Centro Europeo E-learning\",\"description\":\"CEE Formaci\u00f3n Online\",\"publisher\":{\"@id\":\"https:\\\/\\\/centro-cee.com\\\/web\\\/#organization\"},\"alternateName\":\"Centro Online de Formaci\u00f3n\",\"potentialAction\":[{\"@type\":\"SearchAction\",\"target\":{\"@type\":\"EntryPoint\",\"urlTemplate\":\"https:\\\/\\\/centro-cee.com\\\/web\\\/?s={search_term_string}\"},\"query-input\":{\"@type\":\"PropertyValueSpecification\",\"valueRequired\":true,\"valueName\":\"search_term_string\"}}],\"inLanguage\":\"es\"},{\"@type\":\"Organization\",\"@id\":\"https:\\\/\\\/centro-cee.com\\\/web\\\/#organization\",\"name\":\"Centro Europeo E-learning CEE\",\"url\":\"https:\\\/\\\/centro-cee.com\\\/web\\\/\",\"logo\":{\"@type\":\"ImageObject\",\"inLanguage\":\"es\",\"@id\":\"https:\\\/\\\/centro-cee.com\\\/web\\\/#\\\/schema\\\/logo\\\/image\\\/\",\"url\":\"https:\\\/\\\/centro-cee.com\\\/web\\\/wp-content\\\/uploads\\\/2022\\\/12\\\/cropped-logo_educa.png\",\"contentUrl\":\"https:\\\/\\\/centro-cee.com\\\/web\\\/wp-content\\\/uploads\\\/2022\\\/12\\\/cropped-logo_educa.png\",\"width\":157,\"height\":63,\"caption\":\"Centro Europeo E-learning CEE\"},\"image\":{\"@id\":\"https:\\\/\\\/centro-cee.com\\\/web\\\/#\\\/schema\\\/logo\\\/image\\\/\"},\"sameAs\":[\"https:\\\/\\\/www.instagram.com\\\/centroeuropeo_cee\"]}]}<\/script>\n<!-- \/ Yoast SEO plugin. -->","yoast_head_json":{"title":"Profesional en interiorismo y dise\u00f1o asistido por ordenador","description":"Desarrolla tus habilidades y mejora tus conocimientos y preparate con nuestra formaci\u00f3n de Profesional en interiorismo y dise\u00f1o asistido por ordenador","robots":{"index":"index","follow":"follow","max-snippet":"max-snippet:-1","max-image-preview":"max-image-preview:large","max-video-preview":"max-video-preview:-1"},"canonical":"https:\/\/centro-cee.com\/web\/producto\/profesional-en-interiorismo-y-diseno-asistido-por-ordenador\/","og_locale":"es_ES","og_type":"article","og_title":"Profesional en interiorismo y dise\u00f1o asistido por ordenador","og_description":"Desarrolla tus habilidades y mejora tus conocimientos y preparate con nuestra formaci\u00f3n de Profesional en interiorismo y dise\u00f1o asistido por ordenador","og_url":"https:\/\/centro-cee.com\/web\/producto\/profesional-en-interiorismo-y-diseno-asistido-por-ordenador\/","og_site_name":"CEE Centro Europeo E-learning - Cursos online","article_modified_time":"2024-10-16T17:56:48+00:00","og_image":[{"width":500,"height":301,"url":"https:\/\/centro-cee.com\/web\/wp-content\/uploads\/2024\/05\/Captura-3.png","type":"image\/png"}],"twitter_card":"summary_large_image","twitter_misc":{"Tiempo de lectura":"5 minutos"},"schema":{"@context":"https:\/\/schema.org","@graph":[{"@type":"WebPage","@id":"https:\/\/centro-cee.com\/web\/producto\/profesional-en-interiorismo-y-diseno-asistido-por-ordenador\/","url":"https:\/\/centro-cee.com\/web\/producto\/profesional-en-interiorismo-y-diseno-asistido-por-ordenador\/","name":"Profesional en interiorismo y dise\u00f1o asistido por ordenador","isPartOf":{"@id":"https:\/\/centro-cee.com\/web\/#website"},"primaryImageOfPage":{"@id":"https:\/\/centro-cee.com\/web\/producto\/profesional-en-interiorismo-y-diseno-asistido-por-ordenador\/#primaryimage"},"image":{"@id":"https:\/\/centro-cee.com\/web\/producto\/profesional-en-interiorismo-y-diseno-asistido-por-ordenador\/#primaryimage"},"thumbnailUrl":"https:\/\/centro-cee.com\/web\/wp-content\/uploads\/2024\/05\/Captura-3.png","datePublished":"2024-05-02T12:26:46+00:00","dateModified":"2024-10-16T17:56:48+00:00","description":"Desarrolla tus habilidades y mejora tus conocimientos y preparate con nuestra formaci\u00f3n de Profesional en interiorismo y dise\u00f1o asistido por ordenador","breadcrumb":{"@id":"https:\/\/centro-cee.com\/web\/producto\/profesional-en-interiorismo-y-diseno-asistido-por-ordenador\/#breadcrumb"},"inLanguage":"es","potentialAction":[{"@type":"ReadAction","target":["https:\/\/centro-cee.com\/web\/producto\/profesional-en-interiorismo-y-diseno-asistido-por-ordenador\/"]}]},{"@type":"ImageObject","inLanguage":"es","@id":"https:\/\/centro-cee.com\/web\/producto\/profesional-en-interiorismo-y-diseno-asistido-por-ordenador\/#primaryimage","url":"https:\/\/centro-cee.com\/web\/wp-content\/uploads\/2024\/05\/Captura-3.png","contentUrl":"https:\/\/centro-cee.com\/web\/wp-content\/uploads\/2024\/05\/Captura-3.png","width":500,"height":301,"caption":"Profesional en interiorismo y dise\u00f1o asistido por ordenador"},{"@type":"BreadcrumbList","@id":"https:\/\/centro-cee.com\/web\/producto\/profesional-en-interiorismo-y-diseno-asistido-por-ordenador\/#breadcrumb","itemListElement":[{"@type":"ListItem","position":1,"name":"Portada","item":"https:\/\/centro-cee.com\/web\/"},{"@type":"ListItem","position":2,"name":"Profesional en interiorismo y dise\u00f1o asistido por ordenador"}]},{"@type":"WebSite","@id":"https:\/\/centro-cee.com\/web\/#website","url":"https:\/\/centro-cee.com\/web\/","name":"Centro Europeo E-learning","description":"CEE Formaci\u00f3n Online","publisher":{"@id":"https:\/\/centro-cee.com\/web\/#organization"},"alternateName":"Centro Online de Formaci\u00f3n","potentialAction":[{"@type":"SearchAction","target":{"@type":"EntryPoint","urlTemplate":"https:\/\/centro-cee.com\/web\/?s={search_term_string}"},"query-input":{"@type":"PropertyValueSpecification","valueRequired":true,"valueName":"search_term_string"}}],"inLanguage":"es"},{"@type":"Organization","@id":"https:\/\/centro-cee.com\/web\/#organization","name":"Centro Europeo E-learning CEE","url":"https:\/\/centro-cee.com\/web\/","logo":{"@type":"ImageObject","inLanguage":"es","@id":"https:\/\/centro-cee.com\/web\/#\/schema\/logo\/image\/","url":"https:\/\/centro-cee.com\/web\/wp-content\/uploads\/2022\/12\/cropped-logo_educa.png","contentUrl":"https:\/\/centro-cee.com\/web\/wp-content\/uploads\/2022\/12\/cropped-logo_educa.png","width":157,"height":63,"caption":"Centro Europeo E-learning CEE"},"image":{"@id":"https:\/\/centro-cee.com\/web\/#\/schema\/logo\/image\/"},"sameAs":["https:\/\/www.instagram.com\/centroeuropeo_cee"]}]}},"_links":{"self":[{"href":"https:\/\/centro-cee.com\/web\/wp-json\/wp\/v2\/product\/1640","targetHints":{"allow":["GET"]}}],"collection":[{"href":"https:\/\/centro-cee.com\/web\/wp-json\/wp\/v2\/product"}],"about":[{"href":"https:\/\/centro-cee.com\/web\/wp-json\/wp\/v2\/types\/product"}],"replies":[{"embeddable":true,"href":"https:\/\/centro-cee.com\/web\/wp-json\/wp\/v2\/comments?post=1640"}],"wp:featuredmedia":[{"embeddable":true,"href":"https:\/\/centro-cee.com\/web\/wp-json\/wp\/v2\/media\/1641"}],"wp:attachment":[{"href":"https:\/\/centro-cee.com\/web\/wp-json\/wp\/v2\/media?parent=1640"}],"wp:term":[{"taxonomy":"product_brand","embeddable":true,"href":"https:\/\/centro-cee.com\/web\/wp-json\/wp\/v2\/product_brand?post=1640"},{"taxonomy":"product_cat","embeddable":true,"href":"https:\/\/centro-cee.com\/web\/wp-json\/wp\/v2\/product_cat?post=1640"},{"taxonomy":"product_tag","embeddable":true,"href":"https:\/\/centro-cee.com\/web\/wp-json\/wp\/v2\/product_tag?post=1640"}],"curies":[{"name":"wp","href":"https:\/\/api.w.org\/{rel}","templated":true}]}}