{"id":1634,"date":"2024-05-02T11:33:31","date_gmt":"2024-05-02T11:33:31","guid":{"rendered":"https:\/\/centro-cee.com\/web\/?post_type=product&#038;p=1634"},"modified":"2026-03-13T17:02:19","modified_gmt":"2026-03-13T17:02:19","slug":"profesional-en-tecnicas-de-venta-negociacion-cierre-y-post-venta","status":"publish","type":"product","link":"https:\/\/centro-cee.com\/web\/producto\/profesional-en-tecnicas-de-venta-negociacion-cierre-y-post-venta\/","title":{"rendered":"Profesional en t\u00e9cnicas de venta negociaci\u00f3n cierre y post-venta"},"content":{"rendered":"<p><a href=\"https:\/\/centro-cee.com\/web\/formaciones\/\">Atr\u00e1s<\/a><\/p>\n<p><em><strong>Profesional en t\u00e9cnicas de venta, negociaci\u00f3n, cierre y post-venta<\/strong><\/em><\/p>\n<p>Toda esta informaci\u00f3n se realiza 100% online en nuestro campus online de formaci\u00f3n.<\/p>\n<p>Las tutor\u00edas se realizan directamente desde el campus de estudio con la opci\u00f3n de mensajer\u00eda a profesores. Las tutorias son \u201ca demanda\u201d, cuando necesites soporte nos lo pides.<\/p>\n<p>Los t\u00edtulos de Centro CEE est\u00e1n autenticados por la firma de notario que valida contenidos y autenticidad a nivel internacional. Nuestra organizaci\u00f3n pertenece a la Asociaci\u00f3n Espa\u00f1ola de Calidad, organizaci\u00f3n Espa\u00f1ola de referencia para la calidad\u00a0en la formaci\u00f3n de auxiliar de enfermer\u00eda. La certificaci\u00f3n se puede apostillar por la Haya para cualquier pa\u00eds firmante del convenio de la Haya.<\/p>\n<p>Se puede pagar a plazos.<\/p>\n<p>Carga horaria de la formaci\u00f3n: 250h<\/p>\n<p>&nbsp;<\/p>\n<h2>Temario<\/h2>\n<hr \/>\n<p>UNIDAD 1. LA VENTA Y LA COMUNICACI\u00d3N EMPRESARIAL<\/p>\n<p>1.  CONCEPTO DE VENTA Y COMUNICACI\u00d3N EMPRESARIAL<br \/>\n    1.1. La venta empresarial como actividad de marketing<br \/>\n    1.2. Marketing operacional vs. Marketing estrat\u00e9gico<br \/>\n    1.3..<br \/>\n2. OBJETIVOS DE LA COMUNICACI\u00d3N EXTERNA EMPRESARIAL<br \/>\n    2.1. La comunicaci\u00f3n en la empresa<br \/>\n    2.2. La comunicaci\u00f3n externa empresarial<br \/>\n    2.3. Objetivos de la Comunicaci\u00f3n Publicitaria<br \/>\n    2.4. \u2026<br \/>\n3. TIPOS DE VENTA<br \/>\n    3.1. Introducci\u00f3n<br \/>\n    3.2. Venta al detalle<br \/>\n    3.3. Venta industrial<br \/>\n4. LA VENTA COMO PROCESO<br \/>\n4.1. Introducci\u00f3n<br \/>\n4.2. Establecer una asociaci\u00f3n con el cliente y generar confianza<br \/>\n4.3. Identificar las necesidades del consumidor<br \/>\n4.4. ..<br \/>\n5. LA COMUNICACI\u00d3N INTERPERSONAL<br \/>\n    5.1. Introducci\u00f3n<br \/>\n    5.2. Elementos del proceso de comunicaci\u00f3n<br \/>\n    5.3..<br \/>\n6. EL DIRECTOR Y EL EQUIPO DE VENTAS<br \/>\n    6.1. El director de ventas<br \/>\n    6.2. El equipo de ventas<br \/>\n    ..<\/p>\n<p>UNIDAD 2. CUALIDADES DEL VENDEDOR<\/p>\n<p>1. EL VENDEDOR COMO COMUNICADOR<br \/>\n    1.1. Introducci\u00f3n<br \/>\n    1.2. El lenguaje verbal<br \/>\n     1.3. El lenguaje no verbal<br \/>\n2. EL PERFIL DEL VENDEDOR<br \/>\n     2.1. Introducci\u00f3n<br \/>\n     2.2. Profesiograma<br \/>\n     2.3. Competencias del vendedor Ideal<br \/>\n3. \u00c9TICA, RESPONSABILIDAD Y HONESTIDAD DEL VENDEDOR<br \/>\n      3.1. \u00c9tica y responsabilidad<br \/>\n      3.2. Honestidad<br \/>\n4. LAS FUNCIONES DEL VENDEDOR<br \/>\n      4.1. Las funciones del vendedor<\/p>\n<p>UNIDAD 3. CONCERTACI\u00d3N DE VISITAS COMERCIALES<\/p>\n<p>1.  LA VENTA PERSONAL<br \/>\n1.1. Concepto de venta personal<br \/>\n1.2. Teor\u00edas de la venta<br \/>\n1.3. Fases de la venta personal<br \/>\n2. ORGANIZACI\u00d3N Y PLANIFICACI\u00d3N EN LA VENTA<br \/>\n   2.1. Organizaci\u00f3n del trabajo. Recomendaciones<br \/>\n          2.2. Fases de la planificaci\u00f3n<br \/>\n          2.3. Fijaci\u00f3n de objetivos<br \/>\n3. LA PROSPECCI\u00d3N<br \/>\n   3.1. Acciones<br \/>\n   3.2. Tipos de clientes<br \/>\n   3.3. Atenci\u00f3n telef\u00f3nica. Principios b\u00e1sicos<br \/>\n4. FUENTES DE INFORMACI\u00d3N<br \/>\n   4.1. Introducci\u00f3n<br \/>\n   4.2. Fuentes internas<br \/>\n   4.3. Fuentes externas<br \/>\n5. EL TEL\u00c9FONO<br \/>\n   5.1. Aplicaciones del tel\u00e9fono<br \/>\n   5.2. Ventajas del uso del tel\u00e9fono<br \/>\n   5.3. Desventajas del uso del tel\u00e9fono<br \/>\n   5.4. ..<br \/>\n6. EL CORREO O \u00abMAILING\u00bb<br \/>\n   6.1. Introducci\u00f3n<br \/>\n   6.2. Captar la atenci\u00f3n y el inter\u00e9s<br \/>\n   6.3. \u2026<\/p>\n<p>UNIDAD 4.  DEMOSTRACI\u00d3N<\/p>\n<p>1. LA ARGUMENTACI\u00d3N<br \/>\n\u00a01.1. Tipos de argumentaci\u00f3n<br \/>\n\u00a01.2. Recomendaciones para una buena argumentaci\u00f3n<br \/>\n2. LA DEMOSTRACI\u00d3N<br \/>\n\u00a02.1. Planificaci\u00f3n de la demostraci\u00f3n<br \/>\n\u00a02.2. El lenguaje corporal<br \/>\n\u00a02.3. ..<\/p>\n<p>UNIDAD 5. CIERRE DE LA VENTA<\/p>\n<p>1. PROCESO LINEAL<br \/>\n1.1. Proceso lineal con altibajos<br \/>\n2. CONSIDERACIONES PREVIAS<br \/>\n2.1. Introducci\u00f3n<br \/>\n2.2. La actitud del vendedor<br \/>\n2.3. \u2026<br \/>\n3. SIGNOS DE COMPRA<br \/>\n3.1. Introducci\u00f3n<br \/>\n3.2. Signos verbales<br \/>\n3.3. Signos no verbales<br \/>\n4. T\u00c9CNICAS PARA EL CIERRE DE LA VENTA<br \/>\n4.1. Introducci\u00f3n<br \/>\n4.2. T\u00e9cnicas<br \/>\n4.3. Punto muerto<br \/>\n5. LA DESPEDIDA<br \/>\n5.1. Cuando el cliente acepta la propuesta del vendedor<br \/>\n5.2. Cuando el cliente no acepta la oferta<\/p>\n<p>NEGOCIACI\u00d3N COMERCIAL<\/p>\n<p>1. CONCEPTOS B\u00c1SICOS<br \/>\n1.1. La negociaci\u00f3n comercial.<br \/>\n1.2. Principales caracter\u00edsticas de la negociaci\u00f3n comercial.<br \/>\n1.3. Elementos de la negociaci\u00f3n.<br \/>\n1.4. \u2026.<\/p>\n<p>2. EL NEGOCIADOR<br \/>\n2.1. Caracter\u00edsticas del buen negociador.<br \/>\n2.2. Tipos b\u00e1sicos de negociadores.<br \/>\n2.3. \u2026<\/p>\n<p>3. PROCESO DE NEGOCIACI\u00d3N<br \/>\n3.1. Preparaci\u00f3n.<br \/>\n3.2. Material de apoyo.<br \/>\n3.3. \u2026<\/p>\n<p>4. ESTRATEGIAS, T\u00c1CTICAS Y COMUNICACI\u00d3N<br \/>\n4.1. Estrategias.<br \/>\n4.2. T\u00e1cticas.<br \/>\n4.3. Comunicaci\u00f3n.<\/p>\n<p>DOCUMENTOS Y HERRAMIENTAS B\u00c1SICAS EN LA COMPRA-VENTA<\/p>\n<p>1. DOCUMENTOS PROPIOS DE LA COMPRAVENTA<br \/>\n1.1.  El contrato de Compra-Venta<br \/>\n1.2.  Documentos relacionados con el cobro y pago<\/p>\n<p>2. NORMATIVA Y USOS HABITUALES EN LA ELABORACI\u00d3N DE  DOCUMENTACI\u00d3N COMERCIAL<\/p>\n<p>3. ORDEN DE PEDIDO. FACTURA. RECIBO<br \/>\n3.1.  Orden de pedido<br \/>\n3.2.  Factura<br \/>\n3.3.  Recibo<\/p>\n<p>4. C\u00c1LCULO DEL PVP: M\u00c1RGENES Y DESCUENTOS<br \/>\n4.1.  T\u00e9cnicas de fijaci\u00f3n de precios<br \/>\n4.2.  C\u00e1lculo del PVP<br \/>\n4.3.  Descuentos<\/p>\n<p>5. PROCESADORES DE TEXTOS APLICADOS A LA VENTA<\/p>\n<p>6. UTILIZACI\u00d3N DEL TPV<br \/>\n6.1.  Software<br \/>\n6.2.  Hardware<br \/>\n6.3.  TPV Virtual<\/p>\n<p>LA IMPORTANCIA DEL SERVICIO POSTVENTA<\/p>\n<p>1. EL SERVICIO AL CLIENTE<br \/>\n    1.1. La necesidad del servicio al cliente<br \/>\n    1.2. Dar respuesta a las expectativas del cliente<br \/>\n    1.3. \u2026<\/p>\n<p>2. GESTI\u00d3N DE QUEJAS Y RECLAMACIONES<br \/>\n    2.1. Las quejas como estrategia de fidelizaci\u00f3n<br \/>\n    2.2. Pasos para tratar las quejas<br \/>\n    2.3. \u2026<\/p>\n<p>3. EL SEGUIMIENTO DE LA VENTA<br \/>\n    3.1. El seguimiento como correcci\u00f3n de problemas<br \/>\n    3.2. Tipos de seguimiento<\/p>\n<p>4. LA FIDELIZACI\u00d3N POR LA OFERTA<br \/>\n    4.1. La diferenciaci\u00f3n por la oferta<br \/>\n    4.2. Promover la diferencia\u00a0\u00a0<\/p>\n<p><em><strong>Profesional en t\u00e9cnicas de venta, negociaci\u00f3n, cierre y post-venta<\/strong><\/em><\/p>\n<hr \/>\n","protected":false},"excerpt":{"rendered":"<p><a href=\"https:\/\/centro-cee.com\/web\/formaciones\/\">Atr\u00e1s<\/a><\/p>\n<p>Formate y especializate en TODOS los aspectos relacionados con las ventas, con contenidos actualizados. Es un perfil profesional con excelentes salidas laborales y con muy buenos ingresos ya que en la mayoria de trabajos se pagan incentivos por ventas.<br \/>\nPara ser un excelente agente comercial necesitamos tener unos conocimientos y dominar las t\u00e9cnicas adecuadas para negociar y cerrar la venta.<\/p>\n<p>Tambi\u00e9n es muy importante y cada vez con mas importancia lo relacionado al servicio postventa, con protocolos para fidelizar a los cliente. La formaci\u00f3n obtenida es de alto nivel y con gran cantidad de contenidos que dotaran a las\/los alumnas\/os de unos conocimientos excelentes.<\/p>\n","protected":false},"featured_media":1635,"comment_status":"closed","ping_status":"closed","template":"","meta":[],"product_brand":[],"product_cat":[2050,34],"product_tag":[566,564,569,563,562,567,571,568,565,570],"class_list":{"0":"post-1634","1":"product","2":"type-product","3":"status-publish","4":"has-post-thumbnail","6":"product_cat-cursos-online-empresa","7":"product_cat-tecnicos","8":"product_tag-certificacion-en-ventas-profesionales","9":"product_tag-curso-de-cierre-de-ventas","10":"product_tag-curso-de-habilidades-comerciales","11":"product_tag-curso-de-negociacion-comercial","12":"product_tag-curso-de-tecnicas-de-venta","13":"product_tag-curso-de-ventas-y-negociacion","14":"product_tag-curso-online-de-ventas-y-post-venta","15":"product_tag-curso-profesional-en-tecnicas-de-venta","16":"product_tag-formacion-en-post-venta","17":"product_tag-formacion-en-tecnicas-de-ventas-y-cierre","19":"first","20":"instock","21":"sale","22":"shipping-taxable","23":"purchasable","24":"product-type-simple"},"yoast_head":"<!-- This site is optimized with the Yoast SEO plugin v27.4 - https:\/\/yoast.com\/product\/yoast-seo-wordpress\/ -->\n<title>Profesional en t\u00e9cnicas de venta negociaci\u00f3n cierre y post-venta<\/title>\n<meta name=\"description\" content=\"Desarrolla tus habilidades y mejora tus conocimientos y preparate con nuestra formaci\u00f3n de Profesional en t\u00e9cnicas de venta negociaci\u00f3n cierre y post-venta\" \/>\n<meta name=\"robots\" content=\"index, follow, max-snippet:-1, max-image-preview:large, max-video-preview:-1\" \/>\n<link rel=\"canonical\" href=\"https:\/\/centro-cee.com\/web\/producto\/profesional-en-tecnicas-de-venta-negociacion-cierre-y-post-venta\/\" \/>\n<meta property=\"og:locale\" content=\"es_ES\" \/>\n<meta property=\"og:type\" content=\"article\" \/>\n<meta property=\"og:title\" content=\"Profesional en t\u00e9cnicas de venta negociaci\u00f3n cierre y post-venta\" \/>\n<meta property=\"og:description\" content=\"Desarrolla tus habilidades y mejora tus conocimientos y preparate con nuestra formaci\u00f3n de Profesional en t\u00e9cnicas de venta negociaci\u00f3n cierre y post-venta\" \/>\n<meta property=\"og:url\" content=\"https:\/\/centro-cee.com\/web\/producto\/profesional-en-tecnicas-de-venta-negociacion-cierre-y-post-venta\/\" \/>\n<meta property=\"og:site_name\" content=\"CEE Centro Europeo E-learning - Cursos online\" \/>\n<meta property=\"article:modified_time\" content=\"2026-03-13T17:02:19+00:00\" \/>\n<meta property=\"og:image\" content=\"https:\/\/centro-cee.com\/web\/wp-content\/uploads\/2024\/05\/Captura.png\" \/>\n\t<meta property=\"og:image:width\" content=\"698\" \/>\n\t<meta property=\"og:image:height\" content=\"468\" \/>\n\t<meta property=\"og:image:type\" content=\"image\/png\" \/>\n<meta name=\"twitter:card\" content=\"summary_large_image\" \/>\n<meta name=\"twitter:label1\" content=\"Tiempo de lectura\" \/>\n\t<meta name=\"twitter:data1\" content=\"4 minutos\" \/>\n<script type=\"application\/ld+json\" class=\"yoast-schema-graph\">{\"@context\":\"https:\\\/\\\/schema.org\",\"@graph\":[{\"@type\":\"WebPage\",\"@id\":\"https:\\\/\\\/centro-cee.com\\\/web\\\/producto\\\/profesional-en-tecnicas-de-venta-negociacion-cierre-y-post-venta\\\/\",\"url\":\"https:\\\/\\\/centro-cee.com\\\/web\\\/producto\\\/profesional-en-tecnicas-de-venta-negociacion-cierre-y-post-venta\\\/\",\"name\":\"Profesional en t\u00e9cnicas de venta negociaci\u00f3n cierre y post-venta\",\"isPartOf\":{\"@id\":\"https:\\\/\\\/centro-cee.com\\\/web\\\/#website\"},\"primaryImageOfPage\":{\"@id\":\"https:\\\/\\\/centro-cee.com\\\/web\\\/producto\\\/profesional-en-tecnicas-de-venta-negociacion-cierre-y-post-venta\\\/#primaryimage\"},\"image\":{\"@id\":\"https:\\\/\\\/centro-cee.com\\\/web\\\/producto\\\/profesional-en-tecnicas-de-venta-negociacion-cierre-y-post-venta\\\/#primaryimage\"},\"thumbnailUrl\":\"https:\\\/\\\/centro-cee.com\\\/web\\\/wp-content\\\/uploads\\\/2024\\\/05\\\/Captura.png\",\"datePublished\":\"2024-05-02T11:33:31+00:00\",\"dateModified\":\"2026-03-13T17:02:19+00:00\",\"description\":\"Desarrolla tus habilidades y mejora tus conocimientos y preparate con nuestra formaci\u00f3n de Profesional en t\u00e9cnicas de venta negociaci\u00f3n cierre y post-venta\",\"breadcrumb\":{\"@id\":\"https:\\\/\\\/centro-cee.com\\\/web\\\/producto\\\/profesional-en-tecnicas-de-venta-negociacion-cierre-y-post-venta\\\/#breadcrumb\"},\"inLanguage\":\"es\",\"potentialAction\":[{\"@type\":\"ReadAction\",\"target\":[\"https:\\\/\\\/centro-cee.com\\\/web\\\/producto\\\/profesional-en-tecnicas-de-venta-negociacion-cierre-y-post-venta\\\/\"]}]},{\"@type\":\"ImageObject\",\"inLanguage\":\"es\",\"@id\":\"https:\\\/\\\/centro-cee.com\\\/web\\\/producto\\\/profesional-en-tecnicas-de-venta-negociacion-cierre-y-post-venta\\\/#primaryimage\",\"url\":\"https:\\\/\\\/centro-cee.com\\\/web\\\/wp-content\\\/uploads\\\/2024\\\/05\\\/Captura.png\",\"contentUrl\":\"https:\\\/\\\/centro-cee.com\\\/web\\\/wp-content\\\/uploads\\\/2024\\\/05\\\/Captura.png\",\"width\":698,\"height\":468,\"caption\":\"Profesional en t\u00e9cnicas de venta negociaci\u00f3n cierre y post-venta\"},{\"@type\":\"BreadcrumbList\",\"@id\":\"https:\\\/\\\/centro-cee.com\\\/web\\\/producto\\\/profesional-en-tecnicas-de-venta-negociacion-cierre-y-post-venta\\\/#breadcrumb\",\"itemListElement\":[{\"@type\":\"ListItem\",\"position\":1,\"name\":\"Portada\",\"item\":\"https:\\\/\\\/centro-cee.com\\\/web\\\/\"},{\"@type\":\"ListItem\",\"position\":2,\"name\":\"Profesional en t\u00e9cnicas de venta negociaci\u00f3n cierre y post-venta\"}]},{\"@type\":\"WebSite\",\"@id\":\"https:\\\/\\\/centro-cee.com\\\/web\\\/#website\",\"url\":\"https:\\\/\\\/centro-cee.com\\\/web\\\/\",\"name\":\"Centro Europeo E-learning\",\"description\":\"CEE Formaci\u00f3n Online\",\"publisher\":{\"@id\":\"https:\\\/\\\/centro-cee.com\\\/web\\\/#organization\"},\"alternateName\":\"Centro Online de Formaci\u00f3n\",\"potentialAction\":[{\"@type\":\"SearchAction\",\"target\":{\"@type\":\"EntryPoint\",\"urlTemplate\":\"https:\\\/\\\/centro-cee.com\\\/web\\\/?s={search_term_string}\"},\"query-input\":{\"@type\":\"PropertyValueSpecification\",\"valueRequired\":true,\"valueName\":\"search_term_string\"}}],\"inLanguage\":\"es\"},{\"@type\":\"Organization\",\"@id\":\"https:\\\/\\\/centro-cee.com\\\/web\\\/#organization\",\"name\":\"Centro Europeo E-learning CEE\",\"url\":\"https:\\\/\\\/centro-cee.com\\\/web\\\/\",\"logo\":{\"@type\":\"ImageObject\",\"inLanguage\":\"es\",\"@id\":\"https:\\\/\\\/centro-cee.com\\\/web\\\/#\\\/schema\\\/logo\\\/image\\\/\",\"url\":\"https:\\\/\\\/centro-cee.com\\\/web\\\/wp-content\\\/uploads\\\/2022\\\/12\\\/cropped-logo_educa.png\",\"contentUrl\":\"https:\\\/\\\/centro-cee.com\\\/web\\\/wp-content\\\/uploads\\\/2022\\\/12\\\/cropped-logo_educa.png\",\"width\":157,\"height\":63,\"caption\":\"Centro Europeo E-learning CEE\"},\"image\":{\"@id\":\"https:\\\/\\\/centro-cee.com\\\/web\\\/#\\\/schema\\\/logo\\\/image\\\/\"},\"sameAs\":[\"https:\\\/\\\/www.instagram.com\\\/centroeuropeo_cee\"]}]}<\/script>\n<!-- \/ Yoast SEO plugin. -->","yoast_head_json":{"title":"Profesional en t\u00e9cnicas de venta negociaci\u00f3n cierre y post-venta","description":"Desarrolla tus habilidades y mejora tus conocimientos y preparate con nuestra formaci\u00f3n de Profesional en t\u00e9cnicas de venta negociaci\u00f3n cierre y post-venta","robots":{"index":"index","follow":"follow","max-snippet":"max-snippet:-1","max-image-preview":"max-image-preview:large","max-video-preview":"max-video-preview:-1"},"canonical":"https:\/\/centro-cee.com\/web\/producto\/profesional-en-tecnicas-de-venta-negociacion-cierre-y-post-venta\/","og_locale":"es_ES","og_type":"article","og_title":"Profesional en t\u00e9cnicas de venta negociaci\u00f3n cierre y post-venta","og_description":"Desarrolla tus habilidades y mejora tus conocimientos y preparate con nuestra formaci\u00f3n de Profesional en t\u00e9cnicas de venta negociaci\u00f3n cierre y post-venta","og_url":"https:\/\/centro-cee.com\/web\/producto\/profesional-en-tecnicas-de-venta-negociacion-cierre-y-post-venta\/","og_site_name":"CEE Centro Europeo E-learning - Cursos online","article_modified_time":"2026-03-13T17:02:19+00:00","og_image":[{"width":698,"height":468,"url":"https:\/\/centro-cee.com\/web\/wp-content\/uploads\/2024\/05\/Captura.png","type":"image\/png"}],"twitter_card":"summary_large_image","twitter_misc":{"Tiempo de lectura":"4 minutos"},"schema":{"@context":"https:\/\/schema.org","@graph":[{"@type":"WebPage","@id":"https:\/\/centro-cee.com\/web\/producto\/profesional-en-tecnicas-de-venta-negociacion-cierre-y-post-venta\/","url":"https:\/\/centro-cee.com\/web\/producto\/profesional-en-tecnicas-de-venta-negociacion-cierre-y-post-venta\/","name":"Profesional en t\u00e9cnicas de venta negociaci\u00f3n cierre y post-venta","isPartOf":{"@id":"https:\/\/centro-cee.com\/web\/#website"},"primaryImageOfPage":{"@id":"https:\/\/centro-cee.com\/web\/producto\/profesional-en-tecnicas-de-venta-negociacion-cierre-y-post-venta\/#primaryimage"},"image":{"@id":"https:\/\/centro-cee.com\/web\/producto\/profesional-en-tecnicas-de-venta-negociacion-cierre-y-post-venta\/#primaryimage"},"thumbnailUrl":"https:\/\/centro-cee.com\/web\/wp-content\/uploads\/2024\/05\/Captura.png","datePublished":"2024-05-02T11:33:31+00:00","dateModified":"2026-03-13T17:02:19+00:00","description":"Desarrolla tus habilidades y mejora tus conocimientos y preparate con nuestra formaci\u00f3n de Profesional en t\u00e9cnicas de venta negociaci\u00f3n cierre y post-venta","breadcrumb":{"@id":"https:\/\/centro-cee.com\/web\/producto\/profesional-en-tecnicas-de-venta-negociacion-cierre-y-post-venta\/#breadcrumb"},"inLanguage":"es","potentialAction":[{"@type":"ReadAction","target":["https:\/\/centro-cee.com\/web\/producto\/profesional-en-tecnicas-de-venta-negociacion-cierre-y-post-venta\/"]}]},{"@type":"ImageObject","inLanguage":"es","@id":"https:\/\/centro-cee.com\/web\/producto\/profesional-en-tecnicas-de-venta-negociacion-cierre-y-post-venta\/#primaryimage","url":"https:\/\/centro-cee.com\/web\/wp-content\/uploads\/2024\/05\/Captura.png","contentUrl":"https:\/\/centro-cee.com\/web\/wp-content\/uploads\/2024\/05\/Captura.png","width":698,"height":468,"caption":"Profesional en t\u00e9cnicas de venta negociaci\u00f3n cierre y post-venta"},{"@type":"BreadcrumbList","@id":"https:\/\/centro-cee.com\/web\/producto\/profesional-en-tecnicas-de-venta-negociacion-cierre-y-post-venta\/#breadcrumb","itemListElement":[{"@type":"ListItem","position":1,"name":"Portada","item":"https:\/\/centro-cee.com\/web\/"},{"@type":"ListItem","position":2,"name":"Profesional en t\u00e9cnicas de venta negociaci\u00f3n cierre y post-venta"}]},{"@type":"WebSite","@id":"https:\/\/centro-cee.com\/web\/#website","url":"https:\/\/centro-cee.com\/web\/","name":"Centro Europeo E-learning","description":"CEE Formaci\u00f3n Online","publisher":{"@id":"https:\/\/centro-cee.com\/web\/#organization"},"alternateName":"Centro Online de Formaci\u00f3n","potentialAction":[{"@type":"SearchAction","target":{"@type":"EntryPoint","urlTemplate":"https:\/\/centro-cee.com\/web\/?s={search_term_string}"},"query-input":{"@type":"PropertyValueSpecification","valueRequired":true,"valueName":"search_term_string"}}],"inLanguage":"es"},{"@type":"Organization","@id":"https:\/\/centro-cee.com\/web\/#organization","name":"Centro Europeo E-learning CEE","url":"https:\/\/centro-cee.com\/web\/","logo":{"@type":"ImageObject","inLanguage":"es","@id":"https:\/\/centro-cee.com\/web\/#\/schema\/logo\/image\/","url":"https:\/\/centro-cee.com\/web\/wp-content\/uploads\/2022\/12\/cropped-logo_educa.png","contentUrl":"https:\/\/centro-cee.com\/web\/wp-content\/uploads\/2022\/12\/cropped-logo_educa.png","width":157,"height":63,"caption":"Centro Europeo E-learning CEE"},"image":{"@id":"https:\/\/centro-cee.com\/web\/#\/schema\/logo\/image\/"},"sameAs":["https:\/\/www.instagram.com\/centroeuropeo_cee"]}]}},"_links":{"self":[{"href":"https:\/\/centro-cee.com\/web\/wp-json\/wp\/v2\/product\/1634","targetHints":{"allow":["GET"]}}],"collection":[{"href":"https:\/\/centro-cee.com\/web\/wp-json\/wp\/v2\/product"}],"about":[{"href":"https:\/\/centro-cee.com\/web\/wp-json\/wp\/v2\/types\/product"}],"replies":[{"embeddable":true,"href":"https:\/\/centro-cee.com\/web\/wp-json\/wp\/v2\/comments?post=1634"}],"wp:featuredmedia":[{"embeddable":true,"href":"https:\/\/centro-cee.com\/web\/wp-json\/wp\/v2\/media\/1635"}],"wp:attachment":[{"href":"https:\/\/centro-cee.com\/web\/wp-json\/wp\/v2\/media?parent=1634"}],"wp:term":[{"taxonomy":"product_brand","embeddable":true,"href":"https:\/\/centro-cee.com\/web\/wp-json\/wp\/v2\/product_brand?post=1634"},{"taxonomy":"product_cat","embeddable":true,"href":"https:\/\/centro-cee.com\/web\/wp-json\/wp\/v2\/product_cat?post=1634"},{"taxonomy":"product_tag","embeddable":true,"href":"https:\/\/centro-cee.com\/web\/wp-json\/wp\/v2\/product_tag?post=1634"}],"curies":[{"name":"wp","href":"https:\/\/api.w.org\/{rel}","templated":true}]}}