{"id":1618,"date":"2024-04-23T10:19:08","date_gmt":"2024-04-23T10:19:08","guid":{"rendered":"https:\/\/centro-cee.com\/web\/?post_type=product&#038;p=1618"},"modified":"2026-03-13T16:56:10","modified_gmt":"2026-03-13T16:56:10","slug":"master-en-fisioterapia-y-rehabilitacion-deportiva-clea","status":"publish","type":"product","link":"https:\/\/centro-cee.com\/web\/producto\/master-en-fisioterapia-y-rehabilitacion-deportiva-clea\/","title":{"rendered":"Fisioterapia y Rehabilitaci\u00f3n Deportiva &#8211; Universidad CLEA"},"content":{"rendered":"<p><a href=\"https:\/\/centro-cee.com\/web\/categoria-producto\/universidad-clea\/\">Atr\u00e1s<\/a><\/p>\n<p>Toda esta informaci\u00f3n se realiza 100% online en nuestro campus online de formaci\u00f3n.<\/p>\n<p>Las tutor\u00edas se realizan directamente desde el campus de estudio con la opci\u00f3n de mensajer\u00eda a profesores. Las tutor\u00edas son \u201ca demanda\u201d, cuando necesites soporte nos lo pides.<\/p>\n<p>Los t\u00edtulos de Centro CEE est\u00e1n autenticados por la firma de notario que valida contenidos y autenticidad a nivel internacional. Nuestra organizaci\u00f3n pertenece a la Asociaci\u00f3n Espa\u00f1ola de Calidad, organizaci\u00f3n Espa\u00f1ola de referencia para la calidad\u00a0en la formaci\u00f3n de auxiliar de enfermer\u00eda. La certificaci\u00f3n se puede apostillar por la Haya para cualquier pa\u00eds firmante del convenio de la Haya.<\/p>\n<p>Formaci\u00f3n certificada por la <strong>Universidad CLEA<\/strong> con reconocimiento de 40 cr\u00e9ditos acad\u00e9micos.<\/p>\n<p>Se puede pagar a plazos.<\/p>\n<p>Carga horaria de la formaci\u00f3n: 600h<\/p>\n<h2>Temario<\/h2>\n<hr \/>\n<p><strong>M\u00c1STER EN FISIOTERAPIA<\/strong><\/p>\n<p>1. M\u00d3DULO I. ORGANIZACI\u00d3N DE LOS RECURSOS MATERIALES EN MATERIA DE SANIDAD<\/p>\n<p>TEMA 1. TIPOS DE CENTROS SANITARIOS EN EL SISTEMA SANITARIO ESPA\u00d1OL<br \/>\n1. Introducci\u00f3n<br \/>\n2. Niveles de intervenci\u00f3n en el Sistema Nacional de Salud<\/p>\n<p>TEMA 2. ORGANIZACI\u00d3N FUNCIONAL Y ORG\u00c1NICA DE LOS CENTROS SANITARIOS<br \/>\n1. Introducci\u00f3n<br \/>\n2. \u00d3rganos de direcci\u00f3n de un hospital<\/p>\n<p>TEMA 3. TIPOS DE DOCUMENTOS EN EL \u00c1MBITO SANITARIO<br \/>\n1. Introducci\u00f3n<br \/>\n2. Documentaci\u00f3n sanitaria. La historia cl\u00ednica<\/p>\n<p>TEMA 4. V\u00cdAS DE ATENCI\u00d3N SANITARIA AL PACIENTE<br \/>\n1. Introducci\u00f3n<br \/>\n2. La petici\u00f3n de citas<br \/>\n3. Consulta sin cita previa<\/p>\n<p>TEMA 5. CONCEPTOS B\u00c1SICOS: SALUD Y ATENCI\u00d3N SANITARIA<br \/>\n1. Concepto de salud<br \/>\n2. Medicina comunitaria, Sistema Sanitario y atenci\u00f3n sanitaria<\/p>\n<p>TEMA 6. LA FISIOTERAPIA COMO PROCESO<br \/>\n1. Primer acercamiento a la fisioterapia<br \/>\n2. El proceso fisioterap\u00e9utico<\/p>\n<p>TEMA 7. FUNDAMENTOS F\u00cdSICOS Y ANAT\u00d3MICOS DE LA FISIOTERAPIA<br \/>\n1. Fundamentos f\u00edsicos del movimiento<br \/>\n2. Fundamentos anat\u00f3micos del movimiento<\/p>\n<p>3. M\u00d3DULO III. ANATOM\u00cdA Y FISIOLOG\u00cdA HUMANA<\/p>\n<p>TEMA 8. EL SISTEMA \u00d3SEO<br \/>\n1. Morfolog\u00eda y fisiolog\u00eda \u00f3sea<br \/>\n2. Desarrollo \u00f3seo<br \/>\n3. Cabeza<br \/>\n4. Columna vertebral<\/p>\n<p>TEMA 9. EL SISTEMA MUSCULAR<br \/>\n1. Fisiolog\u00eda muscular<br \/>\n2. Ligamentos<br \/>\n3. Musculatura dorsal<\/p>\n<p>TEMA 10. ANATOM\u00cdA REGIONAL (I)<br \/>\n1. Extremidades superiores<br \/>\n2. Extremidades inferiores<\/p>\n<p>TEMA 11. ANATOM\u00cdA REGIONAL (II)<br \/>\n1. El abdomen<br \/>\n2. T\u00f3rax<br \/>\n3. Cabeza y cuello<\/p>\n<p>TEMA 12. EL SISTEMA NERVIOSO<br \/>\n1. El sistema nervioso<br \/>\n2. Sistema nervioso central<\/p>\n<p>TEMA 13. EL SISTEMA RESPIRATORIO<br \/>\n1. Introducci\u00f3n<br \/>\n2. El aparato respiratorio<br \/>\n3. El proceso respiratorio<\/p>\n<p>TEMA 14. EL SISTEMA DIGESTIVO<br \/>\n1. Introducci\u00f3n al sistema digestivo<br \/>\n2. La boca<br \/>\n3. La degluci\u00f3n<br \/>\n4. El est\u00f3mago<\/p>\n<p>TEMA 15. EL SISTEMA CIRCULATORIO<br \/>\n1. El aparato cardiovascular<br \/>\n2. Vasos sangu\u00edneos<br \/>\n3. M\u00d3DULO IV. LA ATENCI\u00d3N AL PACIENTE<\/p>\n<p>TEMA 16. LA COMUNICACI\u00d3N CON EL PACIENTE<br \/>\n1. La comunicaci\u00f3n como punto clave en la relaci\u00f3n con el paciente en fisioterapia<br \/>\n2. Tipos de comunicaci\u00f3n<br \/>\n3. Habilidades conversacionales<\/p>\n<p>TEMA 17. HABILIDADES SOCIALES<br \/>\n1. Habilidades sociales<br \/>\n2. El trato al paciente<\/p>\n<p><strong>M\u00c1STER EN REHABILITACI\u00d3N DEPORTIVA<\/strong><\/p>\n<p>1. M\u00d3DULO 1. INTRODUCCI\u00d3N AL MASAJE DEPORTIVO<br \/>\nTEMA 1. EXPLORACI\u00d3N Y T\u00c9CNICAS B\u00c1SICAS<br \/>\n1. La exploraci\u00f3n<br \/>\n2. T\u00e9cnicas b\u00e1sicas en masaje deportivo<br \/>\n3. Otras t\u00e9cnicas<\/p>\n<p>TEMA 2. TERAPIA MASAJ\u00cdSTICA Y DE ZONAS REFLEJAS<br \/>\n1. Fundamentos de la terapia masaj\u00edstica<br \/>\n2. Tipos de masaje<\/p>\n<p>TEMA 3. HIDROTERAPIA, TERMOTERAPIA Y CRIOTERAPIA<br \/>\n1. Hidroterapia<br \/>\n2. Termoterapia<br \/>\n3. Crioterapia<\/p>\n<p>TEMA 4. MOVILIZACIONES<br \/>\n1. Movimiento<br \/>\n2. La parada<br \/>\n3. Movimiento y parada<\/p>\n<p>TEMA 5. TECNOLOG\u00cdA SANITARIA<br \/>\n1. Laserterapia<br \/>\n2. Electroterapia<br \/>\n3. Ultrasonido<\/p>\n<p>TEMA 6. MANIOBRAS B\u00c1SICAS DEL MASAJE DEPORTIVO<br \/>\n1. Par\u00e1metros generales<br \/>\n2. Pases sedantes<br \/>\n3. Amasamientos<br \/>\n4. Percusiones<\/p>\n<p>TEMA 7. PR\u00c1CTICA DEL MASAJE DEPORTIVO: ESPALDA<br \/>\n1. Osteolog\u00eda de la espalda<br \/>\n2. Musculatura de la espalda<br \/>\n3. Aplicaci\u00f3n pr\u00e1ctica del masaje deportivo<\/p>\n<p>TEMA 8. PR\u00c1CTICA DEL MASAJE DEPORTIVO: MIEMBROS INFERIORES<br \/>\n1. Osteolog\u00eda del miembro inferior<br \/>\n2. Musculatura del miembro inferior<br \/>\n3. Aplicaci\u00f3n pr\u00e1ctica del masaje deportivo<\/p>\n<p>TEMA 9. PR\u00c1CTICA DEL MASAJE DEPORTIVO: MIEMBROS SUPERIORES<br \/>\n1. Osteolog\u00eda del miembro superior<br \/>\n2. Musculatura del miembro superior<br \/>\n3. Aplicaci\u00f3n pr\u00e1ctica del masaje deportivo<\/p>\n<p>TEMA 10. PR\u00c1CTICA DEL MASAJE DEPORTIVO: EL PIE<br \/>\n1. Osteolog\u00eda del pie<br \/>\n2. Musculatura del pie<\/p>\n<p>TEMA 11. PR\u00c1CTICA DEL MASAJE DEPORTIVO: ABDOMEN<br \/>\n1. Osteolog\u00eda del abdomen<br \/>\n2. Aplicaci\u00f3n pr\u00e1ctica del masaje deportivo<\/p>\n<p>TEMA 12. PR\u00c1CTICA DEL MASAJE DEPORTIVO: T\u00d3RAX<br \/>\n1. Osteolog\u00eda del t\u00f3rax<br \/>\n2. Musculatura del t\u00f3rax<br \/>\n3. Aplicaci\u00f3n pr\u00e1ctica del masaje deportivo<\/p>\n<p>TEMA 13. RECEPCI\u00d3N, COMUNICACI\u00d3N Y ATENCI\u00d3N AL CLIENTE<br \/>\n1. Atenci\u00f3n al cliente<br \/>\n2. Tipos de clientes<br \/>\n3. Tipos de visitas que puede hacer el cliente al centro<\/p>\n<p>TEMA 14. FUNDAMENTOS DE LA REHABILITACI\u00d3N<br \/>\n1. La rehabilitaci\u00f3n como especialidad m\u00e9dica<br \/>\n2. La discapacidad<br \/>\n3. Epidemiolog\u00eda de la discapacidad<\/p>\n<p>TEMA 15. T\u00c9CNICAS DE REHABILITACI\u00d3N I<br \/>\n1. Infiltraciones intraarticulares y musculares<br \/>\n2. Terapia ocupacional<br \/>\n3. Ayudas t\u00e9cnicas<\/p>\n<p>TEMA 16. T\u00c9CNICAS DE REHABILITACI\u00d3N II<br \/>\n1. Medios auxiliares<br \/>\n2. Ortesis<br \/>\n3. Pr\u00f3tesis<\/p>\n<p>TEMA 17. PRINCIPALES PATOLOG\u00cdAS SUSCEPTIBLES DE REHABILITACI\u00d3N (I)<br \/>\n1. Artritis<br \/>\n2. Mano reum\u00e1tica<br \/>\n3. Conservaci\u00f3n de la artrosis<\/p>\n<p>TEMA 18. PRINCIPALES PATOLOG\u00cdAS SUSCEPTIBLES DE REHABILITACI\u00d3N (II)<br \/>\n1. Fibromialgia<br \/>\n2. Dolor cervical<br \/>\n3. Dolor lumbar<br \/>\n4. Dolores en hombros, codos, mu\u00f1ecas, manos, rodillas, tobillos y pies<\/p>\n<p>TEMA 19. REHABILITACI\u00d3N DE LESIONES MUSCULARES Y ARTICULARES<br \/>\n1. Lesiones de ligamentos<br \/>\n2. Tratamientos para lesiones de ligamentos<br \/>\n3. Lesiones tendinosas<br \/>\n4. Lesiones musculares<\/p>\n<p>&nbsp;<\/p>\n<p><strong><em>M\u00e1ster en Fisioterapia y Rehabilitaci\u00f3n Deportiva<\/em><\/strong><\/p>\n<hr \/>\n<p>&nbsp;<\/p>\n","protected":false},"excerpt":{"rendered":"<p><a href=\"https:\/\/centro-cee.com\/web\/categoria-producto\/universidad-clea\/\">Atr\u00e1s<\/a><\/p>\n<p>La formaci\u00f3n pretende formas a los alumnos\/as en los conceptos mas importantes de la fisioperapia con especializaci\u00f3n en la rehabilitaci\u00f3n deportiva.<\/p>\n<p>Es una formaci\u00f3n muy demandada por empresas del sector deportivo ya que el aumento de practicantes de deporte, running, trx, padel, etc., ha incrementado notablemente la demanda de profesionales de la fisioterapia y de la rehabilitaci\u00f3n.<\/p>\n","protected":false},"featured_media":1033,"comment_status":"closed","ping_status":"closed","template":"","meta":[],"product_brand":[],"product_cat":[2047,2046,509],"product_tag":[622,627,630,626,623,629,631,624,625,628],"class_list":{"0":"post-1618","1":"product","2":"type-product","3":"status-publish","4":"has-post-thumbnail","6":"product_cat-cursos-online-deporte","7":"product_cat-cursos-salud","8":"product_cat-universidad-clea","9":"product_tag-curso-de-fisioterapia-deportiva","10":"product_tag-curso-de-fisioterapia-para-deportistas","11":"product_tag-curso-de-fisioterapia-y-deporte","12":"product_tag-curso-de-recuperacion-de-lesiones-deportivas","13":"product_tag-curso-de-rehabilitacion-deportiva","14":"product_tag-curso-de-terapia-fisica-deportiva","15":"product_tag-curso-online-de-fisioterapia-deportiva","16":"product_tag-fisioterapia-y-rehabilitacion-deportiva-universidad-clea","17":"product_tag-formacion-en-fisioterapia-deportiva","18":"product_tag-rehabilitacion-deportiva-avanzada","20":"first","21":"instock","22":"sale","23":"shipping-taxable","24":"purchasable","25":"product-type-simple"},"yoast_head":"<!-- This site is optimized with the Yoast SEO plugin v27.4 - https:\/\/yoast.com\/product\/yoast-seo-wordpress\/ -->\n<title>M\u00e1ster en Fisioterapia y Rehabilitaci\u00f3n Deportiva<\/title>\n<meta name=\"description\" content=\"M\u00e1ster en Fisioterapia y Rehabilitaci\u00f3n Deportiva, aprende todo lo necesario para dominar la fisioterapia y rehabilitaci\u00f3n deportiva.\" \/>\n<meta name=\"robots\" content=\"index, follow, max-snippet:-1, max-image-preview:large, max-video-preview:-1\" \/>\n<link rel=\"canonical\" href=\"https:\/\/centro-cee.com\/web\/producto\/master-en-fisioterapia-y-rehabilitacion-deportiva-clea\/\" \/>\n<meta property=\"og:locale\" content=\"es_ES\" \/>\n<meta property=\"og:type\" content=\"article\" \/>\n<meta property=\"og:title\" content=\"M\u00e1ster en Fisioterapia y Rehabilitaci\u00f3n Deportiva\" \/>\n<meta property=\"og:description\" content=\"M\u00e1ster en Fisioterapia y Rehabilitaci\u00f3n Deportiva, aprende todo lo necesario para dominar la fisioterapia y rehabilitaci\u00f3n deportiva.\" \/>\n<meta property=\"og:url\" content=\"https:\/\/centro-cee.com\/web\/producto\/master-en-fisioterapia-y-rehabilitacion-deportiva-clea\/\" \/>\n<meta property=\"og:site_name\" content=\"CEE Centro Europeo E-learning - Cursos online\" \/>\n<meta property=\"article:modified_time\" content=\"2026-03-13T16:56:10+00:00\" \/>\n<meta property=\"og:image\" content=\"https:\/\/centro-cee.com\/web\/wp-content\/uploads\/2023\/02\/cee050.jpg\" \/>\n\t<meta property=\"og:image:width\" content=\"1609\" \/>\n\t<meta property=\"og:image:height\" content=\"1920\" \/>\n\t<meta property=\"og:image:type\" content=\"image\/jpeg\" \/>\n<meta name=\"twitter:card\" content=\"summary_large_image\" \/>\n<meta name=\"twitter:label1\" content=\"Tiempo de lectura\" \/>\n\t<meta name=\"twitter:data1\" content=\"4 minutos\" \/>\n<script type=\"application\/ld+json\" class=\"yoast-schema-graph\">{\"@context\":\"https:\\\/\\\/schema.org\",\"@graph\":[{\"@type\":\"WebPage\",\"@id\":\"https:\\\/\\\/centro-cee.com\\\/web\\\/producto\\\/master-en-fisioterapia-y-rehabilitacion-deportiva-clea\\\/\",\"url\":\"https:\\\/\\\/centro-cee.com\\\/web\\\/producto\\\/master-en-fisioterapia-y-rehabilitacion-deportiva-clea\\\/\",\"name\":\"M\u00e1ster en Fisioterapia y Rehabilitaci\u00f3n Deportiva\",\"isPartOf\":{\"@id\":\"https:\\\/\\\/centro-cee.com\\\/web\\\/#website\"},\"primaryImageOfPage\":{\"@id\":\"https:\\\/\\\/centro-cee.com\\\/web\\\/producto\\\/master-en-fisioterapia-y-rehabilitacion-deportiva-clea\\\/#primaryimage\"},\"image\":{\"@id\":\"https:\\\/\\\/centro-cee.com\\\/web\\\/producto\\\/master-en-fisioterapia-y-rehabilitacion-deportiva-clea\\\/#primaryimage\"},\"thumbnailUrl\":\"https:\\\/\\\/centro-cee.com\\\/web\\\/wp-content\\\/uploads\\\/2023\\\/02\\\/cee050.jpg\",\"datePublished\":\"2024-04-23T10:19:08+00:00\",\"dateModified\":\"2026-03-13T16:56:10+00:00\",\"description\":\"M\u00e1ster en Fisioterapia y Rehabilitaci\u00f3n Deportiva, aprende todo lo necesario para dominar la fisioterapia y rehabilitaci\u00f3n deportiva.\",\"breadcrumb\":{\"@id\":\"https:\\\/\\\/centro-cee.com\\\/web\\\/producto\\\/master-en-fisioterapia-y-rehabilitacion-deportiva-clea\\\/#breadcrumb\"},\"inLanguage\":\"es\",\"potentialAction\":[{\"@type\":\"ReadAction\",\"target\":[\"https:\\\/\\\/centro-cee.com\\\/web\\\/producto\\\/master-en-fisioterapia-y-rehabilitacion-deportiva-clea\\\/\"]}]},{\"@type\":\"ImageObject\",\"inLanguage\":\"es\",\"@id\":\"https:\\\/\\\/centro-cee.com\\\/web\\\/producto\\\/master-en-fisioterapia-y-rehabilitacion-deportiva-clea\\\/#primaryimage\",\"url\":\"https:\\\/\\\/centro-cee.com\\\/web\\\/wp-content\\\/uploads\\\/2023\\\/02\\\/cee050.jpg\",\"contentUrl\":\"https:\\\/\\\/centro-cee.com\\\/web\\\/wp-content\\\/uploads\\\/2023\\\/02\\\/cee050.jpg\",\"width\":1609,\"height\":1920,\"caption\":\"M\u00e1ster fisioterapia y rehabilitaci\u00f3n deportiva, Centro CEE\"},{\"@type\":\"BreadcrumbList\",\"@id\":\"https:\\\/\\\/centro-cee.com\\\/web\\\/producto\\\/master-en-fisioterapia-y-rehabilitacion-deportiva-clea\\\/#breadcrumb\",\"itemListElement\":[{\"@type\":\"ListItem\",\"position\":1,\"name\":\"Portada\",\"item\":\"https:\\\/\\\/centro-cee.com\\\/web\\\/\"},{\"@type\":\"ListItem\",\"position\":2,\"name\":\"Fisioterapia y Rehabilitaci\u00f3n Deportiva &#8211; Universidad CLEA\"}]},{\"@type\":\"WebSite\",\"@id\":\"https:\\\/\\\/centro-cee.com\\\/web\\\/#website\",\"url\":\"https:\\\/\\\/centro-cee.com\\\/web\\\/\",\"name\":\"Centro Europeo E-learning\",\"description\":\"CEE Formaci\u00f3n Online\",\"publisher\":{\"@id\":\"https:\\\/\\\/centro-cee.com\\\/web\\\/#organization\"},\"alternateName\":\"Centro Online de Formaci\u00f3n\",\"potentialAction\":[{\"@type\":\"SearchAction\",\"target\":{\"@type\":\"EntryPoint\",\"urlTemplate\":\"https:\\\/\\\/centro-cee.com\\\/web\\\/?s={search_term_string}\"},\"query-input\":{\"@type\":\"PropertyValueSpecification\",\"valueRequired\":true,\"valueName\":\"search_term_string\"}}],\"inLanguage\":\"es\"},{\"@type\":\"Organization\",\"@id\":\"https:\\\/\\\/centro-cee.com\\\/web\\\/#organization\",\"name\":\"Centro Europeo E-learning CEE\",\"url\":\"https:\\\/\\\/centro-cee.com\\\/web\\\/\",\"logo\":{\"@type\":\"ImageObject\",\"inLanguage\":\"es\",\"@id\":\"https:\\\/\\\/centro-cee.com\\\/web\\\/#\\\/schema\\\/logo\\\/image\\\/\",\"url\":\"https:\\\/\\\/centro-cee.com\\\/web\\\/wp-content\\\/uploads\\\/2022\\\/12\\\/cropped-logo_educa.png\",\"contentUrl\":\"https:\\\/\\\/centro-cee.com\\\/web\\\/wp-content\\\/uploads\\\/2022\\\/12\\\/cropped-logo_educa.png\",\"width\":157,\"height\":63,\"caption\":\"Centro Europeo E-learning CEE\"},\"image\":{\"@id\":\"https:\\\/\\\/centro-cee.com\\\/web\\\/#\\\/schema\\\/logo\\\/image\\\/\"},\"sameAs\":[\"https:\\\/\\\/www.instagram.com\\\/centroeuropeo_cee\"]}]}<\/script>\n<!-- \/ Yoast SEO plugin. -->","yoast_head_json":{"title":"M\u00e1ster en Fisioterapia y Rehabilitaci\u00f3n Deportiva","description":"M\u00e1ster en Fisioterapia y Rehabilitaci\u00f3n Deportiva, aprende todo lo necesario para dominar la fisioterapia y rehabilitaci\u00f3n deportiva.","robots":{"index":"index","follow":"follow","max-snippet":"max-snippet:-1","max-image-preview":"max-image-preview:large","max-video-preview":"max-video-preview:-1"},"canonical":"https:\/\/centro-cee.com\/web\/producto\/master-en-fisioterapia-y-rehabilitacion-deportiva-clea\/","og_locale":"es_ES","og_type":"article","og_title":"M\u00e1ster en Fisioterapia y Rehabilitaci\u00f3n Deportiva","og_description":"M\u00e1ster en Fisioterapia y Rehabilitaci\u00f3n Deportiva, aprende todo lo necesario para dominar la fisioterapia y rehabilitaci\u00f3n deportiva.","og_url":"https:\/\/centro-cee.com\/web\/producto\/master-en-fisioterapia-y-rehabilitacion-deportiva-clea\/","og_site_name":"CEE Centro Europeo E-learning - Cursos online","article_modified_time":"2026-03-13T16:56:10+00:00","og_image":[{"width":1609,"height":1920,"url":"https:\/\/centro-cee.com\/web\/wp-content\/uploads\/2023\/02\/cee050.jpg","type":"image\/jpeg"}],"twitter_card":"summary_large_image","twitter_misc":{"Tiempo de lectura":"4 minutos"},"schema":{"@context":"https:\/\/schema.org","@graph":[{"@type":"WebPage","@id":"https:\/\/centro-cee.com\/web\/producto\/master-en-fisioterapia-y-rehabilitacion-deportiva-clea\/","url":"https:\/\/centro-cee.com\/web\/producto\/master-en-fisioterapia-y-rehabilitacion-deportiva-clea\/","name":"M\u00e1ster en Fisioterapia y Rehabilitaci\u00f3n Deportiva","isPartOf":{"@id":"https:\/\/centro-cee.com\/web\/#website"},"primaryImageOfPage":{"@id":"https:\/\/centro-cee.com\/web\/producto\/master-en-fisioterapia-y-rehabilitacion-deportiva-clea\/#primaryimage"},"image":{"@id":"https:\/\/centro-cee.com\/web\/producto\/master-en-fisioterapia-y-rehabilitacion-deportiva-clea\/#primaryimage"},"thumbnailUrl":"https:\/\/centro-cee.com\/web\/wp-content\/uploads\/2023\/02\/cee050.jpg","datePublished":"2024-04-23T10:19:08+00:00","dateModified":"2026-03-13T16:56:10+00:00","description":"M\u00e1ster en Fisioterapia y Rehabilitaci\u00f3n Deportiva, aprende todo lo necesario para dominar la fisioterapia y rehabilitaci\u00f3n deportiva.","breadcrumb":{"@id":"https:\/\/centro-cee.com\/web\/producto\/master-en-fisioterapia-y-rehabilitacion-deportiva-clea\/#breadcrumb"},"inLanguage":"es","potentialAction":[{"@type":"ReadAction","target":["https:\/\/centro-cee.com\/web\/producto\/master-en-fisioterapia-y-rehabilitacion-deportiva-clea\/"]}]},{"@type":"ImageObject","inLanguage":"es","@id":"https:\/\/centro-cee.com\/web\/producto\/master-en-fisioterapia-y-rehabilitacion-deportiva-clea\/#primaryimage","url":"https:\/\/centro-cee.com\/web\/wp-content\/uploads\/2023\/02\/cee050.jpg","contentUrl":"https:\/\/centro-cee.com\/web\/wp-content\/uploads\/2023\/02\/cee050.jpg","width":1609,"height":1920,"caption":"M\u00e1ster fisioterapia y rehabilitaci\u00f3n deportiva, Centro CEE"},{"@type":"BreadcrumbList","@id":"https:\/\/centro-cee.com\/web\/producto\/master-en-fisioterapia-y-rehabilitacion-deportiva-clea\/#breadcrumb","itemListElement":[{"@type":"ListItem","position":1,"name":"Portada","item":"https:\/\/centro-cee.com\/web\/"},{"@type":"ListItem","position":2,"name":"Fisioterapia y Rehabilitaci\u00f3n Deportiva &#8211; Universidad CLEA"}]},{"@type":"WebSite","@id":"https:\/\/centro-cee.com\/web\/#website","url":"https:\/\/centro-cee.com\/web\/","name":"Centro Europeo E-learning","description":"CEE Formaci\u00f3n Online","publisher":{"@id":"https:\/\/centro-cee.com\/web\/#organization"},"alternateName":"Centro Online de Formaci\u00f3n","potentialAction":[{"@type":"SearchAction","target":{"@type":"EntryPoint","urlTemplate":"https:\/\/centro-cee.com\/web\/?s={search_term_string}"},"query-input":{"@type":"PropertyValueSpecification","valueRequired":true,"valueName":"search_term_string"}}],"inLanguage":"es"},{"@type":"Organization","@id":"https:\/\/centro-cee.com\/web\/#organization","name":"Centro Europeo E-learning CEE","url":"https:\/\/centro-cee.com\/web\/","logo":{"@type":"ImageObject","inLanguage":"es","@id":"https:\/\/centro-cee.com\/web\/#\/schema\/logo\/image\/","url":"https:\/\/centro-cee.com\/web\/wp-content\/uploads\/2022\/12\/cropped-logo_educa.png","contentUrl":"https:\/\/centro-cee.com\/web\/wp-content\/uploads\/2022\/12\/cropped-logo_educa.png","width":157,"height":63,"caption":"Centro Europeo E-learning CEE"},"image":{"@id":"https:\/\/centro-cee.com\/web\/#\/schema\/logo\/image\/"},"sameAs":["https:\/\/www.instagram.com\/centroeuropeo_cee"]}]}},"_links":{"self":[{"href":"https:\/\/centro-cee.com\/web\/wp-json\/wp\/v2\/product\/1618","targetHints":{"allow":["GET"]}}],"collection":[{"href":"https:\/\/centro-cee.com\/web\/wp-json\/wp\/v2\/product"}],"about":[{"href":"https:\/\/centro-cee.com\/web\/wp-json\/wp\/v2\/types\/product"}],"replies":[{"embeddable":true,"href":"https:\/\/centro-cee.com\/web\/wp-json\/wp\/v2\/comments?post=1618"}],"wp:featuredmedia":[{"embeddable":true,"href":"https:\/\/centro-cee.com\/web\/wp-json\/wp\/v2\/media\/1033"}],"wp:attachment":[{"href":"https:\/\/centro-cee.com\/web\/wp-json\/wp\/v2\/media?parent=1618"}],"wp:term":[{"taxonomy":"product_brand","embeddable":true,"href":"https:\/\/centro-cee.com\/web\/wp-json\/wp\/v2\/product_brand?post=1618"},{"taxonomy":"product_cat","embeddable":true,"href":"https:\/\/centro-cee.com\/web\/wp-json\/wp\/v2\/product_cat?post=1618"},{"taxonomy":"product_tag","embeddable":true,"href":"https:\/\/centro-cee.com\/web\/wp-json\/wp\/v2\/product_tag?post=1618"}],"curies":[{"name":"wp","href":"https:\/\/api.w.org\/{rel}","templated":true}]}}