{"id":1607,"date":"2024-04-09T09:07:20","date_gmt":"2024-04-09T09:07:20","guid":{"rendered":"https:\/\/centro-cee.com\/web\/?post_type=product&#038;p=1607"},"modified":"2026-03-13T16:56:52","modified_gmt":"2026-03-13T16:56:52","slug":"monitor-de-body-training-motivacion-y-coaching-deportivo","status":"publish","type":"product","link":"https:\/\/centro-cee.com\/web\/producto\/monitor-de-body-training-motivacion-y-coaching-deportivo\/","title":{"rendered":"Monitor de body training + motivaci\u00f3n y coaching deportivo"},"content":{"rendered":"<p><a href=\"https:\/\/centro-cee.com\/web\/formaciones\/\">Atr\u00e1s<\/a><\/p>\n<p><em><strong>Monitor de body training + motivaci\u00f3n y coaching deportivo<\/strong><\/em><\/p>\n<p>Toda esta informaci\u00f3n se realiza 100% online en nuestro campus online de formaci\u00f3n.<\/p>\n<p>Las tutor\u00edas se realizan directamente desde el campus de estudio con la opci\u00f3n de mensajer\u00eda a profesores. Las tutorias son \u201ca demanda\u201d, cuando necesites soporte nos lo pides.<\/p>\n<p>Los t\u00edtulos de Centro CEE est\u00e1n autenticados por la firma de notario que valida contenidos y autenticidad a nivel internacional. Nuestra organizaci\u00f3n pertenece a la Asociaci\u00f3n Espa\u00f1ola de Calidad, organizaci\u00f3n Espa\u00f1ola de referencia para la calidad\u00a0en la formaci\u00f3n de auxiliar de enfermer\u00eda. La certificaci\u00f3n se puede apostillar por la Haya para cualquier pa\u00eds firmante del convenio de la Haya.<\/p>\n<p>Se puede pagar a plazos.<\/p>\n<p>Carga horaria de la formaci\u00f3n: 280h<\/p>\n<p>&nbsp;<\/p>\n<h2>Temario<\/h2>\n<hr \/>\n<p>UNIDAD DID\u00c1CTICA 1. BASES ANAT\u00d3MICAS Y FISIOL\u00d3GICAS DEL MOVIMIENTO<br \/>\n1. Introducci\u00f3n.<br \/>\n2. &#8211; Mec\u00e1nica del movimiento.<br \/>\n3. Fundamentos anat\u00f3micos del movimiento.<br \/>\n4. \u2026<br \/>\nUNIDAD DID\u00c1CTICA 2. SISTEMA \u00d3SEO<br \/>\n1. Morfolog\u00eda.<br \/>\n2. Fisiolog\u00eda.<br \/>\n3. Divisi\u00f3n del esqueleto.<br \/>\n4. Desarrollo \u00f3seo.<br \/>\n5. Sistema \u00f3seo.<br \/>\n6. &#8211; Columna vertebral.<br \/>\n7. &#8211; Tronco.<br \/>\n8. \u2026<br \/>\nUNIDAD DID\u00c1CTICA 3. FISIOLOG\u00cdA MUSCULAR<br \/>\n1. Introducci\u00f3n<br \/>\n2. Tejido muscular<br \/>\n3. Clasificaci\u00f3n muscular<br \/>\n4. Acciones musculares<br \/>\n5. \u2026<br \/>\nUNIDAD DID\u00c1CTICA 4. SISTEMAS ENERG\u00c9TICOS<br \/>\n1. Sistema energ\u00e9tico.<br \/>\n2. ATP (Adenosina Trifosfato).<br \/>\n3. Tipos de fuentes energ\u00e9ticas.<br \/>\n4. Sistemas anaer\u00f3bico al\u00e1ctico o sistema fosf\u00e1geno.<br \/>\n5. \u2026<br \/>\nUNIDAD DID\u00c1CTICA 5. METABOLISMO EN FISIOLOG\u00cdA DEL EJERCICIO<br \/>\n1. El ejercicio f\u00edsico.<br \/>\n2. &#8211; Clasificaci\u00f3n.<br \/>\n3. &#8211; Efectos fisiol\u00f3gicos del ejercicio f\u00edsico.<br \/>\n4. &#8211; Efectos fisiol\u00f3gicos en ni\u00f1os y adolescentes.<br \/>\n5. &#8211; Fases del ejercicio.<br \/>\n6. Adaptaciones org\u00e1nicas en el ejercicio.<br \/>\n7. &#8211; Adaptaciones metab\u00f3licas.<br \/>\n8. \u2026<br \/>\nUNIDAD DID\u00c1CTICA 6. EL BODY TRAINING COMO EJERCICIO<br \/>\n1. Concepto de body training<br \/>\n2. &#8211; Materiales empleados en body training<br \/>\n3. Origen del body training<br \/>\n4. &#8211; Les mills<br \/>\n5. \u2026<br \/>\nUNIDAD DID\u00c1CTICA 7. PERFIL DEL MONITOR DE BODY TRAINING<br \/>\n1. El monitor de body training<br \/>\n2. &#8211; Habilidades y caracter\u00edsticas personales<br \/>\n3. Imagen del instructor<br \/>\n4. &#8211; Comunicaci\u00f3n y motivaci\u00f3n<br \/>\n5. Capacidades del monitor de body training<br \/>\n6. &#8211; Capacidades funcionales<br \/>\n7. \u2026<br \/>\nUNIDAD DID\u00c1CTICA 8. TEOR\u00cdA DEL ENTRENAMIENTO<br \/>\n1. Introducci\u00f3n al entrenamiento<br \/>\n2. Teor\u00edas que explican los fen\u00f3menos de adaptaci\u00f3n del organismo a los esfuerzos<br \/>\n3. &#8211; S\u00edndrome general de adaptaci\u00f3n del organismo a los esfuerzos<br \/>\n4. &#8211; Ley del umbral (Ley de Shultz-Arnodt)<br \/>\n5. &#8211; Principio de la supercompensaci\u00f3n<br \/>\n6. &#8211; Principios del entrenamiento de la condici\u00f3n f\u00edsica<br \/>\n7. Factores que intervienen en el entrenamiento f\u00edsico<br \/>\n8. Medici\u00f3n y evaluaci\u00f3n de la condici\u00f3n f\u00edsica<br \/>\n9. Calentamiento y enfriamiento<br \/>\n10. \u2026<br \/>\nUNIDAD DID\u00c1CTICA 9. PROGRAMA DE ENTRENAMIENTO F\u00cdSICO DE BODY TRAINING<br \/>\n1. Sesi\u00f3n de body training<br \/>\n2. &#8211; Duraci\u00f3n de la sesi\u00f3n<br \/>\n3. &#8211; Estructura de una sesi\u00f3n de body training<br \/>\n4. Estructura del entrenamiento de body training<br \/>\n5. &#8211; Primer track. Calentamiento<br \/>\n6. &#8211; Segundo track. Squats<br \/>\n7. &#8211; Tercer track. Pectoral<br \/>\n8. &#8211; Cuarto track. Dorsal<br \/>\n9. \u2026<br \/>\nUNIDAD DID\u00c1CTICA 10. LESIONES DEPORTIVAS. PREVENCI\u00d3N Y TRATAMIENTO<br \/>\n1. Introducci\u00f3n a las lesiones deportivas.<br \/>\n2. Definici\u00f3n.<br \/>\n3. La prevenci\u00f3n.<br \/>\n4. Tratamiento.<br \/>\n5. Lesiones deportivas frecuentes.<br \/>\n6. &#8211; Introducci\u00f3n.<br \/>\n7. \u2026<br \/>\nUNIDAD DID\u00c1CTICA 11. PRIMEROS AUXILIOS<br \/>\n1. Introducci\u00f3n a los primeros auxilios<br \/>\n2. &#8211; Principios b\u00e1sicos de actuaci\u00f3n en primeros auxilios.<br \/>\n3. &#8211; La respiraci\u00f3n.<br \/>\n4. &#8211; El pulso.<br \/>\n5. Actuaciones en primeros auxilios.<br \/>\n6. &#8211; Ahogamiento.<br \/>\n7. &#8211; Las p\u00e9rdidas de consciencia.<br \/>\n8. \u2026<\/p>\n<p>COACHING DEPORTIVO + MOTIVACI\u00d3N<br \/>\nTEMA 1. \u00bfQU\u00c9 ES EL COACHING?<br \/>\n1. El cambio, la crisis y la construcci\u00f3n de la identidad<br \/>\n2. Concepto de coaching<br \/>\n3. Etimolog\u00eda del coaching<br \/>\n4. \u2026<br \/>\nTEMA 2. IMPORTANCIA DEL COACHING<br \/>\n1. \u00bfPor qu\u00e9 es importante el coaching?<br \/>\n2. Principios y valores<br \/>\n3. Tipos de coaching<br \/>\n4. \u2026<br \/>\nTEMA 3. ASPECTOS FUNDAMENTALES DEL COACHING (I)<br \/>\n1. Introducci\u00f3n: los elementos claves para el \u00e9xito<br \/>\n2. Motivaci\u00f3n<br \/>\n3. \u2026<br \/>\nTEMA 4. ASPECTOS FUNDAMENTALES DEL COACHING (II)<br \/>\n1. Responsabilidad y compromiso<br \/>\n2. Acci\u00f3n<br \/>\n3. Creatividad<br \/>\n4. Contenido y proceso<br \/>\n5. \u2026<br \/>\nTEMA 5. \u00c9TICA Y COACHING<br \/>\n1. Liderazgo, poder y \u00e9tica<br \/>\n2. Confidencialidad del Proceso<br \/>\n3. \u00c9tica y Deontolog\u00eda del coach<br \/>\n4. C\u00f3digo Deontol\u00f3gico del Coach<br \/>\n5. \u2026<\/p>\n<p>TEMA 6. COACHING, CAMBIO Y APRENDIZAJE<br \/>\n1. La superaci\u00f3n de los bloqueos<br \/>\n2. El deseo de avanzar<br \/>\n3. Coaching y aprendizaje<br \/>\n4. \u2026<br \/>\nTEMA 7. EL PROCESO DE COACHING: ASPECTOS GENERALES<br \/>\n1. Coaching \u00bfherramienta o proceso?<br \/>\n2. Motivaci\u00f3n en el proceso<br \/>\n3. \u2026<br \/>\nTEMA 8. HABILIDADES RELACIONADAS CON EL PROCESO<br \/>\n1. Introducci\u00f3n<br \/>\n2. Escucha<br \/>\n3. Empat\u00eda<br \/>\n4. May\u00e9utica e influencia<br \/>\n5. La capacidad diagn\u00f3stica<br \/>\nTEMA 9. FASES EN EL PROCESO DE COACHING<br \/>\n1. Primera fase: establecer la relaci\u00f3n de coaching<br \/>\n2. Segunda fase: planificaci\u00f3n de la acci\u00f3n<br \/>\n3. Tercera fase: ciclo de coaching<br \/>\n4. \u2026<br \/>\nTEMA 10. EVALUACI\u00d3N (I)<br \/>\n1. \u00bfPor qu\u00e9 es necesaria la evaluaci\u00f3n?<br \/>\n2. Beneficios de los programas de evaluaci\u00f3n de coaching<br \/>\n3. Factores que pueden interferir en la evaluaci\u00f3n<br \/>\n4. \u2026<br \/>\nTEMA 11. EVALUACI\u00d3N (II)<br \/>\n1. El final de la evaluaci\u00f3n<br \/>\n2. Evaluaci\u00f3n externa<br \/>\n3. Sesiones de evaluaci\u00f3n continua<br \/>\n4. Tipos de perfiles<br \/>\n5. Cuestionario para evaluar a un coach<br \/>\n6. \u2026<br \/>\nTEMA 12. EL COACH<br \/>\n1. La figura del coach<br \/>\n2. Tipos de coach<br \/>\n3. Papel del coach en el proceso de coaching ejecutivo<br \/>\nTEMA 13. COMPETENCIAS DEL COACH<br \/>\n1. Competencias clave y actuaci\u00f3n del coach<br \/>\n2. Las caracter\u00edsticas del coach efectivo para el desarrollo de competencias<br \/>\n3. Dos competencias clave para el desarrollo de una empresa liberadora<br \/>\nTEMA 14. LA PREPARACI\u00d3N DE UN BUEN COACH<br \/>\n1. Preparaci\u00f3n t\u00e9cnica: formaci\u00f3n y experiencia empresarial<br \/>\n2. Errores m\u00e1s comunes del coach<br \/>\n3. Capacitaci\u00f3n para conducir las sesiones de coaching<br \/>\nTEMA 15. LA FIGURA DEL COACHEE<br \/>\n1. La figura del coachee<br \/>\n2. Caracter\u00edsticas del destinatario del coaching<br \/>\n3. La capacidad para recibir el coaching<br \/>\n4. \u2026<br \/>\nTEMA 16. COACHING Y DEPORTE<br \/>\n1. El origen del coaching<br \/>\n2. La estrategia deportiva<br \/>\n3. Coaching deportivo: aprender a fluir<br \/>\nTEMA 17. VALORES DEL DEPORTE<br \/>\n1. El deporte: crisol de valores<br \/>\n2. La sana competitividad<br \/>\n3. Beneficios del deporte<br \/>\n4. Coaching deportivo y salud<br \/>\nTEMA 18. EL ENTRENADOR: COACH<br \/>\n1. Descripci\u00f3n del buen entrenador<br \/>\n2. Objetivos, misi\u00f3n y valores del entrenador<br \/>\n3. Claves del entrenador-coach<br \/>\n4. Gestionar deportistas<br \/>\nTEMA 19. EL ENTRENAMIENTO<br \/>\n1. \u00bfQu\u00e9 significa entrenar?<br \/>\n2. Claves para un buen entrenamiento<br \/>\n3. Tipos de entrenamiento<br \/>\n4. \u2026<br \/>\nTEMA 20. CONCIENCIA PERSONAL<br \/>\n1. El deportista: concentraci\u00f3n<br \/>\n2. Regulaci\u00f3n emocional en el deporte y las atribuciones<br \/>\n3. Autoestima y autoconfianza<br \/>\n4. Prevenci\u00f3n de lesiones<br \/>\nTEMA 21. CONCIENCIA GRUPAL<br \/>\n1. El equipo: sinergia grupal<br \/>\n2. Grupo vs. Equipo<br \/>\n3. El \u00e9xito colectivo<br \/>\nTEMA 22. GESTI\u00d3N DE LAS EMOCIONES<br \/>\n1. Mantener una actitud positiva<br \/>\n2. Motivaci\u00f3n<br \/>\n3. Reconocer las posibilidades: autovaloraci\u00f3n<br \/>\n4. \u2026<br \/>\nTEMA 23. EL CUERPO, LA MENTE Y EL DEPORTE<br \/>\n1. Cuerpo<br \/>\n2. Mente<br \/>\n3. Equilibrio cuerpo y mente<br \/>\nTEMA 24. L\u00cdDER Y LIDERAZGO<br \/>\n1. El l\u00edder<br \/>\n2. Liderazgo<br \/>\n3. Enfoques centrados en el l\u00edder<br \/>\n4. Teor\u00edas situacionales o de contingencia<br \/>\n5. \u2026<br \/>\nTEMA 25. T\u00c9CNICAS DEPORTIVAS<br \/>\n1. Introducci\u00f3n a las t\u00e9cnicas de coaching en positivo<br \/>\n2. Visualizaci\u00f3n<br \/>\n3. Relajaci\u00f3n<br \/>\n4. Concentraci\u00f3n<br \/>\nTEMA 26. T\u00c9CNICAS DE EQUIPO<br \/>\n1. Definici\u00f3n y clasificaci\u00f3n<br \/>\n2. T\u00e9cnicas de grupo grande<br \/>\n3. Grupo mediano<br \/>\n4. T\u00e9cnicas de grupo peque\u00f1o<br \/>\n5. T\u00e9cnicas que requieren del coach<br \/>\n6. \u2026<br \/>\nTEMA 27. LAS METAS EN EL DEPORTE<br \/>\n1. \u00bfQu\u00e9 entendemos por meta?<br \/>\n2. Pautas para establecer una buena meta<br \/>\n3. Dise\u00f1o de un sistema de establecimiento de metas<br \/>\nTEMA 28. ESTABLECER OBJETIVOS<br \/>\n1. Diferencia entre objetivo y meta<br \/>\n2. Pautas para enunciar objetivos<br \/>\n3. Fases para establecer objetivos<br \/>\nTEMA 29. PREPARACI\u00d3N PARA ALCANZAR LA META<br \/>\n1. Plantear las metas<br \/>\n2. Conseguir las metas<br \/>\n3. M\u00d3DULO VIII. COACHING DEPORTIVO Y OTRAS DISCIPLINAS<br \/>\nTEMA 30. COACHING, PSICOLOG\u00cdA DEL DEPORTE Y DEPORTE<br \/>\n1. \u00bfQu\u00e9 es la psicolog\u00eda del deporte?<br \/>\n2. Herramientas, ejercicios y principios de la psicolog\u00eda del deporte<br \/>\n3. Aportaciones de la psicolog\u00eda al deporte<br \/>\nTEMA 31. COACHING, MENTORING Y DEPORTE<br \/>\n1. \u00bfQu\u00e9 es el mentoring?<br \/>\n2. Semejanzas y diferencias entre coaching y mentoring<br \/>\n3. Principios y leyes del mentoring<br \/>\n4. Herramientas y t\u00e9cnicas del mentoring<br \/>\nTEMA 32. COACHING, INTELIGENCIA EMOCIONAL Y DEPORTE<br \/>\n1. \u00bfQu\u00e9 es la Inteligencia Emocional?<br \/>\n2. Componentes de la inteligencia emocional<br \/>\n3. Habilidades de inteligencia emocional<br \/>\n4. \u2026<br \/>\nTEMA 33. COACHING, PNL Y DEPORTE<br \/>\n1. \u00bfQu\u00e9 es la Programaci\u00f3n Neuroling\u00fc\u00edstica?<br \/>\n2. Principios de la PNL<\/p>\n<p>TEMA 34. CONCEPTOS B\u00c1SICOS MOTIVACI\u00d3N<br \/>\n1.1. \u00bfQu\u00e9 es la motivaci\u00f3n?<br \/>\n1.2. Motivaci\u00f3n y satisfacci\u00f3n<\/p>\n<p>TEMA 35. TEOR\u00cdAS Y MODELOS<br \/>\n1.1. Conexionismo\u00a0y Taylorismo<br \/>\n1.2. Escuela de las relaciones humanas<br \/>\n1.3. Teor\u00eda ERC de Alderfer<br \/>\n1.4. Teor\u00eda de motivaci\u00f3n e higiene de Herzberg<br \/>\n2. \u2026<\/p>\n<p>TEMA 36. OTROS FACTORES<br \/>\n2.1. Motivaci\u00f3n y retribuci\u00f3n<br \/>\n2.2. Intra-emprendedores<br \/>\n2.3. Liderazgo<\/p>\n<p><em><strong>Monitor de body training + motivaci\u00f3n y coaching deportivo<\/strong><\/em><\/p>\n<hr \/>\n","protected":false},"excerpt":{"rendered":"<p><a href=\"https:\/\/centro-cee.com\/web\/formaciones\/\">Atr\u00e1s<\/a><\/p>\n<p>Sea un experto como Monitor de Body Training + Motivaci\u00f3n y Coaching Deportivo. Esta actividad de entrenamiento permite realizar clases colectivas con actividades dirigidas y con soporte musical, esto hace que los alumnos\/as del grupo permanezcan con un grado de motivaci\u00f3n superior al del resto de actividades f\u00edsicas de entrenamiento. Por ello estas actividades guiadas tiene mucho \u00e9xito en gimnasios y centros deportivos, lo que hace que requiere de demanda laboral para entrenadoras\/es con esta preparaci\u00f3n espec\u00edfica.<br \/>\n&nbsp;<\/p>\n","protected":false},"featured_media":1633,"comment_status":"closed","ping_status":"closed","template":"","meta":[],"product_brand":[],"product_cat":[2052,34],"product_tag":[206,656,660,652,653,658,659,654,657,655],"class_list":{"0":"post-1607","1":"product","2":"type-product","3":"status-publish","4":"has-post-thumbnail","6":"product_cat-cursos-educacion","7":"product_cat-tecnicos","8":"product_tag-coaching-deportivo","9":"product_tag-curso-de-entrenamiento-fisico-y-coaching","10":"product_tag-curso-de-entrenamiento-personal-y-motivacion","11":"product_tag-curso-de-monitor-de-body-training","12":"product_tag-curso-de-motivacion-deportiva","13":"product_tag-curso-online-de-body-training-y-coaching","14":"product_tag-estrategias-de-motivacion-para-entrenadores","15":"product_tag-formacion-en-body-training","16":"product_tag-monitor-de-fitness-y-coaching","17":"product_tag-tecnicas-de-motivacion-en-deporte","19":"first","20":"instock","21":"sale","22":"shipping-taxable","23":"purchasable","24":"product-type-simple"},"yoast_head":"<!-- This site is optimized with the Yoast SEO plugin v27.4 - https:\/\/yoast.com\/product\/yoast-seo-wordpress\/ -->\n<title>Monitor de body training + motivaci\u00f3n y coaching deportivo<\/title>\n<meta name=\"description\" content=\"Desarrolla tus habilidades y mejora tus conocimientos y preparate con nuestra formaci\u00f3n de Monitor de body training + motivaci\u00f3n y coaching deportivo\" \/>\n<meta name=\"robots\" content=\"index, follow, max-snippet:-1, max-image-preview:large, max-video-preview:-1\" \/>\n<link rel=\"canonical\" href=\"https:\/\/centro-cee.com\/web\/producto\/monitor-de-body-training-motivacion-y-coaching-deportivo\/\" \/>\n<meta property=\"og:locale\" content=\"es_ES\" \/>\n<meta property=\"og:type\" content=\"article\" \/>\n<meta property=\"og:title\" content=\"Monitor de body training + motivaci\u00f3n y coaching deportivo\" \/>\n<meta property=\"og:description\" content=\"Desarrolla tus habilidades y mejora tus conocimientos y preparate con nuestra formaci\u00f3n de Monitor de body training + motivaci\u00f3n y coaching deportivo\" \/>\n<meta property=\"og:url\" content=\"https:\/\/centro-cee.com\/web\/producto\/monitor-de-body-training-motivacion-y-coaching-deportivo\/\" \/>\n<meta property=\"og:site_name\" content=\"CEE Centro Europeo E-learning - Cursos online\" \/>\n<meta property=\"article:modified_time\" content=\"2026-03-13T16:56:52+00:00\" \/>\n<meta property=\"og:image\" content=\"https:\/\/centro-cee.com\/web\/wp-content\/uploads\/2024\/04\/Captura.png\" \/>\n\t<meta property=\"og:image:width\" content=\"778\" \/>\n\t<meta property=\"og:image:height\" content=\"635\" \/>\n\t<meta property=\"og:image:type\" content=\"image\/png\" \/>\n<meta name=\"twitter:card\" content=\"summary_large_image\" \/>\n<meta name=\"twitter:label1\" content=\"Tiempo de lectura\" \/>\n\t<meta name=\"twitter:data1\" content=\"3 minutos\" \/>\n<script type=\"application\/ld+json\" class=\"yoast-schema-graph\">{\"@context\":\"https:\\\/\\\/schema.org\",\"@graph\":[{\"@type\":\"WebPage\",\"@id\":\"https:\\\/\\\/centro-cee.com\\\/web\\\/producto\\\/monitor-de-body-training-motivacion-y-coaching-deportivo\\\/\",\"url\":\"https:\\\/\\\/centro-cee.com\\\/web\\\/producto\\\/monitor-de-body-training-motivacion-y-coaching-deportivo\\\/\",\"name\":\"Monitor de body training + motivaci\u00f3n y coaching deportivo\",\"isPartOf\":{\"@id\":\"https:\\\/\\\/centro-cee.com\\\/web\\\/#website\"},\"primaryImageOfPage\":{\"@id\":\"https:\\\/\\\/centro-cee.com\\\/web\\\/producto\\\/monitor-de-body-training-motivacion-y-coaching-deportivo\\\/#primaryimage\"},\"image\":{\"@id\":\"https:\\\/\\\/centro-cee.com\\\/web\\\/producto\\\/monitor-de-body-training-motivacion-y-coaching-deportivo\\\/#primaryimage\"},\"thumbnailUrl\":\"https:\\\/\\\/centro-cee.com\\\/web\\\/wp-content\\\/uploads\\\/2024\\\/04\\\/Captura.png\",\"datePublished\":\"2024-04-09T09:07:20+00:00\",\"dateModified\":\"2026-03-13T16:56:52+00:00\",\"description\":\"Desarrolla tus habilidades y mejora tus conocimientos y preparate con nuestra formaci\u00f3n de Monitor de body training + motivaci\u00f3n y coaching deportivo\",\"breadcrumb\":{\"@id\":\"https:\\\/\\\/centro-cee.com\\\/web\\\/producto\\\/monitor-de-body-training-motivacion-y-coaching-deportivo\\\/#breadcrumb\"},\"inLanguage\":\"es\",\"potentialAction\":[{\"@type\":\"ReadAction\",\"target\":[\"https:\\\/\\\/centro-cee.com\\\/web\\\/producto\\\/monitor-de-body-training-motivacion-y-coaching-deportivo\\\/\"]}]},{\"@type\":\"ImageObject\",\"inLanguage\":\"es\",\"@id\":\"https:\\\/\\\/centro-cee.com\\\/web\\\/producto\\\/monitor-de-body-training-motivacion-y-coaching-deportivo\\\/#primaryimage\",\"url\":\"https:\\\/\\\/centro-cee.com\\\/web\\\/wp-content\\\/uploads\\\/2024\\\/04\\\/Captura.png\",\"contentUrl\":\"https:\\\/\\\/centro-cee.com\\\/web\\\/wp-content\\\/uploads\\\/2024\\\/04\\\/Captura.png\",\"width\":778,\"height\":635,\"caption\":\"Monitor de body training + motivaci\u00f3n y coaching deportivo\"},{\"@type\":\"BreadcrumbList\",\"@id\":\"https:\\\/\\\/centro-cee.com\\\/web\\\/producto\\\/monitor-de-body-training-motivacion-y-coaching-deportivo\\\/#breadcrumb\",\"itemListElement\":[{\"@type\":\"ListItem\",\"position\":1,\"name\":\"Portada\",\"item\":\"https:\\\/\\\/centro-cee.com\\\/web\\\/\"},{\"@type\":\"ListItem\",\"position\":2,\"name\":\"Monitor de body training + motivaci\u00f3n y coaching deportivo\"}]},{\"@type\":\"WebSite\",\"@id\":\"https:\\\/\\\/centro-cee.com\\\/web\\\/#website\",\"url\":\"https:\\\/\\\/centro-cee.com\\\/web\\\/\",\"name\":\"Centro Europeo E-learning\",\"description\":\"CEE Formaci\u00f3n Online\",\"publisher\":{\"@id\":\"https:\\\/\\\/centro-cee.com\\\/web\\\/#organization\"},\"alternateName\":\"Centro Online de Formaci\u00f3n\",\"potentialAction\":[{\"@type\":\"SearchAction\",\"target\":{\"@type\":\"EntryPoint\",\"urlTemplate\":\"https:\\\/\\\/centro-cee.com\\\/web\\\/?s={search_term_string}\"},\"query-input\":{\"@type\":\"PropertyValueSpecification\",\"valueRequired\":true,\"valueName\":\"search_term_string\"}}],\"inLanguage\":\"es\"},{\"@type\":\"Organization\",\"@id\":\"https:\\\/\\\/centro-cee.com\\\/web\\\/#organization\",\"name\":\"Centro Europeo E-learning CEE\",\"url\":\"https:\\\/\\\/centro-cee.com\\\/web\\\/\",\"logo\":{\"@type\":\"ImageObject\",\"inLanguage\":\"es\",\"@id\":\"https:\\\/\\\/centro-cee.com\\\/web\\\/#\\\/schema\\\/logo\\\/image\\\/\",\"url\":\"https:\\\/\\\/centro-cee.com\\\/web\\\/wp-content\\\/uploads\\\/2022\\\/12\\\/cropped-logo_educa.png\",\"contentUrl\":\"https:\\\/\\\/centro-cee.com\\\/web\\\/wp-content\\\/uploads\\\/2022\\\/12\\\/cropped-logo_educa.png\",\"width\":157,\"height\":63,\"caption\":\"Centro Europeo E-learning CEE\"},\"image\":{\"@id\":\"https:\\\/\\\/centro-cee.com\\\/web\\\/#\\\/schema\\\/logo\\\/image\\\/\"},\"sameAs\":[\"https:\\\/\\\/www.instagram.com\\\/centroeuropeo_cee\"]}]}<\/script>\n<!-- \/ Yoast SEO plugin. -->","yoast_head_json":{"title":"Monitor de body training + motivaci\u00f3n y coaching deportivo","description":"Desarrolla tus habilidades y mejora tus conocimientos y preparate con nuestra formaci\u00f3n de Monitor de body training + motivaci\u00f3n y coaching deportivo","robots":{"index":"index","follow":"follow","max-snippet":"max-snippet:-1","max-image-preview":"max-image-preview:large","max-video-preview":"max-video-preview:-1"},"canonical":"https:\/\/centro-cee.com\/web\/producto\/monitor-de-body-training-motivacion-y-coaching-deportivo\/","og_locale":"es_ES","og_type":"article","og_title":"Monitor de body training + motivaci\u00f3n y coaching deportivo","og_description":"Desarrolla tus habilidades y mejora tus conocimientos y preparate con nuestra formaci\u00f3n de Monitor de body training + motivaci\u00f3n y coaching deportivo","og_url":"https:\/\/centro-cee.com\/web\/producto\/monitor-de-body-training-motivacion-y-coaching-deportivo\/","og_site_name":"CEE Centro Europeo E-learning - Cursos online","article_modified_time":"2026-03-13T16:56:52+00:00","og_image":[{"width":778,"height":635,"url":"https:\/\/centro-cee.com\/web\/wp-content\/uploads\/2024\/04\/Captura.png","type":"image\/png"}],"twitter_card":"summary_large_image","twitter_misc":{"Tiempo de lectura":"3 minutos"},"schema":{"@context":"https:\/\/schema.org","@graph":[{"@type":"WebPage","@id":"https:\/\/centro-cee.com\/web\/producto\/monitor-de-body-training-motivacion-y-coaching-deportivo\/","url":"https:\/\/centro-cee.com\/web\/producto\/monitor-de-body-training-motivacion-y-coaching-deportivo\/","name":"Monitor de body training + motivaci\u00f3n y coaching deportivo","isPartOf":{"@id":"https:\/\/centro-cee.com\/web\/#website"},"primaryImageOfPage":{"@id":"https:\/\/centro-cee.com\/web\/producto\/monitor-de-body-training-motivacion-y-coaching-deportivo\/#primaryimage"},"image":{"@id":"https:\/\/centro-cee.com\/web\/producto\/monitor-de-body-training-motivacion-y-coaching-deportivo\/#primaryimage"},"thumbnailUrl":"https:\/\/centro-cee.com\/web\/wp-content\/uploads\/2024\/04\/Captura.png","datePublished":"2024-04-09T09:07:20+00:00","dateModified":"2026-03-13T16:56:52+00:00","description":"Desarrolla tus habilidades y mejora tus conocimientos y preparate con nuestra formaci\u00f3n de Monitor de body training + motivaci\u00f3n y coaching deportivo","breadcrumb":{"@id":"https:\/\/centro-cee.com\/web\/producto\/monitor-de-body-training-motivacion-y-coaching-deportivo\/#breadcrumb"},"inLanguage":"es","potentialAction":[{"@type":"ReadAction","target":["https:\/\/centro-cee.com\/web\/producto\/monitor-de-body-training-motivacion-y-coaching-deportivo\/"]}]},{"@type":"ImageObject","inLanguage":"es","@id":"https:\/\/centro-cee.com\/web\/producto\/monitor-de-body-training-motivacion-y-coaching-deportivo\/#primaryimage","url":"https:\/\/centro-cee.com\/web\/wp-content\/uploads\/2024\/04\/Captura.png","contentUrl":"https:\/\/centro-cee.com\/web\/wp-content\/uploads\/2024\/04\/Captura.png","width":778,"height":635,"caption":"Monitor de body training + motivaci\u00f3n y coaching deportivo"},{"@type":"BreadcrumbList","@id":"https:\/\/centro-cee.com\/web\/producto\/monitor-de-body-training-motivacion-y-coaching-deportivo\/#breadcrumb","itemListElement":[{"@type":"ListItem","position":1,"name":"Portada","item":"https:\/\/centro-cee.com\/web\/"},{"@type":"ListItem","position":2,"name":"Monitor de body training + motivaci\u00f3n y coaching deportivo"}]},{"@type":"WebSite","@id":"https:\/\/centro-cee.com\/web\/#website","url":"https:\/\/centro-cee.com\/web\/","name":"Centro Europeo E-learning","description":"CEE Formaci\u00f3n Online","publisher":{"@id":"https:\/\/centro-cee.com\/web\/#organization"},"alternateName":"Centro Online de Formaci\u00f3n","potentialAction":[{"@type":"SearchAction","target":{"@type":"EntryPoint","urlTemplate":"https:\/\/centro-cee.com\/web\/?s={search_term_string}"},"query-input":{"@type":"PropertyValueSpecification","valueRequired":true,"valueName":"search_term_string"}}],"inLanguage":"es"},{"@type":"Organization","@id":"https:\/\/centro-cee.com\/web\/#organization","name":"Centro Europeo E-learning CEE","url":"https:\/\/centro-cee.com\/web\/","logo":{"@type":"ImageObject","inLanguage":"es","@id":"https:\/\/centro-cee.com\/web\/#\/schema\/logo\/image\/","url":"https:\/\/centro-cee.com\/web\/wp-content\/uploads\/2022\/12\/cropped-logo_educa.png","contentUrl":"https:\/\/centro-cee.com\/web\/wp-content\/uploads\/2022\/12\/cropped-logo_educa.png","width":157,"height":63,"caption":"Centro Europeo E-learning CEE"},"image":{"@id":"https:\/\/centro-cee.com\/web\/#\/schema\/logo\/image\/"},"sameAs":["https:\/\/www.instagram.com\/centroeuropeo_cee"]}]}},"_links":{"self":[{"href":"https:\/\/centro-cee.com\/web\/wp-json\/wp\/v2\/product\/1607","targetHints":{"allow":["GET"]}}],"collection":[{"href":"https:\/\/centro-cee.com\/web\/wp-json\/wp\/v2\/product"}],"about":[{"href":"https:\/\/centro-cee.com\/web\/wp-json\/wp\/v2\/types\/product"}],"replies":[{"embeddable":true,"href":"https:\/\/centro-cee.com\/web\/wp-json\/wp\/v2\/comments?post=1607"}],"wp:featuredmedia":[{"embeddable":true,"href":"https:\/\/centro-cee.com\/web\/wp-json\/wp\/v2\/media\/1633"}],"wp:attachment":[{"href":"https:\/\/centro-cee.com\/web\/wp-json\/wp\/v2\/media?parent=1607"}],"wp:term":[{"taxonomy":"product_brand","embeddable":true,"href":"https:\/\/centro-cee.com\/web\/wp-json\/wp\/v2\/product_brand?post=1607"},{"taxonomy":"product_cat","embeddable":true,"href":"https:\/\/centro-cee.com\/web\/wp-json\/wp\/v2\/product_cat?post=1607"},{"taxonomy":"product_tag","embeddable":true,"href":"https:\/\/centro-cee.com\/web\/wp-json\/wp\/v2\/product_tag?post=1607"}],"curies":[{"name":"wp","href":"https:\/\/api.w.org\/{rel}","templated":true}]}}