{"id":1584,"date":"2024-03-18T12:06:37","date_gmt":"2024-03-18T12:06:37","guid":{"rendered":"https:\/\/centro-cee.com\/web\/?post_type=product&#038;p=1584"},"modified":"2026-03-13T16:57:24","modified_gmt":"2026-03-13T16:57:24","slug":"experto-monitor-de-yoga-gestion-del-estres","status":"publish","type":"product","link":"https:\/\/centro-cee.com\/web\/producto\/experto-monitor-de-yoga-gestion-del-estres\/","title":{"rendered":"Experto monitor de yoga &#038; gesti\u00f3n del estr\u00e9s"},"content":{"rendered":"<p><a href=\"https:\/\/centro-cee.com\/web\/formaciones\/\">Atr\u00e1s<\/a><\/p>\n<p><em><strong>Experto monitor de yoga &#038; gesti\u00f3n del estr\u00e9s<\/strong><\/em><\/p>\n<p>Toda esta informaci\u00f3n se realiza 100% online en nuestro campus online de formaci\u00f3n.<\/p>\n<p>Las tutorias se realizan directamente desde el campus de estudio con la opci\u00f3n de mensajer\u00eda a profesores. Las tutorias son \u201ca demanda\u201d, cuando necesites soporte nos lo pides.<\/p>\n<p>Los t\u00edtulos de Centro CEE est\u00e1n autenticados por la firma de notario que valida contenidos y autenticidad a nivel internacional. Nuestra organizaci\u00f3n pertenece a la Asociaci\u00f3n Espa\u00f1ola de Calidad, organizaci\u00f3n Espa\u00f1ola de referencia para la calidad\u00a0en la formaci\u00f3n de auxiliar de enfermer\u00eda. La certificaci\u00f3n se puede apostillar por la Haya para cualquier pa\u00eds firmante del convenio de la Haya.<\/p>\n<p>Formaci\u00f3n certificada por la <strong>Universidad CLEA<\/strong> con reconocimiento de 50 cr\u00e9ditos acad\u00e9micos.<\/p>\n<p>Se puede pagar a plazos.<\/p>\n<p>Carga horaria de la formaci\u00f3n: 400h<\/p>\n<p>&nbsp;<\/p>\n<h2>Temario<\/h2>\n<hr \/>\n<p>MONITOR DE YOGA<br \/>\nTEMA 1. LA CONCIENCIA CORPORAL<br \/>\n1. Definici\u00f3n de Yoga<br \/>\n2. Or\u00edgenes e historia del Yoga<br \/>\n3. Evoluci\u00f3n<br \/>\n4. \u2026<br \/>\nTEMA 2. FISIOLOG\u00cdA ENERG\u00c9TICA: KOSHAS, CHAKRAS, NADIS<br \/>\n1. Las cinco envolturas<br \/>\n2. Los chakras<br \/>\n3. Los nadis<br \/>\nTEMA 3. LA RESPIRACI\u00d3N<br \/>\n1. Pranayama (t\u00e9cnicas respiratorias)<br \/>\n2. Naturaleza de la respiraci\u00f3n<br \/>\n3. Respiraci\u00f3n oce\u00e1nica (Ujjai Pranayama)<br \/>\n4. \u2026.<br \/>\nTEMA 4. LA RELAJACI\u00d3N<br \/>\n1. Introducci\u00f3n<br \/>\n2. Entrenamiento<br \/>\n3. Pr\u00e1cticas de relajaci\u00f3n<br \/>\n4. Proximidad entre meditaci\u00f3n y relajaci\u00f3n<br \/>\n5. La imaginaci\u00f3n en relajaci\u00f3n<br \/>\n6. \u2026.<br \/>\nTEMA 5. LA VISUALIZACI\u00d3N CREATIVA<br \/>\n1. Introducci\u00f3n<br \/>\n2. Entrenamiento y pr\u00e1ctica<br \/>\n3. El Yoga Nidra<br \/>\nTEMA 6. LA MEDITACI\u00d3N<br \/>\n1. Introducci\u00f3n<br \/>\n2. La historia de la meditaci\u00f3n<br \/>\n3. T\u00e9cnicas para meditar<br \/>\n4. \u2026<br \/>\nTEMA 7. EL KRIYA YOGA Y EL GESTO<br \/>\n1. Introducci\u00f3n<br \/>\n2. Las t\u00e9cnicas m\u00e1s importantes del Kriya Yoga<br \/>\n3. Los mudras<br \/>\n4. \u2026<br \/>\nTEMA 8. ANATOM\u00cdA Y FISIOLOG\u00cdA HUMANA. BIOMEC\u00c1NICA DEL MOVIMIENTO<br \/>\n1. Sistema M\u00fasculo Esquel\u00e9tico<br \/>\n2. Introducci\u00f3n a la biomec\u00e1nica del movimiento<br \/>\nTEMA 9. GESTI\u00d3N DE ESPACIOS Y RECURSOS MATERIALES EN ACTIVIDADES DE INSTRUCCI\u00d3N EN YOGA<br \/>\n1. Introducci\u00f3n<br \/>\n2. Gesti\u00f3n de espacios y tiempo en las actividades de yoga<br \/>\n3. Beneficios del yoga para el cuerpo<br \/>\n4. \u2026<br \/>\nTEMA 10. PROGRAMACI\u00d3N Y METODOLOG\u00cdA EN LAS SESIONES DE YOGA<br \/>\n1. Introducci\u00f3n<br \/>\n2. La estructura de la sesi\u00f3n de yoga<br \/>\n3. La figura del monitor en una clase de yoga<br \/>\n4. Adaptaci\u00f3n de las sesiones a las necesidades y tipolog\u00eda de los practicantes<br \/>\nTEMA 11. APLICACI\u00d3N DE T\u00c9CNICAS ASANAS DE PIE<br \/>\n1. Introducci\u00f3n<br \/>\n2. Tadasana<br \/>\n3. Vrksasana<br \/>\n4. Utthita Trikonasana<br \/>\n5. Utthita Parsvakonasana<br \/>\n6. Virabhadrasana I<br \/>\n7. Virabhadrasana II<br \/>\n8. \u2026.<br \/>\nTEMA 12. APLICACI\u00d3N DE T\u00c9CNICAS ASANAS SENTADAS<br \/>\n1. Introducci\u00f3n<br \/>\n2. Dandasana<br \/>\n3. Virasana<br \/>\n4. Supta Virasana<br \/>\n5. Badha Konasana<br \/>\n6. Supta Baddha Konasana (con soportes)<br \/>\nTEMA 13. APLICACI\u00d3N DE T\u00c9CNICAS ASANAS DE EXTENSI\u00d3N<br \/>\n1. Introducci\u00f3n<br \/>\n2. Salabhasana<br \/>\n3. Makarasana<br \/>\n4. Bhujangasana I<br \/>\n5. Urdhva Mukha Svanasana<br \/>\n6. \u2026<br \/>\nTEMA 14. APLICACI\u00d3N DE T\u00c9CNICAS ASANAS DE FLEXI\u00d3N<br \/>\n1. Introducci\u00f3n<br \/>\n2. Janu Sirsasana<br \/>\n3. Trianga Mukhaikapada Paschimottanasana<br \/>\n4. Paschimottanasana<br \/>\nTEMA 15. APLICACI\u00d3N DE T\u00c9CNICAS ASANAS INVERTIDAS<br \/>\n1. Introducci\u00f3n<br \/>\n2. Salamba Sirsasana<br \/>\n3. Salamba Sirsasana II<br \/>\n4. Salamba Sirsasana III<br \/>\n5. Salamba Sarvangasana<br \/>\n6. Salamba Sarvangasana II<br \/>\n7. \u2026.<br \/>\nTEMA 16. APLICACI\u00d3N DE T\u00c9CNICAS ASANAS DE TORSI\u00d3N<br \/>\n1. Introducci\u00f3n<br \/>\n2. Ardha Matsyendrasana<br \/>\n3. Vakrasana<br \/>\n4. Bharadvajasana<br \/>\nTEMA 17. APLICACI\u00d3N DE T\u00c9CNICAS ASANAS DE EQUILIBRIO<br \/>\n1. Introducci\u00f3n<br \/>\n2. Asanas de equilibrio sobre los pies<br \/>\n3. Asanas de equilibrio sobre las manos<br \/>\nTEMA 18. APLICACI\u00d3N DE T\u00c9CNICAS ASANAS RECONSTITUYENTES<br \/>\n1. Introducci\u00f3n<br \/>\n2. Savasana<br \/>\n3. Balasana<br \/>\n4. \u2026<br \/>\nINICIACI\u00d3N AL YOGA<br \/>\nTEMA 1. INICIACI\u00d3N AL YOGA.<br \/>\n1. Iniciaci\u00f3n al Yoga<br \/>\n2. Consejos importantes<br \/>\n3. La Respiraci\u00f3n<br \/>\nTEMA 2. CALENTAMIENTO. MOVILIDAD GENERAL<br \/>\nTEMA 3. POSTURAS (ASANAS)<br \/>\n1. Respiraci\u00f3n Completa<br \/>\n2. Masaje Abdominal<br \/>\n3. \u2026<br \/>\nTEMA 4. UTILIZACI\u00d3N DE ACCESORIOS<br \/>\n1. Postura de Media Pinza &#8211; Pinza Completa<br \/>\n2. Postura Cara de Vaca<br \/>\n3. \u2026<br \/>\nTEMA 5. POSTURAS DE PIE<br \/>\n1. Postura del \u00c1rbol<br \/>\n2. Postura de la Monta\u00f1a<br \/>\nTEMA 6. POSTURAS SOBRE LA COLCHONETA<br \/>\nTEMA 7. RELAJACI\u00d3N Y RECUPERACI\u00d3N<\/p>\n<p>GESTI\u00d3N DE ESTR\u00c9S<\/p>\n<p>1. EL ESTR\u00c9S Y SUS CARACTER\u00cdSTICAS<br \/>\n1.1. Introducci\u00f3n<br \/>\n1.2. Definiciones<br \/>\n1.3. Tipos de estr\u00e9s<br \/>\n1.4. \u2026<\/p>\n<p>2. EL ESTR\u00c9S LABORAL<br \/>\n2.1. Factores psicosociales<br \/>\n2.2. Diferencia entre presi\u00f3n de trabajo y estr\u00e9s<br \/>\n2.3. S\u00edntomas del estr\u00e9s laboral<br \/>\n2.4. \u2026<\/p>\n<p>3. T\u00c9CNICAS PERSONALES DE CONTROL DE ESTR\u00c9S<br \/>\n3.1. T\u00e9cnicas de respiraci\u00f3n<br \/>\n3.1.1. En pie y respirando<br \/>\n3.1.2. \u2026<br \/>\n3.2. Consejos para evitar el estr\u00e9s<br \/>\n3.2.1. Habit\u00faate a<br \/>\n3.2.2. Anal\u00edzate<br \/>\n3.2.3. En el trabajo<br \/>\n3.2.4. Tiempo libre y ocio<br \/>\n3.2.5. \u2026<br \/>\n3.3. T\u00e9cnicas para dominar el estr\u00e9s<br \/>\n3.3.1. Identificando nuestros s\u00edntomas de relajaci\u00f3n<br \/>\n3.3.2. Un ant\u00eddoto para el desaliento<br \/>\n3.3.3. La concentraci\u00f3n: una respiraci\u00f3n en nueve rondas<br \/>\n3.3.4. Fluir libremente: diez pasos simples para dominar el estr\u00e9s<br \/>\n3.3.5. \u2026<br \/>\nAnexo: Comprueba tu nivel de estr\u00e9s<\/p>\n<p>4. T\u00c9CNICA DE AFRONTAMIENTO DEL ESTR\u00c9S<br \/>\n4.1. Introducci\u00f3n<br \/>\n4.2. Desarrollo de la t\u00e9cnica<br \/>\n4.2.1. Desarrollo de una relajaci\u00f3n efectiva<\/p>\n<p>&nbsp;<\/p>\n<p><em><strong>Experto monitor de yoga &#038; gesti\u00f3n del estr\u00e9s<\/strong><\/em><\/p>\n<hr \/>\n","protected":false},"excerpt":{"rendered":"<p><a href=\"https:\/\/centro-cee.com\/web\/formaciones\/\">Atr\u00e1s<\/a><\/p>\n<p>El yoga es una pr\u00e1ctica antigua que se ha puesto de moda y que utiliza el cuerpo, la respiraci\u00f3n y la mente para unirlas. Otros elementos que se usan son las posturas f\u00edsicas, los ejercicios de respiraci\u00f3n y meditaci\u00f3n para mejorar la salud general. Si est\u00e1s interesado en profundizar en este tema, sigue leyendo.<\/p>\n<p>CEE Centro Europeo E-learning te presentan el m\u00e1ster online de Monitor de yoga y Gesti\u00f3n de Estr\u00e9s con el que contar\u00e1s acceso al campus virtual, servicio de consultas, tutor personal, clases virtuales y una duraci\u00f3n flexible.<\/p>\n","protected":false},"featured_media":1590,"comment_status":"closed","ping_status":"closed","template":"","meta":[],"product_brand":[],"product_cat":[1798,2049,34],"product_tag":[686,681,689,687,685,688,690,682,683,684],"class_list":{"0":"post-1584","1":"product","2":"type-product","3":"status-publish","4":"has-post-thumbnail","6":"product_cat-cursos-fef","7":"product_cat-cursos-online-terapias-naturales","8":"product_cat-tecnicos","9":"product_tag-certificacion-de-monitor-de-yoga","10":"product_tag-curso-de-monitor-de-yoga","11":"product_tag-curso-de-yoga-avanzado","12":"product_tag-curso-de-yoga-para-principiantes","13":"product_tag-curso-online-de-yoga","14":"product_tag-especializacion-en-yoga","15":"product_tag-estrategias-de-instruccion-en-yoga","16":"product_tag-experto-en-yoga","17":"product_tag-formacion-en-yoga","18":"product_tag-tecnicas-de-ensenanza-de-yoga","20":"first","21":"instock","22":"sale","23":"shipping-taxable","24":"purchasable","25":"product-type-simple"},"yoast_head":"<!-- This site is optimized with the Yoast SEO plugin v27.5 - https:\/\/yoast.com\/product\/yoast-seo-wordpress\/ -->\n<title>Experto monitor de yoga &amp; gesti\u00f3n del estr\u00e9s<\/title>\n<meta name=\"description\" content=\"Desarrolla tus habilidades y mejora tus conocimientos y preparate con nuestra formaci\u00f3n Experto monitor de yoga &amp; gesti\u00f3n del estr\u00e9s\" \/>\n<meta name=\"robots\" content=\"index, follow, max-snippet:-1, max-image-preview:large, max-video-preview:-1\" \/>\n<link rel=\"canonical\" href=\"https:\/\/centro-cee.com\/web\/producto\/experto-monitor-de-yoga-gestion-del-estres\/\" \/>\n<meta property=\"og:locale\" content=\"es_ES\" \/>\n<meta property=\"og:type\" content=\"article\" \/>\n<meta property=\"og:title\" content=\"Experto monitor de yoga &amp; gesti\u00f3n del estr\u00e9s\" \/>\n<meta property=\"og:description\" content=\"Desarrolla tus habilidades y mejora tus conocimientos y preparate con nuestra formaci\u00f3n Experto monitor de yoga &amp; gesti\u00f3n del estr\u00e9s\" \/>\n<meta property=\"og:url\" content=\"https:\/\/centro-cee.com\/web\/producto\/experto-monitor-de-yoga-gestion-del-estres\/\" \/>\n<meta property=\"og:site_name\" content=\"CEE Centro Europeo E-learning - Cursos online\" \/>\n<meta property=\"article:modified_time\" content=\"2026-03-13T16:57:24+00:00\" \/>\n<meta property=\"og:image\" content=\"https:\/\/centro-cee.com\/web\/wp-content\/uploads\/2024\/03\/Capt23123ura.png\" \/>\n\t<meta property=\"og:image:width\" content=\"698\" \/>\n\t<meta property=\"og:image:height\" content=\"470\" \/>\n\t<meta property=\"og:image:type\" content=\"image\/png\" \/>\n<meta name=\"twitter:card\" content=\"summary_large_image\" \/>\n<meta name=\"twitter:label1\" content=\"Tiempo de lectura\" \/>\n\t<meta name=\"twitter:data1\" content=\"10 minutos\" \/>\n<script type=\"application\/ld+json\" class=\"yoast-schema-graph\">{\"@context\":\"https:\\\/\\\/schema.org\",\"@graph\":[{\"@type\":\"WebPage\",\"@id\":\"https:\\\/\\\/centro-cee.com\\\/web\\\/producto\\\/experto-monitor-de-yoga-gestion-del-estres\\\/\",\"url\":\"https:\\\/\\\/centro-cee.com\\\/web\\\/producto\\\/experto-monitor-de-yoga-gestion-del-estres\\\/\",\"name\":\"Experto monitor de yoga & gesti\u00f3n del estr\u00e9s\",\"isPartOf\":{\"@id\":\"https:\\\/\\\/centro-cee.com\\\/web\\\/#website\"},\"primaryImageOfPage\":{\"@id\":\"https:\\\/\\\/centro-cee.com\\\/web\\\/producto\\\/experto-monitor-de-yoga-gestion-del-estres\\\/#primaryimage\"},\"image\":{\"@id\":\"https:\\\/\\\/centro-cee.com\\\/web\\\/producto\\\/experto-monitor-de-yoga-gestion-del-estres\\\/#primaryimage\"},\"thumbnailUrl\":\"https:\\\/\\\/centro-cee.com\\\/web\\\/wp-content\\\/uploads\\\/2024\\\/03\\\/Capt23123ura.png\",\"datePublished\":\"2024-03-18T12:06:37+00:00\",\"dateModified\":\"2026-03-13T16:57:24+00:00\",\"description\":\"Desarrolla tus habilidades y mejora tus conocimientos y preparate con nuestra formaci\u00f3n Experto monitor de yoga & gesti\u00f3n del estr\u00e9s\",\"breadcrumb\":{\"@id\":\"https:\\\/\\\/centro-cee.com\\\/web\\\/producto\\\/experto-monitor-de-yoga-gestion-del-estres\\\/#breadcrumb\"},\"inLanguage\":\"es\",\"potentialAction\":[{\"@type\":\"ReadAction\",\"target\":[\"https:\\\/\\\/centro-cee.com\\\/web\\\/producto\\\/experto-monitor-de-yoga-gestion-del-estres\\\/\"]}]},{\"@type\":\"ImageObject\",\"inLanguage\":\"es\",\"@id\":\"https:\\\/\\\/centro-cee.com\\\/web\\\/producto\\\/experto-monitor-de-yoga-gestion-del-estres\\\/#primaryimage\",\"url\":\"https:\\\/\\\/centro-cee.com\\\/web\\\/wp-content\\\/uploads\\\/2024\\\/03\\\/Capt23123ura.png\",\"contentUrl\":\"https:\\\/\\\/centro-cee.com\\\/web\\\/wp-content\\\/uploads\\\/2024\\\/03\\\/Capt23123ura.png\",\"width\":698,\"height\":470,\"caption\":\"Experto monitor de yoga & gesti\u00f3n del estr\u00e9s\"},{\"@type\":\"BreadcrumbList\",\"@id\":\"https:\\\/\\\/centro-cee.com\\\/web\\\/producto\\\/experto-monitor-de-yoga-gestion-del-estres\\\/#breadcrumb\",\"itemListElement\":[{\"@type\":\"ListItem\",\"position\":1,\"name\":\"Portada\",\"item\":\"https:\\\/\\\/centro-cee.com\\\/web\\\/\"},{\"@type\":\"ListItem\",\"position\":2,\"name\":\"Experto monitor de yoga &#038; gesti\u00f3n del estr\u00e9s\"}]},{\"@type\":\"WebSite\",\"@id\":\"https:\\\/\\\/centro-cee.com\\\/web\\\/#website\",\"url\":\"https:\\\/\\\/centro-cee.com\\\/web\\\/\",\"name\":\"Centro Europeo E-learning\",\"description\":\"CEE Formaci\u00f3n Online\",\"publisher\":{\"@id\":\"https:\\\/\\\/centro-cee.com\\\/web\\\/#organization\"},\"alternateName\":\"Centro Online de Formaci\u00f3n\",\"potentialAction\":[{\"@type\":\"SearchAction\",\"target\":{\"@type\":\"EntryPoint\",\"urlTemplate\":\"https:\\\/\\\/centro-cee.com\\\/web\\\/?s={search_term_string}\"},\"query-input\":{\"@type\":\"PropertyValueSpecification\",\"valueRequired\":true,\"valueName\":\"search_term_string\"}}],\"inLanguage\":\"es\"},{\"@type\":\"Organization\",\"@id\":\"https:\\\/\\\/centro-cee.com\\\/web\\\/#organization\",\"name\":\"Centro Europeo E-learning CEE\",\"url\":\"https:\\\/\\\/centro-cee.com\\\/web\\\/\",\"logo\":{\"@type\":\"ImageObject\",\"inLanguage\":\"es\",\"@id\":\"https:\\\/\\\/centro-cee.com\\\/web\\\/#\\\/schema\\\/logo\\\/image\\\/\",\"url\":\"https:\\\/\\\/centro-cee.com\\\/web\\\/wp-content\\\/uploads\\\/2022\\\/12\\\/cropped-logo_educa.png\",\"contentUrl\":\"https:\\\/\\\/centro-cee.com\\\/web\\\/wp-content\\\/uploads\\\/2022\\\/12\\\/cropped-logo_educa.png\",\"width\":157,\"height\":63,\"caption\":\"Centro Europeo E-learning CEE\"},\"image\":{\"@id\":\"https:\\\/\\\/centro-cee.com\\\/web\\\/#\\\/schema\\\/logo\\\/image\\\/\"},\"sameAs\":[\"https:\\\/\\\/www.instagram.com\\\/centroeuropeo_cee\"]}]}<\/script>\n<!-- \/ Yoast SEO plugin. -->","yoast_head_json":{"title":"Experto monitor de yoga & gesti\u00f3n del estr\u00e9s","description":"Desarrolla tus habilidades y mejora tus conocimientos y preparate con nuestra formaci\u00f3n Experto monitor de yoga & gesti\u00f3n del estr\u00e9s","robots":{"index":"index","follow":"follow","max-snippet":"max-snippet:-1","max-image-preview":"max-image-preview:large","max-video-preview":"max-video-preview:-1"},"canonical":"https:\/\/centro-cee.com\/web\/producto\/experto-monitor-de-yoga-gestion-del-estres\/","og_locale":"es_ES","og_type":"article","og_title":"Experto monitor de yoga & gesti\u00f3n del estr\u00e9s","og_description":"Desarrolla tus habilidades y mejora tus conocimientos y preparate con nuestra formaci\u00f3n Experto monitor de yoga & gesti\u00f3n del estr\u00e9s","og_url":"https:\/\/centro-cee.com\/web\/producto\/experto-monitor-de-yoga-gestion-del-estres\/","og_site_name":"CEE Centro Europeo E-learning - Cursos online","article_modified_time":"2026-03-13T16:57:24+00:00","og_image":[{"width":698,"height":470,"url":"https:\/\/centro-cee.com\/web\/wp-content\/uploads\/2024\/03\/Capt23123ura.png","type":"image\/png"}],"twitter_card":"summary_large_image","twitter_misc":{"Tiempo de lectura":"10 minutos"},"schema":{"@context":"https:\/\/schema.org","@graph":[{"@type":"WebPage","@id":"https:\/\/centro-cee.com\/web\/producto\/experto-monitor-de-yoga-gestion-del-estres\/","url":"https:\/\/centro-cee.com\/web\/producto\/experto-monitor-de-yoga-gestion-del-estres\/","name":"Experto monitor de yoga & gesti\u00f3n del estr\u00e9s","isPartOf":{"@id":"https:\/\/centro-cee.com\/web\/#website"},"primaryImageOfPage":{"@id":"https:\/\/centro-cee.com\/web\/producto\/experto-monitor-de-yoga-gestion-del-estres\/#primaryimage"},"image":{"@id":"https:\/\/centro-cee.com\/web\/producto\/experto-monitor-de-yoga-gestion-del-estres\/#primaryimage"},"thumbnailUrl":"https:\/\/centro-cee.com\/web\/wp-content\/uploads\/2024\/03\/Capt23123ura.png","datePublished":"2024-03-18T12:06:37+00:00","dateModified":"2026-03-13T16:57:24+00:00","description":"Desarrolla tus habilidades y mejora tus conocimientos y preparate con nuestra formaci\u00f3n Experto monitor de yoga & gesti\u00f3n del estr\u00e9s","breadcrumb":{"@id":"https:\/\/centro-cee.com\/web\/producto\/experto-monitor-de-yoga-gestion-del-estres\/#breadcrumb"},"inLanguage":"es","potentialAction":[{"@type":"ReadAction","target":["https:\/\/centro-cee.com\/web\/producto\/experto-monitor-de-yoga-gestion-del-estres\/"]}]},{"@type":"ImageObject","inLanguage":"es","@id":"https:\/\/centro-cee.com\/web\/producto\/experto-monitor-de-yoga-gestion-del-estres\/#primaryimage","url":"https:\/\/centro-cee.com\/web\/wp-content\/uploads\/2024\/03\/Capt23123ura.png","contentUrl":"https:\/\/centro-cee.com\/web\/wp-content\/uploads\/2024\/03\/Capt23123ura.png","width":698,"height":470,"caption":"Experto monitor de yoga & gesti\u00f3n del estr\u00e9s"},{"@type":"BreadcrumbList","@id":"https:\/\/centro-cee.com\/web\/producto\/experto-monitor-de-yoga-gestion-del-estres\/#breadcrumb","itemListElement":[{"@type":"ListItem","position":1,"name":"Portada","item":"https:\/\/centro-cee.com\/web\/"},{"@type":"ListItem","position":2,"name":"Experto monitor de yoga &#038; gesti\u00f3n del estr\u00e9s"}]},{"@type":"WebSite","@id":"https:\/\/centro-cee.com\/web\/#website","url":"https:\/\/centro-cee.com\/web\/","name":"Centro Europeo E-learning","description":"CEE Formaci\u00f3n Online","publisher":{"@id":"https:\/\/centro-cee.com\/web\/#organization"},"alternateName":"Centro Online de Formaci\u00f3n","potentialAction":[{"@type":"SearchAction","target":{"@type":"EntryPoint","urlTemplate":"https:\/\/centro-cee.com\/web\/?s={search_term_string}"},"query-input":{"@type":"PropertyValueSpecification","valueRequired":true,"valueName":"search_term_string"}}],"inLanguage":"es"},{"@type":"Organization","@id":"https:\/\/centro-cee.com\/web\/#organization","name":"Centro Europeo E-learning CEE","url":"https:\/\/centro-cee.com\/web\/","logo":{"@type":"ImageObject","inLanguage":"es","@id":"https:\/\/centro-cee.com\/web\/#\/schema\/logo\/image\/","url":"https:\/\/centro-cee.com\/web\/wp-content\/uploads\/2022\/12\/cropped-logo_educa.png","contentUrl":"https:\/\/centro-cee.com\/web\/wp-content\/uploads\/2022\/12\/cropped-logo_educa.png","width":157,"height":63,"caption":"Centro Europeo E-learning CEE"},"image":{"@id":"https:\/\/centro-cee.com\/web\/#\/schema\/logo\/image\/"},"sameAs":["https:\/\/www.instagram.com\/centroeuropeo_cee"]}]}},"_links":{"self":[{"href":"https:\/\/centro-cee.com\/web\/wp-json\/wp\/v2\/product\/1584","targetHints":{"allow":["GET"]}}],"collection":[{"href":"https:\/\/centro-cee.com\/web\/wp-json\/wp\/v2\/product"}],"about":[{"href":"https:\/\/centro-cee.com\/web\/wp-json\/wp\/v2\/types\/product"}],"replies":[{"embeddable":true,"href":"https:\/\/centro-cee.com\/web\/wp-json\/wp\/v2\/comments?post=1584"}],"wp:featuredmedia":[{"embeddable":true,"href":"https:\/\/centro-cee.com\/web\/wp-json\/wp\/v2\/media\/1590"}],"wp:attachment":[{"href":"https:\/\/centro-cee.com\/web\/wp-json\/wp\/v2\/media?parent=1584"}],"wp:term":[{"taxonomy":"product_brand","embeddable":true,"href":"https:\/\/centro-cee.com\/web\/wp-json\/wp\/v2\/product_brand?post=1584"},{"taxonomy":"product_cat","embeddable":true,"href":"https:\/\/centro-cee.com\/web\/wp-json\/wp\/v2\/product_cat?post=1584"},{"taxonomy":"product_tag","embeddable":true,"href":"https:\/\/centro-cee.com\/web\/wp-json\/wp\/v2\/product_tag?post=1584"}],"curies":[{"name":"wp","href":"https:\/\/api.w.org\/{rel}","templated":true}]}}