{"id":1542,"date":"2024-01-10T12:46:48","date_gmt":"2024-01-10T12:46:48","guid":{"rendered":"https:\/\/centro-cee.com\/web\/?post_type=product&#038;p=1542"},"modified":"2026-03-13T16:57:44","modified_gmt":"2026-03-13T16:57:44","slug":"master-en-project-manager-y-direccion-estrategica","status":"publish","type":"product","link":"https:\/\/centro-cee.com\/web\/producto\/master-en-project-manager-y-direccion-estrategica\/","title":{"rendered":"M\u00e1ster En Project Manager y Direcci\u00f3n Estrat\u00e9gica"},"content":{"rendered":"<p><a href=\"https:\/\/centro-cee.com\/web\/formaciones\/\">Atr\u00e1s<\/a><\/p>\n<p><em><strong>M\u00e1ster En Project Manager y Direcci\u00f3n Estrat\u00e9gica<\/strong><\/em><\/p>\n<p>Toda esta informaci\u00f3n se realiza 100% online en nuestro campus online de formaci\u00f3n.<\/p>\n<p>Las tutorias se realizan directamente desde el campus de estudio con la opci\u00f3n de mensajer\u00eda a profesores. Las tutorias son \u201ca demanda\u201d, cuando necesites soporte nos lo pides.<\/p>\n<p>Los t\u00edtulos de Centro CEE est\u00e1n autenticados por la firma de notario que valida contenidos y autenticidad a nivel internacional. Nuestra organizaci\u00f3n pertenece a la Asociaci\u00f3n Espa\u00f1ola de Calidad, organizaci\u00f3n Espa\u00f1ola de referencia para la calidad\u00a0en la formaci\u00f3n de auxiliar de enfermer\u00eda. La certificaci\u00f3n se puede apostillar por la Haya para cualquier pa\u00eds firmante del convenio de la Haya.<\/p>\n<p>Formaci\u00f3n certificada por la <strong>Universidad CLEA<\/strong> con reconocimiento de 50 cr\u00e9ditos acad\u00e9micos.<\/p>\n<p>Se puede pagar a plazos.<\/p>\n<p>Carga horaria de la formaci\u00f3n: 400h<\/p>\n<p>&nbsp;<\/p>\n<h2>Temario<\/h2>\n<hr \/>\n<p>GESTI\u00d3N DE PROYECTOS<\/p>\n<p>1. CONCEPTOS B\u00c1SICOS<br \/>\n1.1. Gesti\u00f3n de proyectos.<br \/>\n1.2. Concepto de proyecto.<br \/>\n1.3. Caracter\u00edsticas de los proyectos.<br \/>\n1.4. Naturaleza especial de los proyectos.<br \/>\n1.5. \u2026<\/p>\n<p>2. FASES EN LA ELABORACI\u00d3N DE UN PROYECTO<br \/>\n2.1. Fases en la elaboraci\u00f3n de un proyecto.<br \/>\n2.2. Presentaci\u00f3n de la oferta.<br \/>\n2.3. Estudios de viabilidad.<br \/>\n2.4. \u2026<\/p>\n<p>3. T\u00c9CNICAS DE PLANIFICACI\u00d3N<br \/>\n3.1. Introducci\u00f3n.<br \/>\n3.2. Gr\u00e1fico de Gantt.<br \/>\n3.3. \u2026<\/p>\n<p>4. CONTROL Y GESTI\u00d3N<br \/>\n4.1. Control de calidad, plazos y costes.<br \/>\n4.2. Gesti\u00f3n de costes.<br \/>\n4.3. Gesti\u00f3n de calidad.<\/p>\n<p>5. DOCUMENTACI\u00d3N Y APOYO INFORM\u00c1TICO<br \/>\n5.1. Objetivos.<br \/>\n5.2. Requisitos.<br \/>\n5.3. Control de la documentaci\u00f3n.<br \/>\n5.4. ..<\/p>\n<p>&nbsp;<\/p>\n<p>GESTI\u00d3N DEL CAMBIO<\/p>\n<p>1. \u00bfQU\u00c9 ES EL CAMBIO?<br \/>\n1.1. Introducci\u00f3n<br \/>\n1.2. Tipos de cambio<br \/>\n1.3. Objetivos del cambio<br \/>\n1.4. \u2026<\/p>\n<p>2. MODELOS Y DIN\u00c1MICA DEL CAMBIO<br \/>\n2.1. Introducci\u00f3n<br \/>\n2.2. Modelo de Lewin<br \/>\n2.3. Modelo sist\u00e9mico<br \/>\n2.4. \u2026<\/p>\n<p>3. RESISTENCIA AL CAMBIO<br \/>\n3.1. Introducci\u00f3n<br \/>\n3.2. Resistencia individual<br \/>\n3.3. \u2026<\/p>\n<p>4. PLANIFICACI\u00d3N DEL CAMBIO<br \/>\n4.1. Introducci\u00f3n<br \/>\n4.2. Roles<br \/>\n4.3. \u2026<\/p>\n<p>&nbsp;<\/p>\n<p>GESTI\u00d3N DEL CONOCIMIENTO<\/p>\n<p>1. IMPORTANCIA DE LA GESTI\u00d3N DEL CONOCIMIENTO<\/p>\n<p>2. DE LOS DATOS AL CONOCIMIENTO<br \/>\n2.1. Datos<br \/>\n2.2. Capta<br \/>\n2.3. \u2026<\/p>\n<p>3. GESTI\u00d3N DEL CONOCIMIENTO EN LA EMPRESA<br \/>\n3.1. Modelos de Gesti\u00f3n del Conocimiento<br \/>\n3.2. Ciclo de Gesti\u00f3n del Conocimiento<\/p>\n<p>4. LAS PERSONAS Y LA VENTAJA COMPETITIVA EN LA GESTI\u00d3N DEL CONOCIMIENTO<br \/>\n4.1. Las personas en la Gesti\u00f3n del Conocimiento<br \/>\n4.2. La ventaja competitiva<\/p>\n<p>5. HERRAMIENTAS<br \/>\n5.1. Intranet<br \/>\n5.2. Portales de empleados: ERM<br \/>\n5.3. De planificaci\u00f3n de recursos empresariales: ERP<br \/>\n5.4. Redes virtuales privadas: VPN<br \/>\n5.5. \u2026<\/p>\n<p>6. BARRERAS A LA GESTI\u00d3N DEL CONOCIMIENTO<\/p>\n<p>7. BENEFICIOS DE LA GESTI\u00d3N DEL CONOCIMIENTO<\/p>\n<p>&nbsp;<\/p>\n<p>MOTIVACI\u00d3N LABORAL<\/p>\n<p>1. CONCEPTOS B\u00c1SICOS<br \/>\n1.1. \u00bfQu\u00e9 es la motivaci\u00f3n?<br \/>\n1.2. Motivaci\u00f3n y satisfacci\u00f3n<\/p>\n<p>2. TEOR\u00cdAS Y MODELOS<br \/>\n2.1. Conexionismo\u00a0y Taylorismo<br \/>\n2.2. Escuela de las relaciones humanas<br \/>\n2.3. Teor\u00eda ERC de Alderfer<br \/>\n2.4. \u2026<\/p>\n<p>3. T\u00c9CNICAS DE MOTIVACI\u00d3N LABORAL<br \/>\n3.1. Motivaci\u00f3n laboral<br \/>\n3.2. T\u00e9cnicas de enriquecimiento del trabajo<br \/>\n3.3. Programas de calidad de vida laboral<br \/>\n3.4. \u2026<\/p>\n<p>4. OTROS FACTORES<br \/>\n4.1. Motivaci\u00f3n y retribuci\u00f3n<br \/>\n4.2. Intra-emprendedores<br \/>\n4.3. Liderazgo<\/p>\n<p>&nbsp;<\/p>\n<p>COACHING Y MENTORING<\/p>\n<p>1. INTRODUCCI\u00d3N<br \/>\n1.1. Origen del coaching<br \/>\n1.2. Coaching ejecutivo<br \/>\n1.3. Definici\u00f3n de los conceptos de Coaching y Mentoring<br \/>\n1.3.1. Coaching<br \/>\n1.3.2. Mentoring<br \/>\n1.4. Diferencias entre coaching y mentoring y con otros conceptos relacionados<br \/>\n1.4.1. Diferencias entre coaching y mentoring<br \/>\n1.5. \u2026<\/p>\n<p>2. EL PROCESO DE COACHING<br \/>\n2.1. Por qu\u00e9 iniciar un proceso de coaching<br \/>\n2.2. El proceso de coaching. Sesiones b\u00e1sicas<br \/>\n2.2.1. Contrato entre dos partes<br \/>\n2.2.2. Elecci\u00f3n de los directivos<br \/>\n2.2.3. \u2026<\/p>\n<p>3. TIPOS DE COACHING<br \/>\n3.1. Clasificaciones<br \/>\n3.1.1. Seg\u00fan su \u00e1mbito de aplicaci\u00f3n<br \/>\n3.1.2. Seg\u00fan la modalidad de las sesiones<br \/>\n3.1.3. Seg\u00fan la metodolog\u00eda aplicada<br \/>\n3.2. El e-coaching<br \/>\n3.2.1. \u2026<\/p>\n<p>4. COMPETENCIAS DEL COACH<br \/>\n4.1. El coach y la empat\u00eda<br \/>\n4.2. Competencias b\u00e1sicas del Coach<br \/>\n4.2.1. Establecer confianza e intimidad con el cliente<br \/>\n4.2.2. Presencia del coaching<br \/>\n4.2.3. Escucha activa<br \/>\n4.3. \u2026.<\/p>\n<p>5. HERRAMIENTAS E INSTRUMENTOS<br \/>\n5.1. Herramientas<br \/>\n5.1.1. Introducci\u00f3n<br \/>\n5.1.2. Evaluar necesidades<br \/>\n5.1.3. Conocer al coachee<br \/>\n5.1.4. Aumentar la autoconciencia<br \/>\n5.1.5. Aumentar el abanico de opciones<br \/>\n5.2. \u2026<\/p>\n<p>6. ACREDITACI\u00d3N DEL COACH<br \/>\n6.1.\u00a0 Introducci\u00f3n<br \/>\n6.2. C\u00f3mo se acredita un Coach<br \/>\n6.3. Competencias b\u00e1sicas para obtener la acreditaci\u00f3n de la ICF<br \/>\n6.3.1. \u2026<\/p>\n<p>7. ORIENTACI\u00d3N PROFESIONAL O MENTORING<br \/>\n7.1. Definici\u00f3n de mentoring<br \/>\n7.2. Tipos de mentoring<br \/>\n7.3. \u2026<\/p>\n<p>&nbsp;<\/p>\n<p>DIRECCI\u00d3N ESTRAT\u00c9GICA<\/p>\n<p>1. COMPETITIVIDAD Y MANAGEMENT ESTRAT\u00c9GICO<br \/>\n1.1. Introducci\u00f3n<br \/>\n1.2. Competitividad empresarial y ventajas competitivas<br \/>\n1.3. La ventaja competitiva y la generaci\u00f3n de valor a\u00f1adido<br \/>\n1.4. \u2026<\/p>\n<p>2. ORGANIZACI\u00d3N Y ESTRUCTURA ESTRAT\u00c9GICA<br \/>\n2.1. Visi\u00f3n, misi\u00f3n y valores de empresa<br \/>\n2.2. La cultura de empresa y la estrategia<br \/>\n2.3. Organizaci\u00f3n, estructura y estrategia<br \/>\n2.4. \u2026<\/p>\n<p>3. AN\u00c1LISIS DEL ENTORNO GENERAL DE LA EMPRESA Y EL ENTORNO ESPEC\u00cdFICO<br \/>\n3.1. An\u00e1lisis del entorno general de la empresa<br \/>\n3.2. An\u00e1lisis del entorno espec\u00edfico de un sector<br \/>\n3.3. El entorno competitivo: an\u00e1lisis de Porter<br \/>\n3.4\u2026.<\/p>\n<p>4. DIAGN\u00d3STICO INTERNO Y DIAGN\u00d3STICO ESTRAT\u00c9GICO<br \/>\n4.1. An\u00e1lisis funcional y diagn\u00f3stico interno<br \/>\n4.2. Perfil estrat\u00e9gico de la empresa<br \/>\n4.3\u2026<\/p>\n<p>5. POL\u00cdTICAS DE CRECIMIENTO Y DESARROLLO EMPRESARIAL<br \/>\n5.1. Estrategias gen\u00e9ricas competitivas<br \/>\n5.2. Formas de crecimiento empresarial<br \/>\n5.3. \u2026<\/p>\n<p>6. HERRAMIENTAS ESTRAT\u00c9GICAS DE GESTI\u00d3N<br \/>\n6.1. El benchmarking como herramienta estrat\u00e9gica de gesti\u00f3n<br \/>\n6.2. Calidad total y mejora continua<br \/>\n6.3. Gesti\u00f3n de la innovaci\u00f3n<br \/>\n6.4. \u2026<\/p>\n<p>&nbsp;<\/p>\n<p><em><strong>M\u00e1ster En Project Manager y Direcci\u00f3n Estrat\u00e9gica<\/strong><\/em><\/p>\n<hr \/>\n","protected":false},"excerpt":{"rendered":"<p><a href=\"https:\/\/centro-cee.com\/web\/formaciones\/\">Atr\u00e1s<\/a><\/p>\n<p>Esta programa combina los conocimientos para que seas Entrenador de Fisioculturismo + Coaching &amp; Mentoring, esta formaci\u00f3n est\u00e1 dise\u00f1ada debido a la demanda, el ejercicio, salud, y concretamente el acondicionamiento f\u00edsico, los cuales son especialidades que todos los centros deportivos, gimnasios, etc, ofertan al p\u00fablico, por ello es necesario formas profesionales de esta especialidad. Con los contenidos del curso tendr\u00e1s todas las herramientas t\u00e9cnicas que despu\u00e9s podr\u00e1s aplicar en tu rutina deportiva, incluso podr\u00e1s crear rutinas personalizadas para tus clientes y alumnos.<\/p>\n","protected":false},"featured_media":1543,"comment_status":"closed","ping_status":"closed","template":"","meta":[],"product_brand":[],"product_cat":[2050,17],"product_tag":[707,702,708,704,703,709,705,710,701,706],"class_list":{"0":"post-1542","1":"product","2":"type-product","3":"status-publish","4":"has-post-thumbnail","6":"product_cat-cursos-online-empresa","7":"product_cat-master","8":"product_tag-certificacion-en-project-management","9":"product_tag-curso-de-direccion-estrategica","10":"product_tag-curso-online-de-direccion-de-proyectos","11":"product_tag-especializacion-en-project-manager","12":"product_tag-formacion-en-gestion-de-proyectos","13":"product_tag-gestion-de-proyectos-y-direccion-estrategica","14":"product_tag-master-en-gestion-de-proyectos","15":"product_tag-master-en-liderazgo-de-proyectos","16":"product_tag-master-en-project-management","17":"product_tag-tecnicas-de-direccion-estrategica","19":"first","20":"instock","21":"sale","22":"shipping-taxable","23":"purchasable","24":"product-type-simple"},"yoast_head":"<!-- This site is optimized with the Yoast SEO plugin v27.5 - https:\/\/yoast.com\/product\/yoast-seo-wordpress\/ -->\n<title>M\u00e1ster En Project Manager y Direcci\u00f3n Estrat\u00e9gica<\/title>\n<meta name=\"description\" content=\"Desarrolla tus habilidades y mejora tus conocimientos y preparate con nuestro M\u00e1ster En Project Manager y Direcci\u00f3n Estrat\u00e9gica\" \/>\n<meta name=\"robots\" content=\"index, follow, max-snippet:-1, max-image-preview:large, max-video-preview:-1\" \/>\n<link rel=\"canonical\" href=\"https:\/\/centro-cee.com\/web\/producto\/master-en-project-manager-y-direccion-estrategica\/\" \/>\n<meta property=\"og:locale\" content=\"es_ES\" \/>\n<meta property=\"og:type\" content=\"article\" \/>\n<meta property=\"og:title\" content=\"M\u00e1ster En Project Manager y Direcci\u00f3n Estrat\u00e9gica\" \/>\n<meta property=\"og:description\" content=\"Desarrolla tus habilidades y mejora tus conocimientos y preparate con nuestro M\u00e1ster En Project Manager y Direcci\u00f3n Estrat\u00e9gica\" \/>\n<meta property=\"og:url\" content=\"https:\/\/centro-cee.com\/web\/producto\/master-en-project-manager-y-direccion-estrategica\/\" \/>\n<meta property=\"og:site_name\" content=\"CEE Centro Europeo E-learning - Cursos online\" \/>\n<meta property=\"article:modified_time\" content=\"2026-03-13T16:57:44+00:00\" \/>\n<meta property=\"og:image\" content=\"https:\/\/centro-cee.com\/web\/wp-content\/uploads\/2024\/01\/Capt232323231ura.png\" \/>\n\t<meta property=\"og:image:width\" content=\"481\" \/>\n\t<meta property=\"og:image:height\" content=\"321\" \/>\n\t<meta property=\"og:image:type\" content=\"image\/png\" \/>\n<meta name=\"twitter:card\" content=\"summary_large_image\" \/>\n<meta name=\"twitter:label1\" content=\"Tiempo de lectura\" \/>\n\t<meta name=\"twitter:data1\" content=\"4 minutos\" \/>\n<script type=\"application\/ld+json\" class=\"yoast-schema-graph\">{\"@context\":\"https:\\\/\\\/schema.org\",\"@graph\":[{\"@type\":\"WebPage\",\"@id\":\"https:\\\/\\\/centro-cee.com\\\/web\\\/producto\\\/master-en-project-manager-y-direccion-estrategica\\\/\",\"url\":\"https:\\\/\\\/centro-cee.com\\\/web\\\/producto\\\/master-en-project-manager-y-direccion-estrategica\\\/\",\"name\":\"M\u00e1ster En Project Manager y Direcci\u00f3n Estrat\u00e9gica\",\"isPartOf\":{\"@id\":\"https:\\\/\\\/centro-cee.com\\\/web\\\/#website\"},\"primaryImageOfPage\":{\"@id\":\"https:\\\/\\\/centro-cee.com\\\/web\\\/producto\\\/master-en-project-manager-y-direccion-estrategica\\\/#primaryimage\"},\"image\":{\"@id\":\"https:\\\/\\\/centro-cee.com\\\/web\\\/producto\\\/master-en-project-manager-y-direccion-estrategica\\\/#primaryimage\"},\"thumbnailUrl\":\"https:\\\/\\\/centro-cee.com\\\/web\\\/wp-content\\\/uploads\\\/2024\\\/01\\\/Capt232323231ura.png\",\"datePublished\":\"2024-01-10T12:46:48+00:00\",\"dateModified\":\"2026-03-13T16:57:44+00:00\",\"description\":\"Desarrolla tus habilidades y mejora tus conocimientos y preparate con nuestro M\u00e1ster En Project Manager y Direcci\u00f3n Estrat\u00e9gica\",\"breadcrumb\":{\"@id\":\"https:\\\/\\\/centro-cee.com\\\/web\\\/producto\\\/master-en-project-manager-y-direccion-estrategica\\\/#breadcrumb\"},\"inLanguage\":\"es\",\"potentialAction\":[{\"@type\":\"ReadAction\",\"target\":[\"https:\\\/\\\/centro-cee.com\\\/web\\\/producto\\\/master-en-project-manager-y-direccion-estrategica\\\/\"]}]},{\"@type\":\"ImageObject\",\"inLanguage\":\"es\",\"@id\":\"https:\\\/\\\/centro-cee.com\\\/web\\\/producto\\\/master-en-project-manager-y-direccion-estrategica\\\/#primaryimage\",\"url\":\"https:\\\/\\\/centro-cee.com\\\/web\\\/wp-content\\\/uploads\\\/2024\\\/01\\\/Capt232323231ura.png\",\"contentUrl\":\"https:\\\/\\\/centro-cee.com\\\/web\\\/wp-content\\\/uploads\\\/2024\\\/01\\\/Capt232323231ura.png\",\"width\":481,\"height\":321},{\"@type\":\"BreadcrumbList\",\"@id\":\"https:\\\/\\\/centro-cee.com\\\/web\\\/producto\\\/master-en-project-manager-y-direccion-estrategica\\\/#breadcrumb\",\"itemListElement\":[{\"@type\":\"ListItem\",\"position\":1,\"name\":\"Portada\",\"item\":\"https:\\\/\\\/centro-cee.com\\\/web\\\/\"},{\"@type\":\"ListItem\",\"position\":2,\"name\":\"M\u00e1ster En Project Manager y Direcci\u00f3n Estrat\u00e9gica\"}]},{\"@type\":\"WebSite\",\"@id\":\"https:\\\/\\\/centro-cee.com\\\/web\\\/#website\",\"url\":\"https:\\\/\\\/centro-cee.com\\\/web\\\/\",\"name\":\"Centro Europeo E-learning\",\"description\":\"CEE Formaci\u00f3n Online\",\"publisher\":{\"@id\":\"https:\\\/\\\/centro-cee.com\\\/web\\\/#organization\"},\"alternateName\":\"Centro Online de Formaci\u00f3n\",\"potentialAction\":[{\"@type\":\"SearchAction\",\"target\":{\"@type\":\"EntryPoint\",\"urlTemplate\":\"https:\\\/\\\/centro-cee.com\\\/web\\\/?s={search_term_string}\"},\"query-input\":{\"@type\":\"PropertyValueSpecification\",\"valueRequired\":true,\"valueName\":\"search_term_string\"}}],\"inLanguage\":\"es\"},{\"@type\":\"Organization\",\"@id\":\"https:\\\/\\\/centro-cee.com\\\/web\\\/#organization\",\"name\":\"Centro Europeo E-learning CEE\",\"url\":\"https:\\\/\\\/centro-cee.com\\\/web\\\/\",\"logo\":{\"@type\":\"ImageObject\",\"inLanguage\":\"es\",\"@id\":\"https:\\\/\\\/centro-cee.com\\\/web\\\/#\\\/schema\\\/logo\\\/image\\\/\",\"url\":\"https:\\\/\\\/centro-cee.com\\\/web\\\/wp-content\\\/uploads\\\/2022\\\/12\\\/cropped-logo_educa.png\",\"contentUrl\":\"https:\\\/\\\/centro-cee.com\\\/web\\\/wp-content\\\/uploads\\\/2022\\\/12\\\/cropped-logo_educa.png\",\"width\":157,\"height\":63,\"caption\":\"Centro Europeo E-learning CEE\"},\"image\":{\"@id\":\"https:\\\/\\\/centro-cee.com\\\/web\\\/#\\\/schema\\\/logo\\\/image\\\/\"},\"sameAs\":[\"https:\\\/\\\/www.instagram.com\\\/centroeuropeo_cee\"]}]}<\/script>\n<!-- \/ Yoast SEO plugin. -->","yoast_head_json":{"title":"M\u00e1ster En Project Manager y Direcci\u00f3n Estrat\u00e9gica","description":"Desarrolla tus habilidades y mejora tus conocimientos y preparate con nuestro M\u00e1ster En Project Manager y Direcci\u00f3n Estrat\u00e9gica","robots":{"index":"index","follow":"follow","max-snippet":"max-snippet:-1","max-image-preview":"max-image-preview:large","max-video-preview":"max-video-preview:-1"},"canonical":"https:\/\/centro-cee.com\/web\/producto\/master-en-project-manager-y-direccion-estrategica\/","og_locale":"es_ES","og_type":"article","og_title":"M\u00e1ster En Project Manager y Direcci\u00f3n Estrat\u00e9gica","og_description":"Desarrolla tus habilidades y mejora tus conocimientos y preparate con nuestro M\u00e1ster En Project Manager y Direcci\u00f3n Estrat\u00e9gica","og_url":"https:\/\/centro-cee.com\/web\/producto\/master-en-project-manager-y-direccion-estrategica\/","og_site_name":"CEE Centro Europeo E-learning - Cursos online","article_modified_time":"2026-03-13T16:57:44+00:00","og_image":[{"width":481,"height":321,"url":"https:\/\/centro-cee.com\/web\/wp-content\/uploads\/2024\/01\/Capt232323231ura.png","type":"image\/png"}],"twitter_card":"summary_large_image","twitter_misc":{"Tiempo de lectura":"4 minutos"},"schema":{"@context":"https:\/\/schema.org","@graph":[{"@type":"WebPage","@id":"https:\/\/centro-cee.com\/web\/producto\/master-en-project-manager-y-direccion-estrategica\/","url":"https:\/\/centro-cee.com\/web\/producto\/master-en-project-manager-y-direccion-estrategica\/","name":"M\u00e1ster En Project Manager y Direcci\u00f3n Estrat\u00e9gica","isPartOf":{"@id":"https:\/\/centro-cee.com\/web\/#website"},"primaryImageOfPage":{"@id":"https:\/\/centro-cee.com\/web\/producto\/master-en-project-manager-y-direccion-estrategica\/#primaryimage"},"image":{"@id":"https:\/\/centro-cee.com\/web\/producto\/master-en-project-manager-y-direccion-estrategica\/#primaryimage"},"thumbnailUrl":"https:\/\/centro-cee.com\/web\/wp-content\/uploads\/2024\/01\/Capt232323231ura.png","datePublished":"2024-01-10T12:46:48+00:00","dateModified":"2026-03-13T16:57:44+00:00","description":"Desarrolla tus habilidades y mejora tus conocimientos y preparate con nuestro M\u00e1ster En Project Manager y Direcci\u00f3n Estrat\u00e9gica","breadcrumb":{"@id":"https:\/\/centro-cee.com\/web\/producto\/master-en-project-manager-y-direccion-estrategica\/#breadcrumb"},"inLanguage":"es","potentialAction":[{"@type":"ReadAction","target":["https:\/\/centro-cee.com\/web\/producto\/master-en-project-manager-y-direccion-estrategica\/"]}]},{"@type":"ImageObject","inLanguage":"es","@id":"https:\/\/centro-cee.com\/web\/producto\/master-en-project-manager-y-direccion-estrategica\/#primaryimage","url":"https:\/\/centro-cee.com\/web\/wp-content\/uploads\/2024\/01\/Capt232323231ura.png","contentUrl":"https:\/\/centro-cee.com\/web\/wp-content\/uploads\/2024\/01\/Capt232323231ura.png","width":481,"height":321},{"@type":"BreadcrumbList","@id":"https:\/\/centro-cee.com\/web\/producto\/master-en-project-manager-y-direccion-estrategica\/#breadcrumb","itemListElement":[{"@type":"ListItem","position":1,"name":"Portada","item":"https:\/\/centro-cee.com\/web\/"},{"@type":"ListItem","position":2,"name":"M\u00e1ster En Project Manager y Direcci\u00f3n Estrat\u00e9gica"}]},{"@type":"WebSite","@id":"https:\/\/centro-cee.com\/web\/#website","url":"https:\/\/centro-cee.com\/web\/","name":"Centro Europeo E-learning","description":"CEE Formaci\u00f3n Online","publisher":{"@id":"https:\/\/centro-cee.com\/web\/#organization"},"alternateName":"Centro Online de Formaci\u00f3n","potentialAction":[{"@type":"SearchAction","target":{"@type":"EntryPoint","urlTemplate":"https:\/\/centro-cee.com\/web\/?s={search_term_string}"},"query-input":{"@type":"PropertyValueSpecification","valueRequired":true,"valueName":"search_term_string"}}],"inLanguage":"es"},{"@type":"Organization","@id":"https:\/\/centro-cee.com\/web\/#organization","name":"Centro Europeo E-learning CEE","url":"https:\/\/centro-cee.com\/web\/","logo":{"@type":"ImageObject","inLanguage":"es","@id":"https:\/\/centro-cee.com\/web\/#\/schema\/logo\/image\/","url":"https:\/\/centro-cee.com\/web\/wp-content\/uploads\/2022\/12\/cropped-logo_educa.png","contentUrl":"https:\/\/centro-cee.com\/web\/wp-content\/uploads\/2022\/12\/cropped-logo_educa.png","width":157,"height":63,"caption":"Centro Europeo E-learning CEE"},"image":{"@id":"https:\/\/centro-cee.com\/web\/#\/schema\/logo\/image\/"},"sameAs":["https:\/\/www.instagram.com\/centroeuropeo_cee"]}]}},"_links":{"self":[{"href":"https:\/\/centro-cee.com\/web\/wp-json\/wp\/v2\/product\/1542","targetHints":{"allow":["GET"]}}],"collection":[{"href":"https:\/\/centro-cee.com\/web\/wp-json\/wp\/v2\/product"}],"about":[{"href":"https:\/\/centro-cee.com\/web\/wp-json\/wp\/v2\/types\/product"}],"replies":[{"embeddable":true,"href":"https:\/\/centro-cee.com\/web\/wp-json\/wp\/v2\/comments?post=1542"}],"wp:featuredmedia":[{"embeddable":true,"href":"https:\/\/centro-cee.com\/web\/wp-json\/wp\/v2\/media\/1543"}],"wp:attachment":[{"href":"https:\/\/centro-cee.com\/web\/wp-json\/wp\/v2\/media?parent=1542"}],"wp:term":[{"taxonomy":"product_brand","embeddable":true,"href":"https:\/\/centro-cee.com\/web\/wp-json\/wp\/v2\/product_brand?post=1542"},{"taxonomy":"product_cat","embeddable":true,"href":"https:\/\/centro-cee.com\/web\/wp-json\/wp\/v2\/product_cat?post=1542"},{"taxonomy":"product_tag","embeddable":true,"href":"https:\/\/centro-cee.com\/web\/wp-json\/wp\/v2\/product_tag?post=1542"}],"curies":[{"name":"wp","href":"https:\/\/api.w.org\/{rel}","templated":true}]}}